{"id":46334,"date":"2026-04-07T03:23:30","date_gmt":"2026-04-07T00:23:30","guid":{"rendered":"https:\/\/nordlinepaadid.ee\/toode\/maaratlemata\/marine-tiikpuu-puhastusvahend-autosol-1000-ml\/"},"modified":"2026-04-07T03:23:30","modified_gmt":"2026-04-07T00:23:30","slug":"marine-tiikpuu-puhastusvahend-autosol-1000-ml","status":"publish","type":"product","link":"https:\/\/nordlinepaadid.ee\/et\/pood\/paadihooldusvahendid\/boat-care-and-cleaning\/marine-tiikpuu-puhastusvahend-autosol-1000-ml\/","title":{"rendered":"MARINE TIIKPUU PUHASTUSVAHEND AUTOSOL\u00ae 1000 ml"},"content":{"rendered":"<p>AUTOSOL\u00ae MARINE TIIKPUU PUHASTUSVAHEND on v\u00e4ga t\u00f5hus p\u00f5hipuhastusvahend teakile ja teistele lehtpuudele. See eemaldab mustuse, lindude v\u00e4ljaheited, \u00f5lised ja rasvased saasteained ning mitmesugused keskkonnast tingitud ladestused. SSobib teakpuidust, jahtide ja paatide teakpuidust tekkidele ning kogu teakpuidust m\u00f6\u00f6blile pardal ja aias. AUTOSOL\u00ae MARINE TIIKPUU PUHASTUSVAHEND on esimene etapp ilmastikukahjustusega tiikpuu t\u00f6\u00f6tlemisel (1. TIIKPUU PUHASTUSVAHEND; 2. TIIKPUU VALGENDAJA; 3. TIIKPUU \u00d5LI). Kasutamine: Eemaldage j\u00e4medam mustus ja tolm luua, harja v\u00f5i tolmuimejaga. Niisutage t\u00f6\u00f6deldavat puitu eelnevalt veega. S\u00f5ltuvalt m\u00e4\u00e4rdumisastmest segage AUTOSOL\u00ae MARINE TIIKPUU PUHASTUSVAHEND 1:2 &#8211; 1:5 veega ja kandke \u00fchtlaselt laiali k\u00fc\u00fcrimisnuustiku v\u00f5i harja abil. Hiljemalt 3 minuti m\u00f6\u00f6dudes loputage lahustunud mustus pinnalt t\u00e4ielikult maha vee ja k\u00fc\u00fcrimisnuustiku v\u00f5i harja abil. Koostisained: &lt;5% mitteioonilised pindaktiivsed ained, amfoteerilised pindaktiivsed ained, anioonilised pindaktiivsed ained. L\u00f5hnaaine. Oht: P\u00f5hjustab t\u00f5siseid s\u00f6\u00f6vitavaid kahjustusi nahale ja silmadele. Hoida lastele k\u00e4ttesaamatus kohas. Kanda kaitseriietust\/silmakaitset\/n\u00e4okaitset\/kuulmiskaitset. Kui sattub NAHALE (sh juustele): Eemaldada kohe k\u00f5ik saastunud riided. Loputada nahka veega [v\u00f5i du\u0161i all]. Silmadesse sattumise korral: Loputada ettevaatlikult veega mitu minutit. V\u00f5imaluse korral eemaldada kontaktl\u00e4\u00e4tsed. J\u00e4tkata loputamist. V\u00f5tke \u00fchendust m\u00fcrgistusteabekeskusega v\u00f5i arstiga. H\u00e4vitada sisu\/konteiner vastavalt kohalikele j\u00e4\u00e4tmek\u00e4itluseeskirjadele. Sisaldab: Naatriumh\u00fcdroksiid.<\/p>\n<p>&#13;<\/p>\n","protected":false},"excerpt":{"rendered":"<p>AUTOSOL\u00ae MARINE TIIKPUU PUHASTUSVAHEND on v\u00e4ga t\u00f5hus p\u00f5hipuhastusvahend teakile ja teistele lehtpuudele. See eemaldab mustuse, lindude v\u00e4ljaheited, \u00f5lised ja rasvased saasteained ning mitmesugused keskkonnast tingitud ladestused. SSobib teakpuidust, jahtide ja paatide teakpuidust tekkidele ning kogu teakpuidust m\u00f6\u00f6blile pardal ja aias. AUTOSOL\u00ae MARINE TIIKPUU PUHASTUSVAHEND on esimene etapp ilmastikukahjustusega tiikpuu t\u00f6\u00f6tlemisel (1. TIIKPUU PUHASTUSVAHEND; 2. TIIKPUU&#8230;<\/p>\n","protected":false},"featured_media":46335,"template":"","meta":{"_kad_blocks_custom_css":"","_kad_blocks_head_custom_js":"","_kad_blocks_body_custom_js":"","_kad_blocks_footer_custom_js":"","_kad_post_transparent":"","_kad_post_title":"","_kad_post_layout":"","_kad_post_sidebar_id":"","_kad_post_content_style":"","_kad_post_vertical_padding":"","_kad_post_feature":"","_kad_post_feature_position":"","_kad_post_header":false,"_kad_post_footer":false,"_kad_post_classname":""},"product_brand":[],"product_cat":[284,285],"product_tag":[],"class_list":{"0":"post-46334","1":"product","2":"type-product","3":"status-publish","4":"has-post-thumbnail","6":"product_cat-paadihooldusvahendid","7":"product_cat-boat-care-and-cleaning","8":"pa_producer-dursol","9":"tm-no-options","11":"first","12":"instock","13":"taxable","14":"shipping-taxable","15":"purchasable","16":"product-type-simple","17":"entry","18":"content-bg","19":"loop-entry"},"yoast_head":"<!-- This site is optimized with the Yoast SEO plugin v27.3 - https:\/\/yoast.com\/product\/yoast-seo-wordpress\/ -->\n<title>MARINE TIIKPUU PUHASTUSVAHEND AUTOSOL\u00ae 1000 ml - NORDLINE s\u00f5udepaadid ja mootorpaadid. Klaasfiiber materjalist.<\/title>\n<meta name=\"robots\" content=\"index, follow, max-snippet:-1, max-image-preview:large, max-video-preview:-1\" \/>\n<link rel=\"canonical\" href=\"https:\/\/nordlinepaadid.ee\/et\/pood\/paadihooldusvahendid\/boat-care-and-cleaning\/marine-tiikpuu-puhastusvahend-autosol-1000-ml\/\" \/>\n<meta property=\"og:locale\" content=\"et_EE\" \/>\n<meta property=\"og:type\" content=\"article\" \/>\n<meta property=\"og:title\" content=\"MARINE TIIKPUU PUHASTUSVAHEND AUTOSOL\u00ae 1000 ml - NORDLINE s\u00f5udepaadid ja mootorpaadid. Klaasfiiber materjalist.\" \/>\n<meta property=\"og:description\" content=\"AUTOSOL\u00ae MARINE TIIKPUU PUHASTUSVAHEND on v\u00e4ga t\u00f5hus p\u00f5hipuhastusvahend teakile ja teistele lehtpuudele. See eemaldab mustuse, lindude v\u00e4ljaheited, \u00f5lised ja rasvased saasteained ning mitmesugused keskkonnast tingitud ladestused. SSobib teakpuidust, jahtide ja paatide teakpuidust tekkidele ning kogu teakpuidust m\u00f6\u00f6blile pardal ja aias. AUTOSOL\u00ae MARINE TIIKPUU PUHASTUSVAHEND on esimene etapp ilmastikukahjustusega tiikpuu t\u00f6\u00f6tlemisel (1. TIIKPUU PUHASTUSVAHEND; 2. TIIKPUU...\" \/>\n<meta property=\"og:url\" content=\"https:\/\/nordlinepaadid.ee\/et\/pood\/paadihooldusvahendid\/boat-care-and-cleaning\/marine-tiikpuu-puhastusvahend-autosol-1000-ml\/\" \/>\n<meta property=\"og:site_name\" content=\"NORDLINE s\u00f5udepaadid ja mootorpaadid. Klaasfiiber materjalist.\" \/>\n<meta property=\"article:publisher\" content=\"https:\/\/www.facebook.com\/nordlineboats\" \/>\n<meta property=\"og:image\" content=\"https:\/\/nordlinepaadid.ee\/wp-content\/uploads\/2025\/02\/9534_143241-746x746-1.jpg\" \/>\n\t<meta property=\"og:image:width\" content=\"308\" \/>\n\t<meta property=\"og:image:height\" content=\"746\" \/>\n\t<meta property=\"og:image:type\" content=\"image\/jpeg\" \/>\n<meta name=\"twitter:card\" content=\"summary_large_image\" \/>\n<meta name=\"twitter:label1\" content=\"Est. reading time\" \/>\n\t<meta name=\"twitter:data1\" content=\"1 minut\" \/>\n<script type=\"application\/ld+json\" class=\"yoast-schema-graph\">{\"@context\":\"https:\\\/\\\/schema.org\",\"@graph\":[{\"@type\":\"WebPage\",\"@id\":\"https:\\\/\\\/nordlinepaadid.ee\\\/et\\\/pood\\\/paadihooldusvahendid\\\/boat-care-and-cleaning\\\/marine-tiikpuu-puhastusvahend-autosol-1000-ml\\\/\",\"url\":\"https:\\\/\\\/nordlinepaadid.ee\\\/et\\\/pood\\\/paadihooldusvahendid\\\/boat-care-and-cleaning\\\/marine-tiikpuu-puhastusvahend-autosol-1000-ml\\\/\",\"name\":\"MARINE TIIKPUU PUHASTUSVAHEND AUTOSOL\u00ae 1000 ml - NORDLINE s\u00f5udepaadid ja mootorpaadid. Klaasfiiber materjalist.\",\"isPartOf\":{\"@id\":\"https:\\\/\\\/nordlinepaadid.ee\\\/et\\\/#website\"},\"primaryImageOfPage\":{\"@id\":\"https:\\\/\\\/nordlinepaadid.ee\\\/et\\\/pood\\\/paadihooldusvahendid\\\/boat-care-and-cleaning\\\/marine-tiikpuu-puhastusvahend-autosol-1000-ml\\\/#primaryimage\"},\"image\":{\"@id\":\"https:\\\/\\\/nordlinepaadid.ee\\\/et\\\/pood\\\/paadihooldusvahendid\\\/boat-care-and-cleaning\\\/marine-tiikpuu-puhastusvahend-autosol-1000-ml\\\/#primaryimage\"},\"thumbnailUrl\":\"https:\\\/\\\/nordlinepaadid.ee\\\/wp-content\\\/uploads\\\/2025\\\/02\\\/9534_143241-746x746-1.jpg\",\"datePublished\":\"2026-04-07T00:23:30+00:00\",\"breadcrumb\":{\"@id\":\"https:\\\/\\\/nordlinepaadid.ee\\\/et\\\/pood\\\/paadihooldusvahendid\\\/boat-care-and-cleaning\\\/marine-tiikpuu-puhastusvahend-autosol-1000-ml\\\/#breadcrumb\"},\"inLanguage\":\"et\",\"potentialAction\":[{\"@type\":\"ReadAction\",\"target\":[\"https:\\\/\\\/nordlinepaadid.ee\\\/et\\\/pood\\\/paadihooldusvahendid\\\/boat-care-and-cleaning\\\/marine-tiikpuu-puhastusvahend-autosol-1000-ml\\\/\"]}]},{\"@type\":\"ImageObject\",\"inLanguage\":\"et\",\"@id\":\"https:\\\/\\\/nordlinepaadid.ee\\\/et\\\/pood\\\/paadihooldusvahendid\\\/boat-care-and-cleaning\\\/marine-tiikpuu-puhastusvahend-autosol-1000-ml\\\/#primaryimage\",\"url\":\"https:\\\/\\\/nordlinepaadid.ee\\\/wp-content\\\/uploads\\\/2025\\\/02\\\/9534_143241-746x746-1.jpg\",\"contentUrl\":\"https:\\\/\\\/nordlinepaadid.ee\\\/wp-content\\\/uploads\\\/2025\\\/02\\\/9534_143241-746x746-1.jpg\",\"width\":308,\"height\":746},{\"@type\":\"BreadcrumbList\",\"@id\":\"https:\\\/\\\/nordlinepaadid.ee\\\/et\\\/pood\\\/paadihooldusvahendid\\\/boat-care-and-cleaning\\\/marine-tiikpuu-puhastusvahend-autosol-1000-ml\\\/#breadcrumb\",\"itemListElement\":[{\"@type\":\"ListItem\",\"position\":1,\"name\":\"Home\",\"item\":\"https:\\\/\\\/nordlinepaadid.ee\\\/et\\\/\"},{\"@type\":\"ListItem\",\"position\":2,\"name\":\"Pood\",\"item\":\"https:\\\/\\\/nordlinepaadid.ee\\\/et\\\/pood\\\/\"},{\"@type\":\"ListItem\",\"position\":3,\"name\":\"MARINE TIIKPUU PUHASTUSVAHEND AUTOSOL\u00ae 1000 ml\"}]},{\"@type\":\"WebSite\",\"@id\":\"https:\\\/\\\/nordlinepaadid.ee\\\/et\\\/#website\",\"url\":\"https:\\\/\\\/nordlinepaadid.ee\\\/et\\\/\",\"name\":\"NORDLINE s\u00f5udepaadid ja mootorpaadid. Klaasfiiber materjalist.\",\"description\":\"\",\"publisher\":{\"@id\":\"https:\\\/\\\/nordlinepaadid.ee\\\/et\\\/#organization\"},\"potentialAction\":[{\"@type\":\"SearchAction\",\"target\":{\"@type\":\"EntryPoint\",\"urlTemplate\":\"https:\\\/\\\/nordlinepaadid.ee\\\/et\\\/?s={search_term_string}\"},\"query-input\":{\"@type\":\"PropertyValueSpecification\",\"valueRequired\":true,\"valueName\":\"search_term_string\"}}],\"inLanguage\":\"et\"},{\"@type\":\"Organization\",\"@id\":\"https:\\\/\\\/nordlinepaadid.ee\\\/et\\\/#organization\",\"name\":\"Nordlineboats\",\"url\":\"https:\\\/\\\/nordlinepaadid.ee\\\/et\\\/\",\"logo\":{\"@type\":\"ImageObject\",\"inLanguage\":\"et\",\"@id\":\"https:\\\/\\\/nordlinepaadid.ee\\\/et\\\/#\\\/schema\\\/logo\\\/image\\\/\",\"url\":\"https:\\\/\\\/nordlinepaadid.ee\\\/wp-content\\\/uploads\\\/2023\\\/01\\\/fulllogo_transparent_nobuffer-e1672750475494.png\",\"contentUrl\":\"https:\\\/\\\/nordlinepaadid.ee\\\/wp-content\\\/uploads\\\/2023\\\/01\\\/fulllogo_transparent_nobuffer-e1672750475494.png\",\"width\":150,\"height\":119,\"caption\":\"Nordlineboats\"},\"image\":{\"@id\":\"https:\\\/\\\/nordlinepaadid.ee\\\/et\\\/#\\\/schema\\\/logo\\\/image\\\/\"},\"sameAs\":[\"https:\\\/\\\/www.facebook.com\\\/nordlineboats\",\"https:\\\/\\\/www.youtube.com\\\/channel\\\/UCbgF0fy02y3QkFnujaLTaCA\"]}]}<\/script>\n<!-- \/ Yoast SEO plugin. -->","yoast_head_json":{"title":"MARINE TIIKPUU PUHASTUSVAHEND AUTOSOL\u00ae 1000 ml - NORDLINE s\u00f5udepaadid ja mootorpaadid. Klaasfiiber materjalist.","robots":{"index":"index","follow":"follow","max-snippet":"max-snippet:-1","max-image-preview":"max-image-preview:large","max-video-preview":"max-video-preview:-1"},"canonical":"https:\/\/nordlinepaadid.ee\/et\/pood\/paadihooldusvahendid\/boat-care-and-cleaning\/marine-tiikpuu-puhastusvahend-autosol-1000-ml\/","og_locale":"et_EE","og_type":"article","og_title":"MARINE TIIKPUU PUHASTUSVAHEND AUTOSOL\u00ae 1000 ml - NORDLINE s\u00f5udepaadid ja mootorpaadid. Klaasfiiber materjalist.","og_description":"AUTOSOL\u00ae MARINE TIIKPUU PUHASTUSVAHEND on v\u00e4ga t\u00f5hus p\u00f5hipuhastusvahend teakile ja teistele lehtpuudele. See eemaldab mustuse, lindude v\u00e4ljaheited, \u00f5lised ja rasvased saasteained ning mitmesugused keskkonnast tingitud ladestused. SSobib teakpuidust, jahtide ja paatide teakpuidust tekkidele ning kogu teakpuidust m\u00f6\u00f6blile pardal ja aias. AUTOSOL\u00ae MARINE TIIKPUU PUHASTUSVAHEND on esimene etapp ilmastikukahjustusega tiikpuu t\u00f6\u00f6tlemisel (1. TIIKPUU PUHASTUSVAHEND; 2. TIIKPUU...","og_url":"https:\/\/nordlinepaadid.ee\/et\/pood\/paadihooldusvahendid\/boat-care-and-cleaning\/marine-tiikpuu-puhastusvahend-autosol-1000-ml\/","og_site_name":"NORDLINE s\u00f5udepaadid ja mootorpaadid. Klaasfiiber materjalist.","article_publisher":"https:\/\/www.facebook.com\/nordlineboats","og_image":[{"width":308,"height":746,"url":"https:\/\/nordlinepaadid.ee\/wp-content\/uploads\/2025\/02\/9534_143241-746x746-1.jpg","type":"image\/jpeg"}],"twitter_card":"summary_large_image","twitter_misc":{"Est. reading time":"1 minut"},"schema":{"@context":"https:\/\/schema.org","@graph":[{"@type":"WebPage","@id":"https:\/\/nordlinepaadid.ee\/et\/pood\/paadihooldusvahendid\/boat-care-and-cleaning\/marine-tiikpuu-puhastusvahend-autosol-1000-ml\/","url":"https:\/\/nordlinepaadid.ee\/et\/pood\/paadihooldusvahendid\/boat-care-and-cleaning\/marine-tiikpuu-puhastusvahend-autosol-1000-ml\/","name":"MARINE TIIKPUU PUHASTUSVAHEND AUTOSOL\u00ae 1000 ml - NORDLINE s\u00f5udepaadid ja mootorpaadid. Klaasfiiber materjalist.","isPartOf":{"@id":"https:\/\/nordlinepaadid.ee\/et\/#website"},"primaryImageOfPage":{"@id":"https:\/\/nordlinepaadid.ee\/et\/pood\/paadihooldusvahendid\/boat-care-and-cleaning\/marine-tiikpuu-puhastusvahend-autosol-1000-ml\/#primaryimage"},"image":{"@id":"https:\/\/nordlinepaadid.ee\/et\/pood\/paadihooldusvahendid\/boat-care-and-cleaning\/marine-tiikpuu-puhastusvahend-autosol-1000-ml\/#primaryimage"},"thumbnailUrl":"https:\/\/nordlinepaadid.ee\/wp-content\/uploads\/2025\/02\/9534_143241-746x746-1.jpg","datePublished":"2026-04-07T00:23:30+00:00","breadcrumb":{"@id":"https:\/\/nordlinepaadid.ee\/et\/pood\/paadihooldusvahendid\/boat-care-and-cleaning\/marine-tiikpuu-puhastusvahend-autosol-1000-ml\/#breadcrumb"},"inLanguage":"et","potentialAction":[{"@type":"ReadAction","target":["https:\/\/nordlinepaadid.ee\/et\/pood\/paadihooldusvahendid\/boat-care-and-cleaning\/marine-tiikpuu-puhastusvahend-autosol-1000-ml\/"]}]},{"@type":"ImageObject","inLanguage":"et","@id":"https:\/\/nordlinepaadid.ee\/et\/pood\/paadihooldusvahendid\/boat-care-and-cleaning\/marine-tiikpuu-puhastusvahend-autosol-1000-ml\/#primaryimage","url":"https:\/\/nordlinepaadid.ee\/wp-content\/uploads\/2025\/02\/9534_143241-746x746-1.jpg","contentUrl":"https:\/\/nordlinepaadid.ee\/wp-content\/uploads\/2025\/02\/9534_143241-746x746-1.jpg","width":308,"height":746},{"@type":"BreadcrumbList","@id":"https:\/\/nordlinepaadid.ee\/et\/pood\/paadihooldusvahendid\/boat-care-and-cleaning\/marine-tiikpuu-puhastusvahend-autosol-1000-ml\/#breadcrumb","itemListElement":[{"@type":"ListItem","position":1,"name":"Home","item":"https:\/\/nordlinepaadid.ee\/et\/"},{"@type":"ListItem","position":2,"name":"Pood","item":"https:\/\/nordlinepaadid.ee\/et\/pood\/"},{"@type":"ListItem","position":3,"name":"MARINE TIIKPUU PUHASTUSVAHEND AUTOSOL\u00ae 1000 ml"}]},{"@type":"WebSite","@id":"https:\/\/nordlinepaadid.ee\/et\/#website","url":"https:\/\/nordlinepaadid.ee\/et\/","name":"NORDLINE s\u00f5udepaadid ja mootorpaadid. Klaasfiiber materjalist.","description":"","publisher":{"@id":"https:\/\/nordlinepaadid.ee\/et\/#organization"},"potentialAction":[{"@type":"SearchAction","target":{"@type":"EntryPoint","urlTemplate":"https:\/\/nordlinepaadid.ee\/et\/?s={search_term_string}"},"query-input":{"@type":"PropertyValueSpecification","valueRequired":true,"valueName":"search_term_string"}}],"inLanguage":"et"},{"@type":"Organization","@id":"https:\/\/nordlinepaadid.ee\/et\/#organization","name":"Nordlineboats","url":"https:\/\/nordlinepaadid.ee\/et\/","logo":{"@type":"ImageObject","inLanguage":"et","@id":"https:\/\/nordlinepaadid.ee\/et\/#\/schema\/logo\/image\/","url":"https:\/\/nordlinepaadid.ee\/wp-content\/uploads\/2023\/01\/fulllogo_transparent_nobuffer-e1672750475494.png","contentUrl":"https:\/\/nordlinepaadid.ee\/wp-content\/uploads\/2023\/01\/fulllogo_transparent_nobuffer-e1672750475494.png","width":150,"height":119,"caption":"Nordlineboats"},"image":{"@id":"https:\/\/nordlinepaadid.ee\/et\/#\/schema\/logo\/image\/"},"sameAs":["https:\/\/www.facebook.com\/nordlineboats","https:\/\/www.youtube.com\/channel\/UCbgF0fy02y3QkFnujaLTaCA"]}]}},"taxonomy_info":{"product_cat":[{"value":284,"label":"PAADIHOOLDUSVAHENDID"},{"value":285,"label":"Puhastus- ja hooldusvahendid"}],"pa_producer":[{"value":520,"label":"Dursol"}]},"featured_image_src_large":["https:\/\/nordlinepaadid.ee\/wp-content\/uploads\/2025\/02\/9534_143241-746x746-1.jpg",308,746,false],"author_info":[],"comment_info":"","_links":{"self":[{"href":"https:\/\/nordlinepaadid.ee\/et\/wp-json\/wp\/v2\/product\/46334","targetHints":{"allow":["GET"]}}],"collection":[{"href":"https:\/\/nordlinepaadid.ee\/et\/wp-json\/wp\/v2\/product"}],"about":[{"href":"https:\/\/nordlinepaadid.ee\/et\/wp-json\/wp\/v2\/types\/product"}],"wp:featuredmedia":[{"embeddable":true,"href":"https:\/\/nordlinepaadid.ee\/et\/wp-json\/wp\/v2\/media\/46335"}],"wp:attachment":[{"href":"https:\/\/nordlinepaadid.ee\/et\/wp-json\/wp\/v2\/media?parent=46334"}],"wp:term":[{"taxonomy":"product_brand","embeddable":true,"href":"https:\/\/nordlinepaadid.ee\/et\/wp-json\/wp\/v2\/product_brand?post=46334"},{"taxonomy":"product_cat","embeddable":true,"href":"https:\/\/nordlinepaadid.ee\/et\/wp-json\/wp\/v2\/product_cat?post=46334"},{"taxonomy":"product_tag","embeddable":true,"href":"https:\/\/nordlinepaadid.ee\/et\/wp-json\/wp\/v2\/product_tag?post=46334"}],"curies":[{"name":"wp","href":"https:\/\/api.w.org\/{rel}","templated":true}]}}