{"id":46337,"date":"2026-04-14T03:22:29","date_gmt":"2026-04-14T00:22:29","guid":{"rendered":"https:\/\/nordlinepaadid.ee\/toode\/maaratlemata\/marine-tiikpuu-valgendaja-autosol-1000-ml\/"},"modified":"2026-04-14T03:22:29","modified_gmt":"2026-04-14T00:22:29","slug":"marine-tiikpuu-valgendaja-autosol-1000-ml","status":"publish","type":"product","link":"https:\/\/nordlinepaadid.ee\/et\/pood\/paadihooldusvahendid\/boat-care-and-cleaning\/marine-tiikpuu-valgendaja-autosol-1000-ml\/","title":{"rendered":"MARINE TIIKPUU VALGENDAJA AUTOSOL\u00ae 1000 ml"},"content":{"rendered":"<p>AUTOSOL\u00ae MARINE TIIKPUU VALGENDAJA puhastab halli ja ilmastikutingimustes oleva puidu kuni poorideni v\u00e4lja ja muudab selle uuesti heledaks. Puit saab tagasi oma loomuliku tooni ja v\u00e4rvi tugevuse. Sobib teakpuidule, jahtide ja paatide teakpuidust tekkidele ning kogu teakpuidust m\u00f6\u00f6blile pardal ja koduaedades. AUTOSOL\u00ae MARINE TIIKPUU VALGENDAJA on 2. etapp ilmastikukahjustuse saanud teakpuu taastamisel (1. TIIKPUU PUHASTUSVAHEND; 2. TIIKPUU VALGENDAJA; 3. TIIKPUU \u00d5LI). Kasutamine: S\u00f5ltuvalt m\u00e4\u00e4rdumisastmest lahjendage AUTOSOL\u00ae MARINE TIIKPUU VALGENDAJA 1:3 kuni 1:5 veega. Kasutage lahjendamata kujul v\u00e4ga halli puidu puhul. Kandke puhastuslahus puidule k\u00fc\u00fcrimisnuustiku v\u00f5i pintsliga. Laske toimida 2 &#8211; 5 minutit ja vajadusel parandage k\u00fc\u00fcrimisnuustiku v\u00f5i pintsliga. Seej\u00e4rel loputage t\u00f6\u00f6deldud pind rohke veega. M\u00e4rkus: \u00c4rge laske tootel kuivada. V\u00e4ltige kokkupuudet v\u00e4rvitud pindadega. Koostisosad: &lt;5% mitteioonilised pindaktiivsed ained, amfoteerilised pindaktiivsed ained. Oht: Tekitab t\u00f5siseid s\u00f6\u00f6vitavaid kahjustusi nahale ja silmadele. Hoida lastele k\u00e4ttesaamatus kohas. Mitte sisse hingata auru. Kanda kaitsekindaid \/ silmakaitset \/ n\u00e4okaitset. KUI NAHALE (sh juustele): V\u00f5tta kohe maha k\u00f5ik saastunud riided. Loputada nahka veega [v\u00f5i du\u0161i all]. Silmadesse sattumise korral: Loputada ettevaatlikult veega mitu minutit. V\u00f5imalusel eemaldada kontaktl\u00e4\u00e4tsed. J\u00e4tkata loputamist. V\u00f5tta viivitamatult \u00fchendust m\u00fcrgistusteabekeskusega\/arstiga. Sisaldab: oksaalhapet.<\/p>\n<p>&#13;<\/p>\n","protected":false},"excerpt":{"rendered":"<p>AUTOSOL\u00ae MARINE TIIKPUU VALGENDAJA puhastab halli ja ilmastikutingimustes oleva puidu kuni poorideni v\u00e4lja ja muudab selle uuesti heledaks. Puit saab tagasi oma loomuliku tooni ja v\u00e4rvi tugevuse. Sobib teakpuidule, jahtide ja paatide teakpuidust tekkidele ning kogu teakpuidust m\u00f6\u00f6blile pardal ja koduaedades. AUTOSOL\u00ae MARINE TIIKPUU VALGENDAJA on 2. etapp ilmastikukahjustuse saanud teakpuu taastamisel (1. TIIKPUU PUHASTUSVAHEND;&#8230;<\/p>\n","protected":false},"featured_media":40518,"template":"","meta":{"_kad_blocks_custom_css":"","_kad_blocks_head_custom_js":"","_kad_blocks_body_custom_js":"","_kad_blocks_footer_custom_js":"","_kad_post_transparent":"","_kad_post_title":"","_kad_post_layout":"","_kad_post_sidebar_id":"","_kad_post_content_style":"","_kad_post_vertical_padding":"","_kad_post_feature":"","_kad_post_feature_position":"","_kad_post_header":false,"_kad_post_footer":false,"_kad_post_classname":""},"product_brand":[],"product_cat":[284,285],"product_tag":[],"class_list":{"0":"post-46337","1":"product","2":"type-product","3":"status-publish","4":"has-post-thumbnail","6":"product_cat-paadihooldusvahendid","7":"product_cat-boat-care-and-cleaning","8":"pa_producer-dursol","9":"tm-no-options","11":"first","12":"instock","13":"taxable","14":"shipping-taxable","15":"purchasable","16":"product-type-simple","17":"entry","18":"content-bg","19":"loop-entry"},"yoast_head":"<!-- This site is optimized with the Yoast SEO plugin v27.3 - https:\/\/yoast.com\/product\/yoast-seo-wordpress\/ -->\n<title>MARINE TIIKPUU VALGENDAJA AUTOSOL\u00ae 1000 ml - NORDLINE s\u00f5udepaadid ja mootorpaadid. Klaasfiiber materjalist.<\/title>\n<meta name=\"robots\" content=\"index, follow, max-snippet:-1, max-image-preview:large, max-video-preview:-1\" \/>\n<link rel=\"canonical\" href=\"https:\/\/nordlinepaadid.ee\/et\/pood\/paadihooldusvahendid\/boat-care-and-cleaning\/marine-tiikpuu-valgendaja-autosol-1000-ml\/\" \/>\n<meta property=\"og:locale\" content=\"et_EE\" \/>\n<meta property=\"og:type\" content=\"article\" \/>\n<meta property=\"og:title\" content=\"MARINE TIIKPUU VALGENDAJA AUTOSOL\u00ae 1000 ml - NORDLINE s\u00f5udepaadid ja mootorpaadid. Klaasfiiber materjalist.\" \/>\n<meta property=\"og:description\" content=\"AUTOSOL\u00ae MARINE TIIKPUU VALGENDAJA puhastab halli ja ilmastikutingimustes oleva puidu kuni poorideni v\u00e4lja ja muudab selle uuesti heledaks. Puit saab tagasi oma loomuliku tooni ja v\u00e4rvi tugevuse. Sobib teakpuidule, jahtide ja paatide teakpuidust tekkidele ning kogu teakpuidust m\u00f6\u00f6blile pardal ja koduaedades. AUTOSOL\u00ae MARINE TIIKPUU VALGENDAJA on 2. etapp ilmastikukahjustuse saanud teakpuu taastamisel (1. TIIKPUU PUHASTUSVAHEND;...\" \/>\n<meta property=\"og:url\" content=\"https:\/\/nordlinepaadid.ee\/et\/pood\/paadihooldusvahendid\/boat-care-and-cleaning\/marine-tiikpuu-valgendaja-autosol-1000-ml\/\" \/>\n<meta property=\"og:site_name\" content=\"NORDLINE s\u00f5udepaadid ja mootorpaadid. Klaasfiiber materjalist.\" \/>\n<meta property=\"article:publisher\" content=\"https:\/\/www.facebook.com\/nordlineboats\" \/>\n<meta property=\"og:image\" content=\"https:\/\/nordlinepaadid.ee\/wp-content\/uploads\/2023\/11\/9535_BRIGHTENER.jpg\" \/>\n\t<meta property=\"og:image:width\" content=\"412\" \/>\n\t<meta property=\"og:image:height\" content=\"701\" \/>\n\t<meta property=\"og:image:type\" content=\"image\/jpeg\" \/>\n<meta name=\"twitter:card\" content=\"summary_large_image\" \/>\n<meta name=\"twitter:label1\" content=\"Est. reading time\" \/>\n\t<meta name=\"twitter:data1\" content=\"1 minut\" \/>\n<script type=\"application\/ld+json\" class=\"yoast-schema-graph\">{\"@context\":\"https:\\\/\\\/schema.org\",\"@graph\":[{\"@type\":\"WebPage\",\"@id\":\"https:\\\/\\\/nordlinepaadid.ee\\\/et\\\/pood\\\/paadihooldusvahendid\\\/boat-care-and-cleaning\\\/marine-tiikpuu-valgendaja-autosol-1000-ml\\\/\",\"url\":\"https:\\\/\\\/nordlinepaadid.ee\\\/et\\\/pood\\\/paadihooldusvahendid\\\/boat-care-and-cleaning\\\/marine-tiikpuu-valgendaja-autosol-1000-ml\\\/\",\"name\":\"MARINE TIIKPUU VALGENDAJA AUTOSOL\u00ae 1000 ml - NORDLINE s\u00f5udepaadid ja mootorpaadid. Klaasfiiber materjalist.\",\"isPartOf\":{\"@id\":\"https:\\\/\\\/nordlinepaadid.ee\\\/et\\\/#website\"},\"primaryImageOfPage\":{\"@id\":\"https:\\\/\\\/nordlinepaadid.ee\\\/et\\\/pood\\\/paadihooldusvahendid\\\/boat-care-and-cleaning\\\/marine-tiikpuu-valgendaja-autosol-1000-ml\\\/#primaryimage\"},\"image\":{\"@id\":\"https:\\\/\\\/nordlinepaadid.ee\\\/et\\\/pood\\\/paadihooldusvahendid\\\/boat-care-and-cleaning\\\/marine-tiikpuu-valgendaja-autosol-1000-ml\\\/#primaryimage\"},\"thumbnailUrl\":\"https:\\\/\\\/nordlinepaadid.ee\\\/wp-content\\\/uploads\\\/2023\\\/11\\\/9535_BRIGHTENER.jpg\",\"datePublished\":\"2026-04-14T00:22:29+00:00\",\"breadcrumb\":{\"@id\":\"https:\\\/\\\/nordlinepaadid.ee\\\/et\\\/pood\\\/paadihooldusvahendid\\\/boat-care-and-cleaning\\\/marine-tiikpuu-valgendaja-autosol-1000-ml\\\/#breadcrumb\"},\"inLanguage\":\"et\",\"potentialAction\":[{\"@type\":\"ReadAction\",\"target\":[\"https:\\\/\\\/nordlinepaadid.ee\\\/et\\\/pood\\\/paadihooldusvahendid\\\/boat-care-and-cleaning\\\/marine-tiikpuu-valgendaja-autosol-1000-ml\\\/\"]}]},{\"@type\":\"ImageObject\",\"inLanguage\":\"et\",\"@id\":\"https:\\\/\\\/nordlinepaadid.ee\\\/et\\\/pood\\\/paadihooldusvahendid\\\/boat-care-and-cleaning\\\/marine-tiikpuu-valgendaja-autosol-1000-ml\\\/#primaryimage\",\"url\":\"https:\\\/\\\/nordlinepaadid.ee\\\/wp-content\\\/uploads\\\/2023\\\/11\\\/9535_BRIGHTENER.jpg\",\"contentUrl\":\"https:\\\/\\\/nordlinepaadid.ee\\\/wp-content\\\/uploads\\\/2023\\\/11\\\/9535_BRIGHTENER.jpg\",\"width\":412,\"height\":701},{\"@type\":\"BreadcrumbList\",\"@id\":\"https:\\\/\\\/nordlinepaadid.ee\\\/et\\\/pood\\\/paadihooldusvahendid\\\/boat-care-and-cleaning\\\/marine-tiikpuu-valgendaja-autosol-1000-ml\\\/#breadcrumb\",\"itemListElement\":[{\"@type\":\"ListItem\",\"position\":1,\"name\":\"Home\",\"item\":\"https:\\\/\\\/nordlinepaadid.ee\\\/et\\\/\"},{\"@type\":\"ListItem\",\"position\":2,\"name\":\"Pood\",\"item\":\"https:\\\/\\\/nordlinepaadid.ee\\\/et\\\/pood\\\/\"},{\"@type\":\"ListItem\",\"position\":3,\"name\":\"MARINE TIIKPUU VALGENDAJA AUTOSOL\u00ae 1000 ml\"}]},{\"@type\":\"WebSite\",\"@id\":\"https:\\\/\\\/nordlinepaadid.ee\\\/et\\\/#website\",\"url\":\"https:\\\/\\\/nordlinepaadid.ee\\\/et\\\/\",\"name\":\"NORDLINE s\u00f5udepaadid ja mootorpaadid. Klaasfiiber materjalist.\",\"description\":\"\",\"publisher\":{\"@id\":\"https:\\\/\\\/nordlinepaadid.ee\\\/et\\\/#organization\"},\"potentialAction\":[{\"@type\":\"SearchAction\",\"target\":{\"@type\":\"EntryPoint\",\"urlTemplate\":\"https:\\\/\\\/nordlinepaadid.ee\\\/et\\\/?s={search_term_string}\"},\"query-input\":{\"@type\":\"PropertyValueSpecification\",\"valueRequired\":true,\"valueName\":\"search_term_string\"}}],\"inLanguage\":\"et\"},{\"@type\":\"Organization\",\"@id\":\"https:\\\/\\\/nordlinepaadid.ee\\\/et\\\/#organization\",\"name\":\"Nordlineboats\",\"url\":\"https:\\\/\\\/nordlinepaadid.ee\\\/et\\\/\",\"logo\":{\"@type\":\"ImageObject\",\"inLanguage\":\"et\",\"@id\":\"https:\\\/\\\/nordlinepaadid.ee\\\/et\\\/#\\\/schema\\\/logo\\\/image\\\/\",\"url\":\"https:\\\/\\\/nordlinepaadid.ee\\\/wp-content\\\/uploads\\\/2023\\\/01\\\/fulllogo_transparent_nobuffer-e1672750475494.png\",\"contentUrl\":\"https:\\\/\\\/nordlinepaadid.ee\\\/wp-content\\\/uploads\\\/2023\\\/01\\\/fulllogo_transparent_nobuffer-e1672750475494.png\",\"width\":150,\"height\":119,\"caption\":\"Nordlineboats\"},\"image\":{\"@id\":\"https:\\\/\\\/nordlinepaadid.ee\\\/et\\\/#\\\/schema\\\/logo\\\/image\\\/\"},\"sameAs\":[\"https:\\\/\\\/www.facebook.com\\\/nordlineboats\",\"https:\\\/\\\/www.youtube.com\\\/channel\\\/UCbgF0fy02y3QkFnujaLTaCA\"]}]}<\/script>\n<!-- \/ Yoast SEO plugin. -->","yoast_head_json":{"title":"MARINE TIIKPUU VALGENDAJA AUTOSOL\u00ae 1000 ml - NORDLINE s\u00f5udepaadid ja mootorpaadid. Klaasfiiber materjalist.","robots":{"index":"index","follow":"follow","max-snippet":"max-snippet:-1","max-image-preview":"max-image-preview:large","max-video-preview":"max-video-preview:-1"},"canonical":"https:\/\/nordlinepaadid.ee\/et\/pood\/paadihooldusvahendid\/boat-care-and-cleaning\/marine-tiikpuu-valgendaja-autosol-1000-ml\/","og_locale":"et_EE","og_type":"article","og_title":"MARINE TIIKPUU VALGENDAJA AUTOSOL\u00ae 1000 ml - NORDLINE s\u00f5udepaadid ja mootorpaadid. Klaasfiiber materjalist.","og_description":"AUTOSOL\u00ae MARINE TIIKPUU VALGENDAJA puhastab halli ja ilmastikutingimustes oleva puidu kuni poorideni v\u00e4lja ja muudab selle uuesti heledaks. Puit saab tagasi oma loomuliku tooni ja v\u00e4rvi tugevuse. Sobib teakpuidule, jahtide ja paatide teakpuidust tekkidele ning kogu teakpuidust m\u00f6\u00f6blile pardal ja koduaedades. AUTOSOL\u00ae MARINE TIIKPUU VALGENDAJA on 2. etapp ilmastikukahjustuse saanud teakpuu taastamisel (1. TIIKPUU PUHASTUSVAHEND;...","og_url":"https:\/\/nordlinepaadid.ee\/et\/pood\/paadihooldusvahendid\/boat-care-and-cleaning\/marine-tiikpuu-valgendaja-autosol-1000-ml\/","og_site_name":"NORDLINE s\u00f5udepaadid ja mootorpaadid. Klaasfiiber materjalist.","article_publisher":"https:\/\/www.facebook.com\/nordlineboats","og_image":[{"width":412,"height":701,"url":"https:\/\/nordlinepaadid.ee\/wp-content\/uploads\/2023\/11\/9535_BRIGHTENER.jpg","type":"image\/jpeg"}],"twitter_card":"summary_large_image","twitter_misc":{"Est. reading time":"1 minut"},"schema":{"@context":"https:\/\/schema.org","@graph":[{"@type":"WebPage","@id":"https:\/\/nordlinepaadid.ee\/et\/pood\/paadihooldusvahendid\/boat-care-and-cleaning\/marine-tiikpuu-valgendaja-autosol-1000-ml\/","url":"https:\/\/nordlinepaadid.ee\/et\/pood\/paadihooldusvahendid\/boat-care-and-cleaning\/marine-tiikpuu-valgendaja-autosol-1000-ml\/","name":"MARINE TIIKPUU VALGENDAJA AUTOSOL\u00ae 1000 ml - NORDLINE s\u00f5udepaadid ja mootorpaadid. Klaasfiiber materjalist.","isPartOf":{"@id":"https:\/\/nordlinepaadid.ee\/et\/#website"},"primaryImageOfPage":{"@id":"https:\/\/nordlinepaadid.ee\/et\/pood\/paadihooldusvahendid\/boat-care-and-cleaning\/marine-tiikpuu-valgendaja-autosol-1000-ml\/#primaryimage"},"image":{"@id":"https:\/\/nordlinepaadid.ee\/et\/pood\/paadihooldusvahendid\/boat-care-and-cleaning\/marine-tiikpuu-valgendaja-autosol-1000-ml\/#primaryimage"},"thumbnailUrl":"https:\/\/nordlinepaadid.ee\/wp-content\/uploads\/2023\/11\/9535_BRIGHTENER.jpg","datePublished":"2026-04-14T00:22:29+00:00","breadcrumb":{"@id":"https:\/\/nordlinepaadid.ee\/et\/pood\/paadihooldusvahendid\/boat-care-and-cleaning\/marine-tiikpuu-valgendaja-autosol-1000-ml\/#breadcrumb"},"inLanguage":"et","potentialAction":[{"@type":"ReadAction","target":["https:\/\/nordlinepaadid.ee\/et\/pood\/paadihooldusvahendid\/boat-care-and-cleaning\/marine-tiikpuu-valgendaja-autosol-1000-ml\/"]}]},{"@type":"ImageObject","inLanguage":"et","@id":"https:\/\/nordlinepaadid.ee\/et\/pood\/paadihooldusvahendid\/boat-care-and-cleaning\/marine-tiikpuu-valgendaja-autosol-1000-ml\/#primaryimage","url":"https:\/\/nordlinepaadid.ee\/wp-content\/uploads\/2023\/11\/9535_BRIGHTENER.jpg","contentUrl":"https:\/\/nordlinepaadid.ee\/wp-content\/uploads\/2023\/11\/9535_BRIGHTENER.jpg","width":412,"height":701},{"@type":"BreadcrumbList","@id":"https:\/\/nordlinepaadid.ee\/et\/pood\/paadihooldusvahendid\/boat-care-and-cleaning\/marine-tiikpuu-valgendaja-autosol-1000-ml\/#breadcrumb","itemListElement":[{"@type":"ListItem","position":1,"name":"Home","item":"https:\/\/nordlinepaadid.ee\/et\/"},{"@type":"ListItem","position":2,"name":"Pood","item":"https:\/\/nordlinepaadid.ee\/et\/pood\/"},{"@type":"ListItem","position":3,"name":"MARINE TIIKPUU VALGENDAJA AUTOSOL\u00ae 1000 ml"}]},{"@type":"WebSite","@id":"https:\/\/nordlinepaadid.ee\/et\/#website","url":"https:\/\/nordlinepaadid.ee\/et\/","name":"NORDLINE s\u00f5udepaadid ja mootorpaadid. Klaasfiiber materjalist.","description":"","publisher":{"@id":"https:\/\/nordlinepaadid.ee\/et\/#organization"},"potentialAction":[{"@type":"SearchAction","target":{"@type":"EntryPoint","urlTemplate":"https:\/\/nordlinepaadid.ee\/et\/?s={search_term_string}"},"query-input":{"@type":"PropertyValueSpecification","valueRequired":true,"valueName":"search_term_string"}}],"inLanguage":"et"},{"@type":"Organization","@id":"https:\/\/nordlinepaadid.ee\/et\/#organization","name":"Nordlineboats","url":"https:\/\/nordlinepaadid.ee\/et\/","logo":{"@type":"ImageObject","inLanguage":"et","@id":"https:\/\/nordlinepaadid.ee\/et\/#\/schema\/logo\/image\/","url":"https:\/\/nordlinepaadid.ee\/wp-content\/uploads\/2023\/01\/fulllogo_transparent_nobuffer-e1672750475494.png","contentUrl":"https:\/\/nordlinepaadid.ee\/wp-content\/uploads\/2023\/01\/fulllogo_transparent_nobuffer-e1672750475494.png","width":150,"height":119,"caption":"Nordlineboats"},"image":{"@id":"https:\/\/nordlinepaadid.ee\/et\/#\/schema\/logo\/image\/"},"sameAs":["https:\/\/www.facebook.com\/nordlineboats","https:\/\/www.youtube.com\/channel\/UCbgF0fy02y3QkFnujaLTaCA"]}]}},"taxonomy_info":{"product_cat":[{"value":284,"label":"PAADIHOOLDUSVAHENDID"},{"value":285,"label":"Puhastus- ja hooldusvahendid"}],"pa_producer":[{"value":520,"label":"Dursol"}]},"featured_image_src_large":["https:\/\/nordlinepaadid.ee\/wp-content\/uploads\/2023\/11\/9535_BRIGHTENER.jpg",412,701,false],"author_info":[],"comment_info":"","_links":{"self":[{"href":"https:\/\/nordlinepaadid.ee\/et\/wp-json\/wp\/v2\/product\/46337","targetHints":{"allow":["GET"]}}],"collection":[{"href":"https:\/\/nordlinepaadid.ee\/et\/wp-json\/wp\/v2\/product"}],"about":[{"href":"https:\/\/nordlinepaadid.ee\/et\/wp-json\/wp\/v2\/types\/product"}],"wp:featuredmedia":[{"embeddable":true,"href":"https:\/\/nordlinepaadid.ee\/et\/wp-json\/wp\/v2\/media\/40518"}],"wp:attachment":[{"href":"https:\/\/nordlinepaadid.ee\/et\/wp-json\/wp\/v2\/media?parent=46337"}],"wp:term":[{"taxonomy":"product_brand","embeddable":true,"href":"https:\/\/nordlinepaadid.ee\/et\/wp-json\/wp\/v2\/product_brand?post=46337"},{"taxonomy":"product_cat","embeddable":true,"href":"https:\/\/nordlinepaadid.ee\/et\/wp-json\/wp\/v2\/product_cat?post=46337"},{"taxonomy":"product_tag","embeddable":true,"href":"https:\/\/nordlinepaadid.ee\/et\/wp-json\/wp\/v2\/product_tag?post=46337"}],"curies":[{"name":"wp","href":"https:\/\/api.w.org\/{rel}","templated":true}]}}