{"id":46338,"date":"2026-04-07T03:23:30","date_gmt":"2026-04-07T00:23:30","guid":{"rendered":"https:\/\/nordlinepaadid.ee\/toode\/maaratlemata\/tiikpuu-oli-autosol-750-ml\/"},"modified":"2026-04-07T03:23:30","modified_gmt":"2026-04-07T00:23:30","slug":"tiikpuu-oli-autosol-750-ml","status":"publish","type":"product","link":"https:\/\/nordlinepaadid.ee\/et\/pood\/paadihooldusvahendid\/boat-care-and-cleaning\/tiikpuu-oli-autosol-750-ml\/","title":{"rendered":"TIIKPUU \u00d5LI AUTOSOL\u00ae 750 ml"},"content":{"rendered":"<p>AUTOSOL\u00ae TIIKPUU \u00d5LI- Looduslik veep\u00f5hine \u00f5li. Puidust elementide esmaseks katmiseks ja hooldamiseks. Ideaalne v\u00e4litingimustes kasutatavatele tiiktoodetele. Kaitseb teakpindu ilmastikutingimuste eest. Annab teakpuidule atraktiivse v\u00e4rvi ja viimistluse. Kaitseb hallitamise eest. Ilmastikukindel, hea imavus, hea l\u00f5hnaga. AUTOSOL\u00ae MARINE TIIKPUU \u00d5LI on 3. etapp ilmastikukahjustuse saanud teakpuu taastamisel (1. TIIKPUU PUHASTUSVAHEND; 2. TIIKPUU VALGENDAJA; 3. TIIKPUU \u00d5LI). Kasutamine: Puidu pind peab olema kuiv, tolmu- ja rasvavaba. Enne kasutamist segada ja kasutada lahjendamata kujul. Katsetage v\u00e4rvitooni silmatorkamatul alal enne suuremale alale kandmist.Kandke ainet s\u00e4\u00e4stlikult pehme pintsliga kiudude suunas. Kuivamisaeg v\u00e4rvikihide vahel on umbes 8 tundi umbes 23 \u00b0C ja 50 % suhtelise \u00f5huniiskuse juures. Vajaduse korral kanda kaks kihti. M\u00e4rkus: Ideaalne t\u00f6\u00f6temperatuur on vahemikus +15 \u00b0C kuni +30 \u00b0C. V\u00e4litingimustes kasutamiseks tuleb v\u00e4rskelt t\u00f6\u00f6deldud puitu kaitsta vihma eest, kuni see on t\u00e4ielikult kuivanud. Kuivamise ajal p\u00f6\u00f6rake t\u00e4helepanu heale \u00f5huringlusele! Mitte ladustada temperatuuril alla +5 \u00b0C v\u00f5i \u00fcle +30 \u00b0C. Hoida lastele k\u00e4ttesaamatus kohas. Sisaldab 1,2-bensisotiasool-3(2H)-ooni, 5-kloro-2-met\u00fc\u00fcl-2H-isotiasool-3-ooni [E\u00dc nr 247-500-7] ja 2-met\u00fc\u00fcl-2H-isotiasool-3-ooni [E G-n r 22 0- 23 9- 6] (3:1), met\u00fc\u00fclisotiasolinooni. V\u00f5ib p\u00f5hjustada allergilist reaktsiooni. Hoiatus! Mitte sisse hingata pihustit v\u00f5i udu.<\/p>\n<p>&#13;<\/p>\n","protected":false},"excerpt":{"rendered":"<p>AUTOSOL\u00ae TIIKPUU \u00d5LI- Looduslik veep\u00f5hine \u00f5li. Puidust elementide esmaseks katmiseks ja hooldamiseks. Ideaalne v\u00e4litingimustes kasutatavatele tiiktoodetele. Kaitseb teakpindu ilmastikutingimuste eest. Annab teakpuidule atraktiivse v\u00e4rvi ja viimistluse. Kaitseb hallitamise eest. Ilmastikukindel, hea imavus, hea l\u00f5hnaga. AUTOSOL\u00ae MARINE TIIKPUU \u00d5LI on 3. etapp ilmastikukahjustuse saanud teakpuu taastamisel (1. TIIKPUU PUHASTUSVAHEND; 2. TIIKPUU VALGENDAJA; 3. TIIKPUU \u00d5LI). Kasutamine:&#8230;<\/p>\n","protected":false},"featured_media":40521,"template":"","meta":{"_kad_blocks_custom_css":"","_kad_blocks_head_custom_js":"","_kad_blocks_body_custom_js":"","_kad_blocks_footer_custom_js":"","_kad_post_transparent":"","_kad_post_title":"","_kad_post_layout":"","_kad_post_sidebar_id":"","_kad_post_content_style":"","_kad_post_vertical_padding":"","_kad_post_feature":"","_kad_post_feature_position":"","_kad_post_header":false,"_kad_post_footer":false,"_kad_post_classname":""},"product_brand":[],"product_cat":[284,285],"product_tag":[],"class_list":{"0":"post-46338","1":"product","2":"type-product","3":"status-publish","4":"has-post-thumbnail","6":"product_cat-paadihooldusvahendid","7":"product_cat-boat-care-and-cleaning","8":"pa_producer-dursol","9":"tm-no-options","11":"first","12":"instock","13":"taxable","14":"shipping-taxable","15":"purchasable","16":"product-type-simple","17":"entry","18":"content-bg","19":"loop-entry"},"yoast_head":"<!-- This site is optimized with the Yoast SEO plugin v27.3 - https:\/\/yoast.com\/product\/yoast-seo-wordpress\/ -->\n<title>TIIKPUU \u00d5LI AUTOSOL\u00ae 750 ml - NORDLINE s\u00f5udepaadid ja mootorpaadid. Klaasfiiber materjalist.<\/title>\n<meta name=\"robots\" content=\"index, follow, max-snippet:-1, max-image-preview:large, max-video-preview:-1\" \/>\n<link rel=\"canonical\" href=\"https:\/\/nordlinepaadid.ee\/et\/pood\/paadihooldusvahendid\/boat-care-and-cleaning\/tiikpuu-oli-autosol-750-ml\/\" \/>\n<meta property=\"og:locale\" content=\"et_EE\" \/>\n<meta property=\"og:type\" content=\"article\" \/>\n<meta property=\"og:title\" content=\"TIIKPUU \u00d5LI AUTOSOL\u00ae 750 ml - NORDLINE s\u00f5udepaadid ja mootorpaadid. Klaasfiiber materjalist.\" \/>\n<meta property=\"og:description\" content=\"AUTOSOL\u00ae TIIKPUU \u00d5LI- Looduslik veep\u00f5hine \u00f5li. Puidust elementide esmaseks katmiseks ja hooldamiseks. Ideaalne v\u00e4litingimustes kasutatavatele tiiktoodetele. Kaitseb teakpindu ilmastikutingimuste eest. Annab teakpuidule atraktiivse v\u00e4rvi ja viimistluse. Kaitseb hallitamise eest. Ilmastikukindel, hea imavus, hea l\u00f5hnaga. AUTOSOL\u00ae MARINE TIIKPUU \u00d5LI on 3. etapp ilmastikukahjustuse saanud teakpuu taastamisel (1. TIIKPUU PUHASTUSVAHEND; 2. TIIKPUU VALGENDAJA; 3. TIIKPUU \u00d5LI). Kasutamine:...\" \/>\n<meta property=\"og:url\" content=\"https:\/\/nordlinepaadid.ee\/et\/pood\/paadihooldusvahendid\/boat-care-and-cleaning\/tiikpuu-oli-autosol-750-ml\/\" \/>\n<meta property=\"og:site_name\" content=\"NORDLINE s\u00f5udepaadid ja mootorpaadid. Klaasfiiber materjalist.\" \/>\n<meta property=\"article:publisher\" content=\"https:\/\/www.facebook.com\/nordlineboats\" \/>\n<meta property=\"og:image\" content=\"https:\/\/nordlinepaadid.ee\/wp-content\/uploads\/2023\/11\/9536_marine-teakwood-careoil-woodcareoil-autosol-11-015130-750-ml-can.jpg\" \/>\n\t<meta property=\"og:image:width\" content=\"800\" \/>\n\t<meta property=\"og:image:height\" content=\"800\" \/>\n\t<meta property=\"og:image:type\" content=\"image\/jpeg\" \/>\n<meta name=\"twitter:card\" content=\"summary_large_image\" \/>\n<meta name=\"twitter:label1\" content=\"Est. reading time\" \/>\n\t<meta name=\"twitter:data1\" content=\"1 minut\" \/>\n<script type=\"application\/ld+json\" class=\"yoast-schema-graph\">{\"@context\":\"https:\\\/\\\/schema.org\",\"@graph\":[{\"@type\":\"WebPage\",\"@id\":\"https:\\\/\\\/nordlinepaadid.ee\\\/et\\\/pood\\\/paadihooldusvahendid\\\/boat-care-and-cleaning\\\/tiikpuu-oli-autosol-750-ml\\\/\",\"url\":\"https:\\\/\\\/nordlinepaadid.ee\\\/et\\\/pood\\\/paadihooldusvahendid\\\/boat-care-and-cleaning\\\/tiikpuu-oli-autosol-750-ml\\\/\",\"name\":\"TIIKPUU \u00d5LI AUTOSOL\u00ae 750 ml - NORDLINE s\u00f5udepaadid ja mootorpaadid. Klaasfiiber materjalist.\",\"isPartOf\":{\"@id\":\"https:\\\/\\\/nordlinepaadid.ee\\\/et\\\/#website\"},\"primaryImageOfPage\":{\"@id\":\"https:\\\/\\\/nordlinepaadid.ee\\\/et\\\/pood\\\/paadihooldusvahendid\\\/boat-care-and-cleaning\\\/tiikpuu-oli-autosol-750-ml\\\/#primaryimage\"},\"image\":{\"@id\":\"https:\\\/\\\/nordlinepaadid.ee\\\/et\\\/pood\\\/paadihooldusvahendid\\\/boat-care-and-cleaning\\\/tiikpuu-oli-autosol-750-ml\\\/#primaryimage\"},\"thumbnailUrl\":\"https:\\\/\\\/nordlinepaadid.ee\\\/wp-content\\\/uploads\\\/2023\\\/11\\\/9536_marine-teakwood-careoil-woodcareoil-autosol-11-015130-750-ml-can.jpg\",\"datePublished\":\"2026-04-07T00:23:30+00:00\",\"breadcrumb\":{\"@id\":\"https:\\\/\\\/nordlinepaadid.ee\\\/et\\\/pood\\\/paadihooldusvahendid\\\/boat-care-and-cleaning\\\/tiikpuu-oli-autosol-750-ml\\\/#breadcrumb\"},\"inLanguage\":\"et\",\"potentialAction\":[{\"@type\":\"ReadAction\",\"target\":[\"https:\\\/\\\/nordlinepaadid.ee\\\/et\\\/pood\\\/paadihooldusvahendid\\\/boat-care-and-cleaning\\\/tiikpuu-oli-autosol-750-ml\\\/\"]}]},{\"@type\":\"ImageObject\",\"inLanguage\":\"et\",\"@id\":\"https:\\\/\\\/nordlinepaadid.ee\\\/et\\\/pood\\\/paadihooldusvahendid\\\/boat-care-and-cleaning\\\/tiikpuu-oli-autosol-750-ml\\\/#primaryimage\",\"url\":\"https:\\\/\\\/nordlinepaadid.ee\\\/wp-content\\\/uploads\\\/2023\\\/11\\\/9536_marine-teakwood-careoil-woodcareoil-autosol-11-015130-750-ml-can.jpg\",\"contentUrl\":\"https:\\\/\\\/nordlinepaadid.ee\\\/wp-content\\\/uploads\\\/2023\\\/11\\\/9536_marine-teakwood-careoil-woodcareoil-autosol-11-015130-750-ml-can.jpg\",\"width\":800,\"height\":800},{\"@type\":\"BreadcrumbList\",\"@id\":\"https:\\\/\\\/nordlinepaadid.ee\\\/et\\\/pood\\\/paadihooldusvahendid\\\/boat-care-and-cleaning\\\/tiikpuu-oli-autosol-750-ml\\\/#breadcrumb\",\"itemListElement\":[{\"@type\":\"ListItem\",\"position\":1,\"name\":\"Home\",\"item\":\"https:\\\/\\\/nordlinepaadid.ee\\\/et\\\/\"},{\"@type\":\"ListItem\",\"position\":2,\"name\":\"Pood\",\"item\":\"https:\\\/\\\/nordlinepaadid.ee\\\/et\\\/pood\\\/\"},{\"@type\":\"ListItem\",\"position\":3,\"name\":\"TIIKPUU \u00d5LI AUTOSOL\u00ae 750 ml\"}]},{\"@type\":\"WebSite\",\"@id\":\"https:\\\/\\\/nordlinepaadid.ee\\\/et\\\/#website\",\"url\":\"https:\\\/\\\/nordlinepaadid.ee\\\/et\\\/\",\"name\":\"NORDLINE s\u00f5udepaadid ja mootorpaadid. Klaasfiiber materjalist.\",\"description\":\"\",\"publisher\":{\"@id\":\"https:\\\/\\\/nordlinepaadid.ee\\\/et\\\/#organization\"},\"potentialAction\":[{\"@type\":\"SearchAction\",\"target\":{\"@type\":\"EntryPoint\",\"urlTemplate\":\"https:\\\/\\\/nordlinepaadid.ee\\\/et\\\/?s={search_term_string}\"},\"query-input\":{\"@type\":\"PropertyValueSpecification\",\"valueRequired\":true,\"valueName\":\"search_term_string\"}}],\"inLanguage\":\"et\"},{\"@type\":\"Organization\",\"@id\":\"https:\\\/\\\/nordlinepaadid.ee\\\/et\\\/#organization\",\"name\":\"Nordlineboats\",\"url\":\"https:\\\/\\\/nordlinepaadid.ee\\\/et\\\/\",\"logo\":{\"@type\":\"ImageObject\",\"inLanguage\":\"et\",\"@id\":\"https:\\\/\\\/nordlinepaadid.ee\\\/et\\\/#\\\/schema\\\/logo\\\/image\\\/\",\"url\":\"https:\\\/\\\/nordlinepaadid.ee\\\/wp-content\\\/uploads\\\/2023\\\/01\\\/fulllogo_transparent_nobuffer-e1672750475494.png\",\"contentUrl\":\"https:\\\/\\\/nordlinepaadid.ee\\\/wp-content\\\/uploads\\\/2023\\\/01\\\/fulllogo_transparent_nobuffer-e1672750475494.png\",\"width\":150,\"height\":119,\"caption\":\"Nordlineboats\"},\"image\":{\"@id\":\"https:\\\/\\\/nordlinepaadid.ee\\\/et\\\/#\\\/schema\\\/logo\\\/image\\\/\"},\"sameAs\":[\"https:\\\/\\\/www.facebook.com\\\/nordlineboats\",\"https:\\\/\\\/www.youtube.com\\\/channel\\\/UCbgF0fy02y3QkFnujaLTaCA\"]}]}<\/script>\n<!-- \/ Yoast SEO plugin. -->","yoast_head_json":{"title":"TIIKPUU \u00d5LI AUTOSOL\u00ae 750 ml - NORDLINE s\u00f5udepaadid ja mootorpaadid. Klaasfiiber materjalist.","robots":{"index":"index","follow":"follow","max-snippet":"max-snippet:-1","max-image-preview":"max-image-preview:large","max-video-preview":"max-video-preview:-1"},"canonical":"https:\/\/nordlinepaadid.ee\/et\/pood\/paadihooldusvahendid\/boat-care-and-cleaning\/tiikpuu-oli-autosol-750-ml\/","og_locale":"et_EE","og_type":"article","og_title":"TIIKPUU \u00d5LI AUTOSOL\u00ae 750 ml - NORDLINE s\u00f5udepaadid ja mootorpaadid. Klaasfiiber materjalist.","og_description":"AUTOSOL\u00ae TIIKPUU \u00d5LI- Looduslik veep\u00f5hine \u00f5li. Puidust elementide esmaseks katmiseks ja hooldamiseks. Ideaalne v\u00e4litingimustes kasutatavatele tiiktoodetele. Kaitseb teakpindu ilmastikutingimuste eest. Annab teakpuidule atraktiivse v\u00e4rvi ja viimistluse. Kaitseb hallitamise eest. Ilmastikukindel, hea imavus, hea l\u00f5hnaga. AUTOSOL\u00ae MARINE TIIKPUU \u00d5LI on 3. etapp ilmastikukahjustuse saanud teakpuu taastamisel (1. TIIKPUU PUHASTUSVAHEND; 2. TIIKPUU VALGENDAJA; 3. TIIKPUU \u00d5LI). Kasutamine:...","og_url":"https:\/\/nordlinepaadid.ee\/et\/pood\/paadihooldusvahendid\/boat-care-and-cleaning\/tiikpuu-oli-autosol-750-ml\/","og_site_name":"NORDLINE s\u00f5udepaadid ja mootorpaadid. Klaasfiiber materjalist.","article_publisher":"https:\/\/www.facebook.com\/nordlineboats","og_image":[{"width":800,"height":800,"url":"https:\/\/nordlinepaadid.ee\/wp-content\/uploads\/2023\/11\/9536_marine-teakwood-careoil-woodcareoil-autosol-11-015130-750-ml-can.jpg","type":"image\/jpeg"}],"twitter_card":"summary_large_image","twitter_misc":{"Est. reading time":"1 minut"},"schema":{"@context":"https:\/\/schema.org","@graph":[{"@type":"WebPage","@id":"https:\/\/nordlinepaadid.ee\/et\/pood\/paadihooldusvahendid\/boat-care-and-cleaning\/tiikpuu-oli-autosol-750-ml\/","url":"https:\/\/nordlinepaadid.ee\/et\/pood\/paadihooldusvahendid\/boat-care-and-cleaning\/tiikpuu-oli-autosol-750-ml\/","name":"TIIKPUU \u00d5LI AUTOSOL\u00ae 750 ml - NORDLINE s\u00f5udepaadid ja mootorpaadid. Klaasfiiber materjalist.","isPartOf":{"@id":"https:\/\/nordlinepaadid.ee\/et\/#website"},"primaryImageOfPage":{"@id":"https:\/\/nordlinepaadid.ee\/et\/pood\/paadihooldusvahendid\/boat-care-and-cleaning\/tiikpuu-oli-autosol-750-ml\/#primaryimage"},"image":{"@id":"https:\/\/nordlinepaadid.ee\/et\/pood\/paadihooldusvahendid\/boat-care-and-cleaning\/tiikpuu-oli-autosol-750-ml\/#primaryimage"},"thumbnailUrl":"https:\/\/nordlinepaadid.ee\/wp-content\/uploads\/2023\/11\/9536_marine-teakwood-careoil-woodcareoil-autosol-11-015130-750-ml-can.jpg","datePublished":"2026-04-07T00:23:30+00:00","breadcrumb":{"@id":"https:\/\/nordlinepaadid.ee\/et\/pood\/paadihooldusvahendid\/boat-care-and-cleaning\/tiikpuu-oli-autosol-750-ml\/#breadcrumb"},"inLanguage":"et","potentialAction":[{"@type":"ReadAction","target":["https:\/\/nordlinepaadid.ee\/et\/pood\/paadihooldusvahendid\/boat-care-and-cleaning\/tiikpuu-oli-autosol-750-ml\/"]}]},{"@type":"ImageObject","inLanguage":"et","@id":"https:\/\/nordlinepaadid.ee\/et\/pood\/paadihooldusvahendid\/boat-care-and-cleaning\/tiikpuu-oli-autosol-750-ml\/#primaryimage","url":"https:\/\/nordlinepaadid.ee\/wp-content\/uploads\/2023\/11\/9536_marine-teakwood-careoil-woodcareoil-autosol-11-015130-750-ml-can.jpg","contentUrl":"https:\/\/nordlinepaadid.ee\/wp-content\/uploads\/2023\/11\/9536_marine-teakwood-careoil-woodcareoil-autosol-11-015130-750-ml-can.jpg","width":800,"height":800},{"@type":"BreadcrumbList","@id":"https:\/\/nordlinepaadid.ee\/et\/pood\/paadihooldusvahendid\/boat-care-and-cleaning\/tiikpuu-oli-autosol-750-ml\/#breadcrumb","itemListElement":[{"@type":"ListItem","position":1,"name":"Home","item":"https:\/\/nordlinepaadid.ee\/et\/"},{"@type":"ListItem","position":2,"name":"Pood","item":"https:\/\/nordlinepaadid.ee\/et\/pood\/"},{"@type":"ListItem","position":3,"name":"TIIKPUU \u00d5LI AUTOSOL\u00ae 750 ml"}]},{"@type":"WebSite","@id":"https:\/\/nordlinepaadid.ee\/et\/#website","url":"https:\/\/nordlinepaadid.ee\/et\/","name":"NORDLINE s\u00f5udepaadid ja mootorpaadid. Klaasfiiber materjalist.","description":"","publisher":{"@id":"https:\/\/nordlinepaadid.ee\/et\/#organization"},"potentialAction":[{"@type":"SearchAction","target":{"@type":"EntryPoint","urlTemplate":"https:\/\/nordlinepaadid.ee\/et\/?s={search_term_string}"},"query-input":{"@type":"PropertyValueSpecification","valueRequired":true,"valueName":"search_term_string"}}],"inLanguage":"et"},{"@type":"Organization","@id":"https:\/\/nordlinepaadid.ee\/et\/#organization","name":"Nordlineboats","url":"https:\/\/nordlinepaadid.ee\/et\/","logo":{"@type":"ImageObject","inLanguage":"et","@id":"https:\/\/nordlinepaadid.ee\/et\/#\/schema\/logo\/image\/","url":"https:\/\/nordlinepaadid.ee\/wp-content\/uploads\/2023\/01\/fulllogo_transparent_nobuffer-e1672750475494.png","contentUrl":"https:\/\/nordlinepaadid.ee\/wp-content\/uploads\/2023\/01\/fulllogo_transparent_nobuffer-e1672750475494.png","width":150,"height":119,"caption":"Nordlineboats"},"image":{"@id":"https:\/\/nordlinepaadid.ee\/et\/#\/schema\/logo\/image\/"},"sameAs":["https:\/\/www.facebook.com\/nordlineboats","https:\/\/www.youtube.com\/channel\/UCbgF0fy02y3QkFnujaLTaCA"]}]}},"taxonomy_info":{"product_cat":[{"value":284,"label":"PAADIHOOLDUSVAHENDID"},{"value":285,"label":"Puhastus- ja hooldusvahendid"}],"pa_producer":[{"value":520,"label":"Dursol"}]},"featured_image_src_large":["https:\/\/nordlinepaadid.ee\/wp-content\/uploads\/2023\/11\/9536_marine-teakwood-careoil-woodcareoil-autosol-11-015130-750-ml-can.jpg",800,800,false],"author_info":[],"comment_info":"","_links":{"self":[{"href":"https:\/\/nordlinepaadid.ee\/et\/wp-json\/wp\/v2\/product\/46338","targetHints":{"allow":["GET"]}}],"collection":[{"href":"https:\/\/nordlinepaadid.ee\/et\/wp-json\/wp\/v2\/product"}],"about":[{"href":"https:\/\/nordlinepaadid.ee\/et\/wp-json\/wp\/v2\/types\/product"}],"wp:featuredmedia":[{"embeddable":true,"href":"https:\/\/nordlinepaadid.ee\/et\/wp-json\/wp\/v2\/media\/40521"}],"wp:attachment":[{"href":"https:\/\/nordlinepaadid.ee\/et\/wp-json\/wp\/v2\/media?parent=46338"}],"wp:term":[{"taxonomy":"product_brand","embeddable":true,"href":"https:\/\/nordlinepaadid.ee\/et\/wp-json\/wp\/v2\/product_brand?post=46338"},{"taxonomy":"product_cat","embeddable":true,"href":"https:\/\/nordlinepaadid.ee\/et\/wp-json\/wp\/v2\/product_cat?post=46338"},{"taxonomy":"product_tag","embeddable":true,"href":"https:\/\/nordlinepaadid.ee\/et\/wp-json\/wp\/v2\/product_tag?post=46338"}],"curies":[{"name":"wp","href":"https:\/\/api.w.org\/{rel}","templated":true}]}}