{"id":46389,"date":"2026-04-07T03:23:42","date_gmt":"2026-04-07T00:23:42","guid":{"rendered":"https:\/\/nordlinepaadid.ee\/toode\/maaratlemata\/kasipump-scoprega-super-f\/"},"modified":"2026-04-07T03:23:42","modified_gmt":"2026-04-07T00:23:42","slug":"kasipump-scoprega-super-f","status":"publish","type":"product","link":"https:\/\/nordlinepaadid.ee\/et\/pood\/ru-inflatable-boats-and-accessories\/ru-inflators\/kasipump-scoprega-super-f\/","title":{"rendered":"K\u00c4SIPUMP- SCOPREGA SUPER F"},"content":{"rendered":"<p>SCOPREGA SUPER F k\u00f5rgsurvega manuaalne k\u00e4sipump SUP-laudadele. Alumiiniumist t\u00e4itevoolik asub pumbaseadmest v\u00e4ljaspool, et tagada parem t\u00f5husus ja minimeerida pingutust. Manomeetri asukoht kaanel (ja mitte k\u00e4epidemel) v\u00f5imaldab \u00f5hur\u00f5hku h\u00f5lpsamini lugeda. Kokkupandav p\u00f5hi ja eemaldatavad k\u00e4epidemed s\u00e4\u00e4stavad pakendis ruumi. Max r\u00f5hk: 2 mbar, M\u00f5\u00f5dud: 140 x 150 x 630 mm.<\/p>\n","protected":false},"excerpt":{"rendered":"<p>SCOPREGA SUPER F k\u00f5rgsurvega manuaalne k\u00e4sipump SUP-laudadele. Alumiiniumist t\u00e4itevoolik asub pumbaseadmest v\u00e4ljaspool, et tagada parem t\u00f5husus ja minimeerida pingutust. Manomeetri asukoht kaanel (ja mitte k\u00e4epidemel) v\u00f5imaldab \u00f5hur\u00f5hku h\u00f5lpsamini lugeda. Kokkupandav p\u00f5hi ja eemaldatavad k\u00e4epidemed s\u00e4\u00e4stavad pakendis ruumi. Max r\u00f5hk: 2 mbar, M\u00f5\u00f5dud: 140 x 150 x 630 mm.<\/p>\n","protected":false},"featured_media":40926,"template":"","meta":{"_kad_blocks_custom_css":"","_kad_blocks_head_custom_js":"","_kad_blocks_body_custom_js":"","_kad_blocks_footer_custom_js":"","_kad_post_transparent":"","_kad_post_title":"","_kad_post_layout":"","_kad_post_sidebar_id":"","_kad_post_content_style":"","_kad_post_vertical_padding":"","_kad_post_feature":"","_kad_post_feature_position":"","_kad_post_header":false,"_kad_post_footer":false,"_kad_post_classname":""},"product_brand":[],"product_cat":[250,293,842],"product_tag":[],"class_list":{"0":"post-46389","1":"product","2":"type-product","3":"status-publish","4":"has-post-thumbnail","6":"product_cat-kummipaadid-ja-tarvikud","7":"product_cat-ohukompressorid-kasipumbad","8":"product_cat-ru-inflators","9":"pa_unit-pcs","10":"tm-no-options","12":"first","13":"onbackorder","14":"taxable","15":"shipping-taxable","16":"purchasable","17":"product-type-simple","18":"entry","19":"content-bg","20":"loop-entry"},"yoast_head":"<!-- This site is optimized with the Yoast SEO plugin v27.3 - https:\/\/yoast.com\/product\/yoast-seo-wordpress\/ -->\n<title>K\u00c4SIPUMP- SCOPREGA SUPER F - NORDLINE s\u00f5udepaadid ja mootorpaadid. Klaasfiiber materjalist.<\/title>\n<meta name=\"robots\" content=\"index, follow, max-snippet:-1, max-image-preview:large, max-video-preview:-1\" \/>\n<link rel=\"canonical\" href=\"https:\/\/nordlinepaadid.ee\/et\/pood\/ru-inflatable-boats-and-accessories\/ru-inflators\/kasipump-scoprega-super-f\/\" \/>\n<meta property=\"og:locale\" content=\"et_EE\" \/>\n<meta property=\"og:type\" content=\"article\" \/>\n<meta property=\"og:title\" content=\"K\u00c4SIPUMP- SCOPREGA SUPER F - NORDLINE s\u00f5udepaadid ja mootorpaadid. Klaasfiiber materjalist.\" \/>\n<meta property=\"og:description\" content=\"SCOPREGA SUPER F k\u00f5rgsurvega manuaalne k\u00e4sipump SUP-laudadele. Alumiiniumist t\u00e4itevoolik asub pumbaseadmest v\u00e4ljaspool, et tagada parem t\u00f5husus ja minimeerida pingutust. Manomeetri asukoht kaanel (ja mitte k\u00e4epidemel) v\u00f5imaldab \u00f5hur\u00f5hku h\u00f5lpsamini lugeda. Kokkupandav p\u00f5hi ja eemaldatavad k\u00e4epidemed s\u00e4\u00e4stavad pakendis ruumi. Max r\u00f5hk: 2 mbar, M\u00f5\u00f5dud: 140 x 150 x 630 mm.\" \/>\n<meta property=\"og:url\" content=\"https:\/\/nordlinepaadid.ee\/et\/pood\/ru-inflatable-boats-and-accessories\/ru-inflators\/kasipump-scoprega-super-f\/\" \/>\n<meta property=\"og:site_name\" content=\"NORDLINE s\u00f5udepaadid ja mootorpaadid. Klaasfiiber materjalist.\" \/>\n<meta property=\"article:publisher\" content=\"https:\/\/www.facebook.com\/nordlineboats\" \/>\n<meta property=\"og:image\" content=\"https:\/\/nordlinepaadid.ee\/wp-content\/uploads\/2023\/11\/9749_66.446.71-1.jpg\" \/>\n\t<meta property=\"og:image:width\" content=\"225\" \/>\n\t<meta property=\"og:image:height\" content=\"800\" \/>\n\t<meta property=\"og:image:type\" content=\"image\/jpeg\" \/>\n<meta name=\"twitter:card\" content=\"summary_large_image\" \/>\n<script type=\"application\/ld+json\" class=\"yoast-schema-graph\">{\"@context\":\"https:\\\/\\\/schema.org\",\"@graph\":[{\"@type\":\"WebPage\",\"@id\":\"https:\\\/\\\/nordlinepaadid.ee\\\/et\\\/pood\\\/ru-inflatable-boats-and-accessories\\\/ru-inflators\\\/kasipump-scoprega-super-f\\\/\",\"url\":\"https:\\\/\\\/nordlinepaadid.ee\\\/et\\\/pood\\\/ru-inflatable-boats-and-accessories\\\/ru-inflators\\\/kasipump-scoprega-super-f\\\/\",\"name\":\"K\u00c4SIPUMP- SCOPREGA SUPER F - NORDLINE s\u00f5udepaadid ja mootorpaadid. Klaasfiiber materjalist.\",\"isPartOf\":{\"@id\":\"https:\\\/\\\/nordlinepaadid.ee\\\/et\\\/#website\"},\"primaryImageOfPage\":{\"@id\":\"https:\\\/\\\/nordlinepaadid.ee\\\/et\\\/pood\\\/ru-inflatable-boats-and-accessories\\\/ru-inflators\\\/kasipump-scoprega-super-f\\\/#primaryimage\"},\"image\":{\"@id\":\"https:\\\/\\\/nordlinepaadid.ee\\\/et\\\/pood\\\/ru-inflatable-boats-and-accessories\\\/ru-inflators\\\/kasipump-scoprega-super-f\\\/#primaryimage\"},\"thumbnailUrl\":\"https:\\\/\\\/nordlinepaadid.ee\\\/wp-content\\\/uploads\\\/2023\\\/11\\\/9749_66.446.71-1.jpg\",\"datePublished\":\"2026-04-07T00:23:42+00:00\",\"breadcrumb\":{\"@id\":\"https:\\\/\\\/nordlinepaadid.ee\\\/et\\\/pood\\\/ru-inflatable-boats-and-accessories\\\/ru-inflators\\\/kasipump-scoprega-super-f\\\/#breadcrumb\"},\"inLanguage\":\"et\",\"potentialAction\":[{\"@type\":\"ReadAction\",\"target\":[\"https:\\\/\\\/nordlinepaadid.ee\\\/et\\\/pood\\\/ru-inflatable-boats-and-accessories\\\/ru-inflators\\\/kasipump-scoprega-super-f\\\/\"]}]},{\"@type\":\"ImageObject\",\"inLanguage\":\"et\",\"@id\":\"https:\\\/\\\/nordlinepaadid.ee\\\/et\\\/pood\\\/ru-inflatable-boats-and-accessories\\\/ru-inflators\\\/kasipump-scoprega-super-f\\\/#primaryimage\",\"url\":\"https:\\\/\\\/nordlinepaadid.ee\\\/wp-content\\\/uploads\\\/2023\\\/11\\\/9749_66.446.71-1.jpg\",\"contentUrl\":\"https:\\\/\\\/nordlinepaadid.ee\\\/wp-content\\\/uploads\\\/2023\\\/11\\\/9749_66.446.71-1.jpg\",\"width\":225,\"height\":800},{\"@type\":\"BreadcrumbList\",\"@id\":\"https:\\\/\\\/nordlinepaadid.ee\\\/et\\\/pood\\\/ru-inflatable-boats-and-accessories\\\/ru-inflators\\\/kasipump-scoprega-super-f\\\/#breadcrumb\",\"itemListElement\":[{\"@type\":\"ListItem\",\"position\":1,\"name\":\"Home\",\"item\":\"https:\\\/\\\/nordlinepaadid.ee\\\/et\\\/\"},{\"@type\":\"ListItem\",\"position\":2,\"name\":\"Pood\",\"item\":\"https:\\\/\\\/nordlinepaadid.ee\\\/et\\\/pood\\\/\"},{\"@type\":\"ListItem\",\"position\":3,\"name\":\"K\u00c4SIPUMP- SCOPREGA SUPER F\"}]},{\"@type\":\"WebSite\",\"@id\":\"https:\\\/\\\/nordlinepaadid.ee\\\/et\\\/#website\",\"url\":\"https:\\\/\\\/nordlinepaadid.ee\\\/et\\\/\",\"name\":\"NORDLINE s\u00f5udepaadid ja mootorpaadid. Klaasfiiber materjalist.\",\"description\":\"\",\"publisher\":{\"@id\":\"https:\\\/\\\/nordlinepaadid.ee\\\/et\\\/#organization\"},\"potentialAction\":[{\"@type\":\"SearchAction\",\"target\":{\"@type\":\"EntryPoint\",\"urlTemplate\":\"https:\\\/\\\/nordlinepaadid.ee\\\/et\\\/?s={search_term_string}\"},\"query-input\":{\"@type\":\"PropertyValueSpecification\",\"valueRequired\":true,\"valueName\":\"search_term_string\"}}],\"inLanguage\":\"et\"},{\"@type\":\"Organization\",\"@id\":\"https:\\\/\\\/nordlinepaadid.ee\\\/et\\\/#organization\",\"name\":\"Nordlineboats\",\"url\":\"https:\\\/\\\/nordlinepaadid.ee\\\/et\\\/\",\"logo\":{\"@type\":\"ImageObject\",\"inLanguage\":\"et\",\"@id\":\"https:\\\/\\\/nordlinepaadid.ee\\\/et\\\/#\\\/schema\\\/logo\\\/image\\\/\",\"url\":\"https:\\\/\\\/nordlinepaadid.ee\\\/wp-content\\\/uploads\\\/2023\\\/01\\\/fulllogo_transparent_nobuffer-e1672750475494.png\",\"contentUrl\":\"https:\\\/\\\/nordlinepaadid.ee\\\/wp-content\\\/uploads\\\/2023\\\/01\\\/fulllogo_transparent_nobuffer-e1672750475494.png\",\"width\":150,\"height\":119,\"caption\":\"Nordlineboats\"},\"image\":{\"@id\":\"https:\\\/\\\/nordlinepaadid.ee\\\/et\\\/#\\\/schema\\\/logo\\\/image\\\/\"},\"sameAs\":[\"https:\\\/\\\/www.facebook.com\\\/nordlineboats\",\"https:\\\/\\\/www.youtube.com\\\/channel\\\/UCbgF0fy02y3QkFnujaLTaCA\"]}]}<\/script>\n<!-- \/ Yoast SEO plugin. -->","yoast_head_json":{"title":"K\u00c4SIPUMP- SCOPREGA SUPER F - NORDLINE s\u00f5udepaadid ja mootorpaadid. Klaasfiiber materjalist.","robots":{"index":"index","follow":"follow","max-snippet":"max-snippet:-1","max-image-preview":"max-image-preview:large","max-video-preview":"max-video-preview:-1"},"canonical":"https:\/\/nordlinepaadid.ee\/et\/pood\/ru-inflatable-boats-and-accessories\/ru-inflators\/kasipump-scoprega-super-f\/","og_locale":"et_EE","og_type":"article","og_title":"K\u00c4SIPUMP- SCOPREGA SUPER F - NORDLINE s\u00f5udepaadid ja mootorpaadid. Klaasfiiber materjalist.","og_description":"SCOPREGA SUPER F k\u00f5rgsurvega manuaalne k\u00e4sipump SUP-laudadele. Alumiiniumist t\u00e4itevoolik asub pumbaseadmest v\u00e4ljaspool, et tagada parem t\u00f5husus ja minimeerida pingutust. Manomeetri asukoht kaanel (ja mitte k\u00e4epidemel) v\u00f5imaldab \u00f5hur\u00f5hku h\u00f5lpsamini lugeda. Kokkupandav p\u00f5hi ja eemaldatavad k\u00e4epidemed s\u00e4\u00e4stavad pakendis ruumi. Max r\u00f5hk: 2 mbar, M\u00f5\u00f5dud: 140 x 150 x 630 mm.","og_url":"https:\/\/nordlinepaadid.ee\/et\/pood\/ru-inflatable-boats-and-accessories\/ru-inflators\/kasipump-scoprega-super-f\/","og_site_name":"NORDLINE s\u00f5udepaadid ja mootorpaadid. Klaasfiiber materjalist.","article_publisher":"https:\/\/www.facebook.com\/nordlineboats","og_image":[{"width":225,"height":800,"url":"https:\/\/nordlinepaadid.ee\/wp-content\/uploads\/2023\/11\/9749_66.446.71-1.jpg","type":"image\/jpeg"}],"twitter_card":"summary_large_image","schema":{"@context":"https:\/\/schema.org","@graph":[{"@type":"WebPage","@id":"https:\/\/nordlinepaadid.ee\/et\/pood\/ru-inflatable-boats-and-accessories\/ru-inflators\/kasipump-scoprega-super-f\/","url":"https:\/\/nordlinepaadid.ee\/et\/pood\/ru-inflatable-boats-and-accessories\/ru-inflators\/kasipump-scoprega-super-f\/","name":"K\u00c4SIPUMP- SCOPREGA SUPER F - NORDLINE s\u00f5udepaadid ja mootorpaadid. Klaasfiiber materjalist.","isPartOf":{"@id":"https:\/\/nordlinepaadid.ee\/et\/#website"},"primaryImageOfPage":{"@id":"https:\/\/nordlinepaadid.ee\/et\/pood\/ru-inflatable-boats-and-accessories\/ru-inflators\/kasipump-scoprega-super-f\/#primaryimage"},"image":{"@id":"https:\/\/nordlinepaadid.ee\/et\/pood\/ru-inflatable-boats-and-accessories\/ru-inflators\/kasipump-scoprega-super-f\/#primaryimage"},"thumbnailUrl":"https:\/\/nordlinepaadid.ee\/wp-content\/uploads\/2023\/11\/9749_66.446.71-1.jpg","datePublished":"2026-04-07T00:23:42+00:00","breadcrumb":{"@id":"https:\/\/nordlinepaadid.ee\/et\/pood\/ru-inflatable-boats-and-accessories\/ru-inflators\/kasipump-scoprega-super-f\/#breadcrumb"},"inLanguage":"et","potentialAction":[{"@type":"ReadAction","target":["https:\/\/nordlinepaadid.ee\/et\/pood\/ru-inflatable-boats-and-accessories\/ru-inflators\/kasipump-scoprega-super-f\/"]}]},{"@type":"ImageObject","inLanguage":"et","@id":"https:\/\/nordlinepaadid.ee\/et\/pood\/ru-inflatable-boats-and-accessories\/ru-inflators\/kasipump-scoprega-super-f\/#primaryimage","url":"https:\/\/nordlinepaadid.ee\/wp-content\/uploads\/2023\/11\/9749_66.446.71-1.jpg","contentUrl":"https:\/\/nordlinepaadid.ee\/wp-content\/uploads\/2023\/11\/9749_66.446.71-1.jpg","width":225,"height":800},{"@type":"BreadcrumbList","@id":"https:\/\/nordlinepaadid.ee\/et\/pood\/ru-inflatable-boats-and-accessories\/ru-inflators\/kasipump-scoprega-super-f\/#breadcrumb","itemListElement":[{"@type":"ListItem","position":1,"name":"Home","item":"https:\/\/nordlinepaadid.ee\/et\/"},{"@type":"ListItem","position":2,"name":"Pood","item":"https:\/\/nordlinepaadid.ee\/et\/pood\/"},{"@type":"ListItem","position":3,"name":"K\u00c4SIPUMP- SCOPREGA SUPER F"}]},{"@type":"WebSite","@id":"https:\/\/nordlinepaadid.ee\/et\/#website","url":"https:\/\/nordlinepaadid.ee\/et\/","name":"NORDLINE s\u00f5udepaadid ja mootorpaadid. Klaasfiiber materjalist.","description":"","publisher":{"@id":"https:\/\/nordlinepaadid.ee\/et\/#organization"},"potentialAction":[{"@type":"SearchAction","target":{"@type":"EntryPoint","urlTemplate":"https:\/\/nordlinepaadid.ee\/et\/?s={search_term_string}"},"query-input":{"@type":"PropertyValueSpecification","valueRequired":true,"valueName":"search_term_string"}}],"inLanguage":"et"},{"@type":"Organization","@id":"https:\/\/nordlinepaadid.ee\/et\/#organization","name":"Nordlineboats","url":"https:\/\/nordlinepaadid.ee\/et\/","logo":{"@type":"ImageObject","inLanguage":"et","@id":"https:\/\/nordlinepaadid.ee\/et\/#\/schema\/logo\/image\/","url":"https:\/\/nordlinepaadid.ee\/wp-content\/uploads\/2023\/01\/fulllogo_transparent_nobuffer-e1672750475494.png","contentUrl":"https:\/\/nordlinepaadid.ee\/wp-content\/uploads\/2023\/01\/fulllogo_transparent_nobuffer-e1672750475494.png","width":150,"height":119,"caption":"Nordlineboats"},"image":{"@id":"https:\/\/nordlinepaadid.ee\/et\/#\/schema\/logo\/image\/"},"sameAs":["https:\/\/www.facebook.com\/nordlineboats","https:\/\/www.youtube.com\/channel\/UCbgF0fy02y3QkFnujaLTaCA"]}]}},"taxonomy_info":{"product_cat":[{"value":250,"label":"KUMMIPAADID JA TARVIKUD"},{"value":293,"label":"\u00d5hukompressorid, K\u00e4sipumbad"},{"value":842,"label":"\u0412\u043e\u0437\u0434\u0443\u0448\u043d\u044b\u0435 \u043a\u043e\u043c\u043f\u0440\u0435\u0441\u0441\u043e\u0440\u044b, \u0420\u0443\u0447\u043d\u044b\u0435 \u043d\u0430\u0441\u043e\u0441\u044b"}],"pa_unit":[{"value":416,"label":"pcs"}]},"featured_image_src_large":["https:\/\/nordlinepaadid.ee\/wp-content\/uploads\/2023\/11\/9749_66.446.71-1.jpg",225,800,false],"author_info":[],"comment_info":"","_links":{"self":[{"href":"https:\/\/nordlinepaadid.ee\/et\/wp-json\/wp\/v2\/product\/46389","targetHints":{"allow":["GET"]}}],"collection":[{"href":"https:\/\/nordlinepaadid.ee\/et\/wp-json\/wp\/v2\/product"}],"about":[{"href":"https:\/\/nordlinepaadid.ee\/et\/wp-json\/wp\/v2\/types\/product"}],"wp:featuredmedia":[{"embeddable":true,"href":"https:\/\/nordlinepaadid.ee\/et\/wp-json\/wp\/v2\/media\/40926"}],"wp:attachment":[{"href":"https:\/\/nordlinepaadid.ee\/et\/wp-json\/wp\/v2\/media?parent=46389"}],"wp:term":[{"taxonomy":"product_brand","embeddable":true,"href":"https:\/\/nordlinepaadid.ee\/et\/wp-json\/wp\/v2\/product_brand?post=46389"},{"taxonomy":"product_cat","embeddable":true,"href":"https:\/\/nordlinepaadid.ee\/et\/wp-json\/wp\/v2\/product_cat?post=46389"},{"taxonomy":"product_tag","embeddable":true,"href":"https:\/\/nordlinepaadid.ee\/et\/wp-json\/wp\/v2\/product_tag?post=46389"}],"curies":[{"name":"wp","href":"https:\/\/api.w.org\/{rel}","templated":true}]}}