{"id":46414,"date":"2026-04-07T03:23:48","date_gmt":"2026-04-07T00:23:48","guid":{"rendered":"https:\/\/nordlinepaadid.ee\/toode\/maaratlemata\/soukruvi-kaitse-11-25-35-hp\/"},"modified":"2026-04-07T03:23:48","modified_gmt":"2026-04-07T00:23:48","slug":"soukruvi-kaitse-11-25-35-hp","status":"publish","type":"product","link":"https:\/\/nordlinepaadid.ee\/et\/pood\/ru-motorboating-and-motor-accessories\/ru-outboard-brackets-and-accessories\/soukruvi-kaitse-11-25-35-hp\/","title":{"rendered":"S\u00d5UKRUVI KAITSE, 11&#8243; (25-35 HP)"},"content":{"rendered":"<p>S\u00f5ukruvi kaitse Goldenship on tehtud kergest kuid tugevast plastikust. Lisaks kaitsmisele reguleerib see vee liikumist ning parendab seel\u00e4bi juhitavust ja j\u00f5udlust. Kaitse sobib s\u00f5ukruvile, mille maksimaalne diameeter on 11 \u201d. Mootori v\u00f5imsus: 25 &#8211; 35 HP. maksimaalne s\u00f5idukiirus: 30 s\u00f5lme. V\u00e4rvus: oranzh.<\/p>\n<p>&#13;<\/p>\n","protected":false},"excerpt":{"rendered":"<p>S\u00f5ukruvi kaitse Goldenship on tehtud kergest kuid tugevast plastikust. Lisaks kaitsmisele reguleerib see vee liikumist ning parendab seel\u00e4bi juhitavust ja j\u00f5udlust. Kaitse sobib s\u00f5ukruvile, mille maksimaalne diameeter on 11 \u201d. Mootori v\u00f5imsus: 25 &#8211; 35 HP. maksimaalne s\u00f5idukiirus: 30 s\u00f5lme. V\u00e4rvus: oranzh. &#13;<\/p>\n","protected":false},"featured_media":40972,"template":"","meta":{"_kad_blocks_custom_css":"","_kad_blocks_head_custom_js":"","_kad_blocks_body_custom_js":"","_kad_blocks_footer_custom_js":"","_kad_post_transparent":"","_kad_post_title":"","_kad_post_layout":"","_kad_post_sidebar_id":"","_kad_post_content_style":"","_kad_post_vertical_padding":"","_kad_post_feature":"","_kad_post_feature_position":"","_kad_post_header":false,"_kad_post_footer":false,"_kad_post_classname":""},"product_brand":[],"product_cat":[288,249,837],"product_tag":[],"class_list":{"0":"post-46414","1":"product","2":"type-product","3":"status-publish","4":"has-post-thumbnail","6":"product_cat-mootoritarvikud-ja-kinnitused","7":"product_cat-varuosad-mootorpaatidele","8":"product_cat-ru-outboard-brackets-and-accessories","9":"pa_producer-goldenship","10":"pa_unit-pcs","11":"tm-no-options","13":"first","14":"instock","15":"taxable","16":"shipping-taxable","17":"purchasable","18":"product-type-simple","19":"entry","20":"content-bg","21":"loop-entry"},"yoast_head":"<!-- This site is optimized with the Yoast SEO plugin v27.3 - https:\/\/yoast.com\/product\/yoast-seo-wordpress\/ -->\n<title>S\u00d5UKRUVI KAITSE, 11&quot; (25-35 HP) - NORDLINE s\u00f5udepaadid ja mootorpaadid. Klaasfiiber materjalist.<\/title>\n<meta name=\"robots\" content=\"index, follow, max-snippet:-1, max-image-preview:large, max-video-preview:-1\" \/>\n<link rel=\"canonical\" href=\"https:\/\/nordlinepaadid.ee\/et\/pood\/ru-motorboating-and-motor-accessories\/ru-outboard-brackets-and-accessories\/soukruvi-kaitse-11-25-35-hp\/\" \/>\n<meta property=\"og:locale\" content=\"et_EE\" \/>\n<meta property=\"og:type\" content=\"article\" \/>\n<meta property=\"og:title\" content=\"S\u00d5UKRUVI KAITSE, 11&quot; (25-35 HP) - NORDLINE s\u00f5udepaadid ja mootorpaadid. Klaasfiiber materjalist.\" \/>\n<meta property=\"og:description\" content=\"S\u00f5ukruvi kaitse Goldenship on tehtud kergest kuid tugevast plastikust. Lisaks kaitsmisele reguleerib see vee liikumist ning parendab seel\u00e4bi juhitavust ja j\u00f5udlust. Kaitse sobib s\u00f5ukruvile, mille maksimaalne diameeter on 11 \u201d. Mootori v\u00f5imsus: 25 &#8211; 35 HP. maksimaalne s\u00f5idukiirus: 30 s\u00f5lme. V\u00e4rvus: oranzh. &#013;\" \/>\n<meta property=\"og:url\" content=\"https:\/\/nordlinepaadid.ee\/et\/pood\/ru-motorboating-and-motor-accessories\/ru-outboard-brackets-and-accessories\/soukruvi-kaitse-11-25-35-hp\/\" \/>\n<meta property=\"og:site_name\" content=\"NORDLINE s\u00f5udepaadid ja mootorpaadid. Klaasfiiber materjalist.\" \/>\n<meta property=\"article:publisher\" content=\"https:\/\/www.facebook.com\/nordlineboats\" \/>\n<meta property=\"og:image\" content=\"https:\/\/nordlinepaadid.ee\/wp-content\/uploads\/2023\/11\/9777_goldenship-25hp-35hp-propeller-guard.jpg\" \/>\n\t<meta property=\"og:image:width\" content=\"600\" \/>\n\t<meta property=\"og:image:height\" content=\"600\" \/>\n\t<meta property=\"og:image:type\" content=\"image\/jpeg\" \/>\n<meta name=\"twitter:card\" content=\"summary_large_image\" \/>\n<script type=\"application\/ld+json\" class=\"yoast-schema-graph\">{\"@context\":\"https:\\\/\\\/schema.org\",\"@graph\":[{\"@type\":\"WebPage\",\"@id\":\"https:\\\/\\\/nordlinepaadid.ee\\\/et\\\/pood\\\/ru-motorboating-and-motor-accessories\\\/ru-outboard-brackets-and-accessories\\\/soukruvi-kaitse-11-25-35-hp\\\/\",\"url\":\"https:\\\/\\\/nordlinepaadid.ee\\\/et\\\/pood\\\/ru-motorboating-and-motor-accessories\\\/ru-outboard-brackets-and-accessories\\\/soukruvi-kaitse-11-25-35-hp\\\/\",\"name\":\"S\u00d5UKRUVI KAITSE, 11\\\" (25-35 HP) - NORDLINE s\u00f5udepaadid ja mootorpaadid. Klaasfiiber materjalist.\",\"isPartOf\":{\"@id\":\"https:\\\/\\\/nordlinepaadid.ee\\\/et\\\/#website\"},\"primaryImageOfPage\":{\"@id\":\"https:\\\/\\\/nordlinepaadid.ee\\\/et\\\/pood\\\/ru-motorboating-and-motor-accessories\\\/ru-outboard-brackets-and-accessories\\\/soukruvi-kaitse-11-25-35-hp\\\/#primaryimage\"},\"image\":{\"@id\":\"https:\\\/\\\/nordlinepaadid.ee\\\/et\\\/pood\\\/ru-motorboating-and-motor-accessories\\\/ru-outboard-brackets-and-accessories\\\/soukruvi-kaitse-11-25-35-hp\\\/#primaryimage\"},\"thumbnailUrl\":\"https:\\\/\\\/nordlinepaadid.ee\\\/wp-content\\\/uploads\\\/2023\\\/11\\\/9777_goldenship-25hp-35hp-propeller-guard.jpg\",\"datePublished\":\"2026-04-07T00:23:48+00:00\",\"breadcrumb\":{\"@id\":\"https:\\\/\\\/nordlinepaadid.ee\\\/et\\\/pood\\\/ru-motorboating-and-motor-accessories\\\/ru-outboard-brackets-and-accessories\\\/soukruvi-kaitse-11-25-35-hp\\\/#breadcrumb\"},\"inLanguage\":\"et\",\"potentialAction\":[{\"@type\":\"ReadAction\",\"target\":[\"https:\\\/\\\/nordlinepaadid.ee\\\/et\\\/pood\\\/ru-motorboating-and-motor-accessories\\\/ru-outboard-brackets-and-accessories\\\/soukruvi-kaitse-11-25-35-hp\\\/\"]}]},{\"@type\":\"ImageObject\",\"inLanguage\":\"et\",\"@id\":\"https:\\\/\\\/nordlinepaadid.ee\\\/et\\\/pood\\\/ru-motorboating-and-motor-accessories\\\/ru-outboard-brackets-and-accessories\\\/soukruvi-kaitse-11-25-35-hp\\\/#primaryimage\",\"url\":\"https:\\\/\\\/nordlinepaadid.ee\\\/wp-content\\\/uploads\\\/2023\\\/11\\\/9777_goldenship-25hp-35hp-propeller-guard.jpg\",\"contentUrl\":\"https:\\\/\\\/nordlinepaadid.ee\\\/wp-content\\\/uploads\\\/2023\\\/11\\\/9777_goldenship-25hp-35hp-propeller-guard.jpg\",\"width\":600,\"height\":600},{\"@type\":\"BreadcrumbList\",\"@id\":\"https:\\\/\\\/nordlinepaadid.ee\\\/et\\\/pood\\\/ru-motorboating-and-motor-accessories\\\/ru-outboard-brackets-and-accessories\\\/soukruvi-kaitse-11-25-35-hp\\\/#breadcrumb\",\"itemListElement\":[{\"@type\":\"ListItem\",\"position\":1,\"name\":\"Home\",\"item\":\"https:\\\/\\\/nordlinepaadid.ee\\\/et\\\/\"},{\"@type\":\"ListItem\",\"position\":2,\"name\":\"Pood\",\"item\":\"https:\\\/\\\/nordlinepaadid.ee\\\/et\\\/pood\\\/\"},{\"@type\":\"ListItem\",\"position\":3,\"name\":\"S\u00d5UKRUVI KAITSE, 11&#8243; (25-35 HP)\"}]},{\"@type\":\"WebSite\",\"@id\":\"https:\\\/\\\/nordlinepaadid.ee\\\/et\\\/#website\",\"url\":\"https:\\\/\\\/nordlinepaadid.ee\\\/et\\\/\",\"name\":\"NORDLINE s\u00f5udepaadid ja mootorpaadid. Klaasfiiber materjalist.\",\"description\":\"\",\"publisher\":{\"@id\":\"https:\\\/\\\/nordlinepaadid.ee\\\/et\\\/#organization\"},\"potentialAction\":[{\"@type\":\"SearchAction\",\"target\":{\"@type\":\"EntryPoint\",\"urlTemplate\":\"https:\\\/\\\/nordlinepaadid.ee\\\/et\\\/?s={search_term_string}\"},\"query-input\":{\"@type\":\"PropertyValueSpecification\",\"valueRequired\":true,\"valueName\":\"search_term_string\"}}],\"inLanguage\":\"et\"},{\"@type\":\"Organization\",\"@id\":\"https:\\\/\\\/nordlinepaadid.ee\\\/et\\\/#organization\",\"name\":\"Nordlineboats\",\"url\":\"https:\\\/\\\/nordlinepaadid.ee\\\/et\\\/\",\"logo\":{\"@type\":\"ImageObject\",\"inLanguage\":\"et\",\"@id\":\"https:\\\/\\\/nordlinepaadid.ee\\\/et\\\/#\\\/schema\\\/logo\\\/image\\\/\",\"url\":\"https:\\\/\\\/nordlinepaadid.ee\\\/wp-content\\\/uploads\\\/2023\\\/01\\\/fulllogo_transparent_nobuffer-e1672750475494.png\",\"contentUrl\":\"https:\\\/\\\/nordlinepaadid.ee\\\/wp-content\\\/uploads\\\/2023\\\/01\\\/fulllogo_transparent_nobuffer-e1672750475494.png\",\"width\":150,\"height\":119,\"caption\":\"Nordlineboats\"},\"image\":{\"@id\":\"https:\\\/\\\/nordlinepaadid.ee\\\/et\\\/#\\\/schema\\\/logo\\\/image\\\/\"},\"sameAs\":[\"https:\\\/\\\/www.facebook.com\\\/nordlineboats\",\"https:\\\/\\\/www.youtube.com\\\/channel\\\/UCbgF0fy02y3QkFnujaLTaCA\"]}]}<\/script>\n<!-- \/ Yoast SEO plugin. -->","yoast_head_json":{"title":"S\u00d5UKRUVI KAITSE, 11\" (25-35 HP) - NORDLINE s\u00f5udepaadid ja mootorpaadid. Klaasfiiber materjalist.","robots":{"index":"index","follow":"follow","max-snippet":"max-snippet:-1","max-image-preview":"max-image-preview:large","max-video-preview":"max-video-preview:-1"},"canonical":"https:\/\/nordlinepaadid.ee\/et\/pood\/ru-motorboating-and-motor-accessories\/ru-outboard-brackets-and-accessories\/soukruvi-kaitse-11-25-35-hp\/","og_locale":"et_EE","og_type":"article","og_title":"S\u00d5UKRUVI KAITSE, 11\" (25-35 HP) - NORDLINE s\u00f5udepaadid ja mootorpaadid. Klaasfiiber materjalist.","og_description":"S\u00f5ukruvi kaitse Goldenship on tehtud kergest kuid tugevast plastikust. Lisaks kaitsmisele reguleerib see vee liikumist ning parendab seel\u00e4bi juhitavust ja j\u00f5udlust. Kaitse sobib s\u00f5ukruvile, mille maksimaalne diameeter on 11 \u201d. Mootori v\u00f5imsus: 25 &#8211; 35 HP. maksimaalne s\u00f5idukiirus: 30 s\u00f5lme. V\u00e4rvus: oranzh. &#13;","og_url":"https:\/\/nordlinepaadid.ee\/et\/pood\/ru-motorboating-and-motor-accessories\/ru-outboard-brackets-and-accessories\/soukruvi-kaitse-11-25-35-hp\/","og_site_name":"NORDLINE s\u00f5udepaadid ja mootorpaadid. Klaasfiiber materjalist.","article_publisher":"https:\/\/www.facebook.com\/nordlineboats","og_image":[{"width":600,"height":600,"url":"https:\/\/nordlinepaadid.ee\/wp-content\/uploads\/2023\/11\/9777_goldenship-25hp-35hp-propeller-guard.jpg","type":"image\/jpeg"}],"twitter_card":"summary_large_image","schema":{"@context":"https:\/\/schema.org","@graph":[{"@type":"WebPage","@id":"https:\/\/nordlinepaadid.ee\/et\/pood\/ru-motorboating-and-motor-accessories\/ru-outboard-brackets-and-accessories\/soukruvi-kaitse-11-25-35-hp\/","url":"https:\/\/nordlinepaadid.ee\/et\/pood\/ru-motorboating-and-motor-accessories\/ru-outboard-brackets-and-accessories\/soukruvi-kaitse-11-25-35-hp\/","name":"S\u00d5UKRUVI KAITSE, 11\" (25-35 HP) - NORDLINE s\u00f5udepaadid ja mootorpaadid. Klaasfiiber materjalist.","isPartOf":{"@id":"https:\/\/nordlinepaadid.ee\/et\/#website"},"primaryImageOfPage":{"@id":"https:\/\/nordlinepaadid.ee\/et\/pood\/ru-motorboating-and-motor-accessories\/ru-outboard-brackets-and-accessories\/soukruvi-kaitse-11-25-35-hp\/#primaryimage"},"image":{"@id":"https:\/\/nordlinepaadid.ee\/et\/pood\/ru-motorboating-and-motor-accessories\/ru-outboard-brackets-and-accessories\/soukruvi-kaitse-11-25-35-hp\/#primaryimage"},"thumbnailUrl":"https:\/\/nordlinepaadid.ee\/wp-content\/uploads\/2023\/11\/9777_goldenship-25hp-35hp-propeller-guard.jpg","datePublished":"2026-04-07T00:23:48+00:00","breadcrumb":{"@id":"https:\/\/nordlinepaadid.ee\/et\/pood\/ru-motorboating-and-motor-accessories\/ru-outboard-brackets-and-accessories\/soukruvi-kaitse-11-25-35-hp\/#breadcrumb"},"inLanguage":"et","potentialAction":[{"@type":"ReadAction","target":["https:\/\/nordlinepaadid.ee\/et\/pood\/ru-motorboating-and-motor-accessories\/ru-outboard-brackets-and-accessories\/soukruvi-kaitse-11-25-35-hp\/"]}]},{"@type":"ImageObject","inLanguage":"et","@id":"https:\/\/nordlinepaadid.ee\/et\/pood\/ru-motorboating-and-motor-accessories\/ru-outboard-brackets-and-accessories\/soukruvi-kaitse-11-25-35-hp\/#primaryimage","url":"https:\/\/nordlinepaadid.ee\/wp-content\/uploads\/2023\/11\/9777_goldenship-25hp-35hp-propeller-guard.jpg","contentUrl":"https:\/\/nordlinepaadid.ee\/wp-content\/uploads\/2023\/11\/9777_goldenship-25hp-35hp-propeller-guard.jpg","width":600,"height":600},{"@type":"BreadcrumbList","@id":"https:\/\/nordlinepaadid.ee\/et\/pood\/ru-motorboating-and-motor-accessories\/ru-outboard-brackets-and-accessories\/soukruvi-kaitse-11-25-35-hp\/#breadcrumb","itemListElement":[{"@type":"ListItem","position":1,"name":"Home","item":"https:\/\/nordlinepaadid.ee\/et\/"},{"@type":"ListItem","position":2,"name":"Pood","item":"https:\/\/nordlinepaadid.ee\/et\/pood\/"},{"@type":"ListItem","position":3,"name":"S\u00d5UKRUVI KAITSE, 11&#8243; (25-35 HP)"}]},{"@type":"WebSite","@id":"https:\/\/nordlinepaadid.ee\/et\/#website","url":"https:\/\/nordlinepaadid.ee\/et\/","name":"NORDLINE s\u00f5udepaadid ja mootorpaadid. Klaasfiiber materjalist.","description":"","publisher":{"@id":"https:\/\/nordlinepaadid.ee\/et\/#organization"},"potentialAction":[{"@type":"SearchAction","target":{"@type":"EntryPoint","urlTemplate":"https:\/\/nordlinepaadid.ee\/et\/?s={search_term_string}"},"query-input":{"@type":"PropertyValueSpecification","valueRequired":true,"valueName":"search_term_string"}}],"inLanguage":"et"},{"@type":"Organization","@id":"https:\/\/nordlinepaadid.ee\/et\/#organization","name":"Nordlineboats","url":"https:\/\/nordlinepaadid.ee\/et\/","logo":{"@type":"ImageObject","inLanguage":"et","@id":"https:\/\/nordlinepaadid.ee\/et\/#\/schema\/logo\/image\/","url":"https:\/\/nordlinepaadid.ee\/wp-content\/uploads\/2023\/01\/fulllogo_transparent_nobuffer-e1672750475494.png","contentUrl":"https:\/\/nordlinepaadid.ee\/wp-content\/uploads\/2023\/01\/fulllogo_transparent_nobuffer-e1672750475494.png","width":150,"height":119,"caption":"Nordlineboats"},"image":{"@id":"https:\/\/nordlinepaadid.ee\/et\/#\/schema\/logo\/image\/"},"sameAs":["https:\/\/www.facebook.com\/nordlineboats","https:\/\/www.youtube.com\/channel\/UCbgF0fy02y3QkFnujaLTaCA"]}]}},"taxonomy_info":{"product_cat":[{"value":288,"label":"Mootoritarvikud- ja kinnitused"},{"value":249,"label":"VARUOSAD MOOTORPAATIDELE"},{"value":837,"label":"\u041a\u0440\u0435\u043f\u043b\u0435\u043d\u0438\u044f \u043c\u043e\u0442\u043e\u0440\u0430"}],"pa_producer":[{"value":1363,"label":"Goldenship"}],"pa_unit":[{"value":416,"label":"pcs"}]},"featured_image_src_large":["https:\/\/nordlinepaadid.ee\/wp-content\/uploads\/2023\/11\/9777_goldenship-25hp-35hp-propeller-guard.jpg",600,600,false],"author_info":[],"comment_info":"","_links":{"self":[{"href":"https:\/\/nordlinepaadid.ee\/et\/wp-json\/wp\/v2\/product\/46414","targetHints":{"allow":["GET"]}}],"collection":[{"href":"https:\/\/nordlinepaadid.ee\/et\/wp-json\/wp\/v2\/product"}],"about":[{"href":"https:\/\/nordlinepaadid.ee\/et\/wp-json\/wp\/v2\/types\/product"}],"wp:featuredmedia":[{"embeddable":true,"href":"https:\/\/nordlinepaadid.ee\/et\/wp-json\/wp\/v2\/media\/40972"}],"wp:attachment":[{"href":"https:\/\/nordlinepaadid.ee\/et\/wp-json\/wp\/v2\/media?parent=46414"}],"wp:term":[{"taxonomy":"product_brand","embeddable":true,"href":"https:\/\/nordlinepaadid.ee\/et\/wp-json\/wp\/v2\/product_brand?post=46414"},{"taxonomy":"product_cat","embeddable":true,"href":"https:\/\/nordlinepaadid.ee\/et\/wp-json\/wp\/v2\/product_cat?post=46414"},{"taxonomy":"product_tag","embeddable":true,"href":"https:\/\/nordlinepaadid.ee\/et\/wp-json\/wp\/v2\/product_tag?post=46414"}],"curies":[{"name":"wp","href":"https:\/\/api.w.org\/{rel}","templated":true}]}}