{"id":46443,"date":"2026-04-07T03:23:55","date_gmt":"2026-04-07T00:23:55","guid":{"rendered":"https:\/\/nordlinepaadid.ee\/toode\/maaratlemata\/kutusepaagi-ventilatsioon-fuel-lock\/"},"modified":"2026-04-07T03:23:55","modified_gmt":"2026-04-07T00:23:55","slug":"kutusepaagi-ventilatsioon-fuel-lock","status":"publish","type":"product","link":"https:\/\/nordlinepaadid.ee\/et\/pood\/varuosad-mootorpaatidele\/kutusepaagid-mahutid-voolikud\/kutusepaagi-ventilatsioon-fuel-lock\/","title":{"rendered":"K\u00dcTUSEPAAGI VENTILATSIOON, FUEL-LOCK"},"content":{"rendered":"<p>K\u00fctuseklapp Fuel-Lock laseb \u00f5hku v\u00e4lja, kuid mitte k\u00fctust, mis j\u00e4\u00e4b spetsiaalsesse l\u00f5ksu, takistades mere saastumist ja laevakere plekkide eest. Lisaks sellele v\u00e4ldib sisemine vaheseade vee sattumist k\u00fctusepaaki l\u00e4bi ventilatsiooniklapi. V\u00e4limine osa on valmistatud poleeritud AISI 316 roostevabast terasest. Sisemine osa on valmistatud orgaaniliste ainete suhtes vastupidavast pol\u00fcprop\u00fcleenist. Vooliku kinnitus \u00d8 16mm<\/p>\n","protected":false},"excerpt":{"rendered":"<p>K\u00fctuseklapp Fuel-Lock laseb \u00f5hku v\u00e4lja, kuid mitte k\u00fctust, mis j\u00e4\u00e4b spetsiaalsesse l\u00f5ksu, takistades mere saastumist ja laevakere plekkide eest. Lisaks sellele v\u00e4ldib sisemine vaheseade vee sattumist k\u00fctusepaaki l\u00e4bi ventilatsiooniklapi. V\u00e4limine osa on valmistatud poleeritud AISI 316 roostevabast terasest. Sisemine osa on valmistatud orgaaniliste ainete suhtes vastupidavast pol\u00fcprop\u00fcleenist. Vooliku kinnitus \u00d8 16mm<\/p>\n","protected":false},"featured_media":41076,"template":"","meta":{"_kad_blocks_custom_css":"","_kad_blocks_head_custom_js":"","_kad_blocks_body_custom_js":"","_kad_blocks_footer_custom_js":"","_kad_post_transparent":"","_kad_post_title":"","_kad_post_layout":"","_kad_post_sidebar_id":"","_kad_post_content_style":"","_kad_post_vertical_padding":"","_kad_post_feature":"","_kad_post_feature_position":"","_kad_post_header":false,"_kad_post_footer":false,"_kad_post_classname":""},"product_brand":[],"product_cat":[278,249],"product_tag":[],"class_list":{"0":"post-46443","1":"product","2":"type-product","3":"status-publish","4":"has-post-thumbnail","6":"product_cat-kutusepaagid-mahutid-voolikud","7":"product_cat-varuosad-mootorpaatidele","8":"pa_producer-osculati","9":"pa_unit-pcs","10":"tm-no-options","12":"first","13":"onbackorder","14":"taxable","15":"shipping-taxable","16":"purchasable","17":"product-type-simple","18":"entry","19":"content-bg","20":"loop-entry"},"yoast_head":"<!-- This site is optimized with the Yoast SEO plugin v27.3 - https:\/\/yoast.com\/product\/yoast-seo-wordpress\/ -->\n<title>K\u00dcTUSEPAAGI VENTILATSIOON, FUEL-LOCK - NORDLINE s\u00f5udepaadid ja mootorpaadid. Klaasfiiber materjalist.<\/title>\n<meta name=\"robots\" content=\"index, follow, max-snippet:-1, max-image-preview:large, max-video-preview:-1\" \/>\n<link rel=\"canonical\" href=\"https:\/\/nordlinepaadid.ee\/et\/pood\/varuosad-mootorpaatidele\/kutusepaagid-mahutid-voolikud\/kutusepaagi-ventilatsioon-fuel-lock\/\" \/>\n<meta property=\"og:locale\" content=\"et_EE\" \/>\n<meta property=\"og:type\" content=\"article\" \/>\n<meta property=\"og:title\" content=\"K\u00dcTUSEPAAGI VENTILATSIOON, FUEL-LOCK - NORDLINE s\u00f5udepaadid ja mootorpaadid. Klaasfiiber materjalist.\" \/>\n<meta property=\"og:description\" content=\"K\u00fctuseklapp Fuel-Lock laseb \u00f5hku v\u00e4lja, kuid mitte k\u00fctust, mis j\u00e4\u00e4b spetsiaalsesse l\u00f5ksu, takistades mere saastumist ja laevakere plekkide eest. Lisaks sellele v\u00e4ldib sisemine vaheseade vee sattumist k\u00fctusepaaki l\u00e4bi ventilatsiooniklapi. V\u00e4limine osa on valmistatud poleeritud AISI 316 roostevabast terasest. Sisemine osa on valmistatud orgaaniliste ainete suhtes vastupidavast pol\u00fcprop\u00fcleenist. Vooliku kinnitus \u00d8 16mm\" \/>\n<meta property=\"og:url\" content=\"https:\/\/nordlinepaadid.ee\/et\/pood\/varuosad-mootorpaatidele\/kutusepaagid-mahutid-voolikud\/kutusepaagi-ventilatsioon-fuel-lock\/\" \/>\n<meta property=\"og:site_name\" content=\"NORDLINE s\u00f5udepaadid ja mootorpaadid. Klaasfiiber materjalist.\" \/>\n<meta property=\"article:publisher\" content=\"https:\/\/www.facebook.com\/nordlineboats\" \/>\n<meta property=\"og:image\" content=\"https:\/\/nordlinepaadid.ee\/wp-content\/uploads\/2023\/11\/9842_20.168.22-1.jpg\" \/>\n\t<meta property=\"og:image:width\" content=\"740\" \/>\n\t<meta property=\"og:image:height\" content=\"800\" \/>\n\t<meta property=\"og:image:type\" content=\"image\/jpeg\" \/>\n<meta name=\"twitter:card\" content=\"summary_large_image\" \/>\n<script type=\"application\/ld+json\" class=\"yoast-schema-graph\">{\"@context\":\"https:\\\/\\\/schema.org\",\"@graph\":[{\"@type\":\"WebPage\",\"@id\":\"https:\\\/\\\/nordlinepaadid.ee\\\/et\\\/pood\\\/varuosad-mootorpaatidele\\\/kutusepaagid-mahutid-voolikud\\\/kutusepaagi-ventilatsioon-fuel-lock\\\/\",\"url\":\"https:\\\/\\\/nordlinepaadid.ee\\\/et\\\/pood\\\/varuosad-mootorpaatidele\\\/kutusepaagid-mahutid-voolikud\\\/kutusepaagi-ventilatsioon-fuel-lock\\\/\",\"name\":\"K\u00dcTUSEPAAGI VENTILATSIOON, FUEL-LOCK - NORDLINE s\u00f5udepaadid ja mootorpaadid. Klaasfiiber materjalist.\",\"isPartOf\":{\"@id\":\"https:\\\/\\\/nordlinepaadid.ee\\\/et\\\/#website\"},\"primaryImageOfPage\":{\"@id\":\"https:\\\/\\\/nordlinepaadid.ee\\\/et\\\/pood\\\/varuosad-mootorpaatidele\\\/kutusepaagid-mahutid-voolikud\\\/kutusepaagi-ventilatsioon-fuel-lock\\\/#primaryimage\"},\"image\":{\"@id\":\"https:\\\/\\\/nordlinepaadid.ee\\\/et\\\/pood\\\/varuosad-mootorpaatidele\\\/kutusepaagid-mahutid-voolikud\\\/kutusepaagi-ventilatsioon-fuel-lock\\\/#primaryimage\"},\"thumbnailUrl\":\"https:\\\/\\\/nordlinepaadid.ee\\\/wp-content\\\/uploads\\\/2023\\\/11\\\/9842_20.168.22-1.jpg\",\"datePublished\":\"2026-04-07T00:23:55+00:00\",\"breadcrumb\":{\"@id\":\"https:\\\/\\\/nordlinepaadid.ee\\\/et\\\/pood\\\/varuosad-mootorpaatidele\\\/kutusepaagid-mahutid-voolikud\\\/kutusepaagi-ventilatsioon-fuel-lock\\\/#breadcrumb\"},\"inLanguage\":\"et\",\"potentialAction\":[{\"@type\":\"ReadAction\",\"target\":[\"https:\\\/\\\/nordlinepaadid.ee\\\/et\\\/pood\\\/varuosad-mootorpaatidele\\\/kutusepaagid-mahutid-voolikud\\\/kutusepaagi-ventilatsioon-fuel-lock\\\/\"]}]},{\"@type\":\"ImageObject\",\"inLanguage\":\"et\",\"@id\":\"https:\\\/\\\/nordlinepaadid.ee\\\/et\\\/pood\\\/varuosad-mootorpaatidele\\\/kutusepaagid-mahutid-voolikud\\\/kutusepaagi-ventilatsioon-fuel-lock\\\/#primaryimage\",\"url\":\"https:\\\/\\\/nordlinepaadid.ee\\\/wp-content\\\/uploads\\\/2023\\\/11\\\/9842_20.168.22-1.jpg\",\"contentUrl\":\"https:\\\/\\\/nordlinepaadid.ee\\\/wp-content\\\/uploads\\\/2023\\\/11\\\/9842_20.168.22-1.jpg\",\"width\":740,\"height\":800},{\"@type\":\"BreadcrumbList\",\"@id\":\"https:\\\/\\\/nordlinepaadid.ee\\\/et\\\/pood\\\/varuosad-mootorpaatidele\\\/kutusepaagid-mahutid-voolikud\\\/kutusepaagi-ventilatsioon-fuel-lock\\\/#breadcrumb\",\"itemListElement\":[{\"@type\":\"ListItem\",\"position\":1,\"name\":\"Home\",\"item\":\"https:\\\/\\\/nordlinepaadid.ee\\\/et\\\/\"},{\"@type\":\"ListItem\",\"position\":2,\"name\":\"Pood\",\"item\":\"https:\\\/\\\/nordlinepaadid.ee\\\/et\\\/pood\\\/\"},{\"@type\":\"ListItem\",\"position\":3,\"name\":\"K\u00dcTUSEPAAGI VENTILATSIOON, FUEL-LOCK\"}]},{\"@type\":\"WebSite\",\"@id\":\"https:\\\/\\\/nordlinepaadid.ee\\\/et\\\/#website\",\"url\":\"https:\\\/\\\/nordlinepaadid.ee\\\/et\\\/\",\"name\":\"NORDLINE s\u00f5udepaadid ja mootorpaadid. Klaasfiiber materjalist.\",\"description\":\"\",\"publisher\":{\"@id\":\"https:\\\/\\\/nordlinepaadid.ee\\\/et\\\/#organization\"},\"potentialAction\":[{\"@type\":\"SearchAction\",\"target\":{\"@type\":\"EntryPoint\",\"urlTemplate\":\"https:\\\/\\\/nordlinepaadid.ee\\\/et\\\/?s={search_term_string}\"},\"query-input\":{\"@type\":\"PropertyValueSpecification\",\"valueRequired\":true,\"valueName\":\"search_term_string\"}}],\"inLanguage\":\"et\"},{\"@type\":\"Organization\",\"@id\":\"https:\\\/\\\/nordlinepaadid.ee\\\/et\\\/#organization\",\"name\":\"Nordlineboats\",\"url\":\"https:\\\/\\\/nordlinepaadid.ee\\\/et\\\/\",\"logo\":{\"@type\":\"ImageObject\",\"inLanguage\":\"et\",\"@id\":\"https:\\\/\\\/nordlinepaadid.ee\\\/et\\\/#\\\/schema\\\/logo\\\/image\\\/\",\"url\":\"https:\\\/\\\/nordlinepaadid.ee\\\/wp-content\\\/uploads\\\/2023\\\/01\\\/fulllogo_transparent_nobuffer-e1672750475494.png\",\"contentUrl\":\"https:\\\/\\\/nordlinepaadid.ee\\\/wp-content\\\/uploads\\\/2023\\\/01\\\/fulllogo_transparent_nobuffer-e1672750475494.png\",\"width\":150,\"height\":119,\"caption\":\"Nordlineboats\"},\"image\":{\"@id\":\"https:\\\/\\\/nordlinepaadid.ee\\\/et\\\/#\\\/schema\\\/logo\\\/image\\\/\"},\"sameAs\":[\"https:\\\/\\\/www.facebook.com\\\/nordlineboats\",\"https:\\\/\\\/www.youtube.com\\\/channel\\\/UCbgF0fy02y3QkFnujaLTaCA\"]}]}<\/script>\n<!-- \/ Yoast SEO plugin. -->","yoast_head_json":{"title":"K\u00dcTUSEPAAGI VENTILATSIOON, FUEL-LOCK - NORDLINE s\u00f5udepaadid ja mootorpaadid. Klaasfiiber materjalist.","robots":{"index":"index","follow":"follow","max-snippet":"max-snippet:-1","max-image-preview":"max-image-preview:large","max-video-preview":"max-video-preview:-1"},"canonical":"https:\/\/nordlinepaadid.ee\/et\/pood\/varuosad-mootorpaatidele\/kutusepaagid-mahutid-voolikud\/kutusepaagi-ventilatsioon-fuel-lock\/","og_locale":"et_EE","og_type":"article","og_title":"K\u00dcTUSEPAAGI VENTILATSIOON, FUEL-LOCK - NORDLINE s\u00f5udepaadid ja mootorpaadid. Klaasfiiber materjalist.","og_description":"K\u00fctuseklapp Fuel-Lock laseb \u00f5hku v\u00e4lja, kuid mitte k\u00fctust, mis j\u00e4\u00e4b spetsiaalsesse l\u00f5ksu, takistades mere saastumist ja laevakere plekkide eest. Lisaks sellele v\u00e4ldib sisemine vaheseade vee sattumist k\u00fctusepaaki l\u00e4bi ventilatsiooniklapi. V\u00e4limine osa on valmistatud poleeritud AISI 316 roostevabast terasest. Sisemine osa on valmistatud orgaaniliste ainete suhtes vastupidavast pol\u00fcprop\u00fcleenist. Vooliku kinnitus \u00d8 16mm","og_url":"https:\/\/nordlinepaadid.ee\/et\/pood\/varuosad-mootorpaatidele\/kutusepaagid-mahutid-voolikud\/kutusepaagi-ventilatsioon-fuel-lock\/","og_site_name":"NORDLINE s\u00f5udepaadid ja mootorpaadid. Klaasfiiber materjalist.","article_publisher":"https:\/\/www.facebook.com\/nordlineboats","og_image":[{"width":740,"height":800,"url":"https:\/\/nordlinepaadid.ee\/wp-content\/uploads\/2023\/11\/9842_20.168.22-1.jpg","type":"image\/jpeg"}],"twitter_card":"summary_large_image","schema":{"@context":"https:\/\/schema.org","@graph":[{"@type":"WebPage","@id":"https:\/\/nordlinepaadid.ee\/et\/pood\/varuosad-mootorpaatidele\/kutusepaagid-mahutid-voolikud\/kutusepaagi-ventilatsioon-fuel-lock\/","url":"https:\/\/nordlinepaadid.ee\/et\/pood\/varuosad-mootorpaatidele\/kutusepaagid-mahutid-voolikud\/kutusepaagi-ventilatsioon-fuel-lock\/","name":"K\u00dcTUSEPAAGI VENTILATSIOON, FUEL-LOCK - NORDLINE s\u00f5udepaadid ja mootorpaadid. Klaasfiiber materjalist.","isPartOf":{"@id":"https:\/\/nordlinepaadid.ee\/et\/#website"},"primaryImageOfPage":{"@id":"https:\/\/nordlinepaadid.ee\/et\/pood\/varuosad-mootorpaatidele\/kutusepaagid-mahutid-voolikud\/kutusepaagi-ventilatsioon-fuel-lock\/#primaryimage"},"image":{"@id":"https:\/\/nordlinepaadid.ee\/et\/pood\/varuosad-mootorpaatidele\/kutusepaagid-mahutid-voolikud\/kutusepaagi-ventilatsioon-fuel-lock\/#primaryimage"},"thumbnailUrl":"https:\/\/nordlinepaadid.ee\/wp-content\/uploads\/2023\/11\/9842_20.168.22-1.jpg","datePublished":"2026-04-07T00:23:55+00:00","breadcrumb":{"@id":"https:\/\/nordlinepaadid.ee\/et\/pood\/varuosad-mootorpaatidele\/kutusepaagid-mahutid-voolikud\/kutusepaagi-ventilatsioon-fuel-lock\/#breadcrumb"},"inLanguage":"et","potentialAction":[{"@type":"ReadAction","target":["https:\/\/nordlinepaadid.ee\/et\/pood\/varuosad-mootorpaatidele\/kutusepaagid-mahutid-voolikud\/kutusepaagi-ventilatsioon-fuel-lock\/"]}]},{"@type":"ImageObject","inLanguage":"et","@id":"https:\/\/nordlinepaadid.ee\/et\/pood\/varuosad-mootorpaatidele\/kutusepaagid-mahutid-voolikud\/kutusepaagi-ventilatsioon-fuel-lock\/#primaryimage","url":"https:\/\/nordlinepaadid.ee\/wp-content\/uploads\/2023\/11\/9842_20.168.22-1.jpg","contentUrl":"https:\/\/nordlinepaadid.ee\/wp-content\/uploads\/2023\/11\/9842_20.168.22-1.jpg","width":740,"height":800},{"@type":"BreadcrumbList","@id":"https:\/\/nordlinepaadid.ee\/et\/pood\/varuosad-mootorpaatidele\/kutusepaagid-mahutid-voolikud\/kutusepaagi-ventilatsioon-fuel-lock\/#breadcrumb","itemListElement":[{"@type":"ListItem","position":1,"name":"Home","item":"https:\/\/nordlinepaadid.ee\/et\/"},{"@type":"ListItem","position":2,"name":"Pood","item":"https:\/\/nordlinepaadid.ee\/et\/pood\/"},{"@type":"ListItem","position":3,"name":"K\u00dcTUSEPAAGI VENTILATSIOON, FUEL-LOCK"}]},{"@type":"WebSite","@id":"https:\/\/nordlinepaadid.ee\/et\/#website","url":"https:\/\/nordlinepaadid.ee\/et\/","name":"NORDLINE s\u00f5udepaadid ja mootorpaadid. Klaasfiiber materjalist.","description":"","publisher":{"@id":"https:\/\/nordlinepaadid.ee\/et\/#organization"},"potentialAction":[{"@type":"SearchAction","target":{"@type":"EntryPoint","urlTemplate":"https:\/\/nordlinepaadid.ee\/et\/?s={search_term_string}"},"query-input":{"@type":"PropertyValueSpecification","valueRequired":true,"valueName":"search_term_string"}}],"inLanguage":"et"},{"@type":"Organization","@id":"https:\/\/nordlinepaadid.ee\/et\/#organization","name":"Nordlineboats","url":"https:\/\/nordlinepaadid.ee\/et\/","logo":{"@type":"ImageObject","inLanguage":"et","@id":"https:\/\/nordlinepaadid.ee\/et\/#\/schema\/logo\/image\/","url":"https:\/\/nordlinepaadid.ee\/wp-content\/uploads\/2023\/01\/fulllogo_transparent_nobuffer-e1672750475494.png","contentUrl":"https:\/\/nordlinepaadid.ee\/wp-content\/uploads\/2023\/01\/fulllogo_transparent_nobuffer-e1672750475494.png","width":150,"height":119,"caption":"Nordlineboats"},"image":{"@id":"https:\/\/nordlinepaadid.ee\/et\/#\/schema\/logo\/image\/"},"sameAs":["https:\/\/www.facebook.com\/nordlineboats","https:\/\/www.youtube.com\/channel\/UCbgF0fy02y3QkFnujaLTaCA"]}]}},"taxonomy_info":{"product_cat":[{"value":278,"label":"K\u00fctusepaagid, Mahutid, Voolikud"},{"value":249,"label":"VARUOSAD MOOTORPAATIDELE"}],"pa_producer":[{"value":417,"label":"Osculati"}],"pa_unit":[{"value":416,"label":"pcs"}]},"featured_image_src_large":["https:\/\/nordlinepaadid.ee\/wp-content\/uploads\/2023\/11\/9842_20.168.22-1.jpg",740,800,false],"author_info":[],"comment_info":"","_links":{"self":[{"href":"https:\/\/nordlinepaadid.ee\/et\/wp-json\/wp\/v2\/product\/46443","targetHints":{"allow":["GET"]}}],"collection":[{"href":"https:\/\/nordlinepaadid.ee\/et\/wp-json\/wp\/v2\/product"}],"about":[{"href":"https:\/\/nordlinepaadid.ee\/et\/wp-json\/wp\/v2\/types\/product"}],"wp:featuredmedia":[{"embeddable":true,"href":"https:\/\/nordlinepaadid.ee\/et\/wp-json\/wp\/v2\/media\/41076"}],"wp:attachment":[{"href":"https:\/\/nordlinepaadid.ee\/et\/wp-json\/wp\/v2\/media?parent=46443"}],"wp:term":[{"taxonomy":"product_brand","embeddable":true,"href":"https:\/\/nordlinepaadid.ee\/et\/wp-json\/wp\/v2\/product_brand?post=46443"},{"taxonomy":"product_cat","embeddable":true,"href":"https:\/\/nordlinepaadid.ee\/et\/wp-json\/wp\/v2\/product_cat?post=46443"},{"taxonomy":"product_tag","embeddable":true,"href":"https:\/\/nordlinepaadid.ee\/et\/wp-json\/wp\/v2\/product_tag?post=46443"}],"curies":[{"name":"wp","href":"https:\/\/api.w.org\/{rel}","templated":true}]}}