{"id":46484,"date":"2026-04-07T03:25:04","date_gmt":"2026-04-07T00:25:04","guid":{"rendered":"https:\/\/nordlinepaadid.ee\/toode\/maaratlemata\/kaitsmekarp-plastik-kattega-12-valjundit\/"},"modified":"2026-04-07T03:25:04","modified_gmt":"2026-04-07T00:25:04","slug":"kaitsmekarp-plastik-kattega-12-valjundit","status":"publish","type":"product","link":"https:\/\/nordlinepaadid.ee\/et\/pood\/electrical-equipments\/kaitsmeplokid_kaitsmed_terminalid\/kaitsmekarp-plastik-kattega-12-valjundit\/","title":{"rendered":"KAITSMEKARP, PLASTIK KATTEGA, 12 V\u00c4LJUNDIT"},"content":{"rendered":"<p>Kaitsmeplokk l\u00e4bipaistva plastikust kaanega. H\u00f5betatud pronksist \u00fchendused. Sobilik tavalistele lamellaarkaitsmetele, Pinge: 12\/24 V, Ploki max.v\u00f5imsus: 100 A, V\u00f5imsus eraldi igale kaitsmele: 20 A, M\u00f5\u00f5tmed: 165 x 85 mm.<\/p>\n<p>&#13;<\/p>\n","protected":false},"excerpt":{"rendered":"<p>Kaitsmeplokk l\u00e4bipaistva plastikust kaanega. H\u00f5betatud pronksist \u00fchendused. Sobilik tavalistele lamellaarkaitsmetele, Pinge: 12\/24 V, Ploki max.v\u00f5imsus: 100 A, V\u00f5imsus eraldi igale kaitsmele: 20 A, M\u00f5\u00f5tmed: 165 x 85 mm. &#13;<\/p>\n","protected":false},"featured_media":41242,"template":"","meta":{"_kad_blocks_custom_css":"","_kad_blocks_head_custom_js":"","_kad_blocks_body_custom_js":"","_kad_blocks_footer_custom_js":"","_kad_post_transparent":"","_kad_post_title":"","_kad_post_layout":"","_kad_post_sidebar_id":"","_kad_post_content_style":"","_kad_post_vertical_padding":"","_kad_post_feature":"","_kad_post_feature_position":"","_kad_post_header":false,"_kad_post_footer":false,"_kad_post_classname":""},"product_brand":[],"product_cat":[239,1342],"product_tag":[],"class_list":{"0":"post-46484","1":"product","2":"type-product","3":"status-publish","4":"has-post-thumbnail","6":"product_cat-electrical-equipments","7":"product_cat-kaitsmeplokid_kaitsmed_terminalid","8":"pa_producer-osculati","9":"pa_unit-pcs","10":"tm-no-options","12":"first","13":"onbackorder","14":"taxable","15":"shipping-taxable","16":"purchasable","17":"product-type-simple","18":"entry","19":"content-bg","20":"loop-entry"},"yoast_head":"<!-- This site is optimized with the Yoast SEO plugin v27.3 - https:\/\/yoast.com\/product\/yoast-seo-wordpress\/ -->\n<title>KAITSMEKARP, PLASTIK KATTEGA, 12 V\u00c4LJUNDIT - NORDLINE s\u00f5udepaadid ja mootorpaadid. Klaasfiiber materjalist.<\/title>\n<meta name=\"robots\" content=\"index, follow, max-snippet:-1, max-image-preview:large, max-video-preview:-1\" \/>\n<link rel=\"canonical\" href=\"https:\/\/nordlinepaadid.ee\/et\/pood\/electrical-equipments\/kaitsmeplokid_kaitsmed_terminalid\/kaitsmekarp-plastik-kattega-12-valjundit\/\" \/>\n<meta property=\"og:locale\" content=\"et_EE\" \/>\n<meta property=\"og:type\" content=\"article\" \/>\n<meta property=\"og:title\" content=\"KAITSMEKARP, PLASTIK KATTEGA, 12 V\u00c4LJUNDIT - NORDLINE s\u00f5udepaadid ja mootorpaadid. Klaasfiiber materjalist.\" \/>\n<meta property=\"og:description\" content=\"Kaitsmeplokk l\u00e4bipaistva plastikust kaanega. H\u00f5betatud pronksist \u00fchendused. Sobilik tavalistele lamellaarkaitsmetele, Pinge: 12\/24 V, Ploki max.v\u00f5imsus: 100 A, V\u00f5imsus eraldi igale kaitsmele: 20 A, M\u00f5\u00f5tmed: 165 x 85 mm. &#013;\" \/>\n<meta property=\"og:url\" content=\"https:\/\/nordlinepaadid.ee\/et\/pood\/electrical-equipments\/kaitsmeplokid_kaitsmed_terminalid\/kaitsmekarp-plastik-kattega-12-valjundit\/\" \/>\n<meta property=\"og:site_name\" content=\"NORDLINE s\u00f5udepaadid ja mootorpaadid. Klaasfiiber materjalist.\" \/>\n<meta property=\"article:publisher\" content=\"https:\/\/www.facebook.com\/nordlineboats\" \/>\n<meta property=\"og:image\" content=\"https:\/\/nordlinepaadid.ee\/wp-content\/uploads\/2023\/11\/9941_14.183.12-1.jpg\" \/>\n\t<meta property=\"og:image:width\" content=\"800\" \/>\n\t<meta property=\"og:image:height\" content=\"669\" \/>\n\t<meta property=\"og:image:type\" content=\"image\/jpeg\" \/>\n<meta name=\"twitter:card\" content=\"summary_large_image\" \/>\n<script type=\"application\/ld+json\" class=\"yoast-schema-graph\">{\"@context\":\"https:\\\/\\\/schema.org\",\"@graph\":[{\"@type\":\"WebPage\",\"@id\":\"https:\\\/\\\/nordlinepaadid.ee\\\/et\\\/pood\\\/electrical-equipments\\\/kaitsmeplokid_kaitsmed_terminalid\\\/kaitsmekarp-plastik-kattega-12-valjundit\\\/\",\"url\":\"https:\\\/\\\/nordlinepaadid.ee\\\/et\\\/pood\\\/electrical-equipments\\\/kaitsmeplokid_kaitsmed_terminalid\\\/kaitsmekarp-plastik-kattega-12-valjundit\\\/\",\"name\":\"KAITSMEKARP, PLASTIK KATTEGA, 12 V\u00c4LJUNDIT - NORDLINE s\u00f5udepaadid ja mootorpaadid. Klaasfiiber materjalist.\",\"isPartOf\":{\"@id\":\"https:\\\/\\\/nordlinepaadid.ee\\\/et\\\/#website\"},\"primaryImageOfPage\":{\"@id\":\"https:\\\/\\\/nordlinepaadid.ee\\\/et\\\/pood\\\/electrical-equipments\\\/kaitsmeplokid_kaitsmed_terminalid\\\/kaitsmekarp-plastik-kattega-12-valjundit\\\/#primaryimage\"},\"image\":{\"@id\":\"https:\\\/\\\/nordlinepaadid.ee\\\/et\\\/pood\\\/electrical-equipments\\\/kaitsmeplokid_kaitsmed_terminalid\\\/kaitsmekarp-plastik-kattega-12-valjundit\\\/#primaryimage\"},\"thumbnailUrl\":\"https:\\\/\\\/nordlinepaadid.ee\\\/wp-content\\\/uploads\\\/2023\\\/11\\\/9941_14.183.12-1.jpg\",\"datePublished\":\"2026-04-07T00:25:04+00:00\",\"breadcrumb\":{\"@id\":\"https:\\\/\\\/nordlinepaadid.ee\\\/et\\\/pood\\\/electrical-equipments\\\/kaitsmeplokid_kaitsmed_terminalid\\\/kaitsmekarp-plastik-kattega-12-valjundit\\\/#breadcrumb\"},\"inLanguage\":\"et\",\"potentialAction\":[{\"@type\":\"ReadAction\",\"target\":[\"https:\\\/\\\/nordlinepaadid.ee\\\/et\\\/pood\\\/electrical-equipments\\\/kaitsmeplokid_kaitsmed_terminalid\\\/kaitsmekarp-plastik-kattega-12-valjundit\\\/\"]}]},{\"@type\":\"ImageObject\",\"inLanguage\":\"et\",\"@id\":\"https:\\\/\\\/nordlinepaadid.ee\\\/et\\\/pood\\\/electrical-equipments\\\/kaitsmeplokid_kaitsmed_terminalid\\\/kaitsmekarp-plastik-kattega-12-valjundit\\\/#primaryimage\",\"url\":\"https:\\\/\\\/nordlinepaadid.ee\\\/wp-content\\\/uploads\\\/2023\\\/11\\\/9941_14.183.12-1.jpg\",\"contentUrl\":\"https:\\\/\\\/nordlinepaadid.ee\\\/wp-content\\\/uploads\\\/2023\\\/11\\\/9941_14.183.12-1.jpg\",\"width\":800,\"height\":669},{\"@type\":\"BreadcrumbList\",\"@id\":\"https:\\\/\\\/nordlinepaadid.ee\\\/et\\\/pood\\\/electrical-equipments\\\/kaitsmeplokid_kaitsmed_terminalid\\\/kaitsmekarp-plastik-kattega-12-valjundit\\\/#breadcrumb\",\"itemListElement\":[{\"@type\":\"ListItem\",\"position\":1,\"name\":\"Home\",\"item\":\"https:\\\/\\\/nordlinepaadid.ee\\\/et\\\/\"},{\"@type\":\"ListItem\",\"position\":2,\"name\":\"Pood\",\"item\":\"https:\\\/\\\/nordlinepaadid.ee\\\/et\\\/pood\\\/\"},{\"@type\":\"ListItem\",\"position\":3,\"name\":\"KAITSMEKARP, PLASTIK KATTEGA, 12 V\u00c4LJUNDIT\"}]},{\"@type\":\"WebSite\",\"@id\":\"https:\\\/\\\/nordlinepaadid.ee\\\/et\\\/#website\",\"url\":\"https:\\\/\\\/nordlinepaadid.ee\\\/et\\\/\",\"name\":\"NORDLINE s\u00f5udepaadid ja mootorpaadid. Klaasfiiber materjalist.\",\"description\":\"\",\"publisher\":{\"@id\":\"https:\\\/\\\/nordlinepaadid.ee\\\/et\\\/#organization\"},\"potentialAction\":[{\"@type\":\"SearchAction\",\"target\":{\"@type\":\"EntryPoint\",\"urlTemplate\":\"https:\\\/\\\/nordlinepaadid.ee\\\/et\\\/?s={search_term_string}\"},\"query-input\":{\"@type\":\"PropertyValueSpecification\",\"valueRequired\":true,\"valueName\":\"search_term_string\"}}],\"inLanguage\":\"et\"},{\"@type\":\"Organization\",\"@id\":\"https:\\\/\\\/nordlinepaadid.ee\\\/et\\\/#organization\",\"name\":\"Nordlineboats\",\"url\":\"https:\\\/\\\/nordlinepaadid.ee\\\/et\\\/\",\"logo\":{\"@type\":\"ImageObject\",\"inLanguage\":\"et\",\"@id\":\"https:\\\/\\\/nordlinepaadid.ee\\\/et\\\/#\\\/schema\\\/logo\\\/image\\\/\",\"url\":\"https:\\\/\\\/nordlinepaadid.ee\\\/wp-content\\\/uploads\\\/2023\\\/01\\\/fulllogo_transparent_nobuffer-e1672750475494.png\",\"contentUrl\":\"https:\\\/\\\/nordlinepaadid.ee\\\/wp-content\\\/uploads\\\/2023\\\/01\\\/fulllogo_transparent_nobuffer-e1672750475494.png\",\"width\":150,\"height\":119,\"caption\":\"Nordlineboats\"},\"image\":{\"@id\":\"https:\\\/\\\/nordlinepaadid.ee\\\/et\\\/#\\\/schema\\\/logo\\\/image\\\/\"},\"sameAs\":[\"https:\\\/\\\/www.facebook.com\\\/nordlineboats\",\"https:\\\/\\\/www.youtube.com\\\/channel\\\/UCbgF0fy02y3QkFnujaLTaCA\"]}]}<\/script>\n<!-- \/ Yoast SEO plugin. -->","yoast_head_json":{"title":"KAITSMEKARP, PLASTIK KATTEGA, 12 V\u00c4LJUNDIT - NORDLINE s\u00f5udepaadid ja mootorpaadid. Klaasfiiber materjalist.","robots":{"index":"index","follow":"follow","max-snippet":"max-snippet:-1","max-image-preview":"max-image-preview:large","max-video-preview":"max-video-preview:-1"},"canonical":"https:\/\/nordlinepaadid.ee\/et\/pood\/electrical-equipments\/kaitsmeplokid_kaitsmed_terminalid\/kaitsmekarp-plastik-kattega-12-valjundit\/","og_locale":"et_EE","og_type":"article","og_title":"KAITSMEKARP, PLASTIK KATTEGA, 12 V\u00c4LJUNDIT - NORDLINE s\u00f5udepaadid ja mootorpaadid. Klaasfiiber materjalist.","og_description":"Kaitsmeplokk l\u00e4bipaistva plastikust kaanega. H\u00f5betatud pronksist \u00fchendused. Sobilik tavalistele lamellaarkaitsmetele, Pinge: 12\/24 V, Ploki max.v\u00f5imsus: 100 A, V\u00f5imsus eraldi igale kaitsmele: 20 A, M\u00f5\u00f5tmed: 165 x 85 mm. &#13;","og_url":"https:\/\/nordlinepaadid.ee\/et\/pood\/electrical-equipments\/kaitsmeplokid_kaitsmed_terminalid\/kaitsmekarp-plastik-kattega-12-valjundit\/","og_site_name":"NORDLINE s\u00f5udepaadid ja mootorpaadid. Klaasfiiber materjalist.","article_publisher":"https:\/\/www.facebook.com\/nordlineboats","og_image":[{"width":800,"height":669,"url":"https:\/\/nordlinepaadid.ee\/wp-content\/uploads\/2023\/11\/9941_14.183.12-1.jpg","type":"image\/jpeg"}],"twitter_card":"summary_large_image","schema":{"@context":"https:\/\/schema.org","@graph":[{"@type":"WebPage","@id":"https:\/\/nordlinepaadid.ee\/et\/pood\/electrical-equipments\/kaitsmeplokid_kaitsmed_terminalid\/kaitsmekarp-plastik-kattega-12-valjundit\/","url":"https:\/\/nordlinepaadid.ee\/et\/pood\/electrical-equipments\/kaitsmeplokid_kaitsmed_terminalid\/kaitsmekarp-plastik-kattega-12-valjundit\/","name":"KAITSMEKARP, PLASTIK KATTEGA, 12 V\u00c4LJUNDIT - NORDLINE s\u00f5udepaadid ja mootorpaadid. Klaasfiiber materjalist.","isPartOf":{"@id":"https:\/\/nordlinepaadid.ee\/et\/#website"},"primaryImageOfPage":{"@id":"https:\/\/nordlinepaadid.ee\/et\/pood\/electrical-equipments\/kaitsmeplokid_kaitsmed_terminalid\/kaitsmekarp-plastik-kattega-12-valjundit\/#primaryimage"},"image":{"@id":"https:\/\/nordlinepaadid.ee\/et\/pood\/electrical-equipments\/kaitsmeplokid_kaitsmed_terminalid\/kaitsmekarp-plastik-kattega-12-valjundit\/#primaryimage"},"thumbnailUrl":"https:\/\/nordlinepaadid.ee\/wp-content\/uploads\/2023\/11\/9941_14.183.12-1.jpg","datePublished":"2026-04-07T00:25:04+00:00","breadcrumb":{"@id":"https:\/\/nordlinepaadid.ee\/et\/pood\/electrical-equipments\/kaitsmeplokid_kaitsmed_terminalid\/kaitsmekarp-plastik-kattega-12-valjundit\/#breadcrumb"},"inLanguage":"et","potentialAction":[{"@type":"ReadAction","target":["https:\/\/nordlinepaadid.ee\/et\/pood\/electrical-equipments\/kaitsmeplokid_kaitsmed_terminalid\/kaitsmekarp-plastik-kattega-12-valjundit\/"]}]},{"@type":"ImageObject","inLanguage":"et","@id":"https:\/\/nordlinepaadid.ee\/et\/pood\/electrical-equipments\/kaitsmeplokid_kaitsmed_terminalid\/kaitsmekarp-plastik-kattega-12-valjundit\/#primaryimage","url":"https:\/\/nordlinepaadid.ee\/wp-content\/uploads\/2023\/11\/9941_14.183.12-1.jpg","contentUrl":"https:\/\/nordlinepaadid.ee\/wp-content\/uploads\/2023\/11\/9941_14.183.12-1.jpg","width":800,"height":669},{"@type":"BreadcrumbList","@id":"https:\/\/nordlinepaadid.ee\/et\/pood\/electrical-equipments\/kaitsmeplokid_kaitsmed_terminalid\/kaitsmekarp-plastik-kattega-12-valjundit\/#breadcrumb","itemListElement":[{"@type":"ListItem","position":1,"name":"Home","item":"https:\/\/nordlinepaadid.ee\/et\/"},{"@type":"ListItem","position":2,"name":"Pood","item":"https:\/\/nordlinepaadid.ee\/et\/pood\/"},{"@type":"ListItem","position":3,"name":"KAITSMEKARP, PLASTIK KATTEGA, 12 V\u00c4LJUNDIT"}]},{"@type":"WebSite","@id":"https:\/\/nordlinepaadid.ee\/et\/#website","url":"https:\/\/nordlinepaadid.ee\/et\/","name":"NORDLINE s\u00f5udepaadid ja mootorpaadid. Klaasfiiber materjalist.","description":"","publisher":{"@id":"https:\/\/nordlinepaadid.ee\/et\/#organization"},"potentialAction":[{"@type":"SearchAction","target":{"@type":"EntryPoint","urlTemplate":"https:\/\/nordlinepaadid.ee\/et\/?s={search_term_string}"},"query-input":{"@type":"PropertyValueSpecification","valueRequired":true,"valueName":"search_term_string"}}],"inLanguage":"et"},{"@type":"Organization","@id":"https:\/\/nordlinepaadid.ee\/et\/#organization","name":"Nordlineboats","url":"https:\/\/nordlinepaadid.ee\/et\/","logo":{"@type":"ImageObject","inLanguage":"et","@id":"https:\/\/nordlinepaadid.ee\/et\/#\/schema\/logo\/image\/","url":"https:\/\/nordlinepaadid.ee\/wp-content\/uploads\/2023\/01\/fulllogo_transparent_nobuffer-e1672750475494.png","contentUrl":"https:\/\/nordlinepaadid.ee\/wp-content\/uploads\/2023\/01\/fulllogo_transparent_nobuffer-e1672750475494.png","width":150,"height":119,"caption":"Nordlineboats"},"image":{"@id":"https:\/\/nordlinepaadid.ee\/et\/#\/schema\/logo\/image\/"},"sameAs":["https:\/\/www.facebook.com\/nordlineboats","https:\/\/www.youtube.com\/channel\/UCbgF0fy02y3QkFnujaLTaCA"]}]}},"taxonomy_info":{"product_cat":[{"value":239,"label":"ELEKTRITARVIKUD"},{"value":1342,"label":"Kaitsmeplokid, Kaitsmed, Terminalid"}],"pa_producer":[{"value":417,"label":"Osculati"}],"pa_unit":[{"value":416,"label":"pcs"}]},"featured_image_src_large":["https:\/\/nordlinepaadid.ee\/wp-content\/uploads\/2023\/11\/9941_14.183.12-1.jpg",800,669,false],"author_info":[],"comment_info":"","_links":{"self":[{"href":"https:\/\/nordlinepaadid.ee\/et\/wp-json\/wp\/v2\/product\/46484","targetHints":{"allow":["GET"]}}],"collection":[{"href":"https:\/\/nordlinepaadid.ee\/et\/wp-json\/wp\/v2\/product"}],"about":[{"href":"https:\/\/nordlinepaadid.ee\/et\/wp-json\/wp\/v2\/types\/product"}],"wp:featuredmedia":[{"embeddable":true,"href":"https:\/\/nordlinepaadid.ee\/et\/wp-json\/wp\/v2\/media\/41242"}],"wp:attachment":[{"href":"https:\/\/nordlinepaadid.ee\/et\/wp-json\/wp\/v2\/media?parent=46484"}],"wp:term":[{"taxonomy":"product_brand","embeddable":true,"href":"https:\/\/nordlinepaadid.ee\/et\/wp-json\/wp\/v2\/product_brand?post=46484"},{"taxonomy":"product_cat","embeddable":true,"href":"https:\/\/nordlinepaadid.ee\/et\/wp-json\/wp\/v2\/product_cat?post=46484"},{"taxonomy":"product_tag","embeddable":true,"href":"https:\/\/nordlinepaadid.ee\/et\/wp-json\/wp\/v2\/product_tag?post=46484"}],"curies":[{"name":"wp","href":"https:\/\/api.w.org\/{rel}","templated":true}]}}