{"id":4649,"date":"2021-02-12T10:15:09","date_gmt":"2021-02-12T08:15:09","guid":{"rendered":"https:\/\/nordlinepaadid.ee\/?post_type=product&#038;p=4649"},"modified":"2025-05-27T16:18:52","modified_gmt":"2025-05-27T13:18:52","slug":"poluuretaanvaht-pur-a45","status":"publish","type":"product","link":"https:\/\/nordlinepaadid.ee\/et\/pood\/klaasfiiber-materjalid\/poluuretaanvaht-pur-a45\/","title":{"rendered":"Pol\u00fcuretaanvaht PUR A45"},"content":{"rendered":"<h1>Pol\u00fcuretaanvaht<\/h1>\n<p>Koosneb kahest komponendist &#8211; PUR A ja PUR B osast. Antud 1L hind.<\/p>\n","protected":false},"excerpt":{"rendered":"<p>Pol\u00fcuretaanvaht Koosneb kahest komponendist &#8211; PUR A ja PUR B osast. Antud 1L hind.<\/p>\n","protected":false},"featured_media":4650,"template":"","meta":{"_kad_blocks_custom_css":"","_kad_blocks_head_custom_js":"","_kad_blocks_body_custom_js":"","_kad_blocks_footer_custom_js":"","_kad_post_transparent":"default","_kad_post_title":"","_kad_post_layout":"default","_kad_post_sidebar_id":"","_kad_post_content_style":"default","_kad_post_vertical_padding":"default","_kad_post_feature":"","_kad_post_feature_position":"","_kad_post_header":false,"_kad_post_footer":false,"_kad_post_classname":""},"product_brand":[],"product_cat":[26],"product_tag":[],"class_list":{"0":"post-4649","1":"product","2":"type-product","3":"status-publish","4":"has-post-thumbnail","6":"product_cat-klaasfiiber-materjalid","7":"product_shipping_class-pakiautomaati-mahtuv-kaup","8":"tm-no-options","10":"first","11":"instock","12":"taxable","13":"shipping-taxable","14":"purchasable","15":"product-type-simple","16":"entry","17":"content-bg","18":"loop-entry"},"yoast_head":"<!-- This site is optimized with the Yoast SEO plugin v27.3 - https:\/\/yoast.com\/product\/yoast-seo-wordpress\/ -->\n<title>Pol\u00fcuretaanvaht PUR A45<\/title>\n<meta name=\"description\" content=\"Vaht, mida kasutatakse paadit\u00f6\u00f6stuses. Peamiselt kahe pinna vahel toote tugevdamiseks v\u00f5i mudelite v\u00e4ljat\u00f6\u00f6tamisel.\" \/>\n<meta name=\"robots\" content=\"index, follow, max-snippet:-1, max-image-preview:large, max-video-preview:-1\" \/>\n<link rel=\"canonical\" href=\"https:\/\/nordlinepaadid.ee\/et\/pood\/klaasfiiber-materjalid\/poluuretaanvaht-pur-a45\/\" \/>\n<meta property=\"og:locale\" content=\"et_EE\" \/>\n<meta property=\"og:type\" content=\"article\" \/>\n<meta property=\"og:title\" content=\"Pol\u00fcuretaanvaht PUR A45\" \/>\n<meta property=\"og:description\" content=\"Vaht, mida kasutatakse paadit\u00f6\u00f6stuses. Peamiselt kahe pinna vahel toote tugevdamiseks v\u00f5i mudelite v\u00e4ljat\u00f6\u00f6tamisel.\" \/>\n<meta property=\"og:url\" content=\"https:\/\/nordlinepaadid.ee\/et\/pood\/klaasfiiber-materjalid\/poluuretaanvaht-pur-a45\/\" \/>\n<meta property=\"og:site_name\" content=\"NORDLINE s\u00f5udepaadid ja mootorpaadid. Klaasfiiber materjalist.\" \/>\n<meta property=\"article:publisher\" content=\"https:\/\/www.facebook.com\/nordlineboats\" \/>\n<meta property=\"article:modified_time\" content=\"2025-05-27T13:18:52+00:00\" \/>\n<meta property=\"og:image\" content=\"https:\/\/nordlinepaadid.ee\/wp-content\/uploads\/2021\/02\/2021-02-10-12.16.40-scaled.jpg\" \/>\n\t<meta property=\"og:image:width\" content=\"2560\" \/>\n\t<meta property=\"og:image:height\" content=\"1920\" \/>\n\t<meta property=\"og:image:type\" content=\"image\/jpeg\" \/>\n<meta name=\"twitter:card\" content=\"summary_large_image\" \/>\n<meta name=\"twitter:label1\" content=\"Est. reading time\" \/>\n\t<meta name=\"twitter:data1\" content=\"1 minut\" \/>\n<script type=\"application\/ld+json\" class=\"yoast-schema-graph\">{\"@context\":\"https:\\\/\\\/schema.org\",\"@graph\":[{\"@type\":\"WebPage\",\"@id\":\"https:\\\/\\\/nordlinepaadid.ee\\\/et\\\/pood\\\/klaasfiiber-materjalid\\\/poluuretaanvaht-pur-a45\\\/\",\"url\":\"https:\\\/\\\/nordlinepaadid.ee\\\/et\\\/pood\\\/klaasfiiber-materjalid\\\/poluuretaanvaht-pur-a45\\\/\",\"name\":\"Pol\u00fcuretaanvaht PUR A45\",\"isPartOf\":{\"@id\":\"https:\\\/\\\/nordlinepaadid.ee\\\/et\\\/#website\"},\"primaryImageOfPage\":{\"@id\":\"https:\\\/\\\/nordlinepaadid.ee\\\/et\\\/pood\\\/klaasfiiber-materjalid\\\/poluuretaanvaht-pur-a45\\\/#primaryimage\"},\"image\":{\"@id\":\"https:\\\/\\\/nordlinepaadid.ee\\\/et\\\/pood\\\/klaasfiiber-materjalid\\\/poluuretaanvaht-pur-a45\\\/#primaryimage\"},\"thumbnailUrl\":\"https:\\\/\\\/nordlinepaadid.ee\\\/wp-content\\\/uploads\\\/2021\\\/02\\\/2021-02-10-12.16.40-scaled.jpg\",\"datePublished\":\"2021-02-12T08:15:09+00:00\",\"dateModified\":\"2025-05-27T13:18:52+00:00\",\"description\":\"Vaht, mida kasutatakse paadit\u00f6\u00f6stuses. Peamiselt kahe pinna vahel toote tugevdamiseks v\u00f5i mudelite v\u00e4ljat\u00f6\u00f6tamisel.\",\"breadcrumb\":{\"@id\":\"https:\\\/\\\/nordlinepaadid.ee\\\/et\\\/pood\\\/klaasfiiber-materjalid\\\/poluuretaanvaht-pur-a45\\\/#breadcrumb\"},\"inLanguage\":\"et\",\"potentialAction\":[{\"@type\":\"ReadAction\",\"target\":[\"https:\\\/\\\/nordlinepaadid.ee\\\/et\\\/pood\\\/klaasfiiber-materjalid\\\/poluuretaanvaht-pur-a45\\\/\"]}]},{\"@type\":\"ImageObject\",\"inLanguage\":\"et\",\"@id\":\"https:\\\/\\\/nordlinepaadid.ee\\\/et\\\/pood\\\/klaasfiiber-materjalid\\\/poluuretaanvaht-pur-a45\\\/#primaryimage\",\"url\":\"https:\\\/\\\/nordlinepaadid.ee\\\/wp-content\\\/uploads\\\/2021\\\/02\\\/2021-02-10-12.16.40-scaled.jpg\",\"contentUrl\":\"https:\\\/\\\/nordlinepaadid.ee\\\/wp-content\\\/uploads\\\/2021\\\/02\\\/2021-02-10-12.16.40-scaled.jpg\",\"width\":2560,\"height\":1920,\"caption\":\"Pol\u00fcuretaanvaht\"},{\"@type\":\"BreadcrumbList\",\"@id\":\"https:\\\/\\\/nordlinepaadid.ee\\\/et\\\/pood\\\/klaasfiiber-materjalid\\\/poluuretaanvaht-pur-a45\\\/#breadcrumb\",\"itemListElement\":[{\"@type\":\"ListItem\",\"position\":1,\"name\":\"Home\",\"item\":\"https:\\\/\\\/nordlinepaadid.ee\\\/et\\\/\"},{\"@type\":\"ListItem\",\"position\":2,\"name\":\"Pood\",\"item\":\"https:\\\/\\\/nordlinepaadid.ee\\\/et\\\/pood\\\/\"},{\"@type\":\"ListItem\",\"position\":3,\"name\":\"Pol\u00fcuretaanvaht PUR A45\"}]},{\"@type\":\"WebSite\",\"@id\":\"https:\\\/\\\/nordlinepaadid.ee\\\/et\\\/#website\",\"url\":\"https:\\\/\\\/nordlinepaadid.ee\\\/et\\\/\",\"name\":\"NORDLINE s\u00f5udepaadid ja mootorpaadid. Klaasfiiber materjalist.\",\"description\":\"\",\"publisher\":{\"@id\":\"https:\\\/\\\/nordlinepaadid.ee\\\/et\\\/#organization\"},\"potentialAction\":[{\"@type\":\"SearchAction\",\"target\":{\"@type\":\"EntryPoint\",\"urlTemplate\":\"https:\\\/\\\/nordlinepaadid.ee\\\/et\\\/?s={search_term_string}\"},\"query-input\":{\"@type\":\"PropertyValueSpecification\",\"valueRequired\":true,\"valueName\":\"search_term_string\"}}],\"inLanguage\":\"et\"},{\"@type\":\"Organization\",\"@id\":\"https:\\\/\\\/nordlinepaadid.ee\\\/et\\\/#organization\",\"name\":\"Nordlineboats\",\"url\":\"https:\\\/\\\/nordlinepaadid.ee\\\/et\\\/\",\"logo\":{\"@type\":\"ImageObject\",\"inLanguage\":\"et\",\"@id\":\"https:\\\/\\\/nordlinepaadid.ee\\\/et\\\/#\\\/schema\\\/logo\\\/image\\\/\",\"url\":\"https:\\\/\\\/nordlinepaadid.ee\\\/wp-content\\\/uploads\\\/2023\\\/01\\\/fulllogo_transparent_nobuffer-e1672750475494.png\",\"contentUrl\":\"https:\\\/\\\/nordlinepaadid.ee\\\/wp-content\\\/uploads\\\/2023\\\/01\\\/fulllogo_transparent_nobuffer-e1672750475494.png\",\"width\":150,\"height\":119,\"caption\":\"Nordlineboats\"},\"image\":{\"@id\":\"https:\\\/\\\/nordlinepaadid.ee\\\/et\\\/#\\\/schema\\\/logo\\\/image\\\/\"},\"sameAs\":[\"https:\\\/\\\/www.facebook.com\\\/nordlineboats\",\"https:\\\/\\\/www.youtube.com\\\/channel\\\/UCbgF0fy02y3QkFnujaLTaCA\"]}]}<\/script>\n<!-- \/ Yoast SEO plugin. -->","yoast_head_json":{"title":"Pol\u00fcuretaanvaht PUR A45","description":"Vaht, mida kasutatakse paadit\u00f6\u00f6stuses. Peamiselt kahe pinna vahel toote tugevdamiseks v\u00f5i mudelite v\u00e4ljat\u00f6\u00f6tamisel.","robots":{"index":"index","follow":"follow","max-snippet":"max-snippet:-1","max-image-preview":"max-image-preview:large","max-video-preview":"max-video-preview:-1"},"canonical":"https:\/\/nordlinepaadid.ee\/et\/pood\/klaasfiiber-materjalid\/poluuretaanvaht-pur-a45\/","og_locale":"et_EE","og_type":"article","og_title":"Pol\u00fcuretaanvaht PUR A45","og_description":"Vaht, mida kasutatakse paadit\u00f6\u00f6stuses. Peamiselt kahe pinna vahel toote tugevdamiseks v\u00f5i mudelite v\u00e4ljat\u00f6\u00f6tamisel.","og_url":"https:\/\/nordlinepaadid.ee\/et\/pood\/klaasfiiber-materjalid\/poluuretaanvaht-pur-a45\/","og_site_name":"NORDLINE s\u00f5udepaadid ja mootorpaadid. Klaasfiiber materjalist.","article_publisher":"https:\/\/www.facebook.com\/nordlineboats","article_modified_time":"2025-05-27T13:18:52+00:00","og_image":[{"width":2560,"height":1920,"url":"https:\/\/nordlinepaadid.ee\/wp-content\/uploads\/2021\/02\/2021-02-10-12.16.40-scaled.jpg","type":"image\/jpeg"}],"twitter_card":"summary_large_image","twitter_misc":{"Est. reading time":"1 minut"},"schema":{"@context":"https:\/\/schema.org","@graph":[{"@type":"WebPage","@id":"https:\/\/nordlinepaadid.ee\/et\/pood\/klaasfiiber-materjalid\/poluuretaanvaht-pur-a45\/","url":"https:\/\/nordlinepaadid.ee\/et\/pood\/klaasfiiber-materjalid\/poluuretaanvaht-pur-a45\/","name":"Pol\u00fcuretaanvaht PUR A45","isPartOf":{"@id":"https:\/\/nordlinepaadid.ee\/et\/#website"},"primaryImageOfPage":{"@id":"https:\/\/nordlinepaadid.ee\/et\/pood\/klaasfiiber-materjalid\/poluuretaanvaht-pur-a45\/#primaryimage"},"image":{"@id":"https:\/\/nordlinepaadid.ee\/et\/pood\/klaasfiiber-materjalid\/poluuretaanvaht-pur-a45\/#primaryimage"},"thumbnailUrl":"https:\/\/nordlinepaadid.ee\/wp-content\/uploads\/2021\/02\/2021-02-10-12.16.40-scaled.jpg","datePublished":"2021-02-12T08:15:09+00:00","dateModified":"2025-05-27T13:18:52+00:00","description":"Vaht, mida kasutatakse paadit\u00f6\u00f6stuses. Peamiselt kahe pinna vahel toote tugevdamiseks v\u00f5i mudelite v\u00e4ljat\u00f6\u00f6tamisel.","breadcrumb":{"@id":"https:\/\/nordlinepaadid.ee\/et\/pood\/klaasfiiber-materjalid\/poluuretaanvaht-pur-a45\/#breadcrumb"},"inLanguage":"et","potentialAction":[{"@type":"ReadAction","target":["https:\/\/nordlinepaadid.ee\/et\/pood\/klaasfiiber-materjalid\/poluuretaanvaht-pur-a45\/"]}]},{"@type":"ImageObject","inLanguage":"et","@id":"https:\/\/nordlinepaadid.ee\/et\/pood\/klaasfiiber-materjalid\/poluuretaanvaht-pur-a45\/#primaryimage","url":"https:\/\/nordlinepaadid.ee\/wp-content\/uploads\/2021\/02\/2021-02-10-12.16.40-scaled.jpg","contentUrl":"https:\/\/nordlinepaadid.ee\/wp-content\/uploads\/2021\/02\/2021-02-10-12.16.40-scaled.jpg","width":2560,"height":1920,"caption":"Pol\u00fcuretaanvaht"},{"@type":"BreadcrumbList","@id":"https:\/\/nordlinepaadid.ee\/et\/pood\/klaasfiiber-materjalid\/poluuretaanvaht-pur-a45\/#breadcrumb","itemListElement":[{"@type":"ListItem","position":1,"name":"Home","item":"https:\/\/nordlinepaadid.ee\/et\/"},{"@type":"ListItem","position":2,"name":"Pood","item":"https:\/\/nordlinepaadid.ee\/et\/pood\/"},{"@type":"ListItem","position":3,"name":"Pol\u00fcuretaanvaht PUR A45"}]},{"@type":"WebSite","@id":"https:\/\/nordlinepaadid.ee\/et\/#website","url":"https:\/\/nordlinepaadid.ee\/et\/","name":"NORDLINE s\u00f5udepaadid ja mootorpaadid. Klaasfiiber materjalist.","description":"","publisher":{"@id":"https:\/\/nordlinepaadid.ee\/et\/#organization"},"potentialAction":[{"@type":"SearchAction","target":{"@type":"EntryPoint","urlTemplate":"https:\/\/nordlinepaadid.ee\/et\/?s={search_term_string}"},"query-input":{"@type":"PropertyValueSpecification","valueRequired":true,"valueName":"search_term_string"}}],"inLanguage":"et"},{"@type":"Organization","@id":"https:\/\/nordlinepaadid.ee\/et\/#organization","name":"Nordlineboats","url":"https:\/\/nordlinepaadid.ee\/et\/","logo":{"@type":"ImageObject","inLanguage":"et","@id":"https:\/\/nordlinepaadid.ee\/et\/#\/schema\/logo\/image\/","url":"https:\/\/nordlinepaadid.ee\/wp-content\/uploads\/2023\/01\/fulllogo_transparent_nobuffer-e1672750475494.png","contentUrl":"https:\/\/nordlinepaadid.ee\/wp-content\/uploads\/2023\/01\/fulllogo_transparent_nobuffer-e1672750475494.png","width":150,"height":119,"caption":"Nordlineboats"},"image":{"@id":"https:\/\/nordlinepaadid.ee\/et\/#\/schema\/logo\/image\/"},"sameAs":["https:\/\/www.facebook.com\/nordlineboats","https:\/\/www.youtube.com\/channel\/UCbgF0fy02y3QkFnujaLTaCA"]}]}},"taxonomy_info":{"product_cat":[{"value":26,"label":"KLAASFIIBER MATERJALID"}]},"featured_image_src_large":["https:\/\/nordlinepaadid.ee\/wp-content\/uploads\/2021\/02\/2021-02-10-12.16.40-1024x768.jpg",1024,768,true],"author_info":[],"comment_info":"","_links":{"self":[{"href":"https:\/\/nordlinepaadid.ee\/et\/wp-json\/wp\/v2\/product\/4649","targetHints":{"allow":["GET"]}}],"collection":[{"href":"https:\/\/nordlinepaadid.ee\/et\/wp-json\/wp\/v2\/product"}],"about":[{"href":"https:\/\/nordlinepaadid.ee\/et\/wp-json\/wp\/v2\/types\/product"}],"wp:featuredmedia":[{"embeddable":true,"href":"https:\/\/nordlinepaadid.ee\/et\/wp-json\/wp\/v2\/media\/4650"}],"wp:attachment":[{"href":"https:\/\/nordlinepaadid.ee\/et\/wp-json\/wp\/v2\/media?parent=4649"}],"wp:term":[{"taxonomy":"product_brand","embeddable":true,"href":"https:\/\/nordlinepaadid.ee\/et\/wp-json\/wp\/v2\/product_brand?post=4649"},{"taxonomy":"product_cat","embeddable":true,"href":"https:\/\/nordlinepaadid.ee\/et\/wp-json\/wp\/v2\/product_cat?post=4649"},{"taxonomy":"product_tag","embeddable":true,"href":"https:\/\/nordlinepaadid.ee\/et\/wp-json\/wp\/v2\/product_tag?post=4649"}],"curies":[{"name":"wp","href":"https:\/\/api.w.org\/{rel}","templated":true}]}}