{"id":46541,"date":"2026-04-07T03:25:17","date_gmt":"2026-04-07T00:25:17","guid":{"rendered":"https:\/\/nordlinepaadid.ee\/toode\/maaratlemata\/kutusefilter-honda-bf35-40-45-50-75-90\/"},"modified":"2026-04-07T03:25:17","modified_gmt":"2026-04-07T00:25:17","slug":"kutusefilter-honda-bf35-40-45-50-75-90","status":"publish","type":"product","link":"https:\/\/nordlinepaadid.ee\/et\/pood\/varuosad-mootorpaatidele\/filters\/kutusefilter-honda-bf35-40-45-50-75-90\/","title":{"rendered":"K\u00dcTUSEFILTER, HONDA, BF35\/40\/45\/50\/75\/90"},"content":{"rendered":"<p>Honda madala r\u00f5hu k\u00fctusefilter. Mudelitele: BF35AM (S\/N: 1000001 &#8211; 1099999), BF40A (S\/N: 1000001 &#8211; 1999999), BF40A1 (S\/N: 3210001 &#8211; 3219999), BF40A2 (S\/N: 3100001 &#8211; 3299999), BF40A4 (S\/N: 3400001 &#8211; 3999999), BF40AX (S\/N: 3000001 &#8211; 3099999), BF40B (S\/N: 1000002 &#8211; 1000865), BF40B2 (S\/N: 2100001 &#8211; 2199999), BF40BX (S\/N: 2000001 &#8211; 2099999), BF45AM (S\/N: 1000001 &#8211; 1099999), BF50A (S\/N: 1000001 &#8211; 1999999), BF50A1 (S\/N: 3210001 &#8211; 3219999), BF50A2 (S\/N: 1100001 &#8211; 3229999), BF50AX (S\/N: 3000001 &#8211; 3099999, BF50A4 (S\/N: 3400001 &#8211; 3999999), BF75A1 (S\/N: 4100001 &#8211; 4409999), BF75A2 (S\/N: 4110001 &#8211; 9999999), BF75A3 (S\/N: 4500001 &#8211; 4599999), BF75AT (S\/N: 1000001 &#8211; 1999999), BF75AV (S\/N: 2000001 &#8211; 3999999)<br \/>\nBF75AX (S\/N: 4000001 &#8211; 4399999), BF90A1 (S\/N: 4100001 &#8211; 4409999), BF90A2 (S\/N: 4110001 &#8211; 9999999), BF90A3 (S\/N: 4500001 &#8211; 4599999), BF90AV (S\/N: 2000001 &#8211; 2000023), BF90AX (S\/N: 4000001 &#8211; 4399999).<\/p>\n","protected":false},"excerpt":{"rendered":"<p>Honda madala r\u00f5hu k\u00fctusefilter. Mudelitele: BF35AM (S\/N: 1000001 &#8211; 1099999), BF40A (S\/N: 1000001 &#8211; 1999999), BF40A1 (S\/N: 3210001 &#8211; 3219999), BF40A2 (S\/N: 3100001 &#8211; 3299999), BF40A4 (S\/N: 3400001 &#8211; 3999999), BF40AX (S\/N: 3000001 &#8211; 3099999), BF40B (S\/N: 1000002 &#8211; 1000865), BF40B2 (S\/N: 2100001 &#8211; 2199999), BF40BX (S\/N: 2000001 &#8211; 2099999), BF45AM (S\/N: 1000001 &#8211; 1099999),&#8230;<\/p>\n","protected":false},"featured_media":41468,"template":"","meta":{"_kad_blocks_custom_css":"","_kad_blocks_head_custom_js":"","_kad_blocks_body_custom_js":"","_kad_blocks_footer_custom_js":"","_kad_post_transparent":"","_kad_post_title":"","_kad_post_layout":"","_kad_post_sidebar_id":"","_kad_post_content_style":"","_kad_post_vertical_padding":"","_kad_post_feature":"","_kad_post_feature_position":"","_kad_post_header":false,"_kad_post_footer":false,"_kad_post_classname":""},"product_brand":[],"product_cat":[1344,249],"product_tag":[],"class_list":{"0":"post-46541","1":"product","2":"type-product","3":"status-publish","4":"has-post-thumbnail","6":"product_cat-filters","7":"product_cat-varuosad-mootorpaatidele","8":"pa_producer-recmar","9":"pa_unit-pcs","10":"tm-no-options","12":"first","13":"instock","14":"taxable","15":"shipping-taxable","16":"purchasable","17":"product-type-simple","18":"entry","19":"content-bg","20":"loop-entry"},"yoast_head":"<!-- This site is optimized with the Yoast SEO plugin v27.3 - https:\/\/yoast.com\/product\/yoast-seo-wordpress\/ -->\n<title>K\u00dcTUSEFILTER, HONDA, BF35\/40\/45\/50\/75\/90 - NORDLINE s\u00f5udepaadid ja mootorpaadid. Klaasfiiber materjalist.<\/title>\n<meta name=\"robots\" content=\"index, follow, max-snippet:-1, max-image-preview:large, max-video-preview:-1\" \/>\n<link rel=\"canonical\" href=\"https:\/\/nordlinepaadid.ee\/et\/pood\/varuosad-mootorpaatidele\/filters\/kutusefilter-honda-bf35-40-45-50-75-90\/\" \/>\n<meta property=\"og:locale\" content=\"et_EE\" \/>\n<meta property=\"og:type\" content=\"article\" \/>\n<meta property=\"og:title\" content=\"K\u00dcTUSEFILTER, HONDA, BF35\/40\/45\/50\/75\/90 - NORDLINE s\u00f5udepaadid ja mootorpaadid. Klaasfiiber materjalist.\" \/>\n<meta property=\"og:description\" content=\"Honda madala r\u00f5hu k\u00fctusefilter. Mudelitele: BF35AM (S\/N: 1000001 &#8211; 1099999), BF40A (S\/N: 1000001 &#8211; 1999999), BF40A1 (S\/N: 3210001 &#8211; 3219999), BF40A2 (S\/N: 3100001 &#8211; 3299999), BF40A4 (S\/N: 3400001 &#8211; 3999999), BF40AX (S\/N: 3000001 &#8211; 3099999), BF40B (S\/N: 1000002 &#8211; 1000865), BF40B2 (S\/N: 2100001 &#8211; 2199999), BF40BX (S\/N: 2000001 &#8211; 2099999), BF45AM (S\/N: 1000001 &#8211; 1099999),...\" \/>\n<meta property=\"og:url\" content=\"https:\/\/nordlinepaadid.ee\/et\/pood\/varuosad-mootorpaatidele\/filters\/kutusefilter-honda-bf35-40-45-50-75-90\/\" \/>\n<meta property=\"og:site_name\" content=\"NORDLINE s\u00f5udepaadid ja mootorpaadid. Klaasfiiber materjalist.\" \/>\n<meta property=\"article:publisher\" content=\"https:\/\/www.facebook.com\/nordlineboats\" \/>\n<meta property=\"og:image\" content=\"https:\/\/nordlinepaadid.ee\/wp-content\/uploads\/2023\/11\/10078_REC16900-SA5-004-1.webp\" \/>\n\t<meta property=\"og:image:width\" content=\"800\" \/>\n\t<meta property=\"og:image:height\" content=\"800\" \/>\n\t<meta property=\"og:image:type\" content=\"image\/webp\" \/>\n<meta name=\"twitter:card\" content=\"summary_large_image\" \/>\n<meta name=\"twitter:label1\" content=\"Est. reading time\" \/>\n\t<meta name=\"twitter:data1\" content=\"1 minut\" \/>\n<script type=\"application\/ld+json\" class=\"yoast-schema-graph\">{\"@context\":\"https:\\\/\\\/schema.org\",\"@graph\":[{\"@type\":\"WebPage\",\"@id\":\"https:\\\/\\\/nordlinepaadid.ee\\\/et\\\/pood\\\/varuosad-mootorpaatidele\\\/filters\\\/kutusefilter-honda-bf35-40-45-50-75-90\\\/\",\"url\":\"https:\\\/\\\/nordlinepaadid.ee\\\/et\\\/pood\\\/varuosad-mootorpaatidele\\\/filters\\\/kutusefilter-honda-bf35-40-45-50-75-90\\\/\",\"name\":\"K\u00dcTUSEFILTER, HONDA, BF35\\\/40\\\/45\\\/50\\\/75\\\/90 - NORDLINE s\u00f5udepaadid ja mootorpaadid. Klaasfiiber materjalist.\",\"isPartOf\":{\"@id\":\"https:\\\/\\\/nordlinepaadid.ee\\\/et\\\/#website\"},\"primaryImageOfPage\":{\"@id\":\"https:\\\/\\\/nordlinepaadid.ee\\\/et\\\/pood\\\/varuosad-mootorpaatidele\\\/filters\\\/kutusefilter-honda-bf35-40-45-50-75-90\\\/#primaryimage\"},\"image\":{\"@id\":\"https:\\\/\\\/nordlinepaadid.ee\\\/et\\\/pood\\\/varuosad-mootorpaatidele\\\/filters\\\/kutusefilter-honda-bf35-40-45-50-75-90\\\/#primaryimage\"},\"thumbnailUrl\":\"https:\\\/\\\/nordlinepaadid.ee\\\/wp-content\\\/uploads\\\/2023\\\/11\\\/10078_REC16900-SA5-004-1.webp\",\"datePublished\":\"2026-04-07T00:25:17+00:00\",\"breadcrumb\":{\"@id\":\"https:\\\/\\\/nordlinepaadid.ee\\\/et\\\/pood\\\/varuosad-mootorpaatidele\\\/filters\\\/kutusefilter-honda-bf35-40-45-50-75-90\\\/#breadcrumb\"},\"inLanguage\":\"et\",\"potentialAction\":[{\"@type\":\"ReadAction\",\"target\":[\"https:\\\/\\\/nordlinepaadid.ee\\\/et\\\/pood\\\/varuosad-mootorpaatidele\\\/filters\\\/kutusefilter-honda-bf35-40-45-50-75-90\\\/\"]}]},{\"@type\":\"ImageObject\",\"inLanguage\":\"et\",\"@id\":\"https:\\\/\\\/nordlinepaadid.ee\\\/et\\\/pood\\\/varuosad-mootorpaatidele\\\/filters\\\/kutusefilter-honda-bf35-40-45-50-75-90\\\/#primaryimage\",\"url\":\"https:\\\/\\\/nordlinepaadid.ee\\\/wp-content\\\/uploads\\\/2023\\\/11\\\/10078_REC16900-SA5-004-1.webp\",\"contentUrl\":\"https:\\\/\\\/nordlinepaadid.ee\\\/wp-content\\\/uploads\\\/2023\\\/11\\\/10078_REC16900-SA5-004-1.webp\",\"width\":800,\"height\":800},{\"@type\":\"BreadcrumbList\",\"@id\":\"https:\\\/\\\/nordlinepaadid.ee\\\/et\\\/pood\\\/varuosad-mootorpaatidele\\\/filters\\\/kutusefilter-honda-bf35-40-45-50-75-90\\\/#breadcrumb\",\"itemListElement\":[{\"@type\":\"ListItem\",\"position\":1,\"name\":\"Home\",\"item\":\"https:\\\/\\\/nordlinepaadid.ee\\\/et\\\/\"},{\"@type\":\"ListItem\",\"position\":2,\"name\":\"Pood\",\"item\":\"https:\\\/\\\/nordlinepaadid.ee\\\/et\\\/pood\\\/\"},{\"@type\":\"ListItem\",\"position\":3,\"name\":\"K\u00dcTUSEFILTER, HONDA, BF35\\\/40\\\/45\\\/50\\\/75\\\/90\"}]},{\"@type\":\"WebSite\",\"@id\":\"https:\\\/\\\/nordlinepaadid.ee\\\/et\\\/#website\",\"url\":\"https:\\\/\\\/nordlinepaadid.ee\\\/et\\\/\",\"name\":\"NORDLINE s\u00f5udepaadid ja mootorpaadid. Klaasfiiber materjalist.\",\"description\":\"\",\"publisher\":{\"@id\":\"https:\\\/\\\/nordlinepaadid.ee\\\/et\\\/#organization\"},\"potentialAction\":[{\"@type\":\"SearchAction\",\"target\":{\"@type\":\"EntryPoint\",\"urlTemplate\":\"https:\\\/\\\/nordlinepaadid.ee\\\/et\\\/?s={search_term_string}\"},\"query-input\":{\"@type\":\"PropertyValueSpecification\",\"valueRequired\":true,\"valueName\":\"search_term_string\"}}],\"inLanguage\":\"et\"},{\"@type\":\"Organization\",\"@id\":\"https:\\\/\\\/nordlinepaadid.ee\\\/et\\\/#organization\",\"name\":\"Nordlineboats\",\"url\":\"https:\\\/\\\/nordlinepaadid.ee\\\/et\\\/\",\"logo\":{\"@type\":\"ImageObject\",\"inLanguage\":\"et\",\"@id\":\"https:\\\/\\\/nordlinepaadid.ee\\\/et\\\/#\\\/schema\\\/logo\\\/image\\\/\",\"url\":\"https:\\\/\\\/nordlinepaadid.ee\\\/wp-content\\\/uploads\\\/2023\\\/01\\\/fulllogo_transparent_nobuffer-e1672750475494.png\",\"contentUrl\":\"https:\\\/\\\/nordlinepaadid.ee\\\/wp-content\\\/uploads\\\/2023\\\/01\\\/fulllogo_transparent_nobuffer-e1672750475494.png\",\"width\":150,\"height\":119,\"caption\":\"Nordlineboats\"},\"image\":{\"@id\":\"https:\\\/\\\/nordlinepaadid.ee\\\/et\\\/#\\\/schema\\\/logo\\\/image\\\/\"},\"sameAs\":[\"https:\\\/\\\/www.facebook.com\\\/nordlineboats\",\"https:\\\/\\\/www.youtube.com\\\/channel\\\/UCbgF0fy02y3QkFnujaLTaCA\"]}]}<\/script>\n<!-- \/ Yoast SEO plugin. -->","yoast_head_json":{"title":"K\u00dcTUSEFILTER, HONDA, BF35\/40\/45\/50\/75\/90 - NORDLINE s\u00f5udepaadid ja mootorpaadid. Klaasfiiber materjalist.","robots":{"index":"index","follow":"follow","max-snippet":"max-snippet:-1","max-image-preview":"max-image-preview:large","max-video-preview":"max-video-preview:-1"},"canonical":"https:\/\/nordlinepaadid.ee\/et\/pood\/varuosad-mootorpaatidele\/filters\/kutusefilter-honda-bf35-40-45-50-75-90\/","og_locale":"et_EE","og_type":"article","og_title":"K\u00dcTUSEFILTER, HONDA, BF35\/40\/45\/50\/75\/90 - NORDLINE s\u00f5udepaadid ja mootorpaadid. Klaasfiiber materjalist.","og_description":"Honda madala r\u00f5hu k\u00fctusefilter. Mudelitele: BF35AM (S\/N: 1000001 &#8211; 1099999), BF40A (S\/N: 1000001 &#8211; 1999999), BF40A1 (S\/N: 3210001 &#8211; 3219999), BF40A2 (S\/N: 3100001 &#8211; 3299999), BF40A4 (S\/N: 3400001 &#8211; 3999999), BF40AX (S\/N: 3000001 &#8211; 3099999), BF40B (S\/N: 1000002 &#8211; 1000865), BF40B2 (S\/N: 2100001 &#8211; 2199999), BF40BX (S\/N: 2000001 &#8211; 2099999), BF45AM (S\/N: 1000001 &#8211; 1099999),...","og_url":"https:\/\/nordlinepaadid.ee\/et\/pood\/varuosad-mootorpaatidele\/filters\/kutusefilter-honda-bf35-40-45-50-75-90\/","og_site_name":"NORDLINE s\u00f5udepaadid ja mootorpaadid. Klaasfiiber materjalist.","article_publisher":"https:\/\/www.facebook.com\/nordlineboats","og_image":[{"width":800,"height":800,"url":"https:\/\/nordlinepaadid.ee\/wp-content\/uploads\/2023\/11\/10078_REC16900-SA5-004-1.webp","type":"image\/webp"}],"twitter_card":"summary_large_image","twitter_misc":{"Est. reading time":"1 minut"},"schema":{"@context":"https:\/\/schema.org","@graph":[{"@type":"WebPage","@id":"https:\/\/nordlinepaadid.ee\/et\/pood\/varuosad-mootorpaatidele\/filters\/kutusefilter-honda-bf35-40-45-50-75-90\/","url":"https:\/\/nordlinepaadid.ee\/et\/pood\/varuosad-mootorpaatidele\/filters\/kutusefilter-honda-bf35-40-45-50-75-90\/","name":"K\u00dcTUSEFILTER, HONDA, BF35\/40\/45\/50\/75\/90 - NORDLINE s\u00f5udepaadid ja mootorpaadid. Klaasfiiber materjalist.","isPartOf":{"@id":"https:\/\/nordlinepaadid.ee\/et\/#website"},"primaryImageOfPage":{"@id":"https:\/\/nordlinepaadid.ee\/et\/pood\/varuosad-mootorpaatidele\/filters\/kutusefilter-honda-bf35-40-45-50-75-90\/#primaryimage"},"image":{"@id":"https:\/\/nordlinepaadid.ee\/et\/pood\/varuosad-mootorpaatidele\/filters\/kutusefilter-honda-bf35-40-45-50-75-90\/#primaryimage"},"thumbnailUrl":"https:\/\/nordlinepaadid.ee\/wp-content\/uploads\/2023\/11\/10078_REC16900-SA5-004-1.webp","datePublished":"2026-04-07T00:25:17+00:00","breadcrumb":{"@id":"https:\/\/nordlinepaadid.ee\/et\/pood\/varuosad-mootorpaatidele\/filters\/kutusefilter-honda-bf35-40-45-50-75-90\/#breadcrumb"},"inLanguage":"et","potentialAction":[{"@type":"ReadAction","target":["https:\/\/nordlinepaadid.ee\/et\/pood\/varuosad-mootorpaatidele\/filters\/kutusefilter-honda-bf35-40-45-50-75-90\/"]}]},{"@type":"ImageObject","inLanguage":"et","@id":"https:\/\/nordlinepaadid.ee\/et\/pood\/varuosad-mootorpaatidele\/filters\/kutusefilter-honda-bf35-40-45-50-75-90\/#primaryimage","url":"https:\/\/nordlinepaadid.ee\/wp-content\/uploads\/2023\/11\/10078_REC16900-SA5-004-1.webp","contentUrl":"https:\/\/nordlinepaadid.ee\/wp-content\/uploads\/2023\/11\/10078_REC16900-SA5-004-1.webp","width":800,"height":800},{"@type":"BreadcrumbList","@id":"https:\/\/nordlinepaadid.ee\/et\/pood\/varuosad-mootorpaatidele\/filters\/kutusefilter-honda-bf35-40-45-50-75-90\/#breadcrumb","itemListElement":[{"@type":"ListItem","position":1,"name":"Home","item":"https:\/\/nordlinepaadid.ee\/et\/"},{"@type":"ListItem","position":2,"name":"Pood","item":"https:\/\/nordlinepaadid.ee\/et\/pood\/"},{"@type":"ListItem","position":3,"name":"K\u00dcTUSEFILTER, HONDA, BF35\/40\/45\/50\/75\/90"}]},{"@type":"WebSite","@id":"https:\/\/nordlinepaadid.ee\/et\/#website","url":"https:\/\/nordlinepaadid.ee\/et\/","name":"NORDLINE s\u00f5udepaadid ja mootorpaadid. Klaasfiiber materjalist.","description":"","publisher":{"@id":"https:\/\/nordlinepaadid.ee\/et\/#organization"},"potentialAction":[{"@type":"SearchAction","target":{"@type":"EntryPoint","urlTemplate":"https:\/\/nordlinepaadid.ee\/et\/?s={search_term_string}"},"query-input":{"@type":"PropertyValueSpecification","valueRequired":true,"valueName":"search_term_string"}}],"inLanguage":"et"},{"@type":"Organization","@id":"https:\/\/nordlinepaadid.ee\/et\/#organization","name":"Nordlineboats","url":"https:\/\/nordlinepaadid.ee\/et\/","logo":{"@type":"ImageObject","inLanguage":"et","@id":"https:\/\/nordlinepaadid.ee\/et\/#\/schema\/logo\/image\/","url":"https:\/\/nordlinepaadid.ee\/wp-content\/uploads\/2023\/01\/fulllogo_transparent_nobuffer-e1672750475494.png","contentUrl":"https:\/\/nordlinepaadid.ee\/wp-content\/uploads\/2023\/01\/fulllogo_transparent_nobuffer-e1672750475494.png","width":150,"height":119,"caption":"Nordlineboats"},"image":{"@id":"https:\/\/nordlinepaadid.ee\/et\/#\/schema\/logo\/image\/"},"sameAs":["https:\/\/www.facebook.com\/nordlineboats","https:\/\/www.youtube.com\/channel\/UCbgF0fy02y3QkFnujaLTaCA"]}]}},"taxonomy_info":{"product_cat":[{"value":1344,"label":"Filtrid"},{"value":249,"label":"VARUOSAD MOOTORPAATIDELE"}],"pa_producer":[{"value":1086,"label":"Recmar"}],"pa_unit":[{"value":416,"label":"pcs"}]},"featured_image_src_large":["https:\/\/nordlinepaadid.ee\/wp-content\/uploads\/2023\/11\/10078_REC16900-SA5-004-1.webp",800,800,false],"author_info":[],"comment_info":"","_links":{"self":[{"href":"https:\/\/nordlinepaadid.ee\/et\/wp-json\/wp\/v2\/product\/46541","targetHints":{"allow":["GET"]}}],"collection":[{"href":"https:\/\/nordlinepaadid.ee\/et\/wp-json\/wp\/v2\/product"}],"about":[{"href":"https:\/\/nordlinepaadid.ee\/et\/wp-json\/wp\/v2\/types\/product"}],"wp:featuredmedia":[{"embeddable":true,"href":"https:\/\/nordlinepaadid.ee\/et\/wp-json\/wp\/v2\/media\/41468"}],"wp:attachment":[{"href":"https:\/\/nordlinepaadid.ee\/et\/wp-json\/wp\/v2\/media?parent=46541"}],"wp:term":[{"taxonomy":"product_brand","embeddable":true,"href":"https:\/\/nordlinepaadid.ee\/et\/wp-json\/wp\/v2\/product_brand?post=46541"},{"taxonomy":"product_cat","embeddable":true,"href":"https:\/\/nordlinepaadid.ee\/et\/wp-json\/wp\/v2\/product_cat?post=46541"},{"taxonomy":"product_tag","embeddable":true,"href":"https:\/\/nordlinepaadid.ee\/et\/wp-json\/wp\/v2\/product_tag?post=46541"}],"curies":[{"name":"wp","href":"https:\/\/api.w.org\/{rel}","templated":true}]}}