{"id":46589,"date":"2026-04-07T03:25:28","date_gmt":"2026-04-07T00:25:28","guid":{"rendered":"https:\/\/nordlinepaadid.ee\/toode\/maaratlemata\/poleerimispasta-autosol-dynamic-marine-super-gloss-finish-1000-ml\/"},"modified":"2026-04-07T03:25:28","modified_gmt":"2026-04-07T00:25:28","slug":"poleerimispasta-autosol-dynamic-marine-super-gloss-finish-1000-ml","status":"publish","type":"product","link":"https:\/\/nordlinepaadid.ee\/et\/pood\/paadihooldusvahendid\/boat-care-and-cleaning\/poleerimispasta-autosol-dynamic-marine-super-gloss-finish-1000-ml\/","title":{"rendered":"POLEERIMISPASTA- AUTOSOL, DYNAMIC MARINE SUPER GLOSS FINISH, 1000 ml"},"content":{"rendered":"<p>Autosol Dynamic Marine Super Gloss Finish poleerimispasta loob erakordselt k\u00f5rge l\u00e4ike ja s\u00fcgava v\u00e4rviefekti. See on m\u00f5eldud hologrammide, poleerimism\u00e4rkide eemaldamiseks ning kergelt ilmastikust m\u00f5jutatud pindade taastamiseks, olles sobiv nii geelkatte kui ka v\u00e4rvkattega pindadele. Ideaalne teiseks viimistlusastmeks p\u00e4rast Autosol Dynamic Marine Heavy Cut Compoundi kasutamist. Eemaldab kerged lihvimisj\u00e4ljed (P3000). Omadused: Tagab k\u00f5rgeima l\u00e4ike taseme. Tolmuvaba. Kiire ja lihtne peale kanda. Ei sisalda silikooni ega t\u00e4iteaineid.<\/p>\n<p>&#13;<\/p>\n<p><iframe loading=\"lazy\" allowfullscreen=\"\" frameborder=\"0\" height=\"360\" src=\"\/\/www.youtube.com\/embed\/oW2RZhiCWu8\" width=\"640\"><\/iframe><\/p>\n<p>&#13;<\/p>\n","protected":false},"excerpt":{"rendered":"<p>Autosol Dynamic Marine Super Gloss Finish poleerimispasta loob erakordselt k\u00f5rge l\u00e4ike ja s\u00fcgava v\u00e4rviefekti. See on m\u00f5eldud hologrammide, poleerimism\u00e4rkide eemaldamiseks ning kergelt ilmastikust m\u00f5jutatud pindade taastamiseks, olles sobiv nii geelkatte kui ka v\u00e4rvkattega pindadele. Ideaalne teiseks viimistlusastmeks p\u00e4rast Autosol Dynamic Marine Heavy Cut Compoundi kasutamist. Eemaldab kerged lihvimisj\u00e4ljed (P3000). Omadused: Tagab k\u00f5rgeima l\u00e4ike taseme. Tolmuvaba&#8230;.<\/p>\n","protected":false},"featured_media":41651,"template":"","meta":{"_kad_blocks_custom_css":"","_kad_blocks_head_custom_js":"","_kad_blocks_body_custom_js":"","_kad_blocks_footer_custom_js":"","_kad_post_transparent":"","_kad_post_title":"","_kad_post_layout":"","_kad_post_sidebar_id":"","_kad_post_content_style":"","_kad_post_vertical_padding":"","_kad_post_feature":"","_kad_post_feature_position":"","_kad_post_header":false,"_kad_post_footer":false,"_kad_post_classname":""},"product_brand":[],"product_cat":[284,285],"product_tag":[],"class_list":{"0":"post-46589","1":"product","2":"type-product","3":"status-publish","4":"has-post-thumbnail","6":"product_cat-paadihooldusvahendid","7":"product_cat-boat-care-and-cleaning","8":"pa_producer-dursol","9":"tm-no-options","11":"first","12":"instock","13":"taxable","14":"shipping-taxable","15":"purchasable","16":"product-type-simple","17":"entry","18":"content-bg","19":"loop-entry"},"yoast_head":"<!-- This site is optimized with the Yoast SEO plugin v27.3 - https:\/\/yoast.com\/product\/yoast-seo-wordpress\/ -->\n<title>POLEERIMISPASTA- AUTOSOL, DYNAMIC MARINE SUPER GLOSS FINISH, 1000 ml - NORDLINE s\u00f5udepaadid ja mootorpaadid. Klaasfiiber materjalist.<\/title>\n<meta name=\"robots\" content=\"index, follow, max-snippet:-1, max-image-preview:large, max-video-preview:-1\" \/>\n<link rel=\"canonical\" href=\"https:\/\/nordlinepaadid.ee\/et\/pood\/paadihooldusvahendid\/boat-care-and-cleaning\/poleerimispasta-autosol-dynamic-marine-super-gloss-finish-1000-ml\/\" \/>\n<meta property=\"og:locale\" content=\"et_EE\" \/>\n<meta property=\"og:type\" content=\"article\" \/>\n<meta property=\"og:title\" content=\"POLEERIMISPASTA- AUTOSOL, DYNAMIC MARINE SUPER GLOSS FINISH, 1000 ml - NORDLINE s\u00f5udepaadid ja mootorpaadid. Klaasfiiber materjalist.\" \/>\n<meta property=\"og:description\" content=\"Autosol Dynamic Marine Super Gloss Finish poleerimispasta loob erakordselt k\u00f5rge l\u00e4ike ja s\u00fcgava v\u00e4rviefekti. See on m\u00f5eldud hologrammide, poleerimism\u00e4rkide eemaldamiseks ning kergelt ilmastikust m\u00f5jutatud pindade taastamiseks, olles sobiv nii geelkatte kui ka v\u00e4rvkattega pindadele. Ideaalne teiseks viimistlusastmeks p\u00e4rast Autosol Dynamic Marine Heavy Cut Compoundi kasutamist. Eemaldab kerged lihvimisj\u00e4ljed (P3000). Omadused: Tagab k\u00f5rgeima l\u00e4ike taseme. Tolmuvaba....\" \/>\n<meta property=\"og:url\" content=\"https:\/\/nordlinepaadid.ee\/et\/pood\/paadihooldusvahendid\/boat-care-and-cleaning\/poleerimispasta-autosol-dynamic-marine-super-gloss-finish-1000-ml\/\" \/>\n<meta property=\"og:site_name\" content=\"NORDLINE s\u00f5udepaadid ja mootorpaadid. Klaasfiiber materjalist.\" \/>\n<meta property=\"article:publisher\" content=\"https:\/\/www.facebook.com\/nordlineboats\" \/>\n<meta property=\"og:image\" content=\"https:\/\/nordlinepaadid.ee\/wp-content\/uploads\/2023\/11\/10188_dynamic-marine-heavy-cut.jpg\" \/>\n\t<meta property=\"og:image:width\" content=\"800\" \/>\n\t<meta property=\"og:image:height\" content=\"800\" \/>\n\t<meta property=\"og:image:type\" content=\"image\/jpeg\" \/>\n<meta name=\"twitter:card\" content=\"summary_large_image\" \/>\n<script type=\"application\/ld+json\" class=\"yoast-schema-graph\">{\"@context\":\"https:\\\/\\\/schema.org\",\"@graph\":[{\"@type\":\"WebPage\",\"@id\":\"https:\\\/\\\/nordlinepaadid.ee\\\/et\\\/pood\\\/paadihooldusvahendid\\\/boat-care-and-cleaning\\\/poleerimispasta-autosol-dynamic-marine-super-gloss-finish-1000-ml\\\/\",\"url\":\"https:\\\/\\\/nordlinepaadid.ee\\\/et\\\/pood\\\/paadihooldusvahendid\\\/boat-care-and-cleaning\\\/poleerimispasta-autosol-dynamic-marine-super-gloss-finish-1000-ml\\\/\",\"name\":\"POLEERIMISPASTA- AUTOSOL, DYNAMIC MARINE SUPER GLOSS FINISH, 1000 ml - NORDLINE s\u00f5udepaadid ja mootorpaadid. Klaasfiiber materjalist.\",\"isPartOf\":{\"@id\":\"https:\\\/\\\/nordlinepaadid.ee\\\/et\\\/#website\"},\"primaryImageOfPage\":{\"@id\":\"https:\\\/\\\/nordlinepaadid.ee\\\/et\\\/pood\\\/paadihooldusvahendid\\\/boat-care-and-cleaning\\\/poleerimispasta-autosol-dynamic-marine-super-gloss-finish-1000-ml\\\/#primaryimage\"},\"image\":{\"@id\":\"https:\\\/\\\/nordlinepaadid.ee\\\/et\\\/pood\\\/paadihooldusvahendid\\\/boat-care-and-cleaning\\\/poleerimispasta-autosol-dynamic-marine-super-gloss-finish-1000-ml\\\/#primaryimage\"},\"thumbnailUrl\":\"https:\\\/\\\/nordlinepaadid.ee\\\/wp-content\\\/uploads\\\/2023\\\/11\\\/10188_dynamic-marine-heavy-cut.jpg\",\"datePublished\":\"2026-04-07T00:25:28+00:00\",\"breadcrumb\":{\"@id\":\"https:\\\/\\\/nordlinepaadid.ee\\\/et\\\/pood\\\/paadihooldusvahendid\\\/boat-care-and-cleaning\\\/poleerimispasta-autosol-dynamic-marine-super-gloss-finish-1000-ml\\\/#breadcrumb\"},\"inLanguage\":\"et\",\"potentialAction\":[{\"@type\":\"ReadAction\",\"target\":[\"https:\\\/\\\/nordlinepaadid.ee\\\/et\\\/pood\\\/paadihooldusvahendid\\\/boat-care-and-cleaning\\\/poleerimispasta-autosol-dynamic-marine-super-gloss-finish-1000-ml\\\/\"]}]},{\"@type\":\"ImageObject\",\"inLanguage\":\"et\",\"@id\":\"https:\\\/\\\/nordlinepaadid.ee\\\/et\\\/pood\\\/paadihooldusvahendid\\\/boat-care-and-cleaning\\\/poleerimispasta-autosol-dynamic-marine-super-gloss-finish-1000-ml\\\/#primaryimage\",\"url\":\"https:\\\/\\\/nordlinepaadid.ee\\\/wp-content\\\/uploads\\\/2023\\\/11\\\/10188_dynamic-marine-heavy-cut.jpg\",\"contentUrl\":\"https:\\\/\\\/nordlinepaadid.ee\\\/wp-content\\\/uploads\\\/2023\\\/11\\\/10188_dynamic-marine-heavy-cut.jpg\",\"width\":800,\"height\":800},{\"@type\":\"BreadcrumbList\",\"@id\":\"https:\\\/\\\/nordlinepaadid.ee\\\/et\\\/pood\\\/paadihooldusvahendid\\\/boat-care-and-cleaning\\\/poleerimispasta-autosol-dynamic-marine-super-gloss-finish-1000-ml\\\/#breadcrumb\",\"itemListElement\":[{\"@type\":\"ListItem\",\"position\":1,\"name\":\"Home\",\"item\":\"https:\\\/\\\/nordlinepaadid.ee\\\/et\\\/\"},{\"@type\":\"ListItem\",\"position\":2,\"name\":\"Pood\",\"item\":\"https:\\\/\\\/nordlinepaadid.ee\\\/et\\\/pood\\\/\"},{\"@type\":\"ListItem\",\"position\":3,\"name\":\"POLEERIMISPASTA- AUTOSOL, DYNAMIC MARINE SUPER GLOSS FINISH, 1000 ml\"}]},{\"@type\":\"WebSite\",\"@id\":\"https:\\\/\\\/nordlinepaadid.ee\\\/et\\\/#website\",\"url\":\"https:\\\/\\\/nordlinepaadid.ee\\\/et\\\/\",\"name\":\"NORDLINE s\u00f5udepaadid ja mootorpaadid. Klaasfiiber materjalist.\",\"description\":\"\",\"publisher\":{\"@id\":\"https:\\\/\\\/nordlinepaadid.ee\\\/et\\\/#organization\"},\"potentialAction\":[{\"@type\":\"SearchAction\",\"target\":{\"@type\":\"EntryPoint\",\"urlTemplate\":\"https:\\\/\\\/nordlinepaadid.ee\\\/et\\\/?s={search_term_string}\"},\"query-input\":{\"@type\":\"PropertyValueSpecification\",\"valueRequired\":true,\"valueName\":\"search_term_string\"}}],\"inLanguage\":\"et\"},{\"@type\":\"Organization\",\"@id\":\"https:\\\/\\\/nordlinepaadid.ee\\\/et\\\/#organization\",\"name\":\"Nordlineboats\",\"url\":\"https:\\\/\\\/nordlinepaadid.ee\\\/et\\\/\",\"logo\":{\"@type\":\"ImageObject\",\"inLanguage\":\"et\",\"@id\":\"https:\\\/\\\/nordlinepaadid.ee\\\/et\\\/#\\\/schema\\\/logo\\\/image\\\/\",\"url\":\"https:\\\/\\\/nordlinepaadid.ee\\\/wp-content\\\/uploads\\\/2023\\\/01\\\/fulllogo_transparent_nobuffer-e1672750475494.png\",\"contentUrl\":\"https:\\\/\\\/nordlinepaadid.ee\\\/wp-content\\\/uploads\\\/2023\\\/01\\\/fulllogo_transparent_nobuffer-e1672750475494.png\",\"width\":150,\"height\":119,\"caption\":\"Nordlineboats\"},\"image\":{\"@id\":\"https:\\\/\\\/nordlinepaadid.ee\\\/et\\\/#\\\/schema\\\/logo\\\/image\\\/\"},\"sameAs\":[\"https:\\\/\\\/www.facebook.com\\\/nordlineboats\",\"https:\\\/\\\/www.youtube.com\\\/channel\\\/UCbgF0fy02y3QkFnujaLTaCA\"]}]}<\/script>\n<!-- \/ Yoast SEO plugin. -->","yoast_head_json":{"title":"POLEERIMISPASTA- AUTOSOL, DYNAMIC MARINE SUPER GLOSS FINISH, 1000 ml - NORDLINE s\u00f5udepaadid ja mootorpaadid. Klaasfiiber materjalist.","robots":{"index":"index","follow":"follow","max-snippet":"max-snippet:-1","max-image-preview":"max-image-preview:large","max-video-preview":"max-video-preview:-1"},"canonical":"https:\/\/nordlinepaadid.ee\/et\/pood\/paadihooldusvahendid\/boat-care-and-cleaning\/poleerimispasta-autosol-dynamic-marine-super-gloss-finish-1000-ml\/","og_locale":"et_EE","og_type":"article","og_title":"POLEERIMISPASTA- AUTOSOL, DYNAMIC MARINE SUPER GLOSS FINISH, 1000 ml - NORDLINE s\u00f5udepaadid ja mootorpaadid. Klaasfiiber materjalist.","og_description":"Autosol Dynamic Marine Super Gloss Finish poleerimispasta loob erakordselt k\u00f5rge l\u00e4ike ja s\u00fcgava v\u00e4rviefekti. See on m\u00f5eldud hologrammide, poleerimism\u00e4rkide eemaldamiseks ning kergelt ilmastikust m\u00f5jutatud pindade taastamiseks, olles sobiv nii geelkatte kui ka v\u00e4rvkattega pindadele. Ideaalne teiseks viimistlusastmeks p\u00e4rast Autosol Dynamic Marine Heavy Cut Compoundi kasutamist. Eemaldab kerged lihvimisj\u00e4ljed (P3000). Omadused: Tagab k\u00f5rgeima l\u00e4ike taseme. Tolmuvaba....","og_url":"https:\/\/nordlinepaadid.ee\/et\/pood\/paadihooldusvahendid\/boat-care-and-cleaning\/poleerimispasta-autosol-dynamic-marine-super-gloss-finish-1000-ml\/","og_site_name":"NORDLINE s\u00f5udepaadid ja mootorpaadid. Klaasfiiber materjalist.","article_publisher":"https:\/\/www.facebook.com\/nordlineboats","og_image":[{"width":800,"height":800,"url":"https:\/\/nordlinepaadid.ee\/wp-content\/uploads\/2023\/11\/10188_dynamic-marine-heavy-cut.jpg","type":"image\/jpeg"}],"twitter_card":"summary_large_image","schema":{"@context":"https:\/\/schema.org","@graph":[{"@type":"WebPage","@id":"https:\/\/nordlinepaadid.ee\/et\/pood\/paadihooldusvahendid\/boat-care-and-cleaning\/poleerimispasta-autosol-dynamic-marine-super-gloss-finish-1000-ml\/","url":"https:\/\/nordlinepaadid.ee\/et\/pood\/paadihooldusvahendid\/boat-care-and-cleaning\/poleerimispasta-autosol-dynamic-marine-super-gloss-finish-1000-ml\/","name":"POLEERIMISPASTA- AUTOSOL, DYNAMIC MARINE SUPER GLOSS FINISH, 1000 ml - NORDLINE s\u00f5udepaadid ja mootorpaadid. Klaasfiiber materjalist.","isPartOf":{"@id":"https:\/\/nordlinepaadid.ee\/et\/#website"},"primaryImageOfPage":{"@id":"https:\/\/nordlinepaadid.ee\/et\/pood\/paadihooldusvahendid\/boat-care-and-cleaning\/poleerimispasta-autosol-dynamic-marine-super-gloss-finish-1000-ml\/#primaryimage"},"image":{"@id":"https:\/\/nordlinepaadid.ee\/et\/pood\/paadihooldusvahendid\/boat-care-and-cleaning\/poleerimispasta-autosol-dynamic-marine-super-gloss-finish-1000-ml\/#primaryimage"},"thumbnailUrl":"https:\/\/nordlinepaadid.ee\/wp-content\/uploads\/2023\/11\/10188_dynamic-marine-heavy-cut.jpg","datePublished":"2026-04-07T00:25:28+00:00","breadcrumb":{"@id":"https:\/\/nordlinepaadid.ee\/et\/pood\/paadihooldusvahendid\/boat-care-and-cleaning\/poleerimispasta-autosol-dynamic-marine-super-gloss-finish-1000-ml\/#breadcrumb"},"inLanguage":"et","potentialAction":[{"@type":"ReadAction","target":["https:\/\/nordlinepaadid.ee\/et\/pood\/paadihooldusvahendid\/boat-care-and-cleaning\/poleerimispasta-autosol-dynamic-marine-super-gloss-finish-1000-ml\/"]}]},{"@type":"ImageObject","inLanguage":"et","@id":"https:\/\/nordlinepaadid.ee\/et\/pood\/paadihooldusvahendid\/boat-care-and-cleaning\/poleerimispasta-autosol-dynamic-marine-super-gloss-finish-1000-ml\/#primaryimage","url":"https:\/\/nordlinepaadid.ee\/wp-content\/uploads\/2023\/11\/10188_dynamic-marine-heavy-cut.jpg","contentUrl":"https:\/\/nordlinepaadid.ee\/wp-content\/uploads\/2023\/11\/10188_dynamic-marine-heavy-cut.jpg","width":800,"height":800},{"@type":"BreadcrumbList","@id":"https:\/\/nordlinepaadid.ee\/et\/pood\/paadihooldusvahendid\/boat-care-and-cleaning\/poleerimispasta-autosol-dynamic-marine-super-gloss-finish-1000-ml\/#breadcrumb","itemListElement":[{"@type":"ListItem","position":1,"name":"Home","item":"https:\/\/nordlinepaadid.ee\/et\/"},{"@type":"ListItem","position":2,"name":"Pood","item":"https:\/\/nordlinepaadid.ee\/et\/pood\/"},{"@type":"ListItem","position":3,"name":"POLEERIMISPASTA- AUTOSOL, DYNAMIC MARINE SUPER GLOSS FINISH, 1000 ml"}]},{"@type":"WebSite","@id":"https:\/\/nordlinepaadid.ee\/et\/#website","url":"https:\/\/nordlinepaadid.ee\/et\/","name":"NORDLINE s\u00f5udepaadid ja mootorpaadid. Klaasfiiber materjalist.","description":"","publisher":{"@id":"https:\/\/nordlinepaadid.ee\/et\/#organization"},"potentialAction":[{"@type":"SearchAction","target":{"@type":"EntryPoint","urlTemplate":"https:\/\/nordlinepaadid.ee\/et\/?s={search_term_string}"},"query-input":{"@type":"PropertyValueSpecification","valueRequired":true,"valueName":"search_term_string"}}],"inLanguage":"et"},{"@type":"Organization","@id":"https:\/\/nordlinepaadid.ee\/et\/#organization","name":"Nordlineboats","url":"https:\/\/nordlinepaadid.ee\/et\/","logo":{"@type":"ImageObject","inLanguage":"et","@id":"https:\/\/nordlinepaadid.ee\/et\/#\/schema\/logo\/image\/","url":"https:\/\/nordlinepaadid.ee\/wp-content\/uploads\/2023\/01\/fulllogo_transparent_nobuffer-e1672750475494.png","contentUrl":"https:\/\/nordlinepaadid.ee\/wp-content\/uploads\/2023\/01\/fulllogo_transparent_nobuffer-e1672750475494.png","width":150,"height":119,"caption":"Nordlineboats"},"image":{"@id":"https:\/\/nordlinepaadid.ee\/et\/#\/schema\/logo\/image\/"},"sameAs":["https:\/\/www.facebook.com\/nordlineboats","https:\/\/www.youtube.com\/channel\/UCbgF0fy02y3QkFnujaLTaCA"]}]}},"taxonomy_info":{"product_cat":[{"value":284,"label":"PAADIHOOLDUSVAHENDID"},{"value":285,"label":"Puhastus- ja hooldusvahendid"}],"pa_producer":[{"value":520,"label":"Dursol"}]},"featured_image_src_large":["https:\/\/nordlinepaadid.ee\/wp-content\/uploads\/2023\/11\/10188_dynamic-marine-heavy-cut.jpg",800,800,false],"author_info":[],"comment_info":"","_links":{"self":[{"href":"https:\/\/nordlinepaadid.ee\/et\/wp-json\/wp\/v2\/product\/46589","targetHints":{"allow":["GET"]}}],"collection":[{"href":"https:\/\/nordlinepaadid.ee\/et\/wp-json\/wp\/v2\/product"}],"about":[{"href":"https:\/\/nordlinepaadid.ee\/et\/wp-json\/wp\/v2\/types\/product"}],"wp:featuredmedia":[{"embeddable":true,"href":"https:\/\/nordlinepaadid.ee\/et\/wp-json\/wp\/v2\/media\/41651"}],"wp:attachment":[{"href":"https:\/\/nordlinepaadid.ee\/et\/wp-json\/wp\/v2\/media?parent=46589"}],"wp:term":[{"taxonomy":"product_brand","embeddable":true,"href":"https:\/\/nordlinepaadid.ee\/et\/wp-json\/wp\/v2\/product_brand?post=46589"},{"taxonomy":"product_cat","embeddable":true,"href":"https:\/\/nordlinepaadid.ee\/et\/wp-json\/wp\/v2\/product_cat?post=46589"},{"taxonomy":"product_tag","embeddable":true,"href":"https:\/\/nordlinepaadid.ee\/et\/wp-json\/wp\/v2\/product_tag?post=46589"}],"curies":[{"name":"wp","href":"https:\/\/api.w.org\/{rel}","templated":true}]}}