{"id":46635,"date":"2026-04-14T03:23:54","date_gmt":"2026-04-14T00:23:54","guid":{"rendered":"https:\/\/nordlinepaadid.ee\/toode\/maaratlemata\/impeller-mercury-mariner-mercruiser-honda\/"},"modified":"2026-04-14T03:23:54","modified_gmt":"2026-04-14T00:23:54","slug":"impeller-mercury-mariner-mercruiser-honda","status":"publish","type":"product","link":"https:\/\/nordlinepaadid.ee\/et\/pood\/varuosad-mootorpaatidele\/impellerid\/impeller-mercury-mariner-mercruiser-honda\/","title":{"rendered":"IMPELLER, MERCURY\/MARINER, MERCRUISER &#038; HONDA"},"content":{"rendered":"<p>Tiivik Mercury\/Marineri, Mercruiseri ja Honda jaoks. Original Mercury tiivik. Mudelit\u00fc\u00fcbid:<\/p>\n<p>&#13;<br \/>\n&#13;<\/p>\n<ul>&#13;<\/p>\n<li>Mariner 100 (4-cyl.) \u2022 Mariner 100 EFI (4T) \u2022 Mariner 115 (4-cyl.)<\/li>\n<p>&#13;<\/p>\n<li>Mariner 115 DFI (3-cyl., 1.5L) \u2022 Mariner 115 EFI (4T) \u2022 Mariner 125 (4-cyl.)&nbsp;<\/li>\n<p>&#13;<\/p>\n<li>Mariner 135 Verado (4T, 4-cyl.) \u2022 Mariner 150 Verado (4T, 4-cyl.)<\/li>\n<p>&#13;<\/p>\n<li>Mariner 175 Verado (4T, 4-cyl.)\u2022 Mariner 200 (3.0L EFI) \u2022 Mariner 200 DFI<\/li>\n<p>&#13;<\/p>\n<li>Mariner 200 DFI 3.0L \u2022 Mariner 200 Verado (4T, 4-cyl.) \u2022 Mariner 200 Verado (4T, 6-cyl.)<\/li>\n<p>&#13;<\/p>\n<li>Mariner 225 (3.0L Carb) \u2022 Mariner 225 (3.0L EFI) \u2022 Mariner 225 (3.0L EFI) Marathon<\/li>\n<p>&#13;<\/p>\n<li>Mariner 225 (3.0L DFI) DTS \u2022 Mariner 225 DFI \u2022 Mariner 225 DFI 3.0L<\/li>\n<p>&#13;<\/p>\n<li>Mariner 225 Marathon (3.0L Carb) \u2022 Mariner 225 Verado (4T, 6-cyl.)<\/li>\n<p>&#13;<\/p>\n<li>Mariner 250 (3.0L EFI) \u2022 Mariner 250 Long (3.0L EFI) \u2022 Mariner 250 Verado (4T, 6-cyl.) \u2022<\/li>\n<p>&#13;<\/p>\n<li>Mariner 275 Verado (4T, 6-cyl.) \u2022 Mariner 3.0L EFI Marathon \u2022 Mariner 30 (4T)<\/li>\n<p>&#13;<\/p>\n<li>Mariner 30 Carb (3-cyl., 4T) \u2022 Mariner 300 Verado (4T, 6-cyl.) M\u2022 Mariner 40 (4T)<\/li>\n<p>&#13;<\/p>\n<li>Mariner 40 (4T, 4-cyl.) \u2022 Mariner 40 Carb (3-cyl., 4T) \u2022 Mariner 40 EFI (4-cyl., 4T)<\/li>\n<p>&#13;<\/p>\n<li>Mariner 40 JET \u2022 Mariner 45 JET \u2022 Mariner 50 (4T, 4-cyl.) \u2022 Mariner 50 EFI (4-cyl., 4T)<\/li>\n<p>&#13;<\/p>\n<li>Mariner 55 3-cyl. \u2022 Mariner 60 3-cyl. \u2022 Mariner 60 3-cyl. Bigfoot \u2022 Mariner 60 (4T, 4-cyl.)<\/li>\n<p>&#13;<\/p>\n<li>Mariner 60 EFI (4-cyl., 4T) \u2022 Mariner 65 JET \u2022 Mariner 75 (3-cyl.) \u2022 Mariner 75 (4T)<\/li>\n<p>&#13;<\/p>\n<li>Mariner 75 (4T) Bodensee \u2022 Mariner 75 DFI (3-cyl., 1.5L) \u2022 Mariner 75 EFI (4T)<\/li>\n<p>&#13;<\/p>\n<li>Mariner 80 EFI (4T) \u2022 Mariner 80 JET \u2022 Mariner 90 (3-cyl.) \u2022 Mariner 90 (4T)<\/li>\n<p>&#13;<\/p>\n<li>Mariner 90 DFI (3-cyl., 1.5L)M \u2022 Mariner 90 EFI (4T)<\/li>\n<p>&#13;\n<\/ul>\n<p>&#13;<br \/>\n&#13;<\/p>\n<p>&nbsp;<\/p>\n<p>&#13;<br \/>\n&#13;<\/p>\n<ul>&#13;<\/p>\n<li>Mercruiser Vazer Drive \u2022 Mercruiser Vazer Transom \u2022 Mercruiser Alpha One Gen II<\/li>\n<p>&#13;\n<\/ul>\n<p>&#13;<br \/>\n&#13;<\/p>\n<p>&nbsp;<\/p>\n<p>&#13;<br \/>\n&#13;<\/p>\n<ul>&#13;<\/p>\n<li>Mercury 100 (4-cyl.) \u2022 Mercury 100 EFI (4T) \u2022 Mercury 115 (4-cyl.) \u2022 Mercury 115 DFI (3-cyl., 1.5L)<\/li>\n<p>&#13;<\/p>\n<li>Mercury 115 EFI (4T) \u2022 Mercury 115 ProXS (3-cyl., 1.5L) \u2022 Mercury 125 (4-cyl.)<\/li>\n<p>&#13;<\/p>\n<li>Mercury 125 DFI (3-cyl., 1.5L) \u2022 Mercury 135 Verado (4T, 4-cyl.) \u2022 Mercury 150 Verado (4T, 4-cyl.)<\/li>\n<p>&#13;<\/p>\n<li>Mercury 175 Verado (4T, 4-cyl.) \u2022 Mercury 200 (3.0L DFI) DTS \u2022 Mercury 200 (3.0L EFI)<\/li>\n<p>&#13;<\/p>\n<li>Mercury 200 DFI \u2022 Mercury 200 DFI 3.0L \u2022 Mercury 200 Pro XS DFI 3.0L \u2022 Mercury 200 Verado (4T, 4-cyl.)<\/li>\n<p>&#13;<\/p>\n<li>Mercury 200 Verado (4T, 6-cyl.) \u2022 Mercury 225 (3.0L Carb) \u2022 Mercury 225 (3.0L EFI) \u2022 Mercury 225 (3.0L EFI) SeaPro<\/li>\n<p>&#13;<\/p>\n<li>Mercury 225 (3.0L DFI) DTS \u2022 Mercury 225 DFI \u2022 Mercury 225 DFI 3.0L \u2022 Mercury 225 Pro XS (3.0L DFI)<\/li>\n<p>&#13;<\/p>\n<li>Mercury 225 SeaPro (3.0L Carb) \u2022 Mercury 225 Verado (4T, 6-cyl.) \u2022 Mercury 250 (3.0L EFI) \u2022 Mercury 250 DFI 3.0L<\/li>\n<p>&#13;<\/p>\n<li>Mercury 250 Long (3.0L EFI) \u2022 Mercury 250 Pro XS (3.0L DFI) \u2022 Mercury 250 Verado (4T, 6-cyl.) \u2022 Mercury 250XB (3.0L EFI)<\/li>\n<p>&#13;<\/p>\n<li>Mercury 275 Verado (4T, 6-cyl.) \u2022 Mercury 3.0L EFI SeaPro \u2022 Mercury 30 (4T) \u2022 Mercury 30 Carb (3-cyl., 4T)<\/li>\n<p>&#13;<\/p>\n<li>Mercury 300 Verado (4T, 6-cyl.) \u2022 Mercury 350Sci Verado \u2022 Mercury 40 (4T) \u2022 Mercury 40 (4T, 4-cyl.)<\/li>\n<p>&#13;<\/p>\n<li>Mercury 40 Carb (3-cyl., 4T) \u2022 Mercury 40 EFI (4-cyl., 4T) \u2022 Mercury 40 EFI (4-cyl., 4T) JET \u2022 Mercury 40 JET<\/li>\n<p>&#13;<\/p>\n<li>Mercury 45 JET \u2022 Mercury 50 (4T, 4-cyl.) \u2022 Mercury 50 EFI (4-cyl., 4T) \u2022 Mercury 55 (3-cyl.) \u2022 Mercury 60 (3-cyl.)<\/li>\n<p>&#13;<\/p>\n<li>Mercury 60 (4T, 4-cyl.) \u2022 Mercury 60 Bigfoot (3-cyl.) \u2022 Mercury 60 EFI (4-cyl., 4T) \u2022 Mercury 65 JET \u2022 Mercury 65 JET (3-cyl.)<\/li>\n<p>&#13;<\/p>\n<li>Mercury 75 (3-cyl.) \u2022 Mercury 75 (4T) \u2022 Mercury 75 (4T) Bodensee \u2022 Mercury 75 DFI (3-cyl., 1.5L) \u2022 Mercury 75 EFI (4T)<\/li>\n<p>&#13;<\/p>\n<li>Mercury 80 EFI (4T) \u2022 Mercury 80 JET \u2022 Mercury 80 JET (3-cyl., 1.5L) \u2022 Mercury 90 (3-cyl.) \u2022 Mercury 90 (4T)<\/li>\n<p>&#13;<\/p>\n<li>Mercury 90 DFI (3-cyl., 1.5L) \u2022 Mercury 90 EFI (4T) \u2022 Mercury JP 3.0L DFI<\/li>\n<p>&#13;\n<\/ul>\n<p>&#13;<br \/>\n&#13;<\/p>\n<p>&nbsp;<\/p>\n<p>&#13;<br \/>\n&#13;<\/p>\n<ul>&#13;<\/p>\n<li>Race Outboard 2.5XS 2.5L DFI \u2022 Race Outboard 225 Sport XS \u2022 Race Outboard 225 XS<\/li>\n<p>&#13;<\/p>\n<li>Race Outboard 250 Sport XS \u2022 Race Outboard 250XS (3.0L DFI) \u2022 Race Outboard 300X (3.0L EFI) Pro Max&nbsp;<\/li>\n<p>&#13;<\/p>\n<li>Race Outboard 300XS (3.2L DFI) \u2022 Race Outboard JP 3.0L DFI<\/li>\n<p>&#13;\n<\/ul>\n<p>&#13;<br \/>\n&#13;<\/p>\n<p>&nbsp;<\/p>\n<p>&#13;<br \/>\n&#13;<\/p>\n<ul>&#13;<\/p>\n<li>Honda BF75 &#8211; BF90<\/li>\n<p>&#13;\n<\/ul>\n<p>&#13;<br \/>\n&#13;<\/p>\n<p>&nbsp;<\/p>\n<p>&#13;<br \/>\n&#13;<\/p>\n<p>V\u00e4lisl\u00e4bim\u00f5\u00f5t: 89,00 mm, Sisemine l\u00e4bim\u00f5\u00f5t: 22,40 mm, Laius: 32,50 mm<\/p>\n<p>&#13;<\/p>\n","protected":false},"excerpt":{"rendered":"<p>Tiivik Mercury\/Marineri, Mercruiseri ja Honda jaoks. Original Mercury tiivik. Mudelit\u00fc\u00fcbid: &#13; &#13; &#13; Mariner 100 (4-cyl.) \u2022 Mariner 100 EFI (4T) \u2022 Mariner 115 (4-cyl.) &#13; Mariner 115 DFI (3-cyl., 1.5L) \u2022 Mariner 115 EFI (4T) \u2022 Mariner 125 (4-cyl.)&nbsp; &#13; Mariner 135 Verado (4T, 4-cyl.) \u2022 Mariner 150 Verado (4T, 4-cyl.) &#13; Mariner 175&#8230;<\/p>\n","protected":false},"featured_media":41879,"template":"","meta":{"_kad_blocks_custom_css":"","_kad_blocks_head_custom_js":"","_kad_blocks_body_custom_js":"","_kad_blocks_footer_custom_js":"","_kad_post_transparent":"","_kad_post_title":"","_kad_post_layout":"","_kad_post_sidebar_id":"","_kad_post_content_style":"","_kad_post_vertical_padding":"","_kad_post_feature":"","_kad_post_feature_position":"","_kad_post_header":false,"_kad_post_footer":false,"_kad_post_classname":""},"product_brand":[],"product_cat":[1728,249],"product_tag":[],"class_list":{"0":"post-46635","1":"product","2":"type-product","3":"status-publish","4":"has-post-thumbnail","6":"product_cat-impellerid","7":"product_cat-varuosad-mootorpaatidele","8":"pa_producer-recmar","9":"pa_unit-pcs","10":"tm-no-options","12":"first","13":"instock","14":"taxable","15":"shipping-taxable","16":"purchasable","17":"product-type-simple","18":"entry","19":"content-bg","20":"loop-entry"},"yoast_head":"<!-- This site is optimized with the Yoast SEO plugin v27.3 - https:\/\/yoast.com\/product\/yoast-seo-wordpress\/ -->\n<title>IMPELLER, MERCURY\/MARINER, MERCRUISER &amp; HONDA - NORDLINE s\u00f5udepaadid ja mootorpaadid. Klaasfiiber materjalist.<\/title>\n<meta name=\"robots\" content=\"index, follow, max-snippet:-1, max-image-preview:large, max-video-preview:-1\" \/>\n<link rel=\"canonical\" href=\"https:\/\/nordlinepaadid.ee\/et\/pood\/varuosad-mootorpaatidele\/impellerid\/impeller-mercury-mariner-mercruiser-honda\/\" \/>\n<meta property=\"og:locale\" content=\"et_EE\" \/>\n<meta property=\"og:type\" content=\"article\" \/>\n<meta property=\"og:title\" content=\"IMPELLER, MERCURY\/MARINER, MERCRUISER &amp; HONDA - NORDLINE s\u00f5udepaadid ja mootorpaadid. Klaasfiiber materjalist.\" \/>\n<meta property=\"og:description\" content=\"Tiivik Mercury\/Marineri, Mercruiseri ja Honda jaoks. Original Mercury tiivik. Mudelit\u00fc\u00fcbid: &#013; &#013; &#013; Mariner 100 (4-cyl.) \u2022 Mariner 100 EFI (4T) \u2022 Mariner 115 (4-cyl.) &#013; Mariner 115 DFI (3-cyl., 1.5L) \u2022 Mariner 115 EFI (4T) \u2022 Mariner 125 (4-cyl.)&nbsp; &#013; Mariner 135 Verado (4T, 4-cyl.) \u2022 Mariner 150 Verado (4T, 4-cyl.) &#013; Mariner 175...\" \/>\n<meta property=\"og:url\" content=\"https:\/\/nordlinepaadid.ee\/et\/pood\/varuosad-mootorpaatidele\/impellerid\/impeller-mercury-mariner-mercruiser-honda\/\" \/>\n<meta property=\"og:site_name\" content=\"NORDLINE s\u00f5udepaadid ja mootorpaadid. Klaasfiiber materjalist.\" \/>\n<meta property=\"article:publisher\" content=\"https:\/\/www.facebook.com\/nordlineboats\" \/>\n<meta property=\"og:image\" content=\"https:\/\/nordlinepaadid.ee\/wp-content\/uploads\/2023\/11\/10250_REC47-43026Q02-1.jpg\" \/>\n\t<meta property=\"og:image:width\" content=\"458\" \/>\n\t<meta property=\"og:image:height\" content=\"458\" \/>\n\t<meta property=\"og:image:type\" content=\"image\/jpeg\" \/>\n<meta name=\"twitter:card\" content=\"summary_large_image\" \/>\n<meta name=\"twitter:label1\" content=\"Est. reading time\" \/>\n\t<meta name=\"twitter:data1\" content=\"2 minutit\" \/>\n<script type=\"application\/ld+json\" class=\"yoast-schema-graph\">{\"@context\":\"https:\\\/\\\/schema.org\",\"@graph\":[{\"@type\":\"WebPage\",\"@id\":\"https:\\\/\\\/nordlinepaadid.ee\\\/et\\\/pood\\\/varuosad-mootorpaatidele\\\/impellerid\\\/impeller-mercury-mariner-mercruiser-honda\\\/\",\"url\":\"https:\\\/\\\/nordlinepaadid.ee\\\/et\\\/pood\\\/varuosad-mootorpaatidele\\\/impellerid\\\/impeller-mercury-mariner-mercruiser-honda\\\/\",\"name\":\"IMPELLER, MERCURY\\\/MARINER, MERCRUISER & HONDA - NORDLINE s\u00f5udepaadid ja mootorpaadid. Klaasfiiber materjalist.\",\"isPartOf\":{\"@id\":\"https:\\\/\\\/nordlinepaadid.ee\\\/et\\\/#website\"},\"primaryImageOfPage\":{\"@id\":\"https:\\\/\\\/nordlinepaadid.ee\\\/et\\\/pood\\\/varuosad-mootorpaatidele\\\/impellerid\\\/impeller-mercury-mariner-mercruiser-honda\\\/#primaryimage\"},\"image\":{\"@id\":\"https:\\\/\\\/nordlinepaadid.ee\\\/et\\\/pood\\\/varuosad-mootorpaatidele\\\/impellerid\\\/impeller-mercury-mariner-mercruiser-honda\\\/#primaryimage\"},\"thumbnailUrl\":\"https:\\\/\\\/nordlinepaadid.ee\\\/wp-content\\\/uploads\\\/2023\\\/11\\\/10250_REC47-43026Q02-1.jpg\",\"datePublished\":\"2026-04-14T00:23:54+00:00\",\"breadcrumb\":{\"@id\":\"https:\\\/\\\/nordlinepaadid.ee\\\/et\\\/pood\\\/varuosad-mootorpaatidele\\\/impellerid\\\/impeller-mercury-mariner-mercruiser-honda\\\/#breadcrumb\"},\"inLanguage\":\"et\",\"potentialAction\":[{\"@type\":\"ReadAction\",\"target\":[\"https:\\\/\\\/nordlinepaadid.ee\\\/et\\\/pood\\\/varuosad-mootorpaatidele\\\/impellerid\\\/impeller-mercury-mariner-mercruiser-honda\\\/\"]}]},{\"@type\":\"ImageObject\",\"inLanguage\":\"et\",\"@id\":\"https:\\\/\\\/nordlinepaadid.ee\\\/et\\\/pood\\\/varuosad-mootorpaatidele\\\/impellerid\\\/impeller-mercury-mariner-mercruiser-honda\\\/#primaryimage\",\"url\":\"https:\\\/\\\/nordlinepaadid.ee\\\/wp-content\\\/uploads\\\/2023\\\/11\\\/10250_REC47-43026Q02-1.jpg\",\"contentUrl\":\"https:\\\/\\\/nordlinepaadid.ee\\\/wp-content\\\/uploads\\\/2023\\\/11\\\/10250_REC47-43026Q02-1.jpg\",\"width\":458,\"height\":458},{\"@type\":\"BreadcrumbList\",\"@id\":\"https:\\\/\\\/nordlinepaadid.ee\\\/et\\\/pood\\\/varuosad-mootorpaatidele\\\/impellerid\\\/impeller-mercury-mariner-mercruiser-honda\\\/#breadcrumb\",\"itemListElement\":[{\"@type\":\"ListItem\",\"position\":1,\"name\":\"Home\",\"item\":\"https:\\\/\\\/nordlinepaadid.ee\\\/et\\\/\"},{\"@type\":\"ListItem\",\"position\":2,\"name\":\"Pood\",\"item\":\"https:\\\/\\\/nordlinepaadid.ee\\\/et\\\/pood\\\/\"},{\"@type\":\"ListItem\",\"position\":3,\"name\":\"IMPELLER, MERCURY\\\/MARINER, MERCRUISER &#038; HONDA\"}]},{\"@type\":\"WebSite\",\"@id\":\"https:\\\/\\\/nordlinepaadid.ee\\\/et\\\/#website\",\"url\":\"https:\\\/\\\/nordlinepaadid.ee\\\/et\\\/\",\"name\":\"NORDLINE s\u00f5udepaadid ja mootorpaadid. Klaasfiiber materjalist.\",\"description\":\"\",\"publisher\":{\"@id\":\"https:\\\/\\\/nordlinepaadid.ee\\\/et\\\/#organization\"},\"potentialAction\":[{\"@type\":\"SearchAction\",\"target\":{\"@type\":\"EntryPoint\",\"urlTemplate\":\"https:\\\/\\\/nordlinepaadid.ee\\\/et\\\/?s={search_term_string}\"},\"query-input\":{\"@type\":\"PropertyValueSpecification\",\"valueRequired\":true,\"valueName\":\"search_term_string\"}}],\"inLanguage\":\"et\"},{\"@type\":\"Organization\",\"@id\":\"https:\\\/\\\/nordlinepaadid.ee\\\/et\\\/#organization\",\"name\":\"Nordlineboats\",\"url\":\"https:\\\/\\\/nordlinepaadid.ee\\\/et\\\/\",\"logo\":{\"@type\":\"ImageObject\",\"inLanguage\":\"et\",\"@id\":\"https:\\\/\\\/nordlinepaadid.ee\\\/et\\\/#\\\/schema\\\/logo\\\/image\\\/\",\"url\":\"https:\\\/\\\/nordlinepaadid.ee\\\/wp-content\\\/uploads\\\/2023\\\/01\\\/fulllogo_transparent_nobuffer-e1672750475494.png\",\"contentUrl\":\"https:\\\/\\\/nordlinepaadid.ee\\\/wp-content\\\/uploads\\\/2023\\\/01\\\/fulllogo_transparent_nobuffer-e1672750475494.png\",\"width\":150,\"height\":119,\"caption\":\"Nordlineboats\"},\"image\":{\"@id\":\"https:\\\/\\\/nordlinepaadid.ee\\\/et\\\/#\\\/schema\\\/logo\\\/image\\\/\"},\"sameAs\":[\"https:\\\/\\\/www.facebook.com\\\/nordlineboats\",\"https:\\\/\\\/www.youtube.com\\\/channel\\\/UCbgF0fy02y3QkFnujaLTaCA\"]}]}<\/script>\n<!-- \/ Yoast SEO plugin. -->","yoast_head_json":{"title":"IMPELLER, MERCURY\/MARINER, MERCRUISER & HONDA - NORDLINE s\u00f5udepaadid ja mootorpaadid. Klaasfiiber materjalist.","robots":{"index":"index","follow":"follow","max-snippet":"max-snippet:-1","max-image-preview":"max-image-preview:large","max-video-preview":"max-video-preview:-1"},"canonical":"https:\/\/nordlinepaadid.ee\/et\/pood\/varuosad-mootorpaatidele\/impellerid\/impeller-mercury-mariner-mercruiser-honda\/","og_locale":"et_EE","og_type":"article","og_title":"IMPELLER, MERCURY\/MARINER, MERCRUISER & HONDA - NORDLINE s\u00f5udepaadid ja mootorpaadid. Klaasfiiber materjalist.","og_description":"Tiivik Mercury\/Marineri, Mercruiseri ja Honda jaoks. Original Mercury tiivik. Mudelit\u00fc\u00fcbid: &#13; &#13; &#13; Mariner 100 (4-cyl.) \u2022 Mariner 100 EFI (4T) \u2022 Mariner 115 (4-cyl.) &#13; Mariner 115 DFI (3-cyl., 1.5L) \u2022 Mariner 115 EFI (4T) \u2022 Mariner 125 (4-cyl.)&nbsp; &#13; Mariner 135 Verado (4T, 4-cyl.) \u2022 Mariner 150 Verado (4T, 4-cyl.) &#13; Mariner 175...","og_url":"https:\/\/nordlinepaadid.ee\/et\/pood\/varuosad-mootorpaatidele\/impellerid\/impeller-mercury-mariner-mercruiser-honda\/","og_site_name":"NORDLINE s\u00f5udepaadid ja mootorpaadid. Klaasfiiber materjalist.","article_publisher":"https:\/\/www.facebook.com\/nordlineboats","og_image":[{"width":458,"height":458,"url":"https:\/\/nordlinepaadid.ee\/wp-content\/uploads\/2023\/11\/10250_REC47-43026Q02-1.jpg","type":"image\/jpeg"}],"twitter_card":"summary_large_image","twitter_misc":{"Est. reading time":"2 minutit"},"schema":{"@context":"https:\/\/schema.org","@graph":[{"@type":"WebPage","@id":"https:\/\/nordlinepaadid.ee\/et\/pood\/varuosad-mootorpaatidele\/impellerid\/impeller-mercury-mariner-mercruiser-honda\/","url":"https:\/\/nordlinepaadid.ee\/et\/pood\/varuosad-mootorpaatidele\/impellerid\/impeller-mercury-mariner-mercruiser-honda\/","name":"IMPELLER, MERCURY\/MARINER, MERCRUISER & HONDA - NORDLINE s\u00f5udepaadid ja mootorpaadid. Klaasfiiber materjalist.","isPartOf":{"@id":"https:\/\/nordlinepaadid.ee\/et\/#website"},"primaryImageOfPage":{"@id":"https:\/\/nordlinepaadid.ee\/et\/pood\/varuosad-mootorpaatidele\/impellerid\/impeller-mercury-mariner-mercruiser-honda\/#primaryimage"},"image":{"@id":"https:\/\/nordlinepaadid.ee\/et\/pood\/varuosad-mootorpaatidele\/impellerid\/impeller-mercury-mariner-mercruiser-honda\/#primaryimage"},"thumbnailUrl":"https:\/\/nordlinepaadid.ee\/wp-content\/uploads\/2023\/11\/10250_REC47-43026Q02-1.jpg","datePublished":"2026-04-14T00:23:54+00:00","breadcrumb":{"@id":"https:\/\/nordlinepaadid.ee\/et\/pood\/varuosad-mootorpaatidele\/impellerid\/impeller-mercury-mariner-mercruiser-honda\/#breadcrumb"},"inLanguage":"et","potentialAction":[{"@type":"ReadAction","target":["https:\/\/nordlinepaadid.ee\/et\/pood\/varuosad-mootorpaatidele\/impellerid\/impeller-mercury-mariner-mercruiser-honda\/"]}]},{"@type":"ImageObject","inLanguage":"et","@id":"https:\/\/nordlinepaadid.ee\/et\/pood\/varuosad-mootorpaatidele\/impellerid\/impeller-mercury-mariner-mercruiser-honda\/#primaryimage","url":"https:\/\/nordlinepaadid.ee\/wp-content\/uploads\/2023\/11\/10250_REC47-43026Q02-1.jpg","contentUrl":"https:\/\/nordlinepaadid.ee\/wp-content\/uploads\/2023\/11\/10250_REC47-43026Q02-1.jpg","width":458,"height":458},{"@type":"BreadcrumbList","@id":"https:\/\/nordlinepaadid.ee\/et\/pood\/varuosad-mootorpaatidele\/impellerid\/impeller-mercury-mariner-mercruiser-honda\/#breadcrumb","itemListElement":[{"@type":"ListItem","position":1,"name":"Home","item":"https:\/\/nordlinepaadid.ee\/et\/"},{"@type":"ListItem","position":2,"name":"Pood","item":"https:\/\/nordlinepaadid.ee\/et\/pood\/"},{"@type":"ListItem","position":3,"name":"IMPELLER, MERCURY\/MARINER, MERCRUISER &#038; HONDA"}]},{"@type":"WebSite","@id":"https:\/\/nordlinepaadid.ee\/et\/#website","url":"https:\/\/nordlinepaadid.ee\/et\/","name":"NORDLINE s\u00f5udepaadid ja mootorpaadid. Klaasfiiber materjalist.","description":"","publisher":{"@id":"https:\/\/nordlinepaadid.ee\/et\/#organization"},"potentialAction":[{"@type":"SearchAction","target":{"@type":"EntryPoint","urlTemplate":"https:\/\/nordlinepaadid.ee\/et\/?s={search_term_string}"},"query-input":{"@type":"PropertyValueSpecification","valueRequired":true,"valueName":"search_term_string"}}],"inLanguage":"et"},{"@type":"Organization","@id":"https:\/\/nordlinepaadid.ee\/et\/#organization","name":"Nordlineboats","url":"https:\/\/nordlinepaadid.ee\/et\/","logo":{"@type":"ImageObject","inLanguage":"et","@id":"https:\/\/nordlinepaadid.ee\/et\/#\/schema\/logo\/image\/","url":"https:\/\/nordlinepaadid.ee\/wp-content\/uploads\/2023\/01\/fulllogo_transparent_nobuffer-e1672750475494.png","contentUrl":"https:\/\/nordlinepaadid.ee\/wp-content\/uploads\/2023\/01\/fulllogo_transparent_nobuffer-e1672750475494.png","width":150,"height":119,"caption":"Nordlineboats"},"image":{"@id":"https:\/\/nordlinepaadid.ee\/et\/#\/schema\/logo\/image\/"},"sameAs":["https:\/\/www.facebook.com\/nordlineboats","https:\/\/www.youtube.com\/channel\/UCbgF0fy02y3QkFnujaLTaCA"]}]}},"taxonomy_info":{"product_cat":[{"value":1728,"label":"Impellerid"},{"value":249,"label":"VARUOSAD MOOTORPAATIDELE"}],"pa_producer":[{"value":1086,"label":"Recmar"}],"pa_unit":[{"value":416,"label":"pcs"}]},"featured_image_src_large":["https:\/\/nordlinepaadid.ee\/wp-content\/uploads\/2023\/11\/10250_REC47-43026Q02-1.jpg",458,458,false],"author_info":[],"comment_info":"","_links":{"self":[{"href":"https:\/\/nordlinepaadid.ee\/et\/wp-json\/wp\/v2\/product\/46635","targetHints":{"allow":["GET"]}}],"collection":[{"href":"https:\/\/nordlinepaadid.ee\/et\/wp-json\/wp\/v2\/product"}],"about":[{"href":"https:\/\/nordlinepaadid.ee\/et\/wp-json\/wp\/v2\/types\/product"}],"wp:featuredmedia":[{"embeddable":true,"href":"https:\/\/nordlinepaadid.ee\/et\/wp-json\/wp\/v2\/media\/41879"}],"wp:attachment":[{"href":"https:\/\/nordlinepaadid.ee\/et\/wp-json\/wp\/v2\/media?parent=46635"}],"wp:term":[{"taxonomy":"product_brand","embeddable":true,"href":"https:\/\/nordlinepaadid.ee\/et\/wp-json\/wp\/v2\/product_brand?post=46635"},{"taxonomy":"product_cat","embeddable":true,"href":"https:\/\/nordlinepaadid.ee\/et\/wp-json\/wp\/v2\/product_cat?post=46635"},{"taxonomy":"product_tag","embeddable":true,"href":"https:\/\/nordlinepaadid.ee\/et\/wp-json\/wp\/v2\/product_tag?post=46635"}],"curies":[{"name":"wp","href":"https:\/\/api.w.org\/{rel}","templated":true}]}}