{"id":46665,"date":"2026-04-07T03:25:45","date_gmt":"2026-04-07T00:25:45","guid":{"rendered":"https:\/\/nordlinepaadid.ee\/toode\/maaratlemata\/impeller-volvo-penta-yanmar-perkins-onan-renault\/"},"modified":"2026-04-07T03:25:45","modified_gmt":"2026-04-07T00:25:45","slug":"impeller-volvo-penta-yanmar-perkins-onan-renault","status":"publish","type":"product","link":"https:\/\/nordlinepaadid.ee\/et\/pood\/varuosad-mootorpaatidele\/impellerid\/impeller-volvo-penta-yanmar-perkins-onan-renault\/","title":{"rendered":"IMPELLER, VOLVO PENTA\/YANMAR\/PERKINS\/ONAN\/RENAULT"},"content":{"rendered":"<p>Volvo Penta \/ Yanmar \/ Perkins \/ Onan \/ Renault tiivik. Samav\u00e4\u00e4rne CEF500100GX-ga. Omadused: l\u00e4bim\u00f5\u00f5t: 40 mm, laius: 19 mm, v\u00f5lli l\u00e4bim\u00f5\u00f5t: 9,5 mm, kummit\u00fc\u00fcp: neopreen, labad: 6, tihvti ajam. Volvo Penta mudelitele: MB10A;MD1A, MD1B; AQD2B, D2A, MD2, MD2A, MD2B; MD6A; MD2010A, MD2010B* MD2020A, MD2020B* * = kuni MO -5101203007. Varasem liugelaagriga mudel. Yanmari mudelite jaoks: 2GM, 3GM, 2GM20, 3GM30, 2QM15, SB8, SB12, SVE8, SVE12, YSB8, YSB12, YSE8, YSE12, YSM8, YSM12<\/p>\n","protected":false},"excerpt":{"rendered":"<p>Volvo Penta \/ Yanmar \/ Perkins \/ Onan \/ Renault tiivik. Samav\u00e4\u00e4rne CEF500100GX-ga. Omadused: l\u00e4bim\u00f5\u00f5t: 40 mm, laius: 19 mm, v\u00f5lli l\u00e4bim\u00f5\u00f5t: 9,5 mm, kummit\u00fc\u00fcp: neopreen, labad: 6, tihvti ajam. Volvo Penta mudelitele: MB10A;MD1A, MD1B; AQD2B, D2A, MD2, MD2A, MD2B; MD6A; MD2010A, MD2010B* MD2020A, MD2020B* * = kuni MO -5101203007. Varasem liugelaagriga mudel. Yanmari mudelite&#8230;<\/p>\n","protected":false},"featured_media":42029,"template":"","meta":{"_kad_blocks_custom_css":"","_kad_blocks_head_custom_js":"","_kad_blocks_body_custom_js":"","_kad_blocks_footer_custom_js":"","_kad_post_transparent":"","_kad_post_title":"","_kad_post_layout":"","_kad_post_sidebar_id":"","_kad_post_content_style":"","_kad_post_vertical_padding":"","_kad_post_feature":"","_kad_post_feature_position":"","_kad_post_header":false,"_kad_post_footer":false,"_kad_post_classname":""},"product_brand":[],"product_cat":[1728,249],"product_tag":[],"class_list":{"0":"post-46665","1":"product","2":"type-product","3":"status-publish","4":"has-post-thumbnail","6":"product_cat-impellerid","7":"product_cat-varuosad-mootorpaatidele","8":"pa_producer-recmar","9":"pa_unit-pcs","10":"tm-no-options","12":"first","13":"instock","14":"taxable","15":"shipping-taxable","16":"purchasable","17":"product-type-simple","18":"entry","19":"content-bg","20":"loop-entry"},"yoast_head":"<!-- This site is optimized with the Yoast SEO plugin v27.3 - https:\/\/yoast.com\/product\/yoast-seo-wordpress\/ -->\n<title>IMPELLER, VOLVO PENTA\/YANMAR\/PERKINS\/ONAN\/RENAULT - NORDLINE s\u00f5udepaadid ja mootorpaadid. Klaasfiiber materjalist.<\/title>\n<meta name=\"robots\" content=\"index, follow, max-snippet:-1, max-image-preview:large, max-video-preview:-1\" \/>\n<link rel=\"canonical\" href=\"https:\/\/nordlinepaadid.ee\/et\/pood\/varuosad-mootorpaatidele\/impellerid\/impeller-volvo-penta-yanmar-perkins-onan-renault\/\" \/>\n<meta property=\"og:locale\" content=\"et_EE\" \/>\n<meta property=\"og:type\" content=\"article\" \/>\n<meta property=\"og:title\" content=\"IMPELLER, VOLVO PENTA\/YANMAR\/PERKINS\/ONAN\/RENAULT - NORDLINE s\u00f5udepaadid ja mootorpaadid. Klaasfiiber materjalist.\" \/>\n<meta property=\"og:description\" content=\"Volvo Penta \/ Yanmar \/ Perkins \/ Onan \/ Renault tiivik. Samav\u00e4\u00e4rne CEF500100GX-ga. Omadused: l\u00e4bim\u00f5\u00f5t: 40 mm, laius: 19 mm, v\u00f5lli l\u00e4bim\u00f5\u00f5t: 9,5 mm, kummit\u00fc\u00fcp: neopreen, labad: 6, tihvti ajam. Volvo Penta mudelitele: MB10A;MD1A, MD1B; AQD2B, D2A, MD2, MD2A, MD2B; MD6A; MD2010A, MD2010B* MD2020A, MD2020B* * = kuni MO -5101203007. Varasem liugelaagriga mudel. Yanmari mudelite...\" \/>\n<meta property=\"og:url\" content=\"https:\/\/nordlinepaadid.ee\/et\/pood\/varuosad-mootorpaatidele\/impellerid\/impeller-volvo-penta-yanmar-perkins-onan-renault\/\" \/>\n<meta property=\"og:site_name\" content=\"NORDLINE s\u00f5udepaadid ja mootorpaadid. Klaasfiiber materjalist.\" \/>\n<meta property=\"article:publisher\" content=\"https:\/\/www.facebook.com\/nordlineboats\" \/>\n<meta property=\"og:image\" content=\"https:\/\/nordlinepaadid.ee\/wp-content\/uploads\/2023\/11\/10281_REC3586494-1.png\" \/>\n\t<meta property=\"og:image:width\" content=\"800\" \/>\n\t<meta property=\"og:image:height\" content=\"800\" \/>\n\t<meta property=\"og:image:type\" content=\"image\/png\" \/>\n<meta name=\"twitter:card\" content=\"summary_large_image\" \/>\n<script type=\"application\/ld+json\" class=\"yoast-schema-graph\">{\"@context\":\"https:\\\/\\\/schema.org\",\"@graph\":[{\"@type\":\"WebPage\",\"@id\":\"https:\\\/\\\/nordlinepaadid.ee\\\/et\\\/pood\\\/varuosad-mootorpaatidele\\\/impellerid\\\/impeller-volvo-penta-yanmar-perkins-onan-renault\\\/\",\"url\":\"https:\\\/\\\/nordlinepaadid.ee\\\/et\\\/pood\\\/varuosad-mootorpaatidele\\\/impellerid\\\/impeller-volvo-penta-yanmar-perkins-onan-renault\\\/\",\"name\":\"IMPELLER, VOLVO PENTA\\\/YANMAR\\\/PERKINS\\\/ONAN\\\/RENAULT - NORDLINE s\u00f5udepaadid ja mootorpaadid. Klaasfiiber materjalist.\",\"isPartOf\":{\"@id\":\"https:\\\/\\\/nordlinepaadid.ee\\\/et\\\/#website\"},\"primaryImageOfPage\":{\"@id\":\"https:\\\/\\\/nordlinepaadid.ee\\\/et\\\/pood\\\/varuosad-mootorpaatidele\\\/impellerid\\\/impeller-volvo-penta-yanmar-perkins-onan-renault\\\/#primaryimage\"},\"image\":{\"@id\":\"https:\\\/\\\/nordlinepaadid.ee\\\/et\\\/pood\\\/varuosad-mootorpaatidele\\\/impellerid\\\/impeller-volvo-penta-yanmar-perkins-onan-renault\\\/#primaryimage\"},\"thumbnailUrl\":\"https:\\\/\\\/nordlinepaadid.ee\\\/wp-content\\\/uploads\\\/2023\\\/11\\\/10281_REC3586494-1.png\",\"datePublished\":\"2026-04-07T00:25:45+00:00\",\"breadcrumb\":{\"@id\":\"https:\\\/\\\/nordlinepaadid.ee\\\/et\\\/pood\\\/varuosad-mootorpaatidele\\\/impellerid\\\/impeller-volvo-penta-yanmar-perkins-onan-renault\\\/#breadcrumb\"},\"inLanguage\":\"et\",\"potentialAction\":[{\"@type\":\"ReadAction\",\"target\":[\"https:\\\/\\\/nordlinepaadid.ee\\\/et\\\/pood\\\/varuosad-mootorpaatidele\\\/impellerid\\\/impeller-volvo-penta-yanmar-perkins-onan-renault\\\/\"]}]},{\"@type\":\"ImageObject\",\"inLanguage\":\"et\",\"@id\":\"https:\\\/\\\/nordlinepaadid.ee\\\/et\\\/pood\\\/varuosad-mootorpaatidele\\\/impellerid\\\/impeller-volvo-penta-yanmar-perkins-onan-renault\\\/#primaryimage\",\"url\":\"https:\\\/\\\/nordlinepaadid.ee\\\/wp-content\\\/uploads\\\/2023\\\/11\\\/10281_REC3586494-1.png\",\"contentUrl\":\"https:\\\/\\\/nordlinepaadid.ee\\\/wp-content\\\/uploads\\\/2023\\\/11\\\/10281_REC3586494-1.png\",\"width\":800,\"height\":800},{\"@type\":\"BreadcrumbList\",\"@id\":\"https:\\\/\\\/nordlinepaadid.ee\\\/et\\\/pood\\\/varuosad-mootorpaatidele\\\/impellerid\\\/impeller-volvo-penta-yanmar-perkins-onan-renault\\\/#breadcrumb\",\"itemListElement\":[{\"@type\":\"ListItem\",\"position\":1,\"name\":\"Home\",\"item\":\"https:\\\/\\\/nordlinepaadid.ee\\\/et\\\/\"},{\"@type\":\"ListItem\",\"position\":2,\"name\":\"Pood\",\"item\":\"https:\\\/\\\/nordlinepaadid.ee\\\/et\\\/pood\\\/\"},{\"@type\":\"ListItem\",\"position\":3,\"name\":\"IMPELLER, VOLVO PENTA\\\/YANMAR\\\/PERKINS\\\/ONAN\\\/RENAULT\"}]},{\"@type\":\"WebSite\",\"@id\":\"https:\\\/\\\/nordlinepaadid.ee\\\/et\\\/#website\",\"url\":\"https:\\\/\\\/nordlinepaadid.ee\\\/et\\\/\",\"name\":\"NORDLINE s\u00f5udepaadid ja mootorpaadid. Klaasfiiber materjalist.\",\"description\":\"\",\"publisher\":{\"@id\":\"https:\\\/\\\/nordlinepaadid.ee\\\/et\\\/#organization\"},\"potentialAction\":[{\"@type\":\"SearchAction\",\"target\":{\"@type\":\"EntryPoint\",\"urlTemplate\":\"https:\\\/\\\/nordlinepaadid.ee\\\/et\\\/?s={search_term_string}\"},\"query-input\":{\"@type\":\"PropertyValueSpecification\",\"valueRequired\":true,\"valueName\":\"search_term_string\"}}],\"inLanguage\":\"et\"},{\"@type\":\"Organization\",\"@id\":\"https:\\\/\\\/nordlinepaadid.ee\\\/et\\\/#organization\",\"name\":\"Nordlineboats\",\"url\":\"https:\\\/\\\/nordlinepaadid.ee\\\/et\\\/\",\"logo\":{\"@type\":\"ImageObject\",\"inLanguage\":\"et\",\"@id\":\"https:\\\/\\\/nordlinepaadid.ee\\\/et\\\/#\\\/schema\\\/logo\\\/image\\\/\",\"url\":\"https:\\\/\\\/nordlinepaadid.ee\\\/wp-content\\\/uploads\\\/2023\\\/01\\\/fulllogo_transparent_nobuffer-e1672750475494.png\",\"contentUrl\":\"https:\\\/\\\/nordlinepaadid.ee\\\/wp-content\\\/uploads\\\/2023\\\/01\\\/fulllogo_transparent_nobuffer-e1672750475494.png\",\"width\":150,\"height\":119,\"caption\":\"Nordlineboats\"},\"image\":{\"@id\":\"https:\\\/\\\/nordlinepaadid.ee\\\/et\\\/#\\\/schema\\\/logo\\\/image\\\/\"},\"sameAs\":[\"https:\\\/\\\/www.facebook.com\\\/nordlineboats\",\"https:\\\/\\\/www.youtube.com\\\/channel\\\/UCbgF0fy02y3QkFnujaLTaCA\"]}]}<\/script>\n<!-- \/ Yoast SEO plugin. -->","yoast_head_json":{"title":"IMPELLER, VOLVO PENTA\/YANMAR\/PERKINS\/ONAN\/RENAULT - NORDLINE s\u00f5udepaadid ja mootorpaadid. Klaasfiiber materjalist.","robots":{"index":"index","follow":"follow","max-snippet":"max-snippet:-1","max-image-preview":"max-image-preview:large","max-video-preview":"max-video-preview:-1"},"canonical":"https:\/\/nordlinepaadid.ee\/et\/pood\/varuosad-mootorpaatidele\/impellerid\/impeller-volvo-penta-yanmar-perkins-onan-renault\/","og_locale":"et_EE","og_type":"article","og_title":"IMPELLER, VOLVO PENTA\/YANMAR\/PERKINS\/ONAN\/RENAULT - NORDLINE s\u00f5udepaadid ja mootorpaadid. Klaasfiiber materjalist.","og_description":"Volvo Penta \/ Yanmar \/ Perkins \/ Onan \/ Renault tiivik. Samav\u00e4\u00e4rne CEF500100GX-ga. Omadused: l\u00e4bim\u00f5\u00f5t: 40 mm, laius: 19 mm, v\u00f5lli l\u00e4bim\u00f5\u00f5t: 9,5 mm, kummit\u00fc\u00fcp: neopreen, labad: 6, tihvti ajam. Volvo Penta mudelitele: MB10A;MD1A, MD1B; AQD2B, D2A, MD2, MD2A, MD2B; MD6A; MD2010A, MD2010B* MD2020A, MD2020B* * = kuni MO -5101203007. Varasem liugelaagriga mudel. Yanmari mudelite...","og_url":"https:\/\/nordlinepaadid.ee\/et\/pood\/varuosad-mootorpaatidele\/impellerid\/impeller-volvo-penta-yanmar-perkins-onan-renault\/","og_site_name":"NORDLINE s\u00f5udepaadid ja mootorpaadid. Klaasfiiber materjalist.","article_publisher":"https:\/\/www.facebook.com\/nordlineboats","og_image":[{"width":800,"height":800,"url":"https:\/\/nordlinepaadid.ee\/wp-content\/uploads\/2023\/11\/10281_REC3586494-1.png","type":"image\/png"}],"twitter_card":"summary_large_image","schema":{"@context":"https:\/\/schema.org","@graph":[{"@type":"WebPage","@id":"https:\/\/nordlinepaadid.ee\/et\/pood\/varuosad-mootorpaatidele\/impellerid\/impeller-volvo-penta-yanmar-perkins-onan-renault\/","url":"https:\/\/nordlinepaadid.ee\/et\/pood\/varuosad-mootorpaatidele\/impellerid\/impeller-volvo-penta-yanmar-perkins-onan-renault\/","name":"IMPELLER, VOLVO PENTA\/YANMAR\/PERKINS\/ONAN\/RENAULT - NORDLINE s\u00f5udepaadid ja mootorpaadid. Klaasfiiber materjalist.","isPartOf":{"@id":"https:\/\/nordlinepaadid.ee\/et\/#website"},"primaryImageOfPage":{"@id":"https:\/\/nordlinepaadid.ee\/et\/pood\/varuosad-mootorpaatidele\/impellerid\/impeller-volvo-penta-yanmar-perkins-onan-renault\/#primaryimage"},"image":{"@id":"https:\/\/nordlinepaadid.ee\/et\/pood\/varuosad-mootorpaatidele\/impellerid\/impeller-volvo-penta-yanmar-perkins-onan-renault\/#primaryimage"},"thumbnailUrl":"https:\/\/nordlinepaadid.ee\/wp-content\/uploads\/2023\/11\/10281_REC3586494-1.png","datePublished":"2026-04-07T00:25:45+00:00","breadcrumb":{"@id":"https:\/\/nordlinepaadid.ee\/et\/pood\/varuosad-mootorpaatidele\/impellerid\/impeller-volvo-penta-yanmar-perkins-onan-renault\/#breadcrumb"},"inLanguage":"et","potentialAction":[{"@type":"ReadAction","target":["https:\/\/nordlinepaadid.ee\/et\/pood\/varuosad-mootorpaatidele\/impellerid\/impeller-volvo-penta-yanmar-perkins-onan-renault\/"]}]},{"@type":"ImageObject","inLanguage":"et","@id":"https:\/\/nordlinepaadid.ee\/et\/pood\/varuosad-mootorpaatidele\/impellerid\/impeller-volvo-penta-yanmar-perkins-onan-renault\/#primaryimage","url":"https:\/\/nordlinepaadid.ee\/wp-content\/uploads\/2023\/11\/10281_REC3586494-1.png","contentUrl":"https:\/\/nordlinepaadid.ee\/wp-content\/uploads\/2023\/11\/10281_REC3586494-1.png","width":800,"height":800},{"@type":"BreadcrumbList","@id":"https:\/\/nordlinepaadid.ee\/et\/pood\/varuosad-mootorpaatidele\/impellerid\/impeller-volvo-penta-yanmar-perkins-onan-renault\/#breadcrumb","itemListElement":[{"@type":"ListItem","position":1,"name":"Home","item":"https:\/\/nordlinepaadid.ee\/et\/"},{"@type":"ListItem","position":2,"name":"Pood","item":"https:\/\/nordlinepaadid.ee\/et\/pood\/"},{"@type":"ListItem","position":3,"name":"IMPELLER, VOLVO PENTA\/YANMAR\/PERKINS\/ONAN\/RENAULT"}]},{"@type":"WebSite","@id":"https:\/\/nordlinepaadid.ee\/et\/#website","url":"https:\/\/nordlinepaadid.ee\/et\/","name":"NORDLINE s\u00f5udepaadid ja mootorpaadid. Klaasfiiber materjalist.","description":"","publisher":{"@id":"https:\/\/nordlinepaadid.ee\/et\/#organization"},"potentialAction":[{"@type":"SearchAction","target":{"@type":"EntryPoint","urlTemplate":"https:\/\/nordlinepaadid.ee\/et\/?s={search_term_string}"},"query-input":{"@type":"PropertyValueSpecification","valueRequired":true,"valueName":"search_term_string"}}],"inLanguage":"et"},{"@type":"Organization","@id":"https:\/\/nordlinepaadid.ee\/et\/#organization","name":"Nordlineboats","url":"https:\/\/nordlinepaadid.ee\/et\/","logo":{"@type":"ImageObject","inLanguage":"et","@id":"https:\/\/nordlinepaadid.ee\/et\/#\/schema\/logo\/image\/","url":"https:\/\/nordlinepaadid.ee\/wp-content\/uploads\/2023\/01\/fulllogo_transparent_nobuffer-e1672750475494.png","contentUrl":"https:\/\/nordlinepaadid.ee\/wp-content\/uploads\/2023\/01\/fulllogo_transparent_nobuffer-e1672750475494.png","width":150,"height":119,"caption":"Nordlineboats"},"image":{"@id":"https:\/\/nordlinepaadid.ee\/et\/#\/schema\/logo\/image\/"},"sameAs":["https:\/\/www.facebook.com\/nordlineboats","https:\/\/www.youtube.com\/channel\/UCbgF0fy02y3QkFnujaLTaCA"]}]}},"taxonomy_info":{"product_cat":[{"value":1728,"label":"Impellerid"},{"value":249,"label":"VARUOSAD MOOTORPAATIDELE"}],"pa_producer":[{"value":1086,"label":"Recmar"}],"pa_unit":[{"value":416,"label":"pcs"}]},"featured_image_src_large":["https:\/\/nordlinepaadid.ee\/wp-content\/uploads\/2023\/11\/10281_REC3586494-1.png",800,800,false],"author_info":[],"comment_info":"","_links":{"self":[{"href":"https:\/\/nordlinepaadid.ee\/et\/wp-json\/wp\/v2\/product\/46665","targetHints":{"allow":["GET"]}}],"collection":[{"href":"https:\/\/nordlinepaadid.ee\/et\/wp-json\/wp\/v2\/product"}],"about":[{"href":"https:\/\/nordlinepaadid.ee\/et\/wp-json\/wp\/v2\/types\/product"}],"wp:featuredmedia":[{"embeddable":true,"href":"https:\/\/nordlinepaadid.ee\/et\/wp-json\/wp\/v2\/media\/42029"}],"wp:attachment":[{"href":"https:\/\/nordlinepaadid.ee\/et\/wp-json\/wp\/v2\/media?parent=46665"}],"wp:term":[{"taxonomy":"product_brand","embeddable":true,"href":"https:\/\/nordlinepaadid.ee\/et\/wp-json\/wp\/v2\/product_brand?post=46665"},{"taxonomy":"product_cat","embeddable":true,"href":"https:\/\/nordlinepaadid.ee\/et\/wp-json\/wp\/v2\/product_cat?post=46665"},{"taxonomy":"product_tag","embeddable":true,"href":"https:\/\/nordlinepaadid.ee\/et\/wp-json\/wp\/v2\/product_tag?post=46665"}],"curies":[{"name":"wp","href":"https:\/\/api.w.org\/{rel}","templated":true}]}}