{"id":46681,"date":"2026-04-07T03:25:48","date_gmt":"2026-04-07T00:25:48","guid":{"rendered":"https:\/\/nordlinepaadid.ee\/toode\/maaratlemata\/mikrofliisist-jope-carlo-ii-tumesinine-xl\/"},"modified":"2026-04-07T03:25:49","modified_gmt":"2026-04-07T00:25:49","slug":"mikrofliisist-jope-carlo-ii-tumesinine-xl","status":"publish","type":"product","link":"https:\/\/nordlinepaadid.ee\/et\/pood\/outlet\/mikrofliisist-jope-carlo-ii-tumesinine-xl\/","title":{"rendered":"MIKROFLIISIST JOPE &#8211; CARLO II, TUMESININE, XL"},"content":{"rendered":"<p>Carlo II on mikrofliisist jope. T\u00e4nu t\u00f5mbluku s\u00fcsteemile \u00fchildub see mikrofliisist jope erinevate Marinepooli purjetamisjakkidega nagu Aucklandi jope v\u00f5i Hobart III jope. Lisaks on jopel kaks k\u00fcljetaskut, v\u00e4rviga kokkusobiv t\u00f5mblukk ja varustatud pillimisvastase kaitsega. Materjal: 100 % pol\u00fcester.<\/p>\n","protected":false},"excerpt":{"rendered":"<p>Carlo II on mikrofliisist jope. T\u00e4nu t\u00f5mbluku s\u00fcsteemile \u00fchildub see mikrofliisist jope erinevate Marinepooli purjetamisjakkidega nagu Aucklandi jope v\u00f5i Hobart III jope. Lisaks on jopel kaks k\u00fcljetaskut, v\u00e4rviga kokkusobiv t\u00f5mblukk ja varustatud pillimisvastase kaitsega. Materjal: 100 % pol\u00fcester.<\/p>\n","protected":false},"featured_media":46682,"template":"","meta":{"_kad_blocks_custom_css":"","_kad_blocks_head_custom_js":"","_kad_blocks_body_custom_js":"","_kad_blocks_footer_custom_js":"","_kad_post_transparent":"","_kad_post_title":"","_kad_post_layout":"","_kad_post_sidebar_id":"","_kad_post_content_style":"","_kad_post_vertical_padding":"","_kad_post_feature":"","_kad_post_feature_position":"","_kad_post_header":false,"_kad_post_footer":false,"_kad_post_classname":""},"product_brand":[],"product_cat":[354],"product_tag":[],"class_list":{"0":"post-46681","1":"product","2":"type-product","3":"status-publish","4":"has-post-thumbnail","6":"product_cat-outlet","7":"pa_color-tumesinine","8":"pa_producer-marinepool","9":"pa_unit-pcs","10":"tm-no-options","12":"first","13":"instock","14":"sale","15":"taxable","16":"shipping-taxable","17":"purchasable","18":"product-type-simple","19":"entry","20":"content-bg","21":"loop-entry"},"yoast_head":"<!-- This site is optimized with the Yoast SEO plugin v27.3 - https:\/\/yoast.com\/product\/yoast-seo-wordpress\/ -->\n<title>MIKROFLIISIST JOPE - CARLO II, TUMESININE, XL - NORDLINE s\u00f5udepaadid ja mootorpaadid. Klaasfiiber materjalist.<\/title>\n<meta name=\"robots\" content=\"index, follow, max-snippet:-1, max-image-preview:large, max-video-preview:-1\" \/>\n<link rel=\"canonical\" href=\"https:\/\/nordlinepaadid.ee\/et\/pood\/outlet\/mikrofliisist-jope-carlo-ii-tumesinine-xl\/\" \/>\n<meta property=\"og:locale\" content=\"et_EE\" \/>\n<meta property=\"og:type\" content=\"article\" \/>\n<meta property=\"og:title\" content=\"MIKROFLIISIST JOPE - CARLO II, TUMESININE, XL - NORDLINE s\u00f5udepaadid ja mootorpaadid. Klaasfiiber materjalist.\" \/>\n<meta property=\"og:description\" content=\"Carlo II on mikrofliisist jope. T\u00e4nu t\u00f5mbluku s\u00fcsteemile \u00fchildub see mikrofliisist jope erinevate Marinepooli purjetamisjakkidega nagu Aucklandi jope v\u00f5i Hobart III jope. Lisaks on jopel kaks k\u00fcljetaskut, v\u00e4rviga kokkusobiv t\u00f5mblukk ja varustatud pillimisvastase kaitsega. Materjal: 100 % pol\u00fcester.\" \/>\n<meta property=\"og:url\" content=\"https:\/\/nordlinepaadid.ee\/et\/pood\/outlet\/mikrofliisist-jope-carlo-ii-tumesinine-xl\/\" \/>\n<meta property=\"og:site_name\" content=\"NORDLINE s\u00f5udepaadid ja mootorpaadid. Klaasfiiber materjalist.\" \/>\n<meta property=\"article:publisher\" content=\"https:\/\/www.facebook.com\/nordlineboats\" \/>\n<meta property=\"article:modified_time\" content=\"2026-04-07T00:25:49+00:00\" \/>\n<meta property=\"og:image\" content=\"https:\/\/nordlinepaadid.ee\/wp-content\/uploads\/2025\/02\/9539_MPL-5003214-S-1.jpg\" \/>\n\t<meta property=\"og:image:width\" content=\"800\" \/>\n\t<meta property=\"og:image:height\" content=\"800\" \/>\n\t<meta property=\"og:image:type\" content=\"image\/jpeg\" \/>\n<meta name=\"twitter:card\" content=\"summary_large_image\" \/>\n<script type=\"application\/ld+json\" class=\"yoast-schema-graph\">{\"@context\":\"https:\\\/\\\/schema.org\",\"@graph\":[{\"@type\":\"WebPage\",\"@id\":\"https:\\\/\\\/nordlinepaadid.ee\\\/et\\\/pood\\\/outlet\\\/mikrofliisist-jope-carlo-ii-tumesinine-xl\\\/\",\"url\":\"https:\\\/\\\/nordlinepaadid.ee\\\/et\\\/pood\\\/outlet\\\/mikrofliisist-jope-carlo-ii-tumesinine-xl\\\/\",\"name\":\"MIKROFLIISIST JOPE - CARLO II, TUMESININE, XL - NORDLINE s\u00f5udepaadid ja mootorpaadid. Klaasfiiber materjalist.\",\"isPartOf\":{\"@id\":\"https:\\\/\\\/nordlinepaadid.ee\\\/et\\\/#website\"},\"primaryImageOfPage\":{\"@id\":\"https:\\\/\\\/nordlinepaadid.ee\\\/et\\\/pood\\\/outlet\\\/mikrofliisist-jope-carlo-ii-tumesinine-xl\\\/#primaryimage\"},\"image\":{\"@id\":\"https:\\\/\\\/nordlinepaadid.ee\\\/et\\\/pood\\\/outlet\\\/mikrofliisist-jope-carlo-ii-tumesinine-xl\\\/#primaryimage\"},\"thumbnailUrl\":\"https:\\\/\\\/nordlinepaadid.ee\\\/wp-content\\\/uploads\\\/2025\\\/02\\\/9539_MPL-5003214-S-1.jpg\",\"datePublished\":\"2026-04-07T00:25:48+00:00\",\"dateModified\":\"2026-04-07T00:25:49+00:00\",\"breadcrumb\":{\"@id\":\"https:\\\/\\\/nordlinepaadid.ee\\\/et\\\/pood\\\/outlet\\\/mikrofliisist-jope-carlo-ii-tumesinine-xl\\\/#breadcrumb\"},\"inLanguage\":\"et\",\"potentialAction\":[{\"@type\":\"ReadAction\",\"target\":[\"https:\\\/\\\/nordlinepaadid.ee\\\/et\\\/pood\\\/outlet\\\/mikrofliisist-jope-carlo-ii-tumesinine-xl\\\/\"]}]},{\"@type\":\"ImageObject\",\"inLanguage\":\"et\",\"@id\":\"https:\\\/\\\/nordlinepaadid.ee\\\/et\\\/pood\\\/outlet\\\/mikrofliisist-jope-carlo-ii-tumesinine-xl\\\/#primaryimage\",\"url\":\"https:\\\/\\\/nordlinepaadid.ee\\\/wp-content\\\/uploads\\\/2025\\\/02\\\/9539_MPL-5003214-S-1.jpg\",\"contentUrl\":\"https:\\\/\\\/nordlinepaadid.ee\\\/wp-content\\\/uploads\\\/2025\\\/02\\\/9539_MPL-5003214-S-1.jpg\",\"width\":800,\"height\":800},{\"@type\":\"BreadcrumbList\",\"@id\":\"https:\\\/\\\/nordlinepaadid.ee\\\/et\\\/pood\\\/outlet\\\/mikrofliisist-jope-carlo-ii-tumesinine-xl\\\/#breadcrumb\",\"itemListElement\":[{\"@type\":\"ListItem\",\"position\":1,\"name\":\"Home\",\"item\":\"https:\\\/\\\/nordlinepaadid.ee\\\/et\\\/\"},{\"@type\":\"ListItem\",\"position\":2,\"name\":\"Pood\",\"item\":\"https:\\\/\\\/nordlinepaadid.ee\\\/et\\\/pood\\\/\"},{\"@type\":\"ListItem\",\"position\":3,\"name\":\"MIKROFLIISIST JOPE &#8211; CARLO II, TUMESININE, XL\"}]},{\"@type\":\"WebSite\",\"@id\":\"https:\\\/\\\/nordlinepaadid.ee\\\/et\\\/#website\",\"url\":\"https:\\\/\\\/nordlinepaadid.ee\\\/et\\\/\",\"name\":\"NORDLINE s\u00f5udepaadid ja mootorpaadid. Klaasfiiber materjalist.\",\"description\":\"\",\"publisher\":{\"@id\":\"https:\\\/\\\/nordlinepaadid.ee\\\/et\\\/#organization\"},\"potentialAction\":[{\"@type\":\"SearchAction\",\"target\":{\"@type\":\"EntryPoint\",\"urlTemplate\":\"https:\\\/\\\/nordlinepaadid.ee\\\/et\\\/?s={search_term_string}\"},\"query-input\":{\"@type\":\"PropertyValueSpecification\",\"valueRequired\":true,\"valueName\":\"search_term_string\"}}],\"inLanguage\":\"et\"},{\"@type\":\"Organization\",\"@id\":\"https:\\\/\\\/nordlinepaadid.ee\\\/et\\\/#organization\",\"name\":\"Nordlineboats\",\"url\":\"https:\\\/\\\/nordlinepaadid.ee\\\/et\\\/\",\"logo\":{\"@type\":\"ImageObject\",\"inLanguage\":\"et\",\"@id\":\"https:\\\/\\\/nordlinepaadid.ee\\\/et\\\/#\\\/schema\\\/logo\\\/image\\\/\",\"url\":\"https:\\\/\\\/nordlinepaadid.ee\\\/wp-content\\\/uploads\\\/2023\\\/01\\\/fulllogo_transparent_nobuffer-e1672750475494.png\",\"contentUrl\":\"https:\\\/\\\/nordlinepaadid.ee\\\/wp-content\\\/uploads\\\/2023\\\/01\\\/fulllogo_transparent_nobuffer-e1672750475494.png\",\"width\":150,\"height\":119,\"caption\":\"Nordlineboats\"},\"image\":{\"@id\":\"https:\\\/\\\/nordlinepaadid.ee\\\/et\\\/#\\\/schema\\\/logo\\\/image\\\/\"},\"sameAs\":[\"https:\\\/\\\/www.facebook.com\\\/nordlineboats\",\"https:\\\/\\\/www.youtube.com\\\/channel\\\/UCbgF0fy02y3QkFnujaLTaCA\"]}]}<\/script>\n<!-- \/ Yoast SEO plugin. -->","yoast_head_json":{"title":"MIKROFLIISIST JOPE - CARLO II, TUMESININE, XL - NORDLINE s\u00f5udepaadid ja mootorpaadid. Klaasfiiber materjalist.","robots":{"index":"index","follow":"follow","max-snippet":"max-snippet:-1","max-image-preview":"max-image-preview:large","max-video-preview":"max-video-preview:-1"},"canonical":"https:\/\/nordlinepaadid.ee\/et\/pood\/outlet\/mikrofliisist-jope-carlo-ii-tumesinine-xl\/","og_locale":"et_EE","og_type":"article","og_title":"MIKROFLIISIST JOPE - CARLO II, TUMESININE, XL - NORDLINE s\u00f5udepaadid ja mootorpaadid. Klaasfiiber materjalist.","og_description":"Carlo II on mikrofliisist jope. T\u00e4nu t\u00f5mbluku s\u00fcsteemile \u00fchildub see mikrofliisist jope erinevate Marinepooli purjetamisjakkidega nagu Aucklandi jope v\u00f5i Hobart III jope. Lisaks on jopel kaks k\u00fcljetaskut, v\u00e4rviga kokkusobiv t\u00f5mblukk ja varustatud pillimisvastase kaitsega. Materjal: 100 % pol\u00fcester.","og_url":"https:\/\/nordlinepaadid.ee\/et\/pood\/outlet\/mikrofliisist-jope-carlo-ii-tumesinine-xl\/","og_site_name":"NORDLINE s\u00f5udepaadid ja mootorpaadid. Klaasfiiber materjalist.","article_publisher":"https:\/\/www.facebook.com\/nordlineboats","article_modified_time":"2026-04-07T00:25:49+00:00","og_image":[{"width":800,"height":800,"url":"https:\/\/nordlinepaadid.ee\/wp-content\/uploads\/2025\/02\/9539_MPL-5003214-S-1.jpg","type":"image\/jpeg"}],"twitter_card":"summary_large_image","schema":{"@context":"https:\/\/schema.org","@graph":[{"@type":"WebPage","@id":"https:\/\/nordlinepaadid.ee\/et\/pood\/outlet\/mikrofliisist-jope-carlo-ii-tumesinine-xl\/","url":"https:\/\/nordlinepaadid.ee\/et\/pood\/outlet\/mikrofliisist-jope-carlo-ii-tumesinine-xl\/","name":"MIKROFLIISIST JOPE - CARLO II, TUMESININE, XL - NORDLINE s\u00f5udepaadid ja mootorpaadid. Klaasfiiber materjalist.","isPartOf":{"@id":"https:\/\/nordlinepaadid.ee\/et\/#website"},"primaryImageOfPage":{"@id":"https:\/\/nordlinepaadid.ee\/et\/pood\/outlet\/mikrofliisist-jope-carlo-ii-tumesinine-xl\/#primaryimage"},"image":{"@id":"https:\/\/nordlinepaadid.ee\/et\/pood\/outlet\/mikrofliisist-jope-carlo-ii-tumesinine-xl\/#primaryimage"},"thumbnailUrl":"https:\/\/nordlinepaadid.ee\/wp-content\/uploads\/2025\/02\/9539_MPL-5003214-S-1.jpg","datePublished":"2026-04-07T00:25:48+00:00","dateModified":"2026-04-07T00:25:49+00:00","breadcrumb":{"@id":"https:\/\/nordlinepaadid.ee\/et\/pood\/outlet\/mikrofliisist-jope-carlo-ii-tumesinine-xl\/#breadcrumb"},"inLanguage":"et","potentialAction":[{"@type":"ReadAction","target":["https:\/\/nordlinepaadid.ee\/et\/pood\/outlet\/mikrofliisist-jope-carlo-ii-tumesinine-xl\/"]}]},{"@type":"ImageObject","inLanguage":"et","@id":"https:\/\/nordlinepaadid.ee\/et\/pood\/outlet\/mikrofliisist-jope-carlo-ii-tumesinine-xl\/#primaryimage","url":"https:\/\/nordlinepaadid.ee\/wp-content\/uploads\/2025\/02\/9539_MPL-5003214-S-1.jpg","contentUrl":"https:\/\/nordlinepaadid.ee\/wp-content\/uploads\/2025\/02\/9539_MPL-5003214-S-1.jpg","width":800,"height":800},{"@type":"BreadcrumbList","@id":"https:\/\/nordlinepaadid.ee\/et\/pood\/outlet\/mikrofliisist-jope-carlo-ii-tumesinine-xl\/#breadcrumb","itemListElement":[{"@type":"ListItem","position":1,"name":"Home","item":"https:\/\/nordlinepaadid.ee\/et\/"},{"@type":"ListItem","position":2,"name":"Pood","item":"https:\/\/nordlinepaadid.ee\/et\/pood\/"},{"@type":"ListItem","position":3,"name":"MIKROFLIISIST JOPE &#8211; CARLO II, TUMESININE, XL"}]},{"@type":"WebSite","@id":"https:\/\/nordlinepaadid.ee\/et\/#website","url":"https:\/\/nordlinepaadid.ee\/et\/","name":"NORDLINE s\u00f5udepaadid ja mootorpaadid. Klaasfiiber materjalist.","description":"","publisher":{"@id":"https:\/\/nordlinepaadid.ee\/et\/#organization"},"potentialAction":[{"@type":"SearchAction","target":{"@type":"EntryPoint","urlTemplate":"https:\/\/nordlinepaadid.ee\/et\/?s={search_term_string}"},"query-input":{"@type":"PropertyValueSpecification","valueRequired":true,"valueName":"search_term_string"}}],"inLanguage":"et"},{"@type":"Organization","@id":"https:\/\/nordlinepaadid.ee\/et\/#organization","name":"Nordlineboats","url":"https:\/\/nordlinepaadid.ee\/et\/","logo":{"@type":"ImageObject","inLanguage":"et","@id":"https:\/\/nordlinepaadid.ee\/et\/#\/schema\/logo\/image\/","url":"https:\/\/nordlinepaadid.ee\/wp-content\/uploads\/2023\/01\/fulllogo_transparent_nobuffer-e1672750475494.png","contentUrl":"https:\/\/nordlinepaadid.ee\/wp-content\/uploads\/2023\/01\/fulllogo_transparent_nobuffer-e1672750475494.png","width":150,"height":119,"caption":"Nordlineboats"},"image":{"@id":"https:\/\/nordlinepaadid.ee\/et\/#\/schema\/logo\/image\/"},"sameAs":["https:\/\/www.facebook.com\/nordlineboats","https:\/\/www.youtube.com\/channel\/UCbgF0fy02y3QkFnujaLTaCA"]}]}},"taxonomy_info":{"product_cat":[{"value":354,"label":"L\u00d5PUM\u00dc\u00dcK \/ OUTLET"}],"pa_color":[{"value":676,"label":"Tumesinine"}],"pa_producer":[{"value":480,"label":"Marinepool"}],"pa_unit":[{"value":416,"label":"pcs"}]},"featured_image_src_large":["https:\/\/nordlinepaadid.ee\/wp-content\/uploads\/2025\/02\/9539_MPL-5003214-S-1.jpg",800,800,false],"author_info":[],"comment_info":"","_links":{"self":[{"href":"https:\/\/nordlinepaadid.ee\/et\/wp-json\/wp\/v2\/product\/46681","targetHints":{"allow":["GET"]}}],"collection":[{"href":"https:\/\/nordlinepaadid.ee\/et\/wp-json\/wp\/v2\/product"}],"about":[{"href":"https:\/\/nordlinepaadid.ee\/et\/wp-json\/wp\/v2\/types\/product"}],"wp:featuredmedia":[{"embeddable":true,"href":"https:\/\/nordlinepaadid.ee\/et\/wp-json\/wp\/v2\/media\/46682"}],"wp:attachment":[{"href":"https:\/\/nordlinepaadid.ee\/et\/wp-json\/wp\/v2\/media?parent=46681"}],"wp:term":[{"taxonomy":"product_brand","embeddable":true,"href":"https:\/\/nordlinepaadid.ee\/et\/wp-json\/wp\/v2\/product_brand?post=46681"},{"taxonomy":"product_cat","embeddable":true,"href":"https:\/\/nordlinepaadid.ee\/et\/wp-json\/wp\/v2\/product_cat?post=46681"},{"taxonomy":"product_tag","embeddable":true,"href":"https:\/\/nordlinepaadid.ee\/et\/wp-json\/wp\/v2\/product_tag?post=46681"}],"curies":[{"name":"wp","href":"https:\/\/api.w.org\/{rel}","templated":true}]}}