{"id":467,"date":"2017-10-05T19:53:00","date_gmt":"2017-10-05T16:53:00","guid":{"rendered":"https:\/\/nordlinepaadid.ee\/?post_type=product&#038;p=467"},"modified":"2026-04-08T16:06:31","modified_gmt":"2026-04-08T13:06:31","slug":"soudepaat-nordline-28","status":"publish","type":"product","link":"https:\/\/nordlinepaadid.ee\/et\/pood\/nordline-plastik-paadid\/soudepaat-nordline-28\/","title":{"rendered":"S\u00f5udepaat Nordline 28"},"content":{"rendered":"<h1>S\u00f5udepaat Nordline 28<\/h1>\n<p>S\u00f5udepaat Nordline 28 on kerge ja tugev plastikpaat. Lihtne transportida ja \u00fcksi k\u00e4sitseda. Paadil on eraldi pardaosa, mis teeb konstruktsiooni v\u00e4ga tugevaks. H\u00e4sti edasiliikuv aerude abil.<\/p>\n<div class=\"pooleks\">\n<h2>Nordline 28 tehnilised andmed<\/h2>\n<table id=\"motors\">\n<tbody>\n<tr>\n<td>Pikkus<\/td>\n<td>2,85 m<\/td>\n<\/tr>\n<tr>\n<td>Laius<\/td>\n<td>1,30 m<\/td>\n<\/tr>\n<tr>\n<td>Kaal<\/td>\n<td>45 kg<\/td>\n<\/tr>\n<tr>\n<td>Parda k\u00f5rgus<\/td>\n<td>50 cm<\/td>\n<\/tr>\n<tr>\n<td>S\u00fcvis<\/td>\n<td>15 cm<\/td>\n<\/tr>\n<tr>\n<td>Istekohtade arv *<\/td>\n<td>3<\/td>\n<\/tr>\n<tr>\n<td>Maks. lubatud inimeste arv pardal<\/td>\n<td>3<\/td>\n<\/tr>\n<tr>\n<td>Maksimaalne kandev\u00f5ime<\/td>\n<td>270 kg<\/td>\n<\/tr>\n<tr>\n<td>Maksimaalne soovituslik mootor<\/td>\n<td>2,5 kW \/ 3,5 HP<\/td>\n<\/tr>\n<tr>\n<td>Kategooria<\/td>\n<td>D<\/td>\n<\/tr>\n<tr>\n<td>Ahtripeegli k\u00f5rgus<\/td>\n<td><\/td>\n<\/tr>\n<tr>\n<td>Garantii<\/td>\n<td>2 a<\/td>\n<\/tr>\n<tr>\n<td>CE Sertifikaat<\/td>\n<td>On<\/td>\n<\/tr>\n<\/tbody>\n<\/table>\n<p>* 2 last = 1 t\u00e4iskasvanud<\/p>\n<\/div>\n<div class=\"pooleks\">\n<h2>Selle paadi parimad omadused<\/h2>\n<table id=\"motors\">\n<tbody>\n<tr>\n<td>Lihtne transportida<\/td>\n<td><\/td>\n<\/tr>\n<tr>\n<td>Kerge<\/td>\n<td><\/td>\n<\/tr>\n<tr>\n<td>Tugevad pardad ja p\u00f5hi<\/td>\n<td><\/td>\n<\/tr>\n<tr>\n<td>Lame p\u00f5hi<\/td>\n<td><\/td>\n<\/tr>\n<tr>\n<td>Uppumatu<\/td>\n<td><\/td>\n<\/tr>\n<\/tbody>\n<\/table>\n<\/div>\n<div style=\"display: inline-block;\">\n<p>K\u00fcsi t\u00e4psemalt telefonil <a href=\"tel:+3725055152\">+372 50 55 152<\/a> v\u00f5i <a href=\"mailto:info@nordlineboats.com\">info@nordlineboats.com<\/a><\/p>\n<h3>S\u00f5udepaat Nordline 28 komplekt sisaldab:<\/h3>\n<div class=\"pooleks\">\n<table id=\"motors\">\n<tbody>\n<tr>\n<td>Klaasfiibrist paat<\/td>\n<\/tr>\n<tr>\n<td>CE Sertifikaat<\/td>\n<\/tr>\n<tr>\n<td>Kasutusjuhend<\/td>\n<\/tr>\n<tr>\n<td>Registreerimiseks vajalikud dokumendid<\/td>\n<\/tr>\n<tr>\n<td>\n<div>U-aas v\u00f6\u00f6ris (haagisele t\u00f5mbamiseks, ankru otsa kinnituseks)<\/div>\n<\/td>\n<\/tr>\n<tr>\n<td>Tullipesad<\/td>\n<\/tr>\n<tr>\n<td>Mootori paigaldus koht<\/td>\n<\/tr>\n<\/tbody>\n<\/table>\n<\/div>\n<div>\n<div style=\"display: inline-block;\">\n<h3>Transport<\/h3>\n<p>Paati v\u00f5ite transportida paadi- v\u00f5i kastihaagisega. Kolme meetrise kastihaagisega saate vedada kuni 5 meetrist paati.<br \/>\nSoovi korral saate paadihaagise laenutada ka meie k\u00e4est. Kui soovite transporti meilt, saate selle valiku teha ostukorvis ostu vormistades. Tasu arvutatakse vastavalt Teie asukohale. Kohale toob veoauto, seega saab ta paadi maha panna s\u00f5idetava tee \u00e4\u00e4rde.<\/p>\n<h3>Kuidas paati valida<\/h3>\n<p>Selleks, et teha \u00f5ige otsus on kaks p\u00f5hilist v\u00f5imalust. Esiteks viige ennast kurssi, mis on t\u00e4htis paadi valiku juures. Seda saate teha klikates <a href=\"\/et?page_id=3946\" target=\"_blank\" rel=\"noopener\">&#8220;kuidas valida paati&#8221;<\/a>. Teiseks usaldage ennast, mitte m\u00fc\u00fcgimehi ja proovite paati ise. Kui see on piisavalt stabiilne ja mugav Teile, siis olete teinud \u00f5ige otsuse. Selleks v\u00f5ite valida paadi <a href=\"\/et?page_id=3503\" target=\"_blank\" rel=\"noopener\">rendikohtadest<\/a> \u00fcle Eesti, kus kasutatakse meie paate. Sobiliku mootori valikuks soovitame meile helistada ja konsulteerida spetsialistidega. Pakume enamuste tootjate mootoreid. Leiad need <a href=\"\/et?product_cat=paadimootorid\" target=\"_blank\" rel=\"noopener\">mootorite<\/a> alamjaotuse alt.<\/p>\n<h3>Kuidas tasuda paadi eest<\/h3>\n<p>V\u00f5imaus on tasuda \u00fclekandega, kaardimaksena, sularahas v\u00f5i j\u00e4relmaksuna. J\u00e4relmaksu taotluse saate t\u00e4ita ostukorvis ostu vormistamise juures. Seni, kui Te pole lepingut allkirjastanud, v\u00f5ite j\u00e4relmaksust loobuda. Ostukorvis pakutakse Teile erinevate j\u00e4relmaksufirmade pakkumisi. Tutvuge maksegraafikuga ja leidke Teile soodsaim.<\/p>\n<h3>Paadi registreerimine<\/h3>\n<p>Selleks, kas paati on tarvis registreerida, loe t\u00e4psemalt <a href=\"\/et?page_id=4215\" target=\"_blank\" rel=\"noopener\">juhendist<\/a>.<\/p>\n<div style=\"display: inline-block;\">\n<p><strong>Helista <a href=\"tel:+3725055152\">+372 50 55 152<\/a> v\u00f5i kirjuta meile <a href=\"mailto:info@nordlinepaadid.ee\">info@nordlinepaadid.ee<\/a>. Pakume Sulle tugevaid ja stabiilseid paate m\u00f5istlike hindadega .<\/strong><\/p>\n<\/div>\n<div class=\"pooleks\">\n<h3>V\u00f5ta \u00fchendust<\/h3>\n\n<div class=\"wpcf7 no-js\" id=\"wpcf7-f3217-o1\" lang=\"et\" dir=\"ltr\" data-wpcf7-id=\"3217\">\n<div class=\"screen-reader-response\"><p role=\"status\" aria-live=\"polite\" aria-atomic=\"true\"><\/p> <ul><\/ul><\/div>\n<form action=\"\/et\/wp-json\/wp\/v2\/product\/467#wpcf7-f3217-o1\" method=\"post\" class=\"wpcf7-form init\" aria-label=\"Contact form\" novalidate=\"novalidate\" data-status=\"init\">\n<fieldset class=\"hidden-fields-container\"><input type=\"hidden\" name=\"_wpcf7\" value=\"3217\" \/><input type=\"hidden\" name=\"_wpcf7_version\" value=\"6.1.5\" \/><input type=\"hidden\" name=\"_wpcf7_locale\" value=\"et\" \/><input type=\"hidden\" name=\"_wpcf7_unit_tag\" value=\"wpcf7-f3217-o1\" \/><input type=\"hidden\" name=\"_wpcf7_container_post\" value=\"0\" \/><input type=\"hidden\" name=\"_wpcf7_posted_data_hash\" value=\"\" \/>\n<\/fieldset>\n<p><label> Nimi (n\u00f5utav)<br \/>\n<span class=\"wpcf7-form-control-wrap\" data-name=\"your-name\"><input size=\"40\" maxlength=\"400\" class=\"wpcf7-form-control wpcf7-text wpcf7-validates-as-required\" aria-required=\"true\" aria-invalid=\"false\" value=\"\" type=\"text\" name=\"your-name\" \/><\/span> <\/label><br \/>\n<label> Email (n\u00f5utav)<br \/>\n<span class=\"wpcf7-form-control-wrap\" data-name=\"your-email\"><input size=\"40\" maxlength=\"400\" class=\"wpcf7-form-control wpcf7-email wpcf7-validates-as-required wpcf7-text wpcf7-validates-as-email\" aria-required=\"true\" aria-invalid=\"false\" value=\"\" type=\"email\" name=\"your-email\" \/><\/span> <\/label><br \/>\n<label> Telefon<br \/>\n<span class=\"wpcf7-form-control-wrap\" data-name=\"Telefon\"><input size=\"40\" maxlength=\"400\" class=\"wpcf7-form-control wpcf7-tel wpcf7-text wpcf7-validates-as-tel\" aria-invalid=\"false\" value=\"\" type=\"tel\" name=\"Telefon\" \/><\/span><\/label><br \/>\n<label> Teade<br \/>\n<span class=\"wpcf7-form-control-wrap\" data-name=\"your-message\"><textarea cols=\"40\" rows=\"10\" maxlength=\"2000\" class=\"wpcf7-form-control wpcf7-textarea\" aria-invalid=\"false\" name=\"your-message\"><\/textarea><\/span> <\/label>\n<\/p>\n<p><input class=\"wpcf7-form-control wpcf7-submit has-spinner\" type=\"submit\" value=\"Saada\" \/>\n<\/p><div class=\"wpcf7-response-output\" aria-hidden=\"true\"><\/div>\n<\/form>\n<\/div>\n\n<\/div>\n<div class=\"pooleks\">\n<p>&nbsp;<\/p>\n<\/div>\n<\/div>\n<\/div>\n<\/div>\n","protected":false},"excerpt":{"rendered":"<p>Pikkus 2,85 m, laius 1,3 m, kaal 45 kg, parda k\u00f5rgus 0,5 m, s\u00fcvis 0,15 m, lubatud inimeste arv pardal 3, lubatud koormus 270 kg, lubatud mootori v\u00f5imsus 3,5 HJ, garantii 2 a<\/p>\n","protected":false},"featured_media":1249,"template":"","meta":{"_kad_blocks_custom_css":"","_kad_blocks_head_custom_js":"","_kad_blocks_body_custom_js":"","_kad_blocks_footer_custom_js":"","_kad_post_transparent":"default","_kad_post_title":"","_kad_post_layout":"default","_kad_post_sidebar_id":"","_kad_post_content_style":"default","_kad_post_vertical_padding":"default","_kad_post_feature":"","_kad_post_feature_position":"","_kad_post_header":false,"_kad_post_footer":false,"_kad_post_classname":""},"product_brand":[],"product_cat":[37],"product_tag":[],"class_list":{"0":"post-467","1":"product","2":"type-product","3":"status-publish","4":"has-post-thumbnail","6":"product_cat-nordline-plastik-paadid","7":"product_shipping_class-kaup-mis-ei-mahu-euroalusele","8":"tm-has-options","10":"first","11":"instock","12":"taxable","13":"shipping-taxable","14":"purchasable","15":"product-type-variable","16":"has-default-attributes","17":"entry","18":"content-bg","19":"loop-entry"},"yoast_head":"<!-- This site is optimized with the Yoast SEO plugin v27.3 - https:\/\/yoast.com\/product\/yoast-seo-wordpress\/ -->\n<title>S\u00d5UDEPAAT NORDLINE 28 - hea hind ja tugev paat<\/title>\n<meta name=\"description\" content=\"S\u00f5udepaat Nordline 28 - Tugev ja kerge paat kalastamiseks v\u00f5i l\u00f5bus\u00f5iduks v\u00e4ikestel veekogudel. Lihtne transportida ja hoiustada.\" \/>\n<meta name=\"robots\" content=\"index, follow, max-snippet:-1, max-image-preview:large, max-video-preview:-1\" \/>\n<link rel=\"canonical\" href=\"https:\/\/nordlinepaadid.ee\/et\/pood\/nordline-plastik-paadid\/soudepaat-nordline-28\/\" \/>\n<meta property=\"og:locale\" content=\"et_EE\" \/>\n<meta property=\"og:type\" content=\"article\" \/>\n<meta property=\"og:title\" content=\"S\u00d5UDEPAAT NORDLINE 28 - hea hind ja tugev paat\" \/>\n<meta property=\"og:description\" content=\"S\u00f5udepaat Nordline 28 - Tugev ja kerge paat kalastamiseks v\u00f5i l\u00f5bus\u00f5iduks v\u00e4ikestel veekogudel. Lihtne transportida ja hoiustada.\" \/>\n<meta property=\"og:url\" content=\"https:\/\/nordlinepaadid.ee\/et\/pood\/nordline-plastik-paadid\/soudepaat-nordline-28\/\" \/>\n<meta property=\"og:site_name\" content=\"NORDLINE s\u00f5udepaadid ja mootorpaadid. Klaasfiiber materjalist.\" \/>\n<meta property=\"article:publisher\" content=\"https:\/\/www.facebook.com\/nordlineboats\" \/>\n<meta property=\"article:modified_time\" content=\"2026-04-08T13:06:31+00:00\" \/>\n<meta property=\"og:image\" content=\"https:\/\/nordlinepaadid.ee\/wp-content\/uploads\/2017\/10\/S\u00f5udepaat-Nordline-28.jpg\" \/>\n\t<meta property=\"og:image:width\" content=\"1280\" \/>\n\t<meta property=\"og:image:height\" content=\"959\" \/>\n\t<meta property=\"og:image:type\" content=\"image\/jpeg\" \/>\n<meta name=\"twitter:card\" content=\"summary_large_image\" \/>\n<meta name=\"twitter:label1\" content=\"Est. reading time\" \/>\n\t<meta name=\"twitter:data1\" content=\"2 minutit\" \/>\n<script type=\"application\/ld+json\" class=\"yoast-schema-graph\">{\"@context\":\"https:\\\/\\\/schema.org\",\"@graph\":[{\"@type\":\"WebPage\",\"@id\":\"https:\\\/\\\/nordlinepaadid.ee\\\/et\\\/pood\\\/nordline-plastik-paadid\\\/soudepaat-nordline-28\\\/\",\"url\":\"https:\\\/\\\/nordlinepaadid.ee\\\/et\\\/pood\\\/nordline-plastik-paadid\\\/soudepaat-nordline-28\\\/\",\"name\":\"S\u00d5UDEPAAT NORDLINE 28 - hea hind ja tugev paat\",\"isPartOf\":{\"@id\":\"https:\\\/\\\/nordlinepaadid.ee\\\/et\\\/#website\"},\"primaryImageOfPage\":{\"@id\":\"https:\\\/\\\/nordlinepaadid.ee\\\/et\\\/pood\\\/nordline-plastik-paadid\\\/soudepaat-nordline-28\\\/#primaryimage\"},\"image\":{\"@id\":\"https:\\\/\\\/nordlinepaadid.ee\\\/et\\\/pood\\\/nordline-plastik-paadid\\\/soudepaat-nordline-28\\\/#primaryimage\"},\"thumbnailUrl\":\"https:\\\/\\\/nordlinepaadid.ee\\\/wp-content\\\/uploads\\\/2017\\\/10\\\/S\u00f5udepaat-Nordline-28.jpg\",\"datePublished\":\"2017-10-05T16:53:00+00:00\",\"dateModified\":\"2026-04-08T13:06:31+00:00\",\"description\":\"S\u00f5udepaat Nordline 28 - Tugev ja kerge paat kalastamiseks v\u00f5i l\u00f5bus\u00f5iduks v\u00e4ikestel veekogudel. Lihtne transportida ja hoiustada.\",\"breadcrumb\":{\"@id\":\"https:\\\/\\\/nordlinepaadid.ee\\\/et\\\/pood\\\/nordline-plastik-paadid\\\/soudepaat-nordline-28\\\/#breadcrumb\"},\"inLanguage\":\"et\",\"potentialAction\":[{\"@type\":\"ReadAction\",\"target\":[\"https:\\\/\\\/nordlinepaadid.ee\\\/et\\\/pood\\\/nordline-plastik-paadid\\\/soudepaat-nordline-28\\\/\"]}]},{\"@type\":\"ImageObject\",\"inLanguage\":\"et\",\"@id\":\"https:\\\/\\\/nordlinepaadid.ee\\\/et\\\/pood\\\/nordline-plastik-paadid\\\/soudepaat-nordline-28\\\/#primaryimage\",\"url\":\"https:\\\/\\\/nordlinepaadid.ee\\\/wp-content\\\/uploads\\\/2017\\\/10\\\/S\u00f5udepaat-Nordline-28.jpg\",\"contentUrl\":\"https:\\\/\\\/nordlinepaadid.ee\\\/wp-content\\\/uploads\\\/2017\\\/10\\\/S\u00f5udepaat-Nordline-28.jpg\",\"width\":1280,\"height\":959,\"caption\":\"S\u00f5udepaat Nordline 28\"},{\"@type\":\"BreadcrumbList\",\"@id\":\"https:\\\/\\\/nordlinepaadid.ee\\\/et\\\/pood\\\/nordline-plastik-paadid\\\/soudepaat-nordline-28\\\/#breadcrumb\",\"itemListElement\":[{\"@type\":\"ListItem\",\"position\":1,\"name\":\"Home\",\"item\":\"https:\\\/\\\/nordlinepaadid.ee\\\/et\\\/\"},{\"@type\":\"ListItem\",\"position\":2,\"name\":\"Pood\",\"item\":\"https:\\\/\\\/nordlinepaadid.ee\\\/et\\\/pood\\\/\"},{\"@type\":\"ListItem\",\"position\":3,\"name\":\"S\u00f5udepaat Nordline 28\"}]},{\"@type\":\"WebSite\",\"@id\":\"https:\\\/\\\/nordlinepaadid.ee\\\/et\\\/#website\",\"url\":\"https:\\\/\\\/nordlinepaadid.ee\\\/et\\\/\",\"name\":\"NORDLINE s\u00f5udepaadid ja mootorpaadid. Klaasfiiber materjalist.\",\"description\":\"\",\"publisher\":{\"@id\":\"https:\\\/\\\/nordlinepaadid.ee\\\/et\\\/#organization\"},\"potentialAction\":[{\"@type\":\"SearchAction\",\"target\":{\"@type\":\"EntryPoint\",\"urlTemplate\":\"https:\\\/\\\/nordlinepaadid.ee\\\/et\\\/?s={search_term_string}\"},\"query-input\":{\"@type\":\"PropertyValueSpecification\",\"valueRequired\":true,\"valueName\":\"search_term_string\"}}],\"inLanguage\":\"et\"},{\"@type\":\"Organization\",\"@id\":\"https:\\\/\\\/nordlinepaadid.ee\\\/et\\\/#organization\",\"name\":\"Nordlineboats\",\"url\":\"https:\\\/\\\/nordlinepaadid.ee\\\/et\\\/\",\"logo\":{\"@type\":\"ImageObject\",\"inLanguage\":\"et\",\"@id\":\"https:\\\/\\\/nordlinepaadid.ee\\\/et\\\/#\\\/schema\\\/logo\\\/image\\\/\",\"url\":\"https:\\\/\\\/nordlinepaadid.ee\\\/wp-content\\\/uploads\\\/2023\\\/01\\\/fulllogo_transparent_nobuffer-e1672750475494.png\",\"contentUrl\":\"https:\\\/\\\/nordlinepaadid.ee\\\/wp-content\\\/uploads\\\/2023\\\/01\\\/fulllogo_transparent_nobuffer-e1672750475494.png\",\"width\":150,\"height\":119,\"caption\":\"Nordlineboats\"},\"image\":{\"@id\":\"https:\\\/\\\/nordlinepaadid.ee\\\/et\\\/#\\\/schema\\\/logo\\\/image\\\/\"},\"sameAs\":[\"https:\\\/\\\/www.facebook.com\\\/nordlineboats\",\"https:\\\/\\\/www.youtube.com\\\/channel\\\/UCbgF0fy02y3QkFnujaLTaCA\"]}]}<\/script>\n<!-- \/ Yoast SEO plugin. -->","yoast_head_json":{"title":"S\u00d5UDEPAAT NORDLINE 28 - hea hind ja tugev paat","description":"S\u00f5udepaat Nordline 28 - Tugev ja kerge paat kalastamiseks v\u00f5i l\u00f5bus\u00f5iduks v\u00e4ikestel veekogudel. Lihtne transportida ja hoiustada.","robots":{"index":"index","follow":"follow","max-snippet":"max-snippet:-1","max-image-preview":"max-image-preview:large","max-video-preview":"max-video-preview:-1"},"canonical":"https:\/\/nordlinepaadid.ee\/et\/pood\/nordline-plastik-paadid\/soudepaat-nordline-28\/","og_locale":"et_EE","og_type":"article","og_title":"S\u00d5UDEPAAT NORDLINE 28 - hea hind ja tugev paat","og_description":"S\u00f5udepaat Nordline 28 - Tugev ja kerge paat kalastamiseks v\u00f5i l\u00f5bus\u00f5iduks v\u00e4ikestel veekogudel. Lihtne transportida ja hoiustada.","og_url":"https:\/\/nordlinepaadid.ee\/et\/pood\/nordline-plastik-paadid\/soudepaat-nordline-28\/","og_site_name":"NORDLINE s\u00f5udepaadid ja mootorpaadid. Klaasfiiber materjalist.","article_publisher":"https:\/\/www.facebook.com\/nordlineboats","article_modified_time":"2026-04-08T13:06:31+00:00","og_image":[{"width":1280,"height":959,"url":"https:\/\/nordlinepaadid.ee\/wp-content\/uploads\/2017\/10\/S\u00f5udepaat-Nordline-28.jpg","type":"image\/jpeg"}],"twitter_card":"summary_large_image","twitter_misc":{"Est. reading time":"2 minutit"},"schema":{"@context":"https:\/\/schema.org","@graph":[{"@type":"WebPage","@id":"https:\/\/nordlinepaadid.ee\/et\/pood\/nordline-plastik-paadid\/soudepaat-nordline-28\/","url":"https:\/\/nordlinepaadid.ee\/et\/pood\/nordline-plastik-paadid\/soudepaat-nordline-28\/","name":"S\u00d5UDEPAAT NORDLINE 28 - hea hind ja tugev paat","isPartOf":{"@id":"https:\/\/nordlinepaadid.ee\/et\/#website"},"primaryImageOfPage":{"@id":"https:\/\/nordlinepaadid.ee\/et\/pood\/nordline-plastik-paadid\/soudepaat-nordline-28\/#primaryimage"},"image":{"@id":"https:\/\/nordlinepaadid.ee\/et\/pood\/nordline-plastik-paadid\/soudepaat-nordline-28\/#primaryimage"},"thumbnailUrl":"https:\/\/nordlinepaadid.ee\/wp-content\/uploads\/2017\/10\/S\u00f5udepaat-Nordline-28.jpg","datePublished":"2017-10-05T16:53:00+00:00","dateModified":"2026-04-08T13:06:31+00:00","description":"S\u00f5udepaat Nordline 28 - Tugev ja kerge paat kalastamiseks v\u00f5i l\u00f5bus\u00f5iduks v\u00e4ikestel veekogudel. Lihtne transportida ja hoiustada.","breadcrumb":{"@id":"https:\/\/nordlinepaadid.ee\/et\/pood\/nordline-plastik-paadid\/soudepaat-nordline-28\/#breadcrumb"},"inLanguage":"et","potentialAction":[{"@type":"ReadAction","target":["https:\/\/nordlinepaadid.ee\/et\/pood\/nordline-plastik-paadid\/soudepaat-nordline-28\/"]}]},{"@type":"ImageObject","inLanguage":"et","@id":"https:\/\/nordlinepaadid.ee\/et\/pood\/nordline-plastik-paadid\/soudepaat-nordline-28\/#primaryimage","url":"https:\/\/nordlinepaadid.ee\/wp-content\/uploads\/2017\/10\/S\u00f5udepaat-Nordline-28.jpg","contentUrl":"https:\/\/nordlinepaadid.ee\/wp-content\/uploads\/2017\/10\/S\u00f5udepaat-Nordline-28.jpg","width":1280,"height":959,"caption":"S\u00f5udepaat Nordline 28"},{"@type":"BreadcrumbList","@id":"https:\/\/nordlinepaadid.ee\/et\/pood\/nordline-plastik-paadid\/soudepaat-nordline-28\/#breadcrumb","itemListElement":[{"@type":"ListItem","position":1,"name":"Home","item":"https:\/\/nordlinepaadid.ee\/et\/"},{"@type":"ListItem","position":2,"name":"Pood","item":"https:\/\/nordlinepaadid.ee\/et\/pood\/"},{"@type":"ListItem","position":3,"name":"S\u00f5udepaat Nordline 28"}]},{"@type":"WebSite","@id":"https:\/\/nordlinepaadid.ee\/et\/#website","url":"https:\/\/nordlinepaadid.ee\/et\/","name":"NORDLINE s\u00f5udepaadid ja mootorpaadid. Klaasfiiber materjalist.","description":"","publisher":{"@id":"https:\/\/nordlinepaadid.ee\/et\/#organization"},"potentialAction":[{"@type":"SearchAction","target":{"@type":"EntryPoint","urlTemplate":"https:\/\/nordlinepaadid.ee\/et\/?s={search_term_string}"},"query-input":{"@type":"PropertyValueSpecification","valueRequired":true,"valueName":"search_term_string"}}],"inLanguage":"et"},{"@type":"Organization","@id":"https:\/\/nordlinepaadid.ee\/et\/#organization","name":"Nordlineboats","url":"https:\/\/nordlinepaadid.ee\/et\/","logo":{"@type":"ImageObject","inLanguage":"et","@id":"https:\/\/nordlinepaadid.ee\/et\/#\/schema\/logo\/image\/","url":"https:\/\/nordlinepaadid.ee\/wp-content\/uploads\/2023\/01\/fulllogo_transparent_nobuffer-e1672750475494.png","contentUrl":"https:\/\/nordlinepaadid.ee\/wp-content\/uploads\/2023\/01\/fulllogo_transparent_nobuffer-e1672750475494.png","width":150,"height":119,"caption":"Nordlineboats"},"image":{"@id":"https:\/\/nordlinepaadid.ee\/et\/#\/schema\/logo\/image\/"},"sameAs":["https:\/\/www.facebook.com\/nordlineboats","https:\/\/www.youtube.com\/channel\/UCbgF0fy02y3QkFnujaLTaCA"]}]}},"taxonomy_info":{"product_cat":[{"value":37,"label":"NORDLINE PAADID"}]},"featured_image_src_large":["https:\/\/nordlinepaadid.ee\/wp-content\/uploads\/2017\/10\/S\u00f5udepaat-Nordline-28.jpg",1024,767,false],"author_info":[],"comment_info":"","_links":{"self":[{"href":"https:\/\/nordlinepaadid.ee\/et\/wp-json\/wp\/v2\/product\/467","targetHints":{"allow":["GET"]}}],"collection":[{"href":"https:\/\/nordlinepaadid.ee\/et\/wp-json\/wp\/v2\/product"}],"about":[{"href":"https:\/\/nordlinepaadid.ee\/et\/wp-json\/wp\/v2\/types\/product"}],"wp:featuredmedia":[{"embeddable":true,"href":"https:\/\/nordlinepaadid.ee\/et\/wp-json\/wp\/v2\/media\/1249"}],"wp:attachment":[{"href":"https:\/\/nordlinepaadid.ee\/et\/wp-json\/wp\/v2\/media?parent=467"}],"wp:term":[{"taxonomy":"product_brand","embeddable":true,"href":"https:\/\/nordlinepaadid.ee\/et\/wp-json\/wp\/v2\/product_brand?post=467"},{"taxonomy":"product_cat","embeddable":true,"href":"https:\/\/nordlinepaadid.ee\/et\/wp-json\/wp\/v2\/product_cat?post=467"},{"taxonomy":"product_tag","embeddable":true,"href":"https:\/\/nordlinepaadid.ee\/et\/wp-json\/wp\/v2\/product_tag?post=467"}],"curies":[{"name":"wp","href":"https:\/\/api.w.org\/{rel}","templated":true}]}}