{"id":46888,"date":"2026-04-14T03:25:55","date_gmt":"2026-04-14T00:25:55","guid":{"rendered":"https:\/\/nordlinepaadid.ee\/toode\/maaratlemata\/voorimootor-minn-kota-terrova-quest-msi-90-115-lbs-24v-36v\/"},"modified":"2026-04-14T03:25:55","modified_gmt":"2026-04-14T00:25:55","slug":"voorimootor-minn-kota-terrova-quest-msi-90-115-lbs-24v-36v","status":"publish","type":"product","link":"https:\/\/nordlinepaadid.ee\/et\/pood\/paadimootorid\/voorimootor-minn-kota-terrova-quest-msi-90-115-lbs-24v-36v\/","title":{"rendered":"V\u00d6\u00d6RIMOOTOR- MINN KOTA TERROVA QUEST, MSI, 90\/115 LBS, 24V\/36V"},"content":{"rendered":"<p style=\"text-align:justify\">Uus topelt 24\/36-voldiste harjadeta trollimismootorite seeria QUEST on m\u00f5eldud \u00f5ngitsejatele, kes n\u00f5uavad oma varustuselt parimat \u2013 isegi k\u00f5ige karmimas keskkonnas. Tugevdatud mootori ja kinnitusega, t\u00e4iustatud GPS-i funktsionaalsusega kui kunagi varem ja isegi \u00f6kore\u017eiimiga, mis pikendab aku kasutusaega, on Terrova j\u00e4rgmine p\u00f5lvkond loodud selleks, et saaksite aastaid vee peal olla.<\/p>\n<p>&#13;<br \/>\n&#13;<\/p>\n<p style=\"text-align:justify\">&nbsp;<\/p>\n<p>&#13;<br \/>\n&#13;<\/p>\n<ul>&#13;<\/p>\n<li style=\"text-align:justify\">Osa \u00fchepaadiv\u00f5rgust: Minn Kota mootorite standardvarustuses on k\u00f5ik, mida vajate valitud Humminbirdi kalaleidjatega \u00fchendamiseks. \u00dchendage ja juhtige oma trollimismootorit, madalas vees ankrut ja kalaleidjat Apple\u00ae- v\u00f5i Android\u2122-seadmetes One-Boat Network Appi kaudu.<\/li>\n<p>&#13;<\/p>\n<li style=\"text-align:justify\">Spot-Lock hoiab teid paigal v\u00f5rratu GPS-i t\u00e4psusega. Spot-Lock annab teile v\u00f5imaluse p\u00fcsida iga tootliku p\u00fc\u00fcgikoha peal, ilma trollimismootorit puudutamata. Sisseehitatud kursianduri abil saate kasutada Jog-i, et liigutada oma Spot-Locki asukohta viie jala kaugusel mis tahes suunas.<\/li>\n<p>&#13;<\/p>\n<li style=\"text-align:justify\">Triivire\u017eiim: see uus funktsioon l\u00fclitab automaatselt sisse kiiruse ja kursijuhtimise samaaegselt, isegi k\u00f5ige tugevama tuule ja hoovuse korral. Sisseehitatud MEGA k\u00fclgvaade: otse mootorisse sisseehitatud anduriga saate kristallselge Humminbird\u00ae MEGA k\u00fclgvaate ja selge pildi.<\/li>\n<p>&#13;<\/p>\n<li style=\"text-align:justify\">Programmeeritav elektriline jalgpedaal: madala profiiliga disain pakub kahte juhtimisv\u00f5imalust: pedaal ja vasak-\/parempoolsed roolinupud ning kasutaja poolt programmeeritav nupp, mis hoiab enimkasutatavad funktsioonid puudutuse kaugusel.<\/li>\n<p>&#13;<\/p>\n<li style=\"text-align:justify\">Reaalajas aku j\u00e4lgimine: kontrollige aku laetuse taset mootori t\u00f6\u00f6tamise ajal, reaalajas kuvatakse &#8220;t\u00fchjenemiseni aeg&#8221; koos m\u00e4rguandega, kui aku v\u00f5imsus v\u00e4heneb 20% -ni, et paluda kasutajatel minna \u00f6kore\u017eiimi, mis v\u00f5ib voolu v\u00e4hendada.<\/li>\n<p>&#13;<\/p>\n<li style=\"text-align:justify\">Digital Maximizer\u2122: tagab kuni 5 korda pikema t\u00f6\u00f6aja \u00fche aku laadimisega. Mootori jalg on valmistatud purunematust komposiit materjalist. Tootjapoolne kaheaastane garantii. L\u00fckkej\u00f5ud: 90\/115 lbs Toide: 24\/36 V Jala pikkus: 60&#8243;\/152 cm.<\/li>\n<p>&#13;\n<\/ul>\n<p>&#13;<br \/>\n&#13;<\/p>\n<p style=\"text-align:justify\">&nbsp;<\/p>\n<p>&#13;<\/p>\n<p><iframe loading=\"lazy\" allowfullscreen=\"\" frameborder=\"0\" height=\"360\" src=\"\/\/www.youtube.com\/embed\/-Q__ux5QuLU\" width=\"640\"><\/iframe><\/p>\n<p>&#13;<\/p>\n","protected":false},"excerpt":{"rendered":"<p>Uus topelt 24\/36-voldiste harjadeta trollimismootorite seeria QUEST on m\u00f5eldud \u00f5ngitsejatele, kes n\u00f5uavad oma varustuselt parimat \u2013 isegi k\u00f5ige karmimas keskkonnas. Tugevdatud mootori ja kinnitusega, t\u00e4iustatud GPS-i funktsionaalsusega kui kunagi varem ja isegi \u00f6kore\u017eiimiga, mis pikendab aku kasutusaega, on Terrova j\u00e4rgmine p\u00f5lvkond loodud selleks, et saaksite aastaid vee peal olla. &#13; &#13; &nbsp; &#13; &#13; &#13;&#8230;<\/p>\n","protected":false},"featured_media":43532,"template":"","meta":{"_kad_blocks_custom_css":"","_kad_blocks_head_custom_js":"","_kad_blocks_body_custom_js":"","_kad_blocks_footer_custom_js":"","_kad_post_transparent":"","_kad_post_title":"","_kad_post_layout":"","_kad_post_sidebar_id":"","_kad_post_content_style":"","_kad_post_vertical_padding":"","_kad_post_feature":"","_kad_post_feature_position":"","_kad_post_header":false,"_kad_post_footer":false,"_kad_post_classname":""},"product_brand":[],"product_cat":[343,342],"product_tag":[],"class_list":{"0":"post-46888","1":"product","2":"type-product","3":"status-publish","4":"has-post-thumbnail","6":"product_cat-elektrilised-paadimootorid","7":"product_cat-paadimootorid","8":"pa_producer-minn-kota","9":"pa_unit-pcs","10":"tm-no-options","12":"first","13":"onbackorder","14":"taxable","15":"shipping-taxable","16":"purchasable","17":"product-type-simple","18":"entry","19":"content-bg","20":"loop-entry"},"yoast_head":"<!-- This site is optimized with the Yoast SEO plugin v27.3 - https:\/\/yoast.com\/product\/yoast-seo-wordpress\/ -->\n<title>V\u00d6\u00d6RIMOOTOR- MINN KOTA TERROVA QUEST, MSI, 90\/115 LBS, 24V\/36V - NORDLINE s\u00f5udepaadid ja mootorpaadid. Klaasfiiber materjalist.<\/title>\n<meta name=\"robots\" content=\"index, follow, max-snippet:-1, max-image-preview:large, max-video-preview:-1\" \/>\n<link rel=\"canonical\" href=\"https:\/\/nordlinepaadid.ee\/et\/pood\/paadimootorid\/voorimootor-minn-kota-terrova-quest-msi-90-115-lbs-24v-36v\/\" \/>\n<meta property=\"og:locale\" content=\"et_EE\" \/>\n<meta property=\"og:type\" content=\"article\" \/>\n<meta property=\"og:title\" content=\"V\u00d6\u00d6RIMOOTOR- MINN KOTA TERROVA QUEST, MSI, 90\/115 LBS, 24V\/36V - NORDLINE s\u00f5udepaadid ja mootorpaadid. Klaasfiiber materjalist.\" \/>\n<meta property=\"og:description\" content=\"Uus topelt 24\/36-voldiste harjadeta trollimismootorite seeria QUEST on m\u00f5eldud \u00f5ngitsejatele, kes n\u00f5uavad oma varustuselt parimat \u2013 isegi k\u00f5ige karmimas keskkonnas. Tugevdatud mootori ja kinnitusega, t\u00e4iustatud GPS-i funktsionaalsusega kui kunagi varem ja isegi \u00f6kore\u017eiimiga, mis pikendab aku kasutusaega, on Terrova j\u00e4rgmine p\u00f5lvkond loodud selleks, et saaksite aastaid vee peal olla. &#013; &#013; &nbsp; &#013; &#013; &#013;...\" \/>\n<meta property=\"og:url\" content=\"https:\/\/nordlinepaadid.ee\/et\/pood\/paadimootorid\/voorimootor-minn-kota-terrova-quest-msi-90-115-lbs-24v-36v\/\" \/>\n<meta property=\"og:site_name\" content=\"NORDLINE s\u00f5udepaadid ja mootorpaadid. Klaasfiiber materjalist.\" \/>\n<meta property=\"article:publisher\" content=\"https:\/\/www.facebook.com\/nordlineboats\" \/>\n<meta property=\"og:image\" content=\"https:\/\/nordlinepaadid.ee\/wp-content\/uploads\/2024\/05\/10605_MK1358211-1.jpg\" \/>\n\t<meta property=\"og:image:width\" content=\"828\" \/>\n\t<meta property=\"og:image:height\" content=\"828\" \/>\n\t<meta property=\"og:image:type\" content=\"image\/webp\" \/>\n<meta name=\"twitter:card\" content=\"summary_large_image\" \/>\n<meta name=\"twitter:label1\" content=\"Est. reading time\" \/>\n\t<meta name=\"twitter:data1\" content=\"1 minut\" \/>\n<script type=\"application\/ld+json\" class=\"yoast-schema-graph\">{\"@context\":\"https:\\\/\\\/schema.org\",\"@graph\":[{\"@type\":\"WebPage\",\"@id\":\"https:\\\/\\\/nordlinepaadid.ee\\\/et\\\/pood\\\/paadimootorid\\\/voorimootor-minn-kota-terrova-quest-msi-90-115-lbs-24v-36v\\\/\",\"url\":\"https:\\\/\\\/nordlinepaadid.ee\\\/et\\\/pood\\\/paadimootorid\\\/voorimootor-minn-kota-terrova-quest-msi-90-115-lbs-24v-36v\\\/\",\"name\":\"V\u00d6\u00d6RIMOOTOR- MINN KOTA TERROVA QUEST, MSI, 90\\\/115 LBS, 24V\\\/36V - NORDLINE s\u00f5udepaadid ja mootorpaadid. Klaasfiiber materjalist.\",\"isPartOf\":{\"@id\":\"https:\\\/\\\/nordlinepaadid.ee\\\/et\\\/#website\"},\"primaryImageOfPage\":{\"@id\":\"https:\\\/\\\/nordlinepaadid.ee\\\/et\\\/pood\\\/paadimootorid\\\/voorimootor-minn-kota-terrova-quest-msi-90-115-lbs-24v-36v\\\/#primaryimage\"},\"image\":{\"@id\":\"https:\\\/\\\/nordlinepaadid.ee\\\/et\\\/pood\\\/paadimootorid\\\/voorimootor-minn-kota-terrova-quest-msi-90-115-lbs-24v-36v\\\/#primaryimage\"},\"thumbnailUrl\":\"https:\\\/\\\/nordlinepaadid.ee\\\/wp-content\\\/uploads\\\/2024\\\/05\\\/10605_MK1358211-1.jpg\",\"datePublished\":\"2026-04-14T00:25:55+00:00\",\"breadcrumb\":{\"@id\":\"https:\\\/\\\/nordlinepaadid.ee\\\/et\\\/pood\\\/paadimootorid\\\/voorimootor-minn-kota-terrova-quest-msi-90-115-lbs-24v-36v\\\/#breadcrumb\"},\"inLanguage\":\"et\",\"potentialAction\":[{\"@type\":\"ReadAction\",\"target\":[\"https:\\\/\\\/nordlinepaadid.ee\\\/et\\\/pood\\\/paadimootorid\\\/voorimootor-minn-kota-terrova-quest-msi-90-115-lbs-24v-36v\\\/\"]}]},{\"@type\":\"ImageObject\",\"inLanguage\":\"et\",\"@id\":\"https:\\\/\\\/nordlinepaadid.ee\\\/et\\\/pood\\\/paadimootorid\\\/voorimootor-minn-kota-terrova-quest-msi-90-115-lbs-24v-36v\\\/#primaryimage\",\"url\":\"https:\\\/\\\/nordlinepaadid.ee\\\/wp-content\\\/uploads\\\/2024\\\/05\\\/10605_MK1358211-1.jpg\",\"contentUrl\":\"https:\\\/\\\/nordlinepaadid.ee\\\/wp-content\\\/uploads\\\/2024\\\/05\\\/10605_MK1358211-1.jpg\",\"width\":828,\"height\":828},{\"@type\":\"BreadcrumbList\",\"@id\":\"https:\\\/\\\/nordlinepaadid.ee\\\/et\\\/pood\\\/paadimootorid\\\/voorimootor-minn-kota-terrova-quest-msi-90-115-lbs-24v-36v\\\/#breadcrumb\",\"itemListElement\":[{\"@type\":\"ListItem\",\"position\":1,\"name\":\"Home\",\"item\":\"https:\\\/\\\/nordlinepaadid.ee\\\/et\\\/\"},{\"@type\":\"ListItem\",\"position\":2,\"name\":\"Pood\",\"item\":\"https:\\\/\\\/nordlinepaadid.ee\\\/et\\\/pood\\\/\"},{\"@type\":\"ListItem\",\"position\":3,\"name\":\"V\u00d6\u00d6RIMOOTOR- MINN KOTA TERROVA QUEST, MSI, 90\\\/115 LBS, 24V\\\/36V\"}]},{\"@type\":\"WebSite\",\"@id\":\"https:\\\/\\\/nordlinepaadid.ee\\\/et\\\/#website\",\"url\":\"https:\\\/\\\/nordlinepaadid.ee\\\/et\\\/\",\"name\":\"NORDLINE s\u00f5udepaadid ja mootorpaadid. Klaasfiiber materjalist.\",\"description\":\"\",\"publisher\":{\"@id\":\"https:\\\/\\\/nordlinepaadid.ee\\\/et\\\/#organization\"},\"potentialAction\":[{\"@type\":\"SearchAction\",\"target\":{\"@type\":\"EntryPoint\",\"urlTemplate\":\"https:\\\/\\\/nordlinepaadid.ee\\\/et\\\/?s={search_term_string}\"},\"query-input\":{\"@type\":\"PropertyValueSpecification\",\"valueRequired\":true,\"valueName\":\"search_term_string\"}}],\"inLanguage\":\"et\"},{\"@type\":\"Organization\",\"@id\":\"https:\\\/\\\/nordlinepaadid.ee\\\/et\\\/#organization\",\"name\":\"Nordlineboats\",\"url\":\"https:\\\/\\\/nordlinepaadid.ee\\\/et\\\/\",\"logo\":{\"@type\":\"ImageObject\",\"inLanguage\":\"et\",\"@id\":\"https:\\\/\\\/nordlinepaadid.ee\\\/et\\\/#\\\/schema\\\/logo\\\/image\\\/\",\"url\":\"https:\\\/\\\/nordlinepaadid.ee\\\/wp-content\\\/uploads\\\/2023\\\/01\\\/fulllogo_transparent_nobuffer-e1672750475494.png\",\"contentUrl\":\"https:\\\/\\\/nordlinepaadid.ee\\\/wp-content\\\/uploads\\\/2023\\\/01\\\/fulllogo_transparent_nobuffer-e1672750475494.png\",\"width\":150,\"height\":119,\"caption\":\"Nordlineboats\"},\"image\":{\"@id\":\"https:\\\/\\\/nordlinepaadid.ee\\\/et\\\/#\\\/schema\\\/logo\\\/image\\\/\"},\"sameAs\":[\"https:\\\/\\\/www.facebook.com\\\/nordlineboats\",\"https:\\\/\\\/www.youtube.com\\\/channel\\\/UCbgF0fy02y3QkFnujaLTaCA\"]}]}<\/script>\n<!-- \/ Yoast SEO plugin. -->","yoast_head_json":{"title":"V\u00d6\u00d6RIMOOTOR- MINN KOTA TERROVA QUEST, MSI, 90\/115 LBS, 24V\/36V - NORDLINE s\u00f5udepaadid ja mootorpaadid. Klaasfiiber materjalist.","robots":{"index":"index","follow":"follow","max-snippet":"max-snippet:-1","max-image-preview":"max-image-preview:large","max-video-preview":"max-video-preview:-1"},"canonical":"https:\/\/nordlinepaadid.ee\/et\/pood\/paadimootorid\/voorimootor-minn-kota-terrova-quest-msi-90-115-lbs-24v-36v\/","og_locale":"et_EE","og_type":"article","og_title":"V\u00d6\u00d6RIMOOTOR- MINN KOTA TERROVA QUEST, MSI, 90\/115 LBS, 24V\/36V - NORDLINE s\u00f5udepaadid ja mootorpaadid. Klaasfiiber materjalist.","og_description":"Uus topelt 24\/36-voldiste harjadeta trollimismootorite seeria QUEST on m\u00f5eldud \u00f5ngitsejatele, kes n\u00f5uavad oma varustuselt parimat \u2013 isegi k\u00f5ige karmimas keskkonnas. Tugevdatud mootori ja kinnitusega, t\u00e4iustatud GPS-i funktsionaalsusega kui kunagi varem ja isegi \u00f6kore\u017eiimiga, mis pikendab aku kasutusaega, on Terrova j\u00e4rgmine p\u00f5lvkond loodud selleks, et saaksite aastaid vee peal olla. &#13; &#13; &nbsp; &#13; &#13; &#13;...","og_url":"https:\/\/nordlinepaadid.ee\/et\/pood\/paadimootorid\/voorimootor-minn-kota-terrova-quest-msi-90-115-lbs-24v-36v\/","og_site_name":"NORDLINE s\u00f5udepaadid ja mootorpaadid. Klaasfiiber materjalist.","article_publisher":"https:\/\/www.facebook.com\/nordlineboats","og_image":[{"width":828,"height":828,"url":"https:\/\/nordlinepaadid.ee\/wp-content\/uploads\/2024\/05\/10605_MK1358211-1.jpg","type":"image\/webp"}],"twitter_card":"summary_large_image","twitter_misc":{"Est. reading time":"1 minut"},"schema":{"@context":"https:\/\/schema.org","@graph":[{"@type":"WebPage","@id":"https:\/\/nordlinepaadid.ee\/et\/pood\/paadimootorid\/voorimootor-minn-kota-terrova-quest-msi-90-115-lbs-24v-36v\/","url":"https:\/\/nordlinepaadid.ee\/et\/pood\/paadimootorid\/voorimootor-minn-kota-terrova-quest-msi-90-115-lbs-24v-36v\/","name":"V\u00d6\u00d6RIMOOTOR- MINN KOTA TERROVA QUEST, MSI, 90\/115 LBS, 24V\/36V - NORDLINE s\u00f5udepaadid ja mootorpaadid. Klaasfiiber materjalist.","isPartOf":{"@id":"https:\/\/nordlinepaadid.ee\/et\/#website"},"primaryImageOfPage":{"@id":"https:\/\/nordlinepaadid.ee\/et\/pood\/paadimootorid\/voorimootor-minn-kota-terrova-quest-msi-90-115-lbs-24v-36v\/#primaryimage"},"image":{"@id":"https:\/\/nordlinepaadid.ee\/et\/pood\/paadimootorid\/voorimootor-minn-kota-terrova-quest-msi-90-115-lbs-24v-36v\/#primaryimage"},"thumbnailUrl":"https:\/\/nordlinepaadid.ee\/wp-content\/uploads\/2024\/05\/10605_MK1358211-1.jpg","datePublished":"2026-04-14T00:25:55+00:00","breadcrumb":{"@id":"https:\/\/nordlinepaadid.ee\/et\/pood\/paadimootorid\/voorimootor-minn-kota-terrova-quest-msi-90-115-lbs-24v-36v\/#breadcrumb"},"inLanguage":"et","potentialAction":[{"@type":"ReadAction","target":["https:\/\/nordlinepaadid.ee\/et\/pood\/paadimootorid\/voorimootor-minn-kota-terrova-quest-msi-90-115-lbs-24v-36v\/"]}]},{"@type":"ImageObject","inLanguage":"et","@id":"https:\/\/nordlinepaadid.ee\/et\/pood\/paadimootorid\/voorimootor-minn-kota-terrova-quest-msi-90-115-lbs-24v-36v\/#primaryimage","url":"https:\/\/nordlinepaadid.ee\/wp-content\/uploads\/2024\/05\/10605_MK1358211-1.jpg","contentUrl":"https:\/\/nordlinepaadid.ee\/wp-content\/uploads\/2024\/05\/10605_MK1358211-1.jpg","width":828,"height":828},{"@type":"BreadcrumbList","@id":"https:\/\/nordlinepaadid.ee\/et\/pood\/paadimootorid\/voorimootor-minn-kota-terrova-quest-msi-90-115-lbs-24v-36v\/#breadcrumb","itemListElement":[{"@type":"ListItem","position":1,"name":"Home","item":"https:\/\/nordlinepaadid.ee\/et\/"},{"@type":"ListItem","position":2,"name":"Pood","item":"https:\/\/nordlinepaadid.ee\/et\/pood\/"},{"@type":"ListItem","position":3,"name":"V\u00d6\u00d6RIMOOTOR- MINN KOTA TERROVA QUEST, MSI, 90\/115 LBS, 24V\/36V"}]},{"@type":"WebSite","@id":"https:\/\/nordlinepaadid.ee\/et\/#website","url":"https:\/\/nordlinepaadid.ee\/et\/","name":"NORDLINE s\u00f5udepaadid ja mootorpaadid. Klaasfiiber materjalist.","description":"","publisher":{"@id":"https:\/\/nordlinepaadid.ee\/et\/#organization"},"potentialAction":[{"@type":"SearchAction","target":{"@type":"EntryPoint","urlTemplate":"https:\/\/nordlinepaadid.ee\/et\/?s={search_term_string}"},"query-input":{"@type":"PropertyValueSpecification","valueRequired":true,"valueName":"search_term_string"}}],"inLanguage":"et"},{"@type":"Organization","@id":"https:\/\/nordlinepaadid.ee\/et\/#organization","name":"Nordlineboats","url":"https:\/\/nordlinepaadid.ee\/et\/","logo":{"@type":"ImageObject","inLanguage":"et","@id":"https:\/\/nordlinepaadid.ee\/et\/#\/schema\/logo\/image\/","url":"https:\/\/nordlinepaadid.ee\/wp-content\/uploads\/2023\/01\/fulllogo_transparent_nobuffer-e1672750475494.png","contentUrl":"https:\/\/nordlinepaadid.ee\/wp-content\/uploads\/2023\/01\/fulllogo_transparent_nobuffer-e1672750475494.png","width":150,"height":119,"caption":"Nordlineboats"},"image":{"@id":"https:\/\/nordlinepaadid.ee\/et\/#\/schema\/logo\/image\/"},"sameAs":["https:\/\/www.facebook.com\/nordlineboats","https:\/\/www.youtube.com\/channel\/UCbgF0fy02y3QkFnujaLTaCA"]}]}},"taxonomy_info":{"product_cat":[{"value":343,"label":"ELEKTRILISED PAADIMOOTORID"},{"value":342,"label":"PAADIMOOTORID"}],"pa_producer":[{"value":502,"label":"Minn Kota"}],"pa_unit":[{"value":416,"label":"pcs"}]},"featured_image_src_large":["https:\/\/nordlinepaadid.ee\/wp-content\/uploads\/2024\/05\/10605_MK1358211-1.jpg",828,828,false],"author_info":[],"comment_info":"","_links":{"self":[{"href":"https:\/\/nordlinepaadid.ee\/et\/wp-json\/wp\/v2\/product\/46888","targetHints":{"allow":["GET"]}}],"collection":[{"href":"https:\/\/nordlinepaadid.ee\/et\/wp-json\/wp\/v2\/product"}],"about":[{"href":"https:\/\/nordlinepaadid.ee\/et\/wp-json\/wp\/v2\/types\/product"}],"wp:featuredmedia":[{"embeddable":true,"href":"https:\/\/nordlinepaadid.ee\/et\/wp-json\/wp\/v2\/media\/43532"}],"wp:attachment":[{"href":"https:\/\/nordlinepaadid.ee\/et\/wp-json\/wp\/v2\/media?parent=46888"}],"wp:term":[{"taxonomy":"product_brand","embeddable":true,"href":"https:\/\/nordlinepaadid.ee\/et\/wp-json\/wp\/v2\/product_brand?post=46888"},{"taxonomy":"product_cat","embeddable":true,"href":"https:\/\/nordlinepaadid.ee\/et\/wp-json\/wp\/v2\/product_cat?post=46888"},{"taxonomy":"product_tag","embeddable":true,"href":"https:\/\/nordlinepaadid.ee\/et\/wp-json\/wp\/v2\/product_tag?post=46888"}],"curies":[{"name":"wp","href":"https:\/\/api.w.org\/{rel}","templated":true}]}}