{"id":46895,"date":"2026-04-07T03:26:29","date_gmt":"2026-04-07T00:26:29","guid":{"rendered":"https:\/\/nordlinepaadid.ee\/toode\/maaratlemata\/aku-rebelcell-24v70-bt\/"},"modified":"2026-04-07T03:26:29","modified_gmt":"2026-04-07T00:26:29","slug":"aku-rebelcell-24v70-bt","status":"publish","type":"product","link":"https:\/\/nordlinepaadid.ee\/et\/pood\/electrical-equipments\/batteries-chargers-inverters\/aku-rebelcell-24v70-bt\/","title":{"rendered":"AKU- REBELCELL, 24V70 BT"},"content":{"rendered":"<p style=\"text-align:justify\">UUS! 24V70 BT liitiumaku on suuruselt ja tugevuselt teine aku 24V seerias ning selle v\u00f5imsus on 70Ah (1,7kWh). Seda saab laadida voolulaadija kaudu, liikvel olles p\u00e4ramootori, Range Extenderi ja p\u00e4ikesepaneeli kaudu. See aku t\u00f6\u00f6tab 24 V peal, kaalub 10 kg, on IP67 veekindel ja sellel on BT. Rakenduse Rebelcell abil saate j\u00e4lgida laadimisolekut, temperatuuri ja aku seisukorda, et veeta p\u00e4ev muretult vee peal. Aku on t\u00e4iesti hooldusvaba ja sellel on kuni 1500 laadimists\u00fcklit.<\/p>\n<p>&#13;<\/p>\n<p><iframe loading=\"lazy\" allowfullscreen=\"\" frameborder=\"0\" height=\"360\" src=\"\/\/www.youtube.com\/embed\/x4eBbAVoqUs\" width=\"640\"><\/iframe><\/p>\n<p>&#13;<\/p>\n","protected":false},"excerpt":{"rendered":"<p>UUS! 24V70 BT liitiumaku on suuruselt ja tugevuselt teine aku 24V seerias ning selle v\u00f5imsus on 70Ah (1,7kWh). Seda saab laadida voolulaadija kaudu, liikvel olles p\u00e4ramootori, Range Extenderi ja p\u00e4ikesepaneeli kaudu. See aku t\u00f6\u00f6tab 24 V peal, kaalub 10 kg, on IP67 veekindel ja sellel on BT. Rakenduse Rebelcell abil saate j\u00e4lgida laadimisolekut, temperatuuri ja&#8230;<\/p>\n","protected":false},"featured_media":43593,"template":"","meta":{"_kad_blocks_custom_css":"","_kad_blocks_head_custom_js":"","_kad_blocks_body_custom_js":"","_kad_blocks_footer_custom_js":"","_kad_post_transparent":"","_kad_post_title":"","_kad_post_layout":"","_kad_post_sidebar_id":"","_kad_post_content_style":"","_kad_post_vertical_padding":"","_kad_post_feature":"","_kad_post_feature_position":"","_kad_post_header":false,"_kad_post_footer":false,"_kad_post_classname":""},"product_brand":[],"product_cat":[251,239],"product_tag":[],"class_list":{"0":"post-46895","1":"product","2":"type-product","3":"status-publish","4":"has-post-thumbnail","6":"product_cat-batteries-chargers-inverters","7":"product_cat-electrical-equipments","8":"pa_unit-pcs","9":"tm-no-options","11":"first","12":"onbackorder","13":"taxable","14":"shipping-taxable","15":"purchasable","16":"product-type-simple","17":"entry","18":"content-bg","19":"loop-entry"},"yoast_head":"<!-- This site is optimized with the Yoast SEO plugin v27.3 - https:\/\/yoast.com\/product\/yoast-seo-wordpress\/ -->\n<title>AKU- REBELCELL, 24V70 BT - NORDLINE s\u00f5udepaadid ja mootorpaadid. Klaasfiiber materjalist.<\/title>\n<meta name=\"robots\" content=\"index, follow, max-snippet:-1, max-image-preview:large, max-video-preview:-1\" \/>\n<link rel=\"canonical\" href=\"https:\/\/nordlinepaadid.ee\/et\/pood\/electrical-equipments\/batteries-chargers-inverters\/aku-rebelcell-24v70-bt\/\" \/>\n<meta property=\"og:locale\" content=\"et_EE\" \/>\n<meta property=\"og:type\" content=\"article\" \/>\n<meta property=\"og:title\" content=\"AKU- REBELCELL, 24V70 BT - NORDLINE s\u00f5udepaadid ja mootorpaadid. Klaasfiiber materjalist.\" \/>\n<meta property=\"og:description\" content=\"UUS! 24V70 BT liitiumaku on suuruselt ja tugevuselt teine aku 24V seerias ning selle v\u00f5imsus on 70Ah (1,7kWh). Seda saab laadida voolulaadija kaudu, liikvel olles p\u00e4ramootori, Range Extenderi ja p\u00e4ikesepaneeli kaudu. See aku t\u00f6\u00f6tab 24 V peal, kaalub 10 kg, on IP67 veekindel ja sellel on BT. Rakenduse Rebelcell abil saate j\u00e4lgida laadimisolekut, temperatuuri ja...\" \/>\n<meta property=\"og:url\" content=\"https:\/\/nordlinepaadid.ee\/et\/pood\/electrical-equipments\/batteries-chargers-inverters\/aku-rebelcell-24v70-bt\/\" \/>\n<meta property=\"og:site_name\" content=\"NORDLINE s\u00f5udepaadid ja mootorpaadid. Klaasfiiber materjalist.\" \/>\n<meta property=\"article:publisher\" content=\"https:\/\/www.facebook.com\/nordlineboats\" \/>\n<meta property=\"og:image\" content=\"https:\/\/nordlinepaadid.ee\/wp-content\/uploads\/2024\/05\/10625_MK24070REUABT-1.jpg\" \/>\n\t<meta property=\"og:image:width\" content=\"1500\" \/>\n\t<meta property=\"og:image:height\" content=\"1500\" \/>\n\t<meta property=\"og:image:type\" content=\"image\/jpeg\" \/>\n<meta name=\"twitter:card\" content=\"summary_large_image\" \/>\n<script type=\"application\/ld+json\" class=\"yoast-schema-graph\">{\"@context\":\"https:\\\/\\\/schema.org\",\"@graph\":[{\"@type\":\"WebPage\",\"@id\":\"https:\\\/\\\/nordlinepaadid.ee\\\/et\\\/pood\\\/electrical-equipments\\\/batteries-chargers-inverters\\\/aku-rebelcell-24v70-bt\\\/\",\"url\":\"https:\\\/\\\/nordlinepaadid.ee\\\/et\\\/pood\\\/electrical-equipments\\\/batteries-chargers-inverters\\\/aku-rebelcell-24v70-bt\\\/\",\"name\":\"AKU- REBELCELL, 24V70 BT - NORDLINE s\u00f5udepaadid ja mootorpaadid. Klaasfiiber materjalist.\",\"isPartOf\":{\"@id\":\"https:\\\/\\\/nordlinepaadid.ee\\\/et\\\/#website\"},\"primaryImageOfPage\":{\"@id\":\"https:\\\/\\\/nordlinepaadid.ee\\\/et\\\/pood\\\/electrical-equipments\\\/batteries-chargers-inverters\\\/aku-rebelcell-24v70-bt\\\/#primaryimage\"},\"image\":{\"@id\":\"https:\\\/\\\/nordlinepaadid.ee\\\/et\\\/pood\\\/electrical-equipments\\\/batteries-chargers-inverters\\\/aku-rebelcell-24v70-bt\\\/#primaryimage\"},\"thumbnailUrl\":\"https:\\\/\\\/nordlinepaadid.ee\\\/wp-content\\\/uploads\\\/2024\\\/05\\\/10625_MK24070REUABT-1.jpg\",\"datePublished\":\"2026-04-07T00:26:29+00:00\",\"breadcrumb\":{\"@id\":\"https:\\\/\\\/nordlinepaadid.ee\\\/et\\\/pood\\\/electrical-equipments\\\/batteries-chargers-inverters\\\/aku-rebelcell-24v70-bt\\\/#breadcrumb\"},\"inLanguage\":\"et\",\"potentialAction\":[{\"@type\":\"ReadAction\",\"target\":[\"https:\\\/\\\/nordlinepaadid.ee\\\/et\\\/pood\\\/electrical-equipments\\\/batteries-chargers-inverters\\\/aku-rebelcell-24v70-bt\\\/\"]}]},{\"@type\":\"ImageObject\",\"inLanguage\":\"et\",\"@id\":\"https:\\\/\\\/nordlinepaadid.ee\\\/et\\\/pood\\\/electrical-equipments\\\/batteries-chargers-inverters\\\/aku-rebelcell-24v70-bt\\\/#primaryimage\",\"url\":\"https:\\\/\\\/nordlinepaadid.ee\\\/wp-content\\\/uploads\\\/2024\\\/05\\\/10625_MK24070REUABT-1.jpg\",\"contentUrl\":\"https:\\\/\\\/nordlinepaadid.ee\\\/wp-content\\\/uploads\\\/2024\\\/05\\\/10625_MK24070REUABT-1.jpg\",\"width\":1500,\"height\":1500},{\"@type\":\"BreadcrumbList\",\"@id\":\"https:\\\/\\\/nordlinepaadid.ee\\\/et\\\/pood\\\/electrical-equipments\\\/batteries-chargers-inverters\\\/aku-rebelcell-24v70-bt\\\/#breadcrumb\",\"itemListElement\":[{\"@type\":\"ListItem\",\"position\":1,\"name\":\"Home\",\"item\":\"https:\\\/\\\/nordlinepaadid.ee\\\/et\\\/\"},{\"@type\":\"ListItem\",\"position\":2,\"name\":\"Pood\",\"item\":\"https:\\\/\\\/nordlinepaadid.ee\\\/et\\\/pood\\\/\"},{\"@type\":\"ListItem\",\"position\":3,\"name\":\"AKU- REBELCELL, 24V70 BT\"}]},{\"@type\":\"WebSite\",\"@id\":\"https:\\\/\\\/nordlinepaadid.ee\\\/et\\\/#website\",\"url\":\"https:\\\/\\\/nordlinepaadid.ee\\\/et\\\/\",\"name\":\"NORDLINE s\u00f5udepaadid ja mootorpaadid. Klaasfiiber materjalist.\",\"description\":\"\",\"publisher\":{\"@id\":\"https:\\\/\\\/nordlinepaadid.ee\\\/et\\\/#organization\"},\"potentialAction\":[{\"@type\":\"SearchAction\",\"target\":{\"@type\":\"EntryPoint\",\"urlTemplate\":\"https:\\\/\\\/nordlinepaadid.ee\\\/et\\\/?s={search_term_string}\"},\"query-input\":{\"@type\":\"PropertyValueSpecification\",\"valueRequired\":true,\"valueName\":\"search_term_string\"}}],\"inLanguage\":\"et\"},{\"@type\":\"Organization\",\"@id\":\"https:\\\/\\\/nordlinepaadid.ee\\\/et\\\/#organization\",\"name\":\"Nordlineboats\",\"url\":\"https:\\\/\\\/nordlinepaadid.ee\\\/et\\\/\",\"logo\":{\"@type\":\"ImageObject\",\"inLanguage\":\"et\",\"@id\":\"https:\\\/\\\/nordlinepaadid.ee\\\/et\\\/#\\\/schema\\\/logo\\\/image\\\/\",\"url\":\"https:\\\/\\\/nordlinepaadid.ee\\\/wp-content\\\/uploads\\\/2023\\\/01\\\/fulllogo_transparent_nobuffer-e1672750475494.png\",\"contentUrl\":\"https:\\\/\\\/nordlinepaadid.ee\\\/wp-content\\\/uploads\\\/2023\\\/01\\\/fulllogo_transparent_nobuffer-e1672750475494.png\",\"width\":150,\"height\":119,\"caption\":\"Nordlineboats\"},\"image\":{\"@id\":\"https:\\\/\\\/nordlinepaadid.ee\\\/et\\\/#\\\/schema\\\/logo\\\/image\\\/\"},\"sameAs\":[\"https:\\\/\\\/www.facebook.com\\\/nordlineboats\",\"https:\\\/\\\/www.youtube.com\\\/channel\\\/UCbgF0fy02y3QkFnujaLTaCA\"]}]}<\/script>\n<!-- \/ Yoast SEO plugin. -->","yoast_head_json":{"title":"AKU- REBELCELL, 24V70 BT - NORDLINE s\u00f5udepaadid ja mootorpaadid. Klaasfiiber materjalist.","robots":{"index":"index","follow":"follow","max-snippet":"max-snippet:-1","max-image-preview":"max-image-preview:large","max-video-preview":"max-video-preview:-1"},"canonical":"https:\/\/nordlinepaadid.ee\/et\/pood\/electrical-equipments\/batteries-chargers-inverters\/aku-rebelcell-24v70-bt\/","og_locale":"et_EE","og_type":"article","og_title":"AKU- REBELCELL, 24V70 BT - NORDLINE s\u00f5udepaadid ja mootorpaadid. Klaasfiiber materjalist.","og_description":"UUS! 24V70 BT liitiumaku on suuruselt ja tugevuselt teine aku 24V seerias ning selle v\u00f5imsus on 70Ah (1,7kWh). Seda saab laadida voolulaadija kaudu, liikvel olles p\u00e4ramootori, Range Extenderi ja p\u00e4ikesepaneeli kaudu. See aku t\u00f6\u00f6tab 24 V peal, kaalub 10 kg, on IP67 veekindel ja sellel on BT. Rakenduse Rebelcell abil saate j\u00e4lgida laadimisolekut, temperatuuri ja...","og_url":"https:\/\/nordlinepaadid.ee\/et\/pood\/electrical-equipments\/batteries-chargers-inverters\/aku-rebelcell-24v70-bt\/","og_site_name":"NORDLINE s\u00f5udepaadid ja mootorpaadid. Klaasfiiber materjalist.","article_publisher":"https:\/\/www.facebook.com\/nordlineboats","og_image":[{"width":1500,"height":1500,"url":"https:\/\/nordlinepaadid.ee\/wp-content\/uploads\/2024\/05\/10625_MK24070REUABT-1.jpg","type":"image\/jpeg"}],"twitter_card":"summary_large_image","schema":{"@context":"https:\/\/schema.org","@graph":[{"@type":"WebPage","@id":"https:\/\/nordlinepaadid.ee\/et\/pood\/electrical-equipments\/batteries-chargers-inverters\/aku-rebelcell-24v70-bt\/","url":"https:\/\/nordlinepaadid.ee\/et\/pood\/electrical-equipments\/batteries-chargers-inverters\/aku-rebelcell-24v70-bt\/","name":"AKU- REBELCELL, 24V70 BT - NORDLINE s\u00f5udepaadid ja mootorpaadid. Klaasfiiber materjalist.","isPartOf":{"@id":"https:\/\/nordlinepaadid.ee\/et\/#website"},"primaryImageOfPage":{"@id":"https:\/\/nordlinepaadid.ee\/et\/pood\/electrical-equipments\/batteries-chargers-inverters\/aku-rebelcell-24v70-bt\/#primaryimage"},"image":{"@id":"https:\/\/nordlinepaadid.ee\/et\/pood\/electrical-equipments\/batteries-chargers-inverters\/aku-rebelcell-24v70-bt\/#primaryimage"},"thumbnailUrl":"https:\/\/nordlinepaadid.ee\/wp-content\/uploads\/2024\/05\/10625_MK24070REUABT-1.jpg","datePublished":"2026-04-07T00:26:29+00:00","breadcrumb":{"@id":"https:\/\/nordlinepaadid.ee\/et\/pood\/electrical-equipments\/batteries-chargers-inverters\/aku-rebelcell-24v70-bt\/#breadcrumb"},"inLanguage":"et","potentialAction":[{"@type":"ReadAction","target":["https:\/\/nordlinepaadid.ee\/et\/pood\/electrical-equipments\/batteries-chargers-inverters\/aku-rebelcell-24v70-bt\/"]}]},{"@type":"ImageObject","inLanguage":"et","@id":"https:\/\/nordlinepaadid.ee\/et\/pood\/electrical-equipments\/batteries-chargers-inverters\/aku-rebelcell-24v70-bt\/#primaryimage","url":"https:\/\/nordlinepaadid.ee\/wp-content\/uploads\/2024\/05\/10625_MK24070REUABT-1.jpg","contentUrl":"https:\/\/nordlinepaadid.ee\/wp-content\/uploads\/2024\/05\/10625_MK24070REUABT-1.jpg","width":1500,"height":1500},{"@type":"BreadcrumbList","@id":"https:\/\/nordlinepaadid.ee\/et\/pood\/electrical-equipments\/batteries-chargers-inverters\/aku-rebelcell-24v70-bt\/#breadcrumb","itemListElement":[{"@type":"ListItem","position":1,"name":"Home","item":"https:\/\/nordlinepaadid.ee\/et\/"},{"@type":"ListItem","position":2,"name":"Pood","item":"https:\/\/nordlinepaadid.ee\/et\/pood\/"},{"@type":"ListItem","position":3,"name":"AKU- REBELCELL, 24V70 BT"}]},{"@type":"WebSite","@id":"https:\/\/nordlinepaadid.ee\/et\/#website","url":"https:\/\/nordlinepaadid.ee\/et\/","name":"NORDLINE s\u00f5udepaadid ja mootorpaadid. Klaasfiiber materjalist.","description":"","publisher":{"@id":"https:\/\/nordlinepaadid.ee\/et\/#organization"},"potentialAction":[{"@type":"SearchAction","target":{"@type":"EntryPoint","urlTemplate":"https:\/\/nordlinepaadid.ee\/et\/?s={search_term_string}"},"query-input":{"@type":"PropertyValueSpecification","valueRequired":true,"valueName":"search_term_string"}}],"inLanguage":"et"},{"@type":"Organization","@id":"https:\/\/nordlinepaadid.ee\/et\/#organization","name":"Nordlineboats","url":"https:\/\/nordlinepaadid.ee\/et\/","logo":{"@type":"ImageObject","inLanguage":"et","@id":"https:\/\/nordlinepaadid.ee\/et\/#\/schema\/logo\/image\/","url":"https:\/\/nordlinepaadid.ee\/wp-content\/uploads\/2023\/01\/fulllogo_transparent_nobuffer-e1672750475494.png","contentUrl":"https:\/\/nordlinepaadid.ee\/wp-content\/uploads\/2023\/01\/fulllogo_transparent_nobuffer-e1672750475494.png","width":150,"height":119,"caption":"Nordlineboats"},"image":{"@id":"https:\/\/nordlinepaadid.ee\/et\/#\/schema\/logo\/image\/"},"sameAs":["https:\/\/www.facebook.com\/nordlineboats","https:\/\/www.youtube.com\/channel\/UCbgF0fy02y3QkFnujaLTaCA"]}]}},"taxonomy_info":{"product_cat":[{"value":251,"label":"Akud, Akulaadijad, Inverterid"},{"value":239,"label":"ELEKTRITARVIKUD"}],"pa_unit":[{"value":416,"label":"pcs"}]},"featured_image_src_large":["https:\/\/nordlinepaadid.ee\/wp-content\/uploads\/2024\/05\/10625_MK24070REUABT-1-1024x1024.jpg",1024,1024,true],"author_info":[],"comment_info":"","_links":{"self":[{"href":"https:\/\/nordlinepaadid.ee\/et\/wp-json\/wp\/v2\/product\/46895","targetHints":{"allow":["GET"]}}],"collection":[{"href":"https:\/\/nordlinepaadid.ee\/et\/wp-json\/wp\/v2\/product"}],"about":[{"href":"https:\/\/nordlinepaadid.ee\/et\/wp-json\/wp\/v2\/types\/product"}],"wp:featuredmedia":[{"embeddable":true,"href":"https:\/\/nordlinepaadid.ee\/et\/wp-json\/wp\/v2\/media\/43593"}],"wp:attachment":[{"href":"https:\/\/nordlinepaadid.ee\/et\/wp-json\/wp\/v2\/media?parent=46895"}],"wp:term":[{"taxonomy":"product_brand","embeddable":true,"href":"https:\/\/nordlinepaadid.ee\/et\/wp-json\/wp\/v2\/product_brand?post=46895"},{"taxonomy":"product_cat","embeddable":true,"href":"https:\/\/nordlinepaadid.ee\/et\/wp-json\/wp\/v2\/product_cat?post=46895"},{"taxonomy":"product_tag","embeddable":true,"href":"https:\/\/nordlinepaadid.ee\/et\/wp-json\/wp\/v2\/product_tag?post=46895"}],"curies":[{"name":"wp","href":"https:\/\/api.w.org\/{rel}","templated":true}]}}