{"id":46923,"date":"2026-04-07T03:26:35","date_gmt":"2026-04-07T00:26:35","guid":{"rendered":"https:\/\/nordlinepaadid.ee\/toode\/maaratlemata\/sika-primer-290-dc-1000-ml\/"},"modified":"2026-04-07T03:26:35","modified_gmt":"2026-04-07T00:26:35","slug":"sika-primer-290-dc-1000-ml","status":"publish","type":"product","link":"https:\/\/nordlinepaadid.ee\/et\/pood\/ru-boat-care-and-maintenance\/ru-sealing-adhesives-tapes-insulating\/sika-primer-290-dc-1000-ml\/","title":{"rendered":"SIKA PRIMER 290 DC, 1000 ml"},"content":{"rendered":"<p style=\"text-align:justify\">Sika Primer 290 DC on lahustip\u00f5hine primer, mis tekitab \u00fchenduskihi aluspinna ja hermeetiku vahele. Toode on kerge peale kanda ja parandab hermeetiku nakkumist. Kasutatakse laevatekkide tihendusvahendite primerina. Sobib tiigi, mahagoni, Oregoni m\u00e4nni ja GRP p\u00f5hisele pol\u00fcestrile. Lihtne peale kanda. Kogus 1 l.<\/p>\n<p>&#13;<\/p>\n","protected":false},"excerpt":{"rendered":"<p>Sika Primer 290 DC on lahustip\u00f5hine primer, mis tekitab \u00fchenduskihi aluspinna ja hermeetiku vahele. Toode on kerge peale kanda ja parandab hermeetiku nakkumist. Kasutatakse laevatekkide tihendusvahendite primerina. Sobib tiigi, mahagoni, Oregoni m\u00e4nni ja GRP p\u00f5hisele pol\u00fcestrile. Lihtne peale kanda. Kogus 1 l. &#13;<\/p>\n","protected":false},"featured_media":43786,"template":"","meta":{"_kad_blocks_custom_css":"","_kad_blocks_head_custom_js":"","_kad_blocks_body_custom_js":"","_kad_blocks_footer_custom_js":"","_kad_post_transparent":"","_kad_post_title":"","_kad_post_layout":"","_kad_post_sidebar_id":"","_kad_post_content_style":"","_kad_post_vertical_padding":"","_kad_post_feature":"","_kad_post_feature_position":"","_kad_post_header":false,"_kad_post_footer":false,"_kad_post_classname":""},"product_brand":[],"product_cat":[287,284,836],"product_tag":[],"class_list":{"0":"post-46923","1":"product","2":"type-product","3":"status-publish","4":"has-post-thumbnail","6":"product_cat-liimid-silikoonid-teibid-isolatsioon","7":"product_cat-paadihooldusvahendid","8":"product_cat-ru-sealing-adhesives-tapes-insulating","9":"pa_producer-sika","10":"pa_unit-ml","11":"tm-no-options","13":"first","14":"instock","15":"taxable","16":"shipping-taxable","17":"purchasable","18":"product-type-simple","19":"entry","20":"content-bg","21":"loop-entry"},"yoast_head":"<!-- This site is optimized with the Yoast SEO plugin v27.3 - https:\/\/yoast.com\/product\/yoast-seo-wordpress\/ -->\n<title>SIKA PRIMER 290 DC, 1000 ml - NORDLINE s\u00f5udepaadid ja mootorpaadid. Klaasfiiber materjalist.<\/title>\n<meta name=\"robots\" content=\"index, follow, max-snippet:-1, max-image-preview:large, max-video-preview:-1\" \/>\n<link rel=\"canonical\" href=\"https:\/\/nordlinepaadid.ee\/et\/pood\/ru-boat-care-and-maintenance\/ru-sealing-adhesives-tapes-insulating\/sika-primer-290-dc-1000-ml\/\" \/>\n<meta property=\"og:locale\" content=\"et_EE\" \/>\n<meta property=\"og:type\" content=\"article\" \/>\n<meta property=\"og:title\" content=\"SIKA PRIMER 290 DC, 1000 ml - NORDLINE s\u00f5udepaadid ja mootorpaadid. Klaasfiiber materjalist.\" \/>\n<meta property=\"og:description\" content=\"Sika Primer 290 DC on lahustip\u00f5hine primer, mis tekitab \u00fchenduskihi aluspinna ja hermeetiku vahele. Toode on kerge peale kanda ja parandab hermeetiku nakkumist. Kasutatakse laevatekkide tihendusvahendite primerina. Sobib tiigi, mahagoni, Oregoni m\u00e4nni ja GRP p\u00f5hisele pol\u00fcestrile. Lihtne peale kanda. Kogus 1 l. &#013;\" \/>\n<meta property=\"og:url\" content=\"https:\/\/nordlinepaadid.ee\/et\/pood\/ru-boat-care-and-maintenance\/ru-sealing-adhesives-tapes-insulating\/sika-primer-290-dc-1000-ml\/\" \/>\n<meta property=\"og:site_name\" content=\"NORDLINE s\u00f5udepaadid ja mootorpaadid. Klaasfiiber materjalist.\" \/>\n<meta property=\"article:publisher\" content=\"https:\/\/www.facebook.com\/nordlineboats\" \/>\n<meta property=\"og:image\" content=\"https:\/\/nordlinepaadid.ee\/wp-content\/uploads\/2024\/05\/10716_SI-117573-1.jpg\" \/>\n\t<meta property=\"og:image:width\" content=\"329\" \/>\n\t<meta property=\"og:image:height\" content=\"800\" \/>\n\t<meta property=\"og:image:type\" content=\"image\/jpeg\" \/>\n<meta name=\"twitter:card\" content=\"summary_large_image\" \/>\n<script type=\"application\/ld+json\" class=\"yoast-schema-graph\">{\"@context\":\"https:\\\/\\\/schema.org\",\"@graph\":[{\"@type\":\"WebPage\",\"@id\":\"https:\\\/\\\/nordlinepaadid.ee\\\/et\\\/pood\\\/ru-boat-care-and-maintenance\\\/ru-sealing-adhesives-tapes-insulating\\\/sika-primer-290-dc-1000-ml\\\/\",\"url\":\"https:\\\/\\\/nordlinepaadid.ee\\\/et\\\/pood\\\/ru-boat-care-and-maintenance\\\/ru-sealing-adhesives-tapes-insulating\\\/sika-primer-290-dc-1000-ml\\\/\",\"name\":\"SIKA PRIMER 290 DC, 1000 ml - NORDLINE s\u00f5udepaadid ja mootorpaadid. Klaasfiiber materjalist.\",\"isPartOf\":{\"@id\":\"https:\\\/\\\/nordlinepaadid.ee\\\/et\\\/#website\"},\"primaryImageOfPage\":{\"@id\":\"https:\\\/\\\/nordlinepaadid.ee\\\/et\\\/pood\\\/ru-boat-care-and-maintenance\\\/ru-sealing-adhesives-tapes-insulating\\\/sika-primer-290-dc-1000-ml\\\/#primaryimage\"},\"image\":{\"@id\":\"https:\\\/\\\/nordlinepaadid.ee\\\/et\\\/pood\\\/ru-boat-care-and-maintenance\\\/ru-sealing-adhesives-tapes-insulating\\\/sika-primer-290-dc-1000-ml\\\/#primaryimage\"},\"thumbnailUrl\":\"https:\\\/\\\/nordlinepaadid.ee\\\/wp-content\\\/uploads\\\/2024\\\/05\\\/10716_SI-117573-1.jpg\",\"datePublished\":\"2026-04-07T00:26:35+00:00\",\"breadcrumb\":{\"@id\":\"https:\\\/\\\/nordlinepaadid.ee\\\/et\\\/pood\\\/ru-boat-care-and-maintenance\\\/ru-sealing-adhesives-tapes-insulating\\\/sika-primer-290-dc-1000-ml\\\/#breadcrumb\"},\"inLanguage\":\"et\",\"potentialAction\":[{\"@type\":\"ReadAction\",\"target\":[\"https:\\\/\\\/nordlinepaadid.ee\\\/et\\\/pood\\\/ru-boat-care-and-maintenance\\\/ru-sealing-adhesives-tapes-insulating\\\/sika-primer-290-dc-1000-ml\\\/\"]}]},{\"@type\":\"ImageObject\",\"inLanguage\":\"et\",\"@id\":\"https:\\\/\\\/nordlinepaadid.ee\\\/et\\\/pood\\\/ru-boat-care-and-maintenance\\\/ru-sealing-adhesives-tapes-insulating\\\/sika-primer-290-dc-1000-ml\\\/#primaryimage\",\"url\":\"https:\\\/\\\/nordlinepaadid.ee\\\/wp-content\\\/uploads\\\/2024\\\/05\\\/10716_SI-117573-1.jpg\",\"contentUrl\":\"https:\\\/\\\/nordlinepaadid.ee\\\/wp-content\\\/uploads\\\/2024\\\/05\\\/10716_SI-117573-1.jpg\",\"width\":329,\"height\":800},{\"@type\":\"BreadcrumbList\",\"@id\":\"https:\\\/\\\/nordlinepaadid.ee\\\/et\\\/pood\\\/ru-boat-care-and-maintenance\\\/ru-sealing-adhesives-tapes-insulating\\\/sika-primer-290-dc-1000-ml\\\/#breadcrumb\",\"itemListElement\":[{\"@type\":\"ListItem\",\"position\":1,\"name\":\"Home\",\"item\":\"https:\\\/\\\/nordlinepaadid.ee\\\/et\\\/\"},{\"@type\":\"ListItem\",\"position\":2,\"name\":\"Pood\",\"item\":\"https:\\\/\\\/nordlinepaadid.ee\\\/et\\\/pood\\\/\"},{\"@type\":\"ListItem\",\"position\":3,\"name\":\"SIKA PRIMER 290 DC, 1000 ml\"}]},{\"@type\":\"WebSite\",\"@id\":\"https:\\\/\\\/nordlinepaadid.ee\\\/et\\\/#website\",\"url\":\"https:\\\/\\\/nordlinepaadid.ee\\\/et\\\/\",\"name\":\"NORDLINE s\u00f5udepaadid ja mootorpaadid. Klaasfiiber materjalist.\",\"description\":\"\",\"publisher\":{\"@id\":\"https:\\\/\\\/nordlinepaadid.ee\\\/et\\\/#organization\"},\"potentialAction\":[{\"@type\":\"SearchAction\",\"target\":{\"@type\":\"EntryPoint\",\"urlTemplate\":\"https:\\\/\\\/nordlinepaadid.ee\\\/et\\\/?s={search_term_string}\"},\"query-input\":{\"@type\":\"PropertyValueSpecification\",\"valueRequired\":true,\"valueName\":\"search_term_string\"}}],\"inLanguage\":\"et\"},{\"@type\":\"Organization\",\"@id\":\"https:\\\/\\\/nordlinepaadid.ee\\\/et\\\/#organization\",\"name\":\"Nordlineboats\",\"url\":\"https:\\\/\\\/nordlinepaadid.ee\\\/et\\\/\",\"logo\":{\"@type\":\"ImageObject\",\"inLanguage\":\"et\",\"@id\":\"https:\\\/\\\/nordlinepaadid.ee\\\/et\\\/#\\\/schema\\\/logo\\\/image\\\/\",\"url\":\"https:\\\/\\\/nordlinepaadid.ee\\\/wp-content\\\/uploads\\\/2023\\\/01\\\/fulllogo_transparent_nobuffer-e1672750475494.png\",\"contentUrl\":\"https:\\\/\\\/nordlinepaadid.ee\\\/wp-content\\\/uploads\\\/2023\\\/01\\\/fulllogo_transparent_nobuffer-e1672750475494.png\",\"width\":150,\"height\":119,\"caption\":\"Nordlineboats\"},\"image\":{\"@id\":\"https:\\\/\\\/nordlinepaadid.ee\\\/et\\\/#\\\/schema\\\/logo\\\/image\\\/\"},\"sameAs\":[\"https:\\\/\\\/www.facebook.com\\\/nordlineboats\",\"https:\\\/\\\/www.youtube.com\\\/channel\\\/UCbgF0fy02y3QkFnujaLTaCA\"]}]}<\/script>\n<!-- \/ Yoast SEO plugin. -->","yoast_head_json":{"title":"SIKA PRIMER 290 DC, 1000 ml - NORDLINE s\u00f5udepaadid ja mootorpaadid. Klaasfiiber materjalist.","robots":{"index":"index","follow":"follow","max-snippet":"max-snippet:-1","max-image-preview":"max-image-preview:large","max-video-preview":"max-video-preview:-1"},"canonical":"https:\/\/nordlinepaadid.ee\/et\/pood\/ru-boat-care-and-maintenance\/ru-sealing-adhesives-tapes-insulating\/sika-primer-290-dc-1000-ml\/","og_locale":"et_EE","og_type":"article","og_title":"SIKA PRIMER 290 DC, 1000 ml - NORDLINE s\u00f5udepaadid ja mootorpaadid. Klaasfiiber materjalist.","og_description":"Sika Primer 290 DC on lahustip\u00f5hine primer, mis tekitab \u00fchenduskihi aluspinna ja hermeetiku vahele. Toode on kerge peale kanda ja parandab hermeetiku nakkumist. Kasutatakse laevatekkide tihendusvahendite primerina. Sobib tiigi, mahagoni, Oregoni m\u00e4nni ja GRP p\u00f5hisele pol\u00fcestrile. Lihtne peale kanda. Kogus 1 l. &#13;","og_url":"https:\/\/nordlinepaadid.ee\/et\/pood\/ru-boat-care-and-maintenance\/ru-sealing-adhesives-tapes-insulating\/sika-primer-290-dc-1000-ml\/","og_site_name":"NORDLINE s\u00f5udepaadid ja mootorpaadid. Klaasfiiber materjalist.","article_publisher":"https:\/\/www.facebook.com\/nordlineboats","og_image":[{"width":329,"height":800,"url":"https:\/\/nordlinepaadid.ee\/wp-content\/uploads\/2024\/05\/10716_SI-117573-1.jpg","type":"image\/jpeg"}],"twitter_card":"summary_large_image","schema":{"@context":"https:\/\/schema.org","@graph":[{"@type":"WebPage","@id":"https:\/\/nordlinepaadid.ee\/et\/pood\/ru-boat-care-and-maintenance\/ru-sealing-adhesives-tapes-insulating\/sika-primer-290-dc-1000-ml\/","url":"https:\/\/nordlinepaadid.ee\/et\/pood\/ru-boat-care-and-maintenance\/ru-sealing-adhesives-tapes-insulating\/sika-primer-290-dc-1000-ml\/","name":"SIKA PRIMER 290 DC, 1000 ml - NORDLINE s\u00f5udepaadid ja mootorpaadid. Klaasfiiber materjalist.","isPartOf":{"@id":"https:\/\/nordlinepaadid.ee\/et\/#website"},"primaryImageOfPage":{"@id":"https:\/\/nordlinepaadid.ee\/et\/pood\/ru-boat-care-and-maintenance\/ru-sealing-adhesives-tapes-insulating\/sika-primer-290-dc-1000-ml\/#primaryimage"},"image":{"@id":"https:\/\/nordlinepaadid.ee\/et\/pood\/ru-boat-care-and-maintenance\/ru-sealing-adhesives-tapes-insulating\/sika-primer-290-dc-1000-ml\/#primaryimage"},"thumbnailUrl":"https:\/\/nordlinepaadid.ee\/wp-content\/uploads\/2024\/05\/10716_SI-117573-1.jpg","datePublished":"2026-04-07T00:26:35+00:00","breadcrumb":{"@id":"https:\/\/nordlinepaadid.ee\/et\/pood\/ru-boat-care-and-maintenance\/ru-sealing-adhesives-tapes-insulating\/sika-primer-290-dc-1000-ml\/#breadcrumb"},"inLanguage":"et","potentialAction":[{"@type":"ReadAction","target":["https:\/\/nordlinepaadid.ee\/et\/pood\/ru-boat-care-and-maintenance\/ru-sealing-adhesives-tapes-insulating\/sika-primer-290-dc-1000-ml\/"]}]},{"@type":"ImageObject","inLanguage":"et","@id":"https:\/\/nordlinepaadid.ee\/et\/pood\/ru-boat-care-and-maintenance\/ru-sealing-adhesives-tapes-insulating\/sika-primer-290-dc-1000-ml\/#primaryimage","url":"https:\/\/nordlinepaadid.ee\/wp-content\/uploads\/2024\/05\/10716_SI-117573-1.jpg","contentUrl":"https:\/\/nordlinepaadid.ee\/wp-content\/uploads\/2024\/05\/10716_SI-117573-1.jpg","width":329,"height":800},{"@type":"BreadcrumbList","@id":"https:\/\/nordlinepaadid.ee\/et\/pood\/ru-boat-care-and-maintenance\/ru-sealing-adhesives-tapes-insulating\/sika-primer-290-dc-1000-ml\/#breadcrumb","itemListElement":[{"@type":"ListItem","position":1,"name":"Home","item":"https:\/\/nordlinepaadid.ee\/et\/"},{"@type":"ListItem","position":2,"name":"Pood","item":"https:\/\/nordlinepaadid.ee\/et\/pood\/"},{"@type":"ListItem","position":3,"name":"SIKA PRIMER 290 DC, 1000 ml"}]},{"@type":"WebSite","@id":"https:\/\/nordlinepaadid.ee\/et\/#website","url":"https:\/\/nordlinepaadid.ee\/et\/","name":"NORDLINE s\u00f5udepaadid ja mootorpaadid. Klaasfiiber materjalist.","description":"","publisher":{"@id":"https:\/\/nordlinepaadid.ee\/et\/#organization"},"potentialAction":[{"@type":"SearchAction","target":{"@type":"EntryPoint","urlTemplate":"https:\/\/nordlinepaadid.ee\/et\/?s={search_term_string}"},"query-input":{"@type":"PropertyValueSpecification","valueRequired":true,"valueName":"search_term_string"}}],"inLanguage":"et"},{"@type":"Organization","@id":"https:\/\/nordlinepaadid.ee\/et\/#organization","name":"Nordlineboats","url":"https:\/\/nordlinepaadid.ee\/et\/","logo":{"@type":"ImageObject","inLanguage":"et","@id":"https:\/\/nordlinepaadid.ee\/et\/#\/schema\/logo\/image\/","url":"https:\/\/nordlinepaadid.ee\/wp-content\/uploads\/2023\/01\/fulllogo_transparent_nobuffer-e1672750475494.png","contentUrl":"https:\/\/nordlinepaadid.ee\/wp-content\/uploads\/2023\/01\/fulllogo_transparent_nobuffer-e1672750475494.png","width":150,"height":119,"caption":"Nordlineboats"},"image":{"@id":"https:\/\/nordlinepaadid.ee\/et\/#\/schema\/logo\/image\/"},"sameAs":["https:\/\/www.facebook.com\/nordlineboats","https:\/\/www.youtube.com\/channel\/UCbgF0fy02y3QkFnujaLTaCA"]}]}},"taxonomy_info":{"product_cat":[{"value":287,"label":"Liimid, Silikoonid, Teibid, Isolatsioon"},{"value":284,"label":"PAADIHOOLDUSVAHENDID"},{"value":836,"label":"\u041a\u043b\u0435\u0439, \u0421\u0438\u043b\u0438\u043a\u043e\u043d\u044b, \u041b\u0435\u043d\u0442\u044b, \u0418\u0437\u043e\u043b\u044f\u0446\u0438\u044f"}],"pa_producer":[{"value":434,"label":"Sika"}],"pa_unit":[{"value":433,"label":"ml"}]},"featured_image_src_large":["https:\/\/nordlinepaadid.ee\/wp-content\/uploads\/2024\/05\/10716_SI-117573-1.jpg",329,800,false],"author_info":[],"comment_info":"","_links":{"self":[{"href":"https:\/\/nordlinepaadid.ee\/et\/wp-json\/wp\/v2\/product\/46923","targetHints":{"allow":["GET"]}}],"collection":[{"href":"https:\/\/nordlinepaadid.ee\/et\/wp-json\/wp\/v2\/product"}],"about":[{"href":"https:\/\/nordlinepaadid.ee\/et\/wp-json\/wp\/v2\/types\/product"}],"wp:featuredmedia":[{"embeddable":true,"href":"https:\/\/nordlinepaadid.ee\/et\/wp-json\/wp\/v2\/media\/43786"}],"wp:attachment":[{"href":"https:\/\/nordlinepaadid.ee\/et\/wp-json\/wp\/v2\/media?parent=46923"}],"wp:term":[{"taxonomy":"product_brand","embeddable":true,"href":"https:\/\/nordlinepaadid.ee\/et\/wp-json\/wp\/v2\/product_brand?post=46923"},{"taxonomy":"product_cat","embeddable":true,"href":"https:\/\/nordlinepaadid.ee\/et\/wp-json\/wp\/v2\/product_cat?post=46923"},{"taxonomy":"product_tag","embeddable":true,"href":"https:\/\/nordlinepaadid.ee\/et\/wp-json\/wp\/v2\/product_tag?post=46923"}],"curies":[{"name":"wp","href":"https:\/\/api.w.org\/{rel}","templated":true}]}}