{"id":46953,"date":"2026-04-07T03:26:41","date_gmt":"2026-04-07T00:26:41","guid":{"rendered":"https:\/\/nordlinepaadid.ee\/toode\/maaratlemata\/automaatne-trimmisusteem-mente-marine-acs-rp\/"},"modified":"2026-04-07T03:26:42","modified_gmt":"2026-04-07T00:26:42","slug":"automaatne-trimmisusteem-mente-marine-acs-rp","status":"publish","type":"product","link":"https:\/\/nordlinepaadid.ee\/et\/pood\/varuosad-mootorpaatidele\/trimmiplaadid_hudrostabilisaatorid\/automaatne-trimmisusteem-mente-marine-acs-rp\/","title":{"rendered":"AUTOMAATNE TRIMMIS\u00dcSTEEM &#8211; MENTE MARINE ACS RP"},"content":{"rendered":"<p>Automaatne trimmimiss\u00fcsteem (ACS) Mente Marine lihtsustab paadijuhi vaeva ja trimmi muutusi tuule v\u00f5i n\u00e4iteks uue kursi seadmisel, k\u00e4sitletakse trimmilabasid automaatselt s\u00fcsteemi kaudu. ACS RP (Roll &amp; Pitch) seab paadi automaatselt optimaalsele trimmile, v\u00e4ltides kreeni. Mente Marine ACS sobib peaaegu k\u00f5ikidele trimmis\u00fcsteemidele. Juhtpaneelit saate muuta k\u00e4sitsi trimmimiss\u00fcsteemi t\u00e4isautomaatseks trimmis\u00fcsteemiks. Paigaldamine: Olemasolev juhtpaneel asendatakse Mente Marine ACS juhtpudliga. \u2013 6 kaabli \u00fchendamine. Paigaldatud andurid m\u00f5\u00f5davad paadi liikumist.<\/p>\n<p>&#13;<br \/>\n&#13;<\/p>\n<p>&nbsp;<\/p>\n<p>&#13;<br \/>\n&#13;<\/p>\n<p><strong>Tehnilised andmed: <\/strong><\/p>\n<p>&#13;<br \/>\n&#13;<\/p>\n<p>&nbsp;<\/p>\n<p>&#13;<br \/>\n&#13;<\/p>\n<p>\u00dchilduvus (h\u00fcdraulilised trimmis\u00fcsteemid): Bennet, Instatrim QL, Trimmaster, TFX Teleflex<\/p>\n<p>&#13;<br \/>\n&#13;<\/p>\n<p>\u00dchilduvus (elektromehaanilised trimmis\u00fcsteemid): Lectrotab, Lenco, Eltrim, Ultraflex, Bennet<\/p>\n<p>&#13;<br \/>\n&#13;<\/p>\n<p>Paadi pikkus: 15\u201340 jalga (4.5\u201312 m)<\/p>\n<p>&#13;<br \/>\n&#13;<\/p>\n<p>Tundlikkus: automaatne, kohandub paadit\u00fc\u00fcbiga<\/p>\n<p>&#13;<br \/>\n&#13;<\/p>\n<p>M\u00f5\u00f5dud (Lx K x S): 80 x 77,5 x 10 mm<\/p>\n<p>&#13;<br \/>\n&#13;<\/p>\n<p>Veekindlus: IP68<\/p>\n<p>&#13;<br \/>\n&#13;<\/p>\n<p>T\u00f6\u00f6temperatuur: -10\u00b0C \u2013 +85\u00b0C<\/p>\n<p>&#13;<br \/>\n&#13;<\/p>\n<p>Toitepinge: 10 \u2013 30 V DC<\/p>\n<p>&#13;<br \/>\n&#13;<\/p>\n<p>Max voolu tarbivus: 18 A<\/p>\n<p>&#13;<\/p>\n<p><iframe loading=\"lazy\" allowfullscreen=\"\" frameborder=\"0\" height=\"360\" src=\"\/\/www.youtube.com\/embed\/DNiW3CbdGwo\" width=\"640\"><\/iframe><\/p>\n<p>&#13;<\/p>\n","protected":false},"excerpt":{"rendered":"<p>Automaatne trimmimiss\u00fcsteem (ACS) Mente Marine lihtsustab paadijuhi vaeva ja trimmi muutusi tuule v\u00f5i n\u00e4iteks uue kursi seadmisel, k\u00e4sitletakse trimmilabasid automaatselt s\u00fcsteemi kaudu. ACS RP (Roll &amp; Pitch) seab paadi automaatselt optimaalsele trimmile, v\u00e4ltides kreeni. Mente Marine ACS sobib peaaegu k\u00f5ikidele trimmis\u00fcsteemidele. Juhtpaneelit saate muuta k\u00e4sitsi trimmimiss\u00fcsteemi t\u00e4isautomaatseks trimmis\u00fcsteemiks. Paigaldamine: Olemasolev juhtpaneel asendatakse Mente Marine ACS&#8230;<\/p>\n","protected":false},"featured_media":44110,"template":"","meta":{"_kad_blocks_custom_css":"","_kad_blocks_head_custom_js":"","_kad_blocks_body_custom_js":"","_kad_blocks_footer_custom_js":"","_kad_post_transparent":"","_kad_post_title":"","_kad_post_layout":"","_kad_post_sidebar_id":"","_kad_post_content_style":"","_kad_post_vertical_padding":"","_kad_post_feature":"","_kad_post_feature_position":"","_kad_post_header":false,"_kad_post_footer":false,"_kad_post_classname":""},"product_brand":[],"product_cat":[362,249],"product_tag":[],"class_list":{"0":"post-46953","1":"product","2":"type-product","3":"status-publish","4":"has-post-thumbnail","6":"product_cat-trimmiplaadid_hudrostabilisaatorid","7":"product_cat-varuosad-mootorpaatidele","8":"pa_producer-mente-marine","9":"pa_unit-pcs","10":"tm-no-options","12":"first","13":"onbackorder","14":"taxable","15":"shipping-taxable","16":"purchasable","17":"product-type-simple","18":"entry","19":"content-bg","20":"loop-entry"},"yoast_head":"<!-- This site is optimized with the Yoast SEO plugin v27.3 - https:\/\/yoast.com\/product\/yoast-seo-wordpress\/ -->\n<title>AUTOMAATNE TRIMMIS\u00dcSTEEM - MENTE MARINE ACS RP - NORDLINE s\u00f5udepaadid ja mootorpaadid. Klaasfiiber materjalist.<\/title>\n<meta name=\"robots\" content=\"index, follow, max-snippet:-1, max-image-preview:large, max-video-preview:-1\" \/>\n<link rel=\"canonical\" href=\"https:\/\/nordlinepaadid.ee\/et\/pood\/varuosad-mootorpaatidele\/trimmiplaadid_hudrostabilisaatorid\/automaatne-trimmisusteem-mente-marine-acs-rp\/\" \/>\n<meta property=\"og:locale\" content=\"et_EE\" \/>\n<meta property=\"og:type\" content=\"article\" \/>\n<meta property=\"og:title\" content=\"AUTOMAATNE TRIMMIS\u00dcSTEEM - MENTE MARINE ACS RP - NORDLINE s\u00f5udepaadid ja mootorpaadid. Klaasfiiber materjalist.\" \/>\n<meta property=\"og:description\" content=\"Automaatne trimmimiss\u00fcsteem (ACS) Mente Marine lihtsustab paadijuhi vaeva ja trimmi muutusi tuule v\u00f5i n\u00e4iteks uue kursi seadmisel, k\u00e4sitletakse trimmilabasid automaatselt s\u00fcsteemi kaudu. ACS RP (Roll &amp; Pitch) seab paadi automaatselt optimaalsele trimmile, v\u00e4ltides kreeni. Mente Marine ACS sobib peaaegu k\u00f5ikidele trimmis\u00fcsteemidele. Juhtpaneelit saate muuta k\u00e4sitsi trimmimiss\u00fcsteemi t\u00e4isautomaatseks trimmis\u00fcsteemiks. Paigaldamine: Olemasolev juhtpaneel asendatakse Mente Marine ACS...\" \/>\n<meta property=\"og:url\" content=\"https:\/\/nordlinepaadid.ee\/et\/pood\/varuosad-mootorpaatidele\/trimmiplaadid_hudrostabilisaatorid\/automaatne-trimmisusteem-mente-marine-acs-rp\/\" \/>\n<meta property=\"og:site_name\" content=\"NORDLINE s\u00f5udepaadid ja mootorpaadid. Klaasfiiber materjalist.\" \/>\n<meta property=\"article:publisher\" content=\"https:\/\/www.facebook.com\/nordlineboats\" \/>\n<meta property=\"article:modified_time\" content=\"2026-04-07T00:26:42+00:00\" \/>\n<meta property=\"og:image\" content=\"https:\/\/nordlinepaadid.ee\/wp-content\/uploads\/2024\/05\/10834_MENTE_-_1.jpg\" \/>\n\t<meta property=\"og:image:width\" content=\"346\" \/>\n\t<meta property=\"og:image:height\" content=\"339\" \/>\n\t<meta property=\"og:image:type\" content=\"image\/jpeg\" \/>\n<meta name=\"twitter:card\" content=\"summary_large_image\" \/>\n<meta name=\"twitter:label1\" content=\"Est. reading time\" \/>\n\t<meta name=\"twitter:data1\" content=\"1 minut\" \/>\n<script type=\"application\/ld+json\" class=\"yoast-schema-graph\">{\"@context\":\"https:\\\/\\\/schema.org\",\"@graph\":[{\"@type\":\"WebPage\",\"@id\":\"https:\\\/\\\/nordlinepaadid.ee\\\/et\\\/pood\\\/varuosad-mootorpaatidele\\\/trimmiplaadid_hudrostabilisaatorid\\\/automaatne-trimmisusteem-mente-marine-acs-rp\\\/\",\"url\":\"https:\\\/\\\/nordlinepaadid.ee\\\/et\\\/pood\\\/varuosad-mootorpaatidele\\\/trimmiplaadid_hudrostabilisaatorid\\\/automaatne-trimmisusteem-mente-marine-acs-rp\\\/\",\"name\":\"AUTOMAATNE TRIMMIS\u00dcSTEEM - MENTE MARINE ACS RP - NORDLINE s\u00f5udepaadid ja mootorpaadid. Klaasfiiber materjalist.\",\"isPartOf\":{\"@id\":\"https:\\\/\\\/nordlinepaadid.ee\\\/et\\\/#website\"},\"primaryImageOfPage\":{\"@id\":\"https:\\\/\\\/nordlinepaadid.ee\\\/et\\\/pood\\\/varuosad-mootorpaatidele\\\/trimmiplaadid_hudrostabilisaatorid\\\/automaatne-trimmisusteem-mente-marine-acs-rp\\\/#primaryimage\"},\"image\":{\"@id\":\"https:\\\/\\\/nordlinepaadid.ee\\\/et\\\/pood\\\/varuosad-mootorpaatidele\\\/trimmiplaadid_hudrostabilisaatorid\\\/automaatne-trimmisusteem-mente-marine-acs-rp\\\/#primaryimage\"},\"thumbnailUrl\":\"https:\\\/\\\/nordlinepaadid.ee\\\/wp-content\\\/uploads\\\/2024\\\/05\\\/10834_MENTE_-_1.jpg\",\"datePublished\":\"2026-04-07T00:26:41+00:00\",\"dateModified\":\"2026-04-07T00:26:42+00:00\",\"breadcrumb\":{\"@id\":\"https:\\\/\\\/nordlinepaadid.ee\\\/et\\\/pood\\\/varuosad-mootorpaatidele\\\/trimmiplaadid_hudrostabilisaatorid\\\/automaatne-trimmisusteem-mente-marine-acs-rp\\\/#breadcrumb\"},\"inLanguage\":\"et\",\"potentialAction\":[{\"@type\":\"ReadAction\",\"target\":[\"https:\\\/\\\/nordlinepaadid.ee\\\/et\\\/pood\\\/varuosad-mootorpaatidele\\\/trimmiplaadid_hudrostabilisaatorid\\\/automaatne-trimmisusteem-mente-marine-acs-rp\\\/\"]}]},{\"@type\":\"ImageObject\",\"inLanguage\":\"et\",\"@id\":\"https:\\\/\\\/nordlinepaadid.ee\\\/et\\\/pood\\\/varuosad-mootorpaatidele\\\/trimmiplaadid_hudrostabilisaatorid\\\/automaatne-trimmisusteem-mente-marine-acs-rp\\\/#primaryimage\",\"url\":\"https:\\\/\\\/nordlinepaadid.ee\\\/wp-content\\\/uploads\\\/2024\\\/05\\\/10834_MENTE_-_1.jpg\",\"contentUrl\":\"https:\\\/\\\/nordlinepaadid.ee\\\/wp-content\\\/uploads\\\/2024\\\/05\\\/10834_MENTE_-_1.jpg\",\"width\":346,\"height\":339},{\"@type\":\"BreadcrumbList\",\"@id\":\"https:\\\/\\\/nordlinepaadid.ee\\\/et\\\/pood\\\/varuosad-mootorpaatidele\\\/trimmiplaadid_hudrostabilisaatorid\\\/automaatne-trimmisusteem-mente-marine-acs-rp\\\/#breadcrumb\",\"itemListElement\":[{\"@type\":\"ListItem\",\"position\":1,\"name\":\"Home\",\"item\":\"https:\\\/\\\/nordlinepaadid.ee\\\/et\\\/\"},{\"@type\":\"ListItem\",\"position\":2,\"name\":\"Pood\",\"item\":\"https:\\\/\\\/nordlinepaadid.ee\\\/et\\\/pood\\\/\"},{\"@type\":\"ListItem\",\"position\":3,\"name\":\"AUTOMAATNE TRIMMIS\u00dcSTEEM &#8211; MENTE MARINE ACS RP\"}]},{\"@type\":\"WebSite\",\"@id\":\"https:\\\/\\\/nordlinepaadid.ee\\\/et\\\/#website\",\"url\":\"https:\\\/\\\/nordlinepaadid.ee\\\/et\\\/\",\"name\":\"NORDLINE s\u00f5udepaadid ja mootorpaadid. Klaasfiiber materjalist.\",\"description\":\"\",\"publisher\":{\"@id\":\"https:\\\/\\\/nordlinepaadid.ee\\\/et\\\/#organization\"},\"potentialAction\":[{\"@type\":\"SearchAction\",\"target\":{\"@type\":\"EntryPoint\",\"urlTemplate\":\"https:\\\/\\\/nordlinepaadid.ee\\\/et\\\/?s={search_term_string}\"},\"query-input\":{\"@type\":\"PropertyValueSpecification\",\"valueRequired\":true,\"valueName\":\"search_term_string\"}}],\"inLanguage\":\"et\"},{\"@type\":\"Organization\",\"@id\":\"https:\\\/\\\/nordlinepaadid.ee\\\/et\\\/#organization\",\"name\":\"Nordlineboats\",\"url\":\"https:\\\/\\\/nordlinepaadid.ee\\\/et\\\/\",\"logo\":{\"@type\":\"ImageObject\",\"inLanguage\":\"et\",\"@id\":\"https:\\\/\\\/nordlinepaadid.ee\\\/et\\\/#\\\/schema\\\/logo\\\/image\\\/\",\"url\":\"https:\\\/\\\/nordlinepaadid.ee\\\/wp-content\\\/uploads\\\/2023\\\/01\\\/fulllogo_transparent_nobuffer-e1672750475494.png\",\"contentUrl\":\"https:\\\/\\\/nordlinepaadid.ee\\\/wp-content\\\/uploads\\\/2023\\\/01\\\/fulllogo_transparent_nobuffer-e1672750475494.png\",\"width\":150,\"height\":119,\"caption\":\"Nordlineboats\"},\"image\":{\"@id\":\"https:\\\/\\\/nordlinepaadid.ee\\\/et\\\/#\\\/schema\\\/logo\\\/image\\\/\"},\"sameAs\":[\"https:\\\/\\\/www.facebook.com\\\/nordlineboats\",\"https:\\\/\\\/www.youtube.com\\\/channel\\\/UCbgF0fy02y3QkFnujaLTaCA\"]}]}<\/script>\n<!-- \/ Yoast SEO plugin. -->","yoast_head_json":{"title":"AUTOMAATNE TRIMMIS\u00dcSTEEM - MENTE MARINE ACS RP - NORDLINE s\u00f5udepaadid ja mootorpaadid. Klaasfiiber materjalist.","robots":{"index":"index","follow":"follow","max-snippet":"max-snippet:-1","max-image-preview":"max-image-preview:large","max-video-preview":"max-video-preview:-1"},"canonical":"https:\/\/nordlinepaadid.ee\/et\/pood\/varuosad-mootorpaatidele\/trimmiplaadid_hudrostabilisaatorid\/automaatne-trimmisusteem-mente-marine-acs-rp\/","og_locale":"et_EE","og_type":"article","og_title":"AUTOMAATNE TRIMMIS\u00dcSTEEM - MENTE MARINE ACS RP - NORDLINE s\u00f5udepaadid ja mootorpaadid. Klaasfiiber materjalist.","og_description":"Automaatne trimmimiss\u00fcsteem (ACS) Mente Marine lihtsustab paadijuhi vaeva ja trimmi muutusi tuule v\u00f5i n\u00e4iteks uue kursi seadmisel, k\u00e4sitletakse trimmilabasid automaatselt s\u00fcsteemi kaudu. ACS RP (Roll &amp; Pitch) seab paadi automaatselt optimaalsele trimmile, v\u00e4ltides kreeni. Mente Marine ACS sobib peaaegu k\u00f5ikidele trimmis\u00fcsteemidele. Juhtpaneelit saate muuta k\u00e4sitsi trimmimiss\u00fcsteemi t\u00e4isautomaatseks trimmis\u00fcsteemiks. Paigaldamine: Olemasolev juhtpaneel asendatakse Mente Marine ACS...","og_url":"https:\/\/nordlinepaadid.ee\/et\/pood\/varuosad-mootorpaatidele\/trimmiplaadid_hudrostabilisaatorid\/automaatne-trimmisusteem-mente-marine-acs-rp\/","og_site_name":"NORDLINE s\u00f5udepaadid ja mootorpaadid. Klaasfiiber materjalist.","article_publisher":"https:\/\/www.facebook.com\/nordlineboats","article_modified_time":"2026-04-07T00:26:42+00:00","og_image":[{"width":346,"height":339,"url":"https:\/\/nordlinepaadid.ee\/wp-content\/uploads\/2024\/05\/10834_MENTE_-_1.jpg","type":"image\/jpeg"}],"twitter_card":"summary_large_image","twitter_misc":{"Est. reading time":"1 minut"},"schema":{"@context":"https:\/\/schema.org","@graph":[{"@type":"WebPage","@id":"https:\/\/nordlinepaadid.ee\/et\/pood\/varuosad-mootorpaatidele\/trimmiplaadid_hudrostabilisaatorid\/automaatne-trimmisusteem-mente-marine-acs-rp\/","url":"https:\/\/nordlinepaadid.ee\/et\/pood\/varuosad-mootorpaatidele\/trimmiplaadid_hudrostabilisaatorid\/automaatne-trimmisusteem-mente-marine-acs-rp\/","name":"AUTOMAATNE TRIMMIS\u00dcSTEEM - MENTE MARINE ACS RP - NORDLINE s\u00f5udepaadid ja mootorpaadid. Klaasfiiber materjalist.","isPartOf":{"@id":"https:\/\/nordlinepaadid.ee\/et\/#website"},"primaryImageOfPage":{"@id":"https:\/\/nordlinepaadid.ee\/et\/pood\/varuosad-mootorpaatidele\/trimmiplaadid_hudrostabilisaatorid\/automaatne-trimmisusteem-mente-marine-acs-rp\/#primaryimage"},"image":{"@id":"https:\/\/nordlinepaadid.ee\/et\/pood\/varuosad-mootorpaatidele\/trimmiplaadid_hudrostabilisaatorid\/automaatne-trimmisusteem-mente-marine-acs-rp\/#primaryimage"},"thumbnailUrl":"https:\/\/nordlinepaadid.ee\/wp-content\/uploads\/2024\/05\/10834_MENTE_-_1.jpg","datePublished":"2026-04-07T00:26:41+00:00","dateModified":"2026-04-07T00:26:42+00:00","breadcrumb":{"@id":"https:\/\/nordlinepaadid.ee\/et\/pood\/varuosad-mootorpaatidele\/trimmiplaadid_hudrostabilisaatorid\/automaatne-trimmisusteem-mente-marine-acs-rp\/#breadcrumb"},"inLanguage":"et","potentialAction":[{"@type":"ReadAction","target":["https:\/\/nordlinepaadid.ee\/et\/pood\/varuosad-mootorpaatidele\/trimmiplaadid_hudrostabilisaatorid\/automaatne-trimmisusteem-mente-marine-acs-rp\/"]}]},{"@type":"ImageObject","inLanguage":"et","@id":"https:\/\/nordlinepaadid.ee\/et\/pood\/varuosad-mootorpaatidele\/trimmiplaadid_hudrostabilisaatorid\/automaatne-trimmisusteem-mente-marine-acs-rp\/#primaryimage","url":"https:\/\/nordlinepaadid.ee\/wp-content\/uploads\/2024\/05\/10834_MENTE_-_1.jpg","contentUrl":"https:\/\/nordlinepaadid.ee\/wp-content\/uploads\/2024\/05\/10834_MENTE_-_1.jpg","width":346,"height":339},{"@type":"BreadcrumbList","@id":"https:\/\/nordlinepaadid.ee\/et\/pood\/varuosad-mootorpaatidele\/trimmiplaadid_hudrostabilisaatorid\/automaatne-trimmisusteem-mente-marine-acs-rp\/#breadcrumb","itemListElement":[{"@type":"ListItem","position":1,"name":"Home","item":"https:\/\/nordlinepaadid.ee\/et\/"},{"@type":"ListItem","position":2,"name":"Pood","item":"https:\/\/nordlinepaadid.ee\/et\/pood\/"},{"@type":"ListItem","position":3,"name":"AUTOMAATNE TRIMMIS\u00dcSTEEM &#8211; MENTE MARINE ACS RP"}]},{"@type":"WebSite","@id":"https:\/\/nordlinepaadid.ee\/et\/#website","url":"https:\/\/nordlinepaadid.ee\/et\/","name":"NORDLINE s\u00f5udepaadid ja mootorpaadid. Klaasfiiber materjalist.","description":"","publisher":{"@id":"https:\/\/nordlinepaadid.ee\/et\/#organization"},"potentialAction":[{"@type":"SearchAction","target":{"@type":"EntryPoint","urlTemplate":"https:\/\/nordlinepaadid.ee\/et\/?s={search_term_string}"},"query-input":{"@type":"PropertyValueSpecification","valueRequired":true,"valueName":"search_term_string"}}],"inLanguage":"et"},{"@type":"Organization","@id":"https:\/\/nordlinepaadid.ee\/et\/#organization","name":"Nordlineboats","url":"https:\/\/nordlinepaadid.ee\/et\/","logo":{"@type":"ImageObject","inLanguage":"et","@id":"https:\/\/nordlinepaadid.ee\/et\/#\/schema\/logo\/image\/","url":"https:\/\/nordlinepaadid.ee\/wp-content\/uploads\/2023\/01\/fulllogo_transparent_nobuffer-e1672750475494.png","contentUrl":"https:\/\/nordlinepaadid.ee\/wp-content\/uploads\/2023\/01\/fulllogo_transparent_nobuffer-e1672750475494.png","width":150,"height":119,"caption":"Nordlineboats"},"image":{"@id":"https:\/\/nordlinepaadid.ee\/et\/#\/schema\/logo\/image\/"},"sameAs":["https:\/\/www.facebook.com\/nordlineboats","https:\/\/www.youtube.com\/channel\/UCbgF0fy02y3QkFnujaLTaCA"]}]}},"taxonomy_info":{"product_cat":[{"value":362,"label":"Trimmiplaadid, H\u00fcdrostabilisaatorid"},{"value":249,"label":"VARUOSAD MOOTORPAATIDELE"}],"pa_producer":[{"value":1510,"label":"Mente Marine"}],"pa_unit":[{"value":416,"label":"pcs"}]},"featured_image_src_large":["https:\/\/nordlinepaadid.ee\/wp-content\/uploads\/2024\/05\/10834_MENTE_-_1.jpg",346,339,false],"author_info":[],"comment_info":"","_links":{"self":[{"href":"https:\/\/nordlinepaadid.ee\/et\/wp-json\/wp\/v2\/product\/46953","targetHints":{"allow":["GET"]}}],"collection":[{"href":"https:\/\/nordlinepaadid.ee\/et\/wp-json\/wp\/v2\/product"}],"about":[{"href":"https:\/\/nordlinepaadid.ee\/et\/wp-json\/wp\/v2\/types\/product"}],"wp:featuredmedia":[{"embeddable":true,"href":"https:\/\/nordlinepaadid.ee\/et\/wp-json\/wp\/v2\/media\/44110"}],"wp:attachment":[{"href":"https:\/\/nordlinepaadid.ee\/et\/wp-json\/wp\/v2\/media?parent=46953"}],"wp:term":[{"taxonomy":"product_brand","embeddable":true,"href":"https:\/\/nordlinepaadid.ee\/et\/wp-json\/wp\/v2\/product_brand?post=46953"},{"taxonomy":"product_cat","embeddable":true,"href":"https:\/\/nordlinepaadid.ee\/et\/wp-json\/wp\/v2\/product_cat?post=46953"},{"taxonomy":"product_tag","embeddable":true,"href":"https:\/\/nordlinepaadid.ee\/et\/wp-json\/wp\/v2\/product_tag?post=46953"}],"curies":[{"name":"wp","href":"https:\/\/api.w.org\/{rel}","templated":true}]}}