{"id":46975,"date":"2026-04-14T03:26:16","date_gmt":"2026-04-14T00:26:16","guid":{"rendered":"https:\/\/nordlinepaadid.ee\/toode\/maaratlemata\/marine-laevamaare-liqui-moly-250-g\/"},"modified":"2026-04-14T03:26:17","modified_gmt":"2026-04-14T00:26:17","slug":"marine-laevamaare-liqui-moly-250-g","status":"publish","type":"product","link":"https:\/\/nordlinepaadid.ee\/et\/pood\/paadihooldusvahendid\/oils-greases\/marine-laevamaare-liqui-moly-250-g\/","title":{"rendered":"MARINE LAEVAM\u00c4\u00c4RE &#8211; LIQUI MOLY, 250 G"},"content":{"rendered":"<p style=\"text-align:justify\">Spetsiaalne tugev m\u00e4\u00e4re merendussektori hoolduses. V\u00e4hendab h\u00f5\u00f5rdumist ja kulumist. \u00c4\u00e4rmiselt kauakestvad m\u00e4\u00e4rimisomadused. Suurep\u00e4rane vananemis- ja h\u00f5\u00f5rdumisstabiilsus ning vastupidav kuumale ja k\u00fclmale veele. Vett h\u00fclgav ja soolase vee suhtes t\u00e4iesti mittel\u00e4bilaskev. Vastab NATO meres\u00f5idu spetsifikatsiooni G460 n\u00f5uetele. Vastupidav niiskes keskkonnas ja tagab suurep\u00e4rased tihendusomadused. M\u00e4rgistus vastavalt DIN 51502. KPF2G-20. Kasutusalad: Mitmek\u00fclgne toode kasutamiseks m\u00e4\u00e4rdekohtadel k\u00f5igis merevajadustes. V\u00f5ib kasutada ka v\u00e4liskomponentide jaoks, mis puutuvad kokku soolase \u00f5hu ja soolase veega.<\/p>\n<p>&#13;<\/p>\n","protected":false},"excerpt":{"rendered":"<p>Spetsiaalne tugev m\u00e4\u00e4re merendussektori hoolduses. V\u00e4hendab h\u00f5\u00f5rdumist ja kulumist. \u00c4\u00e4rmiselt kauakestvad m\u00e4\u00e4rimisomadused. Suurep\u00e4rane vananemis- ja h\u00f5\u00f5rdumisstabiilsus ning vastupidav kuumale ja k\u00fclmale veele. Vett h\u00fclgav ja soolase vee suhtes t\u00e4iesti mittel\u00e4bilaskev. Vastab NATO meres\u00f5idu spetsifikatsiooni G460 n\u00f5uetele. Vastupidav niiskes keskkonnas ja tagab suurep\u00e4rased tihendusomadused. M\u00e4rgistus vastavalt DIN 51502. KPF2G-20. Kasutusalad: Mitmek\u00fclgne toode kasutamiseks m\u00e4\u00e4rdekohtadel k\u00f5igis merevajadustes&#8230;.<\/p>\n","protected":false},"featured_media":44494,"template":"","meta":{"_kad_blocks_custom_css":"","_kad_blocks_head_custom_js":"","_kad_blocks_body_custom_js":"","_kad_blocks_footer_custom_js":"","_kad_post_transparent":"","_kad_post_title":"","_kad_post_layout":"","_kad_post_sidebar_id":"","_kad_post_content_style":"","_kad_post_vertical_padding":"","_kad_post_feature":"","_kad_post_feature_position":"","_kad_post_header":false,"_kad_post_footer":false,"_kad_post_classname":""},"product_brand":[],"product_cat":[286,284],"product_tag":[],"class_list":{"0":"post-46975","1":"product","2":"type-product","3":"status-publish","4":"has-post-thumbnail","6":"product_cat-oils-greases","7":"product_cat-paadihooldusvahendid","8":"pa_producer-liqui-moly-2","9":"tm-no-options","11":"first","12":"instock","13":"taxable","14":"shipping-taxable","15":"purchasable","16":"product-type-simple","17":"entry","18":"content-bg","19":"loop-entry"},"yoast_head":"<!-- This site is optimized with the Yoast SEO plugin v27.3 - https:\/\/yoast.com\/product\/yoast-seo-wordpress\/ -->\n<title>MARINE LAEVAM\u00c4\u00c4RE - LIQUI MOLY, 250 G - NORDLINE s\u00f5udepaadid ja mootorpaadid. Klaasfiiber materjalist.<\/title>\n<meta name=\"robots\" content=\"index, follow, max-snippet:-1, max-image-preview:large, max-video-preview:-1\" \/>\n<link rel=\"canonical\" href=\"https:\/\/nordlinepaadid.ee\/et\/pood\/paadihooldusvahendid\/oils-greases\/marine-laevamaare-liqui-moly-250-g\/\" \/>\n<meta property=\"og:locale\" content=\"et_EE\" \/>\n<meta property=\"og:type\" content=\"article\" \/>\n<meta property=\"og:title\" content=\"MARINE LAEVAM\u00c4\u00c4RE - LIQUI MOLY, 250 G - NORDLINE s\u00f5udepaadid ja mootorpaadid. Klaasfiiber materjalist.\" \/>\n<meta property=\"og:description\" content=\"Spetsiaalne tugev m\u00e4\u00e4re merendussektori hoolduses. V\u00e4hendab h\u00f5\u00f5rdumist ja kulumist. \u00c4\u00e4rmiselt kauakestvad m\u00e4\u00e4rimisomadused. Suurep\u00e4rane vananemis- ja h\u00f5\u00f5rdumisstabiilsus ning vastupidav kuumale ja k\u00fclmale veele. Vett h\u00fclgav ja soolase vee suhtes t\u00e4iesti mittel\u00e4bilaskev. Vastab NATO meres\u00f5idu spetsifikatsiooni G460 n\u00f5uetele. Vastupidav niiskes keskkonnas ja tagab suurep\u00e4rased tihendusomadused. M\u00e4rgistus vastavalt DIN 51502. KPF2G-20. Kasutusalad: Mitmek\u00fclgne toode kasutamiseks m\u00e4\u00e4rdekohtadel k\u00f5igis merevajadustes....\" \/>\n<meta property=\"og:url\" content=\"https:\/\/nordlinepaadid.ee\/et\/pood\/paadihooldusvahendid\/oils-greases\/marine-laevamaare-liqui-moly-250-g\/\" \/>\n<meta property=\"og:site_name\" content=\"NORDLINE s\u00f5udepaadid ja mootorpaadid. Klaasfiiber materjalist.\" \/>\n<meta property=\"article:publisher\" content=\"https:\/\/www.facebook.com\/nordlineboats\" \/>\n<meta property=\"article:modified_time\" content=\"2026-04-14T00:26:17+00:00\" \/>\n<meta property=\"og:image\" content=\"https:\/\/nordlinepaadid.ee\/wp-content\/uploads\/2024\/05\/10972_LI25042-1.jpg\" \/>\n\t<meta property=\"og:image:width\" content=\"600\" \/>\n\t<meta property=\"og:image:height\" content=\"600\" \/>\n\t<meta property=\"og:image:type\" content=\"image\/jpeg\" \/>\n<meta name=\"twitter:card\" content=\"summary_large_image\" \/>\n<script type=\"application\/ld+json\" class=\"yoast-schema-graph\">{\"@context\":\"https:\\\/\\\/schema.org\",\"@graph\":[{\"@type\":\"WebPage\",\"@id\":\"https:\\\/\\\/nordlinepaadid.ee\\\/et\\\/pood\\\/paadihooldusvahendid\\\/oils-greases\\\/marine-laevamaare-liqui-moly-250-g\\\/\",\"url\":\"https:\\\/\\\/nordlinepaadid.ee\\\/et\\\/pood\\\/paadihooldusvahendid\\\/oils-greases\\\/marine-laevamaare-liqui-moly-250-g\\\/\",\"name\":\"MARINE LAEVAM\u00c4\u00c4RE - LIQUI MOLY, 250 G - NORDLINE s\u00f5udepaadid ja mootorpaadid. Klaasfiiber materjalist.\",\"isPartOf\":{\"@id\":\"https:\\\/\\\/nordlinepaadid.ee\\\/et\\\/#website\"},\"primaryImageOfPage\":{\"@id\":\"https:\\\/\\\/nordlinepaadid.ee\\\/et\\\/pood\\\/paadihooldusvahendid\\\/oils-greases\\\/marine-laevamaare-liqui-moly-250-g\\\/#primaryimage\"},\"image\":{\"@id\":\"https:\\\/\\\/nordlinepaadid.ee\\\/et\\\/pood\\\/paadihooldusvahendid\\\/oils-greases\\\/marine-laevamaare-liqui-moly-250-g\\\/#primaryimage\"},\"thumbnailUrl\":\"https:\\\/\\\/nordlinepaadid.ee\\\/wp-content\\\/uploads\\\/2024\\\/05\\\/10972_LI25042-1.jpg\",\"datePublished\":\"2026-04-14T00:26:16+00:00\",\"dateModified\":\"2026-04-14T00:26:17+00:00\",\"breadcrumb\":{\"@id\":\"https:\\\/\\\/nordlinepaadid.ee\\\/et\\\/pood\\\/paadihooldusvahendid\\\/oils-greases\\\/marine-laevamaare-liqui-moly-250-g\\\/#breadcrumb\"},\"inLanguage\":\"et\",\"potentialAction\":[{\"@type\":\"ReadAction\",\"target\":[\"https:\\\/\\\/nordlinepaadid.ee\\\/et\\\/pood\\\/paadihooldusvahendid\\\/oils-greases\\\/marine-laevamaare-liqui-moly-250-g\\\/\"]}]},{\"@type\":\"ImageObject\",\"inLanguage\":\"et\",\"@id\":\"https:\\\/\\\/nordlinepaadid.ee\\\/et\\\/pood\\\/paadihooldusvahendid\\\/oils-greases\\\/marine-laevamaare-liqui-moly-250-g\\\/#primaryimage\",\"url\":\"https:\\\/\\\/nordlinepaadid.ee\\\/wp-content\\\/uploads\\\/2024\\\/05\\\/10972_LI25042-1.jpg\",\"contentUrl\":\"https:\\\/\\\/nordlinepaadid.ee\\\/wp-content\\\/uploads\\\/2024\\\/05\\\/10972_LI25042-1.jpg\",\"width\":600,\"height\":600},{\"@type\":\"BreadcrumbList\",\"@id\":\"https:\\\/\\\/nordlinepaadid.ee\\\/et\\\/pood\\\/paadihooldusvahendid\\\/oils-greases\\\/marine-laevamaare-liqui-moly-250-g\\\/#breadcrumb\",\"itemListElement\":[{\"@type\":\"ListItem\",\"position\":1,\"name\":\"Home\",\"item\":\"https:\\\/\\\/nordlinepaadid.ee\\\/et\\\/\"},{\"@type\":\"ListItem\",\"position\":2,\"name\":\"Pood\",\"item\":\"https:\\\/\\\/nordlinepaadid.ee\\\/et\\\/pood\\\/\"},{\"@type\":\"ListItem\",\"position\":3,\"name\":\"MARINE LAEVAM\u00c4\u00c4RE &#8211; LIQUI MOLY, 250 G\"}]},{\"@type\":\"WebSite\",\"@id\":\"https:\\\/\\\/nordlinepaadid.ee\\\/et\\\/#website\",\"url\":\"https:\\\/\\\/nordlinepaadid.ee\\\/et\\\/\",\"name\":\"NORDLINE s\u00f5udepaadid ja mootorpaadid. Klaasfiiber materjalist.\",\"description\":\"\",\"publisher\":{\"@id\":\"https:\\\/\\\/nordlinepaadid.ee\\\/et\\\/#organization\"},\"potentialAction\":[{\"@type\":\"SearchAction\",\"target\":{\"@type\":\"EntryPoint\",\"urlTemplate\":\"https:\\\/\\\/nordlinepaadid.ee\\\/et\\\/?s={search_term_string}\"},\"query-input\":{\"@type\":\"PropertyValueSpecification\",\"valueRequired\":true,\"valueName\":\"search_term_string\"}}],\"inLanguage\":\"et\"},{\"@type\":\"Organization\",\"@id\":\"https:\\\/\\\/nordlinepaadid.ee\\\/et\\\/#organization\",\"name\":\"Nordlineboats\",\"url\":\"https:\\\/\\\/nordlinepaadid.ee\\\/et\\\/\",\"logo\":{\"@type\":\"ImageObject\",\"inLanguage\":\"et\",\"@id\":\"https:\\\/\\\/nordlinepaadid.ee\\\/et\\\/#\\\/schema\\\/logo\\\/image\\\/\",\"url\":\"https:\\\/\\\/nordlinepaadid.ee\\\/wp-content\\\/uploads\\\/2023\\\/01\\\/fulllogo_transparent_nobuffer-e1672750475494.png\",\"contentUrl\":\"https:\\\/\\\/nordlinepaadid.ee\\\/wp-content\\\/uploads\\\/2023\\\/01\\\/fulllogo_transparent_nobuffer-e1672750475494.png\",\"width\":150,\"height\":119,\"caption\":\"Nordlineboats\"},\"image\":{\"@id\":\"https:\\\/\\\/nordlinepaadid.ee\\\/et\\\/#\\\/schema\\\/logo\\\/image\\\/\"},\"sameAs\":[\"https:\\\/\\\/www.facebook.com\\\/nordlineboats\",\"https:\\\/\\\/www.youtube.com\\\/channel\\\/UCbgF0fy02y3QkFnujaLTaCA\"]}]}<\/script>\n<!-- \/ Yoast SEO plugin. -->","yoast_head_json":{"title":"MARINE LAEVAM\u00c4\u00c4RE - LIQUI MOLY, 250 G - NORDLINE s\u00f5udepaadid ja mootorpaadid. Klaasfiiber materjalist.","robots":{"index":"index","follow":"follow","max-snippet":"max-snippet:-1","max-image-preview":"max-image-preview:large","max-video-preview":"max-video-preview:-1"},"canonical":"https:\/\/nordlinepaadid.ee\/et\/pood\/paadihooldusvahendid\/oils-greases\/marine-laevamaare-liqui-moly-250-g\/","og_locale":"et_EE","og_type":"article","og_title":"MARINE LAEVAM\u00c4\u00c4RE - LIQUI MOLY, 250 G - NORDLINE s\u00f5udepaadid ja mootorpaadid. Klaasfiiber materjalist.","og_description":"Spetsiaalne tugev m\u00e4\u00e4re merendussektori hoolduses. V\u00e4hendab h\u00f5\u00f5rdumist ja kulumist. \u00c4\u00e4rmiselt kauakestvad m\u00e4\u00e4rimisomadused. Suurep\u00e4rane vananemis- ja h\u00f5\u00f5rdumisstabiilsus ning vastupidav kuumale ja k\u00fclmale veele. Vett h\u00fclgav ja soolase vee suhtes t\u00e4iesti mittel\u00e4bilaskev. Vastab NATO meres\u00f5idu spetsifikatsiooni G460 n\u00f5uetele. Vastupidav niiskes keskkonnas ja tagab suurep\u00e4rased tihendusomadused. M\u00e4rgistus vastavalt DIN 51502. KPF2G-20. Kasutusalad: Mitmek\u00fclgne toode kasutamiseks m\u00e4\u00e4rdekohtadel k\u00f5igis merevajadustes....","og_url":"https:\/\/nordlinepaadid.ee\/et\/pood\/paadihooldusvahendid\/oils-greases\/marine-laevamaare-liqui-moly-250-g\/","og_site_name":"NORDLINE s\u00f5udepaadid ja mootorpaadid. Klaasfiiber materjalist.","article_publisher":"https:\/\/www.facebook.com\/nordlineboats","article_modified_time":"2026-04-14T00:26:17+00:00","og_image":[{"width":600,"height":600,"url":"https:\/\/nordlinepaadid.ee\/wp-content\/uploads\/2024\/05\/10972_LI25042-1.jpg","type":"image\/jpeg"}],"twitter_card":"summary_large_image","schema":{"@context":"https:\/\/schema.org","@graph":[{"@type":"WebPage","@id":"https:\/\/nordlinepaadid.ee\/et\/pood\/paadihooldusvahendid\/oils-greases\/marine-laevamaare-liqui-moly-250-g\/","url":"https:\/\/nordlinepaadid.ee\/et\/pood\/paadihooldusvahendid\/oils-greases\/marine-laevamaare-liqui-moly-250-g\/","name":"MARINE LAEVAM\u00c4\u00c4RE - LIQUI MOLY, 250 G - NORDLINE s\u00f5udepaadid ja mootorpaadid. Klaasfiiber materjalist.","isPartOf":{"@id":"https:\/\/nordlinepaadid.ee\/et\/#website"},"primaryImageOfPage":{"@id":"https:\/\/nordlinepaadid.ee\/et\/pood\/paadihooldusvahendid\/oils-greases\/marine-laevamaare-liqui-moly-250-g\/#primaryimage"},"image":{"@id":"https:\/\/nordlinepaadid.ee\/et\/pood\/paadihooldusvahendid\/oils-greases\/marine-laevamaare-liqui-moly-250-g\/#primaryimage"},"thumbnailUrl":"https:\/\/nordlinepaadid.ee\/wp-content\/uploads\/2024\/05\/10972_LI25042-1.jpg","datePublished":"2026-04-14T00:26:16+00:00","dateModified":"2026-04-14T00:26:17+00:00","breadcrumb":{"@id":"https:\/\/nordlinepaadid.ee\/et\/pood\/paadihooldusvahendid\/oils-greases\/marine-laevamaare-liqui-moly-250-g\/#breadcrumb"},"inLanguage":"et","potentialAction":[{"@type":"ReadAction","target":["https:\/\/nordlinepaadid.ee\/et\/pood\/paadihooldusvahendid\/oils-greases\/marine-laevamaare-liqui-moly-250-g\/"]}]},{"@type":"ImageObject","inLanguage":"et","@id":"https:\/\/nordlinepaadid.ee\/et\/pood\/paadihooldusvahendid\/oils-greases\/marine-laevamaare-liqui-moly-250-g\/#primaryimage","url":"https:\/\/nordlinepaadid.ee\/wp-content\/uploads\/2024\/05\/10972_LI25042-1.jpg","contentUrl":"https:\/\/nordlinepaadid.ee\/wp-content\/uploads\/2024\/05\/10972_LI25042-1.jpg","width":600,"height":600},{"@type":"BreadcrumbList","@id":"https:\/\/nordlinepaadid.ee\/et\/pood\/paadihooldusvahendid\/oils-greases\/marine-laevamaare-liqui-moly-250-g\/#breadcrumb","itemListElement":[{"@type":"ListItem","position":1,"name":"Home","item":"https:\/\/nordlinepaadid.ee\/et\/"},{"@type":"ListItem","position":2,"name":"Pood","item":"https:\/\/nordlinepaadid.ee\/et\/pood\/"},{"@type":"ListItem","position":3,"name":"MARINE LAEVAM\u00c4\u00c4RE &#8211; LIQUI MOLY, 250 G"}]},{"@type":"WebSite","@id":"https:\/\/nordlinepaadid.ee\/et\/#website","url":"https:\/\/nordlinepaadid.ee\/et\/","name":"NORDLINE s\u00f5udepaadid ja mootorpaadid. Klaasfiiber materjalist.","description":"","publisher":{"@id":"https:\/\/nordlinepaadid.ee\/et\/#organization"},"potentialAction":[{"@type":"SearchAction","target":{"@type":"EntryPoint","urlTemplate":"https:\/\/nordlinepaadid.ee\/et\/?s={search_term_string}"},"query-input":{"@type":"PropertyValueSpecification","valueRequired":true,"valueName":"search_term_string"}}],"inLanguage":"et"},{"@type":"Organization","@id":"https:\/\/nordlinepaadid.ee\/et\/#organization","name":"Nordlineboats","url":"https:\/\/nordlinepaadid.ee\/et\/","logo":{"@type":"ImageObject","inLanguage":"et","@id":"https:\/\/nordlinepaadid.ee\/et\/#\/schema\/logo\/image\/","url":"https:\/\/nordlinepaadid.ee\/wp-content\/uploads\/2023\/01\/fulllogo_transparent_nobuffer-e1672750475494.png","contentUrl":"https:\/\/nordlinepaadid.ee\/wp-content\/uploads\/2023\/01\/fulllogo_transparent_nobuffer-e1672750475494.png","width":150,"height":119,"caption":"Nordlineboats"},"image":{"@id":"https:\/\/nordlinepaadid.ee\/et\/#\/schema\/logo\/image\/"},"sameAs":["https:\/\/www.facebook.com\/nordlineboats","https:\/\/www.youtube.com\/channel\/UCbgF0fy02y3QkFnujaLTaCA"]}]}},"taxonomy_info":{"product_cat":[{"value":286,"label":"\u00d5lid, M\u00e4\u00e4rded"},{"value":284,"label":"PAADIHOOLDUSVAHENDID"}],"pa_producer":[{"value":1284,"label":"Liqui Moly"}]},"featured_image_src_large":["https:\/\/nordlinepaadid.ee\/wp-content\/uploads\/2024\/05\/10972_LI25042-1.jpg",600,600,false],"author_info":[],"comment_info":"","_links":{"self":[{"href":"https:\/\/nordlinepaadid.ee\/et\/wp-json\/wp\/v2\/product\/46975","targetHints":{"allow":["GET"]}}],"collection":[{"href":"https:\/\/nordlinepaadid.ee\/et\/wp-json\/wp\/v2\/product"}],"about":[{"href":"https:\/\/nordlinepaadid.ee\/et\/wp-json\/wp\/v2\/types\/product"}],"wp:featuredmedia":[{"embeddable":true,"href":"https:\/\/nordlinepaadid.ee\/et\/wp-json\/wp\/v2\/media\/44494"}],"wp:attachment":[{"href":"https:\/\/nordlinepaadid.ee\/et\/wp-json\/wp\/v2\/media?parent=46975"}],"wp:term":[{"taxonomy":"product_brand","embeddable":true,"href":"https:\/\/nordlinepaadid.ee\/et\/wp-json\/wp\/v2\/product_brand?post=46975"},{"taxonomy":"product_cat","embeddable":true,"href":"https:\/\/nordlinepaadid.ee\/et\/wp-json\/wp\/v2\/product_cat?post=46975"},{"taxonomy":"product_tag","embeddable":true,"href":"https:\/\/nordlinepaadid.ee\/et\/wp-json\/wp\/v2\/product_tag?post=46975"}],"curies":[{"name":"wp","href":"https:\/\/api.w.org\/{rel}","templated":true}]}}