{"id":46977,"date":"2026-04-07T03:26:46","date_gmt":"2026-04-07T00:26:46","guid":{"rendered":"https:\/\/nordlinepaadid.ee\/toode\/maaratlemata\/marine-universaalne-puhastusvahend-k-liqui-moly-1-l\/"},"modified":"2026-04-07T03:26:46","modified_gmt":"2026-04-07T00:26:46","slug":"marine-universaalne-puhastusvahend-k-liqui-moly-1-l","status":"publish","type":"product","link":"https:\/\/nordlinepaadid.ee\/et\/pood\/paadihooldusvahendid\/oils-greases\/marine-universaalne-puhastusvahend-k-liqui-moly-1-l\/","title":{"rendered":"MARINE UNIVERSAALNE PUHASTUSVAHEND K &#8211; LIQUI MOLY, 1 L"},"content":{"rendered":"<p style=\"text-align:justify\">V\u00e4hevahutav, biolagunev paadipuhastusvahend suurep\u00e4rase puhastusv\u00f5imega. Lahustab isegi t\u00f5rksa kogunenud mustuse, nagu tumedad \u00e4ravooluj\u00e4ljed p\u00e4rast pikka ladustamist, lindude v\u00e4ljaheited, jalatsite kulumisj\u00e4ljed ja poritiibadest p\u00f5hjustatud mustus. Hoiab \u00e4ra selle mustuse sisseimbumise, aidates seel\u00e4bi paadil oma v\u00e4\u00e4rtust s\u00e4ilitada. V\u00e4ga \u00f6konoomne t\u00e4nu t\u00f5husale kontsentratsioonile kasutamiseks. Biolagunev vastavalt detergentide ja puhastusvahendite seadusele (Saksamaa). Kasutusalad: Universaalne spetsiaalne puhastusvahend tavapuhastuseks v\u00f5i v\u00e4ga m\u00e4\u00e4rdunud paatide jaoks. Sobib paljudele erinevatele materjalidele, nagu kaetud ja katmata plastid, GFRP ja geelkatted, aga ka pehmed kangad, messing, alumiinium, roostevaba teras, kroom, kumm ja v\u00e4rvitud v\u00f5i tihendatud puit.<\/p>\n<p>&#13;<\/p>\n","protected":false},"excerpt":{"rendered":"<p>V\u00e4hevahutav, biolagunev paadipuhastusvahend suurep\u00e4rase puhastusv\u00f5imega. Lahustab isegi t\u00f5rksa kogunenud mustuse, nagu tumedad \u00e4ravooluj\u00e4ljed p\u00e4rast pikka ladustamist, lindude v\u00e4ljaheited, jalatsite kulumisj\u00e4ljed ja poritiibadest p\u00f5hjustatud mustus. Hoiab \u00e4ra selle mustuse sisseimbumise, aidates seel\u00e4bi paadil oma v\u00e4\u00e4rtust s\u00e4ilitada. V\u00e4ga \u00f6konoomne t\u00e4nu t\u00f5husale kontsentratsioonile kasutamiseks. Biolagunev vastavalt detergentide ja puhastusvahendite seadusele (Saksamaa). Kasutusalad: Universaalne spetsiaalne puhastusvahend tavapuhastuseks v\u00f5i v\u00e4ga&#8230;<\/p>\n","protected":false},"featured_media":44502,"template":"","meta":{"_kad_blocks_custom_css":"","_kad_blocks_head_custom_js":"","_kad_blocks_body_custom_js":"","_kad_blocks_footer_custom_js":"","_kad_post_transparent":"","_kad_post_title":"","_kad_post_layout":"","_kad_post_sidebar_id":"","_kad_post_content_style":"","_kad_post_vertical_padding":"","_kad_post_feature":"","_kad_post_feature_position":"","_kad_post_header":false,"_kad_post_footer":false,"_kad_post_classname":""},"product_brand":[],"product_cat":[286,284],"product_tag":[],"class_list":{"0":"post-46977","1":"product","2":"type-product","3":"status-publish","4":"has-post-thumbnail","6":"product_cat-oils-greases","7":"product_cat-paadihooldusvahendid","8":"pa_producer-liqui-moly-2","9":"pa_unit-l","10":"tm-no-options","12":"first","13":"instock","14":"taxable","15":"shipping-taxable","16":"purchasable","17":"product-type-simple","18":"entry","19":"content-bg","20":"loop-entry"},"yoast_head":"<!-- This site is optimized with the Yoast SEO plugin v27.3 - https:\/\/yoast.com\/product\/yoast-seo-wordpress\/ -->\n<title>MARINE UNIVERSAALNE PUHASTUSVAHEND K - LIQUI MOLY, 1 L - NORDLINE s\u00f5udepaadid ja mootorpaadid. Klaasfiiber materjalist.<\/title>\n<meta name=\"robots\" content=\"index, follow, max-snippet:-1, max-image-preview:large, max-video-preview:-1\" \/>\n<link rel=\"canonical\" href=\"https:\/\/nordlinepaadid.ee\/et\/pood\/paadihooldusvahendid\/oils-greases\/marine-universaalne-puhastusvahend-k-liqui-moly-1-l\/\" \/>\n<meta property=\"og:locale\" content=\"et_EE\" \/>\n<meta property=\"og:type\" content=\"article\" \/>\n<meta property=\"og:title\" content=\"MARINE UNIVERSAALNE PUHASTUSVAHEND K - LIQUI MOLY, 1 L - NORDLINE s\u00f5udepaadid ja mootorpaadid. Klaasfiiber materjalist.\" \/>\n<meta property=\"og:description\" content=\"V\u00e4hevahutav, biolagunev paadipuhastusvahend suurep\u00e4rase puhastusv\u00f5imega. Lahustab isegi t\u00f5rksa kogunenud mustuse, nagu tumedad \u00e4ravooluj\u00e4ljed p\u00e4rast pikka ladustamist, lindude v\u00e4ljaheited, jalatsite kulumisj\u00e4ljed ja poritiibadest p\u00f5hjustatud mustus. Hoiab \u00e4ra selle mustuse sisseimbumise, aidates seel\u00e4bi paadil oma v\u00e4\u00e4rtust s\u00e4ilitada. V\u00e4ga \u00f6konoomne t\u00e4nu t\u00f5husale kontsentratsioonile kasutamiseks. Biolagunev vastavalt detergentide ja puhastusvahendite seadusele (Saksamaa). Kasutusalad: Universaalne spetsiaalne puhastusvahend tavapuhastuseks v\u00f5i v\u00e4ga...\" \/>\n<meta property=\"og:url\" content=\"https:\/\/nordlinepaadid.ee\/et\/pood\/paadihooldusvahendid\/oils-greases\/marine-universaalne-puhastusvahend-k-liqui-moly-1-l\/\" \/>\n<meta property=\"og:site_name\" content=\"NORDLINE s\u00f5udepaadid ja mootorpaadid. Klaasfiiber materjalist.\" \/>\n<meta property=\"article:publisher\" content=\"https:\/\/www.facebook.com\/nordlineboats\" \/>\n<meta property=\"og:image\" content=\"https:\/\/nordlinepaadid.ee\/wp-content\/uploads\/2024\/05\/10970_LI25073-1-scaled.jpg\" \/>\n\t<meta property=\"og:image:width\" content=\"1444\" \/>\n\t<meta property=\"og:image:height\" content=\"2560\" \/>\n\t<meta property=\"og:image:type\" content=\"image\/jpeg\" \/>\n<meta name=\"twitter:card\" content=\"summary_large_image\" \/>\n<meta name=\"twitter:label1\" content=\"Est. reading time\" \/>\n\t<meta name=\"twitter:data1\" content=\"1 minut\" \/>\n<script type=\"application\/ld+json\" class=\"yoast-schema-graph\">{\"@context\":\"https:\\\/\\\/schema.org\",\"@graph\":[{\"@type\":\"WebPage\",\"@id\":\"https:\\\/\\\/nordlinepaadid.ee\\\/et\\\/pood\\\/paadihooldusvahendid\\\/oils-greases\\\/marine-universaalne-puhastusvahend-k-liqui-moly-1-l\\\/\",\"url\":\"https:\\\/\\\/nordlinepaadid.ee\\\/et\\\/pood\\\/paadihooldusvahendid\\\/oils-greases\\\/marine-universaalne-puhastusvahend-k-liqui-moly-1-l\\\/\",\"name\":\"MARINE UNIVERSAALNE PUHASTUSVAHEND K - LIQUI MOLY, 1 L - NORDLINE s\u00f5udepaadid ja mootorpaadid. Klaasfiiber materjalist.\",\"isPartOf\":{\"@id\":\"https:\\\/\\\/nordlinepaadid.ee\\\/et\\\/#website\"},\"primaryImageOfPage\":{\"@id\":\"https:\\\/\\\/nordlinepaadid.ee\\\/et\\\/pood\\\/paadihooldusvahendid\\\/oils-greases\\\/marine-universaalne-puhastusvahend-k-liqui-moly-1-l\\\/#primaryimage\"},\"image\":{\"@id\":\"https:\\\/\\\/nordlinepaadid.ee\\\/et\\\/pood\\\/paadihooldusvahendid\\\/oils-greases\\\/marine-universaalne-puhastusvahend-k-liqui-moly-1-l\\\/#primaryimage\"},\"thumbnailUrl\":\"https:\\\/\\\/nordlinepaadid.ee\\\/wp-content\\\/uploads\\\/2024\\\/05\\\/10970_LI25073-1-scaled.jpg\",\"datePublished\":\"2026-04-07T00:26:46+00:00\",\"breadcrumb\":{\"@id\":\"https:\\\/\\\/nordlinepaadid.ee\\\/et\\\/pood\\\/paadihooldusvahendid\\\/oils-greases\\\/marine-universaalne-puhastusvahend-k-liqui-moly-1-l\\\/#breadcrumb\"},\"inLanguage\":\"et\",\"potentialAction\":[{\"@type\":\"ReadAction\",\"target\":[\"https:\\\/\\\/nordlinepaadid.ee\\\/et\\\/pood\\\/paadihooldusvahendid\\\/oils-greases\\\/marine-universaalne-puhastusvahend-k-liqui-moly-1-l\\\/\"]}]},{\"@type\":\"ImageObject\",\"inLanguage\":\"et\",\"@id\":\"https:\\\/\\\/nordlinepaadid.ee\\\/et\\\/pood\\\/paadihooldusvahendid\\\/oils-greases\\\/marine-universaalne-puhastusvahend-k-liqui-moly-1-l\\\/#primaryimage\",\"url\":\"https:\\\/\\\/nordlinepaadid.ee\\\/wp-content\\\/uploads\\\/2024\\\/05\\\/10970_LI25073-1-scaled.jpg\",\"contentUrl\":\"https:\\\/\\\/nordlinepaadid.ee\\\/wp-content\\\/uploads\\\/2024\\\/05\\\/10970_LI25073-1-scaled.jpg\",\"width\":1444,\"height\":2560},{\"@type\":\"BreadcrumbList\",\"@id\":\"https:\\\/\\\/nordlinepaadid.ee\\\/et\\\/pood\\\/paadihooldusvahendid\\\/oils-greases\\\/marine-universaalne-puhastusvahend-k-liqui-moly-1-l\\\/#breadcrumb\",\"itemListElement\":[{\"@type\":\"ListItem\",\"position\":1,\"name\":\"Home\",\"item\":\"https:\\\/\\\/nordlinepaadid.ee\\\/et\\\/\"},{\"@type\":\"ListItem\",\"position\":2,\"name\":\"Pood\",\"item\":\"https:\\\/\\\/nordlinepaadid.ee\\\/et\\\/pood\\\/\"},{\"@type\":\"ListItem\",\"position\":3,\"name\":\"MARINE UNIVERSAALNE PUHASTUSVAHEND K &#8211; LIQUI MOLY, 1 L\"}]},{\"@type\":\"WebSite\",\"@id\":\"https:\\\/\\\/nordlinepaadid.ee\\\/et\\\/#website\",\"url\":\"https:\\\/\\\/nordlinepaadid.ee\\\/et\\\/\",\"name\":\"NORDLINE s\u00f5udepaadid ja mootorpaadid. Klaasfiiber materjalist.\",\"description\":\"\",\"publisher\":{\"@id\":\"https:\\\/\\\/nordlinepaadid.ee\\\/et\\\/#organization\"},\"potentialAction\":[{\"@type\":\"SearchAction\",\"target\":{\"@type\":\"EntryPoint\",\"urlTemplate\":\"https:\\\/\\\/nordlinepaadid.ee\\\/et\\\/?s={search_term_string}\"},\"query-input\":{\"@type\":\"PropertyValueSpecification\",\"valueRequired\":true,\"valueName\":\"search_term_string\"}}],\"inLanguage\":\"et\"},{\"@type\":\"Organization\",\"@id\":\"https:\\\/\\\/nordlinepaadid.ee\\\/et\\\/#organization\",\"name\":\"Nordlineboats\",\"url\":\"https:\\\/\\\/nordlinepaadid.ee\\\/et\\\/\",\"logo\":{\"@type\":\"ImageObject\",\"inLanguage\":\"et\",\"@id\":\"https:\\\/\\\/nordlinepaadid.ee\\\/et\\\/#\\\/schema\\\/logo\\\/image\\\/\",\"url\":\"https:\\\/\\\/nordlinepaadid.ee\\\/wp-content\\\/uploads\\\/2023\\\/01\\\/fulllogo_transparent_nobuffer-e1672750475494.png\",\"contentUrl\":\"https:\\\/\\\/nordlinepaadid.ee\\\/wp-content\\\/uploads\\\/2023\\\/01\\\/fulllogo_transparent_nobuffer-e1672750475494.png\",\"width\":150,\"height\":119,\"caption\":\"Nordlineboats\"},\"image\":{\"@id\":\"https:\\\/\\\/nordlinepaadid.ee\\\/et\\\/#\\\/schema\\\/logo\\\/image\\\/\"},\"sameAs\":[\"https:\\\/\\\/www.facebook.com\\\/nordlineboats\",\"https:\\\/\\\/www.youtube.com\\\/channel\\\/UCbgF0fy02y3QkFnujaLTaCA\"]}]}<\/script>\n<!-- \/ Yoast SEO plugin. -->","yoast_head_json":{"title":"MARINE UNIVERSAALNE PUHASTUSVAHEND K - LIQUI MOLY, 1 L - NORDLINE s\u00f5udepaadid ja mootorpaadid. Klaasfiiber materjalist.","robots":{"index":"index","follow":"follow","max-snippet":"max-snippet:-1","max-image-preview":"max-image-preview:large","max-video-preview":"max-video-preview:-1"},"canonical":"https:\/\/nordlinepaadid.ee\/et\/pood\/paadihooldusvahendid\/oils-greases\/marine-universaalne-puhastusvahend-k-liqui-moly-1-l\/","og_locale":"et_EE","og_type":"article","og_title":"MARINE UNIVERSAALNE PUHASTUSVAHEND K - LIQUI MOLY, 1 L - NORDLINE s\u00f5udepaadid ja mootorpaadid. Klaasfiiber materjalist.","og_description":"V\u00e4hevahutav, biolagunev paadipuhastusvahend suurep\u00e4rase puhastusv\u00f5imega. Lahustab isegi t\u00f5rksa kogunenud mustuse, nagu tumedad \u00e4ravooluj\u00e4ljed p\u00e4rast pikka ladustamist, lindude v\u00e4ljaheited, jalatsite kulumisj\u00e4ljed ja poritiibadest p\u00f5hjustatud mustus. Hoiab \u00e4ra selle mustuse sisseimbumise, aidates seel\u00e4bi paadil oma v\u00e4\u00e4rtust s\u00e4ilitada. V\u00e4ga \u00f6konoomne t\u00e4nu t\u00f5husale kontsentratsioonile kasutamiseks. Biolagunev vastavalt detergentide ja puhastusvahendite seadusele (Saksamaa). Kasutusalad: Universaalne spetsiaalne puhastusvahend tavapuhastuseks v\u00f5i v\u00e4ga...","og_url":"https:\/\/nordlinepaadid.ee\/et\/pood\/paadihooldusvahendid\/oils-greases\/marine-universaalne-puhastusvahend-k-liqui-moly-1-l\/","og_site_name":"NORDLINE s\u00f5udepaadid ja mootorpaadid. Klaasfiiber materjalist.","article_publisher":"https:\/\/www.facebook.com\/nordlineboats","og_image":[{"width":1444,"height":2560,"url":"https:\/\/nordlinepaadid.ee\/wp-content\/uploads\/2024\/05\/10970_LI25073-1-scaled.jpg","type":"image\/jpeg"}],"twitter_card":"summary_large_image","twitter_misc":{"Est. reading time":"1 minut"},"schema":{"@context":"https:\/\/schema.org","@graph":[{"@type":"WebPage","@id":"https:\/\/nordlinepaadid.ee\/et\/pood\/paadihooldusvahendid\/oils-greases\/marine-universaalne-puhastusvahend-k-liqui-moly-1-l\/","url":"https:\/\/nordlinepaadid.ee\/et\/pood\/paadihooldusvahendid\/oils-greases\/marine-universaalne-puhastusvahend-k-liqui-moly-1-l\/","name":"MARINE UNIVERSAALNE PUHASTUSVAHEND K - LIQUI MOLY, 1 L - NORDLINE s\u00f5udepaadid ja mootorpaadid. Klaasfiiber materjalist.","isPartOf":{"@id":"https:\/\/nordlinepaadid.ee\/et\/#website"},"primaryImageOfPage":{"@id":"https:\/\/nordlinepaadid.ee\/et\/pood\/paadihooldusvahendid\/oils-greases\/marine-universaalne-puhastusvahend-k-liqui-moly-1-l\/#primaryimage"},"image":{"@id":"https:\/\/nordlinepaadid.ee\/et\/pood\/paadihooldusvahendid\/oils-greases\/marine-universaalne-puhastusvahend-k-liqui-moly-1-l\/#primaryimage"},"thumbnailUrl":"https:\/\/nordlinepaadid.ee\/wp-content\/uploads\/2024\/05\/10970_LI25073-1-scaled.jpg","datePublished":"2026-04-07T00:26:46+00:00","breadcrumb":{"@id":"https:\/\/nordlinepaadid.ee\/et\/pood\/paadihooldusvahendid\/oils-greases\/marine-universaalne-puhastusvahend-k-liqui-moly-1-l\/#breadcrumb"},"inLanguage":"et","potentialAction":[{"@type":"ReadAction","target":["https:\/\/nordlinepaadid.ee\/et\/pood\/paadihooldusvahendid\/oils-greases\/marine-universaalne-puhastusvahend-k-liqui-moly-1-l\/"]}]},{"@type":"ImageObject","inLanguage":"et","@id":"https:\/\/nordlinepaadid.ee\/et\/pood\/paadihooldusvahendid\/oils-greases\/marine-universaalne-puhastusvahend-k-liqui-moly-1-l\/#primaryimage","url":"https:\/\/nordlinepaadid.ee\/wp-content\/uploads\/2024\/05\/10970_LI25073-1-scaled.jpg","contentUrl":"https:\/\/nordlinepaadid.ee\/wp-content\/uploads\/2024\/05\/10970_LI25073-1-scaled.jpg","width":1444,"height":2560},{"@type":"BreadcrumbList","@id":"https:\/\/nordlinepaadid.ee\/et\/pood\/paadihooldusvahendid\/oils-greases\/marine-universaalne-puhastusvahend-k-liqui-moly-1-l\/#breadcrumb","itemListElement":[{"@type":"ListItem","position":1,"name":"Home","item":"https:\/\/nordlinepaadid.ee\/et\/"},{"@type":"ListItem","position":2,"name":"Pood","item":"https:\/\/nordlinepaadid.ee\/et\/pood\/"},{"@type":"ListItem","position":3,"name":"MARINE UNIVERSAALNE PUHASTUSVAHEND K &#8211; LIQUI MOLY, 1 L"}]},{"@type":"WebSite","@id":"https:\/\/nordlinepaadid.ee\/et\/#website","url":"https:\/\/nordlinepaadid.ee\/et\/","name":"NORDLINE s\u00f5udepaadid ja mootorpaadid. Klaasfiiber materjalist.","description":"","publisher":{"@id":"https:\/\/nordlinepaadid.ee\/et\/#organization"},"potentialAction":[{"@type":"SearchAction","target":{"@type":"EntryPoint","urlTemplate":"https:\/\/nordlinepaadid.ee\/et\/?s={search_term_string}"},"query-input":{"@type":"PropertyValueSpecification","valueRequired":true,"valueName":"search_term_string"}}],"inLanguage":"et"},{"@type":"Organization","@id":"https:\/\/nordlinepaadid.ee\/et\/#organization","name":"Nordlineboats","url":"https:\/\/nordlinepaadid.ee\/et\/","logo":{"@type":"ImageObject","inLanguage":"et","@id":"https:\/\/nordlinepaadid.ee\/et\/#\/schema\/logo\/image\/","url":"https:\/\/nordlinepaadid.ee\/wp-content\/uploads\/2023\/01\/fulllogo_transparent_nobuffer-e1672750475494.png","contentUrl":"https:\/\/nordlinepaadid.ee\/wp-content\/uploads\/2023\/01\/fulllogo_transparent_nobuffer-e1672750475494.png","width":150,"height":119,"caption":"Nordlineboats"},"image":{"@id":"https:\/\/nordlinepaadid.ee\/et\/#\/schema\/logo\/image\/"},"sameAs":["https:\/\/www.facebook.com\/nordlineboats","https:\/\/www.youtube.com\/channel\/UCbgF0fy02y3QkFnujaLTaCA"]}]}},"taxonomy_info":{"product_cat":[{"value":286,"label":"\u00d5lid, M\u00e4\u00e4rded"},{"value":284,"label":"PAADIHOOLDUSVAHENDID"}],"pa_producer":[{"value":1284,"label":"Liqui Moly"}],"pa_unit":[{"value":468,"label":"l"}]},"featured_image_src_large":["https:\/\/nordlinepaadid.ee\/wp-content\/uploads\/2024\/05\/10970_LI25073-1-578x1024.jpg",578,1024,true],"author_info":[],"comment_info":"","_links":{"self":[{"href":"https:\/\/nordlinepaadid.ee\/et\/wp-json\/wp\/v2\/product\/46977","targetHints":{"allow":["GET"]}}],"collection":[{"href":"https:\/\/nordlinepaadid.ee\/et\/wp-json\/wp\/v2\/product"}],"about":[{"href":"https:\/\/nordlinepaadid.ee\/et\/wp-json\/wp\/v2\/types\/product"}],"wp:featuredmedia":[{"embeddable":true,"href":"https:\/\/nordlinepaadid.ee\/et\/wp-json\/wp\/v2\/media\/44502"}],"wp:attachment":[{"href":"https:\/\/nordlinepaadid.ee\/et\/wp-json\/wp\/v2\/media?parent=46977"}],"wp:term":[{"taxonomy":"product_brand","embeddable":true,"href":"https:\/\/nordlinepaadid.ee\/et\/wp-json\/wp\/v2\/product_brand?post=46977"},{"taxonomy":"product_cat","embeddable":true,"href":"https:\/\/nordlinepaadid.ee\/et\/wp-json\/wp\/v2\/product_cat?post=46977"},{"taxonomy":"product_tag","embeddable":true,"href":"https:\/\/nordlinepaadid.ee\/et\/wp-json\/wp\/v2\/product_tag?post=46977"}],"curies":[{"name":"wp","href":"https:\/\/api.w.org\/{rel}","templated":true}]}}