{"id":46979,"date":"2026-04-14T03:26:18","date_gmt":"2026-04-14T00:26:18","guid":{"rendered":"https:\/\/nordlinepaadid.ee\/toode\/maaratlemata\/marine-varvihooldusvahend-detailija-liqui-moly-500-ml\/"},"modified":"2026-04-14T03:26:18","modified_gmt":"2026-04-14T00:26:18","slug":"marine-varvihooldusvahend-detailija-liqui-moly-500-ml","status":"publish","type":"product","link":"https:\/\/nordlinepaadid.ee\/et\/pood\/paadihooldusvahendid\/oils-greases\/marine-varvihooldusvahend-detailija-liqui-moly-500-ml\/","title":{"rendered":"MARINE V\u00c4RVIHOOLDUSVAHEND\/DETAILIJA &#8211; LIQUI MOLY, 500 ML"},"content":{"rendered":"<p style=\"text-align:justify\">V\u00e4ga t\u00f5hus l\u00e4ikega tihendussprei uuendusliku kaitsevalemiga. V\u00e4rvitud pindade kiireks ja lihtsaks hooldamiseks ilma poleerimiseta. Eemaldab kerge mustuse, nagu tolmu- v\u00f5i veeplekid, ja annab s\u00e4rava s\u00fcgava l\u00e4ike. Tihendab siledaid v\u00e4rvitud pindu mitmeks n\u00e4dalaks ning tagab suurep\u00e4rase vetth\u00fclgava efekti ja kauakestva kaitse agressiivsete keskkonnam\u00f5jude eest. S\u00e4ilitab puhastusviimistluse pikema aja jooksul ja v\u00e4hendab uue mustuse nakkumist. Kasutusalad: Siledate v\u00e4rvide hooldamiseks ja kaitsmiseks merendussektoris. Samuti siledatel plastpindadel nagu gelcoat, kroom, alumiinium ja roostevaba teras. GFRP-ga \u00fchilduv. Ei sobi mattv\u00e4rvitud pindadele. Kasutamine: Enne kasutamist loksutada korralikult. Pihustage \u00fchtlaselt eelnevalt puhastatud pinnale ja seej\u00e4rel p\u00fchkige mikrokiudlapiga maha. Selle k\u00e4igus keerake lappi pidevalt. V\u00f5ib pihustada ka kergelt m\u00e4rgadele pindadele. \u00c4rge laske kuivada.<\/p>\n<p>&#13;<\/p>\n","protected":false},"excerpt":{"rendered":"<p>V\u00e4ga t\u00f5hus l\u00e4ikega tihendussprei uuendusliku kaitsevalemiga. V\u00e4rvitud pindade kiireks ja lihtsaks hooldamiseks ilma poleerimiseta. Eemaldab kerge mustuse, nagu tolmu- v\u00f5i veeplekid, ja annab s\u00e4rava s\u00fcgava l\u00e4ike. Tihendab siledaid v\u00e4rvitud pindu mitmeks n\u00e4dalaks ning tagab suurep\u00e4rase vetth\u00fclgava efekti ja kauakestva kaitse agressiivsete keskkonnam\u00f5jude eest. S\u00e4ilitab puhastusviimistluse pikema aja jooksul ja v\u00e4hendab uue mustuse nakkumist. Kasutusalad: Siledate&#8230;<\/p>\n","protected":false},"featured_media":44510,"template":"","meta":{"_kad_blocks_custom_css":"","_kad_blocks_head_custom_js":"","_kad_blocks_body_custom_js":"","_kad_blocks_footer_custom_js":"","_kad_post_transparent":"","_kad_post_title":"","_kad_post_layout":"","_kad_post_sidebar_id":"","_kad_post_content_style":"","_kad_post_vertical_padding":"","_kad_post_feature":"","_kad_post_feature_position":"","_kad_post_header":false,"_kad_post_footer":false,"_kad_post_classname":""},"product_brand":[],"product_cat":[286,284],"product_tag":[],"class_list":{"0":"post-46979","1":"product","2":"type-product","3":"status-publish","4":"has-post-thumbnail","6":"product_cat-oils-greases","7":"product_cat-paadihooldusvahendid","8":"pa_producer-liqui-moly-2","9":"pa_unit-ml","10":"tm-no-options","12":"first","13":"instock","14":"taxable","15":"shipping-taxable","16":"purchasable","17":"product-type-simple","18":"entry","19":"content-bg","20":"loop-entry"},"yoast_head":"<!-- This site is optimized with the Yoast SEO plugin v27.3 - https:\/\/yoast.com\/product\/yoast-seo-wordpress\/ -->\n<title>MARINE V\u00c4RVIHOOLDUSVAHEND\/DETAILIJA - LIQUI MOLY, 500 ML - NORDLINE s\u00f5udepaadid ja mootorpaadid. Klaasfiiber materjalist.<\/title>\n<meta name=\"robots\" content=\"index, follow, max-snippet:-1, max-image-preview:large, max-video-preview:-1\" \/>\n<link rel=\"canonical\" href=\"https:\/\/nordlinepaadid.ee\/et\/pood\/paadihooldusvahendid\/oils-greases\/marine-varvihooldusvahend-detailija-liqui-moly-500-ml\/\" \/>\n<meta property=\"og:locale\" content=\"et_EE\" \/>\n<meta property=\"og:type\" content=\"article\" \/>\n<meta property=\"og:title\" content=\"MARINE V\u00c4RVIHOOLDUSVAHEND\/DETAILIJA - LIQUI MOLY, 500 ML - NORDLINE s\u00f5udepaadid ja mootorpaadid. Klaasfiiber materjalist.\" \/>\n<meta property=\"og:description\" content=\"V\u00e4ga t\u00f5hus l\u00e4ikega tihendussprei uuendusliku kaitsevalemiga. V\u00e4rvitud pindade kiireks ja lihtsaks hooldamiseks ilma poleerimiseta. Eemaldab kerge mustuse, nagu tolmu- v\u00f5i veeplekid, ja annab s\u00e4rava s\u00fcgava l\u00e4ike. Tihendab siledaid v\u00e4rvitud pindu mitmeks n\u00e4dalaks ning tagab suurep\u00e4rase vetth\u00fclgava efekti ja kauakestva kaitse agressiivsete keskkonnam\u00f5jude eest. S\u00e4ilitab puhastusviimistluse pikema aja jooksul ja v\u00e4hendab uue mustuse nakkumist. Kasutusalad: Siledate...\" \/>\n<meta property=\"og:url\" content=\"https:\/\/nordlinepaadid.ee\/et\/pood\/paadihooldusvahendid\/oils-greases\/marine-varvihooldusvahend-detailija-liqui-moly-500-ml\/\" \/>\n<meta property=\"og:site_name\" content=\"NORDLINE s\u00f5udepaadid ja mootorpaadid. Klaasfiiber materjalist.\" \/>\n<meta property=\"article:publisher\" content=\"https:\/\/www.facebook.com\/nordlineboats\" \/>\n<meta property=\"og:image\" content=\"https:\/\/nordlinepaadid.ee\/wp-content\/uploads\/2024\/05\/10973_LI25098-1-568x1024.png\" \/>\n\t<meta property=\"og:image:width\" content=\"568\" \/>\n\t<meta property=\"og:image:height\" content=\"1024\" \/>\n\t<meta property=\"og:image:type\" content=\"image\/png\" \/>\n<meta name=\"twitter:card\" content=\"summary_large_image\" \/>\n<meta name=\"twitter:label1\" content=\"Est. reading time\" \/>\n\t<meta name=\"twitter:data1\" content=\"1 minut\" \/>\n<script type=\"application\/ld+json\" class=\"yoast-schema-graph\">{\"@context\":\"https:\\\/\\\/schema.org\",\"@graph\":[{\"@type\":\"WebPage\",\"@id\":\"https:\\\/\\\/nordlinepaadid.ee\\\/et\\\/pood\\\/paadihooldusvahendid\\\/oils-greases\\\/marine-varvihooldusvahend-detailija-liqui-moly-500-ml\\\/\",\"url\":\"https:\\\/\\\/nordlinepaadid.ee\\\/et\\\/pood\\\/paadihooldusvahendid\\\/oils-greases\\\/marine-varvihooldusvahend-detailija-liqui-moly-500-ml\\\/\",\"name\":\"MARINE V\u00c4RVIHOOLDUSVAHEND\\\/DETAILIJA - LIQUI MOLY, 500 ML - NORDLINE s\u00f5udepaadid ja mootorpaadid. Klaasfiiber materjalist.\",\"isPartOf\":{\"@id\":\"https:\\\/\\\/nordlinepaadid.ee\\\/et\\\/#website\"},\"primaryImageOfPage\":{\"@id\":\"https:\\\/\\\/nordlinepaadid.ee\\\/et\\\/pood\\\/paadihooldusvahendid\\\/oils-greases\\\/marine-varvihooldusvahend-detailija-liqui-moly-500-ml\\\/#primaryimage\"},\"image\":{\"@id\":\"https:\\\/\\\/nordlinepaadid.ee\\\/et\\\/pood\\\/paadihooldusvahendid\\\/oils-greases\\\/marine-varvihooldusvahend-detailija-liqui-moly-500-ml\\\/#primaryimage\"},\"thumbnailUrl\":\"https:\\\/\\\/nordlinepaadid.ee\\\/wp-content\\\/uploads\\\/2024\\\/05\\\/10973_LI25098-1.png\",\"datePublished\":\"2026-04-14T00:26:18+00:00\",\"breadcrumb\":{\"@id\":\"https:\\\/\\\/nordlinepaadid.ee\\\/et\\\/pood\\\/paadihooldusvahendid\\\/oils-greases\\\/marine-varvihooldusvahend-detailija-liqui-moly-500-ml\\\/#breadcrumb\"},\"inLanguage\":\"et\",\"potentialAction\":[{\"@type\":\"ReadAction\",\"target\":[\"https:\\\/\\\/nordlinepaadid.ee\\\/et\\\/pood\\\/paadihooldusvahendid\\\/oils-greases\\\/marine-varvihooldusvahend-detailija-liqui-moly-500-ml\\\/\"]}]},{\"@type\":\"ImageObject\",\"inLanguage\":\"et\",\"@id\":\"https:\\\/\\\/nordlinepaadid.ee\\\/et\\\/pood\\\/paadihooldusvahendid\\\/oils-greases\\\/marine-varvihooldusvahend-detailija-liqui-moly-500-ml\\\/#primaryimage\",\"url\":\"https:\\\/\\\/nordlinepaadid.ee\\\/wp-content\\\/uploads\\\/2024\\\/05\\\/10973_LI25098-1.png\",\"contentUrl\":\"https:\\\/\\\/nordlinepaadid.ee\\\/wp-content\\\/uploads\\\/2024\\\/05\\\/10973_LI25098-1.png\",\"width\":1966,\"height\":3543},{\"@type\":\"BreadcrumbList\",\"@id\":\"https:\\\/\\\/nordlinepaadid.ee\\\/et\\\/pood\\\/paadihooldusvahendid\\\/oils-greases\\\/marine-varvihooldusvahend-detailija-liqui-moly-500-ml\\\/#breadcrumb\",\"itemListElement\":[{\"@type\":\"ListItem\",\"position\":1,\"name\":\"Home\",\"item\":\"https:\\\/\\\/nordlinepaadid.ee\\\/et\\\/\"},{\"@type\":\"ListItem\",\"position\":2,\"name\":\"Pood\",\"item\":\"https:\\\/\\\/nordlinepaadid.ee\\\/et\\\/pood\\\/\"},{\"@type\":\"ListItem\",\"position\":3,\"name\":\"MARINE V\u00c4RVIHOOLDUSVAHEND\\\/DETAILIJA &#8211; LIQUI MOLY, 500 ML\"}]},{\"@type\":\"WebSite\",\"@id\":\"https:\\\/\\\/nordlinepaadid.ee\\\/et\\\/#website\",\"url\":\"https:\\\/\\\/nordlinepaadid.ee\\\/et\\\/\",\"name\":\"NORDLINE s\u00f5udepaadid ja mootorpaadid. Klaasfiiber materjalist.\",\"description\":\"\",\"publisher\":{\"@id\":\"https:\\\/\\\/nordlinepaadid.ee\\\/et\\\/#organization\"},\"potentialAction\":[{\"@type\":\"SearchAction\",\"target\":{\"@type\":\"EntryPoint\",\"urlTemplate\":\"https:\\\/\\\/nordlinepaadid.ee\\\/et\\\/?s={search_term_string}\"},\"query-input\":{\"@type\":\"PropertyValueSpecification\",\"valueRequired\":true,\"valueName\":\"search_term_string\"}}],\"inLanguage\":\"et\"},{\"@type\":\"Organization\",\"@id\":\"https:\\\/\\\/nordlinepaadid.ee\\\/et\\\/#organization\",\"name\":\"Nordlineboats\",\"url\":\"https:\\\/\\\/nordlinepaadid.ee\\\/et\\\/\",\"logo\":{\"@type\":\"ImageObject\",\"inLanguage\":\"et\",\"@id\":\"https:\\\/\\\/nordlinepaadid.ee\\\/et\\\/#\\\/schema\\\/logo\\\/image\\\/\",\"url\":\"https:\\\/\\\/nordlinepaadid.ee\\\/wp-content\\\/uploads\\\/2023\\\/01\\\/fulllogo_transparent_nobuffer-e1672750475494.png\",\"contentUrl\":\"https:\\\/\\\/nordlinepaadid.ee\\\/wp-content\\\/uploads\\\/2023\\\/01\\\/fulllogo_transparent_nobuffer-e1672750475494.png\",\"width\":150,\"height\":119,\"caption\":\"Nordlineboats\"},\"image\":{\"@id\":\"https:\\\/\\\/nordlinepaadid.ee\\\/et\\\/#\\\/schema\\\/logo\\\/image\\\/\"},\"sameAs\":[\"https:\\\/\\\/www.facebook.com\\\/nordlineboats\",\"https:\\\/\\\/www.youtube.com\\\/channel\\\/UCbgF0fy02y3QkFnujaLTaCA\"]}]}<\/script>\n<!-- \/ Yoast SEO plugin. -->","yoast_head_json":{"title":"MARINE V\u00c4RVIHOOLDUSVAHEND\/DETAILIJA - LIQUI MOLY, 500 ML - NORDLINE s\u00f5udepaadid ja mootorpaadid. Klaasfiiber materjalist.","robots":{"index":"index","follow":"follow","max-snippet":"max-snippet:-1","max-image-preview":"max-image-preview:large","max-video-preview":"max-video-preview:-1"},"canonical":"https:\/\/nordlinepaadid.ee\/et\/pood\/paadihooldusvahendid\/oils-greases\/marine-varvihooldusvahend-detailija-liqui-moly-500-ml\/","og_locale":"et_EE","og_type":"article","og_title":"MARINE V\u00c4RVIHOOLDUSVAHEND\/DETAILIJA - LIQUI MOLY, 500 ML - NORDLINE s\u00f5udepaadid ja mootorpaadid. Klaasfiiber materjalist.","og_description":"V\u00e4ga t\u00f5hus l\u00e4ikega tihendussprei uuendusliku kaitsevalemiga. V\u00e4rvitud pindade kiireks ja lihtsaks hooldamiseks ilma poleerimiseta. Eemaldab kerge mustuse, nagu tolmu- v\u00f5i veeplekid, ja annab s\u00e4rava s\u00fcgava l\u00e4ike. Tihendab siledaid v\u00e4rvitud pindu mitmeks n\u00e4dalaks ning tagab suurep\u00e4rase vetth\u00fclgava efekti ja kauakestva kaitse agressiivsete keskkonnam\u00f5jude eest. S\u00e4ilitab puhastusviimistluse pikema aja jooksul ja v\u00e4hendab uue mustuse nakkumist. Kasutusalad: Siledate...","og_url":"https:\/\/nordlinepaadid.ee\/et\/pood\/paadihooldusvahendid\/oils-greases\/marine-varvihooldusvahend-detailija-liqui-moly-500-ml\/","og_site_name":"NORDLINE s\u00f5udepaadid ja mootorpaadid. Klaasfiiber materjalist.","article_publisher":"https:\/\/www.facebook.com\/nordlineboats","og_image":[{"width":568,"height":1024,"url":"https:\/\/nordlinepaadid.ee\/wp-content\/uploads\/2024\/05\/10973_LI25098-1-568x1024.png","type":"image\/png"}],"twitter_card":"summary_large_image","twitter_misc":{"Est. reading time":"1 minut"},"schema":{"@context":"https:\/\/schema.org","@graph":[{"@type":"WebPage","@id":"https:\/\/nordlinepaadid.ee\/et\/pood\/paadihooldusvahendid\/oils-greases\/marine-varvihooldusvahend-detailija-liqui-moly-500-ml\/","url":"https:\/\/nordlinepaadid.ee\/et\/pood\/paadihooldusvahendid\/oils-greases\/marine-varvihooldusvahend-detailija-liqui-moly-500-ml\/","name":"MARINE V\u00c4RVIHOOLDUSVAHEND\/DETAILIJA - LIQUI MOLY, 500 ML - NORDLINE s\u00f5udepaadid ja mootorpaadid. Klaasfiiber materjalist.","isPartOf":{"@id":"https:\/\/nordlinepaadid.ee\/et\/#website"},"primaryImageOfPage":{"@id":"https:\/\/nordlinepaadid.ee\/et\/pood\/paadihooldusvahendid\/oils-greases\/marine-varvihooldusvahend-detailija-liqui-moly-500-ml\/#primaryimage"},"image":{"@id":"https:\/\/nordlinepaadid.ee\/et\/pood\/paadihooldusvahendid\/oils-greases\/marine-varvihooldusvahend-detailija-liqui-moly-500-ml\/#primaryimage"},"thumbnailUrl":"https:\/\/nordlinepaadid.ee\/wp-content\/uploads\/2024\/05\/10973_LI25098-1.png","datePublished":"2026-04-14T00:26:18+00:00","breadcrumb":{"@id":"https:\/\/nordlinepaadid.ee\/et\/pood\/paadihooldusvahendid\/oils-greases\/marine-varvihooldusvahend-detailija-liqui-moly-500-ml\/#breadcrumb"},"inLanguage":"et","potentialAction":[{"@type":"ReadAction","target":["https:\/\/nordlinepaadid.ee\/et\/pood\/paadihooldusvahendid\/oils-greases\/marine-varvihooldusvahend-detailija-liqui-moly-500-ml\/"]}]},{"@type":"ImageObject","inLanguage":"et","@id":"https:\/\/nordlinepaadid.ee\/et\/pood\/paadihooldusvahendid\/oils-greases\/marine-varvihooldusvahend-detailija-liqui-moly-500-ml\/#primaryimage","url":"https:\/\/nordlinepaadid.ee\/wp-content\/uploads\/2024\/05\/10973_LI25098-1.png","contentUrl":"https:\/\/nordlinepaadid.ee\/wp-content\/uploads\/2024\/05\/10973_LI25098-1.png","width":1966,"height":3543},{"@type":"BreadcrumbList","@id":"https:\/\/nordlinepaadid.ee\/et\/pood\/paadihooldusvahendid\/oils-greases\/marine-varvihooldusvahend-detailija-liqui-moly-500-ml\/#breadcrumb","itemListElement":[{"@type":"ListItem","position":1,"name":"Home","item":"https:\/\/nordlinepaadid.ee\/et\/"},{"@type":"ListItem","position":2,"name":"Pood","item":"https:\/\/nordlinepaadid.ee\/et\/pood\/"},{"@type":"ListItem","position":3,"name":"MARINE V\u00c4RVIHOOLDUSVAHEND\/DETAILIJA &#8211; LIQUI MOLY, 500 ML"}]},{"@type":"WebSite","@id":"https:\/\/nordlinepaadid.ee\/et\/#website","url":"https:\/\/nordlinepaadid.ee\/et\/","name":"NORDLINE s\u00f5udepaadid ja mootorpaadid. Klaasfiiber materjalist.","description":"","publisher":{"@id":"https:\/\/nordlinepaadid.ee\/et\/#organization"},"potentialAction":[{"@type":"SearchAction","target":{"@type":"EntryPoint","urlTemplate":"https:\/\/nordlinepaadid.ee\/et\/?s={search_term_string}"},"query-input":{"@type":"PropertyValueSpecification","valueRequired":true,"valueName":"search_term_string"}}],"inLanguage":"et"},{"@type":"Organization","@id":"https:\/\/nordlinepaadid.ee\/et\/#organization","name":"Nordlineboats","url":"https:\/\/nordlinepaadid.ee\/et\/","logo":{"@type":"ImageObject","inLanguage":"et","@id":"https:\/\/nordlinepaadid.ee\/et\/#\/schema\/logo\/image\/","url":"https:\/\/nordlinepaadid.ee\/wp-content\/uploads\/2023\/01\/fulllogo_transparent_nobuffer-e1672750475494.png","contentUrl":"https:\/\/nordlinepaadid.ee\/wp-content\/uploads\/2023\/01\/fulllogo_transparent_nobuffer-e1672750475494.png","width":150,"height":119,"caption":"Nordlineboats"},"image":{"@id":"https:\/\/nordlinepaadid.ee\/et\/#\/schema\/logo\/image\/"},"sameAs":["https:\/\/www.facebook.com\/nordlineboats","https:\/\/www.youtube.com\/channel\/UCbgF0fy02y3QkFnujaLTaCA"]}]}},"taxonomy_info":{"product_cat":[{"value":286,"label":"\u00d5lid, M\u00e4\u00e4rded"},{"value":284,"label":"PAADIHOOLDUSVAHENDID"}],"pa_producer":[{"value":1284,"label":"Liqui Moly"}],"pa_unit":[{"value":433,"label":"ml"}]},"featured_image_src_large":["https:\/\/nordlinepaadid.ee\/wp-content\/uploads\/2024\/05\/10973_LI25098-1-568x1024.png",568,1024,true],"author_info":[],"comment_info":"","_links":{"self":[{"href":"https:\/\/nordlinepaadid.ee\/et\/wp-json\/wp\/v2\/product\/46979","targetHints":{"allow":["GET"]}}],"collection":[{"href":"https:\/\/nordlinepaadid.ee\/et\/wp-json\/wp\/v2\/product"}],"about":[{"href":"https:\/\/nordlinepaadid.ee\/et\/wp-json\/wp\/v2\/types\/product"}],"wp:featuredmedia":[{"embeddable":true,"href":"https:\/\/nordlinepaadid.ee\/et\/wp-json\/wp\/v2\/media\/44510"}],"wp:attachment":[{"href":"https:\/\/nordlinepaadid.ee\/et\/wp-json\/wp\/v2\/media?parent=46979"}],"wp:term":[{"taxonomy":"product_brand","embeddable":true,"href":"https:\/\/nordlinepaadid.ee\/et\/wp-json\/wp\/v2\/product_brand?post=46979"},{"taxonomy":"product_cat","embeddable":true,"href":"https:\/\/nordlinepaadid.ee\/et\/wp-json\/wp\/v2\/product_cat?post=46979"},{"taxonomy":"product_tag","embeddable":true,"href":"https:\/\/nordlinepaadid.ee\/et\/wp-json\/wp\/v2\/product_tag?post=46979"}],"curies":[{"name":"wp","href":"https:\/\/api.w.org\/{rel}","templated":true}]}}