{"id":46986,"date":"2026-04-07T03:26:48","date_gmt":"2026-04-07T00:26:48","guid":{"rendered":"https:\/\/nordlinepaadid.ee\/toode\/maaratlemata\/sukeldumisulikond-mares-rover-ilma-kapuutsita-s3-3-mm\/"},"modified":"2026-04-07T03:26:49","modified_gmt":"2026-04-07T00:26:49","slug":"sukeldumisulikond-mares-rover-ilma-kapuutsita-s3-3-mm","status":"publish","type":"product","link":"https:\/\/nordlinepaadid.ee\/et\/pood\/sukeldumine\/sukeldumisulikond-mares-rover-ilma-kapuutsita-s3-3-mm\/","title":{"rendered":"SUKELDUMIS\u00dcLIKOND &#8211; MARES ROVER, ILMA KAPUUTSITA, S3, 3 MM"},"content":{"rendered":"<p style=\"text-align:justify\">Rover Overall kapuutsita sukeldumis\u00fclikond on valmistatud mugavast, vastupidavast \u00fclivenivast neopreenist! Tootekirjeldus: 3 mm \u00f5huke, T\u00e4iuslik istuvus ja liikumisvabadus, \u00dclipikk eesmine t\u00f5mblukk kergemaks selgapanekuks ja mahav\u00f5tmiseks, Superstretch neopreen k\u00e4teosa, Pol\u00fcuretaankaitse enim kuluvatele kohtadele, T\u00f5mblukud pahkluude juures, Kahe auguga kapuuts \u00f5hu v\u00e4ljajuhtimiseks, Lai n\u00e4oava suurema mugavuse tagamiseks, Valmistatakse t\u00e4ielikult ultravenivast materjalist, Saadaval ka laste suurustes, alates -3 &#8211; 0, V\u00e4ga suured suurused, +8 &#8211; +9, V\u00e4rvi ja suuruse tuvastamise s\u00fcsteem.<\/p>\n<p>&#13;<\/p>\n","protected":false},"excerpt":{"rendered":"<p>Rover Overall kapuutsita sukeldumis\u00fclikond on valmistatud mugavast, vastupidavast \u00fclivenivast neopreenist! Tootekirjeldus: 3 mm \u00f5huke, T\u00e4iuslik istuvus ja liikumisvabadus, \u00dclipikk eesmine t\u00f5mblukk kergemaks selgapanekuks ja mahav\u00f5tmiseks, Superstretch neopreen k\u00e4teosa, Pol\u00fcuretaankaitse enim kuluvatele kohtadele, T\u00f5mblukud pahkluude juures, Kahe auguga kapuuts \u00f5hu v\u00e4ljajuhtimiseks, Lai n\u00e4oava suurema mugavuse tagamiseks, Valmistatakse t\u00e4ielikult ultravenivast materjalist, Saadaval ka laste suurustes, alates -3&#8230;<\/p>\n","protected":false},"featured_media":49052,"template":"","meta":{"_kad_blocks_custom_css":"","_kad_blocks_head_custom_js":"","_kad_blocks_body_custom_js":"","_kad_blocks_footer_custom_js":"","_kad_post_transparent":"","_kad_post_title":"","_kad_post_layout":"","_kad_post_sidebar_id":"","_kad_post_content_style":"","_kad_post_vertical_padding":"","_kad_post_feature":"","_kad_post_feature_position":"","_kad_post_header":false,"_kad_post_footer":false,"_kad_post_classname":""},"product_brand":[],"product_cat":[1620],"product_tag":[],"class_list":{"0":"post-46986","1":"product","2":"type-product","3":"status-publish","4":"has-post-thumbnail","6":"product_cat-sukeldumine","7":"pa_color-must","8":"tm-no-options","10":"first","11":"instock","12":"taxable","13":"shipping-taxable","14":"purchasable","15":"product-type-simple","16":"entry","17":"content-bg","18":"loop-entry"},"yoast_head":"<!-- This site is optimized with the Yoast SEO plugin v27.3 - https:\/\/yoast.com\/product\/yoast-seo-wordpress\/ -->\n<title>SUKELDUMIS\u00dcLIKOND - MARES ROVER, ILMA KAPUUTSITA, S3, 3 MM - NORDLINE s\u00f5udepaadid ja mootorpaadid. Klaasfiiber materjalist.<\/title>\n<meta name=\"robots\" content=\"index, follow, max-snippet:-1, max-image-preview:large, max-video-preview:-1\" \/>\n<link rel=\"canonical\" href=\"https:\/\/nordlinepaadid.ee\/et\/pood\/sukeldumine\/sukeldumisulikond-mares-rover-ilma-kapuutsita-s3-3-mm\/\" \/>\n<meta property=\"og:locale\" content=\"et_EE\" \/>\n<meta property=\"og:type\" content=\"article\" \/>\n<meta property=\"og:title\" content=\"SUKELDUMIS\u00dcLIKOND - MARES ROVER, ILMA KAPUUTSITA, S3, 3 MM - NORDLINE s\u00f5udepaadid ja mootorpaadid. Klaasfiiber materjalist.\" \/>\n<meta property=\"og:description\" content=\"Rover Overall kapuutsita sukeldumis\u00fclikond on valmistatud mugavast, vastupidavast \u00fclivenivast neopreenist! Tootekirjeldus: 3 mm \u00f5huke, T\u00e4iuslik istuvus ja liikumisvabadus, \u00dclipikk eesmine t\u00f5mblukk kergemaks selgapanekuks ja mahav\u00f5tmiseks, Superstretch neopreen k\u00e4teosa, Pol\u00fcuretaankaitse enim kuluvatele kohtadele, T\u00f5mblukud pahkluude juures, Kahe auguga kapuuts \u00f5hu v\u00e4ljajuhtimiseks, Lai n\u00e4oava suurema mugavuse tagamiseks, Valmistatakse t\u00e4ielikult ultravenivast materjalist, Saadaval ka laste suurustes, alates -3...\" \/>\n<meta property=\"og:url\" content=\"https:\/\/nordlinepaadid.ee\/et\/pood\/sukeldumine\/sukeldumisulikond-mares-rover-ilma-kapuutsita-s3-3-mm\/\" \/>\n<meta property=\"og:site_name\" content=\"NORDLINE s\u00f5udepaadid ja mootorpaadid. Klaasfiiber materjalist.\" \/>\n<meta property=\"article:publisher\" content=\"https:\/\/www.facebook.com\/nordlineboats\" \/>\n<meta property=\"article:modified_time\" content=\"2026-04-07T00:26:49+00:00\" \/>\n<meta property=\"og:image\" content=\"https:\/\/nordlinepaadid.ee\/wp-content\/uploads\/2025\/03\/11046_MMRK-412380-1.jpg\" \/>\n\t<meta property=\"og:image:width\" content=\"406\" \/>\n\t<meta property=\"og:image:height\" content=\"699\" \/>\n\t<meta property=\"og:image:type\" content=\"image\/jpeg\" \/>\n<meta name=\"twitter:card\" content=\"summary_large_image\" \/>\n<script type=\"application\/ld+json\" class=\"yoast-schema-graph\">{\"@context\":\"https:\\\/\\\/schema.org\",\"@graph\":[{\"@type\":\"WebPage\",\"@id\":\"https:\\\/\\\/nordlinepaadid.ee\\\/et\\\/pood\\\/sukeldumine\\\/sukeldumisulikond-mares-rover-ilma-kapuutsita-s3-3-mm\\\/\",\"url\":\"https:\\\/\\\/nordlinepaadid.ee\\\/et\\\/pood\\\/sukeldumine\\\/sukeldumisulikond-mares-rover-ilma-kapuutsita-s3-3-mm\\\/\",\"name\":\"SUKELDUMIS\u00dcLIKOND - MARES ROVER, ILMA KAPUUTSITA, S3, 3 MM - NORDLINE s\u00f5udepaadid ja mootorpaadid. Klaasfiiber materjalist.\",\"isPartOf\":{\"@id\":\"https:\\\/\\\/nordlinepaadid.ee\\\/et\\\/#website\"},\"primaryImageOfPage\":{\"@id\":\"https:\\\/\\\/nordlinepaadid.ee\\\/et\\\/pood\\\/sukeldumine\\\/sukeldumisulikond-mares-rover-ilma-kapuutsita-s3-3-mm\\\/#primaryimage\"},\"image\":{\"@id\":\"https:\\\/\\\/nordlinepaadid.ee\\\/et\\\/pood\\\/sukeldumine\\\/sukeldumisulikond-mares-rover-ilma-kapuutsita-s3-3-mm\\\/#primaryimage\"},\"thumbnailUrl\":\"https:\\\/\\\/nordlinepaadid.ee\\\/wp-content\\\/uploads\\\/2025\\\/03\\\/11046_MMRK-412380-1.jpg\",\"datePublished\":\"2026-04-07T00:26:48+00:00\",\"dateModified\":\"2026-04-07T00:26:49+00:00\",\"breadcrumb\":{\"@id\":\"https:\\\/\\\/nordlinepaadid.ee\\\/et\\\/pood\\\/sukeldumine\\\/sukeldumisulikond-mares-rover-ilma-kapuutsita-s3-3-mm\\\/#breadcrumb\"},\"inLanguage\":\"et\",\"potentialAction\":[{\"@type\":\"ReadAction\",\"target\":[\"https:\\\/\\\/nordlinepaadid.ee\\\/et\\\/pood\\\/sukeldumine\\\/sukeldumisulikond-mares-rover-ilma-kapuutsita-s3-3-mm\\\/\"]}]},{\"@type\":\"ImageObject\",\"inLanguage\":\"et\",\"@id\":\"https:\\\/\\\/nordlinepaadid.ee\\\/et\\\/pood\\\/sukeldumine\\\/sukeldumisulikond-mares-rover-ilma-kapuutsita-s3-3-mm\\\/#primaryimage\",\"url\":\"https:\\\/\\\/nordlinepaadid.ee\\\/wp-content\\\/uploads\\\/2025\\\/03\\\/11046_MMRK-412380-1.jpg\",\"contentUrl\":\"https:\\\/\\\/nordlinepaadid.ee\\\/wp-content\\\/uploads\\\/2025\\\/03\\\/11046_MMRK-412380-1.jpg\",\"width\":406,\"height\":699},{\"@type\":\"BreadcrumbList\",\"@id\":\"https:\\\/\\\/nordlinepaadid.ee\\\/et\\\/pood\\\/sukeldumine\\\/sukeldumisulikond-mares-rover-ilma-kapuutsita-s3-3-mm\\\/#breadcrumb\",\"itemListElement\":[{\"@type\":\"ListItem\",\"position\":1,\"name\":\"Home\",\"item\":\"https:\\\/\\\/nordlinepaadid.ee\\\/et\\\/\"},{\"@type\":\"ListItem\",\"position\":2,\"name\":\"Pood\",\"item\":\"https:\\\/\\\/nordlinepaadid.ee\\\/et\\\/pood\\\/\"},{\"@type\":\"ListItem\",\"position\":3,\"name\":\"SUKELDUMIS\u00dcLIKOND &#8211; MARES ROVER, ILMA KAPUUTSITA, S3, 3 MM\"}]},{\"@type\":\"WebSite\",\"@id\":\"https:\\\/\\\/nordlinepaadid.ee\\\/et\\\/#website\",\"url\":\"https:\\\/\\\/nordlinepaadid.ee\\\/et\\\/\",\"name\":\"NORDLINE s\u00f5udepaadid ja mootorpaadid. Klaasfiiber materjalist.\",\"description\":\"\",\"publisher\":{\"@id\":\"https:\\\/\\\/nordlinepaadid.ee\\\/et\\\/#organization\"},\"potentialAction\":[{\"@type\":\"SearchAction\",\"target\":{\"@type\":\"EntryPoint\",\"urlTemplate\":\"https:\\\/\\\/nordlinepaadid.ee\\\/et\\\/?s={search_term_string}\"},\"query-input\":{\"@type\":\"PropertyValueSpecification\",\"valueRequired\":true,\"valueName\":\"search_term_string\"}}],\"inLanguage\":\"et\"},{\"@type\":\"Organization\",\"@id\":\"https:\\\/\\\/nordlinepaadid.ee\\\/et\\\/#organization\",\"name\":\"Nordlineboats\",\"url\":\"https:\\\/\\\/nordlinepaadid.ee\\\/et\\\/\",\"logo\":{\"@type\":\"ImageObject\",\"inLanguage\":\"et\",\"@id\":\"https:\\\/\\\/nordlinepaadid.ee\\\/et\\\/#\\\/schema\\\/logo\\\/image\\\/\",\"url\":\"https:\\\/\\\/nordlinepaadid.ee\\\/wp-content\\\/uploads\\\/2023\\\/01\\\/fulllogo_transparent_nobuffer-e1672750475494.png\",\"contentUrl\":\"https:\\\/\\\/nordlinepaadid.ee\\\/wp-content\\\/uploads\\\/2023\\\/01\\\/fulllogo_transparent_nobuffer-e1672750475494.png\",\"width\":150,\"height\":119,\"caption\":\"Nordlineboats\"},\"image\":{\"@id\":\"https:\\\/\\\/nordlinepaadid.ee\\\/et\\\/#\\\/schema\\\/logo\\\/image\\\/\"},\"sameAs\":[\"https:\\\/\\\/www.facebook.com\\\/nordlineboats\",\"https:\\\/\\\/www.youtube.com\\\/channel\\\/UCbgF0fy02y3QkFnujaLTaCA\"]}]}<\/script>\n<!-- \/ Yoast SEO plugin. -->","yoast_head_json":{"title":"SUKELDUMIS\u00dcLIKOND - MARES ROVER, ILMA KAPUUTSITA, S3, 3 MM - NORDLINE s\u00f5udepaadid ja mootorpaadid. Klaasfiiber materjalist.","robots":{"index":"index","follow":"follow","max-snippet":"max-snippet:-1","max-image-preview":"max-image-preview:large","max-video-preview":"max-video-preview:-1"},"canonical":"https:\/\/nordlinepaadid.ee\/et\/pood\/sukeldumine\/sukeldumisulikond-mares-rover-ilma-kapuutsita-s3-3-mm\/","og_locale":"et_EE","og_type":"article","og_title":"SUKELDUMIS\u00dcLIKOND - MARES ROVER, ILMA KAPUUTSITA, S3, 3 MM - NORDLINE s\u00f5udepaadid ja mootorpaadid. Klaasfiiber materjalist.","og_description":"Rover Overall kapuutsita sukeldumis\u00fclikond on valmistatud mugavast, vastupidavast \u00fclivenivast neopreenist! Tootekirjeldus: 3 mm \u00f5huke, T\u00e4iuslik istuvus ja liikumisvabadus, \u00dclipikk eesmine t\u00f5mblukk kergemaks selgapanekuks ja mahav\u00f5tmiseks, Superstretch neopreen k\u00e4teosa, Pol\u00fcuretaankaitse enim kuluvatele kohtadele, T\u00f5mblukud pahkluude juures, Kahe auguga kapuuts \u00f5hu v\u00e4ljajuhtimiseks, Lai n\u00e4oava suurema mugavuse tagamiseks, Valmistatakse t\u00e4ielikult ultravenivast materjalist, Saadaval ka laste suurustes, alates -3...","og_url":"https:\/\/nordlinepaadid.ee\/et\/pood\/sukeldumine\/sukeldumisulikond-mares-rover-ilma-kapuutsita-s3-3-mm\/","og_site_name":"NORDLINE s\u00f5udepaadid ja mootorpaadid. Klaasfiiber materjalist.","article_publisher":"https:\/\/www.facebook.com\/nordlineboats","article_modified_time":"2026-04-07T00:26:49+00:00","og_image":[{"width":406,"height":699,"url":"https:\/\/nordlinepaadid.ee\/wp-content\/uploads\/2025\/03\/11046_MMRK-412380-1.jpg","type":"image\/jpeg"}],"twitter_card":"summary_large_image","schema":{"@context":"https:\/\/schema.org","@graph":[{"@type":"WebPage","@id":"https:\/\/nordlinepaadid.ee\/et\/pood\/sukeldumine\/sukeldumisulikond-mares-rover-ilma-kapuutsita-s3-3-mm\/","url":"https:\/\/nordlinepaadid.ee\/et\/pood\/sukeldumine\/sukeldumisulikond-mares-rover-ilma-kapuutsita-s3-3-mm\/","name":"SUKELDUMIS\u00dcLIKOND - MARES ROVER, ILMA KAPUUTSITA, S3, 3 MM - NORDLINE s\u00f5udepaadid ja mootorpaadid. Klaasfiiber materjalist.","isPartOf":{"@id":"https:\/\/nordlinepaadid.ee\/et\/#website"},"primaryImageOfPage":{"@id":"https:\/\/nordlinepaadid.ee\/et\/pood\/sukeldumine\/sukeldumisulikond-mares-rover-ilma-kapuutsita-s3-3-mm\/#primaryimage"},"image":{"@id":"https:\/\/nordlinepaadid.ee\/et\/pood\/sukeldumine\/sukeldumisulikond-mares-rover-ilma-kapuutsita-s3-3-mm\/#primaryimage"},"thumbnailUrl":"https:\/\/nordlinepaadid.ee\/wp-content\/uploads\/2025\/03\/11046_MMRK-412380-1.jpg","datePublished":"2026-04-07T00:26:48+00:00","dateModified":"2026-04-07T00:26:49+00:00","breadcrumb":{"@id":"https:\/\/nordlinepaadid.ee\/et\/pood\/sukeldumine\/sukeldumisulikond-mares-rover-ilma-kapuutsita-s3-3-mm\/#breadcrumb"},"inLanguage":"et","potentialAction":[{"@type":"ReadAction","target":["https:\/\/nordlinepaadid.ee\/et\/pood\/sukeldumine\/sukeldumisulikond-mares-rover-ilma-kapuutsita-s3-3-mm\/"]}]},{"@type":"ImageObject","inLanguage":"et","@id":"https:\/\/nordlinepaadid.ee\/et\/pood\/sukeldumine\/sukeldumisulikond-mares-rover-ilma-kapuutsita-s3-3-mm\/#primaryimage","url":"https:\/\/nordlinepaadid.ee\/wp-content\/uploads\/2025\/03\/11046_MMRK-412380-1.jpg","contentUrl":"https:\/\/nordlinepaadid.ee\/wp-content\/uploads\/2025\/03\/11046_MMRK-412380-1.jpg","width":406,"height":699},{"@type":"BreadcrumbList","@id":"https:\/\/nordlinepaadid.ee\/et\/pood\/sukeldumine\/sukeldumisulikond-mares-rover-ilma-kapuutsita-s3-3-mm\/#breadcrumb","itemListElement":[{"@type":"ListItem","position":1,"name":"Home","item":"https:\/\/nordlinepaadid.ee\/et\/"},{"@type":"ListItem","position":2,"name":"Pood","item":"https:\/\/nordlinepaadid.ee\/et\/pood\/"},{"@type":"ListItem","position":3,"name":"SUKELDUMIS\u00dcLIKOND &#8211; MARES ROVER, ILMA KAPUUTSITA, S3, 3 MM"}]},{"@type":"WebSite","@id":"https:\/\/nordlinepaadid.ee\/et\/#website","url":"https:\/\/nordlinepaadid.ee\/et\/","name":"NORDLINE s\u00f5udepaadid ja mootorpaadid. Klaasfiiber materjalist.","description":"","publisher":{"@id":"https:\/\/nordlinepaadid.ee\/et\/#organization"},"potentialAction":[{"@type":"SearchAction","target":{"@type":"EntryPoint","urlTemplate":"https:\/\/nordlinepaadid.ee\/et\/?s={search_term_string}"},"query-input":{"@type":"PropertyValueSpecification","valueRequired":true,"valueName":"search_term_string"}}],"inLanguage":"et"},{"@type":"Organization","@id":"https:\/\/nordlinepaadid.ee\/et\/#organization","name":"Nordlineboats","url":"https:\/\/nordlinepaadid.ee\/et\/","logo":{"@type":"ImageObject","inLanguage":"et","@id":"https:\/\/nordlinepaadid.ee\/et\/#\/schema\/logo\/image\/","url":"https:\/\/nordlinepaadid.ee\/wp-content\/uploads\/2023\/01\/fulllogo_transparent_nobuffer-e1672750475494.png","contentUrl":"https:\/\/nordlinepaadid.ee\/wp-content\/uploads\/2023\/01\/fulllogo_transparent_nobuffer-e1672750475494.png","width":150,"height":119,"caption":"Nordlineboats"},"image":{"@id":"https:\/\/nordlinepaadid.ee\/et\/#\/schema\/logo\/image\/"},"sameAs":["https:\/\/www.facebook.com\/nordlineboats","https:\/\/www.youtube.com\/channel\/UCbgF0fy02y3QkFnujaLTaCA"]}]}},"taxonomy_info":{"product_cat":[{"value":1620,"label":"SUKELDUMISVARUSTUS"}],"pa_color":[{"value":684,"label":"Must"}]},"featured_image_src_large":["https:\/\/nordlinepaadid.ee\/wp-content\/uploads\/2025\/03\/11046_MMRK-412380-1.jpg",406,699,false],"author_info":[],"comment_info":"","_links":{"self":[{"href":"https:\/\/nordlinepaadid.ee\/et\/wp-json\/wp\/v2\/product\/46986","targetHints":{"allow":["GET"]}}],"collection":[{"href":"https:\/\/nordlinepaadid.ee\/et\/wp-json\/wp\/v2\/product"}],"about":[{"href":"https:\/\/nordlinepaadid.ee\/et\/wp-json\/wp\/v2\/types\/product"}],"wp:featuredmedia":[{"embeddable":true,"href":"https:\/\/nordlinepaadid.ee\/et\/wp-json\/wp\/v2\/media\/49052"}],"wp:attachment":[{"href":"https:\/\/nordlinepaadid.ee\/et\/wp-json\/wp\/v2\/media?parent=46986"}],"wp:term":[{"taxonomy":"product_brand","embeddable":true,"href":"https:\/\/nordlinepaadid.ee\/et\/wp-json\/wp\/v2\/product_brand?post=46986"},{"taxonomy":"product_cat","embeddable":true,"href":"https:\/\/nordlinepaadid.ee\/et\/wp-json\/wp\/v2\/product_cat?post=46986"},{"taxonomy":"product_tag","embeddable":true,"href":"https:\/\/nordlinepaadid.ee\/et\/wp-json\/wp\/v2\/product_tag?post=46986"}],"curies":[{"name":"wp","href":"https:\/\/api.w.org\/{rel}","templated":true}]}}