{"id":47005,"date":"2026-04-14T03:26:26","date_gmt":"2026-04-14T00:26:26","guid":{"rendered":"https:\/\/nordlinepaadid.ee\/toode\/maaratlemata\/elektrooniline-merekaart-navionics-baltic-sea-sd-msd-2024\/"},"modified":"2026-04-14T03:26:26","modified_gmt":"2026-04-14T00:26:26","slug":"elektrooniline-merekaart-navionics-baltic-sea-sd-msd-2024","status":"publish","type":"product","link":"https:\/\/nordlinepaadid.ee\/et\/pood\/raamatud-merekaardid-kataloogid-kinkekaardid\/elektroonilised-merekaardid\/elektrooniline-merekaart-navionics-baltic-sea-sd-msd-2024\/","title":{"rendered":"ELEKTROONILINE MEREKAART &#8211; NAVIONICS+ BALTIC SEA SD\/mSD \/2024"},"content":{"rendered":"<p style=\"text-align:justify\">Elektrooniline merekaart Navionics 2024. SD-formaat. Balti meri, Botnia laht, Soome laht, Peipsi j\u00e4rv, Rootsi rannik ja j\u00e4rved, L\u00f5una-Norra kuni Flekkefjordini, Soome j\u00e4rved- Inarijarvi, Porttipahdan Tekojarvi, Lokan Tekojarvi, Miekojarvi, Emijarvi,Vahonselka, Mourujarvi, Yli Kitka, Kiantajarvi, Vuokkijarvi, Oulujarvi, Nuasjarvi, Ontojarvi, Lentua, Pielinen, Koitere, Hoytiainen, Viinijarvi, Pyhaselka, Orivesi, Puruvesi, Pihlajavesi, Haukivesi, Kallavesi, Suvasvesi, Juojarvi, Puula, Kyyvesi, Onkivesi, Pyhajarvi Sortavalas, Saimaa, Puruvesi, Pihlajavesi, Peilavesi, Nilakka, Pyhajarvi Iisalmis, Konnevesi, Kolima, Kivijarvi, Keitele, Paijanne, Vuohijarvi, Langelmavesi, Vanajavesi, Lappajarvi, Pyhajarvi Raumas, Lohjanjarvi-Vihti.<\/p>\n<p>&#13;<\/p>\n<p><iframe loading=\"lazy\" allowfullscreen=\"\" frameborder=\"0\" height=\"360\" src=\"\/\/www.youtube.com\/embed\/x4eBbAVoqUs\" width=\"640\"><\/iframe><\/p>\n<p>&#13;<\/p>\n","protected":false},"excerpt":{"rendered":"<p>Elektrooniline merekaart Navionics 2024. SD-formaat. Balti meri, Botnia laht, Soome laht, Peipsi j\u00e4rv, Rootsi rannik ja j\u00e4rved, L\u00f5una-Norra kuni Flekkefjordini, Soome j\u00e4rved- Inarijarvi, Porttipahdan Tekojarvi, Lokan Tekojarvi, Miekojarvi, Emijarvi,Vahonselka, Mourujarvi, Yli Kitka, Kiantajarvi, Vuokkijarvi, Oulujarvi, Nuasjarvi, Ontojarvi, Lentua, Pielinen, Koitere, Hoytiainen, Viinijarvi, Pyhaselka, Orivesi, Puruvesi, Pihlajavesi, Haukivesi, Kallavesi, Suvasvesi, Juojarvi, Puula, Kyyvesi, Onkivesi, Pyhajarvi Sortavalas,&#8230;<\/p>\n","protected":false},"featured_media":49156,"template":"","meta":{"_kad_blocks_custom_css":"","_kad_blocks_head_custom_js":"","_kad_blocks_body_custom_js":"","_kad_blocks_footer_custom_js":"","_kad_post_transparent":"","_kad_post_title":"","_kad_post_layout":"","_kad_post_sidebar_id":"","_kad_post_content_style":"","_kad_post_vertical_padding":"","_kad_post_feature":"","_kad_post_feature_position":"","_kad_post_header":false,"_kad_post_footer":false,"_kad_post_classname":""},"product_brand":[],"product_cat":[350,228],"product_tag":[],"class_list":{"0":"post-47005","1":"product","2":"type-product","3":"status-publish","4":"has-post-thumbnail","6":"product_cat-elektroonilised-merekaardid","7":"product_cat-raamatud-merekaardid-kataloogid-kinkekaardid","8":"pa_unit-pcs","9":"tm-no-options","11":"first","12":"onbackorder","13":"taxable","14":"shipping-taxable","15":"purchasable","16":"product-type-simple","17":"entry","18":"content-bg","19":"loop-entry"},"yoast_head":"<!-- This site is optimized with the Yoast SEO plugin v27.3 - https:\/\/yoast.com\/product\/yoast-seo-wordpress\/ -->\n<title>ELEKTROONILINE MEREKAART - NAVIONICS+ BALTIC SEA SD\/mSD \/2024 - NORDLINE s\u00f5udepaadid ja mootorpaadid. Klaasfiiber materjalist.<\/title>\n<meta name=\"robots\" content=\"index, follow, max-snippet:-1, max-image-preview:large, max-video-preview:-1\" \/>\n<link rel=\"canonical\" href=\"https:\/\/nordlinepaadid.ee\/et\/pood\/raamatud-merekaardid-kataloogid-kinkekaardid\/elektroonilised-merekaardid\/elektrooniline-merekaart-navionics-baltic-sea-sd-msd-2024\/\" \/>\n<meta property=\"og:locale\" content=\"et_EE\" \/>\n<meta property=\"og:type\" content=\"article\" \/>\n<meta property=\"og:title\" content=\"ELEKTROONILINE MEREKAART - NAVIONICS+ BALTIC SEA SD\/mSD \/2024 - NORDLINE s\u00f5udepaadid ja mootorpaadid. Klaasfiiber materjalist.\" \/>\n<meta property=\"og:description\" content=\"Elektrooniline merekaart Navionics 2024. SD-formaat. Balti meri, Botnia laht, Soome laht, Peipsi j\u00e4rv, Rootsi rannik ja j\u00e4rved, L\u00f5una-Norra kuni Flekkefjordini, Soome j\u00e4rved- Inarijarvi, Porttipahdan Tekojarvi, Lokan Tekojarvi, Miekojarvi, Emijarvi,Vahonselka, Mourujarvi, Yli Kitka, Kiantajarvi, Vuokkijarvi, Oulujarvi, Nuasjarvi, Ontojarvi, Lentua, Pielinen, Koitere, Hoytiainen, Viinijarvi, Pyhaselka, Orivesi, Puruvesi, Pihlajavesi, Haukivesi, Kallavesi, Suvasvesi, Juojarvi, Puula, Kyyvesi, Onkivesi, Pyhajarvi Sortavalas,...\" \/>\n<meta property=\"og:url\" content=\"https:\/\/nordlinepaadid.ee\/et\/pood\/raamatud-merekaardid-kataloogid-kinkekaardid\/elektroonilised-merekaardid\/elektrooniline-merekaart-navionics-baltic-sea-sd-msd-2024\/\" \/>\n<meta property=\"og:site_name\" content=\"NORDLINE s\u00f5udepaadid ja mootorpaadid. Klaasfiiber materjalist.\" \/>\n<meta property=\"article:publisher\" content=\"https:\/\/www.facebook.com\/nordlineboats\" \/>\n<meta property=\"og:image\" content=\"https:\/\/nordlinepaadid.ee\/wp-content\/uploads\/2025\/03\/11081_NAV-NAEU644L-1.jpg\" \/>\n\t<meta property=\"og:image:width\" content=\"1000\" \/>\n\t<meta property=\"og:image:height\" content=\"1000\" \/>\n\t<meta property=\"og:image:type\" content=\"image\/jpeg\" \/>\n<meta name=\"twitter:card\" content=\"summary_large_image\" \/>\n<script type=\"application\/ld+json\" class=\"yoast-schema-graph\">{\"@context\":\"https:\\\/\\\/schema.org\",\"@graph\":[{\"@type\":\"WebPage\",\"@id\":\"https:\\\/\\\/nordlinepaadid.ee\\\/et\\\/pood\\\/raamatud-merekaardid-kataloogid-kinkekaardid\\\/elektroonilised-merekaardid\\\/elektrooniline-merekaart-navionics-baltic-sea-sd-msd-2024\\\/\",\"url\":\"https:\\\/\\\/nordlinepaadid.ee\\\/et\\\/pood\\\/raamatud-merekaardid-kataloogid-kinkekaardid\\\/elektroonilised-merekaardid\\\/elektrooniline-merekaart-navionics-baltic-sea-sd-msd-2024\\\/\",\"name\":\"ELEKTROONILINE MEREKAART - NAVIONICS+ BALTIC SEA SD\\\/mSD \\\/2024 - NORDLINE s\u00f5udepaadid ja mootorpaadid. Klaasfiiber materjalist.\",\"isPartOf\":{\"@id\":\"https:\\\/\\\/nordlinepaadid.ee\\\/et\\\/#website\"},\"primaryImageOfPage\":{\"@id\":\"https:\\\/\\\/nordlinepaadid.ee\\\/et\\\/pood\\\/raamatud-merekaardid-kataloogid-kinkekaardid\\\/elektroonilised-merekaardid\\\/elektrooniline-merekaart-navionics-baltic-sea-sd-msd-2024\\\/#primaryimage\"},\"image\":{\"@id\":\"https:\\\/\\\/nordlinepaadid.ee\\\/et\\\/pood\\\/raamatud-merekaardid-kataloogid-kinkekaardid\\\/elektroonilised-merekaardid\\\/elektrooniline-merekaart-navionics-baltic-sea-sd-msd-2024\\\/#primaryimage\"},\"thumbnailUrl\":\"https:\\\/\\\/nordlinepaadid.ee\\\/wp-content\\\/uploads\\\/2025\\\/03\\\/11081_NAV-NAEU644L-1.jpg\",\"datePublished\":\"2026-04-14T00:26:26+00:00\",\"breadcrumb\":{\"@id\":\"https:\\\/\\\/nordlinepaadid.ee\\\/et\\\/pood\\\/raamatud-merekaardid-kataloogid-kinkekaardid\\\/elektroonilised-merekaardid\\\/elektrooniline-merekaart-navionics-baltic-sea-sd-msd-2024\\\/#breadcrumb\"},\"inLanguage\":\"et\",\"potentialAction\":[{\"@type\":\"ReadAction\",\"target\":[\"https:\\\/\\\/nordlinepaadid.ee\\\/et\\\/pood\\\/raamatud-merekaardid-kataloogid-kinkekaardid\\\/elektroonilised-merekaardid\\\/elektrooniline-merekaart-navionics-baltic-sea-sd-msd-2024\\\/\"]}]},{\"@type\":\"ImageObject\",\"inLanguage\":\"et\",\"@id\":\"https:\\\/\\\/nordlinepaadid.ee\\\/et\\\/pood\\\/raamatud-merekaardid-kataloogid-kinkekaardid\\\/elektroonilised-merekaardid\\\/elektrooniline-merekaart-navionics-baltic-sea-sd-msd-2024\\\/#primaryimage\",\"url\":\"https:\\\/\\\/nordlinepaadid.ee\\\/wp-content\\\/uploads\\\/2025\\\/03\\\/11081_NAV-NAEU644L-1.jpg\",\"contentUrl\":\"https:\\\/\\\/nordlinepaadid.ee\\\/wp-content\\\/uploads\\\/2025\\\/03\\\/11081_NAV-NAEU644L-1.jpg\",\"width\":1000,\"height\":1000},{\"@type\":\"BreadcrumbList\",\"@id\":\"https:\\\/\\\/nordlinepaadid.ee\\\/et\\\/pood\\\/raamatud-merekaardid-kataloogid-kinkekaardid\\\/elektroonilised-merekaardid\\\/elektrooniline-merekaart-navionics-baltic-sea-sd-msd-2024\\\/#breadcrumb\",\"itemListElement\":[{\"@type\":\"ListItem\",\"position\":1,\"name\":\"Home\",\"item\":\"https:\\\/\\\/nordlinepaadid.ee\\\/et\\\/\"},{\"@type\":\"ListItem\",\"position\":2,\"name\":\"Pood\",\"item\":\"https:\\\/\\\/nordlinepaadid.ee\\\/et\\\/pood\\\/\"},{\"@type\":\"ListItem\",\"position\":3,\"name\":\"ELEKTROONILINE MEREKAART &#8211; NAVIONICS+ BALTIC SEA SD\\\/mSD \\\/2024\"}]},{\"@type\":\"WebSite\",\"@id\":\"https:\\\/\\\/nordlinepaadid.ee\\\/et\\\/#website\",\"url\":\"https:\\\/\\\/nordlinepaadid.ee\\\/et\\\/\",\"name\":\"NORDLINE s\u00f5udepaadid ja mootorpaadid. Klaasfiiber materjalist.\",\"description\":\"\",\"publisher\":{\"@id\":\"https:\\\/\\\/nordlinepaadid.ee\\\/et\\\/#organization\"},\"potentialAction\":[{\"@type\":\"SearchAction\",\"target\":{\"@type\":\"EntryPoint\",\"urlTemplate\":\"https:\\\/\\\/nordlinepaadid.ee\\\/et\\\/?s={search_term_string}\"},\"query-input\":{\"@type\":\"PropertyValueSpecification\",\"valueRequired\":true,\"valueName\":\"search_term_string\"}}],\"inLanguage\":\"et\"},{\"@type\":\"Organization\",\"@id\":\"https:\\\/\\\/nordlinepaadid.ee\\\/et\\\/#organization\",\"name\":\"Nordlineboats\",\"url\":\"https:\\\/\\\/nordlinepaadid.ee\\\/et\\\/\",\"logo\":{\"@type\":\"ImageObject\",\"inLanguage\":\"et\",\"@id\":\"https:\\\/\\\/nordlinepaadid.ee\\\/et\\\/#\\\/schema\\\/logo\\\/image\\\/\",\"url\":\"https:\\\/\\\/nordlinepaadid.ee\\\/wp-content\\\/uploads\\\/2023\\\/01\\\/fulllogo_transparent_nobuffer-e1672750475494.png\",\"contentUrl\":\"https:\\\/\\\/nordlinepaadid.ee\\\/wp-content\\\/uploads\\\/2023\\\/01\\\/fulllogo_transparent_nobuffer-e1672750475494.png\",\"width\":150,\"height\":119,\"caption\":\"Nordlineboats\"},\"image\":{\"@id\":\"https:\\\/\\\/nordlinepaadid.ee\\\/et\\\/#\\\/schema\\\/logo\\\/image\\\/\"},\"sameAs\":[\"https:\\\/\\\/www.facebook.com\\\/nordlineboats\",\"https:\\\/\\\/www.youtube.com\\\/channel\\\/UCbgF0fy02y3QkFnujaLTaCA\"]}]}<\/script>\n<!-- \/ Yoast SEO plugin. -->","yoast_head_json":{"title":"ELEKTROONILINE MEREKAART - NAVIONICS+ BALTIC SEA SD\/mSD \/2024 - NORDLINE s\u00f5udepaadid ja mootorpaadid. Klaasfiiber materjalist.","robots":{"index":"index","follow":"follow","max-snippet":"max-snippet:-1","max-image-preview":"max-image-preview:large","max-video-preview":"max-video-preview:-1"},"canonical":"https:\/\/nordlinepaadid.ee\/et\/pood\/raamatud-merekaardid-kataloogid-kinkekaardid\/elektroonilised-merekaardid\/elektrooniline-merekaart-navionics-baltic-sea-sd-msd-2024\/","og_locale":"et_EE","og_type":"article","og_title":"ELEKTROONILINE MEREKAART - NAVIONICS+ BALTIC SEA SD\/mSD \/2024 - NORDLINE s\u00f5udepaadid ja mootorpaadid. Klaasfiiber materjalist.","og_description":"Elektrooniline merekaart Navionics 2024. SD-formaat. Balti meri, Botnia laht, Soome laht, Peipsi j\u00e4rv, Rootsi rannik ja j\u00e4rved, L\u00f5una-Norra kuni Flekkefjordini, Soome j\u00e4rved- Inarijarvi, Porttipahdan Tekojarvi, Lokan Tekojarvi, Miekojarvi, Emijarvi,Vahonselka, Mourujarvi, Yli Kitka, Kiantajarvi, Vuokkijarvi, Oulujarvi, Nuasjarvi, Ontojarvi, Lentua, Pielinen, Koitere, Hoytiainen, Viinijarvi, Pyhaselka, Orivesi, Puruvesi, Pihlajavesi, Haukivesi, Kallavesi, Suvasvesi, Juojarvi, Puula, Kyyvesi, Onkivesi, Pyhajarvi Sortavalas,...","og_url":"https:\/\/nordlinepaadid.ee\/et\/pood\/raamatud-merekaardid-kataloogid-kinkekaardid\/elektroonilised-merekaardid\/elektrooniline-merekaart-navionics-baltic-sea-sd-msd-2024\/","og_site_name":"NORDLINE s\u00f5udepaadid ja mootorpaadid. Klaasfiiber materjalist.","article_publisher":"https:\/\/www.facebook.com\/nordlineboats","og_image":[{"width":1000,"height":1000,"url":"https:\/\/nordlinepaadid.ee\/wp-content\/uploads\/2025\/03\/11081_NAV-NAEU644L-1.jpg","type":"image\/jpeg"}],"twitter_card":"summary_large_image","schema":{"@context":"https:\/\/schema.org","@graph":[{"@type":"WebPage","@id":"https:\/\/nordlinepaadid.ee\/et\/pood\/raamatud-merekaardid-kataloogid-kinkekaardid\/elektroonilised-merekaardid\/elektrooniline-merekaart-navionics-baltic-sea-sd-msd-2024\/","url":"https:\/\/nordlinepaadid.ee\/et\/pood\/raamatud-merekaardid-kataloogid-kinkekaardid\/elektroonilised-merekaardid\/elektrooniline-merekaart-navionics-baltic-sea-sd-msd-2024\/","name":"ELEKTROONILINE MEREKAART - NAVIONICS+ BALTIC SEA SD\/mSD \/2024 - NORDLINE s\u00f5udepaadid ja mootorpaadid. Klaasfiiber materjalist.","isPartOf":{"@id":"https:\/\/nordlinepaadid.ee\/et\/#website"},"primaryImageOfPage":{"@id":"https:\/\/nordlinepaadid.ee\/et\/pood\/raamatud-merekaardid-kataloogid-kinkekaardid\/elektroonilised-merekaardid\/elektrooniline-merekaart-navionics-baltic-sea-sd-msd-2024\/#primaryimage"},"image":{"@id":"https:\/\/nordlinepaadid.ee\/et\/pood\/raamatud-merekaardid-kataloogid-kinkekaardid\/elektroonilised-merekaardid\/elektrooniline-merekaart-navionics-baltic-sea-sd-msd-2024\/#primaryimage"},"thumbnailUrl":"https:\/\/nordlinepaadid.ee\/wp-content\/uploads\/2025\/03\/11081_NAV-NAEU644L-1.jpg","datePublished":"2026-04-14T00:26:26+00:00","breadcrumb":{"@id":"https:\/\/nordlinepaadid.ee\/et\/pood\/raamatud-merekaardid-kataloogid-kinkekaardid\/elektroonilised-merekaardid\/elektrooniline-merekaart-navionics-baltic-sea-sd-msd-2024\/#breadcrumb"},"inLanguage":"et","potentialAction":[{"@type":"ReadAction","target":["https:\/\/nordlinepaadid.ee\/et\/pood\/raamatud-merekaardid-kataloogid-kinkekaardid\/elektroonilised-merekaardid\/elektrooniline-merekaart-navionics-baltic-sea-sd-msd-2024\/"]}]},{"@type":"ImageObject","inLanguage":"et","@id":"https:\/\/nordlinepaadid.ee\/et\/pood\/raamatud-merekaardid-kataloogid-kinkekaardid\/elektroonilised-merekaardid\/elektrooniline-merekaart-navionics-baltic-sea-sd-msd-2024\/#primaryimage","url":"https:\/\/nordlinepaadid.ee\/wp-content\/uploads\/2025\/03\/11081_NAV-NAEU644L-1.jpg","contentUrl":"https:\/\/nordlinepaadid.ee\/wp-content\/uploads\/2025\/03\/11081_NAV-NAEU644L-1.jpg","width":1000,"height":1000},{"@type":"BreadcrumbList","@id":"https:\/\/nordlinepaadid.ee\/et\/pood\/raamatud-merekaardid-kataloogid-kinkekaardid\/elektroonilised-merekaardid\/elektrooniline-merekaart-navionics-baltic-sea-sd-msd-2024\/#breadcrumb","itemListElement":[{"@type":"ListItem","position":1,"name":"Home","item":"https:\/\/nordlinepaadid.ee\/et\/"},{"@type":"ListItem","position":2,"name":"Pood","item":"https:\/\/nordlinepaadid.ee\/et\/pood\/"},{"@type":"ListItem","position":3,"name":"ELEKTROONILINE MEREKAART &#8211; NAVIONICS+ BALTIC SEA SD\/mSD \/2024"}]},{"@type":"WebSite","@id":"https:\/\/nordlinepaadid.ee\/et\/#website","url":"https:\/\/nordlinepaadid.ee\/et\/","name":"NORDLINE s\u00f5udepaadid ja mootorpaadid. Klaasfiiber materjalist.","description":"","publisher":{"@id":"https:\/\/nordlinepaadid.ee\/et\/#organization"},"potentialAction":[{"@type":"SearchAction","target":{"@type":"EntryPoint","urlTemplate":"https:\/\/nordlinepaadid.ee\/et\/?s={search_term_string}"},"query-input":{"@type":"PropertyValueSpecification","valueRequired":true,"valueName":"search_term_string"}}],"inLanguage":"et"},{"@type":"Organization","@id":"https:\/\/nordlinepaadid.ee\/et\/#organization","name":"Nordlineboats","url":"https:\/\/nordlinepaadid.ee\/et\/","logo":{"@type":"ImageObject","inLanguage":"et","@id":"https:\/\/nordlinepaadid.ee\/et\/#\/schema\/logo\/image\/","url":"https:\/\/nordlinepaadid.ee\/wp-content\/uploads\/2023\/01\/fulllogo_transparent_nobuffer-e1672750475494.png","contentUrl":"https:\/\/nordlinepaadid.ee\/wp-content\/uploads\/2023\/01\/fulllogo_transparent_nobuffer-e1672750475494.png","width":150,"height":119,"caption":"Nordlineboats"},"image":{"@id":"https:\/\/nordlinepaadid.ee\/et\/#\/schema\/logo\/image\/"},"sameAs":["https:\/\/www.facebook.com\/nordlineboats","https:\/\/www.youtube.com\/channel\/UCbgF0fy02y3QkFnujaLTaCA"]}]}},"taxonomy_info":{"product_cat":[{"value":350,"label":"Elektroonilised merekaardid"},{"value":228,"label":"RAAMATUD, MEREKAARDID, KATALOOGID, KINKEKAARDID"}],"pa_unit":[{"value":416,"label":"pcs"}]},"featured_image_src_large":["https:\/\/nordlinepaadid.ee\/wp-content\/uploads\/2025\/03\/11081_NAV-NAEU644L-1.jpg",1000,1000,false],"author_info":[],"comment_info":"","_links":{"self":[{"href":"https:\/\/nordlinepaadid.ee\/et\/wp-json\/wp\/v2\/product\/47005","targetHints":{"allow":["GET"]}}],"collection":[{"href":"https:\/\/nordlinepaadid.ee\/et\/wp-json\/wp\/v2\/product"}],"about":[{"href":"https:\/\/nordlinepaadid.ee\/et\/wp-json\/wp\/v2\/types\/product"}],"wp:featuredmedia":[{"embeddable":true,"href":"https:\/\/nordlinepaadid.ee\/et\/wp-json\/wp\/v2\/media\/49156"}],"wp:attachment":[{"href":"https:\/\/nordlinepaadid.ee\/et\/wp-json\/wp\/v2\/media?parent=47005"}],"wp:term":[{"taxonomy":"product_brand","embeddable":true,"href":"https:\/\/nordlinepaadid.ee\/et\/wp-json\/wp\/v2\/product_brand?post=47005"},{"taxonomy":"product_cat","embeddable":true,"href":"https:\/\/nordlinepaadid.ee\/et\/wp-json\/wp\/v2\/product_cat?post=47005"},{"taxonomy":"product_tag","embeddable":true,"href":"https:\/\/nordlinepaadid.ee\/et\/wp-json\/wp\/v2\/product_tag?post=47005"}],"curies":[{"name":"wp","href":"https:\/\/api.w.org\/{rel}","templated":true}]}}