{"id":47039,"date":"2026-04-07T03:27:00","date_gmt":"2026-04-07T00:27:00","guid":{"rendered":"https:\/\/nordlinepaadid.ee\/toode\/maaratlemata\/kajak-discovery-430t\/"},"modified":"2026-04-07T03:27:00","modified_gmt":"2026-04-07T00:27:00","slug":"kajak-discovery-430t","status":"publish","type":"product","link":"https:\/\/nordlinepaadid.ee\/et\/pood\/veespordivahendid\/kajak-discovery-430t\/","title":{"rendered":"KAJAK &#8211; DISCOVERY 430T"},"content":{"rendered":"<p style=\"text-align:justify\">Discovery on valmistatud k\u00f5rgtehnoloogilisest kolmekihilisest HDPE pol\u00fcet\u00fcleenist. Seda t\u00fc\u00fcpi plastikus \u00fchildub j\u00e4ikus, kaal ja vastupidavus. Discoveryga on veele minek lihtne, sest sellel kajakil on olemas k\u00f5ik, mis vaja! Selle mudeliga on lihtne man\u00f6\u00f6verdada ja t\u00e4nu sirgjoonelisele kerele on kayakil ka v\u00e4ga hea kursihoidmisv\u00f5ime. Sobib nii pikaks kui l\u00fchikeseks matkaks, kalastuseks, jahiks, fotograafiaga tegelemiseks, surfamiseks ja lainetes s\u00f5itmiseks. Kokpiti esiosas asuv v\u00e4ike panipaik on mugav ja turvaline, et hoiustada seal telefoni, fotokaamerat v\u00f5i muid v\u00e4iksemaid esemeid, mis peavad olema h\u00f5lpsasti k\u00e4ttesaadavad.<\/p>\n<p>&#13;<br \/>\n&#13;<\/p>\n<p style=\"text-align:justify\">Omadused: Reguleeritavad reietoed, Power Pedals PRO XI9, Ridvahoidja, Ergonoomiline iste, T\u00fc\u00fcr.<\/p>\n<p>&#13;<br \/>\n&#13;<\/p>\n<p style=\"text-align:justify\">V\u00e4rvid: kollane, punane, laimiroheline. Tehasegarantii 10 aastat!<\/p>\n<p>&#13;<br \/>\n&#13;<\/p>\n<p style=\"text-align:justify\">&nbsp;<\/p>\n<p>&#13;<br \/>\n&#13;<\/p>\n<p style=\"text-align:justify\"><strong>Tehnilised omadused:<\/strong><\/p>\n<p>&#13;<br \/>\n&#13;<\/p>\n<ul>&#13;<\/p>\n<li style=\"text-align:justify\">Pikkus: 430 cm<\/li>\n<p>&#13;<\/p>\n<li style=\"text-align:justify\">Laius: 63 cm<\/li>\n<p>&#13;<\/p>\n<li style=\"text-align:justify\">S\u00fcgavus: 35 cm<\/li>\n<p>&#13;<\/p>\n<li style=\"text-align:justify\">Kokpit: 82.5 \u00d7 42.5 cm<\/li>\n<p>&#13;<\/p>\n<li style=\"text-align:justify\">Mahutavus: 293 L<\/li>\n<p>&#13;<\/p>\n<li style=\"text-align:justify\">Kaal: 22 kg<\/li>\n<p>&#13;<\/p>\n<li style=\"text-align:justify\">Kiirus: 8<\/li>\n<p>&#13;<\/p>\n<li style=\"text-align:justify\">Algne stabiilsus: 9<\/li>\n<p>&#13;<\/p>\n<li style=\"text-align:justify\">Sekundaarne stabiilsus: 10<\/li>\n<p>&#13;<\/p>\n<li style=\"text-align:justify\">Stabiilsus lainetes: 9<\/li>\n<p>&#13;<\/p>\n<li style=\"text-align:justify\">Kursihoidmisv\u00f5ime: 9<\/li>\n<p>&#13;<\/p>\n<li style=\"text-align:justify\">Juhitavus: 9<\/li>\n<p>&#13;<\/p>\n<li style=\"text-align:justify\">Pagasiruumi mahutavus: 7<\/li>\n<p>&#13;<\/p>\n<li style=\"text-align:justify\">Aerutaja kaal: 55-110 kg<\/li>\n<p>&#13;<\/p>\n<li style=\"text-align:justify\">Kandev\u00f5ime: 140 kg<\/li>\n<p>&#13;<\/p>\n<li style=\"text-align:justify\">Pagasiruumi esiosa: \u00dcmmargune luuk 25 cm; Keermega p\u00e4evaluuk: 15 cm<\/li>\n<p>&#13;<\/p>\n<li style=\"text-align:justify\">Pagasiruumi tagaosa: Ovaalne luuk 32,5 cm<\/li>\n<p>&#13;\n<\/ul>\n<p>&#13;<br \/>\n&#13;<\/p>\n<p style=\"text-align:justify\">&nbsp;<\/p>\n<p>&#13;<br \/>\n&#13;<\/p>\n<h2 style=\"text-align:justify\"><span style=\"color:#A52A2A\"><span style=\"font-size:18px\"><strong>TRANSPORT \u00dcLE EESTI, K\u00dcSI HINNAPAKKUMIST!<\/strong><\/span><\/span><\/h2>\n<p>&#13;<\/p>\n<p><iframe loading=\"lazy\" allowfullscreen=\"\" frameborder=\"0\" height=\"360\" src=\"\/\/www.youtube.com\/embed\/bopCUpVAmb4\" width=\"640\"><\/iframe><\/p>\n<p>&#13;<\/p>\n","protected":false},"excerpt":{"rendered":"<p>Discovery on valmistatud k\u00f5rgtehnoloogilisest kolmekihilisest HDPE pol\u00fcet\u00fcleenist. Seda t\u00fc\u00fcpi plastikus \u00fchildub j\u00e4ikus, kaal ja vastupidavus. Discoveryga on veele minek lihtne, sest sellel kajakil on olemas k\u00f5ik, mis vaja! Selle mudeliga on lihtne man\u00f6\u00f6verdada ja t\u00e4nu sirgjoonelisele kerele on kayakil ka v\u00e4ga hea kursihoidmisv\u00f5ime. Sobib nii pikaks kui l\u00fchikeseks matkaks, kalastuseks, jahiks, fotograafiaga tegelemiseks, surfamiseks ja&#8230;<\/p>\n","protected":false},"featured_media":49260,"template":"","meta":{"_kad_blocks_custom_css":"","_kad_blocks_head_custom_js":"","_kad_blocks_body_custom_js":"","_kad_blocks_footer_custom_js":"","_kad_post_transparent":"","_kad_post_title":"","_kad_post_layout":"","_kad_post_sidebar_id":"","_kad_post_content_style":"","_kad_post_vertical_padding":"","_kad_post_feature":"","_kad_post_feature_position":"","_kad_post_header":false,"_kad_post_footer":false,"_kad_post_classname":""},"product_brand":[],"product_cat":[262],"product_tag":[],"class_list":{"0":"post-47039","1":"product","2":"type-product","3":"status-publish","4":"has-post-thumbnail","6":"product_cat-veespordivahendid","7":"pa_color-kollane-punane-laimiroheline","8":"pa_unit-pcs","9":"tm-no-options","11":"first","12":"onbackorder","13":"taxable","14":"shipping-taxable","15":"purchasable","16":"product-type-simple","17":"entry","18":"content-bg","19":"loop-entry"},"yoast_head":"<!-- This site is optimized with the Yoast SEO plugin v27.3 - https:\/\/yoast.com\/product\/yoast-seo-wordpress\/ -->\n<title>KAJAK - DISCOVERY 430T - NORDLINE s\u00f5udepaadid ja mootorpaadid. Klaasfiiber materjalist.<\/title>\n<meta name=\"robots\" content=\"index, follow, max-snippet:-1, max-image-preview:large, max-video-preview:-1\" \/>\n<link rel=\"canonical\" href=\"https:\/\/nordlinepaadid.ee\/et\/pood\/veespordivahendid\/kajak-discovery-430t\/\" \/>\n<meta property=\"og:locale\" content=\"et_EE\" \/>\n<meta property=\"og:type\" content=\"article\" \/>\n<meta property=\"og:title\" content=\"KAJAK - DISCOVERY 430T - NORDLINE s\u00f5udepaadid ja mootorpaadid. Klaasfiiber materjalist.\" \/>\n<meta property=\"og:description\" content=\"Discovery on valmistatud k\u00f5rgtehnoloogilisest kolmekihilisest HDPE pol\u00fcet\u00fcleenist. Seda t\u00fc\u00fcpi plastikus \u00fchildub j\u00e4ikus, kaal ja vastupidavus. Discoveryga on veele minek lihtne, sest sellel kajakil on olemas k\u00f5ik, mis vaja! Selle mudeliga on lihtne man\u00f6\u00f6verdada ja t\u00e4nu sirgjoonelisele kerele on kayakil ka v\u00e4ga hea kursihoidmisv\u00f5ime. Sobib nii pikaks kui l\u00fchikeseks matkaks, kalastuseks, jahiks, fotograafiaga tegelemiseks, surfamiseks ja...\" \/>\n<meta property=\"og:url\" content=\"https:\/\/nordlinepaadid.ee\/et\/pood\/veespordivahendid\/kajak-discovery-430t\/\" \/>\n<meta property=\"og:site_name\" content=\"NORDLINE s\u00f5udepaadid ja mootorpaadid. Klaasfiiber materjalist.\" \/>\n<meta property=\"article:publisher\" content=\"https:\/\/www.facebook.com\/nordlineboats\" \/>\n<meta property=\"og:image\" content=\"https:\/\/nordlinepaadid.ee\/wp-content\/uploads\/2025\/03\/11201_SB-DISCOVERY430T-1.jpg\" \/>\n\t<meta property=\"og:image:width\" content=\"560\" \/>\n\t<meta property=\"og:image:height\" content=\"159\" \/>\n\t<meta property=\"og:image:type\" content=\"image\/jpeg\" \/>\n<meta name=\"twitter:card\" content=\"summary_large_image\" \/>\n<meta name=\"twitter:label1\" content=\"Est. reading time\" \/>\n\t<meta name=\"twitter:data1\" content=\"1 minut\" \/>\n<script type=\"application\/ld+json\" class=\"yoast-schema-graph\">{\"@context\":\"https:\\\/\\\/schema.org\",\"@graph\":[{\"@type\":\"WebPage\",\"@id\":\"https:\\\/\\\/nordlinepaadid.ee\\\/et\\\/pood\\\/veespordivahendid\\\/kajak-discovery-430t\\\/\",\"url\":\"https:\\\/\\\/nordlinepaadid.ee\\\/et\\\/pood\\\/veespordivahendid\\\/kajak-discovery-430t\\\/\",\"name\":\"KAJAK - DISCOVERY 430T - NORDLINE s\u00f5udepaadid ja mootorpaadid. Klaasfiiber materjalist.\",\"isPartOf\":{\"@id\":\"https:\\\/\\\/nordlinepaadid.ee\\\/et\\\/#website\"},\"primaryImageOfPage\":{\"@id\":\"https:\\\/\\\/nordlinepaadid.ee\\\/et\\\/pood\\\/veespordivahendid\\\/kajak-discovery-430t\\\/#primaryimage\"},\"image\":{\"@id\":\"https:\\\/\\\/nordlinepaadid.ee\\\/et\\\/pood\\\/veespordivahendid\\\/kajak-discovery-430t\\\/#primaryimage\"},\"thumbnailUrl\":\"https:\\\/\\\/nordlinepaadid.ee\\\/wp-content\\\/uploads\\\/2025\\\/03\\\/11201_SB-DISCOVERY430T-1.jpg\",\"datePublished\":\"2026-04-07T00:27:00+00:00\",\"breadcrumb\":{\"@id\":\"https:\\\/\\\/nordlinepaadid.ee\\\/et\\\/pood\\\/veespordivahendid\\\/kajak-discovery-430t\\\/#breadcrumb\"},\"inLanguage\":\"et\",\"potentialAction\":[{\"@type\":\"ReadAction\",\"target\":[\"https:\\\/\\\/nordlinepaadid.ee\\\/et\\\/pood\\\/veespordivahendid\\\/kajak-discovery-430t\\\/\"]}]},{\"@type\":\"ImageObject\",\"inLanguage\":\"et\",\"@id\":\"https:\\\/\\\/nordlinepaadid.ee\\\/et\\\/pood\\\/veespordivahendid\\\/kajak-discovery-430t\\\/#primaryimage\",\"url\":\"https:\\\/\\\/nordlinepaadid.ee\\\/wp-content\\\/uploads\\\/2025\\\/03\\\/11201_SB-DISCOVERY430T-1.jpg\",\"contentUrl\":\"https:\\\/\\\/nordlinepaadid.ee\\\/wp-content\\\/uploads\\\/2025\\\/03\\\/11201_SB-DISCOVERY430T-1.jpg\",\"width\":560,\"height\":159},{\"@type\":\"BreadcrumbList\",\"@id\":\"https:\\\/\\\/nordlinepaadid.ee\\\/et\\\/pood\\\/veespordivahendid\\\/kajak-discovery-430t\\\/#breadcrumb\",\"itemListElement\":[{\"@type\":\"ListItem\",\"position\":1,\"name\":\"Home\",\"item\":\"https:\\\/\\\/nordlinepaadid.ee\\\/et\\\/\"},{\"@type\":\"ListItem\",\"position\":2,\"name\":\"Pood\",\"item\":\"https:\\\/\\\/nordlinepaadid.ee\\\/et\\\/pood\\\/\"},{\"@type\":\"ListItem\",\"position\":3,\"name\":\"KAJAK &#8211; DISCOVERY 430T\"}]},{\"@type\":\"WebSite\",\"@id\":\"https:\\\/\\\/nordlinepaadid.ee\\\/et\\\/#website\",\"url\":\"https:\\\/\\\/nordlinepaadid.ee\\\/et\\\/\",\"name\":\"NORDLINE s\u00f5udepaadid ja mootorpaadid. Klaasfiiber materjalist.\",\"description\":\"\",\"publisher\":{\"@id\":\"https:\\\/\\\/nordlinepaadid.ee\\\/et\\\/#organization\"},\"potentialAction\":[{\"@type\":\"SearchAction\",\"target\":{\"@type\":\"EntryPoint\",\"urlTemplate\":\"https:\\\/\\\/nordlinepaadid.ee\\\/et\\\/?s={search_term_string}\"},\"query-input\":{\"@type\":\"PropertyValueSpecification\",\"valueRequired\":true,\"valueName\":\"search_term_string\"}}],\"inLanguage\":\"et\"},{\"@type\":\"Organization\",\"@id\":\"https:\\\/\\\/nordlinepaadid.ee\\\/et\\\/#organization\",\"name\":\"Nordlineboats\",\"url\":\"https:\\\/\\\/nordlinepaadid.ee\\\/et\\\/\",\"logo\":{\"@type\":\"ImageObject\",\"inLanguage\":\"et\",\"@id\":\"https:\\\/\\\/nordlinepaadid.ee\\\/et\\\/#\\\/schema\\\/logo\\\/image\\\/\",\"url\":\"https:\\\/\\\/nordlinepaadid.ee\\\/wp-content\\\/uploads\\\/2023\\\/01\\\/fulllogo_transparent_nobuffer-e1672750475494.png\",\"contentUrl\":\"https:\\\/\\\/nordlinepaadid.ee\\\/wp-content\\\/uploads\\\/2023\\\/01\\\/fulllogo_transparent_nobuffer-e1672750475494.png\",\"width\":150,\"height\":119,\"caption\":\"Nordlineboats\"},\"image\":{\"@id\":\"https:\\\/\\\/nordlinepaadid.ee\\\/et\\\/#\\\/schema\\\/logo\\\/image\\\/\"},\"sameAs\":[\"https:\\\/\\\/www.facebook.com\\\/nordlineboats\",\"https:\\\/\\\/www.youtube.com\\\/channel\\\/UCbgF0fy02y3QkFnujaLTaCA\"]}]}<\/script>\n<!-- \/ Yoast SEO plugin. -->","yoast_head_json":{"title":"KAJAK - DISCOVERY 430T - NORDLINE s\u00f5udepaadid ja mootorpaadid. Klaasfiiber materjalist.","robots":{"index":"index","follow":"follow","max-snippet":"max-snippet:-1","max-image-preview":"max-image-preview:large","max-video-preview":"max-video-preview:-1"},"canonical":"https:\/\/nordlinepaadid.ee\/et\/pood\/veespordivahendid\/kajak-discovery-430t\/","og_locale":"et_EE","og_type":"article","og_title":"KAJAK - DISCOVERY 430T - NORDLINE s\u00f5udepaadid ja mootorpaadid. Klaasfiiber materjalist.","og_description":"Discovery on valmistatud k\u00f5rgtehnoloogilisest kolmekihilisest HDPE pol\u00fcet\u00fcleenist. Seda t\u00fc\u00fcpi plastikus \u00fchildub j\u00e4ikus, kaal ja vastupidavus. Discoveryga on veele minek lihtne, sest sellel kajakil on olemas k\u00f5ik, mis vaja! Selle mudeliga on lihtne man\u00f6\u00f6verdada ja t\u00e4nu sirgjoonelisele kerele on kayakil ka v\u00e4ga hea kursihoidmisv\u00f5ime. Sobib nii pikaks kui l\u00fchikeseks matkaks, kalastuseks, jahiks, fotograafiaga tegelemiseks, surfamiseks ja...","og_url":"https:\/\/nordlinepaadid.ee\/et\/pood\/veespordivahendid\/kajak-discovery-430t\/","og_site_name":"NORDLINE s\u00f5udepaadid ja mootorpaadid. Klaasfiiber materjalist.","article_publisher":"https:\/\/www.facebook.com\/nordlineboats","og_image":[{"width":560,"height":159,"url":"https:\/\/nordlinepaadid.ee\/wp-content\/uploads\/2025\/03\/11201_SB-DISCOVERY430T-1.jpg","type":"image\/jpeg"}],"twitter_card":"summary_large_image","twitter_misc":{"Est. reading time":"1 minut"},"schema":{"@context":"https:\/\/schema.org","@graph":[{"@type":"WebPage","@id":"https:\/\/nordlinepaadid.ee\/et\/pood\/veespordivahendid\/kajak-discovery-430t\/","url":"https:\/\/nordlinepaadid.ee\/et\/pood\/veespordivahendid\/kajak-discovery-430t\/","name":"KAJAK - DISCOVERY 430T - NORDLINE s\u00f5udepaadid ja mootorpaadid. Klaasfiiber materjalist.","isPartOf":{"@id":"https:\/\/nordlinepaadid.ee\/et\/#website"},"primaryImageOfPage":{"@id":"https:\/\/nordlinepaadid.ee\/et\/pood\/veespordivahendid\/kajak-discovery-430t\/#primaryimage"},"image":{"@id":"https:\/\/nordlinepaadid.ee\/et\/pood\/veespordivahendid\/kajak-discovery-430t\/#primaryimage"},"thumbnailUrl":"https:\/\/nordlinepaadid.ee\/wp-content\/uploads\/2025\/03\/11201_SB-DISCOVERY430T-1.jpg","datePublished":"2026-04-07T00:27:00+00:00","breadcrumb":{"@id":"https:\/\/nordlinepaadid.ee\/et\/pood\/veespordivahendid\/kajak-discovery-430t\/#breadcrumb"},"inLanguage":"et","potentialAction":[{"@type":"ReadAction","target":["https:\/\/nordlinepaadid.ee\/et\/pood\/veespordivahendid\/kajak-discovery-430t\/"]}]},{"@type":"ImageObject","inLanguage":"et","@id":"https:\/\/nordlinepaadid.ee\/et\/pood\/veespordivahendid\/kajak-discovery-430t\/#primaryimage","url":"https:\/\/nordlinepaadid.ee\/wp-content\/uploads\/2025\/03\/11201_SB-DISCOVERY430T-1.jpg","contentUrl":"https:\/\/nordlinepaadid.ee\/wp-content\/uploads\/2025\/03\/11201_SB-DISCOVERY430T-1.jpg","width":560,"height":159},{"@type":"BreadcrumbList","@id":"https:\/\/nordlinepaadid.ee\/et\/pood\/veespordivahendid\/kajak-discovery-430t\/#breadcrumb","itemListElement":[{"@type":"ListItem","position":1,"name":"Home","item":"https:\/\/nordlinepaadid.ee\/et\/"},{"@type":"ListItem","position":2,"name":"Pood","item":"https:\/\/nordlinepaadid.ee\/et\/pood\/"},{"@type":"ListItem","position":3,"name":"KAJAK &#8211; DISCOVERY 430T"}]},{"@type":"WebSite","@id":"https:\/\/nordlinepaadid.ee\/et\/#website","url":"https:\/\/nordlinepaadid.ee\/et\/","name":"NORDLINE s\u00f5udepaadid ja mootorpaadid. Klaasfiiber materjalist.","description":"","publisher":{"@id":"https:\/\/nordlinepaadid.ee\/et\/#organization"},"potentialAction":[{"@type":"SearchAction","target":{"@type":"EntryPoint","urlTemplate":"https:\/\/nordlinepaadid.ee\/et\/?s={search_term_string}"},"query-input":{"@type":"PropertyValueSpecification","valueRequired":true,"valueName":"search_term_string"}}],"inLanguage":"et"},{"@type":"Organization","@id":"https:\/\/nordlinepaadid.ee\/et\/#organization","name":"Nordlineboats","url":"https:\/\/nordlinepaadid.ee\/et\/","logo":{"@type":"ImageObject","inLanguage":"et","@id":"https:\/\/nordlinepaadid.ee\/et\/#\/schema\/logo\/image\/","url":"https:\/\/nordlinepaadid.ee\/wp-content\/uploads\/2023\/01\/fulllogo_transparent_nobuffer-e1672750475494.png","contentUrl":"https:\/\/nordlinepaadid.ee\/wp-content\/uploads\/2023\/01\/fulllogo_transparent_nobuffer-e1672750475494.png","width":150,"height":119,"caption":"Nordlineboats"},"image":{"@id":"https:\/\/nordlinepaadid.ee\/et\/#\/schema\/logo\/image\/"},"sameAs":["https:\/\/www.facebook.com\/nordlineboats","https:\/\/www.youtube.com\/channel\/UCbgF0fy02y3QkFnujaLTaCA"]}]}},"taxonomy_info":{"product_cat":[{"value":262,"label":"VEESPORDIVAHENDID, VABA AEG"}],"pa_color":[{"value":1528,"label":"Kollane, Punane, Laimiroheline"}],"pa_unit":[{"value":416,"label":"pcs"}]},"featured_image_src_large":["https:\/\/nordlinepaadid.ee\/wp-content\/uploads\/2025\/03\/11201_SB-DISCOVERY430T-1.jpg",560,159,false],"author_info":[],"comment_info":"","_links":{"self":[{"href":"https:\/\/nordlinepaadid.ee\/et\/wp-json\/wp\/v2\/product\/47039","targetHints":{"allow":["GET"]}}],"collection":[{"href":"https:\/\/nordlinepaadid.ee\/et\/wp-json\/wp\/v2\/product"}],"about":[{"href":"https:\/\/nordlinepaadid.ee\/et\/wp-json\/wp\/v2\/types\/product"}],"wp:featuredmedia":[{"embeddable":true,"href":"https:\/\/nordlinepaadid.ee\/et\/wp-json\/wp\/v2\/media\/49260"}],"wp:attachment":[{"href":"https:\/\/nordlinepaadid.ee\/et\/wp-json\/wp\/v2\/media?parent=47039"}],"wp:term":[{"taxonomy":"product_brand","embeddable":true,"href":"https:\/\/nordlinepaadid.ee\/et\/wp-json\/wp\/v2\/product_brand?post=47039"},{"taxonomy":"product_cat","embeddable":true,"href":"https:\/\/nordlinepaadid.ee\/et\/wp-json\/wp\/v2\/product_cat?post=47039"},{"taxonomy":"product_tag","embeddable":true,"href":"https:\/\/nordlinepaadid.ee\/et\/wp-json\/wp\/v2\/product_tag?post=47039"}],"curies":[{"name":"wp","href":"https:\/\/api.w.org\/{rel}","templated":true}]}}