{"id":47041,"date":"2026-04-07T03:27:01","date_gmt":"2026-04-07T00:27:01","guid":{"rendered":"https:\/\/nordlinepaadid.ee\/toode\/maaratlemata\/kajak-expedition-hv\/"},"modified":"2026-04-07T03:27:01","modified_gmt":"2026-04-07T00:27:01","slug":"kajak-expedition-hv","status":"publish","type":"product","link":"https:\/\/nordlinepaadid.ee\/et\/pood\/veespordivahendid\/kajak-expedition-hv\/","title":{"rendered":"KAJAK &#8211; EXPEDITION HV"},"content":{"rendered":"<p style=\"text-align:justify\">Suurep\u00e4rane merekajak keskmist ja suuremat kasvu aerutajale. Kajakis \u00fchilduvad kiirus, juhitavus ja stabiilsus ainulaadsel viisil. Paljude arvates on see Rootsi t\u00fc\u00fcpi kajak \u00fcks parimad merekajakke. Expedition on valmistatud k\u00f5rgtehnoloogilisest kolmekihilisest HDPE pol\u00fcet\u00fcleenist, mis teeb ta eriti vastupidavaks. Stiilne Rootsi disain, lihtne ja turvalilne man\u00f6\u00f6verdada ka raskemates tingimustes. Expeditionis on neli kuiva pagasiruumi, kaks suurt ja kaks v\u00e4ikest. K\u00f5ige v\u00e4iksem pagasiruum on valmistatud pehmest neopreenist ja on m\u00f5eldud GPS-seadme, mobiiltelefoni, p\u00e4ikeseprillide ja muude v\u00e4iksemate asjade turvaliseks s\u00e4ilitamiseks. V\u00f6\u00f6ris ja ahtris on mugavad k\u00e4epidemed, mis kergendavad kajaki transportimist.<\/p>\n<p>&#13;<br \/>\n&#13;<\/p>\n<p style=\"text-align:justify\">Reguleeritav seljatugi ja reietoed. Tehasegarantii 10 aastat!<\/p>\n<p>&#13;<br \/>\n&#13;<\/p>\n<p style=\"text-align:justify\">&nbsp;<\/p>\n<p>&#13;<br \/>\n&#13;<\/p>\n<p style=\"text-align:justify\"><strong>Tehnilised andmed:<\/strong><\/p>\n<p>&#13;<br \/>\n&#13;<\/p>\n<ul>&#13;<\/p>\n<li style=\"text-align:justify\">Pikkus: 518 cm<\/li>\n<p>&#13;<\/p>\n<li style=\"text-align:justify\">Laius: 59 cm<\/li>\n<p>&#13;<\/p>\n<li style=\"text-align:justify\">S\u00fcgavus: 38 cm<\/li>\n<p>&#13;<\/p>\n<li style=\"text-align:justify\">Kokpit: 85.5\u00d741 cm<\/li>\n<p>&#13;<\/p>\n<li style=\"text-align:justify\">Mahutavus: 345 L<\/li>\n<p>&#13;<\/p>\n<li style=\"text-align:justify\">Kaal: 27 kg<\/li>\n<p>&#13;<\/p>\n<li style=\"text-align:justify\">Kiirus: 8<\/li>\n<p>&#13;<\/p>\n<li style=\"text-align:justify\">Algne stabiilsus: 8<\/li>\n<p>&#13;<\/p>\n<li style=\"text-align:justify\">Sekundaarne stabiilsus: 9<\/li>\n<p>&#13;<\/p>\n<li style=\"text-align:justify\">Stabiilsus lainetes: 9<\/li>\n<p>&#13;<\/p>\n<li style=\"text-align:justify\">Kursihoidmisv\u00f5ime: 9<\/li>\n<p>&#13;<\/p>\n<li style=\"text-align:justify\">Juhitavus: 7<\/li>\n<p>&#13;<\/p>\n<li style=\"text-align:justify\">Pagasiruumi mahutavus: 9<\/li>\n<p>&#13;<\/p>\n<li style=\"text-align:justify\">Aerutaja kaal: 80 &#8211; 105 kg<\/li>\n<p>&#13;<\/p>\n<li style=\"text-align:justify\">Kandev\u00f5ime: 150 kg<\/li>\n<p>&#13;<\/p>\n<li style=\"text-align:justify\">Pagasiruumi esiosa: \u00dcmmargune luuk: 25 cm; Keermega p\u00e4evaluuk: 15 cm<\/li>\n<p>&#13;<\/p>\n<li style=\"text-align:justify\">Pagasiruumi tagaosa: Ovaalne luuk: 32,5 cm; \u00dcmmargune luuk: 15 cm<\/li>\n<p>&#13;\n<\/ul>\n<p>&#13;<br \/>\n&#13;<\/p>\n<p style=\"text-align:justify\">&nbsp;<\/p>\n<p>&#13;<br \/>\n&#13;<\/p>\n<h2 style=\"text-align: justify;\"><span style=\"font-size:16px\"><span style=\"color:#B22222\"><strong>TRANSPORT \u00dcLE EESTI, K\u00dcSI HINNAPAKKUMIST!<\/strong><\/span><\/span><\/h2>\n<p>&#13;<\/p>\n<p><iframe loading=\"lazy\" allowfullscreen=\"\" frameborder=\"0\" height=\"360\" src=\"\/\/www.youtube.com\/embed\/8ZMfwJuCLTg\" width=\"640\"><\/iframe><\/p>\n<p>&#13;<\/p>\n","protected":false},"excerpt":{"rendered":"<p>Suurep\u00e4rane merekajak keskmist ja suuremat kasvu aerutajale. Kajakis \u00fchilduvad kiirus, juhitavus ja stabiilsus ainulaadsel viisil. Paljude arvates on see Rootsi t\u00fc\u00fcpi kajak \u00fcks parimad merekajakke. Expedition on valmistatud k\u00f5rgtehnoloogilisest kolmekihilisest HDPE pol\u00fcet\u00fcleenist, mis teeb ta eriti vastupidavaks. Stiilne Rootsi disain, lihtne ja turvalilne man\u00f6\u00f6verdada ka raskemates tingimustes. Expeditionis on neli kuiva pagasiruumi, kaks suurt ja&#8230;<\/p>\n","protected":false},"featured_media":49282,"template":"","meta":{"_kad_blocks_custom_css":"","_kad_blocks_head_custom_js":"","_kad_blocks_body_custom_js":"","_kad_blocks_footer_custom_js":"","_kad_post_transparent":"","_kad_post_title":"","_kad_post_layout":"","_kad_post_sidebar_id":"","_kad_post_content_style":"","_kad_post_vertical_padding":"","_kad_post_feature":"","_kad_post_feature_position":"","_kad_post_header":false,"_kad_post_footer":false,"_kad_post_classname":""},"product_brand":[],"product_cat":[262],"product_tag":[],"class_list":{"0":"post-47041","1":"product","2":"type-product","3":"status-publish","4":"has-post-thumbnail","6":"product_cat-veespordivahendid","7":"pa_color-kollane-punane-laimiroheline","8":"pa_unit-pcs","9":"tm-no-options","11":"first","12":"onbackorder","13":"taxable","14":"shipping-taxable","15":"purchasable","16":"product-type-simple","17":"entry","18":"content-bg","19":"loop-entry"},"yoast_head":"<!-- This site is optimized with the Yoast SEO plugin v27.3 - https:\/\/yoast.com\/product\/yoast-seo-wordpress\/ -->\n<title>KAJAK - EXPEDITION HV - NORDLINE s\u00f5udepaadid ja mootorpaadid. Klaasfiiber materjalist.<\/title>\n<meta name=\"robots\" content=\"index, follow, max-snippet:-1, max-image-preview:large, max-video-preview:-1\" \/>\n<link rel=\"canonical\" href=\"https:\/\/nordlinepaadid.ee\/et\/pood\/veespordivahendid\/kajak-expedition-hv\/\" \/>\n<meta property=\"og:locale\" content=\"et_EE\" \/>\n<meta property=\"og:type\" content=\"article\" \/>\n<meta property=\"og:title\" content=\"KAJAK - EXPEDITION HV - NORDLINE s\u00f5udepaadid ja mootorpaadid. Klaasfiiber materjalist.\" \/>\n<meta property=\"og:description\" content=\"Suurep\u00e4rane merekajak keskmist ja suuremat kasvu aerutajale. Kajakis \u00fchilduvad kiirus, juhitavus ja stabiilsus ainulaadsel viisil. Paljude arvates on see Rootsi t\u00fc\u00fcpi kajak \u00fcks parimad merekajakke. Expedition on valmistatud k\u00f5rgtehnoloogilisest kolmekihilisest HDPE pol\u00fcet\u00fcleenist, mis teeb ta eriti vastupidavaks. Stiilne Rootsi disain, lihtne ja turvalilne man\u00f6\u00f6verdada ka raskemates tingimustes. Expeditionis on neli kuiva pagasiruumi, kaks suurt ja...\" \/>\n<meta property=\"og:url\" content=\"https:\/\/nordlinepaadid.ee\/et\/pood\/veespordivahendid\/kajak-expedition-hv\/\" \/>\n<meta property=\"og:site_name\" content=\"NORDLINE s\u00f5udepaadid ja mootorpaadid. Klaasfiiber materjalist.\" \/>\n<meta property=\"article:publisher\" content=\"https:\/\/www.facebook.com\/nordlineboats\" \/>\n<meta property=\"og:image\" content=\"https:\/\/nordlinepaadid.ee\/wp-content\/uploads\/2025\/03\/11211_SB-EXPEDITIONHV-1.jpg\" \/>\n\t<meta property=\"og:image:width\" content=\"594\" \/>\n\t<meta property=\"og:image:height\" content=\"200\" \/>\n\t<meta property=\"og:image:type\" content=\"image\/jpeg\" \/>\n<meta name=\"twitter:card\" content=\"summary_large_image\" \/>\n<meta name=\"twitter:label1\" content=\"Est. reading time\" \/>\n\t<meta name=\"twitter:data1\" content=\"1 minut\" \/>\n<script type=\"application\/ld+json\" class=\"yoast-schema-graph\">{\"@context\":\"https:\\\/\\\/schema.org\",\"@graph\":[{\"@type\":\"WebPage\",\"@id\":\"https:\\\/\\\/nordlinepaadid.ee\\\/et\\\/pood\\\/veespordivahendid\\\/kajak-expedition-hv\\\/\",\"url\":\"https:\\\/\\\/nordlinepaadid.ee\\\/et\\\/pood\\\/veespordivahendid\\\/kajak-expedition-hv\\\/\",\"name\":\"KAJAK - EXPEDITION HV - NORDLINE s\u00f5udepaadid ja mootorpaadid. Klaasfiiber materjalist.\",\"isPartOf\":{\"@id\":\"https:\\\/\\\/nordlinepaadid.ee\\\/et\\\/#website\"},\"primaryImageOfPage\":{\"@id\":\"https:\\\/\\\/nordlinepaadid.ee\\\/et\\\/pood\\\/veespordivahendid\\\/kajak-expedition-hv\\\/#primaryimage\"},\"image\":{\"@id\":\"https:\\\/\\\/nordlinepaadid.ee\\\/et\\\/pood\\\/veespordivahendid\\\/kajak-expedition-hv\\\/#primaryimage\"},\"thumbnailUrl\":\"https:\\\/\\\/nordlinepaadid.ee\\\/wp-content\\\/uploads\\\/2025\\\/03\\\/11211_SB-EXPEDITIONHV-1.jpg\",\"datePublished\":\"2026-04-07T00:27:01+00:00\",\"breadcrumb\":{\"@id\":\"https:\\\/\\\/nordlinepaadid.ee\\\/et\\\/pood\\\/veespordivahendid\\\/kajak-expedition-hv\\\/#breadcrumb\"},\"inLanguage\":\"et\",\"potentialAction\":[{\"@type\":\"ReadAction\",\"target\":[\"https:\\\/\\\/nordlinepaadid.ee\\\/et\\\/pood\\\/veespordivahendid\\\/kajak-expedition-hv\\\/\"]}]},{\"@type\":\"ImageObject\",\"inLanguage\":\"et\",\"@id\":\"https:\\\/\\\/nordlinepaadid.ee\\\/et\\\/pood\\\/veespordivahendid\\\/kajak-expedition-hv\\\/#primaryimage\",\"url\":\"https:\\\/\\\/nordlinepaadid.ee\\\/wp-content\\\/uploads\\\/2025\\\/03\\\/11211_SB-EXPEDITIONHV-1.jpg\",\"contentUrl\":\"https:\\\/\\\/nordlinepaadid.ee\\\/wp-content\\\/uploads\\\/2025\\\/03\\\/11211_SB-EXPEDITIONHV-1.jpg\",\"width\":594,\"height\":200},{\"@type\":\"BreadcrumbList\",\"@id\":\"https:\\\/\\\/nordlinepaadid.ee\\\/et\\\/pood\\\/veespordivahendid\\\/kajak-expedition-hv\\\/#breadcrumb\",\"itemListElement\":[{\"@type\":\"ListItem\",\"position\":1,\"name\":\"Home\",\"item\":\"https:\\\/\\\/nordlinepaadid.ee\\\/et\\\/\"},{\"@type\":\"ListItem\",\"position\":2,\"name\":\"Pood\",\"item\":\"https:\\\/\\\/nordlinepaadid.ee\\\/et\\\/pood\\\/\"},{\"@type\":\"ListItem\",\"position\":3,\"name\":\"KAJAK &#8211; EXPEDITION HV\"}]},{\"@type\":\"WebSite\",\"@id\":\"https:\\\/\\\/nordlinepaadid.ee\\\/et\\\/#website\",\"url\":\"https:\\\/\\\/nordlinepaadid.ee\\\/et\\\/\",\"name\":\"NORDLINE s\u00f5udepaadid ja mootorpaadid. Klaasfiiber materjalist.\",\"description\":\"\",\"publisher\":{\"@id\":\"https:\\\/\\\/nordlinepaadid.ee\\\/et\\\/#organization\"},\"potentialAction\":[{\"@type\":\"SearchAction\",\"target\":{\"@type\":\"EntryPoint\",\"urlTemplate\":\"https:\\\/\\\/nordlinepaadid.ee\\\/et\\\/?s={search_term_string}\"},\"query-input\":{\"@type\":\"PropertyValueSpecification\",\"valueRequired\":true,\"valueName\":\"search_term_string\"}}],\"inLanguage\":\"et\"},{\"@type\":\"Organization\",\"@id\":\"https:\\\/\\\/nordlinepaadid.ee\\\/et\\\/#organization\",\"name\":\"Nordlineboats\",\"url\":\"https:\\\/\\\/nordlinepaadid.ee\\\/et\\\/\",\"logo\":{\"@type\":\"ImageObject\",\"inLanguage\":\"et\",\"@id\":\"https:\\\/\\\/nordlinepaadid.ee\\\/et\\\/#\\\/schema\\\/logo\\\/image\\\/\",\"url\":\"https:\\\/\\\/nordlinepaadid.ee\\\/wp-content\\\/uploads\\\/2023\\\/01\\\/fulllogo_transparent_nobuffer-e1672750475494.png\",\"contentUrl\":\"https:\\\/\\\/nordlinepaadid.ee\\\/wp-content\\\/uploads\\\/2023\\\/01\\\/fulllogo_transparent_nobuffer-e1672750475494.png\",\"width\":150,\"height\":119,\"caption\":\"Nordlineboats\"},\"image\":{\"@id\":\"https:\\\/\\\/nordlinepaadid.ee\\\/et\\\/#\\\/schema\\\/logo\\\/image\\\/\"},\"sameAs\":[\"https:\\\/\\\/www.facebook.com\\\/nordlineboats\",\"https:\\\/\\\/www.youtube.com\\\/channel\\\/UCbgF0fy02y3QkFnujaLTaCA\"]}]}<\/script>\n<!-- \/ Yoast SEO plugin. -->","yoast_head_json":{"title":"KAJAK - EXPEDITION HV - NORDLINE s\u00f5udepaadid ja mootorpaadid. Klaasfiiber materjalist.","robots":{"index":"index","follow":"follow","max-snippet":"max-snippet:-1","max-image-preview":"max-image-preview:large","max-video-preview":"max-video-preview:-1"},"canonical":"https:\/\/nordlinepaadid.ee\/et\/pood\/veespordivahendid\/kajak-expedition-hv\/","og_locale":"et_EE","og_type":"article","og_title":"KAJAK - EXPEDITION HV - NORDLINE s\u00f5udepaadid ja mootorpaadid. Klaasfiiber materjalist.","og_description":"Suurep\u00e4rane merekajak keskmist ja suuremat kasvu aerutajale. Kajakis \u00fchilduvad kiirus, juhitavus ja stabiilsus ainulaadsel viisil. Paljude arvates on see Rootsi t\u00fc\u00fcpi kajak \u00fcks parimad merekajakke. Expedition on valmistatud k\u00f5rgtehnoloogilisest kolmekihilisest HDPE pol\u00fcet\u00fcleenist, mis teeb ta eriti vastupidavaks. Stiilne Rootsi disain, lihtne ja turvalilne man\u00f6\u00f6verdada ka raskemates tingimustes. Expeditionis on neli kuiva pagasiruumi, kaks suurt ja...","og_url":"https:\/\/nordlinepaadid.ee\/et\/pood\/veespordivahendid\/kajak-expedition-hv\/","og_site_name":"NORDLINE s\u00f5udepaadid ja mootorpaadid. Klaasfiiber materjalist.","article_publisher":"https:\/\/www.facebook.com\/nordlineboats","og_image":[{"width":594,"height":200,"url":"https:\/\/nordlinepaadid.ee\/wp-content\/uploads\/2025\/03\/11211_SB-EXPEDITIONHV-1.jpg","type":"image\/jpeg"}],"twitter_card":"summary_large_image","twitter_misc":{"Est. reading time":"1 minut"},"schema":{"@context":"https:\/\/schema.org","@graph":[{"@type":"WebPage","@id":"https:\/\/nordlinepaadid.ee\/et\/pood\/veespordivahendid\/kajak-expedition-hv\/","url":"https:\/\/nordlinepaadid.ee\/et\/pood\/veespordivahendid\/kajak-expedition-hv\/","name":"KAJAK - EXPEDITION HV - NORDLINE s\u00f5udepaadid ja mootorpaadid. Klaasfiiber materjalist.","isPartOf":{"@id":"https:\/\/nordlinepaadid.ee\/et\/#website"},"primaryImageOfPage":{"@id":"https:\/\/nordlinepaadid.ee\/et\/pood\/veespordivahendid\/kajak-expedition-hv\/#primaryimage"},"image":{"@id":"https:\/\/nordlinepaadid.ee\/et\/pood\/veespordivahendid\/kajak-expedition-hv\/#primaryimage"},"thumbnailUrl":"https:\/\/nordlinepaadid.ee\/wp-content\/uploads\/2025\/03\/11211_SB-EXPEDITIONHV-1.jpg","datePublished":"2026-04-07T00:27:01+00:00","breadcrumb":{"@id":"https:\/\/nordlinepaadid.ee\/et\/pood\/veespordivahendid\/kajak-expedition-hv\/#breadcrumb"},"inLanguage":"et","potentialAction":[{"@type":"ReadAction","target":["https:\/\/nordlinepaadid.ee\/et\/pood\/veespordivahendid\/kajak-expedition-hv\/"]}]},{"@type":"ImageObject","inLanguage":"et","@id":"https:\/\/nordlinepaadid.ee\/et\/pood\/veespordivahendid\/kajak-expedition-hv\/#primaryimage","url":"https:\/\/nordlinepaadid.ee\/wp-content\/uploads\/2025\/03\/11211_SB-EXPEDITIONHV-1.jpg","contentUrl":"https:\/\/nordlinepaadid.ee\/wp-content\/uploads\/2025\/03\/11211_SB-EXPEDITIONHV-1.jpg","width":594,"height":200},{"@type":"BreadcrumbList","@id":"https:\/\/nordlinepaadid.ee\/et\/pood\/veespordivahendid\/kajak-expedition-hv\/#breadcrumb","itemListElement":[{"@type":"ListItem","position":1,"name":"Home","item":"https:\/\/nordlinepaadid.ee\/et\/"},{"@type":"ListItem","position":2,"name":"Pood","item":"https:\/\/nordlinepaadid.ee\/et\/pood\/"},{"@type":"ListItem","position":3,"name":"KAJAK &#8211; EXPEDITION HV"}]},{"@type":"WebSite","@id":"https:\/\/nordlinepaadid.ee\/et\/#website","url":"https:\/\/nordlinepaadid.ee\/et\/","name":"NORDLINE s\u00f5udepaadid ja mootorpaadid. Klaasfiiber materjalist.","description":"","publisher":{"@id":"https:\/\/nordlinepaadid.ee\/et\/#organization"},"potentialAction":[{"@type":"SearchAction","target":{"@type":"EntryPoint","urlTemplate":"https:\/\/nordlinepaadid.ee\/et\/?s={search_term_string}"},"query-input":{"@type":"PropertyValueSpecification","valueRequired":true,"valueName":"search_term_string"}}],"inLanguage":"et"},{"@type":"Organization","@id":"https:\/\/nordlinepaadid.ee\/et\/#organization","name":"Nordlineboats","url":"https:\/\/nordlinepaadid.ee\/et\/","logo":{"@type":"ImageObject","inLanguage":"et","@id":"https:\/\/nordlinepaadid.ee\/et\/#\/schema\/logo\/image\/","url":"https:\/\/nordlinepaadid.ee\/wp-content\/uploads\/2023\/01\/fulllogo_transparent_nobuffer-e1672750475494.png","contentUrl":"https:\/\/nordlinepaadid.ee\/wp-content\/uploads\/2023\/01\/fulllogo_transparent_nobuffer-e1672750475494.png","width":150,"height":119,"caption":"Nordlineboats"},"image":{"@id":"https:\/\/nordlinepaadid.ee\/et\/#\/schema\/logo\/image\/"},"sameAs":["https:\/\/www.facebook.com\/nordlineboats","https:\/\/www.youtube.com\/channel\/UCbgF0fy02y3QkFnujaLTaCA"]}]}},"taxonomy_info":{"product_cat":[{"value":262,"label":"VEESPORDIVAHENDID, VABA AEG"}],"pa_color":[{"value":1528,"label":"Kollane, Punane, Laimiroheline"}],"pa_unit":[{"value":416,"label":"pcs"}]},"featured_image_src_large":["https:\/\/nordlinepaadid.ee\/wp-content\/uploads\/2025\/03\/11211_SB-EXPEDITIONHV-1.jpg",594,200,false],"author_info":[],"comment_info":"","_links":{"self":[{"href":"https:\/\/nordlinepaadid.ee\/et\/wp-json\/wp\/v2\/product\/47041","targetHints":{"allow":["GET"]}}],"collection":[{"href":"https:\/\/nordlinepaadid.ee\/et\/wp-json\/wp\/v2\/product"}],"about":[{"href":"https:\/\/nordlinepaadid.ee\/et\/wp-json\/wp\/v2\/types\/product"}],"wp:featuredmedia":[{"embeddable":true,"href":"https:\/\/nordlinepaadid.ee\/et\/wp-json\/wp\/v2\/media\/49282"}],"wp:attachment":[{"href":"https:\/\/nordlinepaadid.ee\/et\/wp-json\/wp\/v2\/media?parent=47041"}],"wp:term":[{"taxonomy":"product_brand","embeddable":true,"href":"https:\/\/nordlinepaadid.ee\/et\/wp-json\/wp\/v2\/product_brand?post=47041"},{"taxonomy":"product_cat","embeddable":true,"href":"https:\/\/nordlinepaadid.ee\/et\/wp-json\/wp\/v2\/product_cat?post=47041"},{"taxonomy":"product_tag","embeddable":true,"href":"https:\/\/nordlinepaadid.ee\/et\/wp-json\/wp\/v2\/product_tag?post=47041"}],"curies":[{"name":"wp","href":"https:\/\/api.w.org\/{rel}","templated":true}]}}