{"id":47044,"date":"2026-04-07T03:27:02","date_gmt":"2026-04-07T00:27:02","guid":{"rendered":"https:\/\/nordlinepaadid.ee\/toode\/maaratlemata\/kajak-victory-hv\/"},"modified":"2026-04-07T03:27:02","modified_gmt":"2026-04-07T00:27:02","slug":"kajak-victory-hv","status":"publish","type":"product","link":"https:\/\/nordlinepaadid.ee\/et\/pood\/veespordivahendid\/kajak-victory-hv\/","title":{"rendered":"KAJAK &#8211; VICTORY HV"},"content":{"rendered":"<p style=\"text-align:justify\">Victory on uskumatult suurep\u00e4rane kajak suuremat kasvu aerutajatele. Kajak liigub v\u00e4ga h\u00e4sti lainetes ja keerulistes tingimustes. Victory on v\u00e4ga stabiilne. Ideaalne matkamiseks ja treeninguteks. Victory mugavusele ei ole v\u00f5rdset. Kajakis on v\u00e4ga mugav polsterdatud iste ja turu parimad reietoed. Mugavat seljatuge on v\u00f5imalik reguleerida ja seda ka siis, kui aerutaja juba kajakis istub. Victoryl on korralikud tekin\u00f6\u00f6rid ja t\u00e4nu suurtele pagasiruumi avadele on matkavarustust lihtne kaasa pakkida. Kajaki kandev\u00f5ime on umbes 170 kg, mis t\u00e4hendab, et ka suuremat kasvu inimestel on v\u00f5imalik kogu toit, varustus ja seadmed, mida n\u00e4dala jooksul vajatakse, kaasa pakkida. Kajaki standardvarustusse kuulub originaalne Power Pedals PRO X19 pedaalis\u00fcsteem, mis on turul saadaolevatest \u00fcks t\u00f5husaim ja stabiilseim. Selles kajakis on mugav istuda, kokpit on suure avaga, iste on polsterdatud ja reguleeritav. Istme seljatuge on v\u00f5imalik reguleerida soovitud asendisse, 10 cm ulatuses m\u00f5lemalt poolt ja seda ka kajakis istudes. Kajaki esi- ja tagatekil on kummist v\u00f5rgud, kuhu on v\u00f5imalik panna erinevat varustust nagu jook, varuaer, magamisvarustus jne. Victory v\u00f6\u00f6ris ja ahtris on mugavad k\u00e4epidemed, mis kergendavad kajaki transportimist. V\u00e4rvid: kollane, punane, laimiroheline. Tehasegarantii 10 aastat!<\/p>\n<p>&#13;<br \/>\n&#13;<\/p>\n<p style=\"text-align:justify\">&nbsp;<\/p>\n<p>&#13;<br \/>\n&#13;<\/p>\n<p style=\"text-align:justify\"><strong>Tehnilised andmed:<\/strong><\/p>\n<p>&#13;<br \/>\n&#13;<\/p>\n<ul>&#13;<\/p>\n<li style=\"text-align:justify\">Pikkus: 525 cm<\/li>\n<p>&#13;<\/p>\n<li style=\"text-align:justify\">Laius: 58 cm<\/li>\n<p>&#13;<\/p>\n<li style=\"text-align:justify\">S\u00fcgavus: 41.5 cm<\/li>\n<p>&#13;<\/p>\n<li style=\"text-align:justify\">Kokpit: 84 \u00d7 41 cm,<\/li>\n<p>&#13;<\/p>\n<li style=\"text-align:justify\">Mahutavus: 395L<\/li>\n<p>&#13;<\/p>\n<li style=\"text-align:justify\">Kaal: 28 kg<\/li>\n<p>&#13;<\/p>\n<li style=\"text-align:justify\">Kiirus: 8<\/li>\n<p>&#13;<\/p>\n<li style=\"text-align:justify\">Algne stabiilsus: 9<\/li>\n<p>&#13;<\/p>\n<li style=\"text-align:justify\">Sekundaarne stabiilsus: 10<\/li>\n<p>&#13;<\/p>\n<li style=\"text-align:justify\">Stabiilsus lainetes: 9<\/li>\n<p>&#13;<\/p>\n<li style=\"text-align:justify\">Kursihoidmisv\u00f5ime: 9<\/li>\n<p>&#13;<\/p>\n<li style=\"text-align:justify\">Juhitavus: 9<\/li>\n<p>&#13;<\/p>\n<li style=\"text-align:justify\">Pagasiruumi mahutavus: 10<\/li>\n<p>&#13;<\/p>\n<li style=\"text-align:justify\">Aerutaja kaal: 70 -100 kg<\/li>\n<p>&#13;<\/p>\n<li style=\"text-align:justify\">Kandev\u00f5ime: 150 kg<\/li>\n<p>&#13;<\/p>\n<li style=\"text-align:justify\">Pagasiruumi esiosa: \u00dcmmargune luuk 25 cm; Keermega p\u00e4evaluuk: 15 cm<\/li>\n<p>&#13;<\/p>\n<li style=\"text-align:justify\">Pagasiruumi tagaosa: Ovaalne luuk 32,5 cm; \u00dcmmargune luuk: 15 cm<\/li>\n<p>&#13;\n<\/ul>\n<p>&#13;<br \/>\n&#13;<\/p>\n<p style=\"text-align:justify\">&nbsp;<\/p>\n<p>&#13;<br \/>\n&#13;<\/p>\n<h2 style=\"text-align:justify\"><span style=\"color:#A52A2A\"><span style=\"font-size:16px\"><strong>TRANSPORT \u00dcLE EESTI, K\u00dcSI HINNAPAKKUMIST!<\/strong><\/span><\/span><\/h2>\n<p>&#13;<\/p>\n<p><iframe loading=\"lazy\" allowfullscreen=\"\" frameborder=\"0\" height=\"360\" src=\"\/\/www.youtube.com\/embed\/R9Qk2mwRYsg\" width=\"640\"><\/iframe><\/p>\n<p>&#13;<\/p>\n","protected":false},"excerpt":{"rendered":"<p>Victory on uskumatult suurep\u00e4rane kajak suuremat kasvu aerutajatele. Kajak liigub v\u00e4ga h\u00e4sti lainetes ja keerulistes tingimustes. Victory on v\u00e4ga stabiilne. Ideaalne matkamiseks ja treeninguteks. Victory mugavusele ei ole v\u00f5rdset. Kajakis on v\u00e4ga mugav polsterdatud iste ja turu parimad reietoed. Mugavat seljatuge on v\u00f5imalik reguleerida ja seda ka siis, kui aerutaja juba kajakis istub. Victoryl on&#8230;<\/p>\n","protected":false},"featured_media":49318,"template":"","meta":{"_kad_blocks_custom_css":"","_kad_blocks_head_custom_js":"","_kad_blocks_body_custom_js":"","_kad_blocks_footer_custom_js":"","_kad_post_transparent":"","_kad_post_title":"","_kad_post_layout":"","_kad_post_sidebar_id":"","_kad_post_content_style":"","_kad_post_vertical_padding":"","_kad_post_feature":"","_kad_post_feature_position":"","_kad_post_header":false,"_kad_post_footer":false,"_kad_post_classname":""},"product_brand":[],"product_cat":[262],"product_tag":[],"class_list":{"0":"post-47044","1":"product","2":"type-product","3":"status-publish","4":"has-post-thumbnail","6":"product_cat-veespordivahendid","7":"pa_color-kollane-punane-laimiroheline","8":"pa_unit-pcs","9":"tm-no-options","11":"first","12":"onbackorder","13":"taxable","14":"shipping-taxable","15":"purchasable","16":"product-type-simple","17":"entry","18":"content-bg","19":"loop-entry"},"yoast_head":"<!-- This site is optimized with the Yoast SEO plugin v27.3 - https:\/\/yoast.com\/product\/yoast-seo-wordpress\/ -->\n<title>KAJAK - VICTORY HV - NORDLINE s\u00f5udepaadid ja mootorpaadid. Klaasfiiber materjalist.<\/title>\n<meta name=\"robots\" content=\"index, follow, max-snippet:-1, max-image-preview:large, max-video-preview:-1\" \/>\n<link rel=\"canonical\" href=\"https:\/\/nordlinepaadid.ee\/et\/pood\/veespordivahendid\/kajak-victory-hv\/\" \/>\n<meta property=\"og:locale\" content=\"et_EE\" \/>\n<meta property=\"og:type\" content=\"article\" \/>\n<meta property=\"og:title\" content=\"KAJAK - VICTORY HV - NORDLINE s\u00f5udepaadid ja mootorpaadid. Klaasfiiber materjalist.\" \/>\n<meta property=\"og:description\" content=\"Victory on uskumatult suurep\u00e4rane kajak suuremat kasvu aerutajatele. Kajak liigub v\u00e4ga h\u00e4sti lainetes ja keerulistes tingimustes. Victory on v\u00e4ga stabiilne. Ideaalne matkamiseks ja treeninguteks. Victory mugavusele ei ole v\u00f5rdset. Kajakis on v\u00e4ga mugav polsterdatud iste ja turu parimad reietoed. Mugavat seljatuge on v\u00f5imalik reguleerida ja seda ka siis, kui aerutaja juba kajakis istub. Victoryl on...\" \/>\n<meta property=\"og:url\" content=\"https:\/\/nordlinepaadid.ee\/et\/pood\/veespordivahendid\/kajak-victory-hv\/\" \/>\n<meta property=\"og:site_name\" content=\"NORDLINE s\u00f5udepaadid ja mootorpaadid. Klaasfiiber materjalist.\" \/>\n<meta property=\"article:publisher\" content=\"https:\/\/www.facebook.com\/nordlineboats\" \/>\n<meta property=\"og:image\" content=\"https:\/\/nordlinepaadid.ee\/wp-content\/uploads\/2025\/03\/11230_SB-VICTORYHV-1.jpg\" \/>\n\t<meta property=\"og:image:width\" content=\"600\" \/>\n\t<meta property=\"og:image:height\" content=\"600\" \/>\n\t<meta property=\"og:image:type\" content=\"image\/jpeg\" \/>\n<meta name=\"twitter:card\" content=\"summary_large_image\" \/>\n<meta name=\"twitter:label1\" content=\"Est. reading time\" \/>\n\t<meta name=\"twitter:data1\" content=\"1 minut\" \/>\n<script type=\"application\/ld+json\" class=\"yoast-schema-graph\">{\"@context\":\"https:\\\/\\\/schema.org\",\"@graph\":[{\"@type\":\"WebPage\",\"@id\":\"https:\\\/\\\/nordlinepaadid.ee\\\/et\\\/pood\\\/veespordivahendid\\\/kajak-victory-hv\\\/\",\"url\":\"https:\\\/\\\/nordlinepaadid.ee\\\/et\\\/pood\\\/veespordivahendid\\\/kajak-victory-hv\\\/\",\"name\":\"KAJAK - VICTORY HV - NORDLINE s\u00f5udepaadid ja mootorpaadid. Klaasfiiber materjalist.\",\"isPartOf\":{\"@id\":\"https:\\\/\\\/nordlinepaadid.ee\\\/et\\\/#website\"},\"primaryImageOfPage\":{\"@id\":\"https:\\\/\\\/nordlinepaadid.ee\\\/et\\\/pood\\\/veespordivahendid\\\/kajak-victory-hv\\\/#primaryimage\"},\"image\":{\"@id\":\"https:\\\/\\\/nordlinepaadid.ee\\\/et\\\/pood\\\/veespordivahendid\\\/kajak-victory-hv\\\/#primaryimage\"},\"thumbnailUrl\":\"https:\\\/\\\/nordlinepaadid.ee\\\/wp-content\\\/uploads\\\/2025\\\/03\\\/11230_SB-VICTORYHV-1.jpg\",\"datePublished\":\"2026-04-07T00:27:02+00:00\",\"breadcrumb\":{\"@id\":\"https:\\\/\\\/nordlinepaadid.ee\\\/et\\\/pood\\\/veespordivahendid\\\/kajak-victory-hv\\\/#breadcrumb\"},\"inLanguage\":\"et\",\"potentialAction\":[{\"@type\":\"ReadAction\",\"target\":[\"https:\\\/\\\/nordlinepaadid.ee\\\/et\\\/pood\\\/veespordivahendid\\\/kajak-victory-hv\\\/\"]}]},{\"@type\":\"ImageObject\",\"inLanguage\":\"et\",\"@id\":\"https:\\\/\\\/nordlinepaadid.ee\\\/et\\\/pood\\\/veespordivahendid\\\/kajak-victory-hv\\\/#primaryimage\",\"url\":\"https:\\\/\\\/nordlinepaadid.ee\\\/wp-content\\\/uploads\\\/2025\\\/03\\\/11230_SB-VICTORYHV-1.jpg\",\"contentUrl\":\"https:\\\/\\\/nordlinepaadid.ee\\\/wp-content\\\/uploads\\\/2025\\\/03\\\/11230_SB-VICTORYHV-1.jpg\",\"width\":600,\"height\":600},{\"@type\":\"BreadcrumbList\",\"@id\":\"https:\\\/\\\/nordlinepaadid.ee\\\/et\\\/pood\\\/veespordivahendid\\\/kajak-victory-hv\\\/#breadcrumb\",\"itemListElement\":[{\"@type\":\"ListItem\",\"position\":1,\"name\":\"Home\",\"item\":\"https:\\\/\\\/nordlinepaadid.ee\\\/et\\\/\"},{\"@type\":\"ListItem\",\"position\":2,\"name\":\"Pood\",\"item\":\"https:\\\/\\\/nordlinepaadid.ee\\\/et\\\/pood\\\/\"},{\"@type\":\"ListItem\",\"position\":3,\"name\":\"KAJAK &#8211; VICTORY HV\"}]},{\"@type\":\"WebSite\",\"@id\":\"https:\\\/\\\/nordlinepaadid.ee\\\/et\\\/#website\",\"url\":\"https:\\\/\\\/nordlinepaadid.ee\\\/et\\\/\",\"name\":\"NORDLINE s\u00f5udepaadid ja mootorpaadid. Klaasfiiber materjalist.\",\"description\":\"\",\"publisher\":{\"@id\":\"https:\\\/\\\/nordlinepaadid.ee\\\/et\\\/#organization\"},\"potentialAction\":[{\"@type\":\"SearchAction\",\"target\":{\"@type\":\"EntryPoint\",\"urlTemplate\":\"https:\\\/\\\/nordlinepaadid.ee\\\/et\\\/?s={search_term_string}\"},\"query-input\":{\"@type\":\"PropertyValueSpecification\",\"valueRequired\":true,\"valueName\":\"search_term_string\"}}],\"inLanguage\":\"et\"},{\"@type\":\"Organization\",\"@id\":\"https:\\\/\\\/nordlinepaadid.ee\\\/et\\\/#organization\",\"name\":\"Nordlineboats\",\"url\":\"https:\\\/\\\/nordlinepaadid.ee\\\/et\\\/\",\"logo\":{\"@type\":\"ImageObject\",\"inLanguage\":\"et\",\"@id\":\"https:\\\/\\\/nordlinepaadid.ee\\\/et\\\/#\\\/schema\\\/logo\\\/image\\\/\",\"url\":\"https:\\\/\\\/nordlinepaadid.ee\\\/wp-content\\\/uploads\\\/2023\\\/01\\\/fulllogo_transparent_nobuffer-e1672750475494.png\",\"contentUrl\":\"https:\\\/\\\/nordlinepaadid.ee\\\/wp-content\\\/uploads\\\/2023\\\/01\\\/fulllogo_transparent_nobuffer-e1672750475494.png\",\"width\":150,\"height\":119,\"caption\":\"Nordlineboats\"},\"image\":{\"@id\":\"https:\\\/\\\/nordlinepaadid.ee\\\/et\\\/#\\\/schema\\\/logo\\\/image\\\/\"},\"sameAs\":[\"https:\\\/\\\/www.facebook.com\\\/nordlineboats\",\"https:\\\/\\\/www.youtube.com\\\/channel\\\/UCbgF0fy02y3QkFnujaLTaCA\"]}]}<\/script>\n<!-- \/ Yoast SEO plugin. -->","yoast_head_json":{"title":"KAJAK - VICTORY HV - NORDLINE s\u00f5udepaadid ja mootorpaadid. Klaasfiiber materjalist.","robots":{"index":"index","follow":"follow","max-snippet":"max-snippet:-1","max-image-preview":"max-image-preview:large","max-video-preview":"max-video-preview:-1"},"canonical":"https:\/\/nordlinepaadid.ee\/et\/pood\/veespordivahendid\/kajak-victory-hv\/","og_locale":"et_EE","og_type":"article","og_title":"KAJAK - VICTORY HV - NORDLINE s\u00f5udepaadid ja mootorpaadid. Klaasfiiber materjalist.","og_description":"Victory on uskumatult suurep\u00e4rane kajak suuremat kasvu aerutajatele. Kajak liigub v\u00e4ga h\u00e4sti lainetes ja keerulistes tingimustes. Victory on v\u00e4ga stabiilne. Ideaalne matkamiseks ja treeninguteks. Victory mugavusele ei ole v\u00f5rdset. Kajakis on v\u00e4ga mugav polsterdatud iste ja turu parimad reietoed. Mugavat seljatuge on v\u00f5imalik reguleerida ja seda ka siis, kui aerutaja juba kajakis istub. Victoryl on...","og_url":"https:\/\/nordlinepaadid.ee\/et\/pood\/veespordivahendid\/kajak-victory-hv\/","og_site_name":"NORDLINE s\u00f5udepaadid ja mootorpaadid. Klaasfiiber materjalist.","article_publisher":"https:\/\/www.facebook.com\/nordlineboats","og_image":[{"width":600,"height":600,"url":"https:\/\/nordlinepaadid.ee\/wp-content\/uploads\/2025\/03\/11230_SB-VICTORYHV-1.jpg","type":"image\/jpeg"}],"twitter_card":"summary_large_image","twitter_misc":{"Est. reading time":"1 minut"},"schema":{"@context":"https:\/\/schema.org","@graph":[{"@type":"WebPage","@id":"https:\/\/nordlinepaadid.ee\/et\/pood\/veespordivahendid\/kajak-victory-hv\/","url":"https:\/\/nordlinepaadid.ee\/et\/pood\/veespordivahendid\/kajak-victory-hv\/","name":"KAJAK - VICTORY HV - NORDLINE s\u00f5udepaadid ja mootorpaadid. Klaasfiiber materjalist.","isPartOf":{"@id":"https:\/\/nordlinepaadid.ee\/et\/#website"},"primaryImageOfPage":{"@id":"https:\/\/nordlinepaadid.ee\/et\/pood\/veespordivahendid\/kajak-victory-hv\/#primaryimage"},"image":{"@id":"https:\/\/nordlinepaadid.ee\/et\/pood\/veespordivahendid\/kajak-victory-hv\/#primaryimage"},"thumbnailUrl":"https:\/\/nordlinepaadid.ee\/wp-content\/uploads\/2025\/03\/11230_SB-VICTORYHV-1.jpg","datePublished":"2026-04-07T00:27:02+00:00","breadcrumb":{"@id":"https:\/\/nordlinepaadid.ee\/et\/pood\/veespordivahendid\/kajak-victory-hv\/#breadcrumb"},"inLanguage":"et","potentialAction":[{"@type":"ReadAction","target":["https:\/\/nordlinepaadid.ee\/et\/pood\/veespordivahendid\/kajak-victory-hv\/"]}]},{"@type":"ImageObject","inLanguage":"et","@id":"https:\/\/nordlinepaadid.ee\/et\/pood\/veespordivahendid\/kajak-victory-hv\/#primaryimage","url":"https:\/\/nordlinepaadid.ee\/wp-content\/uploads\/2025\/03\/11230_SB-VICTORYHV-1.jpg","contentUrl":"https:\/\/nordlinepaadid.ee\/wp-content\/uploads\/2025\/03\/11230_SB-VICTORYHV-1.jpg","width":600,"height":600},{"@type":"BreadcrumbList","@id":"https:\/\/nordlinepaadid.ee\/et\/pood\/veespordivahendid\/kajak-victory-hv\/#breadcrumb","itemListElement":[{"@type":"ListItem","position":1,"name":"Home","item":"https:\/\/nordlinepaadid.ee\/et\/"},{"@type":"ListItem","position":2,"name":"Pood","item":"https:\/\/nordlinepaadid.ee\/et\/pood\/"},{"@type":"ListItem","position":3,"name":"KAJAK &#8211; VICTORY HV"}]},{"@type":"WebSite","@id":"https:\/\/nordlinepaadid.ee\/et\/#website","url":"https:\/\/nordlinepaadid.ee\/et\/","name":"NORDLINE s\u00f5udepaadid ja mootorpaadid. Klaasfiiber materjalist.","description":"","publisher":{"@id":"https:\/\/nordlinepaadid.ee\/et\/#organization"},"potentialAction":[{"@type":"SearchAction","target":{"@type":"EntryPoint","urlTemplate":"https:\/\/nordlinepaadid.ee\/et\/?s={search_term_string}"},"query-input":{"@type":"PropertyValueSpecification","valueRequired":true,"valueName":"search_term_string"}}],"inLanguage":"et"},{"@type":"Organization","@id":"https:\/\/nordlinepaadid.ee\/et\/#organization","name":"Nordlineboats","url":"https:\/\/nordlinepaadid.ee\/et\/","logo":{"@type":"ImageObject","inLanguage":"et","@id":"https:\/\/nordlinepaadid.ee\/et\/#\/schema\/logo\/image\/","url":"https:\/\/nordlinepaadid.ee\/wp-content\/uploads\/2023\/01\/fulllogo_transparent_nobuffer-e1672750475494.png","contentUrl":"https:\/\/nordlinepaadid.ee\/wp-content\/uploads\/2023\/01\/fulllogo_transparent_nobuffer-e1672750475494.png","width":150,"height":119,"caption":"Nordlineboats"},"image":{"@id":"https:\/\/nordlinepaadid.ee\/et\/#\/schema\/logo\/image\/"},"sameAs":["https:\/\/www.facebook.com\/nordlineboats","https:\/\/www.youtube.com\/channel\/UCbgF0fy02y3QkFnujaLTaCA"]}]}},"taxonomy_info":{"product_cat":[{"value":262,"label":"VEESPORDIVAHENDID, VABA AEG"}],"pa_color":[{"value":1528,"label":"Kollane, Punane, Laimiroheline"}],"pa_unit":[{"value":416,"label":"pcs"}]},"featured_image_src_large":["https:\/\/nordlinepaadid.ee\/wp-content\/uploads\/2025\/03\/11230_SB-VICTORYHV-1.jpg",600,600,false],"author_info":[],"comment_info":"","_links":{"self":[{"href":"https:\/\/nordlinepaadid.ee\/et\/wp-json\/wp\/v2\/product\/47044","targetHints":{"allow":["GET"]}}],"collection":[{"href":"https:\/\/nordlinepaadid.ee\/et\/wp-json\/wp\/v2\/product"}],"about":[{"href":"https:\/\/nordlinepaadid.ee\/et\/wp-json\/wp\/v2\/types\/product"}],"wp:featuredmedia":[{"embeddable":true,"href":"https:\/\/nordlinepaadid.ee\/et\/wp-json\/wp\/v2\/media\/49318"}],"wp:attachment":[{"href":"https:\/\/nordlinepaadid.ee\/et\/wp-json\/wp\/v2\/media?parent=47044"}],"wp:term":[{"taxonomy":"product_brand","embeddable":true,"href":"https:\/\/nordlinepaadid.ee\/et\/wp-json\/wp\/v2\/product_brand?post=47044"},{"taxonomy":"product_cat","embeddable":true,"href":"https:\/\/nordlinepaadid.ee\/et\/wp-json\/wp\/v2\/product_cat?post=47044"},{"taxonomy":"product_tag","embeddable":true,"href":"https:\/\/nordlinepaadid.ee\/et\/wp-json\/wp\/v2\/product_tag?post=47044"}],"curies":[{"name":"wp","href":"https:\/\/api.w.org\/{rel}","templated":true}]}}