{"id":47045,"date":"2026-04-07T03:27:02","date_gmt":"2026-04-07T00:27:02","guid":{"rendered":"https:\/\/nordlinepaadid.ee\/toode\/maaratlemata\/kajak-ranchero\/"},"modified":"2026-04-07T03:27:02","modified_gmt":"2026-04-07T00:27:02","slug":"kajak-ranchero","status":"publish","type":"product","link":"https:\/\/nordlinepaadid.ee\/et\/pood\/veespordivahendid\/kajak-ranchero\/","title":{"rendered":"KAJAK &#8211; RANCHERO"},"content":{"rendered":"<p style=\"text-align:justify\">Ranchero 12 puhul on tegemist uue, innovaatilise, multifunktsionaalse h\u00fcbriidkajakiga, milles \u00fchilduvad \u201esit-on-top\u201c ja kokpitiga kajakkide parimad omadused. Eriti avar kokpit pakub aerutamise ajal suurep\u00e4rast mugavust. Ranchero 12 mudel on suuruse poolest kompaktne ja kajakis on palju ruumi pagasi jaoks. See h\u00f5lpsalt juhitav kajak on l\u00f5bus alternatiiv meeldivaks vaba aja veetmiseks vee peal. Erakordselt suur ning avar kokpiti ava ning eriti mugav iste teevad aerutamise \u00e4\u00e4rmiselt nauditavaks. Ranchero 12 on erakordselt tugev kajak ja selle aerutamisega saavad hakkama k\u00f5ik! Omadused: Power Pedals PRO XI9, Ridvahoidja, Ergonoomiline iste, Esitekil v\u00f5rk, Vormitud k\u00e4epidemed esi- ja tagaosas. V\u00e4rvid: kollane; punane; laimiroheline. Tehasegarantii 10 aastat!<\/p>\n<p>&#13;<br \/>\n&#13;<\/p>\n<p style=\"text-align:justify\">&nbsp;<\/p>\n<p>&#13;<br \/>\n&#13;<\/p>\n<p style=\"text-align:justify\"><strong>Tehnilised andmed:<\/strong><\/p>\n<p>&#13;<br \/>\n&#13;<\/p>\n<ul>&#13;<\/p>\n<li style=\"text-align:justify\">Pikkus: 372 cm<\/li>\n<p>&#13;<\/p>\n<li style=\"text-align:justify\">Laius: 74 cm<\/li>\n<p>&#13;<\/p>\n<li style=\"text-align:justify\">S\u00fcgavus: 42 cm<\/li>\n<p>&#13;<\/p>\n<li style=\"text-align:justify\">Kokpit: 120 \u00d7 50 cm<\/li>\n<p>&#13;<\/p>\n<li style=\"text-align:justify\">Kaal: 24 kg<\/li>\n<p>&#13;<\/p>\n<li style=\"text-align:justify\">Kiirus: 5<\/li>\n<p>&#13;<\/p>\n<li style=\"text-align:justify\">Algne stabiilsus: 10<\/li>\n<p>&#13;<\/p>\n<li style=\"text-align:justify\">Sekundaarne stabiilsus: 9<\/li>\n<p>&#13;<\/p>\n<li style=\"text-align:justify\">Stabiilsus lainetes: 10<\/li>\n<p>&#13;<\/p>\n<li style=\"text-align:justify\">Kursihoidmisv\u00f5ime: 6<\/li>\n<p>&#13;<\/p>\n<li style=\"text-align:justify\">Juhitavus: 8<\/li>\n<p>&#13;<\/p>\n<li style=\"text-align:justify\">Pagasiruumi mahutavus: 6<\/li>\n<p>&#13;<\/p>\n<li style=\"text-align:justify\">Kandev\u00f5ime: 150 kg<\/li>\n<p>&#13;<\/p>\n<li style=\"text-align:justify\">Pagasiruumi esiosa: Keermega p\u00e4evaluuk 15 cm<\/li>\n<p>&#13;<\/p>\n<li style=\"text-align:justify\">Pagasiruumi tagaosa: kinnitustega<\/li>\n<p>&#13;\n<\/ul>\n<p>&#13;<br \/>\n&#13;<\/p>\n<p style=\"text-align:justify\">&nbsp;<\/p>\n<p>&#13;<br \/>\n&#13;<\/p>\n<h2 style=\"text-align:justify\"><span style=\"font-size:16px\"><span style=\"color:#A52A2A\"><strong>TRANSPORT \u00dcLE EESTI, K\u00dcSI HINNAPAKKUMIST!<\/strong><\/span><\/span><\/h2>\n<p>&#13;<\/p>\n<p><iframe loading=\"lazy\" allowfullscreen=\"\" frameborder=\"0\" height=\"360\" src=\"\/\/www.youtube.com\/embed\/shMKP8dsTn4\" width=\"640\"><\/iframe><\/p>\n<p>&#13;<\/p>\n","protected":false},"excerpt":{"rendered":"<p>Ranchero 12 puhul on tegemist uue, innovaatilise, multifunktsionaalse h\u00fcbriidkajakiga, milles \u00fchilduvad \u201esit-on-top\u201c ja kokpitiga kajakkide parimad omadused. Eriti avar kokpit pakub aerutamise ajal suurep\u00e4rast mugavust. Ranchero 12 mudel on suuruse poolest kompaktne ja kajakis on palju ruumi pagasi jaoks. See h\u00f5lpsalt juhitav kajak on l\u00f5bus alternatiiv meeldivaks vaba aja veetmiseks vee peal. Erakordselt suur ning&#8230;<\/p>\n","protected":false},"featured_media":49330,"template":"","meta":{"_kad_blocks_custom_css":"","_kad_blocks_head_custom_js":"","_kad_blocks_body_custom_js":"","_kad_blocks_footer_custom_js":"","_kad_post_transparent":"","_kad_post_title":"","_kad_post_layout":"","_kad_post_sidebar_id":"","_kad_post_content_style":"","_kad_post_vertical_padding":"","_kad_post_feature":"","_kad_post_feature_position":"","_kad_post_header":false,"_kad_post_footer":false,"_kad_post_classname":""},"product_brand":[],"product_cat":[262],"product_tag":[],"class_list":{"0":"post-47045","1":"product","2":"type-product","3":"status-publish","4":"has-post-thumbnail","6":"product_cat-veespordivahendid","7":"pa_color-kollane-punane-laimiroheline","8":"pa_unit-pcs","9":"tm-no-options","11":"first","12":"onbackorder","13":"taxable","14":"shipping-taxable","15":"purchasable","16":"product-type-simple","17":"entry","18":"content-bg","19":"loop-entry"},"yoast_head":"<!-- This site is optimized with the Yoast SEO plugin v27.3 - https:\/\/yoast.com\/product\/yoast-seo-wordpress\/ -->\n<title>KAJAK - RANCHERO - NORDLINE s\u00f5udepaadid ja mootorpaadid. Klaasfiiber materjalist.<\/title>\n<meta name=\"robots\" content=\"index, follow, max-snippet:-1, max-image-preview:large, max-video-preview:-1\" \/>\n<link rel=\"canonical\" href=\"https:\/\/nordlinepaadid.ee\/et\/pood\/veespordivahendid\/kajak-ranchero\/\" \/>\n<meta property=\"og:locale\" content=\"et_EE\" \/>\n<meta property=\"og:type\" content=\"article\" \/>\n<meta property=\"og:title\" content=\"KAJAK - RANCHERO - NORDLINE s\u00f5udepaadid ja mootorpaadid. Klaasfiiber materjalist.\" \/>\n<meta property=\"og:description\" content=\"Ranchero 12 puhul on tegemist uue, innovaatilise, multifunktsionaalse h\u00fcbriidkajakiga, milles \u00fchilduvad \u201esit-on-top\u201c ja kokpitiga kajakkide parimad omadused. Eriti avar kokpit pakub aerutamise ajal suurep\u00e4rast mugavust. Ranchero 12 mudel on suuruse poolest kompaktne ja kajakis on palju ruumi pagasi jaoks. See h\u00f5lpsalt juhitav kajak on l\u00f5bus alternatiiv meeldivaks vaba aja veetmiseks vee peal. Erakordselt suur ning...\" \/>\n<meta property=\"og:url\" content=\"https:\/\/nordlinepaadid.ee\/et\/pood\/veespordivahendid\/kajak-ranchero\/\" \/>\n<meta property=\"og:site_name\" content=\"NORDLINE s\u00f5udepaadid ja mootorpaadid. Klaasfiiber materjalist.\" \/>\n<meta property=\"article:publisher\" content=\"https:\/\/www.facebook.com\/nordlineboats\" \/>\n<meta property=\"og:image\" content=\"https:\/\/nordlinepaadid.ee\/wp-content\/uploads\/2025\/03\/11236_SB-RANCHERO-1.jpg\" \/>\n\t<meta property=\"og:image:width\" content=\"600\" \/>\n\t<meta property=\"og:image:height\" content=\"600\" \/>\n\t<meta property=\"og:image:type\" content=\"image\/jpeg\" \/>\n<meta name=\"twitter:card\" content=\"summary_large_image\" \/>\n<meta name=\"twitter:label1\" content=\"Est. reading time\" \/>\n\t<meta name=\"twitter:data1\" content=\"1 minut\" \/>\n<script type=\"application\/ld+json\" class=\"yoast-schema-graph\">{\"@context\":\"https:\\\/\\\/schema.org\",\"@graph\":[{\"@type\":\"WebPage\",\"@id\":\"https:\\\/\\\/nordlinepaadid.ee\\\/et\\\/pood\\\/veespordivahendid\\\/kajak-ranchero\\\/\",\"url\":\"https:\\\/\\\/nordlinepaadid.ee\\\/et\\\/pood\\\/veespordivahendid\\\/kajak-ranchero\\\/\",\"name\":\"KAJAK - RANCHERO - NORDLINE s\u00f5udepaadid ja mootorpaadid. Klaasfiiber materjalist.\",\"isPartOf\":{\"@id\":\"https:\\\/\\\/nordlinepaadid.ee\\\/et\\\/#website\"},\"primaryImageOfPage\":{\"@id\":\"https:\\\/\\\/nordlinepaadid.ee\\\/et\\\/pood\\\/veespordivahendid\\\/kajak-ranchero\\\/#primaryimage\"},\"image\":{\"@id\":\"https:\\\/\\\/nordlinepaadid.ee\\\/et\\\/pood\\\/veespordivahendid\\\/kajak-ranchero\\\/#primaryimage\"},\"thumbnailUrl\":\"https:\\\/\\\/nordlinepaadid.ee\\\/wp-content\\\/uploads\\\/2025\\\/03\\\/11236_SB-RANCHERO-1.jpg\",\"datePublished\":\"2026-04-07T00:27:02+00:00\",\"breadcrumb\":{\"@id\":\"https:\\\/\\\/nordlinepaadid.ee\\\/et\\\/pood\\\/veespordivahendid\\\/kajak-ranchero\\\/#breadcrumb\"},\"inLanguage\":\"et\",\"potentialAction\":[{\"@type\":\"ReadAction\",\"target\":[\"https:\\\/\\\/nordlinepaadid.ee\\\/et\\\/pood\\\/veespordivahendid\\\/kajak-ranchero\\\/\"]}]},{\"@type\":\"ImageObject\",\"inLanguage\":\"et\",\"@id\":\"https:\\\/\\\/nordlinepaadid.ee\\\/et\\\/pood\\\/veespordivahendid\\\/kajak-ranchero\\\/#primaryimage\",\"url\":\"https:\\\/\\\/nordlinepaadid.ee\\\/wp-content\\\/uploads\\\/2025\\\/03\\\/11236_SB-RANCHERO-1.jpg\",\"contentUrl\":\"https:\\\/\\\/nordlinepaadid.ee\\\/wp-content\\\/uploads\\\/2025\\\/03\\\/11236_SB-RANCHERO-1.jpg\",\"width\":600,\"height\":600},{\"@type\":\"BreadcrumbList\",\"@id\":\"https:\\\/\\\/nordlinepaadid.ee\\\/et\\\/pood\\\/veespordivahendid\\\/kajak-ranchero\\\/#breadcrumb\",\"itemListElement\":[{\"@type\":\"ListItem\",\"position\":1,\"name\":\"Home\",\"item\":\"https:\\\/\\\/nordlinepaadid.ee\\\/et\\\/\"},{\"@type\":\"ListItem\",\"position\":2,\"name\":\"Pood\",\"item\":\"https:\\\/\\\/nordlinepaadid.ee\\\/et\\\/pood\\\/\"},{\"@type\":\"ListItem\",\"position\":3,\"name\":\"KAJAK &#8211; RANCHERO\"}]},{\"@type\":\"WebSite\",\"@id\":\"https:\\\/\\\/nordlinepaadid.ee\\\/et\\\/#website\",\"url\":\"https:\\\/\\\/nordlinepaadid.ee\\\/et\\\/\",\"name\":\"NORDLINE s\u00f5udepaadid ja mootorpaadid. Klaasfiiber materjalist.\",\"description\":\"\",\"publisher\":{\"@id\":\"https:\\\/\\\/nordlinepaadid.ee\\\/et\\\/#organization\"},\"potentialAction\":[{\"@type\":\"SearchAction\",\"target\":{\"@type\":\"EntryPoint\",\"urlTemplate\":\"https:\\\/\\\/nordlinepaadid.ee\\\/et\\\/?s={search_term_string}\"},\"query-input\":{\"@type\":\"PropertyValueSpecification\",\"valueRequired\":true,\"valueName\":\"search_term_string\"}}],\"inLanguage\":\"et\"},{\"@type\":\"Organization\",\"@id\":\"https:\\\/\\\/nordlinepaadid.ee\\\/et\\\/#organization\",\"name\":\"Nordlineboats\",\"url\":\"https:\\\/\\\/nordlinepaadid.ee\\\/et\\\/\",\"logo\":{\"@type\":\"ImageObject\",\"inLanguage\":\"et\",\"@id\":\"https:\\\/\\\/nordlinepaadid.ee\\\/et\\\/#\\\/schema\\\/logo\\\/image\\\/\",\"url\":\"https:\\\/\\\/nordlinepaadid.ee\\\/wp-content\\\/uploads\\\/2023\\\/01\\\/fulllogo_transparent_nobuffer-e1672750475494.png\",\"contentUrl\":\"https:\\\/\\\/nordlinepaadid.ee\\\/wp-content\\\/uploads\\\/2023\\\/01\\\/fulllogo_transparent_nobuffer-e1672750475494.png\",\"width\":150,\"height\":119,\"caption\":\"Nordlineboats\"},\"image\":{\"@id\":\"https:\\\/\\\/nordlinepaadid.ee\\\/et\\\/#\\\/schema\\\/logo\\\/image\\\/\"},\"sameAs\":[\"https:\\\/\\\/www.facebook.com\\\/nordlineboats\",\"https:\\\/\\\/www.youtube.com\\\/channel\\\/UCbgF0fy02y3QkFnujaLTaCA\"]}]}<\/script>\n<!-- \/ Yoast SEO plugin. -->","yoast_head_json":{"title":"KAJAK - RANCHERO - NORDLINE s\u00f5udepaadid ja mootorpaadid. Klaasfiiber materjalist.","robots":{"index":"index","follow":"follow","max-snippet":"max-snippet:-1","max-image-preview":"max-image-preview:large","max-video-preview":"max-video-preview:-1"},"canonical":"https:\/\/nordlinepaadid.ee\/et\/pood\/veespordivahendid\/kajak-ranchero\/","og_locale":"et_EE","og_type":"article","og_title":"KAJAK - RANCHERO - NORDLINE s\u00f5udepaadid ja mootorpaadid. Klaasfiiber materjalist.","og_description":"Ranchero 12 puhul on tegemist uue, innovaatilise, multifunktsionaalse h\u00fcbriidkajakiga, milles \u00fchilduvad \u201esit-on-top\u201c ja kokpitiga kajakkide parimad omadused. Eriti avar kokpit pakub aerutamise ajal suurep\u00e4rast mugavust. Ranchero 12 mudel on suuruse poolest kompaktne ja kajakis on palju ruumi pagasi jaoks. See h\u00f5lpsalt juhitav kajak on l\u00f5bus alternatiiv meeldivaks vaba aja veetmiseks vee peal. Erakordselt suur ning...","og_url":"https:\/\/nordlinepaadid.ee\/et\/pood\/veespordivahendid\/kajak-ranchero\/","og_site_name":"NORDLINE s\u00f5udepaadid ja mootorpaadid. Klaasfiiber materjalist.","article_publisher":"https:\/\/www.facebook.com\/nordlineboats","og_image":[{"width":600,"height":600,"url":"https:\/\/nordlinepaadid.ee\/wp-content\/uploads\/2025\/03\/11236_SB-RANCHERO-1.jpg","type":"image\/jpeg"}],"twitter_card":"summary_large_image","twitter_misc":{"Est. reading time":"1 minut"},"schema":{"@context":"https:\/\/schema.org","@graph":[{"@type":"WebPage","@id":"https:\/\/nordlinepaadid.ee\/et\/pood\/veespordivahendid\/kajak-ranchero\/","url":"https:\/\/nordlinepaadid.ee\/et\/pood\/veespordivahendid\/kajak-ranchero\/","name":"KAJAK - RANCHERO - NORDLINE s\u00f5udepaadid ja mootorpaadid. Klaasfiiber materjalist.","isPartOf":{"@id":"https:\/\/nordlinepaadid.ee\/et\/#website"},"primaryImageOfPage":{"@id":"https:\/\/nordlinepaadid.ee\/et\/pood\/veespordivahendid\/kajak-ranchero\/#primaryimage"},"image":{"@id":"https:\/\/nordlinepaadid.ee\/et\/pood\/veespordivahendid\/kajak-ranchero\/#primaryimage"},"thumbnailUrl":"https:\/\/nordlinepaadid.ee\/wp-content\/uploads\/2025\/03\/11236_SB-RANCHERO-1.jpg","datePublished":"2026-04-07T00:27:02+00:00","breadcrumb":{"@id":"https:\/\/nordlinepaadid.ee\/et\/pood\/veespordivahendid\/kajak-ranchero\/#breadcrumb"},"inLanguage":"et","potentialAction":[{"@type":"ReadAction","target":["https:\/\/nordlinepaadid.ee\/et\/pood\/veespordivahendid\/kajak-ranchero\/"]}]},{"@type":"ImageObject","inLanguage":"et","@id":"https:\/\/nordlinepaadid.ee\/et\/pood\/veespordivahendid\/kajak-ranchero\/#primaryimage","url":"https:\/\/nordlinepaadid.ee\/wp-content\/uploads\/2025\/03\/11236_SB-RANCHERO-1.jpg","contentUrl":"https:\/\/nordlinepaadid.ee\/wp-content\/uploads\/2025\/03\/11236_SB-RANCHERO-1.jpg","width":600,"height":600},{"@type":"BreadcrumbList","@id":"https:\/\/nordlinepaadid.ee\/et\/pood\/veespordivahendid\/kajak-ranchero\/#breadcrumb","itemListElement":[{"@type":"ListItem","position":1,"name":"Home","item":"https:\/\/nordlinepaadid.ee\/et\/"},{"@type":"ListItem","position":2,"name":"Pood","item":"https:\/\/nordlinepaadid.ee\/et\/pood\/"},{"@type":"ListItem","position":3,"name":"KAJAK &#8211; RANCHERO"}]},{"@type":"WebSite","@id":"https:\/\/nordlinepaadid.ee\/et\/#website","url":"https:\/\/nordlinepaadid.ee\/et\/","name":"NORDLINE s\u00f5udepaadid ja mootorpaadid. Klaasfiiber materjalist.","description":"","publisher":{"@id":"https:\/\/nordlinepaadid.ee\/et\/#organization"},"potentialAction":[{"@type":"SearchAction","target":{"@type":"EntryPoint","urlTemplate":"https:\/\/nordlinepaadid.ee\/et\/?s={search_term_string}"},"query-input":{"@type":"PropertyValueSpecification","valueRequired":true,"valueName":"search_term_string"}}],"inLanguage":"et"},{"@type":"Organization","@id":"https:\/\/nordlinepaadid.ee\/et\/#organization","name":"Nordlineboats","url":"https:\/\/nordlinepaadid.ee\/et\/","logo":{"@type":"ImageObject","inLanguage":"et","@id":"https:\/\/nordlinepaadid.ee\/et\/#\/schema\/logo\/image\/","url":"https:\/\/nordlinepaadid.ee\/wp-content\/uploads\/2023\/01\/fulllogo_transparent_nobuffer-e1672750475494.png","contentUrl":"https:\/\/nordlinepaadid.ee\/wp-content\/uploads\/2023\/01\/fulllogo_transparent_nobuffer-e1672750475494.png","width":150,"height":119,"caption":"Nordlineboats"},"image":{"@id":"https:\/\/nordlinepaadid.ee\/et\/#\/schema\/logo\/image\/"},"sameAs":["https:\/\/www.facebook.com\/nordlineboats","https:\/\/www.youtube.com\/channel\/UCbgF0fy02y3QkFnujaLTaCA"]}]}},"taxonomy_info":{"product_cat":[{"value":262,"label":"VEESPORDIVAHENDID, VABA AEG"}],"pa_color":[{"value":1528,"label":"Kollane, Punane, Laimiroheline"}],"pa_unit":[{"value":416,"label":"pcs"}]},"featured_image_src_large":["https:\/\/nordlinepaadid.ee\/wp-content\/uploads\/2025\/03\/11236_SB-RANCHERO-1.jpg",600,600,false],"author_info":[],"comment_info":"","_links":{"self":[{"href":"https:\/\/nordlinepaadid.ee\/et\/wp-json\/wp\/v2\/product\/47045","targetHints":{"allow":["GET"]}}],"collection":[{"href":"https:\/\/nordlinepaadid.ee\/et\/wp-json\/wp\/v2\/product"}],"about":[{"href":"https:\/\/nordlinepaadid.ee\/et\/wp-json\/wp\/v2\/types\/product"}],"wp:featuredmedia":[{"embeddable":true,"href":"https:\/\/nordlinepaadid.ee\/et\/wp-json\/wp\/v2\/media\/49330"}],"wp:attachment":[{"href":"https:\/\/nordlinepaadid.ee\/et\/wp-json\/wp\/v2\/media?parent=47045"}],"wp:term":[{"taxonomy":"product_brand","embeddable":true,"href":"https:\/\/nordlinepaadid.ee\/et\/wp-json\/wp\/v2\/product_brand?post=47045"},{"taxonomy":"product_cat","embeddable":true,"href":"https:\/\/nordlinepaadid.ee\/et\/wp-json\/wp\/v2\/product_cat?post=47045"},{"taxonomy":"product_tag","embeddable":true,"href":"https:\/\/nordlinepaadid.ee\/et\/wp-json\/wp\/v2\/product_tag?post=47045"}],"curies":[{"name":"wp","href":"https:\/\/api.w.org\/{rel}","templated":true}]}}