{"id":47085,"date":"2026-04-07T03:27:11","date_gmt":"2026-04-07T00:27:11","guid":{"rendered":"https:\/\/nordlinepaadid.ee\/toode\/maaratlemata\/sup-komplekt-aqua-marina-vibrant-youth-80%e2%80%b3\/"},"modified":"2026-04-07T03:27:11","modified_gmt":"2026-04-07T00:27:11","slug":"sup-komplekt-aqua-marina-vibrant-youth-80%e2%80%b3","status":"publish","type":"product","link":"https:\/\/nordlinepaadid.ee\/et\/pood\/veespordivahendid\/sup\/sup-komplekt-aqua-marina-vibrant-youth-80%e2%80%b3\/","title":{"rendered":"SUP KOMPLEKT &#8211; AQUA MARINA VIBRANT YOUTH 8\u20190\u2033"},"content":{"rendered":"<p>VIBRANT SUP-laual on mitmek\u00fclgne kuju ja kompaktne seljakott, mis sobib ideaalselt selleks, et lapsed saaksid ise kokku panna. Olenemata sellest, kas nad tahavad l\u00f5butseda rahulikus vees v\u00f5i p\u00fc\u00fcda v\u00e4ikseid laineid, on see laud ideaalne valik alustamiseks. Mudel VIBRANT on valmistatud Drop Stitch Light tehnoloogiaga ja keevitatud r\u00f6\u00f6bastega, mis on v\u00e4ga tugev ja vastupidav. T\u00e4iustatud EVA jalatugi koos teemantlihvidega tegi selle laua pehmeks ja \u00f5rnaks igas asendis. Stabiilne ja kergesti k\u00e4sitsetav VIBRANT sobib eriti h\u00e4sti nooremale p\u00f5lvkonnale! Omadused: Eksklusiivne Drop Stitch Light tehnoloogia, eemaldatav pistikupesa keskosa, integreeritud D-r\u00f5ngas turvarihma kinnitamiseks laua v\u00f6\u00f6rile, kummiplaadi \u00fcmbrus tagab parema tihenduse ja t\u00e4iusliku v\u00e4limuse, 4 integreeritud D-r\u00f5ngast pagasi kinnitamiseks,<br \/>\ntugev neopreenist k\u00e4epide, EVA-vahtmatt, millel on s\u00fcgav roosiline profiil maksimaalse haardumise ja mugavuse tagamiseks. Pakett sisaldab: SUP aerulaud, Ace aer, seljakott, Double-Action pump, turvarihm, uim. Tehnilised andmed: M\u00f5\u00f5dud:\t244 cm x 71 cm x 10 cm, Paksus: 10 cm, Kaal: 5.6 kg, Maht: 140 l, Max \u00f5husurve: 15 psi, Kandev\u00f5ime: 60 kg<\/p>\n","protected":false},"excerpt":{"rendered":"<p>VIBRANT SUP-laual on mitmek\u00fclgne kuju ja kompaktne seljakott, mis sobib ideaalselt selleks, et lapsed saaksid ise kokku panna. Olenemata sellest, kas nad tahavad l\u00f5butseda rahulikus vees v\u00f5i p\u00fc\u00fcda v\u00e4ikseid laineid, on see laud ideaalne valik alustamiseks. Mudel VIBRANT on valmistatud Drop Stitch Light tehnoloogiaga ja keevitatud r\u00f6\u00f6bastega, mis on v\u00e4ga tugev ja vastupidav. T\u00e4iustatud EVA&#8230;<\/p>\n","protected":false},"featured_media":49612,"template":"","meta":{"_kad_blocks_custom_css":"","_kad_blocks_head_custom_js":"","_kad_blocks_body_custom_js":"","_kad_blocks_footer_custom_js":"","_kad_post_transparent":"","_kad_post_title":"","_kad_post_layout":"","_kad_post_sidebar_id":"","_kad_post_content_style":"","_kad_post_vertical_padding":"","_kad_post_feature":"","_kad_post_feature_position":"","_kad_post_header":false,"_kad_post_footer":false,"_kad_post_classname":""},"product_brand":[],"product_cat":[1613,262],"product_tag":[],"class_list":{"0":"post-47085","1":"product","2":"type-product","3":"status-publish","4":"has-post-thumbnail","6":"product_cat-sup","7":"product_cat-veespordivahendid","8":"pa_unit-kit","9":"tm-no-options","11":"first","12":"onbackorder","13":"taxable","14":"shipping-taxable","15":"purchasable","16":"product-type-simple","17":"entry","18":"content-bg","19":"loop-entry"},"yoast_head":"<!-- This site is optimized with the Yoast SEO plugin v27.3 - https:\/\/yoast.com\/product\/yoast-seo-wordpress\/ -->\n<title>SUP KOMPLEKT - AQUA MARINA VIBRANT YOUTH 8\u20190\u2033 - NORDLINE s\u00f5udepaadid ja mootorpaadid. Klaasfiiber materjalist.<\/title>\n<meta name=\"robots\" content=\"index, follow, max-snippet:-1, max-image-preview:large, max-video-preview:-1\" \/>\n<link rel=\"canonical\" href=\"https:\/\/nordlinepaadid.ee\/et\/pood\/veespordivahendid\/sup\/sup-komplekt-aqua-marina-vibrant-youth-80%e2%80%b3\/\" \/>\n<meta property=\"og:locale\" content=\"et_EE\" \/>\n<meta property=\"og:type\" content=\"article\" \/>\n<meta property=\"og:title\" content=\"SUP KOMPLEKT - AQUA MARINA VIBRANT YOUTH 8\u20190\u2033 - NORDLINE s\u00f5udepaadid ja mootorpaadid. Klaasfiiber materjalist.\" \/>\n<meta property=\"og:description\" content=\"VIBRANT SUP-laual on mitmek\u00fclgne kuju ja kompaktne seljakott, mis sobib ideaalselt selleks, et lapsed saaksid ise kokku panna. Olenemata sellest, kas nad tahavad l\u00f5butseda rahulikus vees v\u00f5i p\u00fc\u00fcda v\u00e4ikseid laineid, on see laud ideaalne valik alustamiseks. Mudel VIBRANT on valmistatud Drop Stitch Light tehnoloogiaga ja keevitatud r\u00f6\u00f6bastega, mis on v\u00e4ga tugev ja vastupidav. T\u00e4iustatud EVA...\" \/>\n<meta property=\"og:url\" content=\"https:\/\/nordlinepaadid.ee\/et\/pood\/veespordivahendid\/sup\/sup-komplekt-aqua-marina-vibrant-youth-80%e2%80%b3\/\" \/>\n<meta property=\"og:site_name\" content=\"NORDLINE s\u00f5udepaadid ja mootorpaadid. Klaasfiiber materjalist.\" \/>\n<meta property=\"article:publisher\" content=\"https:\/\/www.facebook.com\/nordlineboats\" \/>\n<meta property=\"og:image\" content=\"https:\/\/nordlinepaadid.ee\/wp-content\/uploads\/2025\/03\/11435_AM-98450-1.jpg\" \/>\n\t<meta property=\"og:image:width\" content=\"784\" \/>\n\t<meta property=\"og:image:height\" content=\"749\" \/>\n\t<meta property=\"og:image:type\" content=\"image\/jpeg\" \/>\n<meta name=\"twitter:card\" content=\"summary_large_image\" \/>\n<meta name=\"twitter:label1\" content=\"Est. reading time\" \/>\n\t<meta name=\"twitter:data1\" content=\"1 minut\" \/>\n<script type=\"application\/ld+json\" class=\"yoast-schema-graph\">{\"@context\":\"https:\\\/\\\/schema.org\",\"@graph\":[{\"@type\":\"WebPage\",\"@id\":\"https:\\\/\\\/nordlinepaadid.ee\\\/et\\\/pood\\\/veespordivahendid\\\/sup\\\/sup-komplekt-aqua-marina-vibrant-youth-80%e2%80%b3\\\/\",\"url\":\"https:\\\/\\\/nordlinepaadid.ee\\\/et\\\/pood\\\/veespordivahendid\\\/sup\\\/sup-komplekt-aqua-marina-vibrant-youth-80%e2%80%b3\\\/\",\"name\":\"SUP KOMPLEKT - AQUA MARINA VIBRANT YOUTH 8\u20190\u2033 - NORDLINE s\u00f5udepaadid ja mootorpaadid. Klaasfiiber materjalist.\",\"isPartOf\":{\"@id\":\"https:\\\/\\\/nordlinepaadid.ee\\\/et\\\/#website\"},\"primaryImageOfPage\":{\"@id\":\"https:\\\/\\\/nordlinepaadid.ee\\\/et\\\/pood\\\/veespordivahendid\\\/sup\\\/sup-komplekt-aqua-marina-vibrant-youth-80%e2%80%b3\\\/#primaryimage\"},\"image\":{\"@id\":\"https:\\\/\\\/nordlinepaadid.ee\\\/et\\\/pood\\\/veespordivahendid\\\/sup\\\/sup-komplekt-aqua-marina-vibrant-youth-80%e2%80%b3\\\/#primaryimage\"},\"thumbnailUrl\":\"https:\\\/\\\/nordlinepaadid.ee\\\/wp-content\\\/uploads\\\/2025\\\/03\\\/11435_AM-98450-1.jpg\",\"datePublished\":\"2026-04-07T00:27:11+00:00\",\"breadcrumb\":{\"@id\":\"https:\\\/\\\/nordlinepaadid.ee\\\/et\\\/pood\\\/veespordivahendid\\\/sup\\\/sup-komplekt-aqua-marina-vibrant-youth-80%e2%80%b3\\\/#breadcrumb\"},\"inLanguage\":\"et\",\"potentialAction\":[{\"@type\":\"ReadAction\",\"target\":[\"https:\\\/\\\/nordlinepaadid.ee\\\/et\\\/pood\\\/veespordivahendid\\\/sup\\\/sup-komplekt-aqua-marina-vibrant-youth-80%e2%80%b3\\\/\"]}]},{\"@type\":\"ImageObject\",\"inLanguage\":\"et\",\"@id\":\"https:\\\/\\\/nordlinepaadid.ee\\\/et\\\/pood\\\/veespordivahendid\\\/sup\\\/sup-komplekt-aqua-marina-vibrant-youth-80%e2%80%b3\\\/#primaryimage\",\"url\":\"https:\\\/\\\/nordlinepaadid.ee\\\/wp-content\\\/uploads\\\/2025\\\/03\\\/11435_AM-98450-1.jpg\",\"contentUrl\":\"https:\\\/\\\/nordlinepaadid.ee\\\/wp-content\\\/uploads\\\/2025\\\/03\\\/11435_AM-98450-1.jpg\",\"width\":784,\"height\":749},{\"@type\":\"BreadcrumbList\",\"@id\":\"https:\\\/\\\/nordlinepaadid.ee\\\/et\\\/pood\\\/veespordivahendid\\\/sup\\\/sup-komplekt-aqua-marina-vibrant-youth-80%e2%80%b3\\\/#breadcrumb\",\"itemListElement\":[{\"@type\":\"ListItem\",\"position\":1,\"name\":\"Home\",\"item\":\"https:\\\/\\\/nordlinepaadid.ee\\\/et\\\/\"},{\"@type\":\"ListItem\",\"position\":2,\"name\":\"Pood\",\"item\":\"https:\\\/\\\/nordlinepaadid.ee\\\/et\\\/pood\\\/\"},{\"@type\":\"ListItem\",\"position\":3,\"name\":\"SUP KOMPLEKT &#8211; AQUA MARINA VIBRANT YOUTH 8\u20190\u2033\"}]},{\"@type\":\"WebSite\",\"@id\":\"https:\\\/\\\/nordlinepaadid.ee\\\/et\\\/#website\",\"url\":\"https:\\\/\\\/nordlinepaadid.ee\\\/et\\\/\",\"name\":\"NORDLINE s\u00f5udepaadid ja mootorpaadid. Klaasfiiber materjalist.\",\"description\":\"\",\"publisher\":{\"@id\":\"https:\\\/\\\/nordlinepaadid.ee\\\/et\\\/#organization\"},\"potentialAction\":[{\"@type\":\"SearchAction\",\"target\":{\"@type\":\"EntryPoint\",\"urlTemplate\":\"https:\\\/\\\/nordlinepaadid.ee\\\/et\\\/?s={search_term_string}\"},\"query-input\":{\"@type\":\"PropertyValueSpecification\",\"valueRequired\":true,\"valueName\":\"search_term_string\"}}],\"inLanguage\":\"et\"},{\"@type\":\"Organization\",\"@id\":\"https:\\\/\\\/nordlinepaadid.ee\\\/et\\\/#organization\",\"name\":\"Nordlineboats\",\"url\":\"https:\\\/\\\/nordlinepaadid.ee\\\/et\\\/\",\"logo\":{\"@type\":\"ImageObject\",\"inLanguage\":\"et\",\"@id\":\"https:\\\/\\\/nordlinepaadid.ee\\\/et\\\/#\\\/schema\\\/logo\\\/image\\\/\",\"url\":\"https:\\\/\\\/nordlinepaadid.ee\\\/wp-content\\\/uploads\\\/2023\\\/01\\\/fulllogo_transparent_nobuffer-e1672750475494.png\",\"contentUrl\":\"https:\\\/\\\/nordlinepaadid.ee\\\/wp-content\\\/uploads\\\/2023\\\/01\\\/fulllogo_transparent_nobuffer-e1672750475494.png\",\"width\":150,\"height\":119,\"caption\":\"Nordlineboats\"},\"image\":{\"@id\":\"https:\\\/\\\/nordlinepaadid.ee\\\/et\\\/#\\\/schema\\\/logo\\\/image\\\/\"},\"sameAs\":[\"https:\\\/\\\/www.facebook.com\\\/nordlineboats\",\"https:\\\/\\\/www.youtube.com\\\/channel\\\/UCbgF0fy02y3QkFnujaLTaCA\"]}]}<\/script>\n<!-- \/ Yoast SEO plugin. -->","yoast_head_json":{"title":"SUP KOMPLEKT - AQUA MARINA VIBRANT YOUTH 8\u20190\u2033 - NORDLINE s\u00f5udepaadid ja mootorpaadid. Klaasfiiber materjalist.","robots":{"index":"index","follow":"follow","max-snippet":"max-snippet:-1","max-image-preview":"max-image-preview:large","max-video-preview":"max-video-preview:-1"},"canonical":"https:\/\/nordlinepaadid.ee\/et\/pood\/veespordivahendid\/sup\/sup-komplekt-aqua-marina-vibrant-youth-80%e2%80%b3\/","og_locale":"et_EE","og_type":"article","og_title":"SUP KOMPLEKT - AQUA MARINA VIBRANT YOUTH 8\u20190\u2033 - NORDLINE s\u00f5udepaadid ja mootorpaadid. Klaasfiiber materjalist.","og_description":"VIBRANT SUP-laual on mitmek\u00fclgne kuju ja kompaktne seljakott, mis sobib ideaalselt selleks, et lapsed saaksid ise kokku panna. Olenemata sellest, kas nad tahavad l\u00f5butseda rahulikus vees v\u00f5i p\u00fc\u00fcda v\u00e4ikseid laineid, on see laud ideaalne valik alustamiseks. Mudel VIBRANT on valmistatud Drop Stitch Light tehnoloogiaga ja keevitatud r\u00f6\u00f6bastega, mis on v\u00e4ga tugev ja vastupidav. T\u00e4iustatud EVA...","og_url":"https:\/\/nordlinepaadid.ee\/et\/pood\/veespordivahendid\/sup\/sup-komplekt-aqua-marina-vibrant-youth-80%e2%80%b3\/","og_site_name":"NORDLINE s\u00f5udepaadid ja mootorpaadid. Klaasfiiber materjalist.","article_publisher":"https:\/\/www.facebook.com\/nordlineboats","og_image":[{"width":784,"height":749,"url":"https:\/\/nordlinepaadid.ee\/wp-content\/uploads\/2025\/03\/11435_AM-98450-1.jpg","type":"image\/jpeg"}],"twitter_card":"summary_large_image","twitter_misc":{"Est. reading time":"1 minut"},"schema":{"@context":"https:\/\/schema.org","@graph":[{"@type":"WebPage","@id":"https:\/\/nordlinepaadid.ee\/et\/pood\/veespordivahendid\/sup\/sup-komplekt-aqua-marina-vibrant-youth-80%e2%80%b3\/","url":"https:\/\/nordlinepaadid.ee\/et\/pood\/veespordivahendid\/sup\/sup-komplekt-aqua-marina-vibrant-youth-80%e2%80%b3\/","name":"SUP KOMPLEKT - AQUA MARINA VIBRANT YOUTH 8\u20190\u2033 - NORDLINE s\u00f5udepaadid ja mootorpaadid. Klaasfiiber materjalist.","isPartOf":{"@id":"https:\/\/nordlinepaadid.ee\/et\/#website"},"primaryImageOfPage":{"@id":"https:\/\/nordlinepaadid.ee\/et\/pood\/veespordivahendid\/sup\/sup-komplekt-aqua-marina-vibrant-youth-80%e2%80%b3\/#primaryimage"},"image":{"@id":"https:\/\/nordlinepaadid.ee\/et\/pood\/veespordivahendid\/sup\/sup-komplekt-aqua-marina-vibrant-youth-80%e2%80%b3\/#primaryimage"},"thumbnailUrl":"https:\/\/nordlinepaadid.ee\/wp-content\/uploads\/2025\/03\/11435_AM-98450-1.jpg","datePublished":"2026-04-07T00:27:11+00:00","breadcrumb":{"@id":"https:\/\/nordlinepaadid.ee\/et\/pood\/veespordivahendid\/sup\/sup-komplekt-aqua-marina-vibrant-youth-80%e2%80%b3\/#breadcrumb"},"inLanguage":"et","potentialAction":[{"@type":"ReadAction","target":["https:\/\/nordlinepaadid.ee\/et\/pood\/veespordivahendid\/sup\/sup-komplekt-aqua-marina-vibrant-youth-80%e2%80%b3\/"]}]},{"@type":"ImageObject","inLanguage":"et","@id":"https:\/\/nordlinepaadid.ee\/et\/pood\/veespordivahendid\/sup\/sup-komplekt-aqua-marina-vibrant-youth-80%e2%80%b3\/#primaryimage","url":"https:\/\/nordlinepaadid.ee\/wp-content\/uploads\/2025\/03\/11435_AM-98450-1.jpg","contentUrl":"https:\/\/nordlinepaadid.ee\/wp-content\/uploads\/2025\/03\/11435_AM-98450-1.jpg","width":784,"height":749},{"@type":"BreadcrumbList","@id":"https:\/\/nordlinepaadid.ee\/et\/pood\/veespordivahendid\/sup\/sup-komplekt-aqua-marina-vibrant-youth-80%e2%80%b3\/#breadcrumb","itemListElement":[{"@type":"ListItem","position":1,"name":"Home","item":"https:\/\/nordlinepaadid.ee\/et\/"},{"@type":"ListItem","position":2,"name":"Pood","item":"https:\/\/nordlinepaadid.ee\/et\/pood\/"},{"@type":"ListItem","position":3,"name":"SUP KOMPLEKT &#8211; AQUA MARINA VIBRANT YOUTH 8\u20190\u2033"}]},{"@type":"WebSite","@id":"https:\/\/nordlinepaadid.ee\/et\/#website","url":"https:\/\/nordlinepaadid.ee\/et\/","name":"NORDLINE s\u00f5udepaadid ja mootorpaadid. Klaasfiiber materjalist.","description":"","publisher":{"@id":"https:\/\/nordlinepaadid.ee\/et\/#organization"},"potentialAction":[{"@type":"SearchAction","target":{"@type":"EntryPoint","urlTemplate":"https:\/\/nordlinepaadid.ee\/et\/?s={search_term_string}"},"query-input":{"@type":"PropertyValueSpecification","valueRequired":true,"valueName":"search_term_string"}}],"inLanguage":"et"},{"@type":"Organization","@id":"https:\/\/nordlinepaadid.ee\/et\/#organization","name":"Nordlineboats","url":"https:\/\/nordlinepaadid.ee\/et\/","logo":{"@type":"ImageObject","inLanguage":"et","@id":"https:\/\/nordlinepaadid.ee\/et\/#\/schema\/logo\/image\/","url":"https:\/\/nordlinepaadid.ee\/wp-content\/uploads\/2023\/01\/fulllogo_transparent_nobuffer-e1672750475494.png","contentUrl":"https:\/\/nordlinepaadid.ee\/wp-content\/uploads\/2023\/01\/fulllogo_transparent_nobuffer-e1672750475494.png","width":150,"height":119,"caption":"Nordlineboats"},"image":{"@id":"https:\/\/nordlinepaadid.ee\/et\/#\/schema\/logo\/image\/"},"sameAs":["https:\/\/www.facebook.com\/nordlineboats","https:\/\/www.youtube.com\/channel\/UCbgF0fy02y3QkFnujaLTaCA"]}]}},"taxonomy_info":{"product_cat":[{"value":1613,"label":"SUP lauad"},{"value":262,"label":"VEESPORDIVAHENDID, VABA AEG"}],"pa_unit":[{"value":441,"label":"kit"}]},"featured_image_src_large":["https:\/\/nordlinepaadid.ee\/wp-content\/uploads\/2025\/03\/11435_AM-98450-1.jpg",784,749,false],"author_info":[],"comment_info":"","_links":{"self":[{"href":"https:\/\/nordlinepaadid.ee\/et\/wp-json\/wp\/v2\/product\/47085","targetHints":{"allow":["GET"]}}],"collection":[{"href":"https:\/\/nordlinepaadid.ee\/et\/wp-json\/wp\/v2\/product"}],"about":[{"href":"https:\/\/nordlinepaadid.ee\/et\/wp-json\/wp\/v2\/types\/product"}],"wp:featuredmedia":[{"embeddable":true,"href":"https:\/\/nordlinepaadid.ee\/et\/wp-json\/wp\/v2\/media\/49612"}],"wp:attachment":[{"href":"https:\/\/nordlinepaadid.ee\/et\/wp-json\/wp\/v2\/media?parent=47085"}],"wp:term":[{"taxonomy":"product_brand","embeddable":true,"href":"https:\/\/nordlinepaadid.ee\/et\/wp-json\/wp\/v2\/product_brand?post=47085"},{"taxonomy":"product_cat","embeddable":true,"href":"https:\/\/nordlinepaadid.ee\/et\/wp-json\/wp\/v2\/product_cat?post=47085"},{"taxonomy":"product_tag","embeddable":true,"href":"https:\/\/nordlinepaadid.ee\/et\/wp-json\/wp\/v2\/product_tag?post=47085"}],"curies":[{"name":"wp","href":"https:\/\/api.w.org\/{rel}","templated":true}]}}