{"id":47087,"date":"2026-04-07T03:27:11","date_gmt":"2026-04-07T00:27:11","guid":{"rendered":"https:\/\/nordlinepaadid.ee\/toode\/maaratlemata\/kummipaadi-transpordirattad-l-hd\/"},"modified":"2026-04-07T03:27:12","modified_gmt":"2026-04-07T00:27:12","slug":"kummipaadi-transpordirattad-l-hd","status":"publish","type":"product","link":"https:\/\/nordlinepaadid.ee\/et\/pood\/kummipaadid-ja-tarvikud\/accessories-for-inflatable-boats\/kummipaadi-transpordirattad-l-hd\/","title":{"rendered":"KUMMIPAADI TRANSPORDIRATTAD &#8211; L (HD)"},"content":{"rendered":"<p>L &#8211; t\u00fc\u00fcpi transpordirattad sobivad ideaalselt k\u00f5igile, kes soovivad oma paati h\u00f5lpsalt vette ja sealt v\u00e4lja t\u00f5sta. Nende ratastega saate oma paadiga h\u00f5lpsalt man\u00f6\u00f6verdada \u00fcle liiva, kivide ja muude takistuste, mis muidu v\u00f5ivad teie paadi vettelaskmist raskendada.<\/p>\n<p>&#13;<br \/>\n&#13;<\/p>\n<p>&nbsp;<\/p>\n<p>&#13;<br \/>\n&#13;<\/p>\n<p><strong>Omadused:<\/strong><\/p>\n<p>&#13;<br \/>\n&#13;<\/p>\n<ul>&#13;<\/p>\n<li>Lihtne paigaldamine<\/li>\n<p>&#13;<\/p>\n<li>T\u00e4ispuhutavad PU rattad \u00d8 260 mm koos sisekummiga<\/li>\n<p>&#13;<\/p>\n<li>Kandev\u00f5ime &#8211; 130 kg<\/li>\n<p>&#13;<\/p>\n<li>Omakaal 4,5 kg (paar)<\/li>\n<p>&#13;<\/p>\n<li>Kohaldatav p\u00e4ramootoriga paatide jaoks<\/li>\n<p>&#13;<\/p>\n<li>Vees\u00f5idul ei esine takistusi<\/li>\n<p>&#13;\n<\/ul>\n<p>&#13;<\/p>\n","protected":false},"excerpt":{"rendered":"<p>L &#8211; t\u00fc\u00fcpi transpordirattad sobivad ideaalselt k\u00f5igile, kes soovivad oma paati h\u00f5lpsalt vette ja sealt v\u00e4lja t\u00f5sta. Nende ratastega saate oma paadiga h\u00f5lpsalt man\u00f6\u00f6verdada \u00fcle liiva, kivide ja muude takistuste, mis muidu v\u00f5ivad teie paadi vettelaskmist raskendada. &#13; &#13; &nbsp; &#13; &#13; Omadused: &#13; &#13; &#13; Lihtne paigaldamine &#13; T\u00e4ispuhutavad PU rattad \u00d8 260 mm&#8230;<\/p>\n","protected":false},"featured_media":49640,"template":"","meta":{"_kad_blocks_custom_css":"","_kad_blocks_head_custom_js":"","_kad_blocks_body_custom_js":"","_kad_blocks_footer_custom_js":"","_kad_post_transparent":"","_kad_post_title":"","_kad_post_layout":"","_kad_post_sidebar_id":"","_kad_post_content_style":"","_kad_post_vertical_padding":"","_kad_post_feature":"","_kad_post_feature_position":"","_kad_post_header":false,"_kad_post_footer":false,"_kad_post_classname":""},"product_brand":[],"product_cat":[295,250],"product_tag":[],"class_list":{"0":"post-47087","1":"product","2":"type-product","3":"status-publish","4":"has-post-thumbnail","6":"product_cat-accessories-for-inflatable-boats","7":"product_cat-kummipaadid-ja-tarvikud","8":"pa_unit-pcs","9":"tm-no-options","11":"first","12":"instock","13":"taxable","14":"shipping-taxable","15":"purchasable","16":"product-type-simple","17":"entry","18":"content-bg","19":"loop-entry"},"yoast_head":"<!-- This site is optimized with the Yoast SEO plugin v27.3 - https:\/\/yoast.com\/product\/yoast-seo-wordpress\/ -->\n<title>KUMMIPAADI TRANSPORDIRATTAD - L (HD) - NORDLINE s\u00f5udepaadid ja mootorpaadid. Klaasfiiber materjalist.<\/title>\n<meta name=\"robots\" content=\"index, follow, max-snippet:-1, max-image-preview:large, max-video-preview:-1\" \/>\n<link rel=\"canonical\" href=\"https:\/\/nordlinepaadid.ee\/et\/pood\/kummipaadid-ja-tarvikud\/accessories-for-inflatable-boats\/kummipaadi-transpordirattad-l-hd\/\" \/>\n<meta property=\"og:locale\" content=\"et_EE\" \/>\n<meta property=\"og:type\" content=\"article\" \/>\n<meta property=\"og:title\" content=\"KUMMIPAADI TRANSPORDIRATTAD - L (HD) - NORDLINE s\u00f5udepaadid ja mootorpaadid. Klaasfiiber materjalist.\" \/>\n<meta property=\"og:description\" content=\"L &#8211; t\u00fc\u00fcpi transpordirattad sobivad ideaalselt k\u00f5igile, kes soovivad oma paati h\u00f5lpsalt vette ja sealt v\u00e4lja t\u00f5sta. Nende ratastega saate oma paadiga h\u00f5lpsalt man\u00f6\u00f6verdada \u00fcle liiva, kivide ja muude takistuste, mis muidu v\u00f5ivad teie paadi vettelaskmist raskendada. &#013; &#013; &nbsp; &#013; &#013; Omadused: &#013; &#013; &#013; Lihtne paigaldamine &#013; T\u00e4ispuhutavad PU rattad \u00d8 260 mm...\" \/>\n<meta property=\"og:url\" content=\"https:\/\/nordlinepaadid.ee\/et\/pood\/kummipaadid-ja-tarvikud\/accessories-for-inflatable-boats\/kummipaadi-transpordirattad-l-hd\/\" \/>\n<meta property=\"og:site_name\" content=\"NORDLINE s\u00f5udepaadid ja mootorpaadid. Klaasfiiber materjalist.\" \/>\n<meta property=\"article:publisher\" content=\"https:\/\/www.facebook.com\/nordlineboats\" \/>\n<meta property=\"article:modified_time\" content=\"2026-04-07T00:27:12+00:00\" \/>\n<meta property=\"og:image\" content=\"https:\/\/nordlinepaadid.ee\/wp-content\/uploads\/2025\/03\/11421_TYPEL-1.jpg\" \/>\n\t<meta property=\"og:image:width\" content=\"962\" \/>\n\t<meta property=\"og:image:height\" content=\"962\" \/>\n\t<meta property=\"og:image:type\" content=\"image\/jpeg\" \/>\n<meta name=\"twitter:card\" content=\"summary_large_image\" \/>\n<script type=\"application\/ld+json\" class=\"yoast-schema-graph\">{\"@context\":\"https:\\\/\\\/schema.org\",\"@graph\":[{\"@type\":\"WebPage\",\"@id\":\"https:\\\/\\\/nordlinepaadid.ee\\\/et\\\/pood\\\/kummipaadid-ja-tarvikud\\\/accessories-for-inflatable-boats\\\/kummipaadi-transpordirattad-l-hd\\\/\",\"url\":\"https:\\\/\\\/nordlinepaadid.ee\\\/et\\\/pood\\\/kummipaadid-ja-tarvikud\\\/accessories-for-inflatable-boats\\\/kummipaadi-transpordirattad-l-hd\\\/\",\"name\":\"KUMMIPAADI TRANSPORDIRATTAD - L (HD) - NORDLINE s\u00f5udepaadid ja mootorpaadid. Klaasfiiber materjalist.\",\"isPartOf\":{\"@id\":\"https:\\\/\\\/nordlinepaadid.ee\\\/et\\\/#website\"},\"primaryImageOfPage\":{\"@id\":\"https:\\\/\\\/nordlinepaadid.ee\\\/et\\\/pood\\\/kummipaadid-ja-tarvikud\\\/accessories-for-inflatable-boats\\\/kummipaadi-transpordirattad-l-hd\\\/#primaryimage\"},\"image\":{\"@id\":\"https:\\\/\\\/nordlinepaadid.ee\\\/et\\\/pood\\\/kummipaadid-ja-tarvikud\\\/accessories-for-inflatable-boats\\\/kummipaadi-transpordirattad-l-hd\\\/#primaryimage\"},\"thumbnailUrl\":\"https:\\\/\\\/nordlinepaadid.ee\\\/wp-content\\\/uploads\\\/2025\\\/03\\\/11421_TYPEL-1.jpg\",\"datePublished\":\"2026-04-07T00:27:11+00:00\",\"dateModified\":\"2026-04-07T00:27:12+00:00\",\"breadcrumb\":{\"@id\":\"https:\\\/\\\/nordlinepaadid.ee\\\/et\\\/pood\\\/kummipaadid-ja-tarvikud\\\/accessories-for-inflatable-boats\\\/kummipaadi-transpordirattad-l-hd\\\/#breadcrumb\"},\"inLanguage\":\"et\",\"potentialAction\":[{\"@type\":\"ReadAction\",\"target\":[\"https:\\\/\\\/nordlinepaadid.ee\\\/et\\\/pood\\\/kummipaadid-ja-tarvikud\\\/accessories-for-inflatable-boats\\\/kummipaadi-transpordirattad-l-hd\\\/\"]}]},{\"@type\":\"ImageObject\",\"inLanguage\":\"et\",\"@id\":\"https:\\\/\\\/nordlinepaadid.ee\\\/et\\\/pood\\\/kummipaadid-ja-tarvikud\\\/accessories-for-inflatable-boats\\\/kummipaadi-transpordirattad-l-hd\\\/#primaryimage\",\"url\":\"https:\\\/\\\/nordlinepaadid.ee\\\/wp-content\\\/uploads\\\/2025\\\/03\\\/11421_TYPEL-1.jpg\",\"contentUrl\":\"https:\\\/\\\/nordlinepaadid.ee\\\/wp-content\\\/uploads\\\/2025\\\/03\\\/11421_TYPEL-1.jpg\",\"width\":962,\"height\":962},{\"@type\":\"BreadcrumbList\",\"@id\":\"https:\\\/\\\/nordlinepaadid.ee\\\/et\\\/pood\\\/kummipaadid-ja-tarvikud\\\/accessories-for-inflatable-boats\\\/kummipaadi-transpordirattad-l-hd\\\/#breadcrumb\",\"itemListElement\":[{\"@type\":\"ListItem\",\"position\":1,\"name\":\"Home\",\"item\":\"https:\\\/\\\/nordlinepaadid.ee\\\/et\\\/\"},{\"@type\":\"ListItem\",\"position\":2,\"name\":\"Pood\",\"item\":\"https:\\\/\\\/nordlinepaadid.ee\\\/et\\\/pood\\\/\"},{\"@type\":\"ListItem\",\"position\":3,\"name\":\"KUMMIPAADI TRANSPORDIRATTAD &#8211; L (HD)\"}]},{\"@type\":\"WebSite\",\"@id\":\"https:\\\/\\\/nordlinepaadid.ee\\\/et\\\/#website\",\"url\":\"https:\\\/\\\/nordlinepaadid.ee\\\/et\\\/\",\"name\":\"NORDLINE s\u00f5udepaadid ja mootorpaadid. Klaasfiiber materjalist.\",\"description\":\"\",\"publisher\":{\"@id\":\"https:\\\/\\\/nordlinepaadid.ee\\\/et\\\/#organization\"},\"potentialAction\":[{\"@type\":\"SearchAction\",\"target\":{\"@type\":\"EntryPoint\",\"urlTemplate\":\"https:\\\/\\\/nordlinepaadid.ee\\\/et\\\/?s={search_term_string}\"},\"query-input\":{\"@type\":\"PropertyValueSpecification\",\"valueRequired\":true,\"valueName\":\"search_term_string\"}}],\"inLanguage\":\"et\"},{\"@type\":\"Organization\",\"@id\":\"https:\\\/\\\/nordlinepaadid.ee\\\/et\\\/#organization\",\"name\":\"Nordlineboats\",\"url\":\"https:\\\/\\\/nordlinepaadid.ee\\\/et\\\/\",\"logo\":{\"@type\":\"ImageObject\",\"inLanguage\":\"et\",\"@id\":\"https:\\\/\\\/nordlinepaadid.ee\\\/et\\\/#\\\/schema\\\/logo\\\/image\\\/\",\"url\":\"https:\\\/\\\/nordlinepaadid.ee\\\/wp-content\\\/uploads\\\/2023\\\/01\\\/fulllogo_transparent_nobuffer-e1672750475494.png\",\"contentUrl\":\"https:\\\/\\\/nordlinepaadid.ee\\\/wp-content\\\/uploads\\\/2023\\\/01\\\/fulllogo_transparent_nobuffer-e1672750475494.png\",\"width\":150,\"height\":119,\"caption\":\"Nordlineboats\"},\"image\":{\"@id\":\"https:\\\/\\\/nordlinepaadid.ee\\\/et\\\/#\\\/schema\\\/logo\\\/image\\\/\"},\"sameAs\":[\"https:\\\/\\\/www.facebook.com\\\/nordlineboats\",\"https:\\\/\\\/www.youtube.com\\\/channel\\\/UCbgF0fy02y3QkFnujaLTaCA\"]}]}<\/script>\n<!-- \/ Yoast SEO plugin. -->","yoast_head_json":{"title":"KUMMIPAADI TRANSPORDIRATTAD - L (HD) - NORDLINE s\u00f5udepaadid ja mootorpaadid. Klaasfiiber materjalist.","robots":{"index":"index","follow":"follow","max-snippet":"max-snippet:-1","max-image-preview":"max-image-preview:large","max-video-preview":"max-video-preview:-1"},"canonical":"https:\/\/nordlinepaadid.ee\/et\/pood\/kummipaadid-ja-tarvikud\/accessories-for-inflatable-boats\/kummipaadi-transpordirattad-l-hd\/","og_locale":"et_EE","og_type":"article","og_title":"KUMMIPAADI TRANSPORDIRATTAD - L (HD) - NORDLINE s\u00f5udepaadid ja mootorpaadid. Klaasfiiber materjalist.","og_description":"L &#8211; t\u00fc\u00fcpi transpordirattad sobivad ideaalselt k\u00f5igile, kes soovivad oma paati h\u00f5lpsalt vette ja sealt v\u00e4lja t\u00f5sta. Nende ratastega saate oma paadiga h\u00f5lpsalt man\u00f6\u00f6verdada \u00fcle liiva, kivide ja muude takistuste, mis muidu v\u00f5ivad teie paadi vettelaskmist raskendada. &#13; &#13; &nbsp; &#13; &#13; Omadused: &#13; &#13; &#13; Lihtne paigaldamine &#13; T\u00e4ispuhutavad PU rattad \u00d8 260 mm...","og_url":"https:\/\/nordlinepaadid.ee\/et\/pood\/kummipaadid-ja-tarvikud\/accessories-for-inflatable-boats\/kummipaadi-transpordirattad-l-hd\/","og_site_name":"NORDLINE s\u00f5udepaadid ja mootorpaadid. Klaasfiiber materjalist.","article_publisher":"https:\/\/www.facebook.com\/nordlineboats","article_modified_time":"2026-04-07T00:27:12+00:00","og_image":[{"width":962,"height":962,"url":"https:\/\/nordlinepaadid.ee\/wp-content\/uploads\/2025\/03\/11421_TYPEL-1.jpg","type":"image\/jpeg"}],"twitter_card":"summary_large_image","schema":{"@context":"https:\/\/schema.org","@graph":[{"@type":"WebPage","@id":"https:\/\/nordlinepaadid.ee\/et\/pood\/kummipaadid-ja-tarvikud\/accessories-for-inflatable-boats\/kummipaadi-transpordirattad-l-hd\/","url":"https:\/\/nordlinepaadid.ee\/et\/pood\/kummipaadid-ja-tarvikud\/accessories-for-inflatable-boats\/kummipaadi-transpordirattad-l-hd\/","name":"KUMMIPAADI TRANSPORDIRATTAD - L (HD) - NORDLINE s\u00f5udepaadid ja mootorpaadid. Klaasfiiber materjalist.","isPartOf":{"@id":"https:\/\/nordlinepaadid.ee\/et\/#website"},"primaryImageOfPage":{"@id":"https:\/\/nordlinepaadid.ee\/et\/pood\/kummipaadid-ja-tarvikud\/accessories-for-inflatable-boats\/kummipaadi-transpordirattad-l-hd\/#primaryimage"},"image":{"@id":"https:\/\/nordlinepaadid.ee\/et\/pood\/kummipaadid-ja-tarvikud\/accessories-for-inflatable-boats\/kummipaadi-transpordirattad-l-hd\/#primaryimage"},"thumbnailUrl":"https:\/\/nordlinepaadid.ee\/wp-content\/uploads\/2025\/03\/11421_TYPEL-1.jpg","datePublished":"2026-04-07T00:27:11+00:00","dateModified":"2026-04-07T00:27:12+00:00","breadcrumb":{"@id":"https:\/\/nordlinepaadid.ee\/et\/pood\/kummipaadid-ja-tarvikud\/accessories-for-inflatable-boats\/kummipaadi-transpordirattad-l-hd\/#breadcrumb"},"inLanguage":"et","potentialAction":[{"@type":"ReadAction","target":["https:\/\/nordlinepaadid.ee\/et\/pood\/kummipaadid-ja-tarvikud\/accessories-for-inflatable-boats\/kummipaadi-transpordirattad-l-hd\/"]}]},{"@type":"ImageObject","inLanguage":"et","@id":"https:\/\/nordlinepaadid.ee\/et\/pood\/kummipaadid-ja-tarvikud\/accessories-for-inflatable-boats\/kummipaadi-transpordirattad-l-hd\/#primaryimage","url":"https:\/\/nordlinepaadid.ee\/wp-content\/uploads\/2025\/03\/11421_TYPEL-1.jpg","contentUrl":"https:\/\/nordlinepaadid.ee\/wp-content\/uploads\/2025\/03\/11421_TYPEL-1.jpg","width":962,"height":962},{"@type":"BreadcrumbList","@id":"https:\/\/nordlinepaadid.ee\/et\/pood\/kummipaadid-ja-tarvikud\/accessories-for-inflatable-boats\/kummipaadi-transpordirattad-l-hd\/#breadcrumb","itemListElement":[{"@type":"ListItem","position":1,"name":"Home","item":"https:\/\/nordlinepaadid.ee\/et\/"},{"@type":"ListItem","position":2,"name":"Pood","item":"https:\/\/nordlinepaadid.ee\/et\/pood\/"},{"@type":"ListItem","position":3,"name":"KUMMIPAADI TRANSPORDIRATTAD &#8211; L (HD)"}]},{"@type":"WebSite","@id":"https:\/\/nordlinepaadid.ee\/et\/#website","url":"https:\/\/nordlinepaadid.ee\/et\/","name":"NORDLINE s\u00f5udepaadid ja mootorpaadid. Klaasfiiber materjalist.","description":"","publisher":{"@id":"https:\/\/nordlinepaadid.ee\/et\/#organization"},"potentialAction":[{"@type":"SearchAction","target":{"@type":"EntryPoint","urlTemplate":"https:\/\/nordlinepaadid.ee\/et\/?s={search_term_string}"},"query-input":{"@type":"PropertyValueSpecification","valueRequired":true,"valueName":"search_term_string"}}],"inLanguage":"et"},{"@type":"Organization","@id":"https:\/\/nordlinepaadid.ee\/et\/#organization","name":"Nordlineboats","url":"https:\/\/nordlinepaadid.ee\/et\/","logo":{"@type":"ImageObject","inLanguage":"et","@id":"https:\/\/nordlinepaadid.ee\/et\/#\/schema\/logo\/image\/","url":"https:\/\/nordlinepaadid.ee\/wp-content\/uploads\/2023\/01\/fulllogo_transparent_nobuffer-e1672750475494.png","contentUrl":"https:\/\/nordlinepaadid.ee\/wp-content\/uploads\/2023\/01\/fulllogo_transparent_nobuffer-e1672750475494.png","width":150,"height":119,"caption":"Nordlineboats"},"image":{"@id":"https:\/\/nordlinepaadid.ee\/et\/#\/schema\/logo\/image\/"},"sameAs":["https:\/\/www.facebook.com\/nordlineboats","https:\/\/www.youtube.com\/channel\/UCbgF0fy02y3QkFnujaLTaCA"]}]}},"taxonomy_info":{"product_cat":[{"value":295,"label":"Kummipaadi tarvikud"},{"value":250,"label":"KUMMIPAADID JA TARVIKUD"}],"pa_unit":[{"value":416,"label":"pcs"}]},"featured_image_src_large":["https:\/\/nordlinepaadid.ee\/wp-content\/uploads\/2025\/03\/11421_TYPEL-1.jpg",962,962,false],"author_info":[],"comment_info":"","_links":{"self":[{"href":"https:\/\/nordlinepaadid.ee\/et\/wp-json\/wp\/v2\/product\/47087","targetHints":{"allow":["GET"]}}],"collection":[{"href":"https:\/\/nordlinepaadid.ee\/et\/wp-json\/wp\/v2\/product"}],"about":[{"href":"https:\/\/nordlinepaadid.ee\/et\/wp-json\/wp\/v2\/types\/product"}],"wp:featuredmedia":[{"embeddable":true,"href":"https:\/\/nordlinepaadid.ee\/et\/wp-json\/wp\/v2\/media\/49640"}],"wp:attachment":[{"href":"https:\/\/nordlinepaadid.ee\/et\/wp-json\/wp\/v2\/media?parent=47087"}],"wp:term":[{"taxonomy":"product_brand","embeddable":true,"href":"https:\/\/nordlinepaadid.ee\/et\/wp-json\/wp\/v2\/product_brand?post=47087"},{"taxonomy":"product_cat","embeddable":true,"href":"https:\/\/nordlinepaadid.ee\/et\/wp-json\/wp\/v2\/product_cat?post=47087"},{"taxonomy":"product_tag","embeddable":true,"href":"https:\/\/nordlinepaadid.ee\/et\/wp-json\/wp\/v2\/product_tag?post=47087"}],"curies":[{"name":"wp","href":"https:\/\/api.w.org\/{rel}","templated":true}]}}