{"id":47282,"date":"2026-04-14T03:27:38","date_gmt":"2026-04-14T00:27:38","guid":{"rendered":"https:\/\/nordlinepaadid.ee\/toode\/maaratlemata\/elektrimootor-harbo-40-lbs-12-v\/"},"modified":"2026-04-14T03:27:38","modified_gmt":"2026-04-14T00:27:38","slug":"elektrimootor-harbo-40-lbs-12-v","status":"publish","type":"product","link":"https:\/\/nordlinepaadid.ee\/et\/pood\/paadimootorid\/elektrimootor-harbo-40-lbs-12-v\/","title":{"rendered":"ELEKTRIMOOTOR- HARBO, 40 LBS, 12 V"},"content":{"rendered":"<p>Elektriline paadimootor HARBO on tuntud ARGO mootorite t\u00e4iustatud versioon, mida iseloomustab v\u00e4iksem energiakulu ja t\u00e4iustatud mootori tihenduss\u00fcsteem. See 40 Lbs mootor on ideaalne valik neile, kes otsivad t\u00f5husat ja usaldusv\u00e4\u00e4rset lahendust. Omadused: &#8211; Vastupidav korrosioonivastane kate, mis kaitseb soolase vee m\u00f5jude eest. &#8211; Vastupidav, l\u00f6\u00f6gikindel klaaskiudmaterjal kasutatakse mootori jala jaoks. &#8211; S\u00fcsinikplastist kinnitused, mis taluvad suuri koormusi ja on UV-kindlad. &#8211; Metallist s\u00fcsinikharjahoidjad ja vastupidav laager. &#8211; Reguleeritav mootori asend ja kaldenurk maksimaalse mugavuse tagamiseks. &#8211; Teleskoopk\u00e4epide, reguleeritav kuni 16 cm, mis v\u00f5imaldab mootorit h\u00f5lpsalt juhtida. Sisaldab: &#8211; Mootor, tiivik, tiiviku v\u00f5ti, varutiivik, s\u00fcsinikharjad ja juhised. Tehnilised andmed: &#8211; Toide: 40 naela (12 V, 34 A) &#8211; Jala pikkus: 81,28 cm &#8211; K\u00e4igud: 5 edasi, 3 tagasi &#8211; Maksimaalne kiirus: 7,5 km\/h &#8211; Kaal: 7,5 kg (pakendis 9,8 kg) &#8211; Pakendi m\u00f5\u00f5dud: 121 x 48 x 16 cm Lisaks: 10 LED indikaatorit, mis n\u00e4itavad aku olekut.<\/p>\n<p>&#13;<\/p>\n","protected":false},"excerpt":{"rendered":"<p>Elektriline paadimootor HARBO on tuntud ARGO mootorite t\u00e4iustatud versioon, mida iseloomustab v\u00e4iksem energiakulu ja t\u00e4iustatud mootori tihenduss\u00fcsteem. See 40 Lbs mootor on ideaalne valik neile, kes otsivad t\u00f5husat ja usaldusv\u00e4\u00e4rset lahendust. Omadused: &#8211; Vastupidav korrosioonivastane kate, mis kaitseb soolase vee m\u00f5jude eest. &#8211; Vastupidav, l\u00f6\u00f6gikindel klaaskiudmaterjal kasutatakse mootori jala jaoks. &#8211; S\u00fcsinikplastist kinnitused, mis taluvad&#8230;<\/p>\n","protected":false},"featured_media":50182,"template":"","meta":{"_kad_blocks_custom_css":"","_kad_blocks_head_custom_js":"","_kad_blocks_body_custom_js":"","_kad_blocks_footer_custom_js":"","_kad_post_transparent":"","_kad_post_title":"","_kad_post_layout":"","_kad_post_sidebar_id":"","_kad_post_content_style":"","_kad_post_vertical_padding":"","_kad_post_feature":"","_kad_post_feature_position":"","_kad_post_header":false,"_kad_post_footer":false,"_kad_post_classname":""},"product_brand":[],"product_cat":[343,342],"product_tag":[],"class_list":{"0":"post-47282","1":"product","2":"type-product","3":"status-publish","4":"has-post-thumbnail","6":"product_cat-elektrilised-paadimootorid","7":"product_cat-paadimootorid","8":"pa_unit-pcs","9":"tm-no-options","11":"first","12":"instock","13":"sale","14":"taxable","15":"shipping-taxable","16":"purchasable","17":"product-type-simple","18":"entry","19":"content-bg","20":"loop-entry"},"yoast_head":"<!-- This site is optimized with the Yoast SEO plugin v27.3 - https:\/\/yoast.com\/product\/yoast-seo-wordpress\/ -->\n<title>ELEKTRIMOOTOR- HARBO, 40 LBS, 12 V - NORDLINE s\u00f5udepaadid ja mootorpaadid. Klaasfiiber materjalist.<\/title>\n<meta name=\"robots\" content=\"index, follow, max-snippet:-1, max-image-preview:large, max-video-preview:-1\" \/>\n<link rel=\"canonical\" href=\"https:\/\/nordlinepaadid.ee\/et\/pood\/paadimootorid\/elektrimootor-harbo-40-lbs-12-v\/\" \/>\n<meta property=\"og:locale\" content=\"et_EE\" \/>\n<meta property=\"og:type\" content=\"article\" \/>\n<meta property=\"og:title\" content=\"ELEKTRIMOOTOR- HARBO, 40 LBS, 12 V - NORDLINE s\u00f5udepaadid ja mootorpaadid. Klaasfiiber materjalist.\" \/>\n<meta property=\"og:description\" content=\"Elektriline paadimootor HARBO on tuntud ARGO mootorite t\u00e4iustatud versioon, mida iseloomustab v\u00e4iksem energiakulu ja t\u00e4iustatud mootori tihenduss\u00fcsteem. See 40 Lbs mootor on ideaalne valik neile, kes otsivad t\u00f5husat ja usaldusv\u00e4\u00e4rset lahendust. Omadused: &#8211; Vastupidav korrosioonivastane kate, mis kaitseb soolase vee m\u00f5jude eest. &#8211; Vastupidav, l\u00f6\u00f6gikindel klaaskiudmaterjal kasutatakse mootori jala jaoks. &#8211; S\u00fcsinikplastist kinnitused, mis taluvad...\" \/>\n<meta property=\"og:url\" content=\"https:\/\/nordlinepaadid.ee\/et\/pood\/paadimootorid\/elektrimootor-harbo-40-lbs-12-v\/\" \/>\n<meta property=\"og:site_name\" content=\"NORDLINE s\u00f5udepaadid ja mootorpaadid. Klaasfiiber materjalist.\" \/>\n<meta property=\"article:publisher\" content=\"https:\/\/www.facebook.com\/nordlineboats\" \/>\n<meta property=\"og:image\" content=\"https:\/\/nordlinepaadid.ee\/wp-content\/uploads\/2025\/03\/11887_GMG-HR-150-1.jpg\" \/>\n\t<meta property=\"og:image:width\" content=\"1719\" \/>\n\t<meta property=\"og:image:height\" content=\"2560\" \/>\n\t<meta property=\"og:image:type\" content=\"image\/jpeg\" \/>\n<meta name=\"twitter:card\" content=\"summary_large_image\" \/>\n<meta name=\"twitter:label1\" content=\"Est. reading time\" \/>\n\t<meta name=\"twitter:data1\" content=\"1 minut\" \/>\n<script type=\"application\/ld+json\" class=\"yoast-schema-graph\">{\"@context\":\"https:\\\/\\\/schema.org\",\"@graph\":[{\"@type\":\"WebPage\",\"@id\":\"https:\\\/\\\/nordlinepaadid.ee\\\/et\\\/pood\\\/paadimootorid\\\/elektrimootor-harbo-40-lbs-12-v\\\/\",\"url\":\"https:\\\/\\\/nordlinepaadid.ee\\\/et\\\/pood\\\/paadimootorid\\\/elektrimootor-harbo-40-lbs-12-v\\\/\",\"name\":\"ELEKTRIMOOTOR- HARBO, 40 LBS, 12 V - NORDLINE s\u00f5udepaadid ja mootorpaadid. Klaasfiiber materjalist.\",\"isPartOf\":{\"@id\":\"https:\\\/\\\/nordlinepaadid.ee\\\/et\\\/#website\"},\"primaryImageOfPage\":{\"@id\":\"https:\\\/\\\/nordlinepaadid.ee\\\/et\\\/pood\\\/paadimootorid\\\/elektrimootor-harbo-40-lbs-12-v\\\/#primaryimage\"},\"image\":{\"@id\":\"https:\\\/\\\/nordlinepaadid.ee\\\/et\\\/pood\\\/paadimootorid\\\/elektrimootor-harbo-40-lbs-12-v\\\/#primaryimage\"},\"thumbnailUrl\":\"https:\\\/\\\/nordlinepaadid.ee\\\/wp-content\\\/uploads\\\/2025\\\/03\\\/11887_GMG-HR-150-1.jpg\",\"datePublished\":\"2026-04-14T00:27:38+00:00\",\"breadcrumb\":{\"@id\":\"https:\\\/\\\/nordlinepaadid.ee\\\/et\\\/pood\\\/paadimootorid\\\/elektrimootor-harbo-40-lbs-12-v\\\/#breadcrumb\"},\"inLanguage\":\"et\",\"potentialAction\":[{\"@type\":\"ReadAction\",\"target\":[\"https:\\\/\\\/nordlinepaadid.ee\\\/et\\\/pood\\\/paadimootorid\\\/elektrimootor-harbo-40-lbs-12-v\\\/\"]}]},{\"@type\":\"ImageObject\",\"inLanguage\":\"et\",\"@id\":\"https:\\\/\\\/nordlinepaadid.ee\\\/et\\\/pood\\\/paadimootorid\\\/elektrimootor-harbo-40-lbs-12-v\\\/#primaryimage\",\"url\":\"https:\\\/\\\/nordlinepaadid.ee\\\/wp-content\\\/uploads\\\/2025\\\/03\\\/11887_GMG-HR-150-1.jpg\",\"contentUrl\":\"https:\\\/\\\/nordlinepaadid.ee\\\/wp-content\\\/uploads\\\/2025\\\/03\\\/11887_GMG-HR-150-1.jpg\",\"width\":1719,\"height\":2560},{\"@type\":\"BreadcrumbList\",\"@id\":\"https:\\\/\\\/nordlinepaadid.ee\\\/et\\\/pood\\\/paadimootorid\\\/elektrimootor-harbo-40-lbs-12-v\\\/#breadcrumb\",\"itemListElement\":[{\"@type\":\"ListItem\",\"position\":1,\"name\":\"Home\",\"item\":\"https:\\\/\\\/nordlinepaadid.ee\\\/et\\\/\"},{\"@type\":\"ListItem\",\"position\":2,\"name\":\"Pood\",\"item\":\"https:\\\/\\\/nordlinepaadid.ee\\\/et\\\/pood\\\/\"},{\"@type\":\"ListItem\",\"position\":3,\"name\":\"ELEKTRIMOOTOR- HARBO, 40 LBS, 12 V\"}]},{\"@type\":\"WebSite\",\"@id\":\"https:\\\/\\\/nordlinepaadid.ee\\\/et\\\/#website\",\"url\":\"https:\\\/\\\/nordlinepaadid.ee\\\/et\\\/\",\"name\":\"NORDLINE s\u00f5udepaadid ja mootorpaadid. Klaasfiiber materjalist.\",\"description\":\"\",\"publisher\":{\"@id\":\"https:\\\/\\\/nordlinepaadid.ee\\\/et\\\/#organization\"},\"potentialAction\":[{\"@type\":\"SearchAction\",\"target\":{\"@type\":\"EntryPoint\",\"urlTemplate\":\"https:\\\/\\\/nordlinepaadid.ee\\\/et\\\/?s={search_term_string}\"},\"query-input\":{\"@type\":\"PropertyValueSpecification\",\"valueRequired\":true,\"valueName\":\"search_term_string\"}}],\"inLanguage\":\"et\"},{\"@type\":\"Organization\",\"@id\":\"https:\\\/\\\/nordlinepaadid.ee\\\/et\\\/#organization\",\"name\":\"Nordlineboats\",\"url\":\"https:\\\/\\\/nordlinepaadid.ee\\\/et\\\/\",\"logo\":{\"@type\":\"ImageObject\",\"inLanguage\":\"et\",\"@id\":\"https:\\\/\\\/nordlinepaadid.ee\\\/et\\\/#\\\/schema\\\/logo\\\/image\\\/\",\"url\":\"https:\\\/\\\/nordlinepaadid.ee\\\/wp-content\\\/uploads\\\/2023\\\/01\\\/fulllogo_transparent_nobuffer-e1672750475494.png\",\"contentUrl\":\"https:\\\/\\\/nordlinepaadid.ee\\\/wp-content\\\/uploads\\\/2023\\\/01\\\/fulllogo_transparent_nobuffer-e1672750475494.png\",\"width\":150,\"height\":119,\"caption\":\"Nordlineboats\"},\"image\":{\"@id\":\"https:\\\/\\\/nordlinepaadid.ee\\\/et\\\/#\\\/schema\\\/logo\\\/image\\\/\"},\"sameAs\":[\"https:\\\/\\\/www.facebook.com\\\/nordlineboats\",\"https:\\\/\\\/www.youtube.com\\\/channel\\\/UCbgF0fy02y3QkFnujaLTaCA\"]}]}<\/script>\n<!-- \/ Yoast SEO plugin. -->","yoast_head_json":{"title":"ELEKTRIMOOTOR- HARBO, 40 LBS, 12 V - NORDLINE s\u00f5udepaadid ja mootorpaadid. Klaasfiiber materjalist.","robots":{"index":"index","follow":"follow","max-snippet":"max-snippet:-1","max-image-preview":"max-image-preview:large","max-video-preview":"max-video-preview:-1"},"canonical":"https:\/\/nordlinepaadid.ee\/et\/pood\/paadimootorid\/elektrimootor-harbo-40-lbs-12-v\/","og_locale":"et_EE","og_type":"article","og_title":"ELEKTRIMOOTOR- HARBO, 40 LBS, 12 V - NORDLINE s\u00f5udepaadid ja mootorpaadid. Klaasfiiber materjalist.","og_description":"Elektriline paadimootor HARBO on tuntud ARGO mootorite t\u00e4iustatud versioon, mida iseloomustab v\u00e4iksem energiakulu ja t\u00e4iustatud mootori tihenduss\u00fcsteem. See 40 Lbs mootor on ideaalne valik neile, kes otsivad t\u00f5husat ja usaldusv\u00e4\u00e4rset lahendust. Omadused: &#8211; Vastupidav korrosioonivastane kate, mis kaitseb soolase vee m\u00f5jude eest. &#8211; Vastupidav, l\u00f6\u00f6gikindel klaaskiudmaterjal kasutatakse mootori jala jaoks. &#8211; S\u00fcsinikplastist kinnitused, mis taluvad...","og_url":"https:\/\/nordlinepaadid.ee\/et\/pood\/paadimootorid\/elektrimootor-harbo-40-lbs-12-v\/","og_site_name":"NORDLINE s\u00f5udepaadid ja mootorpaadid. Klaasfiiber materjalist.","article_publisher":"https:\/\/www.facebook.com\/nordlineboats","og_image":[{"width":1719,"height":2560,"url":"https:\/\/nordlinepaadid.ee\/wp-content\/uploads\/2025\/03\/11887_GMG-HR-150-1.jpg","type":"image\/jpeg"}],"twitter_card":"summary_large_image","twitter_misc":{"Est. reading time":"1 minut"},"schema":{"@context":"https:\/\/schema.org","@graph":[{"@type":"WebPage","@id":"https:\/\/nordlinepaadid.ee\/et\/pood\/paadimootorid\/elektrimootor-harbo-40-lbs-12-v\/","url":"https:\/\/nordlinepaadid.ee\/et\/pood\/paadimootorid\/elektrimootor-harbo-40-lbs-12-v\/","name":"ELEKTRIMOOTOR- HARBO, 40 LBS, 12 V - NORDLINE s\u00f5udepaadid ja mootorpaadid. Klaasfiiber materjalist.","isPartOf":{"@id":"https:\/\/nordlinepaadid.ee\/et\/#website"},"primaryImageOfPage":{"@id":"https:\/\/nordlinepaadid.ee\/et\/pood\/paadimootorid\/elektrimootor-harbo-40-lbs-12-v\/#primaryimage"},"image":{"@id":"https:\/\/nordlinepaadid.ee\/et\/pood\/paadimootorid\/elektrimootor-harbo-40-lbs-12-v\/#primaryimage"},"thumbnailUrl":"https:\/\/nordlinepaadid.ee\/wp-content\/uploads\/2025\/03\/11887_GMG-HR-150-1.jpg","datePublished":"2026-04-14T00:27:38+00:00","breadcrumb":{"@id":"https:\/\/nordlinepaadid.ee\/et\/pood\/paadimootorid\/elektrimootor-harbo-40-lbs-12-v\/#breadcrumb"},"inLanguage":"et","potentialAction":[{"@type":"ReadAction","target":["https:\/\/nordlinepaadid.ee\/et\/pood\/paadimootorid\/elektrimootor-harbo-40-lbs-12-v\/"]}]},{"@type":"ImageObject","inLanguage":"et","@id":"https:\/\/nordlinepaadid.ee\/et\/pood\/paadimootorid\/elektrimootor-harbo-40-lbs-12-v\/#primaryimage","url":"https:\/\/nordlinepaadid.ee\/wp-content\/uploads\/2025\/03\/11887_GMG-HR-150-1.jpg","contentUrl":"https:\/\/nordlinepaadid.ee\/wp-content\/uploads\/2025\/03\/11887_GMG-HR-150-1.jpg","width":1719,"height":2560},{"@type":"BreadcrumbList","@id":"https:\/\/nordlinepaadid.ee\/et\/pood\/paadimootorid\/elektrimootor-harbo-40-lbs-12-v\/#breadcrumb","itemListElement":[{"@type":"ListItem","position":1,"name":"Home","item":"https:\/\/nordlinepaadid.ee\/et\/"},{"@type":"ListItem","position":2,"name":"Pood","item":"https:\/\/nordlinepaadid.ee\/et\/pood\/"},{"@type":"ListItem","position":3,"name":"ELEKTRIMOOTOR- HARBO, 40 LBS, 12 V"}]},{"@type":"WebSite","@id":"https:\/\/nordlinepaadid.ee\/et\/#website","url":"https:\/\/nordlinepaadid.ee\/et\/","name":"NORDLINE s\u00f5udepaadid ja mootorpaadid. Klaasfiiber materjalist.","description":"","publisher":{"@id":"https:\/\/nordlinepaadid.ee\/et\/#organization"},"potentialAction":[{"@type":"SearchAction","target":{"@type":"EntryPoint","urlTemplate":"https:\/\/nordlinepaadid.ee\/et\/?s={search_term_string}"},"query-input":{"@type":"PropertyValueSpecification","valueRequired":true,"valueName":"search_term_string"}}],"inLanguage":"et"},{"@type":"Organization","@id":"https:\/\/nordlinepaadid.ee\/et\/#organization","name":"Nordlineboats","url":"https:\/\/nordlinepaadid.ee\/et\/","logo":{"@type":"ImageObject","inLanguage":"et","@id":"https:\/\/nordlinepaadid.ee\/et\/#\/schema\/logo\/image\/","url":"https:\/\/nordlinepaadid.ee\/wp-content\/uploads\/2023\/01\/fulllogo_transparent_nobuffer-e1672750475494.png","contentUrl":"https:\/\/nordlinepaadid.ee\/wp-content\/uploads\/2023\/01\/fulllogo_transparent_nobuffer-e1672750475494.png","width":150,"height":119,"caption":"Nordlineboats"},"image":{"@id":"https:\/\/nordlinepaadid.ee\/et\/#\/schema\/logo\/image\/"},"sameAs":["https:\/\/www.facebook.com\/nordlineboats","https:\/\/www.youtube.com\/channel\/UCbgF0fy02y3QkFnujaLTaCA"]}]}},"taxonomy_info":{"product_cat":[{"value":343,"label":"ELEKTRILISED PAADIMOOTORID"},{"value":342,"label":"PAADIMOOTORID"}],"pa_unit":[{"value":416,"label":"pcs"}]},"featured_image_src_large":["https:\/\/nordlinepaadid.ee\/wp-content\/uploads\/2025\/03\/11887_GMG-HR-150-1-688x1024.jpg",688,1024,true],"author_info":[],"comment_info":"","_links":{"self":[{"href":"https:\/\/nordlinepaadid.ee\/et\/wp-json\/wp\/v2\/product\/47282","targetHints":{"allow":["GET"]}}],"collection":[{"href":"https:\/\/nordlinepaadid.ee\/et\/wp-json\/wp\/v2\/product"}],"about":[{"href":"https:\/\/nordlinepaadid.ee\/et\/wp-json\/wp\/v2\/types\/product"}],"wp:featuredmedia":[{"embeddable":true,"href":"https:\/\/nordlinepaadid.ee\/et\/wp-json\/wp\/v2\/media\/50182"}],"wp:attachment":[{"href":"https:\/\/nordlinepaadid.ee\/et\/wp-json\/wp\/v2\/media?parent=47282"}],"wp:term":[{"taxonomy":"product_brand","embeddable":true,"href":"https:\/\/nordlinepaadid.ee\/et\/wp-json\/wp\/v2\/product_brand?post=47282"},{"taxonomy":"product_cat","embeddable":true,"href":"https:\/\/nordlinepaadid.ee\/et\/wp-json\/wp\/v2\/product_cat?post=47282"},{"taxonomy":"product_tag","embeddable":true,"href":"https:\/\/nordlinepaadid.ee\/et\/wp-json\/wp\/v2\/product_tag?post=47282"}],"curies":[{"name":"wp","href":"https:\/\/api.w.org\/{rel}","templated":true}]}}