{"id":47321,"date":"2026-04-07T03:28:02","date_gmt":"2026-04-07T00:28:02","guid":{"rendered":"https:\/\/nordlinepaadid.ee\/toode\/maaratlemata\/jaapuur-iceberg-mini-130r\/"},"modified":"2026-04-07T03:28:02","modified_gmt":"2026-04-07T00:28:02","slug":"jaapuur-iceberg-mini-130r","status":"publish","type":"product","link":"https:\/\/nordlinepaadid.ee\/et\/pood\/kalasturtarbed\/jaapuur-iceberg-mini-130r\/","title":{"rendered":"J\u00c4\u00c4PUUR &#8211; ICEBERG MINI 130R"},"content":{"rendered":"<p style=\"text-align:justify\">Iceberg Mini 130R on kvaliteetne j\u00e4\u00e4puur, millel on klassikaline p\u00e4rip\u00e4eva p\u00f6\u00f6rlemine, mis sobib ideaalselt nii kuiva kui ka niiske j\u00e4\u00e4 puurimiseks. Mudelil on usaldusv\u00e4\u00e4rne \u00f5mblusteta puuriotsik, mis tagab kiire ja lihtsa puurimise. Selle k\u00e4epideme kokkuklapitav mehhanism takistab tagasil\u00f6\u00f6ki ja muudab puuri t\u00f6\u00f6valmis seadmise lihtsamaks.Libisemisvastased &#8220;soojad&#8221; k\u00e4epidemed pakuvad parimat mugavust talvise j\u00e4\u00e4puurimise ajal. \u00dclemiste ja alumiste k\u00e4epidemete nihkumine puuri telje m\u00f6\u00f6da tagab sujuva ja vaevatu j\u00e4\u00e4puuri p\u00f6\u00f6ramise kahe k\u00e4ega korraga. Usaldusv\u00e4\u00e4rne pol\u00fcmeerkattekiht talub temperatuurik\u00f5ikumisi ja suuri mehaanilisi koormusi. Kvaliteetsed terasest radiaalsed terad sobivad k\u00f5ikide j\u00e4\u00e4 t\u00fc\u00fcpide jaoks ja tagavad lihtsa puurimise.<\/p>\n<p>&#13;<br \/>\n&#13;<\/p>\n<p style=\"text-align:justify\"><strong>Omadused:<\/strong><\/p>\n<p>&#13;<br \/>\n&#13;<\/p>\n<ul>&#13;<\/p>\n<li style=\"text-align:justify\">P\u00f6\u00f6rlemine:&nbsp;<span style=\"font-size:12px\">p\u00e4rip\u00e4eva&nbsp;<\/span><\/li>\n<p>&#13;<\/p>\n<li style=\"text-align:justify\">Puurimise l\u00e4bim\u00f5\u00f5t: 130\u00b15 mm<\/li>\n<p>&#13;<\/p>\n<li style=\"text-align:justify\">Maksimaalne puuri s\u00fcgavus: 886 mm<\/li>\n<p>&#13;<\/p>\n<li style=\"text-align:justify\">Pikkus t\u00f6\u00f6asendis:1068 \u2013 1371 mm&nbsp;<\/li>\n<p>&#13;<\/p>\n<li style=\"text-align:justify\">Otsiku pikkus: 393 mm&nbsp;<\/li>\n<p>&#13;<\/p>\n<li style=\"text-align:justify\">Transportpikkus: 608 mm&nbsp;<\/li>\n<p>&#13;<\/p>\n<li style=\"text-align:justify\">Kaal: 2,4 kg<\/li>\n<p>&#13;\n<\/ul>\n<p>&#13;<\/p>\n","protected":false},"excerpt":{"rendered":"<p>Iceberg Mini 130R on kvaliteetne j\u00e4\u00e4puur, millel on klassikaline p\u00e4rip\u00e4eva p\u00f6\u00f6rlemine, mis sobib ideaalselt nii kuiva kui ka niiske j\u00e4\u00e4 puurimiseks. Mudelil on usaldusv\u00e4\u00e4rne \u00f5mblusteta puuriotsik, mis tagab kiire ja lihtsa puurimise. Selle k\u00e4epideme kokkuklapitav mehhanism takistab tagasil\u00f6\u00f6ki ja muudab puuri t\u00f6\u00f6valmis seadmise lihtsamaks.Libisemisvastased &#8220;soojad&#8221; k\u00e4epidemed pakuvad parimat mugavust talvise j\u00e4\u00e4puurimise ajal. \u00dclemiste ja alumiste&#8230;<\/p>\n","protected":false},"featured_media":50240,"template":"","meta":{"_kad_blocks_custom_css":"","_kad_blocks_head_custom_js":"","_kad_blocks_body_custom_js":"","_kad_blocks_footer_custom_js":"","_kad_post_transparent":"","_kad_post_title":"","_kad_post_layout":"","_kad_post_sidebar_id":"","_kad_post_content_style":"","_kad_post_vertical_padding":"","_kad_post_feature":"","_kad_post_feature_position":"","_kad_post_header":false,"_kad_post_footer":false,"_kad_post_classname":""},"product_brand":[],"product_cat":[407,408],"product_tag":[],"class_list":{"0":"post-47321","1":"product","2":"type-product","3":"status-publish","4":"has-post-thumbnail","6":"product_cat-kalasturtarbed","7":"product_cat-talikalastus","8":"pa_producer-tonar","9":"pa_unit-pcs","10":"tm-no-options","12":"first","13":"onbackorder","14":"taxable","15":"shipping-taxable","16":"purchasable","17":"product-type-simple","18":"entry","19":"content-bg","20":"loop-entry"},"yoast_head":"<!-- This site is optimized with the Yoast SEO plugin v27.3 - https:\/\/yoast.com\/product\/yoast-seo-wordpress\/ -->\n<title>J\u00c4\u00c4PUUR - ICEBERG MINI 130R - NORDLINE s\u00f5udepaadid ja mootorpaadid. Klaasfiiber materjalist.<\/title>\n<meta name=\"robots\" content=\"index, follow, max-snippet:-1, max-image-preview:large, max-video-preview:-1\" \/>\n<link rel=\"canonical\" href=\"https:\/\/nordlinepaadid.ee\/et\/pood\/kalasturtarbed\/jaapuur-iceberg-mini-130r\/\" \/>\n<meta property=\"og:locale\" content=\"et_EE\" \/>\n<meta property=\"og:type\" content=\"article\" \/>\n<meta property=\"og:title\" content=\"J\u00c4\u00c4PUUR - ICEBERG MINI 130R - NORDLINE s\u00f5udepaadid ja mootorpaadid. Klaasfiiber materjalist.\" \/>\n<meta property=\"og:description\" content=\"Iceberg Mini 130R on kvaliteetne j\u00e4\u00e4puur, millel on klassikaline p\u00e4rip\u00e4eva p\u00f6\u00f6rlemine, mis sobib ideaalselt nii kuiva kui ka niiske j\u00e4\u00e4 puurimiseks. Mudelil on usaldusv\u00e4\u00e4rne \u00f5mblusteta puuriotsik, mis tagab kiire ja lihtsa puurimise. Selle k\u00e4epideme kokkuklapitav mehhanism takistab tagasil\u00f6\u00f6ki ja muudab puuri t\u00f6\u00f6valmis seadmise lihtsamaks.Libisemisvastased &#8220;soojad&#8221; k\u00e4epidemed pakuvad parimat mugavust talvise j\u00e4\u00e4puurimise ajal. \u00dclemiste ja alumiste...\" \/>\n<meta property=\"og:url\" content=\"https:\/\/nordlinepaadid.ee\/et\/pood\/kalasturtarbed\/jaapuur-iceberg-mini-130r\/\" \/>\n<meta property=\"og:site_name\" content=\"NORDLINE s\u00f5udepaadid ja mootorpaadid. Klaasfiiber materjalist.\" \/>\n<meta property=\"article:publisher\" content=\"https:\/\/www.facebook.com\/nordlineboats\" \/>\n<meta property=\"og:image\" content=\"https:\/\/nordlinepaadid.ee\/wp-content\/uploads\/2025\/03\/11940_HM-ICE-130R-MINI-1.jpeg\" \/>\n\t<meta property=\"og:image:width\" content=\"342\" \/>\n\t<meta property=\"og:image:height\" content=\"436\" \/>\n\t<meta property=\"og:image:type\" content=\"image\/jpeg\" \/>\n<meta name=\"twitter:card\" content=\"summary_large_image\" \/>\n<meta name=\"twitter:label1\" content=\"Est. reading time\" \/>\n\t<meta name=\"twitter:data1\" content=\"1 minut\" \/>\n<script type=\"application\/ld+json\" class=\"yoast-schema-graph\">{\"@context\":\"https:\\\/\\\/schema.org\",\"@graph\":[{\"@type\":\"WebPage\",\"@id\":\"https:\\\/\\\/nordlinepaadid.ee\\\/et\\\/pood\\\/kalasturtarbed\\\/jaapuur-iceberg-mini-130r\\\/\",\"url\":\"https:\\\/\\\/nordlinepaadid.ee\\\/et\\\/pood\\\/kalasturtarbed\\\/jaapuur-iceberg-mini-130r\\\/\",\"name\":\"J\u00c4\u00c4PUUR - ICEBERG MINI 130R - NORDLINE s\u00f5udepaadid ja mootorpaadid. Klaasfiiber materjalist.\",\"isPartOf\":{\"@id\":\"https:\\\/\\\/nordlinepaadid.ee\\\/et\\\/#website\"},\"primaryImageOfPage\":{\"@id\":\"https:\\\/\\\/nordlinepaadid.ee\\\/et\\\/pood\\\/kalasturtarbed\\\/jaapuur-iceberg-mini-130r\\\/#primaryimage\"},\"image\":{\"@id\":\"https:\\\/\\\/nordlinepaadid.ee\\\/et\\\/pood\\\/kalasturtarbed\\\/jaapuur-iceberg-mini-130r\\\/#primaryimage\"},\"thumbnailUrl\":\"https:\\\/\\\/nordlinepaadid.ee\\\/wp-content\\\/uploads\\\/2025\\\/03\\\/11940_HM-ICE-130R-MINI-1.jpeg\",\"datePublished\":\"2026-04-07T00:28:02+00:00\",\"breadcrumb\":{\"@id\":\"https:\\\/\\\/nordlinepaadid.ee\\\/et\\\/pood\\\/kalasturtarbed\\\/jaapuur-iceberg-mini-130r\\\/#breadcrumb\"},\"inLanguage\":\"et\",\"potentialAction\":[{\"@type\":\"ReadAction\",\"target\":[\"https:\\\/\\\/nordlinepaadid.ee\\\/et\\\/pood\\\/kalasturtarbed\\\/jaapuur-iceberg-mini-130r\\\/\"]}]},{\"@type\":\"ImageObject\",\"inLanguage\":\"et\",\"@id\":\"https:\\\/\\\/nordlinepaadid.ee\\\/et\\\/pood\\\/kalasturtarbed\\\/jaapuur-iceberg-mini-130r\\\/#primaryimage\",\"url\":\"https:\\\/\\\/nordlinepaadid.ee\\\/wp-content\\\/uploads\\\/2025\\\/03\\\/11940_HM-ICE-130R-MINI-1.jpeg\",\"contentUrl\":\"https:\\\/\\\/nordlinepaadid.ee\\\/wp-content\\\/uploads\\\/2025\\\/03\\\/11940_HM-ICE-130R-MINI-1.jpeg\",\"width\":342,\"height\":436},{\"@type\":\"BreadcrumbList\",\"@id\":\"https:\\\/\\\/nordlinepaadid.ee\\\/et\\\/pood\\\/kalasturtarbed\\\/jaapuur-iceberg-mini-130r\\\/#breadcrumb\",\"itemListElement\":[{\"@type\":\"ListItem\",\"position\":1,\"name\":\"Home\",\"item\":\"https:\\\/\\\/nordlinepaadid.ee\\\/et\\\/\"},{\"@type\":\"ListItem\",\"position\":2,\"name\":\"Pood\",\"item\":\"https:\\\/\\\/nordlinepaadid.ee\\\/et\\\/pood\\\/\"},{\"@type\":\"ListItem\",\"position\":3,\"name\":\"J\u00c4\u00c4PUUR &#8211; ICEBERG MINI 130R\"}]},{\"@type\":\"WebSite\",\"@id\":\"https:\\\/\\\/nordlinepaadid.ee\\\/et\\\/#website\",\"url\":\"https:\\\/\\\/nordlinepaadid.ee\\\/et\\\/\",\"name\":\"NORDLINE s\u00f5udepaadid ja mootorpaadid. Klaasfiiber materjalist.\",\"description\":\"\",\"publisher\":{\"@id\":\"https:\\\/\\\/nordlinepaadid.ee\\\/et\\\/#organization\"},\"potentialAction\":[{\"@type\":\"SearchAction\",\"target\":{\"@type\":\"EntryPoint\",\"urlTemplate\":\"https:\\\/\\\/nordlinepaadid.ee\\\/et\\\/?s={search_term_string}\"},\"query-input\":{\"@type\":\"PropertyValueSpecification\",\"valueRequired\":true,\"valueName\":\"search_term_string\"}}],\"inLanguage\":\"et\"},{\"@type\":\"Organization\",\"@id\":\"https:\\\/\\\/nordlinepaadid.ee\\\/et\\\/#organization\",\"name\":\"Nordlineboats\",\"url\":\"https:\\\/\\\/nordlinepaadid.ee\\\/et\\\/\",\"logo\":{\"@type\":\"ImageObject\",\"inLanguage\":\"et\",\"@id\":\"https:\\\/\\\/nordlinepaadid.ee\\\/et\\\/#\\\/schema\\\/logo\\\/image\\\/\",\"url\":\"https:\\\/\\\/nordlinepaadid.ee\\\/wp-content\\\/uploads\\\/2023\\\/01\\\/fulllogo_transparent_nobuffer-e1672750475494.png\",\"contentUrl\":\"https:\\\/\\\/nordlinepaadid.ee\\\/wp-content\\\/uploads\\\/2023\\\/01\\\/fulllogo_transparent_nobuffer-e1672750475494.png\",\"width\":150,\"height\":119,\"caption\":\"Nordlineboats\"},\"image\":{\"@id\":\"https:\\\/\\\/nordlinepaadid.ee\\\/et\\\/#\\\/schema\\\/logo\\\/image\\\/\"},\"sameAs\":[\"https:\\\/\\\/www.facebook.com\\\/nordlineboats\",\"https:\\\/\\\/www.youtube.com\\\/channel\\\/UCbgF0fy02y3QkFnujaLTaCA\"]}]}<\/script>\n<!-- \/ Yoast SEO plugin. -->","yoast_head_json":{"title":"J\u00c4\u00c4PUUR - ICEBERG MINI 130R - NORDLINE s\u00f5udepaadid ja mootorpaadid. Klaasfiiber materjalist.","robots":{"index":"index","follow":"follow","max-snippet":"max-snippet:-1","max-image-preview":"max-image-preview:large","max-video-preview":"max-video-preview:-1"},"canonical":"https:\/\/nordlinepaadid.ee\/et\/pood\/kalasturtarbed\/jaapuur-iceberg-mini-130r\/","og_locale":"et_EE","og_type":"article","og_title":"J\u00c4\u00c4PUUR - ICEBERG MINI 130R - NORDLINE s\u00f5udepaadid ja mootorpaadid. Klaasfiiber materjalist.","og_description":"Iceberg Mini 130R on kvaliteetne j\u00e4\u00e4puur, millel on klassikaline p\u00e4rip\u00e4eva p\u00f6\u00f6rlemine, mis sobib ideaalselt nii kuiva kui ka niiske j\u00e4\u00e4 puurimiseks. Mudelil on usaldusv\u00e4\u00e4rne \u00f5mblusteta puuriotsik, mis tagab kiire ja lihtsa puurimise. Selle k\u00e4epideme kokkuklapitav mehhanism takistab tagasil\u00f6\u00f6ki ja muudab puuri t\u00f6\u00f6valmis seadmise lihtsamaks.Libisemisvastased &#8220;soojad&#8221; k\u00e4epidemed pakuvad parimat mugavust talvise j\u00e4\u00e4puurimise ajal. \u00dclemiste ja alumiste...","og_url":"https:\/\/nordlinepaadid.ee\/et\/pood\/kalasturtarbed\/jaapuur-iceberg-mini-130r\/","og_site_name":"NORDLINE s\u00f5udepaadid ja mootorpaadid. Klaasfiiber materjalist.","article_publisher":"https:\/\/www.facebook.com\/nordlineboats","og_image":[{"width":342,"height":436,"url":"https:\/\/nordlinepaadid.ee\/wp-content\/uploads\/2025\/03\/11940_HM-ICE-130R-MINI-1.jpeg","type":"image\/jpeg"}],"twitter_card":"summary_large_image","twitter_misc":{"Est. reading time":"1 minut"},"schema":{"@context":"https:\/\/schema.org","@graph":[{"@type":"WebPage","@id":"https:\/\/nordlinepaadid.ee\/et\/pood\/kalasturtarbed\/jaapuur-iceberg-mini-130r\/","url":"https:\/\/nordlinepaadid.ee\/et\/pood\/kalasturtarbed\/jaapuur-iceberg-mini-130r\/","name":"J\u00c4\u00c4PUUR - ICEBERG MINI 130R - NORDLINE s\u00f5udepaadid ja mootorpaadid. Klaasfiiber materjalist.","isPartOf":{"@id":"https:\/\/nordlinepaadid.ee\/et\/#website"},"primaryImageOfPage":{"@id":"https:\/\/nordlinepaadid.ee\/et\/pood\/kalasturtarbed\/jaapuur-iceberg-mini-130r\/#primaryimage"},"image":{"@id":"https:\/\/nordlinepaadid.ee\/et\/pood\/kalasturtarbed\/jaapuur-iceberg-mini-130r\/#primaryimage"},"thumbnailUrl":"https:\/\/nordlinepaadid.ee\/wp-content\/uploads\/2025\/03\/11940_HM-ICE-130R-MINI-1.jpeg","datePublished":"2026-04-07T00:28:02+00:00","breadcrumb":{"@id":"https:\/\/nordlinepaadid.ee\/et\/pood\/kalasturtarbed\/jaapuur-iceberg-mini-130r\/#breadcrumb"},"inLanguage":"et","potentialAction":[{"@type":"ReadAction","target":["https:\/\/nordlinepaadid.ee\/et\/pood\/kalasturtarbed\/jaapuur-iceberg-mini-130r\/"]}]},{"@type":"ImageObject","inLanguage":"et","@id":"https:\/\/nordlinepaadid.ee\/et\/pood\/kalasturtarbed\/jaapuur-iceberg-mini-130r\/#primaryimage","url":"https:\/\/nordlinepaadid.ee\/wp-content\/uploads\/2025\/03\/11940_HM-ICE-130R-MINI-1.jpeg","contentUrl":"https:\/\/nordlinepaadid.ee\/wp-content\/uploads\/2025\/03\/11940_HM-ICE-130R-MINI-1.jpeg","width":342,"height":436},{"@type":"BreadcrumbList","@id":"https:\/\/nordlinepaadid.ee\/et\/pood\/kalasturtarbed\/jaapuur-iceberg-mini-130r\/#breadcrumb","itemListElement":[{"@type":"ListItem","position":1,"name":"Home","item":"https:\/\/nordlinepaadid.ee\/et\/"},{"@type":"ListItem","position":2,"name":"Pood","item":"https:\/\/nordlinepaadid.ee\/et\/pood\/"},{"@type":"ListItem","position":3,"name":"J\u00c4\u00c4PUUR &#8211; ICEBERG MINI 130R"}]},{"@type":"WebSite","@id":"https:\/\/nordlinepaadid.ee\/et\/#website","url":"https:\/\/nordlinepaadid.ee\/et\/","name":"NORDLINE s\u00f5udepaadid ja mootorpaadid. Klaasfiiber materjalist.","description":"","publisher":{"@id":"https:\/\/nordlinepaadid.ee\/et\/#organization"},"potentialAction":[{"@type":"SearchAction","target":{"@type":"EntryPoint","urlTemplate":"https:\/\/nordlinepaadid.ee\/et\/?s={search_term_string}"},"query-input":{"@type":"PropertyValueSpecification","valueRequired":true,"valueName":"search_term_string"}}],"inLanguage":"et"},{"@type":"Organization","@id":"https:\/\/nordlinepaadid.ee\/et\/#organization","name":"Nordlineboats","url":"https:\/\/nordlinepaadid.ee\/et\/","logo":{"@type":"ImageObject","inLanguage":"et","@id":"https:\/\/nordlinepaadid.ee\/et\/#\/schema\/logo\/image\/","url":"https:\/\/nordlinepaadid.ee\/wp-content\/uploads\/2023\/01\/fulllogo_transparent_nobuffer-e1672750475494.png","contentUrl":"https:\/\/nordlinepaadid.ee\/wp-content\/uploads\/2023\/01\/fulllogo_transparent_nobuffer-e1672750475494.png","width":150,"height":119,"caption":"Nordlineboats"},"image":{"@id":"https:\/\/nordlinepaadid.ee\/et\/#\/schema\/logo\/image\/"},"sameAs":["https:\/\/www.facebook.com\/nordlineboats","https:\/\/www.youtube.com\/channel\/UCbgF0fy02y3QkFnujaLTaCA"]}]}},"taxonomy_info":{"product_cat":[{"value":407,"label":"KALASTUSTARBED"},{"value":408,"label":"Talikalastus"}],"pa_producer":[{"value":644,"label":"Tonar"}],"pa_unit":[{"value":416,"label":"pcs"}]},"featured_image_src_large":["https:\/\/nordlinepaadid.ee\/wp-content\/uploads\/2025\/03\/11940_HM-ICE-130R-MINI-1.jpeg",342,436,false],"author_info":[],"comment_info":"","_links":{"self":[{"href":"https:\/\/nordlinepaadid.ee\/et\/wp-json\/wp\/v2\/product\/47321","targetHints":{"allow":["GET"]}}],"collection":[{"href":"https:\/\/nordlinepaadid.ee\/et\/wp-json\/wp\/v2\/product"}],"about":[{"href":"https:\/\/nordlinepaadid.ee\/et\/wp-json\/wp\/v2\/types\/product"}],"wp:featuredmedia":[{"embeddable":true,"href":"https:\/\/nordlinepaadid.ee\/et\/wp-json\/wp\/v2\/media\/50240"}],"wp:attachment":[{"href":"https:\/\/nordlinepaadid.ee\/et\/wp-json\/wp\/v2\/media?parent=47321"}],"wp:term":[{"taxonomy":"product_brand","embeddable":true,"href":"https:\/\/nordlinepaadid.ee\/et\/wp-json\/wp\/v2\/product_brand?post=47321"},{"taxonomy":"product_cat","embeddable":true,"href":"https:\/\/nordlinepaadid.ee\/et\/wp-json\/wp\/v2\/product_cat?post=47321"},{"taxonomy":"product_tag","embeddable":true,"href":"https:\/\/nordlinepaadid.ee\/et\/wp-json\/wp\/v2\/product_tag?post=47321"}],"curies":[{"name":"wp","href":"https:\/\/api.w.org\/{rel}","templated":true}]}}