{"id":47326,"date":"2026-04-07T03:28:02","date_gmt":"2026-04-07T00:28:02","guid":{"rendered":"https:\/\/nordlinepaadid.ee\/toode\/maaratlemata\/kalastustelk-storm-at-220\/"},"modified":"2026-04-07T03:28:03","modified_gmt":"2026-04-07T00:28:03","slug":"kalastustelk-storm-at-220","status":"publish","type":"product","link":"https:\/\/nordlinepaadid.ee\/et\/pood\/kalasturtarbed\/kalastustelk-storm-at-220\/","title":{"rendered":"KALASTUSTELK &#8211; STORM AT 220"},"content":{"rendered":"<p style=\"text-align:justify\">Kas plaanite puhkust looduses v\u00f5i kalap\u00fc\u00fcki jahedal aastaajal? Talvetelk STORM AT on suurep\u00e4rane lahendus mugavaks ajaveetmiseks v\u00e4rskes \u00f5hus. Talvetelk on v\u00f5imeline taluma tugevaid tuulehoogusid t\u00e4nu k\u00f5rgele montaa\u017ei- ja materjalide kvaliteedile. Akendega talvetelk on valmistatud vastupidavast s\u00fcnteetilisest materjalist ning on l\u00e4bi \u00f5mmeldud kahekordse \u00f5mblusega, seega niiskus ei satu sisse. Karkass on valmistatud vastupidavast klaaskiust. Telgi konstruktsioonis on ette n\u00e4htud kaks ventilatsiooniava. Kaks ust sulguvad kahesuunaliste t\u00f5mblukkudega. L\u00e4bipaistvaid aknaid saab sulgeda.Vajadusel saab telgi \u00fchte poolt t\u00e4ielikult t\u00f5sta \u00fcles, kinnitades servad teleskoopjalgade k\u00fclge. Komplekt sisaldab spetsiaalseid kinnitusi paigaldamiseks j\u00e4\u00e4le. Need tagavad telgi stabiilsuse. Mugava transportimise jaoks telgi Kuup saab panna kokku kompaktsesse kotti.<\/p>\n<p>&#13;<br \/>\n&#13;<\/p>\n<p style=\"text-align:justify\">&nbsp;<\/p>\n<p>&#13;<br \/>\n&#13;<\/p>\n<p><strong>Omadused:<\/strong><\/p>\n<p>&#13;<br \/>\n&#13;<\/p>\n<ul>&#13;<\/p>\n<li>Materjal: 300D Oxford, niiskuskindel, tulekindel<\/li>\n<p>&#13;<\/p>\n<li>M\u00f5\u00f5dud: 220 x 220 x 250 cm<\/li>\n<p>&#13;<\/p>\n<li>Uksed: 2 tk<\/li>\n<p>&#13;<\/p>\n<li>Kahesuunaline t\u00f5mblukk<\/li>\n<p>&#13;<\/p>\n<li>Aken: 4 tk<\/li>\n<p>&#13;<\/p>\n<li>Ventilatsiooniavad: 2 tk<\/li>\n<p>&#13;<\/p>\n<li>Helkurid: 4 tk<\/li>\n<p>&#13;<\/p>\n<li>Raami torud: klaaskiud \u00d8 12 mm<\/li>\n<p>&#13;<\/p>\n<li>Pulgad: 8 tk<\/li>\n<p>&#13;<\/p>\n<li>T\u00e4iendav kinnitus k\u00fclgedel<\/li>\n<p>&#13;<\/p>\n<li>T\u00f5stek\u00fclg: 1 tk<\/li>\n<p>&#13;\n<\/ul>\n<p>&#13;<br \/>\n&#13;<\/p>\n<p>&nbsp;<\/p>\n<p>&#13;<\/p>\n","protected":false},"excerpt":{"rendered":"<p>Kas plaanite puhkust looduses v\u00f5i kalap\u00fc\u00fcki jahedal aastaajal? Talvetelk STORM AT on suurep\u00e4rane lahendus mugavaks ajaveetmiseks v\u00e4rskes \u00f5hus. Talvetelk on v\u00f5imeline taluma tugevaid tuulehoogusid t\u00e4nu k\u00f5rgele montaa\u017ei- ja materjalide kvaliteedile. Akendega talvetelk on valmistatud vastupidavast s\u00fcnteetilisest materjalist ning on l\u00e4bi \u00f5mmeldud kahekordse \u00f5mblusega, seega niiskus ei satu sisse. Karkass on valmistatud vastupidavast klaaskiust. Telgi konstruktsioonis&#8230;<\/p>\n","protected":false},"featured_media":50266,"template":"","meta":{"_kad_blocks_custom_css":"","_kad_blocks_head_custom_js":"","_kad_blocks_body_custom_js":"","_kad_blocks_footer_custom_js":"","_kad_post_transparent":"","_kad_post_title":"","_kad_post_layout":"","_kad_post_sidebar_id":"","_kad_post_content_style":"","_kad_post_vertical_padding":"","_kad_post_feature":"","_kad_post_feature_position":"","_kad_post_header":false,"_kad_post_footer":false,"_kad_post_classname":""},"product_brand":[],"product_cat":[407,408],"product_tag":[],"class_list":{"0":"post-47326","1":"product","2":"type-product","3":"status-publish","4":"has-post-thumbnail","6":"product_cat-kalasturtarbed","7":"product_cat-talikalastus","8":"pa_producer-tonar","9":"pa_unit-pcs","10":"tm-no-options","12":"first","13":"onbackorder","14":"taxable","15":"shipping-taxable","16":"purchasable","17":"product-type-simple","18":"entry","19":"content-bg","20":"loop-entry"},"yoast_head":"<!-- This site is optimized with the Yoast SEO plugin v27.3 - https:\/\/yoast.com\/product\/yoast-seo-wordpress\/ -->\n<title>KALASTUSTELK - STORM AT 220 - NORDLINE s\u00f5udepaadid ja mootorpaadid. Klaasfiiber materjalist.<\/title>\n<meta name=\"robots\" content=\"index, follow, max-snippet:-1, max-image-preview:large, max-video-preview:-1\" \/>\n<link rel=\"canonical\" href=\"https:\/\/nordlinepaadid.ee\/et\/pood\/kalasturtarbed\/kalastustelk-storm-at-220\/\" \/>\n<meta property=\"og:locale\" content=\"et_EE\" \/>\n<meta property=\"og:type\" content=\"article\" \/>\n<meta property=\"og:title\" content=\"KALASTUSTELK - STORM AT 220 - NORDLINE s\u00f5udepaadid ja mootorpaadid. Klaasfiiber materjalist.\" \/>\n<meta property=\"og:description\" content=\"Kas plaanite puhkust looduses v\u00f5i kalap\u00fc\u00fcki jahedal aastaajal? Talvetelk STORM AT on suurep\u00e4rane lahendus mugavaks ajaveetmiseks v\u00e4rskes \u00f5hus. Talvetelk on v\u00f5imeline taluma tugevaid tuulehoogusid t\u00e4nu k\u00f5rgele montaa\u017ei- ja materjalide kvaliteedile. Akendega talvetelk on valmistatud vastupidavast s\u00fcnteetilisest materjalist ning on l\u00e4bi \u00f5mmeldud kahekordse \u00f5mblusega, seega niiskus ei satu sisse. Karkass on valmistatud vastupidavast klaaskiust. Telgi konstruktsioonis...\" \/>\n<meta property=\"og:url\" content=\"https:\/\/nordlinepaadid.ee\/et\/pood\/kalasturtarbed\/kalastustelk-storm-at-220\/\" \/>\n<meta property=\"og:site_name\" content=\"NORDLINE s\u00f5udepaadid ja mootorpaadid. Klaasfiiber materjalist.\" \/>\n<meta property=\"article:publisher\" content=\"https:\/\/www.facebook.com\/nordlineboats\" \/>\n<meta property=\"article:modified_time\" content=\"2026-04-07T00:28:03+00:00\" \/>\n<meta property=\"og:image\" content=\"https:\/\/nordlinepaadid.ee\/wp-content\/uploads\/2025\/03\/11956_HM-STRM-AT220-1.jpg\" \/>\n\t<meta property=\"og:image:width\" content=\"1920\" \/>\n\t<meta property=\"og:image:height\" content=\"1823\" \/>\n\t<meta property=\"og:image:type\" content=\"image\/jpeg\" \/>\n<meta name=\"twitter:card\" content=\"summary_large_image\" \/>\n<meta name=\"twitter:label1\" content=\"Est. reading time\" \/>\n\t<meta name=\"twitter:data1\" content=\"1 minut\" \/>\n<script type=\"application\/ld+json\" class=\"yoast-schema-graph\">{\"@context\":\"https:\\\/\\\/schema.org\",\"@graph\":[{\"@type\":\"WebPage\",\"@id\":\"https:\\\/\\\/nordlinepaadid.ee\\\/et\\\/pood\\\/kalasturtarbed\\\/kalastustelk-storm-at-220\\\/\",\"url\":\"https:\\\/\\\/nordlinepaadid.ee\\\/et\\\/pood\\\/kalasturtarbed\\\/kalastustelk-storm-at-220\\\/\",\"name\":\"KALASTUSTELK - STORM AT 220 - NORDLINE s\u00f5udepaadid ja mootorpaadid. Klaasfiiber materjalist.\",\"isPartOf\":{\"@id\":\"https:\\\/\\\/nordlinepaadid.ee\\\/et\\\/#website\"},\"primaryImageOfPage\":{\"@id\":\"https:\\\/\\\/nordlinepaadid.ee\\\/et\\\/pood\\\/kalasturtarbed\\\/kalastustelk-storm-at-220\\\/#primaryimage\"},\"image\":{\"@id\":\"https:\\\/\\\/nordlinepaadid.ee\\\/et\\\/pood\\\/kalasturtarbed\\\/kalastustelk-storm-at-220\\\/#primaryimage\"},\"thumbnailUrl\":\"https:\\\/\\\/nordlinepaadid.ee\\\/wp-content\\\/uploads\\\/2025\\\/03\\\/11956_HM-STRM-AT220-1.jpg\",\"datePublished\":\"2026-04-07T00:28:02+00:00\",\"dateModified\":\"2026-04-07T00:28:03+00:00\",\"breadcrumb\":{\"@id\":\"https:\\\/\\\/nordlinepaadid.ee\\\/et\\\/pood\\\/kalasturtarbed\\\/kalastustelk-storm-at-220\\\/#breadcrumb\"},\"inLanguage\":\"et\",\"potentialAction\":[{\"@type\":\"ReadAction\",\"target\":[\"https:\\\/\\\/nordlinepaadid.ee\\\/et\\\/pood\\\/kalasturtarbed\\\/kalastustelk-storm-at-220\\\/\"]}]},{\"@type\":\"ImageObject\",\"inLanguage\":\"et\",\"@id\":\"https:\\\/\\\/nordlinepaadid.ee\\\/et\\\/pood\\\/kalasturtarbed\\\/kalastustelk-storm-at-220\\\/#primaryimage\",\"url\":\"https:\\\/\\\/nordlinepaadid.ee\\\/wp-content\\\/uploads\\\/2025\\\/03\\\/11956_HM-STRM-AT220-1.jpg\",\"contentUrl\":\"https:\\\/\\\/nordlinepaadid.ee\\\/wp-content\\\/uploads\\\/2025\\\/03\\\/11956_HM-STRM-AT220-1.jpg\",\"width\":1920,\"height\":1823},{\"@type\":\"BreadcrumbList\",\"@id\":\"https:\\\/\\\/nordlinepaadid.ee\\\/et\\\/pood\\\/kalasturtarbed\\\/kalastustelk-storm-at-220\\\/#breadcrumb\",\"itemListElement\":[{\"@type\":\"ListItem\",\"position\":1,\"name\":\"Home\",\"item\":\"https:\\\/\\\/nordlinepaadid.ee\\\/et\\\/\"},{\"@type\":\"ListItem\",\"position\":2,\"name\":\"Pood\",\"item\":\"https:\\\/\\\/nordlinepaadid.ee\\\/et\\\/pood\\\/\"},{\"@type\":\"ListItem\",\"position\":3,\"name\":\"KALASTUSTELK &#8211; STORM AT 220\"}]},{\"@type\":\"WebSite\",\"@id\":\"https:\\\/\\\/nordlinepaadid.ee\\\/et\\\/#website\",\"url\":\"https:\\\/\\\/nordlinepaadid.ee\\\/et\\\/\",\"name\":\"NORDLINE s\u00f5udepaadid ja mootorpaadid. Klaasfiiber materjalist.\",\"description\":\"\",\"publisher\":{\"@id\":\"https:\\\/\\\/nordlinepaadid.ee\\\/et\\\/#organization\"},\"potentialAction\":[{\"@type\":\"SearchAction\",\"target\":{\"@type\":\"EntryPoint\",\"urlTemplate\":\"https:\\\/\\\/nordlinepaadid.ee\\\/et\\\/?s={search_term_string}\"},\"query-input\":{\"@type\":\"PropertyValueSpecification\",\"valueRequired\":true,\"valueName\":\"search_term_string\"}}],\"inLanguage\":\"et\"},{\"@type\":\"Organization\",\"@id\":\"https:\\\/\\\/nordlinepaadid.ee\\\/et\\\/#organization\",\"name\":\"Nordlineboats\",\"url\":\"https:\\\/\\\/nordlinepaadid.ee\\\/et\\\/\",\"logo\":{\"@type\":\"ImageObject\",\"inLanguage\":\"et\",\"@id\":\"https:\\\/\\\/nordlinepaadid.ee\\\/et\\\/#\\\/schema\\\/logo\\\/image\\\/\",\"url\":\"https:\\\/\\\/nordlinepaadid.ee\\\/wp-content\\\/uploads\\\/2023\\\/01\\\/fulllogo_transparent_nobuffer-e1672750475494.png\",\"contentUrl\":\"https:\\\/\\\/nordlinepaadid.ee\\\/wp-content\\\/uploads\\\/2023\\\/01\\\/fulllogo_transparent_nobuffer-e1672750475494.png\",\"width\":150,\"height\":119,\"caption\":\"Nordlineboats\"},\"image\":{\"@id\":\"https:\\\/\\\/nordlinepaadid.ee\\\/et\\\/#\\\/schema\\\/logo\\\/image\\\/\"},\"sameAs\":[\"https:\\\/\\\/www.facebook.com\\\/nordlineboats\",\"https:\\\/\\\/www.youtube.com\\\/channel\\\/UCbgF0fy02y3QkFnujaLTaCA\"]}]}<\/script>\n<!-- \/ Yoast SEO plugin. -->","yoast_head_json":{"title":"KALASTUSTELK - STORM AT 220 - NORDLINE s\u00f5udepaadid ja mootorpaadid. Klaasfiiber materjalist.","robots":{"index":"index","follow":"follow","max-snippet":"max-snippet:-1","max-image-preview":"max-image-preview:large","max-video-preview":"max-video-preview:-1"},"canonical":"https:\/\/nordlinepaadid.ee\/et\/pood\/kalasturtarbed\/kalastustelk-storm-at-220\/","og_locale":"et_EE","og_type":"article","og_title":"KALASTUSTELK - STORM AT 220 - NORDLINE s\u00f5udepaadid ja mootorpaadid. Klaasfiiber materjalist.","og_description":"Kas plaanite puhkust looduses v\u00f5i kalap\u00fc\u00fcki jahedal aastaajal? Talvetelk STORM AT on suurep\u00e4rane lahendus mugavaks ajaveetmiseks v\u00e4rskes \u00f5hus. Talvetelk on v\u00f5imeline taluma tugevaid tuulehoogusid t\u00e4nu k\u00f5rgele montaa\u017ei- ja materjalide kvaliteedile. Akendega talvetelk on valmistatud vastupidavast s\u00fcnteetilisest materjalist ning on l\u00e4bi \u00f5mmeldud kahekordse \u00f5mblusega, seega niiskus ei satu sisse. Karkass on valmistatud vastupidavast klaaskiust. Telgi konstruktsioonis...","og_url":"https:\/\/nordlinepaadid.ee\/et\/pood\/kalasturtarbed\/kalastustelk-storm-at-220\/","og_site_name":"NORDLINE s\u00f5udepaadid ja mootorpaadid. Klaasfiiber materjalist.","article_publisher":"https:\/\/www.facebook.com\/nordlineboats","article_modified_time":"2026-04-07T00:28:03+00:00","og_image":[{"width":1920,"height":1823,"url":"https:\/\/nordlinepaadid.ee\/wp-content\/uploads\/2025\/03\/11956_HM-STRM-AT220-1.jpg","type":"image\/jpeg"}],"twitter_card":"summary_large_image","twitter_misc":{"Est. reading time":"1 minut"},"schema":{"@context":"https:\/\/schema.org","@graph":[{"@type":"WebPage","@id":"https:\/\/nordlinepaadid.ee\/et\/pood\/kalasturtarbed\/kalastustelk-storm-at-220\/","url":"https:\/\/nordlinepaadid.ee\/et\/pood\/kalasturtarbed\/kalastustelk-storm-at-220\/","name":"KALASTUSTELK - STORM AT 220 - NORDLINE s\u00f5udepaadid ja mootorpaadid. Klaasfiiber materjalist.","isPartOf":{"@id":"https:\/\/nordlinepaadid.ee\/et\/#website"},"primaryImageOfPage":{"@id":"https:\/\/nordlinepaadid.ee\/et\/pood\/kalasturtarbed\/kalastustelk-storm-at-220\/#primaryimage"},"image":{"@id":"https:\/\/nordlinepaadid.ee\/et\/pood\/kalasturtarbed\/kalastustelk-storm-at-220\/#primaryimage"},"thumbnailUrl":"https:\/\/nordlinepaadid.ee\/wp-content\/uploads\/2025\/03\/11956_HM-STRM-AT220-1.jpg","datePublished":"2026-04-07T00:28:02+00:00","dateModified":"2026-04-07T00:28:03+00:00","breadcrumb":{"@id":"https:\/\/nordlinepaadid.ee\/et\/pood\/kalasturtarbed\/kalastustelk-storm-at-220\/#breadcrumb"},"inLanguage":"et","potentialAction":[{"@type":"ReadAction","target":["https:\/\/nordlinepaadid.ee\/et\/pood\/kalasturtarbed\/kalastustelk-storm-at-220\/"]}]},{"@type":"ImageObject","inLanguage":"et","@id":"https:\/\/nordlinepaadid.ee\/et\/pood\/kalasturtarbed\/kalastustelk-storm-at-220\/#primaryimage","url":"https:\/\/nordlinepaadid.ee\/wp-content\/uploads\/2025\/03\/11956_HM-STRM-AT220-1.jpg","contentUrl":"https:\/\/nordlinepaadid.ee\/wp-content\/uploads\/2025\/03\/11956_HM-STRM-AT220-1.jpg","width":1920,"height":1823},{"@type":"BreadcrumbList","@id":"https:\/\/nordlinepaadid.ee\/et\/pood\/kalasturtarbed\/kalastustelk-storm-at-220\/#breadcrumb","itemListElement":[{"@type":"ListItem","position":1,"name":"Home","item":"https:\/\/nordlinepaadid.ee\/et\/"},{"@type":"ListItem","position":2,"name":"Pood","item":"https:\/\/nordlinepaadid.ee\/et\/pood\/"},{"@type":"ListItem","position":3,"name":"KALASTUSTELK &#8211; STORM AT 220"}]},{"@type":"WebSite","@id":"https:\/\/nordlinepaadid.ee\/et\/#website","url":"https:\/\/nordlinepaadid.ee\/et\/","name":"NORDLINE s\u00f5udepaadid ja mootorpaadid. Klaasfiiber materjalist.","description":"","publisher":{"@id":"https:\/\/nordlinepaadid.ee\/et\/#organization"},"potentialAction":[{"@type":"SearchAction","target":{"@type":"EntryPoint","urlTemplate":"https:\/\/nordlinepaadid.ee\/et\/?s={search_term_string}"},"query-input":{"@type":"PropertyValueSpecification","valueRequired":true,"valueName":"search_term_string"}}],"inLanguage":"et"},{"@type":"Organization","@id":"https:\/\/nordlinepaadid.ee\/et\/#organization","name":"Nordlineboats","url":"https:\/\/nordlinepaadid.ee\/et\/","logo":{"@type":"ImageObject","inLanguage":"et","@id":"https:\/\/nordlinepaadid.ee\/et\/#\/schema\/logo\/image\/","url":"https:\/\/nordlinepaadid.ee\/wp-content\/uploads\/2023\/01\/fulllogo_transparent_nobuffer-e1672750475494.png","contentUrl":"https:\/\/nordlinepaadid.ee\/wp-content\/uploads\/2023\/01\/fulllogo_transparent_nobuffer-e1672750475494.png","width":150,"height":119,"caption":"Nordlineboats"},"image":{"@id":"https:\/\/nordlinepaadid.ee\/et\/#\/schema\/logo\/image\/"},"sameAs":["https:\/\/www.facebook.com\/nordlineboats","https:\/\/www.youtube.com\/channel\/UCbgF0fy02y3QkFnujaLTaCA"]}]}},"taxonomy_info":{"product_cat":[{"value":407,"label":"KALASTUSTARBED"},{"value":408,"label":"Talikalastus"}],"pa_producer":[{"value":644,"label":"Tonar"}],"pa_unit":[{"value":416,"label":"pcs"}]},"featured_image_src_large":["https:\/\/nordlinepaadid.ee\/wp-content\/uploads\/2025\/03\/11956_HM-STRM-AT220-1-1024x972.jpg",1024,972,true],"author_info":[],"comment_info":"","_links":{"self":[{"href":"https:\/\/nordlinepaadid.ee\/et\/wp-json\/wp\/v2\/product\/47326","targetHints":{"allow":["GET"]}}],"collection":[{"href":"https:\/\/nordlinepaadid.ee\/et\/wp-json\/wp\/v2\/product"}],"about":[{"href":"https:\/\/nordlinepaadid.ee\/et\/wp-json\/wp\/v2\/types\/product"}],"wp:featuredmedia":[{"embeddable":true,"href":"https:\/\/nordlinepaadid.ee\/et\/wp-json\/wp\/v2\/media\/50266"}],"wp:attachment":[{"href":"https:\/\/nordlinepaadid.ee\/et\/wp-json\/wp\/v2\/media?parent=47326"}],"wp:term":[{"taxonomy":"product_brand","embeddable":true,"href":"https:\/\/nordlinepaadid.ee\/et\/wp-json\/wp\/v2\/product_brand?post=47326"},{"taxonomy":"product_cat","embeddable":true,"href":"https:\/\/nordlinepaadid.ee\/et\/wp-json\/wp\/v2\/product_cat?post=47326"},{"taxonomy":"product_tag","embeddable":true,"href":"https:\/\/nordlinepaadid.ee\/et\/wp-json\/wp\/v2\/product_tag?post=47326"}],"curies":[{"name":"wp","href":"https:\/\/api.w.org\/{rel}","templated":true}]}}