{"id":47327,"date":"2026-04-07T03:28:03","date_gmt":"2026-04-07T00:28:03","guid":{"rendered":"https:\/\/nordlinepaadid.ee\/toode\/maaratlemata\/kalastustelk-storm-at-180-x-2\/"},"modified":"2026-04-07T03:28:03","modified_gmt":"2026-04-07T00:28:03","slug":"kalastustelk-storm-at-180-x-2","status":"publish","type":"product","link":"https:\/\/nordlinepaadid.ee\/et\/pood\/kalasturtarbed\/kalastustelk-storm-at-180-x-2\/","title":{"rendered":"KALASTUSTELK &#8211; STORM AT 180 x 2"},"content":{"rendered":"<p>Suurep\u00e4rane lahendus talviseks kalap\u00fc\u00fcgiks. Telk kaitseb tuule, vihma ja k\u00fclma eest. Varustatud tuulutusaknaga. Vastupidav, niiskuskindel, tulekindel, tuulekindel, valgust l\u00e4bilaskev ja kuumakindel materjal tagab igak\u00fclgse mugavuse.<\/p>\n<p>&#13;<br \/>\n&#13;<\/p>\n<p>&nbsp;<\/p>\n<p>&#13;<br \/>\n&#13;<\/p>\n<p><strong>Omadused:<\/strong><\/p>\n<p>&#13;<br \/>\n&#13;<\/p>\n<ul>&#13;<\/p>\n<li>M\u00f5\u00f5dud: 180 x 360 x 205 cm<\/li>\n<p>&#13;<\/p>\n<li>Materjal: 300 D oxford, veekindel, kuumakindel<\/li>\n<p>&#13;<\/p>\n<li>V\u00e4rvilahendus: kollased k\u00fcljed, hall katus ja p\u00f5hi<\/li>\n<p>&#13;<\/p>\n<li>Uksed: 2 tk<\/li>\n<p>&#13;<\/p>\n<li>T\u00f5mblukk: kahesuunaline<\/li>\n<p>&#13;<\/p>\n<li>Aknad: 6 tk<\/li>\n<p>&#13;<\/p>\n<li>Ventilatsiooniavad: 4 tk<\/li>\n<p>&#13;<\/p>\n<li>Helkurid: 6 tk<\/li>\n<p>&#13;<\/p>\n<li>Raami torud: klaaskiud \u00d8 11 mm<\/li>\n<p>&#13;<\/p>\n<li>Panused: 10 tk<\/li>\n<p>&#13;<\/p>\n<li>Lisakinnitus k\u00fclgedel<\/li>\n<p>&#13;\n<\/ul>\n<p>&#13;<br \/>\n&#13;<\/p>\n<p>&nbsp;<\/p>\n<p>&#13;<\/p>\n","protected":false},"excerpt":{"rendered":"<p>Suurep\u00e4rane lahendus talviseks kalap\u00fc\u00fcgiks. Telk kaitseb tuule, vihma ja k\u00fclma eest. Varustatud tuulutusaknaga. Vastupidav, niiskuskindel, tulekindel, tuulekindel, valgust l\u00e4bilaskev ja kuumakindel materjal tagab igak\u00fclgse mugavuse. &#13; &#13; &nbsp; &#13; &#13; Omadused: &#13; &#13; &#13; M\u00f5\u00f5dud: 180 x 360 x 205 cm &#13; Materjal: 300 D oxford, veekindel, kuumakindel &#13; V\u00e4rvilahendus: kollased k\u00fcljed, hall katus ja&#8230;<\/p>\n","protected":false},"featured_media":50280,"template":"","meta":{"_kad_blocks_custom_css":"","_kad_blocks_head_custom_js":"","_kad_blocks_body_custom_js":"","_kad_blocks_footer_custom_js":"","_kad_post_transparent":"","_kad_post_title":"","_kad_post_layout":"","_kad_post_sidebar_id":"","_kad_post_content_style":"","_kad_post_vertical_padding":"","_kad_post_feature":"","_kad_post_feature_position":"","_kad_post_header":false,"_kad_post_footer":false,"_kad_post_classname":""},"product_brand":[],"product_cat":[407,408],"product_tag":[],"class_list":{"0":"post-47327","1":"product","2":"type-product","3":"status-publish","4":"has-post-thumbnail","6":"product_cat-kalasturtarbed","7":"product_cat-talikalastus","8":"pa_producer-tonar","9":"pa_unit-pcs","10":"tm-no-options","12":"first","13":"onbackorder","14":"taxable","15":"shipping-taxable","16":"purchasable","17":"product-type-simple","18":"entry","19":"content-bg","20":"loop-entry"},"yoast_head":"<!-- This site is optimized with the Yoast SEO plugin v27.3 - https:\/\/yoast.com\/product\/yoast-seo-wordpress\/ -->\n<title>KALASTUSTELK - STORM AT 180 x 2 - NORDLINE s\u00f5udepaadid ja mootorpaadid. Klaasfiiber materjalist.<\/title>\n<meta name=\"robots\" content=\"index, follow, max-snippet:-1, max-image-preview:large, max-video-preview:-1\" \/>\n<link rel=\"canonical\" href=\"https:\/\/nordlinepaadid.ee\/et\/pood\/kalasturtarbed\/kalastustelk-storm-at-180-x-2\/\" \/>\n<meta property=\"og:locale\" content=\"et_EE\" \/>\n<meta property=\"og:type\" content=\"article\" \/>\n<meta property=\"og:title\" content=\"KALASTUSTELK - STORM AT 180 x 2 - NORDLINE s\u00f5udepaadid ja mootorpaadid. Klaasfiiber materjalist.\" \/>\n<meta property=\"og:description\" content=\"Suurep\u00e4rane lahendus talviseks kalap\u00fc\u00fcgiks. Telk kaitseb tuule, vihma ja k\u00fclma eest. Varustatud tuulutusaknaga. Vastupidav, niiskuskindel, tulekindel, tuulekindel, valgust l\u00e4bilaskev ja kuumakindel materjal tagab igak\u00fclgse mugavuse. &#013; &#013; &nbsp; &#013; &#013; Omadused: &#013; &#013; &#013; M\u00f5\u00f5dud: 180 x 360 x 205 cm &#013; Materjal: 300 D oxford, veekindel, kuumakindel &#013; V\u00e4rvilahendus: kollased k\u00fcljed, hall katus ja...\" \/>\n<meta property=\"og:url\" content=\"https:\/\/nordlinepaadid.ee\/et\/pood\/kalasturtarbed\/kalastustelk-storm-at-180-x-2\/\" \/>\n<meta property=\"og:site_name\" content=\"NORDLINE s\u00f5udepaadid ja mootorpaadid. Klaasfiiber materjalist.\" \/>\n<meta property=\"article:publisher\" content=\"https:\/\/www.facebook.com\/nordlineboats\" \/>\n<meta property=\"og:image\" content=\"https:\/\/nordlinepaadid.ee\/wp-content\/uploads\/2025\/03\/11963_HM-STRM-AT180-1.jpg\" \/>\n\t<meta property=\"og:image:width\" content=\"800\" \/>\n\t<meta property=\"og:image:height\" content=\"800\" \/>\n\t<meta property=\"og:image:type\" content=\"image\/jpeg\" \/>\n<meta name=\"twitter:card\" content=\"summary_large_image\" \/>\n<script type=\"application\/ld+json\" class=\"yoast-schema-graph\">{\"@context\":\"https:\\\/\\\/schema.org\",\"@graph\":[{\"@type\":\"WebPage\",\"@id\":\"https:\\\/\\\/nordlinepaadid.ee\\\/et\\\/pood\\\/kalasturtarbed\\\/kalastustelk-storm-at-180-x-2\\\/\",\"url\":\"https:\\\/\\\/nordlinepaadid.ee\\\/et\\\/pood\\\/kalasturtarbed\\\/kalastustelk-storm-at-180-x-2\\\/\",\"name\":\"KALASTUSTELK - STORM AT 180 x 2 - NORDLINE s\u00f5udepaadid ja mootorpaadid. Klaasfiiber materjalist.\",\"isPartOf\":{\"@id\":\"https:\\\/\\\/nordlinepaadid.ee\\\/et\\\/#website\"},\"primaryImageOfPage\":{\"@id\":\"https:\\\/\\\/nordlinepaadid.ee\\\/et\\\/pood\\\/kalasturtarbed\\\/kalastustelk-storm-at-180-x-2\\\/#primaryimage\"},\"image\":{\"@id\":\"https:\\\/\\\/nordlinepaadid.ee\\\/et\\\/pood\\\/kalasturtarbed\\\/kalastustelk-storm-at-180-x-2\\\/#primaryimage\"},\"thumbnailUrl\":\"https:\\\/\\\/nordlinepaadid.ee\\\/wp-content\\\/uploads\\\/2025\\\/03\\\/11963_HM-STRM-AT180-1.jpg\",\"datePublished\":\"2026-04-07T00:28:03+00:00\",\"breadcrumb\":{\"@id\":\"https:\\\/\\\/nordlinepaadid.ee\\\/et\\\/pood\\\/kalasturtarbed\\\/kalastustelk-storm-at-180-x-2\\\/#breadcrumb\"},\"inLanguage\":\"et\",\"potentialAction\":[{\"@type\":\"ReadAction\",\"target\":[\"https:\\\/\\\/nordlinepaadid.ee\\\/et\\\/pood\\\/kalasturtarbed\\\/kalastustelk-storm-at-180-x-2\\\/\"]}]},{\"@type\":\"ImageObject\",\"inLanguage\":\"et\",\"@id\":\"https:\\\/\\\/nordlinepaadid.ee\\\/et\\\/pood\\\/kalasturtarbed\\\/kalastustelk-storm-at-180-x-2\\\/#primaryimage\",\"url\":\"https:\\\/\\\/nordlinepaadid.ee\\\/wp-content\\\/uploads\\\/2025\\\/03\\\/11963_HM-STRM-AT180-1.jpg\",\"contentUrl\":\"https:\\\/\\\/nordlinepaadid.ee\\\/wp-content\\\/uploads\\\/2025\\\/03\\\/11963_HM-STRM-AT180-1.jpg\",\"width\":800,\"height\":800},{\"@type\":\"BreadcrumbList\",\"@id\":\"https:\\\/\\\/nordlinepaadid.ee\\\/et\\\/pood\\\/kalasturtarbed\\\/kalastustelk-storm-at-180-x-2\\\/#breadcrumb\",\"itemListElement\":[{\"@type\":\"ListItem\",\"position\":1,\"name\":\"Home\",\"item\":\"https:\\\/\\\/nordlinepaadid.ee\\\/et\\\/\"},{\"@type\":\"ListItem\",\"position\":2,\"name\":\"Pood\",\"item\":\"https:\\\/\\\/nordlinepaadid.ee\\\/et\\\/pood\\\/\"},{\"@type\":\"ListItem\",\"position\":3,\"name\":\"KALASTUSTELK &#8211; STORM AT 180 x 2\"}]},{\"@type\":\"WebSite\",\"@id\":\"https:\\\/\\\/nordlinepaadid.ee\\\/et\\\/#website\",\"url\":\"https:\\\/\\\/nordlinepaadid.ee\\\/et\\\/\",\"name\":\"NORDLINE s\u00f5udepaadid ja mootorpaadid. Klaasfiiber materjalist.\",\"description\":\"\",\"publisher\":{\"@id\":\"https:\\\/\\\/nordlinepaadid.ee\\\/et\\\/#organization\"},\"potentialAction\":[{\"@type\":\"SearchAction\",\"target\":{\"@type\":\"EntryPoint\",\"urlTemplate\":\"https:\\\/\\\/nordlinepaadid.ee\\\/et\\\/?s={search_term_string}\"},\"query-input\":{\"@type\":\"PropertyValueSpecification\",\"valueRequired\":true,\"valueName\":\"search_term_string\"}}],\"inLanguage\":\"et\"},{\"@type\":\"Organization\",\"@id\":\"https:\\\/\\\/nordlinepaadid.ee\\\/et\\\/#organization\",\"name\":\"Nordlineboats\",\"url\":\"https:\\\/\\\/nordlinepaadid.ee\\\/et\\\/\",\"logo\":{\"@type\":\"ImageObject\",\"inLanguage\":\"et\",\"@id\":\"https:\\\/\\\/nordlinepaadid.ee\\\/et\\\/#\\\/schema\\\/logo\\\/image\\\/\",\"url\":\"https:\\\/\\\/nordlinepaadid.ee\\\/wp-content\\\/uploads\\\/2023\\\/01\\\/fulllogo_transparent_nobuffer-e1672750475494.png\",\"contentUrl\":\"https:\\\/\\\/nordlinepaadid.ee\\\/wp-content\\\/uploads\\\/2023\\\/01\\\/fulllogo_transparent_nobuffer-e1672750475494.png\",\"width\":150,\"height\":119,\"caption\":\"Nordlineboats\"},\"image\":{\"@id\":\"https:\\\/\\\/nordlinepaadid.ee\\\/et\\\/#\\\/schema\\\/logo\\\/image\\\/\"},\"sameAs\":[\"https:\\\/\\\/www.facebook.com\\\/nordlineboats\",\"https:\\\/\\\/www.youtube.com\\\/channel\\\/UCbgF0fy02y3QkFnujaLTaCA\"]}]}<\/script>\n<!-- \/ Yoast SEO plugin. -->","yoast_head_json":{"title":"KALASTUSTELK - STORM AT 180 x 2 - NORDLINE s\u00f5udepaadid ja mootorpaadid. Klaasfiiber materjalist.","robots":{"index":"index","follow":"follow","max-snippet":"max-snippet:-1","max-image-preview":"max-image-preview:large","max-video-preview":"max-video-preview:-1"},"canonical":"https:\/\/nordlinepaadid.ee\/et\/pood\/kalasturtarbed\/kalastustelk-storm-at-180-x-2\/","og_locale":"et_EE","og_type":"article","og_title":"KALASTUSTELK - STORM AT 180 x 2 - NORDLINE s\u00f5udepaadid ja mootorpaadid. Klaasfiiber materjalist.","og_description":"Suurep\u00e4rane lahendus talviseks kalap\u00fc\u00fcgiks. Telk kaitseb tuule, vihma ja k\u00fclma eest. Varustatud tuulutusaknaga. Vastupidav, niiskuskindel, tulekindel, tuulekindel, valgust l\u00e4bilaskev ja kuumakindel materjal tagab igak\u00fclgse mugavuse. &#13; &#13; &nbsp; &#13; &#13; Omadused: &#13; &#13; &#13; M\u00f5\u00f5dud: 180 x 360 x 205 cm &#13; Materjal: 300 D oxford, veekindel, kuumakindel &#13; V\u00e4rvilahendus: kollased k\u00fcljed, hall katus ja...","og_url":"https:\/\/nordlinepaadid.ee\/et\/pood\/kalasturtarbed\/kalastustelk-storm-at-180-x-2\/","og_site_name":"NORDLINE s\u00f5udepaadid ja mootorpaadid. Klaasfiiber materjalist.","article_publisher":"https:\/\/www.facebook.com\/nordlineboats","og_image":[{"width":800,"height":800,"url":"https:\/\/nordlinepaadid.ee\/wp-content\/uploads\/2025\/03\/11963_HM-STRM-AT180-1.jpg","type":"image\/jpeg"}],"twitter_card":"summary_large_image","schema":{"@context":"https:\/\/schema.org","@graph":[{"@type":"WebPage","@id":"https:\/\/nordlinepaadid.ee\/et\/pood\/kalasturtarbed\/kalastustelk-storm-at-180-x-2\/","url":"https:\/\/nordlinepaadid.ee\/et\/pood\/kalasturtarbed\/kalastustelk-storm-at-180-x-2\/","name":"KALASTUSTELK - STORM AT 180 x 2 - NORDLINE s\u00f5udepaadid ja mootorpaadid. Klaasfiiber materjalist.","isPartOf":{"@id":"https:\/\/nordlinepaadid.ee\/et\/#website"},"primaryImageOfPage":{"@id":"https:\/\/nordlinepaadid.ee\/et\/pood\/kalasturtarbed\/kalastustelk-storm-at-180-x-2\/#primaryimage"},"image":{"@id":"https:\/\/nordlinepaadid.ee\/et\/pood\/kalasturtarbed\/kalastustelk-storm-at-180-x-2\/#primaryimage"},"thumbnailUrl":"https:\/\/nordlinepaadid.ee\/wp-content\/uploads\/2025\/03\/11963_HM-STRM-AT180-1.jpg","datePublished":"2026-04-07T00:28:03+00:00","breadcrumb":{"@id":"https:\/\/nordlinepaadid.ee\/et\/pood\/kalasturtarbed\/kalastustelk-storm-at-180-x-2\/#breadcrumb"},"inLanguage":"et","potentialAction":[{"@type":"ReadAction","target":["https:\/\/nordlinepaadid.ee\/et\/pood\/kalasturtarbed\/kalastustelk-storm-at-180-x-2\/"]}]},{"@type":"ImageObject","inLanguage":"et","@id":"https:\/\/nordlinepaadid.ee\/et\/pood\/kalasturtarbed\/kalastustelk-storm-at-180-x-2\/#primaryimage","url":"https:\/\/nordlinepaadid.ee\/wp-content\/uploads\/2025\/03\/11963_HM-STRM-AT180-1.jpg","contentUrl":"https:\/\/nordlinepaadid.ee\/wp-content\/uploads\/2025\/03\/11963_HM-STRM-AT180-1.jpg","width":800,"height":800},{"@type":"BreadcrumbList","@id":"https:\/\/nordlinepaadid.ee\/et\/pood\/kalasturtarbed\/kalastustelk-storm-at-180-x-2\/#breadcrumb","itemListElement":[{"@type":"ListItem","position":1,"name":"Home","item":"https:\/\/nordlinepaadid.ee\/et\/"},{"@type":"ListItem","position":2,"name":"Pood","item":"https:\/\/nordlinepaadid.ee\/et\/pood\/"},{"@type":"ListItem","position":3,"name":"KALASTUSTELK &#8211; STORM AT 180 x 2"}]},{"@type":"WebSite","@id":"https:\/\/nordlinepaadid.ee\/et\/#website","url":"https:\/\/nordlinepaadid.ee\/et\/","name":"NORDLINE s\u00f5udepaadid ja mootorpaadid. Klaasfiiber materjalist.","description":"","publisher":{"@id":"https:\/\/nordlinepaadid.ee\/et\/#organization"},"potentialAction":[{"@type":"SearchAction","target":{"@type":"EntryPoint","urlTemplate":"https:\/\/nordlinepaadid.ee\/et\/?s={search_term_string}"},"query-input":{"@type":"PropertyValueSpecification","valueRequired":true,"valueName":"search_term_string"}}],"inLanguage":"et"},{"@type":"Organization","@id":"https:\/\/nordlinepaadid.ee\/et\/#organization","name":"Nordlineboats","url":"https:\/\/nordlinepaadid.ee\/et\/","logo":{"@type":"ImageObject","inLanguage":"et","@id":"https:\/\/nordlinepaadid.ee\/et\/#\/schema\/logo\/image\/","url":"https:\/\/nordlinepaadid.ee\/wp-content\/uploads\/2023\/01\/fulllogo_transparent_nobuffer-e1672750475494.png","contentUrl":"https:\/\/nordlinepaadid.ee\/wp-content\/uploads\/2023\/01\/fulllogo_transparent_nobuffer-e1672750475494.png","width":150,"height":119,"caption":"Nordlineboats"},"image":{"@id":"https:\/\/nordlinepaadid.ee\/et\/#\/schema\/logo\/image\/"},"sameAs":["https:\/\/www.facebook.com\/nordlineboats","https:\/\/www.youtube.com\/channel\/UCbgF0fy02y3QkFnujaLTaCA"]}]}},"taxonomy_info":{"product_cat":[{"value":407,"label":"KALASTUSTARBED"},{"value":408,"label":"Talikalastus"}],"pa_producer":[{"value":644,"label":"Tonar"}],"pa_unit":[{"value":416,"label":"pcs"}]},"featured_image_src_large":["https:\/\/nordlinepaadid.ee\/wp-content\/uploads\/2025\/03\/11963_HM-STRM-AT180-1.jpg",800,800,false],"author_info":[],"comment_info":"","_links":{"self":[{"href":"https:\/\/nordlinepaadid.ee\/et\/wp-json\/wp\/v2\/product\/47327","targetHints":{"allow":["GET"]}}],"collection":[{"href":"https:\/\/nordlinepaadid.ee\/et\/wp-json\/wp\/v2\/product"}],"about":[{"href":"https:\/\/nordlinepaadid.ee\/et\/wp-json\/wp\/v2\/types\/product"}],"wp:featuredmedia":[{"embeddable":true,"href":"https:\/\/nordlinepaadid.ee\/et\/wp-json\/wp\/v2\/media\/50280"}],"wp:attachment":[{"href":"https:\/\/nordlinepaadid.ee\/et\/wp-json\/wp\/v2\/media?parent=47327"}],"wp:term":[{"taxonomy":"product_brand","embeddable":true,"href":"https:\/\/nordlinepaadid.ee\/et\/wp-json\/wp\/v2\/product_brand?post=47327"},{"taxonomy":"product_cat","embeddable":true,"href":"https:\/\/nordlinepaadid.ee\/et\/wp-json\/wp\/v2\/product_cat?post=47327"},{"taxonomy":"product_tag","embeddable":true,"href":"https:\/\/nordlinepaadid.ee\/et\/wp-json\/wp\/v2\/product_tag?post=47327"}],"curies":[{"name":"wp","href":"https:\/\/api.w.org\/{rel}","templated":true}]}}