{"id":47391,"date":"2026-04-07T03:28:17","date_gmt":"2026-04-07T00:28:17","guid":{"rendered":"https:\/\/nordlinepaadid.ee\/toode\/maaratlemata\/pvc-paat-gladiator-c420al-3\/"},"modified":"2026-04-07T03:28:18","modified_gmt":"2026-04-07T00:28:18","slug":"pvc-paat-gladiator-c420al-3","status":"publish","type":"product","link":"https:\/\/nordlinepaadid.ee\/et\/pood\/kummipaadid-ja-tarvikud\/kummipaadid\/pvc-paat-gladiator-c420al-3\/","title":{"rendered":"PVC PAAT- GLADIATOR C420AL"},"content":{"rendered":"<p style=\"text-align:justify\">Gladiator \u201cACTIVE\u201d seeriat iseloomustab suurep\u00e4rane kuju, man\u00f6\u00f6verdusv\u00f5ime ja stabiilsus. Active seeria on loodud spetsiaalselt kalap\u00fc\u00fcgiks ja jahipidamiseks. \u201cGladiator\u201d paadid on valmistatud vastupidavast uue p\u00f5lvkonna s\u00fcnteetilisest PVC kangast, mida iseloomustab kerge kaal, elastsus, kaitse hallituse, \u00f5lide ja bensiini vastu. Uudsena on paadil \u00fcler\u00f5huventiil k\u00f5rge r\u00f5hu vastu kaitseks. K\u00f5ik konstruktsiooni s\u00f5lmed on tugevdatud, tagades paadi pika eluea ja suurep\u00e4rase kasutatavuse isegi ekstreemsetes tingimustes. Paadid on varustatud 20 cm ja 8 cm laiuste tugevdusribadega kere ja torude t\u00e4iendava kaitse tagamiseks mehaaniliste kahjustuste vastu. Uus p\u00f5ikitalade tugevdamise s\u00fcsteem. Kere on valmistatud PVC-st tihedusega 1100 g\/m2 (paksusega 0,9 mm). Sellele sarjale on ette n\u00e4htud k\u00f5rgema klassi varustus: alumiiniumist istmed (kuni 200 kg), pehmed istmekatted koos kottidega, mis kinnitatakse istme alla, v\u00f6\u00f6ri pritsmekaitse ehk kaitsetelk, efektiivne 6-liitrine jalapump revers funktsiooniga, 4 meetrit pukseerimisk\u00f6it, aerud ja remondikomplekt. Garantii: PVC materjal \u2013 5 aastat, \u00f5mblused \u2013 3 aastat, varustus \u2013 1 aasta.<\/p>\n<p>&#13;<br \/>\n&#13;<\/p>\n<p style=\"text-align:justify\">&nbsp;<\/p>\n<p>&#13;<br \/>\n&#13;<\/p>\n<p style=\"text-align:justify\"><strong>Tehnilised andmed:<\/strong><\/p>\n<p>&#13;<br \/>\n&#13;<\/p>\n<p style=\"text-align:justify\">Pikkus: 420 cm<\/p>\n<p>&#13;<br \/>\n&#13;<\/p>\n<p style=\"text-align:justify\">Laius: 192 cm<\/p>\n<p>&#13;<br \/>\n&#13;<\/p>\n<p style=\"text-align:justify\">Siseosa pikkus: 276 cm<\/p>\n<p>&#13;<br \/>\n&#13;<\/p>\n<p style=\"text-align:justify\">Siseosa laius: 92 cm<\/p>\n<p>&#13;<br \/>\n&#13;<\/p>\n<p style=\"text-align:justify\">Tuubi l\u00e4bim\u00f5\u00f5t: 50 cm<\/p>\n<p>&#13;<br \/>\n&#13;<\/p>\n<p style=\"text-align:justify\">Kiil: 1<\/p>\n<p>&#13;<br \/>\n&#13;<\/p>\n<p style=\"text-align:justify\">Sektsioonide arv: 3+1<\/p>\n<p>&#13;<br \/>\n&#13;<\/p>\n<p style=\"text-align:justify\">P\u00f5hja t\u00fc\u00fcp: alumiinium<\/p>\n<p>&#13;<br \/>\n&#13;<\/p>\n<p style=\"text-align:justify\">Reisijate arv: 7<\/p>\n<p>&#13;<br \/>\n&#13;<\/p>\n<p style=\"text-align:justify\">Kandev\u00f5ime: 719 kg<\/p>\n<p>&#13;<br \/>\n&#13;<\/p>\n<p style=\"text-align:justify\">Kaal: 84 kg<\/p>\n<p>&#13;<br \/>\n&#13;<\/p>\n<p style=\"text-align:justify\">Ahtri t\u00fc\u00fcp: k\u00f5rgus fikseeritud, S<\/p>\n<p>&#13;<br \/>\n&#13;<\/p>\n<p style=\"text-align:justify\">&nbsp;<\/p>\n<p>&#13;<br \/>\n&#13;<\/p>\n<p style=\"text-align:justify\"><strong>Komplekti kuulub:<\/strong><\/p>\n<p>&#13;<br \/>\n&#13;<\/p>\n<p style=\"text-align:justify\">Aerud: 2<\/p>\n<p>&#13;<br \/>\n&#13;<\/p>\n<p style=\"text-align:justify\">Alumiiniumist istmed: 2<\/p>\n<p>&#13;<br \/>\n&#13;<\/p>\n<p style=\"text-align:justify\">Istme pehmendus koos kotiga: 2<\/p>\n<p>&#13;<br \/>\n&#13;<\/p>\n<p style=\"text-align:justify\">Paadikott: 1<\/p>\n<p>&#13;<br \/>\n&#13;<\/p>\n<p style=\"text-align:justify\">P\u00f5hjakott: 1<\/p>\n<p>&#13;<br \/>\n&#13;<\/p>\n<p style=\"text-align:justify\">Kiilu kaitse: 1<\/p>\n<p>&#13;<br \/>\n&#13;<\/p>\n<p style=\"text-align:justify\">Tuubi kaitse: 2<\/p>\n<p>&#13;<br \/>\n&#13;<\/p>\n<p style=\"text-align:justify\">Pritsmekaitse koos kotiga: 1<\/p>\n<p>&#13;<br \/>\n&#13;<\/p>\n<p style=\"text-align:justify\">Remondikomplekt: 1<\/p>\n<p>&#13;<br \/>\n&#13;<\/p>\n<p style=\"text-align:justify\">Jalgpump: 2<\/p>\n<p>&#13;<br \/>\n&#13;<\/p>\n<p style=\"text-align:justify\">&nbsp;<\/p>\n<p>&#13;<\/p>\n","protected":false},"excerpt":{"rendered":"<p>Gladiator \u201cACTIVE\u201d seeriat iseloomustab suurep\u00e4rane kuju, man\u00f6\u00f6verdusv\u00f5ime ja stabiilsus. Active seeria on loodud spetsiaalselt kalap\u00fc\u00fcgiks ja jahipidamiseks. \u201cGladiator\u201d paadid on valmistatud vastupidavast uue p\u00f5lvkonna s\u00fcnteetilisest PVC kangast, mida iseloomustab kerge kaal, elastsus, kaitse hallituse, \u00f5lide ja bensiini vastu. Uudsena on paadil \u00fcler\u00f5huventiil k\u00f5rge r\u00f5hu vastu kaitseks. K\u00f5ik konstruktsiooni s\u00f5lmed on tugevdatud, tagades paadi pika eluea&#8230;<\/p>\n","protected":false},"featured_media":50490,"template":"","meta":{"_kad_blocks_custom_css":"","_kad_blocks_head_custom_js":"","_kad_blocks_body_custom_js":"","_kad_blocks_footer_custom_js":"","_kad_post_transparent":"","_kad_post_title":"","_kad_post_layout":"","_kad_post_sidebar_id":"","_kad_post_content_style":"","_kad_post_vertical_padding":"","_kad_post_feature":"","_kad_post_feature_position":"","_kad_post_header":false,"_kad_post_footer":false,"_kad_post_classname":""},"product_brand":[],"product_cat":[294,250],"product_tag":[],"class_list":{"0":"post-47391","1":"product","2":"type-product","3":"status-publish","4":"has-post-thumbnail","6":"product_cat-kummipaadid","7":"product_cat-kummipaadid-ja-tarvikud","8":"pa_color-oranz-must","9":"pa_producer-gladiator","10":"pa_unit-pcs","11":"tm-no-options","13":"first","14":"instock","15":"taxable","16":"shipping-taxable","17":"purchasable","18":"product-type-simple","19":"entry","20":"content-bg","21":"loop-entry"},"yoast_head":"<!-- This site is optimized with the Yoast SEO plugin v27.3 - https:\/\/yoast.com\/product\/yoast-seo-wordpress\/ -->\n<title>PVC PAAT- GLADIATOR C420AL - NORDLINE s\u00f5udepaadid ja mootorpaadid. Klaasfiiber materjalist.<\/title>\n<meta name=\"robots\" content=\"index, follow, max-snippet:-1, max-image-preview:large, max-video-preview:-1\" \/>\n<link rel=\"canonical\" href=\"https:\/\/nordlinepaadid.ee\/et\/pood\/kummipaadid-ja-tarvikud\/kummipaadid\/pvc-paat-gladiator-c420al-3\/\" \/>\n<meta property=\"og:locale\" content=\"et_EE\" \/>\n<meta property=\"og:type\" content=\"article\" \/>\n<meta property=\"og:title\" content=\"PVC PAAT- GLADIATOR C420AL - NORDLINE s\u00f5udepaadid ja mootorpaadid. Klaasfiiber materjalist.\" \/>\n<meta property=\"og:description\" content=\"Gladiator \u201cACTIVE\u201d seeriat iseloomustab suurep\u00e4rane kuju, man\u00f6\u00f6verdusv\u00f5ime ja stabiilsus. Active seeria on loodud spetsiaalselt kalap\u00fc\u00fcgiks ja jahipidamiseks. \u201cGladiator\u201d paadid on valmistatud vastupidavast uue p\u00f5lvkonna s\u00fcnteetilisest PVC kangast, mida iseloomustab kerge kaal, elastsus, kaitse hallituse, \u00f5lide ja bensiini vastu. Uudsena on paadil \u00fcler\u00f5huventiil k\u00f5rge r\u00f5hu vastu kaitseks. K\u00f5ik konstruktsiooni s\u00f5lmed on tugevdatud, tagades paadi pika eluea...\" \/>\n<meta property=\"og:url\" content=\"https:\/\/nordlinepaadid.ee\/et\/pood\/kummipaadid-ja-tarvikud\/kummipaadid\/pvc-paat-gladiator-c420al-3\/\" \/>\n<meta property=\"og:site_name\" content=\"NORDLINE s\u00f5udepaadid ja mootorpaadid. Klaasfiiber materjalist.\" \/>\n<meta property=\"article:publisher\" content=\"https:\/\/www.facebook.com\/nordlineboats\" \/>\n<meta property=\"article:modified_time\" content=\"2026-04-07T00:28:18+00:00\" \/>\n<meta property=\"og:image\" content=\"https:\/\/nordlinepaadid.ee\/wp-content\/uploads\/2025\/03\/12086_GL-C420AL-ORGRAY-1.png\" \/>\n\t<meta property=\"og:image:width\" content=\"1392\" \/>\n\t<meta property=\"og:image:height\" content=\"877\" \/>\n\t<meta property=\"og:image:type\" content=\"image\/png\" \/>\n<meta name=\"twitter:card\" content=\"summary_large_image\" \/>\n<meta name=\"twitter:label1\" content=\"Est. reading time\" \/>\n\t<meta name=\"twitter:data1\" content=\"1 minut\" \/>\n<script type=\"application\/ld+json\" class=\"yoast-schema-graph\">{\"@context\":\"https:\\\/\\\/schema.org\",\"@graph\":[{\"@type\":\"WebPage\",\"@id\":\"https:\\\/\\\/nordlinepaadid.ee\\\/et\\\/pood\\\/kummipaadid-ja-tarvikud\\\/kummipaadid\\\/pvc-paat-gladiator-c420al-3\\\/\",\"url\":\"https:\\\/\\\/nordlinepaadid.ee\\\/et\\\/pood\\\/kummipaadid-ja-tarvikud\\\/kummipaadid\\\/pvc-paat-gladiator-c420al-3\\\/\",\"name\":\"PVC PAAT- GLADIATOR C420AL - NORDLINE s\u00f5udepaadid ja mootorpaadid. Klaasfiiber materjalist.\",\"isPartOf\":{\"@id\":\"https:\\\/\\\/nordlinepaadid.ee\\\/et\\\/#website\"},\"primaryImageOfPage\":{\"@id\":\"https:\\\/\\\/nordlinepaadid.ee\\\/et\\\/pood\\\/kummipaadid-ja-tarvikud\\\/kummipaadid\\\/pvc-paat-gladiator-c420al-3\\\/#primaryimage\"},\"image\":{\"@id\":\"https:\\\/\\\/nordlinepaadid.ee\\\/et\\\/pood\\\/kummipaadid-ja-tarvikud\\\/kummipaadid\\\/pvc-paat-gladiator-c420al-3\\\/#primaryimage\"},\"thumbnailUrl\":\"https:\\\/\\\/nordlinepaadid.ee\\\/wp-content\\\/uploads\\\/2025\\\/03\\\/12086_GL-C420AL-ORGRAY-1.png\",\"datePublished\":\"2026-04-07T00:28:17+00:00\",\"dateModified\":\"2026-04-07T00:28:18+00:00\",\"breadcrumb\":{\"@id\":\"https:\\\/\\\/nordlinepaadid.ee\\\/et\\\/pood\\\/kummipaadid-ja-tarvikud\\\/kummipaadid\\\/pvc-paat-gladiator-c420al-3\\\/#breadcrumb\"},\"inLanguage\":\"et\",\"potentialAction\":[{\"@type\":\"ReadAction\",\"target\":[\"https:\\\/\\\/nordlinepaadid.ee\\\/et\\\/pood\\\/kummipaadid-ja-tarvikud\\\/kummipaadid\\\/pvc-paat-gladiator-c420al-3\\\/\"]}]},{\"@type\":\"ImageObject\",\"inLanguage\":\"et\",\"@id\":\"https:\\\/\\\/nordlinepaadid.ee\\\/et\\\/pood\\\/kummipaadid-ja-tarvikud\\\/kummipaadid\\\/pvc-paat-gladiator-c420al-3\\\/#primaryimage\",\"url\":\"https:\\\/\\\/nordlinepaadid.ee\\\/wp-content\\\/uploads\\\/2025\\\/03\\\/12086_GL-C420AL-ORGRAY-1.png\",\"contentUrl\":\"https:\\\/\\\/nordlinepaadid.ee\\\/wp-content\\\/uploads\\\/2025\\\/03\\\/12086_GL-C420AL-ORGRAY-1.png\",\"width\":1392,\"height\":877},{\"@type\":\"BreadcrumbList\",\"@id\":\"https:\\\/\\\/nordlinepaadid.ee\\\/et\\\/pood\\\/kummipaadid-ja-tarvikud\\\/kummipaadid\\\/pvc-paat-gladiator-c420al-3\\\/#breadcrumb\",\"itemListElement\":[{\"@type\":\"ListItem\",\"position\":1,\"name\":\"Home\",\"item\":\"https:\\\/\\\/nordlinepaadid.ee\\\/et\\\/\"},{\"@type\":\"ListItem\",\"position\":2,\"name\":\"Pood\",\"item\":\"https:\\\/\\\/nordlinepaadid.ee\\\/et\\\/pood\\\/\"},{\"@type\":\"ListItem\",\"position\":3,\"name\":\"PVC PAAT- GLADIATOR C420AL\"}]},{\"@type\":\"WebSite\",\"@id\":\"https:\\\/\\\/nordlinepaadid.ee\\\/et\\\/#website\",\"url\":\"https:\\\/\\\/nordlinepaadid.ee\\\/et\\\/\",\"name\":\"NORDLINE s\u00f5udepaadid ja mootorpaadid. Klaasfiiber materjalist.\",\"description\":\"\",\"publisher\":{\"@id\":\"https:\\\/\\\/nordlinepaadid.ee\\\/et\\\/#organization\"},\"potentialAction\":[{\"@type\":\"SearchAction\",\"target\":{\"@type\":\"EntryPoint\",\"urlTemplate\":\"https:\\\/\\\/nordlinepaadid.ee\\\/et\\\/?s={search_term_string}\"},\"query-input\":{\"@type\":\"PropertyValueSpecification\",\"valueRequired\":true,\"valueName\":\"search_term_string\"}}],\"inLanguage\":\"et\"},{\"@type\":\"Organization\",\"@id\":\"https:\\\/\\\/nordlinepaadid.ee\\\/et\\\/#organization\",\"name\":\"Nordlineboats\",\"url\":\"https:\\\/\\\/nordlinepaadid.ee\\\/et\\\/\",\"logo\":{\"@type\":\"ImageObject\",\"inLanguage\":\"et\",\"@id\":\"https:\\\/\\\/nordlinepaadid.ee\\\/et\\\/#\\\/schema\\\/logo\\\/image\\\/\",\"url\":\"https:\\\/\\\/nordlinepaadid.ee\\\/wp-content\\\/uploads\\\/2023\\\/01\\\/fulllogo_transparent_nobuffer-e1672750475494.png\",\"contentUrl\":\"https:\\\/\\\/nordlinepaadid.ee\\\/wp-content\\\/uploads\\\/2023\\\/01\\\/fulllogo_transparent_nobuffer-e1672750475494.png\",\"width\":150,\"height\":119,\"caption\":\"Nordlineboats\"},\"image\":{\"@id\":\"https:\\\/\\\/nordlinepaadid.ee\\\/et\\\/#\\\/schema\\\/logo\\\/image\\\/\"},\"sameAs\":[\"https:\\\/\\\/www.facebook.com\\\/nordlineboats\",\"https:\\\/\\\/www.youtube.com\\\/channel\\\/UCbgF0fy02y3QkFnujaLTaCA\"]}]}<\/script>\n<!-- \/ Yoast SEO plugin. -->","yoast_head_json":{"title":"PVC PAAT- GLADIATOR C420AL - NORDLINE s\u00f5udepaadid ja mootorpaadid. Klaasfiiber materjalist.","robots":{"index":"index","follow":"follow","max-snippet":"max-snippet:-1","max-image-preview":"max-image-preview:large","max-video-preview":"max-video-preview:-1"},"canonical":"https:\/\/nordlinepaadid.ee\/et\/pood\/kummipaadid-ja-tarvikud\/kummipaadid\/pvc-paat-gladiator-c420al-3\/","og_locale":"et_EE","og_type":"article","og_title":"PVC PAAT- GLADIATOR C420AL - NORDLINE s\u00f5udepaadid ja mootorpaadid. Klaasfiiber materjalist.","og_description":"Gladiator \u201cACTIVE\u201d seeriat iseloomustab suurep\u00e4rane kuju, man\u00f6\u00f6verdusv\u00f5ime ja stabiilsus. Active seeria on loodud spetsiaalselt kalap\u00fc\u00fcgiks ja jahipidamiseks. \u201cGladiator\u201d paadid on valmistatud vastupidavast uue p\u00f5lvkonna s\u00fcnteetilisest PVC kangast, mida iseloomustab kerge kaal, elastsus, kaitse hallituse, \u00f5lide ja bensiini vastu. Uudsena on paadil \u00fcler\u00f5huventiil k\u00f5rge r\u00f5hu vastu kaitseks. K\u00f5ik konstruktsiooni s\u00f5lmed on tugevdatud, tagades paadi pika eluea...","og_url":"https:\/\/nordlinepaadid.ee\/et\/pood\/kummipaadid-ja-tarvikud\/kummipaadid\/pvc-paat-gladiator-c420al-3\/","og_site_name":"NORDLINE s\u00f5udepaadid ja mootorpaadid. Klaasfiiber materjalist.","article_publisher":"https:\/\/www.facebook.com\/nordlineboats","article_modified_time":"2026-04-07T00:28:18+00:00","og_image":[{"width":1392,"height":877,"url":"https:\/\/nordlinepaadid.ee\/wp-content\/uploads\/2025\/03\/12086_GL-C420AL-ORGRAY-1.png","type":"image\/png"}],"twitter_card":"summary_large_image","twitter_misc":{"Est. reading time":"1 minut"},"schema":{"@context":"https:\/\/schema.org","@graph":[{"@type":"WebPage","@id":"https:\/\/nordlinepaadid.ee\/et\/pood\/kummipaadid-ja-tarvikud\/kummipaadid\/pvc-paat-gladiator-c420al-3\/","url":"https:\/\/nordlinepaadid.ee\/et\/pood\/kummipaadid-ja-tarvikud\/kummipaadid\/pvc-paat-gladiator-c420al-3\/","name":"PVC PAAT- GLADIATOR C420AL - NORDLINE s\u00f5udepaadid ja mootorpaadid. Klaasfiiber materjalist.","isPartOf":{"@id":"https:\/\/nordlinepaadid.ee\/et\/#website"},"primaryImageOfPage":{"@id":"https:\/\/nordlinepaadid.ee\/et\/pood\/kummipaadid-ja-tarvikud\/kummipaadid\/pvc-paat-gladiator-c420al-3\/#primaryimage"},"image":{"@id":"https:\/\/nordlinepaadid.ee\/et\/pood\/kummipaadid-ja-tarvikud\/kummipaadid\/pvc-paat-gladiator-c420al-3\/#primaryimage"},"thumbnailUrl":"https:\/\/nordlinepaadid.ee\/wp-content\/uploads\/2025\/03\/12086_GL-C420AL-ORGRAY-1.png","datePublished":"2026-04-07T00:28:17+00:00","dateModified":"2026-04-07T00:28:18+00:00","breadcrumb":{"@id":"https:\/\/nordlinepaadid.ee\/et\/pood\/kummipaadid-ja-tarvikud\/kummipaadid\/pvc-paat-gladiator-c420al-3\/#breadcrumb"},"inLanguage":"et","potentialAction":[{"@type":"ReadAction","target":["https:\/\/nordlinepaadid.ee\/et\/pood\/kummipaadid-ja-tarvikud\/kummipaadid\/pvc-paat-gladiator-c420al-3\/"]}]},{"@type":"ImageObject","inLanguage":"et","@id":"https:\/\/nordlinepaadid.ee\/et\/pood\/kummipaadid-ja-tarvikud\/kummipaadid\/pvc-paat-gladiator-c420al-3\/#primaryimage","url":"https:\/\/nordlinepaadid.ee\/wp-content\/uploads\/2025\/03\/12086_GL-C420AL-ORGRAY-1.png","contentUrl":"https:\/\/nordlinepaadid.ee\/wp-content\/uploads\/2025\/03\/12086_GL-C420AL-ORGRAY-1.png","width":1392,"height":877},{"@type":"BreadcrumbList","@id":"https:\/\/nordlinepaadid.ee\/et\/pood\/kummipaadid-ja-tarvikud\/kummipaadid\/pvc-paat-gladiator-c420al-3\/#breadcrumb","itemListElement":[{"@type":"ListItem","position":1,"name":"Home","item":"https:\/\/nordlinepaadid.ee\/et\/"},{"@type":"ListItem","position":2,"name":"Pood","item":"https:\/\/nordlinepaadid.ee\/et\/pood\/"},{"@type":"ListItem","position":3,"name":"PVC PAAT- GLADIATOR C420AL"}]},{"@type":"WebSite","@id":"https:\/\/nordlinepaadid.ee\/et\/#website","url":"https:\/\/nordlinepaadid.ee\/et\/","name":"NORDLINE s\u00f5udepaadid ja mootorpaadid. Klaasfiiber materjalist.","description":"","publisher":{"@id":"https:\/\/nordlinepaadid.ee\/et\/#organization"},"potentialAction":[{"@type":"SearchAction","target":{"@type":"EntryPoint","urlTemplate":"https:\/\/nordlinepaadid.ee\/et\/?s={search_term_string}"},"query-input":{"@type":"PropertyValueSpecification","valueRequired":true,"valueName":"search_term_string"}}],"inLanguage":"et"},{"@type":"Organization","@id":"https:\/\/nordlinepaadid.ee\/et\/#organization","name":"Nordlineboats","url":"https:\/\/nordlinepaadid.ee\/et\/","logo":{"@type":"ImageObject","inLanguage":"et","@id":"https:\/\/nordlinepaadid.ee\/et\/#\/schema\/logo\/image\/","url":"https:\/\/nordlinepaadid.ee\/wp-content\/uploads\/2023\/01\/fulllogo_transparent_nobuffer-e1672750475494.png","contentUrl":"https:\/\/nordlinepaadid.ee\/wp-content\/uploads\/2023\/01\/fulllogo_transparent_nobuffer-e1672750475494.png","width":150,"height":119,"caption":"Nordlineboats"},"image":{"@id":"https:\/\/nordlinepaadid.ee\/et\/#\/schema\/logo\/image\/"},"sameAs":["https:\/\/www.facebook.com\/nordlineboats","https:\/\/www.youtube.com\/channel\/UCbgF0fy02y3QkFnujaLTaCA"]}]}},"taxonomy_info":{"product_cat":[{"value":294,"label":"Kummipaadid"},{"value":250,"label":"KUMMIPAADID JA TARVIKUD"}],"pa_color":[{"value":732,"label":"Oran\u017e\/Must"}],"pa_producer":[{"value":1537,"label":"Gladiator"}],"pa_unit":[{"value":416,"label":"pcs"}]},"featured_image_src_large":["https:\/\/nordlinepaadid.ee\/wp-content\/uploads\/2025\/03\/12086_GL-C420AL-ORGRAY-1-1024x645.png",1024,645,true],"author_info":[],"comment_info":"","_links":{"self":[{"href":"https:\/\/nordlinepaadid.ee\/et\/wp-json\/wp\/v2\/product\/47391","targetHints":{"allow":["GET"]}}],"collection":[{"href":"https:\/\/nordlinepaadid.ee\/et\/wp-json\/wp\/v2\/product"}],"about":[{"href":"https:\/\/nordlinepaadid.ee\/et\/wp-json\/wp\/v2\/types\/product"}],"wp:featuredmedia":[{"embeddable":true,"href":"https:\/\/nordlinepaadid.ee\/et\/wp-json\/wp\/v2\/media\/50490"}],"wp:attachment":[{"href":"https:\/\/nordlinepaadid.ee\/et\/wp-json\/wp\/v2\/media?parent=47391"}],"wp:term":[{"taxonomy":"product_brand","embeddable":true,"href":"https:\/\/nordlinepaadid.ee\/et\/wp-json\/wp\/v2\/product_brand?post=47391"},{"taxonomy":"product_cat","embeddable":true,"href":"https:\/\/nordlinepaadid.ee\/et\/wp-json\/wp\/v2\/product_cat?post=47391"},{"taxonomy":"product_tag","embeddable":true,"href":"https:\/\/nordlinepaadid.ee\/et\/wp-json\/wp\/v2\/product_tag?post=47391"}],"curies":[{"name":"wp","href":"https:\/\/api.w.org\/{rel}","templated":true}]}}