{"id":47412,"date":"2026-04-07T03:28:22","date_gmt":"2026-04-07T00:28:22","guid":{"rendered":"https:\/\/nordlinepaadid.ee\/toode\/maaratlemata\/purjetamisjope-marinepool-melbourne-vc2l-naistele-m\/"},"modified":"2026-04-07T03:28:22","modified_gmt":"2026-04-07T00:28:22","slug":"purjetamisjope-marinepool-melbourne-vc2l-naistele-m","status":"publish","type":"product","link":"https:\/\/nordlinepaadid.ee\/et\/pood\/outlet\/purjetamisjope-marinepool-melbourne-vc2l-naistele-m\/","title":{"rendered":"PURJETAMISJOPE- MARINEPOOL MELBOURNE VC2L, NAISTELE, M"},"content":{"rendered":"<p>VC2L on Marinepooli uhiuus sportlik sari. See \u00fchendab endas v\u00e4rske disaini, uuenduslikud omadused ja t\u00f5estatud materjalid. Sobib ideaalselt rannapurjetamiseks ja l\u00fchikeseks avamerepurjetamiseks. VC2L ranniku seeria on valmistatud vastupidavast, kuid pehmest 2L pol\u00fcamiidkangast, millel on MPU membraan, t\u00e4ielikult veekindel ja hingav. Jopel on fliisvoodriga krae koos kapuutsiga, topeltn\u00f6\u00f6bid, topeltmansetid, kaks veekindlate t\u00f5mblukkudega v\u00e4listaskut ja helkurelemendid. Materjal: v\u00e4liskest 100% pol\u00fcamiid, membraan 100% pol\u00fcuretaan, vooder 100% pol\u00fcester. Eriomadused: Veekindlus 10 000 mm; Hingavus 6 000 \/m\u00b2 &#8211; 24h.<\/p>\n<p>&#13;<\/p>\n","protected":false},"excerpt":{"rendered":"<p>VC2L on Marinepooli uhiuus sportlik sari. See \u00fchendab endas v\u00e4rske disaini, uuenduslikud omadused ja t\u00f5estatud materjalid. Sobib ideaalselt rannapurjetamiseks ja l\u00fchikeseks avamerepurjetamiseks. VC2L ranniku seeria on valmistatud vastupidavast, kuid pehmest 2L pol\u00fcamiidkangast, millel on MPU membraan, t\u00e4ielikult veekindel ja hingav. Jopel on fliisvoodriga krae koos kapuutsiga, topeltn\u00f6\u00f6bid, topeltmansetid, kaks veekindlate t\u00f5mblukkudega v\u00e4listaskut ja helkurelemendid. Materjal:&#8230;<\/p>\n","protected":false},"featured_media":50564,"template":"","meta":{"_kad_blocks_custom_css":"","_kad_blocks_head_custom_js":"","_kad_blocks_body_custom_js":"","_kad_blocks_footer_custom_js":"","_kad_post_transparent":"","_kad_post_title":"","_kad_post_layout":"","_kad_post_sidebar_id":"","_kad_post_content_style":"","_kad_post_vertical_padding":"","_kad_post_feature":"","_kad_post_feature_position":"","_kad_post_header":false,"_kad_post_footer":false,"_kad_post_classname":""},"product_brand":[],"product_cat":[354],"product_tag":[],"class_list":{"0":"post-47412","1":"product","2":"type-product","3":"status-publish","4":"has-post-thumbnail","6":"product_cat-outlet","7":"pa_color-tumesinine","8":"pa_producer-marinepool","9":"tm-no-options","11":"first","12":"instock","13":"sale","14":"taxable","15":"shipping-taxable","16":"purchasable","17":"product-type-simple","18":"entry","19":"content-bg","20":"loop-entry"},"yoast_head":"<!-- This site is optimized with the Yoast SEO plugin v27.3 - https:\/\/yoast.com\/product\/yoast-seo-wordpress\/ -->\n<title>PURJETAMISJOPE- MARINEPOOL MELBOURNE VC2L, NAISTELE, M - NORDLINE s\u00f5udepaadid ja mootorpaadid. Klaasfiiber materjalist.<\/title>\n<meta name=\"robots\" content=\"index, follow, max-snippet:-1, max-image-preview:large, max-video-preview:-1\" \/>\n<link rel=\"canonical\" href=\"https:\/\/nordlinepaadid.ee\/et\/pood\/outlet\/purjetamisjope-marinepool-melbourne-vc2l-naistele-m\/\" \/>\n<meta property=\"og:locale\" content=\"et_EE\" \/>\n<meta property=\"og:type\" content=\"article\" \/>\n<meta property=\"og:title\" content=\"PURJETAMISJOPE- MARINEPOOL MELBOURNE VC2L, NAISTELE, M - NORDLINE s\u00f5udepaadid ja mootorpaadid. Klaasfiiber materjalist.\" \/>\n<meta property=\"og:description\" content=\"VC2L on Marinepooli uhiuus sportlik sari. See \u00fchendab endas v\u00e4rske disaini, uuenduslikud omadused ja t\u00f5estatud materjalid. Sobib ideaalselt rannapurjetamiseks ja l\u00fchikeseks avamerepurjetamiseks. VC2L ranniku seeria on valmistatud vastupidavast, kuid pehmest 2L pol\u00fcamiidkangast, millel on MPU membraan, t\u00e4ielikult veekindel ja hingav. Jopel on fliisvoodriga krae koos kapuutsiga, topeltn\u00f6\u00f6bid, topeltmansetid, kaks veekindlate t\u00f5mblukkudega v\u00e4listaskut ja helkurelemendid. Materjal:...\" \/>\n<meta property=\"og:url\" content=\"https:\/\/nordlinepaadid.ee\/et\/pood\/outlet\/purjetamisjope-marinepool-melbourne-vc2l-naistele-m\/\" \/>\n<meta property=\"og:site_name\" content=\"NORDLINE s\u00f5udepaadid ja mootorpaadid. Klaasfiiber materjalist.\" \/>\n<meta property=\"article:publisher\" content=\"https:\/\/www.facebook.com\/nordlineboats\" \/>\n<meta property=\"og:image\" content=\"https:\/\/nordlinepaadid.ee\/wp-content\/uploads\/2025\/03\/12132_MPL-1003846-M-1.jpg\" \/>\n\t<meta property=\"og:image:width\" content=\"720\" \/>\n\t<meta property=\"og:image:height\" content=\"720\" \/>\n\t<meta property=\"og:image:type\" content=\"image\/jpeg\" \/>\n<meta name=\"twitter:card\" content=\"summary_large_image\" \/>\n<script type=\"application\/ld+json\" class=\"yoast-schema-graph\">{\"@context\":\"https:\\\/\\\/schema.org\",\"@graph\":[{\"@type\":\"WebPage\",\"@id\":\"https:\\\/\\\/nordlinepaadid.ee\\\/et\\\/pood\\\/outlet\\\/purjetamisjope-marinepool-melbourne-vc2l-naistele-m\\\/\",\"url\":\"https:\\\/\\\/nordlinepaadid.ee\\\/et\\\/pood\\\/outlet\\\/purjetamisjope-marinepool-melbourne-vc2l-naistele-m\\\/\",\"name\":\"PURJETAMISJOPE- MARINEPOOL MELBOURNE VC2L, NAISTELE, M - NORDLINE s\u00f5udepaadid ja mootorpaadid. Klaasfiiber materjalist.\",\"isPartOf\":{\"@id\":\"https:\\\/\\\/nordlinepaadid.ee\\\/et\\\/#website\"},\"primaryImageOfPage\":{\"@id\":\"https:\\\/\\\/nordlinepaadid.ee\\\/et\\\/pood\\\/outlet\\\/purjetamisjope-marinepool-melbourne-vc2l-naistele-m\\\/#primaryimage\"},\"image\":{\"@id\":\"https:\\\/\\\/nordlinepaadid.ee\\\/et\\\/pood\\\/outlet\\\/purjetamisjope-marinepool-melbourne-vc2l-naistele-m\\\/#primaryimage\"},\"thumbnailUrl\":\"https:\\\/\\\/nordlinepaadid.ee\\\/wp-content\\\/uploads\\\/2025\\\/03\\\/12132_MPL-1003846-M-1.jpg\",\"datePublished\":\"2026-04-07T00:28:22+00:00\",\"breadcrumb\":{\"@id\":\"https:\\\/\\\/nordlinepaadid.ee\\\/et\\\/pood\\\/outlet\\\/purjetamisjope-marinepool-melbourne-vc2l-naistele-m\\\/#breadcrumb\"},\"inLanguage\":\"et\",\"potentialAction\":[{\"@type\":\"ReadAction\",\"target\":[\"https:\\\/\\\/nordlinepaadid.ee\\\/et\\\/pood\\\/outlet\\\/purjetamisjope-marinepool-melbourne-vc2l-naistele-m\\\/\"]}]},{\"@type\":\"ImageObject\",\"inLanguage\":\"et\",\"@id\":\"https:\\\/\\\/nordlinepaadid.ee\\\/et\\\/pood\\\/outlet\\\/purjetamisjope-marinepool-melbourne-vc2l-naistele-m\\\/#primaryimage\",\"url\":\"https:\\\/\\\/nordlinepaadid.ee\\\/wp-content\\\/uploads\\\/2025\\\/03\\\/12132_MPL-1003846-M-1.jpg\",\"contentUrl\":\"https:\\\/\\\/nordlinepaadid.ee\\\/wp-content\\\/uploads\\\/2025\\\/03\\\/12132_MPL-1003846-M-1.jpg\",\"width\":720,\"height\":720},{\"@type\":\"BreadcrumbList\",\"@id\":\"https:\\\/\\\/nordlinepaadid.ee\\\/et\\\/pood\\\/outlet\\\/purjetamisjope-marinepool-melbourne-vc2l-naistele-m\\\/#breadcrumb\",\"itemListElement\":[{\"@type\":\"ListItem\",\"position\":1,\"name\":\"Home\",\"item\":\"https:\\\/\\\/nordlinepaadid.ee\\\/et\\\/\"},{\"@type\":\"ListItem\",\"position\":2,\"name\":\"Pood\",\"item\":\"https:\\\/\\\/nordlinepaadid.ee\\\/et\\\/pood\\\/\"},{\"@type\":\"ListItem\",\"position\":3,\"name\":\"PURJETAMISJOPE- MARINEPOOL MELBOURNE VC2L, NAISTELE, M\"}]},{\"@type\":\"WebSite\",\"@id\":\"https:\\\/\\\/nordlinepaadid.ee\\\/et\\\/#website\",\"url\":\"https:\\\/\\\/nordlinepaadid.ee\\\/et\\\/\",\"name\":\"NORDLINE s\u00f5udepaadid ja mootorpaadid. Klaasfiiber materjalist.\",\"description\":\"\",\"publisher\":{\"@id\":\"https:\\\/\\\/nordlinepaadid.ee\\\/et\\\/#organization\"},\"potentialAction\":[{\"@type\":\"SearchAction\",\"target\":{\"@type\":\"EntryPoint\",\"urlTemplate\":\"https:\\\/\\\/nordlinepaadid.ee\\\/et\\\/?s={search_term_string}\"},\"query-input\":{\"@type\":\"PropertyValueSpecification\",\"valueRequired\":true,\"valueName\":\"search_term_string\"}}],\"inLanguage\":\"et\"},{\"@type\":\"Organization\",\"@id\":\"https:\\\/\\\/nordlinepaadid.ee\\\/et\\\/#organization\",\"name\":\"Nordlineboats\",\"url\":\"https:\\\/\\\/nordlinepaadid.ee\\\/et\\\/\",\"logo\":{\"@type\":\"ImageObject\",\"inLanguage\":\"et\",\"@id\":\"https:\\\/\\\/nordlinepaadid.ee\\\/et\\\/#\\\/schema\\\/logo\\\/image\\\/\",\"url\":\"https:\\\/\\\/nordlinepaadid.ee\\\/wp-content\\\/uploads\\\/2023\\\/01\\\/fulllogo_transparent_nobuffer-e1672750475494.png\",\"contentUrl\":\"https:\\\/\\\/nordlinepaadid.ee\\\/wp-content\\\/uploads\\\/2023\\\/01\\\/fulllogo_transparent_nobuffer-e1672750475494.png\",\"width\":150,\"height\":119,\"caption\":\"Nordlineboats\"},\"image\":{\"@id\":\"https:\\\/\\\/nordlinepaadid.ee\\\/et\\\/#\\\/schema\\\/logo\\\/image\\\/\"},\"sameAs\":[\"https:\\\/\\\/www.facebook.com\\\/nordlineboats\",\"https:\\\/\\\/www.youtube.com\\\/channel\\\/UCbgF0fy02y3QkFnujaLTaCA\"]}]}<\/script>\n<!-- \/ Yoast SEO plugin. -->","yoast_head_json":{"title":"PURJETAMISJOPE- MARINEPOOL MELBOURNE VC2L, NAISTELE, M - NORDLINE s\u00f5udepaadid ja mootorpaadid. Klaasfiiber materjalist.","robots":{"index":"index","follow":"follow","max-snippet":"max-snippet:-1","max-image-preview":"max-image-preview:large","max-video-preview":"max-video-preview:-1"},"canonical":"https:\/\/nordlinepaadid.ee\/et\/pood\/outlet\/purjetamisjope-marinepool-melbourne-vc2l-naistele-m\/","og_locale":"et_EE","og_type":"article","og_title":"PURJETAMISJOPE- MARINEPOOL MELBOURNE VC2L, NAISTELE, M - NORDLINE s\u00f5udepaadid ja mootorpaadid. Klaasfiiber materjalist.","og_description":"VC2L on Marinepooli uhiuus sportlik sari. See \u00fchendab endas v\u00e4rske disaini, uuenduslikud omadused ja t\u00f5estatud materjalid. Sobib ideaalselt rannapurjetamiseks ja l\u00fchikeseks avamerepurjetamiseks. VC2L ranniku seeria on valmistatud vastupidavast, kuid pehmest 2L pol\u00fcamiidkangast, millel on MPU membraan, t\u00e4ielikult veekindel ja hingav. Jopel on fliisvoodriga krae koos kapuutsiga, topeltn\u00f6\u00f6bid, topeltmansetid, kaks veekindlate t\u00f5mblukkudega v\u00e4listaskut ja helkurelemendid. Materjal:...","og_url":"https:\/\/nordlinepaadid.ee\/et\/pood\/outlet\/purjetamisjope-marinepool-melbourne-vc2l-naistele-m\/","og_site_name":"NORDLINE s\u00f5udepaadid ja mootorpaadid. Klaasfiiber materjalist.","article_publisher":"https:\/\/www.facebook.com\/nordlineboats","og_image":[{"width":720,"height":720,"url":"https:\/\/nordlinepaadid.ee\/wp-content\/uploads\/2025\/03\/12132_MPL-1003846-M-1.jpg","type":"image\/jpeg"}],"twitter_card":"summary_large_image","schema":{"@context":"https:\/\/schema.org","@graph":[{"@type":"WebPage","@id":"https:\/\/nordlinepaadid.ee\/et\/pood\/outlet\/purjetamisjope-marinepool-melbourne-vc2l-naistele-m\/","url":"https:\/\/nordlinepaadid.ee\/et\/pood\/outlet\/purjetamisjope-marinepool-melbourne-vc2l-naistele-m\/","name":"PURJETAMISJOPE- MARINEPOOL MELBOURNE VC2L, NAISTELE, M - NORDLINE s\u00f5udepaadid ja mootorpaadid. Klaasfiiber materjalist.","isPartOf":{"@id":"https:\/\/nordlinepaadid.ee\/et\/#website"},"primaryImageOfPage":{"@id":"https:\/\/nordlinepaadid.ee\/et\/pood\/outlet\/purjetamisjope-marinepool-melbourne-vc2l-naistele-m\/#primaryimage"},"image":{"@id":"https:\/\/nordlinepaadid.ee\/et\/pood\/outlet\/purjetamisjope-marinepool-melbourne-vc2l-naistele-m\/#primaryimage"},"thumbnailUrl":"https:\/\/nordlinepaadid.ee\/wp-content\/uploads\/2025\/03\/12132_MPL-1003846-M-1.jpg","datePublished":"2026-04-07T00:28:22+00:00","breadcrumb":{"@id":"https:\/\/nordlinepaadid.ee\/et\/pood\/outlet\/purjetamisjope-marinepool-melbourne-vc2l-naistele-m\/#breadcrumb"},"inLanguage":"et","potentialAction":[{"@type":"ReadAction","target":["https:\/\/nordlinepaadid.ee\/et\/pood\/outlet\/purjetamisjope-marinepool-melbourne-vc2l-naistele-m\/"]}]},{"@type":"ImageObject","inLanguage":"et","@id":"https:\/\/nordlinepaadid.ee\/et\/pood\/outlet\/purjetamisjope-marinepool-melbourne-vc2l-naistele-m\/#primaryimage","url":"https:\/\/nordlinepaadid.ee\/wp-content\/uploads\/2025\/03\/12132_MPL-1003846-M-1.jpg","contentUrl":"https:\/\/nordlinepaadid.ee\/wp-content\/uploads\/2025\/03\/12132_MPL-1003846-M-1.jpg","width":720,"height":720},{"@type":"BreadcrumbList","@id":"https:\/\/nordlinepaadid.ee\/et\/pood\/outlet\/purjetamisjope-marinepool-melbourne-vc2l-naistele-m\/#breadcrumb","itemListElement":[{"@type":"ListItem","position":1,"name":"Home","item":"https:\/\/nordlinepaadid.ee\/et\/"},{"@type":"ListItem","position":2,"name":"Pood","item":"https:\/\/nordlinepaadid.ee\/et\/pood\/"},{"@type":"ListItem","position":3,"name":"PURJETAMISJOPE- MARINEPOOL MELBOURNE VC2L, NAISTELE, M"}]},{"@type":"WebSite","@id":"https:\/\/nordlinepaadid.ee\/et\/#website","url":"https:\/\/nordlinepaadid.ee\/et\/","name":"NORDLINE s\u00f5udepaadid ja mootorpaadid. Klaasfiiber materjalist.","description":"","publisher":{"@id":"https:\/\/nordlinepaadid.ee\/et\/#organization"},"potentialAction":[{"@type":"SearchAction","target":{"@type":"EntryPoint","urlTemplate":"https:\/\/nordlinepaadid.ee\/et\/?s={search_term_string}"},"query-input":{"@type":"PropertyValueSpecification","valueRequired":true,"valueName":"search_term_string"}}],"inLanguage":"et"},{"@type":"Organization","@id":"https:\/\/nordlinepaadid.ee\/et\/#organization","name":"Nordlineboats","url":"https:\/\/nordlinepaadid.ee\/et\/","logo":{"@type":"ImageObject","inLanguage":"et","@id":"https:\/\/nordlinepaadid.ee\/et\/#\/schema\/logo\/image\/","url":"https:\/\/nordlinepaadid.ee\/wp-content\/uploads\/2023\/01\/fulllogo_transparent_nobuffer-e1672750475494.png","contentUrl":"https:\/\/nordlinepaadid.ee\/wp-content\/uploads\/2023\/01\/fulllogo_transparent_nobuffer-e1672750475494.png","width":150,"height":119,"caption":"Nordlineboats"},"image":{"@id":"https:\/\/nordlinepaadid.ee\/et\/#\/schema\/logo\/image\/"},"sameAs":["https:\/\/www.facebook.com\/nordlineboats","https:\/\/www.youtube.com\/channel\/UCbgF0fy02y3QkFnujaLTaCA"]}]}},"taxonomy_info":{"product_cat":[{"value":354,"label":"L\u00d5PUM\u00dc\u00dcK \/ OUTLET"}],"pa_color":[{"value":676,"label":"Tumesinine"}],"pa_producer":[{"value":480,"label":"Marinepool"}]},"featured_image_src_large":["https:\/\/nordlinepaadid.ee\/wp-content\/uploads\/2025\/03\/12132_MPL-1003846-M-1.jpg",720,720,false],"author_info":[],"comment_info":"","_links":{"self":[{"href":"https:\/\/nordlinepaadid.ee\/et\/wp-json\/wp\/v2\/product\/47412","targetHints":{"allow":["GET"]}}],"collection":[{"href":"https:\/\/nordlinepaadid.ee\/et\/wp-json\/wp\/v2\/product"}],"about":[{"href":"https:\/\/nordlinepaadid.ee\/et\/wp-json\/wp\/v2\/types\/product"}],"wp:featuredmedia":[{"embeddable":true,"href":"https:\/\/nordlinepaadid.ee\/et\/wp-json\/wp\/v2\/media\/50564"}],"wp:attachment":[{"href":"https:\/\/nordlinepaadid.ee\/et\/wp-json\/wp\/v2\/media?parent=47412"}],"wp:term":[{"taxonomy":"product_brand","embeddable":true,"href":"https:\/\/nordlinepaadid.ee\/et\/wp-json\/wp\/v2\/product_brand?post=47412"},{"taxonomy":"product_cat","embeddable":true,"href":"https:\/\/nordlinepaadid.ee\/et\/wp-json\/wp\/v2\/product_cat?post=47412"},{"taxonomy":"product_tag","embeddable":true,"href":"https:\/\/nordlinepaadid.ee\/et\/wp-json\/wp\/v2\/product_tag?post=47412"}],"curies":[{"name":"wp","href":"https:\/\/api.w.org\/{rel}","templated":true}]}}