{"id":47415,"date":"2026-04-07T03:28:23","date_gmt":"2026-04-07T00:28:23","guid":{"rendered":"https:\/\/nordlinepaadid.ee\/toode\/maaratlemata\/jarelveetav-rongas-jobe-tribal-2p\/"},"modified":"2026-04-08T08:01:22","modified_gmt":"2026-04-08T05:01:22","slug":"jarelveetav-rongas-jobe-tribal-2p","status":"publish","type":"product","link":"https:\/\/nordlinepaadid.ee\/et\/pood\/veespordivahendid\/veesuusad-jarelveetavad-rongad\/jarelveetav-rongas-jobe-tribal-2p\/","title":{"rendered":"J\u00c4RELVEETAV R\u00d5NGAS- JOBE TRIBAL, 2P"},"content":{"rendered":"<p style=\"text-align:justify\">Jobe Tribal on ekstreemsuste otsijate lemmik ja saab hakkama kuni kahe julge inimesega. Boonuseks on sisenemise h\u00f5lbustamiseks \u00f5hkp\u00f5rand ja pehme t\u00e4ispuhutav seljatugi. Neli neopreen k\u00e4epidet, neopreenist s\u00f5rmenukkide kaitsmetega, topelt \u00f5mblused, Bostoni klapp, kiir\u00fchendus lihtsaks pukseerimiseks, 840 Denier nailonkate , 28 Gauge PVC materjal. M\u00f5\u00f5dud t\u00e4ispuhutuna: 145 x 130 x 45 cm, m\u00f5\u00f5dud t\u00fchjana: 168 x 140 cm.<\/p>\n<p>&#13;<\/p>\n<p><iframe loading=\"lazy\" allowfullscreen=\"\" frameborder=\"0\" height=\"360\" src=\"\/\/www.youtube.com\/embed\/zNPvnrEarRI\" width=\"640\"><\/iframe><\/p>\n<p>&#13;<\/p>\n","protected":false},"excerpt":{"rendered":"<p>Jobe Tribal on ekstreemsuste otsijate lemmik ja saab hakkama kuni kahe julge inimesega. Boonuseks on sisenemise h\u00f5lbustamiseks \u00f5hkp\u00f5rand ja pehme t\u00e4ispuhutav seljatugi. Neli neopreen k\u00e4epidet, neopreenist s\u00f5rmenukkide kaitsmetega, topelt \u00f5mblused, Bostoni klapp, kiir\u00fchendus lihtsaks pukseerimiseks, 840 Denier nailonkate , 28 Gauge PVC materjal. M\u00f5\u00f5dud t\u00e4ispuhutuna: 145 x 130 x 45 cm, m\u00f5\u00f5dud t\u00fchjana: 168 x&#8230;<\/p>\n","protected":false},"featured_media":50578,"template":"","meta":{"_kad_blocks_custom_css":"","_kad_blocks_head_custom_js":"","_kad_blocks_body_custom_js":"","_kad_blocks_footer_custom_js":"","_kad_post_transparent":"","_kad_post_title":"","_kad_post_layout":"","_kad_post_sidebar_id":"","_kad_post_content_style":"","_kad_post_vertical_padding":"","_kad_post_feature":"","_kad_post_feature_position":"","_kad_post_header":false,"_kad_post_footer":false,"_kad_post_classname":""},"product_brand":[],"product_cat":[262,1335],"product_tag":[],"class_list":{"0":"post-47415","1":"product","2":"type-product","3":"status-publish","4":"has-post-thumbnail","6":"product_cat-veespordivahendid","7":"product_cat-veesuusad-jarelveetavad-rongad","8":"pa_color-punane","9":"pa_producer-jobe","10":"pa_unit-pcs","11":"tm-no-options","13":"first","14":"onbackorder","15":"taxable","16":"shipping-taxable","17":"purchasable","18":"product-type-simple","19":"entry","20":"content-bg","21":"loop-entry"},"yoast_head":"<!-- This site is optimized with the Yoast SEO plugin v27.3 - https:\/\/yoast.com\/product\/yoast-seo-wordpress\/ -->\n<title>J\u00c4RELVEETAV R\u00d5NGAS- JOBE TRIBAL, 2P - NORDLINE s\u00f5udepaadid ja mootorpaadid. Klaasfiiber materjalist.<\/title>\n<meta name=\"robots\" content=\"index, follow, max-snippet:-1, max-image-preview:large, max-video-preview:-1\" \/>\n<link rel=\"canonical\" href=\"https:\/\/nordlinepaadid.ee\/et\/pood\/veespordivahendid\/veesuusad-jarelveetavad-rongad\/jarelveetav-rongas-jobe-tribal-2p\/\" \/>\n<meta property=\"og:locale\" content=\"et_EE\" \/>\n<meta property=\"og:type\" content=\"article\" \/>\n<meta property=\"og:title\" content=\"J\u00c4RELVEETAV R\u00d5NGAS- JOBE TRIBAL, 2P - NORDLINE s\u00f5udepaadid ja mootorpaadid. Klaasfiiber materjalist.\" \/>\n<meta property=\"og:description\" content=\"Jobe Tribal on ekstreemsuste otsijate lemmik ja saab hakkama kuni kahe julge inimesega. Boonuseks on sisenemise h\u00f5lbustamiseks \u00f5hkp\u00f5rand ja pehme t\u00e4ispuhutav seljatugi. Neli neopreen k\u00e4epidet, neopreenist s\u00f5rmenukkide kaitsmetega, topelt \u00f5mblused, Bostoni klapp, kiir\u00fchendus lihtsaks pukseerimiseks, 840 Denier nailonkate , 28 Gauge PVC materjal. M\u00f5\u00f5dud t\u00e4ispuhutuna: 145 x 130 x 45 cm, m\u00f5\u00f5dud t\u00fchjana: 168 x...\" \/>\n<meta property=\"og:url\" content=\"https:\/\/nordlinepaadid.ee\/et\/pood\/veespordivahendid\/veesuusad-jarelveetavad-rongad\/jarelveetav-rongas-jobe-tribal-2p\/\" \/>\n<meta property=\"og:site_name\" content=\"NORDLINE s\u00f5udepaadid ja mootorpaadid. Klaasfiiber materjalist.\" \/>\n<meta property=\"article:publisher\" content=\"https:\/\/www.facebook.com\/nordlineboats\" \/>\n<meta property=\"article:modified_time\" content=\"2026-04-08T05:01:22+00:00\" \/>\n<meta property=\"og:image\" content=\"https:\/\/nordlinepaadid.ee\/wp-content\/uploads\/2025\/03\/12150_JB-130-1-230222001-1.jpg\" \/>\n\t<meta property=\"og:image:width\" content=\"1479\" \/>\n\t<meta property=\"og:image:height\" content=\"1081\" \/>\n\t<meta property=\"og:image:type\" content=\"image\/jpeg\" \/>\n<meta name=\"twitter:card\" content=\"summary_large_image\" \/>\n<script type=\"application\/ld+json\" class=\"yoast-schema-graph\">{\"@context\":\"https:\\\/\\\/schema.org\",\"@graph\":[{\"@type\":\"WebPage\",\"@id\":\"https:\\\/\\\/nordlinepaadid.ee\\\/et\\\/pood\\\/veespordivahendid\\\/veesuusad-jarelveetavad-rongad\\\/jarelveetav-rongas-jobe-tribal-2p\\\/\",\"url\":\"https:\\\/\\\/nordlinepaadid.ee\\\/et\\\/pood\\\/veespordivahendid\\\/veesuusad-jarelveetavad-rongad\\\/jarelveetav-rongas-jobe-tribal-2p\\\/\",\"name\":\"J\u00c4RELVEETAV R\u00d5NGAS- JOBE TRIBAL, 2P - NORDLINE s\u00f5udepaadid ja mootorpaadid. Klaasfiiber materjalist.\",\"isPartOf\":{\"@id\":\"https:\\\/\\\/nordlinepaadid.ee\\\/et\\\/#website\"},\"primaryImageOfPage\":{\"@id\":\"https:\\\/\\\/nordlinepaadid.ee\\\/et\\\/pood\\\/veespordivahendid\\\/veesuusad-jarelveetavad-rongad\\\/jarelveetav-rongas-jobe-tribal-2p\\\/#primaryimage\"},\"image\":{\"@id\":\"https:\\\/\\\/nordlinepaadid.ee\\\/et\\\/pood\\\/veespordivahendid\\\/veesuusad-jarelveetavad-rongad\\\/jarelveetav-rongas-jobe-tribal-2p\\\/#primaryimage\"},\"thumbnailUrl\":\"https:\\\/\\\/nordlinepaadid.ee\\\/wp-content\\\/uploads\\\/2025\\\/03\\\/12150_JB-130-1-230222001-1.jpg\",\"datePublished\":\"2026-04-07T00:28:23+00:00\",\"dateModified\":\"2026-04-08T05:01:22+00:00\",\"breadcrumb\":{\"@id\":\"https:\\\/\\\/nordlinepaadid.ee\\\/et\\\/pood\\\/veespordivahendid\\\/veesuusad-jarelveetavad-rongad\\\/jarelveetav-rongas-jobe-tribal-2p\\\/#breadcrumb\"},\"inLanguage\":\"et\",\"potentialAction\":[{\"@type\":\"ReadAction\",\"target\":[\"https:\\\/\\\/nordlinepaadid.ee\\\/et\\\/pood\\\/veespordivahendid\\\/veesuusad-jarelveetavad-rongad\\\/jarelveetav-rongas-jobe-tribal-2p\\\/\"]}]},{\"@type\":\"ImageObject\",\"inLanguage\":\"et\",\"@id\":\"https:\\\/\\\/nordlinepaadid.ee\\\/et\\\/pood\\\/veespordivahendid\\\/veesuusad-jarelveetavad-rongad\\\/jarelveetav-rongas-jobe-tribal-2p\\\/#primaryimage\",\"url\":\"https:\\\/\\\/nordlinepaadid.ee\\\/wp-content\\\/uploads\\\/2025\\\/03\\\/12150_JB-130-1-230222001-1.jpg\",\"contentUrl\":\"https:\\\/\\\/nordlinepaadid.ee\\\/wp-content\\\/uploads\\\/2025\\\/03\\\/12150_JB-130-1-230222001-1.jpg\",\"width\":1479,\"height\":1081},{\"@type\":\"BreadcrumbList\",\"@id\":\"https:\\\/\\\/nordlinepaadid.ee\\\/et\\\/pood\\\/veespordivahendid\\\/veesuusad-jarelveetavad-rongad\\\/jarelveetav-rongas-jobe-tribal-2p\\\/#breadcrumb\",\"itemListElement\":[{\"@type\":\"ListItem\",\"position\":1,\"name\":\"Home\",\"item\":\"https:\\\/\\\/nordlinepaadid.ee\\\/et\\\/\"},{\"@type\":\"ListItem\",\"position\":2,\"name\":\"Pood\",\"item\":\"https:\\\/\\\/nordlinepaadid.ee\\\/et\\\/pood\\\/\"},{\"@type\":\"ListItem\",\"position\":3,\"name\":\"J\u00c4RELVEETAV R\u00d5NGAS- JOBE TRIBAL, 2P\"}]},{\"@type\":\"WebSite\",\"@id\":\"https:\\\/\\\/nordlinepaadid.ee\\\/et\\\/#website\",\"url\":\"https:\\\/\\\/nordlinepaadid.ee\\\/et\\\/\",\"name\":\"NORDLINE s\u00f5udepaadid ja mootorpaadid. Klaasfiiber materjalist.\",\"description\":\"\",\"publisher\":{\"@id\":\"https:\\\/\\\/nordlinepaadid.ee\\\/et\\\/#organization\"},\"potentialAction\":[{\"@type\":\"SearchAction\",\"target\":{\"@type\":\"EntryPoint\",\"urlTemplate\":\"https:\\\/\\\/nordlinepaadid.ee\\\/et\\\/?s={search_term_string}\"},\"query-input\":{\"@type\":\"PropertyValueSpecification\",\"valueRequired\":true,\"valueName\":\"search_term_string\"}}],\"inLanguage\":\"et\"},{\"@type\":\"Organization\",\"@id\":\"https:\\\/\\\/nordlinepaadid.ee\\\/et\\\/#organization\",\"name\":\"Nordlineboats\",\"url\":\"https:\\\/\\\/nordlinepaadid.ee\\\/et\\\/\",\"logo\":{\"@type\":\"ImageObject\",\"inLanguage\":\"et\",\"@id\":\"https:\\\/\\\/nordlinepaadid.ee\\\/et\\\/#\\\/schema\\\/logo\\\/image\\\/\",\"url\":\"https:\\\/\\\/nordlinepaadid.ee\\\/wp-content\\\/uploads\\\/2023\\\/01\\\/fulllogo_transparent_nobuffer-e1672750475494.png\",\"contentUrl\":\"https:\\\/\\\/nordlinepaadid.ee\\\/wp-content\\\/uploads\\\/2023\\\/01\\\/fulllogo_transparent_nobuffer-e1672750475494.png\",\"width\":150,\"height\":119,\"caption\":\"Nordlineboats\"},\"image\":{\"@id\":\"https:\\\/\\\/nordlinepaadid.ee\\\/et\\\/#\\\/schema\\\/logo\\\/image\\\/\"},\"sameAs\":[\"https:\\\/\\\/www.facebook.com\\\/nordlineboats\",\"https:\\\/\\\/www.youtube.com\\\/channel\\\/UCbgF0fy02y3QkFnujaLTaCA\"]}]}<\/script>\n<!-- \/ Yoast SEO plugin. -->","yoast_head_json":{"title":"J\u00c4RELVEETAV R\u00d5NGAS- JOBE TRIBAL, 2P - NORDLINE s\u00f5udepaadid ja mootorpaadid. Klaasfiiber materjalist.","robots":{"index":"index","follow":"follow","max-snippet":"max-snippet:-1","max-image-preview":"max-image-preview:large","max-video-preview":"max-video-preview:-1"},"canonical":"https:\/\/nordlinepaadid.ee\/et\/pood\/veespordivahendid\/veesuusad-jarelveetavad-rongad\/jarelveetav-rongas-jobe-tribal-2p\/","og_locale":"et_EE","og_type":"article","og_title":"J\u00c4RELVEETAV R\u00d5NGAS- JOBE TRIBAL, 2P - NORDLINE s\u00f5udepaadid ja mootorpaadid. Klaasfiiber materjalist.","og_description":"Jobe Tribal on ekstreemsuste otsijate lemmik ja saab hakkama kuni kahe julge inimesega. Boonuseks on sisenemise h\u00f5lbustamiseks \u00f5hkp\u00f5rand ja pehme t\u00e4ispuhutav seljatugi. Neli neopreen k\u00e4epidet, neopreenist s\u00f5rmenukkide kaitsmetega, topelt \u00f5mblused, Bostoni klapp, kiir\u00fchendus lihtsaks pukseerimiseks, 840 Denier nailonkate , 28 Gauge PVC materjal. M\u00f5\u00f5dud t\u00e4ispuhutuna: 145 x 130 x 45 cm, m\u00f5\u00f5dud t\u00fchjana: 168 x...","og_url":"https:\/\/nordlinepaadid.ee\/et\/pood\/veespordivahendid\/veesuusad-jarelveetavad-rongad\/jarelveetav-rongas-jobe-tribal-2p\/","og_site_name":"NORDLINE s\u00f5udepaadid ja mootorpaadid. Klaasfiiber materjalist.","article_publisher":"https:\/\/www.facebook.com\/nordlineboats","article_modified_time":"2026-04-08T05:01:22+00:00","og_image":[{"width":1479,"height":1081,"url":"https:\/\/nordlinepaadid.ee\/wp-content\/uploads\/2025\/03\/12150_JB-130-1-230222001-1.jpg","type":"image\/jpeg"}],"twitter_card":"summary_large_image","schema":{"@context":"https:\/\/schema.org","@graph":[{"@type":"WebPage","@id":"https:\/\/nordlinepaadid.ee\/et\/pood\/veespordivahendid\/veesuusad-jarelveetavad-rongad\/jarelveetav-rongas-jobe-tribal-2p\/","url":"https:\/\/nordlinepaadid.ee\/et\/pood\/veespordivahendid\/veesuusad-jarelveetavad-rongad\/jarelveetav-rongas-jobe-tribal-2p\/","name":"J\u00c4RELVEETAV R\u00d5NGAS- JOBE TRIBAL, 2P - NORDLINE s\u00f5udepaadid ja mootorpaadid. Klaasfiiber materjalist.","isPartOf":{"@id":"https:\/\/nordlinepaadid.ee\/et\/#website"},"primaryImageOfPage":{"@id":"https:\/\/nordlinepaadid.ee\/et\/pood\/veespordivahendid\/veesuusad-jarelveetavad-rongad\/jarelveetav-rongas-jobe-tribal-2p\/#primaryimage"},"image":{"@id":"https:\/\/nordlinepaadid.ee\/et\/pood\/veespordivahendid\/veesuusad-jarelveetavad-rongad\/jarelveetav-rongas-jobe-tribal-2p\/#primaryimage"},"thumbnailUrl":"https:\/\/nordlinepaadid.ee\/wp-content\/uploads\/2025\/03\/12150_JB-130-1-230222001-1.jpg","datePublished":"2026-04-07T00:28:23+00:00","dateModified":"2026-04-08T05:01:22+00:00","breadcrumb":{"@id":"https:\/\/nordlinepaadid.ee\/et\/pood\/veespordivahendid\/veesuusad-jarelveetavad-rongad\/jarelveetav-rongas-jobe-tribal-2p\/#breadcrumb"},"inLanguage":"et","potentialAction":[{"@type":"ReadAction","target":["https:\/\/nordlinepaadid.ee\/et\/pood\/veespordivahendid\/veesuusad-jarelveetavad-rongad\/jarelveetav-rongas-jobe-tribal-2p\/"]}]},{"@type":"ImageObject","inLanguage":"et","@id":"https:\/\/nordlinepaadid.ee\/et\/pood\/veespordivahendid\/veesuusad-jarelveetavad-rongad\/jarelveetav-rongas-jobe-tribal-2p\/#primaryimage","url":"https:\/\/nordlinepaadid.ee\/wp-content\/uploads\/2025\/03\/12150_JB-130-1-230222001-1.jpg","contentUrl":"https:\/\/nordlinepaadid.ee\/wp-content\/uploads\/2025\/03\/12150_JB-130-1-230222001-1.jpg","width":1479,"height":1081},{"@type":"BreadcrumbList","@id":"https:\/\/nordlinepaadid.ee\/et\/pood\/veespordivahendid\/veesuusad-jarelveetavad-rongad\/jarelveetav-rongas-jobe-tribal-2p\/#breadcrumb","itemListElement":[{"@type":"ListItem","position":1,"name":"Home","item":"https:\/\/nordlinepaadid.ee\/et\/"},{"@type":"ListItem","position":2,"name":"Pood","item":"https:\/\/nordlinepaadid.ee\/et\/pood\/"},{"@type":"ListItem","position":3,"name":"J\u00c4RELVEETAV R\u00d5NGAS- JOBE TRIBAL, 2P"}]},{"@type":"WebSite","@id":"https:\/\/nordlinepaadid.ee\/et\/#website","url":"https:\/\/nordlinepaadid.ee\/et\/","name":"NORDLINE s\u00f5udepaadid ja mootorpaadid. Klaasfiiber materjalist.","description":"","publisher":{"@id":"https:\/\/nordlinepaadid.ee\/et\/#organization"},"potentialAction":[{"@type":"SearchAction","target":{"@type":"EntryPoint","urlTemplate":"https:\/\/nordlinepaadid.ee\/et\/?s={search_term_string}"},"query-input":{"@type":"PropertyValueSpecification","valueRequired":true,"valueName":"search_term_string"}}],"inLanguage":"et"},{"@type":"Organization","@id":"https:\/\/nordlinepaadid.ee\/et\/#organization","name":"Nordlineboats","url":"https:\/\/nordlinepaadid.ee\/et\/","logo":{"@type":"ImageObject","inLanguage":"et","@id":"https:\/\/nordlinepaadid.ee\/et\/#\/schema\/logo\/image\/","url":"https:\/\/nordlinepaadid.ee\/wp-content\/uploads\/2023\/01\/fulllogo_transparent_nobuffer-e1672750475494.png","contentUrl":"https:\/\/nordlinepaadid.ee\/wp-content\/uploads\/2023\/01\/fulllogo_transparent_nobuffer-e1672750475494.png","width":150,"height":119,"caption":"Nordlineboats"},"image":{"@id":"https:\/\/nordlinepaadid.ee\/et\/#\/schema\/logo\/image\/"},"sameAs":["https:\/\/www.facebook.com\/nordlineboats","https:\/\/www.youtube.com\/channel\/UCbgF0fy02y3QkFnujaLTaCA"]}]}},"taxonomy_info":{"product_cat":[{"value":262,"label":"VEESPORDIVAHENDID, VABA AEG"},{"value":1335,"label":"Veesuusad, J\u00e4relveetavad R\u00f5ngad"}],"pa_color":[{"value":682,"label":"Punane"}],"pa_producer":[{"value":576,"label":"Jobe"}],"pa_unit":[{"value":416,"label":"pcs"}]},"featured_image_src_large":["https:\/\/nordlinepaadid.ee\/wp-content\/uploads\/2025\/03\/12150_JB-130-1-230222001-1-1024x748.jpg",1024,748,true],"author_info":[],"comment_info":"","_links":{"self":[{"href":"https:\/\/nordlinepaadid.ee\/et\/wp-json\/wp\/v2\/product\/47415","targetHints":{"allow":["GET"]}}],"collection":[{"href":"https:\/\/nordlinepaadid.ee\/et\/wp-json\/wp\/v2\/product"}],"about":[{"href":"https:\/\/nordlinepaadid.ee\/et\/wp-json\/wp\/v2\/types\/product"}],"wp:featuredmedia":[{"embeddable":true,"href":"https:\/\/nordlinepaadid.ee\/et\/wp-json\/wp\/v2\/media\/50578"}],"wp:attachment":[{"href":"https:\/\/nordlinepaadid.ee\/et\/wp-json\/wp\/v2\/media?parent=47415"}],"wp:term":[{"taxonomy":"product_brand","embeddable":true,"href":"https:\/\/nordlinepaadid.ee\/et\/wp-json\/wp\/v2\/product_brand?post=47415"},{"taxonomy":"product_cat","embeddable":true,"href":"https:\/\/nordlinepaadid.ee\/et\/wp-json\/wp\/v2\/product_cat?post=47415"},{"taxonomy":"product_tag","embeddable":true,"href":"https:\/\/nordlinepaadid.ee\/et\/wp-json\/wp\/v2\/product_tag?post=47415"}],"curies":[{"name":"wp","href":"https:\/\/api.w.org\/{rel}","templated":true}]}}