{"id":47422,"date":"2026-04-07T03:28:24","date_gmt":"2026-04-07T00:28:24","guid":{"rendered":"https:\/\/nordlinepaadid.ee\/toode\/maaratlemata\/ankruots-bonifacio-valge-14-mm-50-m\/"},"modified":"2026-04-07T03:28:24","modified_gmt":"2026-04-07T00:28:24","slug":"ankruots-bonifacio-valge-14-mm-50-m","status":"publish","type":"product","link":"https:\/\/nordlinepaadid.ee\/et\/pood\/ru-anchors-chains-wires\/anchor-winches-ru\/ankruots-bonifacio-valge-14-mm-50-m\/","title":{"rendered":"ANKRUOTS BONIFACIO- VALGE, 14 mm\/50 m"},"content":{"rendered":"<p style=\"text-align:justify\">Bonifacio ankru\/vintsi otsal on pliis\u00fcdamik, mis jookseb kogu otsa pikkuses. See v\u00f5imaldab ankrut horisontaalselt lohistada, suurendades sellega hoidev\u00f5imet. Roostevabast AISI316 terasest kous v\u00f5imaldab ankru kiiret kinnitamist. Tarnitakse praktilises hoiu\u00e4mbris, mida on lihtne pardale paigutada. L\u00e4bim\u00f5\u00f5t: 14 mm, Pikkus: 50 m, Kaal: 17.5 kg.<\/p>\n<p>&#13;<\/p>\n","protected":false},"excerpt":{"rendered":"<p>Bonifacio ankru\/vintsi otsal on pliis\u00fcdamik, mis jookseb kogu otsa pikkuses. See v\u00f5imaldab ankrut horisontaalselt lohistada, suurendades sellega hoidev\u00f5imet. Roostevabast AISI316 terasest kous v\u00f5imaldab ankru kiiret kinnitamist. Tarnitakse praktilises hoiu\u00e4mbris, mida on lihtne pardale paigutada. L\u00e4bim\u00f5\u00f5t: 14 mm, Pikkus: 50 m, Kaal: 17.5 kg. &#13;<\/p>\n","protected":false},"featured_media":50610,"template":"","meta":{"_kad_blocks_custom_css":"","_kad_blocks_head_custom_js":"","_kad_blocks_body_custom_js":"","_kad_blocks_footer_custom_js":"","_kad_post_transparent":"","_kad_post_title":"","_kad_post_layout":"","_kad_post_sidebar_id":"","_kad_post_content_style":"","_kad_post_vertical_padding":"","_kad_post_feature":"","_kad_post_feature_position":"","_kad_post_header":false,"_kad_post_footer":false,"_kad_post_classname":""},"product_brand":[],"product_cat":[389,243,280,938],"product_tag":[],"class_list":{"0":"post-47422","1":"product","2":"type-product","3":"status-publish","4":"has-post-thumbnail","6":"product_cat-ankruvintsid","7":"product_cat-ropes-fenders-buoys","8":"product_cat-polyester-and-nylon-ropes-mooring-lines","9":"product_cat-anchor-winches-ru","10":"pa_color-valge","11":"pa_unit-pcs","12":"tm-no-options","14":"first","15":"instock","16":"taxable","17":"shipping-taxable","18":"purchasable","19":"product-type-simple","20":"entry","21":"content-bg","22":"loop-entry"},"yoast_head":"<!-- This site is optimized with the Yoast SEO plugin v27.3 - https:\/\/yoast.com\/product\/yoast-seo-wordpress\/ -->\n<title>ANKRUOTS BONIFACIO- VALGE, 14 mm\/50 m - NORDLINE s\u00f5udepaadid ja mootorpaadid. Klaasfiiber materjalist.<\/title>\n<meta name=\"robots\" content=\"index, follow, max-snippet:-1, max-image-preview:large, max-video-preview:-1\" \/>\n<link rel=\"canonical\" href=\"https:\/\/nordlinepaadid.ee\/et\/pood\/ru-anchors-chains-wires\/anchor-winches-ru\/ankruots-bonifacio-valge-14-mm-50-m\/\" \/>\n<meta property=\"og:locale\" content=\"et_EE\" \/>\n<meta property=\"og:type\" content=\"article\" \/>\n<meta property=\"og:title\" content=\"ANKRUOTS BONIFACIO- VALGE, 14 mm\/50 m - NORDLINE s\u00f5udepaadid ja mootorpaadid. Klaasfiiber materjalist.\" \/>\n<meta property=\"og:description\" content=\"Bonifacio ankru\/vintsi otsal on pliis\u00fcdamik, mis jookseb kogu otsa pikkuses. See v\u00f5imaldab ankrut horisontaalselt lohistada, suurendades sellega hoidev\u00f5imet. Roostevabast AISI316 terasest kous v\u00f5imaldab ankru kiiret kinnitamist. Tarnitakse praktilises hoiu\u00e4mbris, mida on lihtne pardale paigutada. L\u00e4bim\u00f5\u00f5t: 14 mm, Pikkus: 50 m, Kaal: 17.5 kg. &#013;\" \/>\n<meta property=\"og:url\" content=\"https:\/\/nordlinepaadid.ee\/et\/pood\/ru-anchors-chains-wires\/anchor-winches-ru\/ankruots-bonifacio-valge-14-mm-50-m\/\" \/>\n<meta property=\"og:site_name\" content=\"NORDLINE s\u00f5udepaadid ja mootorpaadid. Klaasfiiber materjalist.\" \/>\n<meta property=\"article:publisher\" content=\"https:\/\/www.facebook.com\/nordlineboats\" \/>\n<meta property=\"og:image\" content=\"https:\/\/nordlinepaadid.ee\/wp-content\/uploads\/2025\/03\/12156_M18136514-1.jpg\" \/>\n\t<meta property=\"og:image:width\" content=\"1161\" \/>\n\t<meta property=\"og:image:height\" content=\"672\" \/>\n\t<meta property=\"og:image:type\" content=\"image\/jpeg\" \/>\n<meta name=\"twitter:card\" content=\"summary_large_image\" \/>\n<script type=\"application\/ld+json\" class=\"yoast-schema-graph\">{\"@context\":\"https:\\\/\\\/schema.org\",\"@graph\":[{\"@type\":\"WebPage\",\"@id\":\"https:\\\/\\\/nordlinepaadid.ee\\\/et\\\/pood\\\/ru-anchors-chains-wires\\\/anchor-winches-ru\\\/ankruots-bonifacio-valge-14-mm-50-m\\\/\",\"url\":\"https:\\\/\\\/nordlinepaadid.ee\\\/et\\\/pood\\\/ru-anchors-chains-wires\\\/anchor-winches-ru\\\/ankruots-bonifacio-valge-14-mm-50-m\\\/\",\"name\":\"ANKRUOTS BONIFACIO- VALGE, 14 mm\\\/50 m - NORDLINE s\u00f5udepaadid ja mootorpaadid. Klaasfiiber materjalist.\",\"isPartOf\":{\"@id\":\"https:\\\/\\\/nordlinepaadid.ee\\\/et\\\/#website\"},\"primaryImageOfPage\":{\"@id\":\"https:\\\/\\\/nordlinepaadid.ee\\\/et\\\/pood\\\/ru-anchors-chains-wires\\\/anchor-winches-ru\\\/ankruots-bonifacio-valge-14-mm-50-m\\\/#primaryimage\"},\"image\":{\"@id\":\"https:\\\/\\\/nordlinepaadid.ee\\\/et\\\/pood\\\/ru-anchors-chains-wires\\\/anchor-winches-ru\\\/ankruots-bonifacio-valge-14-mm-50-m\\\/#primaryimage\"},\"thumbnailUrl\":\"https:\\\/\\\/nordlinepaadid.ee\\\/wp-content\\\/uploads\\\/2025\\\/03\\\/12156_M18136514-1.jpg\",\"datePublished\":\"2026-04-07T00:28:24+00:00\",\"breadcrumb\":{\"@id\":\"https:\\\/\\\/nordlinepaadid.ee\\\/et\\\/pood\\\/ru-anchors-chains-wires\\\/anchor-winches-ru\\\/ankruots-bonifacio-valge-14-mm-50-m\\\/#breadcrumb\"},\"inLanguage\":\"et\",\"potentialAction\":[{\"@type\":\"ReadAction\",\"target\":[\"https:\\\/\\\/nordlinepaadid.ee\\\/et\\\/pood\\\/ru-anchors-chains-wires\\\/anchor-winches-ru\\\/ankruots-bonifacio-valge-14-mm-50-m\\\/\"]}]},{\"@type\":\"ImageObject\",\"inLanguage\":\"et\",\"@id\":\"https:\\\/\\\/nordlinepaadid.ee\\\/et\\\/pood\\\/ru-anchors-chains-wires\\\/anchor-winches-ru\\\/ankruots-bonifacio-valge-14-mm-50-m\\\/#primaryimage\",\"url\":\"https:\\\/\\\/nordlinepaadid.ee\\\/wp-content\\\/uploads\\\/2025\\\/03\\\/12156_M18136514-1.jpg\",\"contentUrl\":\"https:\\\/\\\/nordlinepaadid.ee\\\/wp-content\\\/uploads\\\/2025\\\/03\\\/12156_M18136514-1.jpg\",\"width\":1161,\"height\":672},{\"@type\":\"BreadcrumbList\",\"@id\":\"https:\\\/\\\/nordlinepaadid.ee\\\/et\\\/pood\\\/ru-anchors-chains-wires\\\/anchor-winches-ru\\\/ankruots-bonifacio-valge-14-mm-50-m\\\/#breadcrumb\",\"itemListElement\":[{\"@type\":\"ListItem\",\"position\":1,\"name\":\"Home\",\"item\":\"https:\\\/\\\/nordlinepaadid.ee\\\/et\\\/\"},{\"@type\":\"ListItem\",\"position\":2,\"name\":\"Pood\",\"item\":\"https:\\\/\\\/nordlinepaadid.ee\\\/et\\\/pood\\\/\"},{\"@type\":\"ListItem\",\"position\":3,\"name\":\"ANKRUOTS BONIFACIO- VALGE, 14 mm\\\/50 m\"}]},{\"@type\":\"WebSite\",\"@id\":\"https:\\\/\\\/nordlinepaadid.ee\\\/et\\\/#website\",\"url\":\"https:\\\/\\\/nordlinepaadid.ee\\\/et\\\/\",\"name\":\"NORDLINE s\u00f5udepaadid ja mootorpaadid. Klaasfiiber materjalist.\",\"description\":\"\",\"publisher\":{\"@id\":\"https:\\\/\\\/nordlinepaadid.ee\\\/et\\\/#organization\"},\"potentialAction\":[{\"@type\":\"SearchAction\",\"target\":{\"@type\":\"EntryPoint\",\"urlTemplate\":\"https:\\\/\\\/nordlinepaadid.ee\\\/et\\\/?s={search_term_string}\"},\"query-input\":{\"@type\":\"PropertyValueSpecification\",\"valueRequired\":true,\"valueName\":\"search_term_string\"}}],\"inLanguage\":\"et\"},{\"@type\":\"Organization\",\"@id\":\"https:\\\/\\\/nordlinepaadid.ee\\\/et\\\/#organization\",\"name\":\"Nordlineboats\",\"url\":\"https:\\\/\\\/nordlinepaadid.ee\\\/et\\\/\",\"logo\":{\"@type\":\"ImageObject\",\"inLanguage\":\"et\",\"@id\":\"https:\\\/\\\/nordlinepaadid.ee\\\/et\\\/#\\\/schema\\\/logo\\\/image\\\/\",\"url\":\"https:\\\/\\\/nordlinepaadid.ee\\\/wp-content\\\/uploads\\\/2023\\\/01\\\/fulllogo_transparent_nobuffer-e1672750475494.png\",\"contentUrl\":\"https:\\\/\\\/nordlinepaadid.ee\\\/wp-content\\\/uploads\\\/2023\\\/01\\\/fulllogo_transparent_nobuffer-e1672750475494.png\",\"width\":150,\"height\":119,\"caption\":\"Nordlineboats\"},\"image\":{\"@id\":\"https:\\\/\\\/nordlinepaadid.ee\\\/et\\\/#\\\/schema\\\/logo\\\/image\\\/\"},\"sameAs\":[\"https:\\\/\\\/www.facebook.com\\\/nordlineboats\",\"https:\\\/\\\/www.youtube.com\\\/channel\\\/UCbgF0fy02y3QkFnujaLTaCA\"]}]}<\/script>\n<!-- \/ Yoast SEO plugin. -->","yoast_head_json":{"title":"ANKRUOTS BONIFACIO- VALGE, 14 mm\/50 m - NORDLINE s\u00f5udepaadid ja mootorpaadid. Klaasfiiber materjalist.","robots":{"index":"index","follow":"follow","max-snippet":"max-snippet:-1","max-image-preview":"max-image-preview:large","max-video-preview":"max-video-preview:-1"},"canonical":"https:\/\/nordlinepaadid.ee\/et\/pood\/ru-anchors-chains-wires\/anchor-winches-ru\/ankruots-bonifacio-valge-14-mm-50-m\/","og_locale":"et_EE","og_type":"article","og_title":"ANKRUOTS BONIFACIO- VALGE, 14 mm\/50 m - NORDLINE s\u00f5udepaadid ja mootorpaadid. Klaasfiiber materjalist.","og_description":"Bonifacio ankru\/vintsi otsal on pliis\u00fcdamik, mis jookseb kogu otsa pikkuses. See v\u00f5imaldab ankrut horisontaalselt lohistada, suurendades sellega hoidev\u00f5imet. Roostevabast AISI316 terasest kous v\u00f5imaldab ankru kiiret kinnitamist. Tarnitakse praktilises hoiu\u00e4mbris, mida on lihtne pardale paigutada. L\u00e4bim\u00f5\u00f5t: 14 mm, Pikkus: 50 m, Kaal: 17.5 kg. &#13;","og_url":"https:\/\/nordlinepaadid.ee\/et\/pood\/ru-anchors-chains-wires\/anchor-winches-ru\/ankruots-bonifacio-valge-14-mm-50-m\/","og_site_name":"NORDLINE s\u00f5udepaadid ja mootorpaadid. Klaasfiiber materjalist.","article_publisher":"https:\/\/www.facebook.com\/nordlineboats","og_image":[{"width":1161,"height":672,"url":"https:\/\/nordlinepaadid.ee\/wp-content\/uploads\/2025\/03\/12156_M18136514-1.jpg","type":"image\/jpeg"}],"twitter_card":"summary_large_image","schema":{"@context":"https:\/\/schema.org","@graph":[{"@type":"WebPage","@id":"https:\/\/nordlinepaadid.ee\/et\/pood\/ru-anchors-chains-wires\/anchor-winches-ru\/ankruots-bonifacio-valge-14-mm-50-m\/","url":"https:\/\/nordlinepaadid.ee\/et\/pood\/ru-anchors-chains-wires\/anchor-winches-ru\/ankruots-bonifacio-valge-14-mm-50-m\/","name":"ANKRUOTS BONIFACIO- VALGE, 14 mm\/50 m - NORDLINE s\u00f5udepaadid ja mootorpaadid. Klaasfiiber materjalist.","isPartOf":{"@id":"https:\/\/nordlinepaadid.ee\/et\/#website"},"primaryImageOfPage":{"@id":"https:\/\/nordlinepaadid.ee\/et\/pood\/ru-anchors-chains-wires\/anchor-winches-ru\/ankruots-bonifacio-valge-14-mm-50-m\/#primaryimage"},"image":{"@id":"https:\/\/nordlinepaadid.ee\/et\/pood\/ru-anchors-chains-wires\/anchor-winches-ru\/ankruots-bonifacio-valge-14-mm-50-m\/#primaryimage"},"thumbnailUrl":"https:\/\/nordlinepaadid.ee\/wp-content\/uploads\/2025\/03\/12156_M18136514-1.jpg","datePublished":"2026-04-07T00:28:24+00:00","breadcrumb":{"@id":"https:\/\/nordlinepaadid.ee\/et\/pood\/ru-anchors-chains-wires\/anchor-winches-ru\/ankruots-bonifacio-valge-14-mm-50-m\/#breadcrumb"},"inLanguage":"et","potentialAction":[{"@type":"ReadAction","target":["https:\/\/nordlinepaadid.ee\/et\/pood\/ru-anchors-chains-wires\/anchor-winches-ru\/ankruots-bonifacio-valge-14-mm-50-m\/"]}]},{"@type":"ImageObject","inLanguage":"et","@id":"https:\/\/nordlinepaadid.ee\/et\/pood\/ru-anchors-chains-wires\/anchor-winches-ru\/ankruots-bonifacio-valge-14-mm-50-m\/#primaryimage","url":"https:\/\/nordlinepaadid.ee\/wp-content\/uploads\/2025\/03\/12156_M18136514-1.jpg","contentUrl":"https:\/\/nordlinepaadid.ee\/wp-content\/uploads\/2025\/03\/12156_M18136514-1.jpg","width":1161,"height":672},{"@type":"BreadcrumbList","@id":"https:\/\/nordlinepaadid.ee\/et\/pood\/ru-anchors-chains-wires\/anchor-winches-ru\/ankruots-bonifacio-valge-14-mm-50-m\/#breadcrumb","itemListElement":[{"@type":"ListItem","position":1,"name":"Home","item":"https:\/\/nordlinepaadid.ee\/et\/"},{"@type":"ListItem","position":2,"name":"Pood","item":"https:\/\/nordlinepaadid.ee\/et\/pood\/"},{"@type":"ListItem","position":3,"name":"ANKRUOTS BONIFACIO- VALGE, 14 mm\/50 m"}]},{"@type":"WebSite","@id":"https:\/\/nordlinepaadid.ee\/et\/#website","url":"https:\/\/nordlinepaadid.ee\/et\/","name":"NORDLINE s\u00f5udepaadid ja mootorpaadid. Klaasfiiber materjalist.","description":"","publisher":{"@id":"https:\/\/nordlinepaadid.ee\/et\/#organization"},"potentialAction":[{"@type":"SearchAction","target":{"@type":"EntryPoint","urlTemplate":"https:\/\/nordlinepaadid.ee\/et\/?s={search_term_string}"},"query-input":{"@type":"PropertyValueSpecification","valueRequired":true,"valueName":"search_term_string"}}],"inLanguage":"et"},{"@type":"Organization","@id":"https:\/\/nordlinepaadid.ee\/et\/#organization","name":"Nordlineboats","url":"https:\/\/nordlinepaadid.ee\/et\/","logo":{"@type":"ImageObject","inLanguage":"et","@id":"https:\/\/nordlinepaadid.ee\/et\/#\/schema\/logo\/image\/","url":"https:\/\/nordlinepaadid.ee\/wp-content\/uploads\/2023\/01\/fulllogo_transparent_nobuffer-e1672750475494.png","contentUrl":"https:\/\/nordlinepaadid.ee\/wp-content\/uploads\/2023\/01\/fulllogo_transparent_nobuffer-e1672750475494.png","width":150,"height":119,"caption":"Nordlineboats"},"image":{"@id":"https:\/\/nordlinepaadid.ee\/et\/#\/schema\/logo\/image\/"},"sameAs":["https:\/\/www.facebook.com\/nordlineboats","https:\/\/www.youtube.com\/channel\/UCbgF0fy02y3QkFnujaLTaCA"]}]}},"taxonomy_info":{"product_cat":[{"value":389,"label":"Ankruvintsid"},{"value":243,"label":"OTSAD, LIINID, VENDRID, POID"},{"value":280,"label":"S\u00fcnteetilised ja punutud otsad, Ankruotsad"},{"value":938,"label":"\u042f\u043a\u043e\u0440\u043d\u044b\u0435 \u043b\u0435\u0431\u0435\u0434\u043a\u0438"}],"pa_color":[{"value":677,"label":"Valge"}],"pa_unit":[{"value":416,"label":"pcs"}]},"featured_image_src_large":["https:\/\/nordlinepaadid.ee\/wp-content\/uploads\/2025\/03\/12156_M18136514-1-1024x593.jpg",1024,593,true],"author_info":[],"comment_info":"","_links":{"self":[{"href":"https:\/\/nordlinepaadid.ee\/et\/wp-json\/wp\/v2\/product\/47422","targetHints":{"allow":["GET"]}}],"collection":[{"href":"https:\/\/nordlinepaadid.ee\/et\/wp-json\/wp\/v2\/product"}],"about":[{"href":"https:\/\/nordlinepaadid.ee\/et\/wp-json\/wp\/v2\/types\/product"}],"wp:featuredmedia":[{"embeddable":true,"href":"https:\/\/nordlinepaadid.ee\/et\/wp-json\/wp\/v2\/media\/50610"}],"wp:attachment":[{"href":"https:\/\/nordlinepaadid.ee\/et\/wp-json\/wp\/v2\/media?parent=47422"}],"wp:term":[{"taxonomy":"product_brand","embeddable":true,"href":"https:\/\/nordlinepaadid.ee\/et\/wp-json\/wp\/v2\/product_brand?post=47422"},{"taxonomy":"product_cat","embeddable":true,"href":"https:\/\/nordlinepaadid.ee\/et\/wp-json\/wp\/v2\/product_cat?post=47422"},{"taxonomy":"product_tag","embeddable":true,"href":"https:\/\/nordlinepaadid.ee\/et\/wp-json\/wp\/v2\/product_tag?post=47422"}],"curies":[{"name":"wp","href":"https:\/\/api.w.org\/{rel}","templated":true}]}}