{"id":47476,"date":"2026-04-07T03:28:30","date_gmt":"2026-04-07T00:28:30","guid":{"rendered":"https:\/\/nordlinepaadid.ee\/toode\/maaratlemata\/sup-komplekt-aqua-marina-glow-helendav-104\/"},"modified":"2026-04-07T03:28:30","modified_gmt":"2026-04-07T00:28:30","slug":"sup-komplekt-aqua-marina-glow-helendav-104","status":"publish","type":"product","link":"https:\/\/nordlinepaadid.ee\/et\/pood\/veespordivahendid\/sup\/sup-komplekt-aqua-marina-glow-helendav-104\/","title":{"rendered":"SUP KOMPLEKT &#8211; AQUA MARINA GLOW, HELENDAV, 10&#8217;4&#8243;"},"content":{"rendered":"<p style=\"text-align:justify\">Maailma esimene, innovaatiline helendav LED tehnoloogiaga varustatud GLOW SUP laud on kohal. N\u00fc\u00fcd on v\u00f5imalik nautida lisaks p\u00e4evastele retkedele ka \u00f6iseid efektseid seiklusi veekogudel. Iga veepeal veedetud hetk v\u00f5ib-olla maagiline. Aqua Marina uuenduslik disain tagab maksimaalse s\u00f5idunaudingu erinevates oludes ja ilmastikutingimustes. Stabiilne ja d\u00fcnaamiline laua kere muudab s\u00f5udmise eriti kergeks. Drop-stich, ECO-PRINT\u2122 ja spetsiaalse kuumsulatustehnoloogial p\u00f5hinev GLOW laud ei ole mitte ainult kergem v\u014drreldes teiste sama klassi laudadega vaid on ka tunduvalt keskonnas\u00f5bralikum.<\/p>\n<p>&#13;<br \/>\n&#13;<\/p>\n<p>&nbsp;<\/p>\n<p>&#13;<br \/>\n&#13;<\/p>\n<p><strong>Omadused:<\/strong><\/p>\n<p>&#13;<br \/>\n&#13;<\/p>\n<p>Ambient Light System\u2122<\/p>\n<p>&#13;<br \/>\n&#13;<\/p>\n<p>Swift Attach Fin System (SAFS\u2122)<\/p>\n<p>&#13;<br \/>\n&#13;<\/p>\n<p>NET kaal: 8.2 kg<\/p>\n<p>&#13;<br \/>\n&#13;<\/p>\n<p>Pikkus: 10&#8217;4&#8243; \/ 315 cm<\/p>\n<p>&#13;<br \/>\n&#13;<\/p>\n<p>Laius: 79 cm<\/p>\n<p>&#13;<br \/>\n&#13;<\/p>\n<p>Paksus: 15 cm<\/p>\n<p>&#13;<br \/>\n&#13;<\/p>\n<p>Maht: 315 L<\/p>\n<p>&#13;<br \/>\n&#13;<\/p>\n<p>Max koormus: 140 kg<\/p>\n<p>&#13;<br \/>\n&#13;<\/p>\n<p>Max \u014dhusurve: 15 psi<\/p>\n<p>&#13;<br \/>\n&#13;<\/p>\n<p>&nbsp;<\/p>\n<p>&#13;<br \/>\n&#13;<\/p>\n<p><strong>Valgusre\u017eiimid:<\/strong><\/p>\n<p>&#13;<br \/>\n&#13;<\/p>\n<p>STATIC &#8211; pidev valgus<\/p>\n<p>&#13;<br \/>\n&#13;<\/p>\n<p>BREATHING &#8211; aeglaselt hajuv<\/p>\n<p>&#13;<br \/>\n&#13;<\/p>\n<p>RAINBOW &#8211; sujuvalt vilkuv re\u017eiim<\/p>\n<p>&#13;<br \/>\n&#13;<\/p>\n<p>PARTY &#8211; muusika saatel v\u00e4rvimuutev<\/p>\n<p>&#13;<br \/>\n&#13;<\/p>\n<p>Valgusulatus \u00fcletab 2 meetrit, signature tehnoloogial valmistatud materjali tekstuur ning toote disain tagavad suurep\u00e4rase valguse l\u00e4bilaskev\u00f5ime.<\/p>\n<p>&#13;<br \/>\n&#13;<\/p>\n<p>&nbsp;<\/p>\n<p>&#13;<br \/>\n&#13;<\/p>\n<p><strong>Komplekt sisaldab:<\/strong><\/p>\n<p>&#13;<br \/>\n&#13;<\/p>\n<p>ECO kandekott<\/p>\n<p>&#13;<br \/>\n&#13;<\/p>\n<p>Double Action Pump Liquid Air V1<\/p>\n<p>&#13;<br \/>\n&#13;<\/p>\n<p>Ambient valgustus<\/p>\n<p>&#13;<br \/>\n&#13;<\/p>\n<p>H\u00f5lpsasti kinnitatav uim (center fin)<\/p>\n<p>&#13;<br \/>\n&#13;<\/p>\n<p>Jala turvarihm<\/p>\n<p>&#13;<br \/>\n&#13;<\/p>\n<p>&nbsp;<\/p>\n<p>&#13;<br \/>\n&#13;<\/p>\n<p><strong>Lai v\u00e4rvivaik:<\/strong><\/p>\n<p>&#13;<br \/>\n&#13;<\/p>\n<p>Neoon kollakas-roheline<\/p>\n<p>&#13;<br \/>\n&#13;<\/p>\n<p>K\u014drvitsa oran\u017e<\/p>\n<p>&#13;<br \/>\n&#13;<\/p>\n<p>Laava punane<\/p>\n<p>&#13;<br \/>\n&#13;<\/p>\n<p>Sinine<\/p>\n<p>&#13;<br \/>\n&#13;<\/p>\n<p>Valge<\/p>\n<p>&#13;<br \/>\n&#13;<\/p>\n<p>&nbsp;<\/p>\n<p>&#13;<\/p>\n<p><iframe loading=\"lazy\" allowfullscreen=\"\" frameborder=\"0\" height=\"360\" src=\"\/\/www.youtube.com\/embed\/K0uqPoj2EFA\" width=\"640\"><\/iframe><\/p>\n<p>&#13;<\/p>\n","protected":false},"excerpt":{"rendered":"<p>Maailma esimene, innovaatiline helendav LED tehnoloogiaga varustatud GLOW SUP laud on kohal. N\u00fc\u00fcd on v\u00f5imalik nautida lisaks p\u00e4evastele retkedele ka \u00f6iseid efektseid seiklusi veekogudel. Iga veepeal veedetud hetk v\u00f5ib-olla maagiline. Aqua Marina uuenduslik disain tagab maksimaalse s\u00f5idunaudingu erinevates oludes ja ilmastikutingimustes. Stabiilne ja d\u00fcnaamiline laua kere muudab s\u00f5udmise eriti kergeks. Drop-stich, ECO-PRINT\u2122 ja spetsiaalse kuumsulatustehnoloogial&#8230;<\/p>\n","protected":false},"featured_media":50780,"template":"","meta":{"_kad_blocks_custom_css":"","_kad_blocks_head_custom_js":"","_kad_blocks_body_custom_js":"","_kad_blocks_footer_custom_js":"","_kad_post_transparent":"","_kad_post_title":"","_kad_post_layout":"","_kad_post_sidebar_id":"","_kad_post_content_style":"","_kad_post_vertical_padding":"","_kad_post_feature":"","_kad_post_feature_position":"","_kad_post_header":false,"_kad_post_footer":false,"_kad_post_classname":""},"product_brand":[],"product_cat":[1613,262],"product_tag":[],"class_list":{"0":"post-47476","1":"product","2":"type-product","3":"status-publish","4":"has-post-thumbnail","6":"product_cat-sup","7":"product_cat-veespordivahendid","8":"pa_color-helendav","9":"pa_unit-kit","10":"tm-no-options","12":"first","13":"onbackorder","14":"taxable","15":"shipping-taxable","16":"purchasable","17":"product-type-simple","18":"entry","19":"content-bg","20":"loop-entry"},"yoast_head":"<!-- This site is optimized with the Yoast SEO plugin v27.3 - https:\/\/yoast.com\/product\/yoast-seo-wordpress\/ -->\n<title>SUP KOMPLEKT - AQUA MARINA GLOW, HELENDAV, 10&#039;4&quot; - NORDLINE s\u00f5udepaadid ja mootorpaadid. Klaasfiiber materjalist.<\/title>\n<meta name=\"robots\" content=\"index, follow, max-snippet:-1, max-image-preview:large, max-video-preview:-1\" \/>\n<link rel=\"canonical\" href=\"https:\/\/nordlinepaadid.ee\/et\/pood\/veespordivahendid\/sup\/sup-komplekt-aqua-marina-glow-helendav-104\/\" \/>\n<meta property=\"og:locale\" content=\"et_EE\" \/>\n<meta property=\"og:type\" content=\"article\" \/>\n<meta property=\"og:title\" content=\"SUP KOMPLEKT - AQUA MARINA GLOW, HELENDAV, 10&#039;4&quot; - NORDLINE s\u00f5udepaadid ja mootorpaadid. Klaasfiiber materjalist.\" \/>\n<meta property=\"og:description\" content=\"Maailma esimene, innovaatiline helendav LED tehnoloogiaga varustatud GLOW SUP laud on kohal. N\u00fc\u00fcd on v\u00f5imalik nautida lisaks p\u00e4evastele retkedele ka \u00f6iseid efektseid seiklusi veekogudel. Iga veepeal veedetud hetk v\u00f5ib-olla maagiline. Aqua Marina uuenduslik disain tagab maksimaalse s\u00f5idunaudingu erinevates oludes ja ilmastikutingimustes. Stabiilne ja d\u00fcnaamiline laua kere muudab s\u00f5udmise eriti kergeks. Drop-stich, ECO-PRINT\u2122 ja spetsiaalse kuumsulatustehnoloogial...\" \/>\n<meta property=\"og:url\" content=\"https:\/\/nordlinepaadid.ee\/et\/pood\/veespordivahendid\/sup\/sup-komplekt-aqua-marina-glow-helendav-104\/\" \/>\n<meta property=\"og:site_name\" content=\"NORDLINE s\u00f5udepaadid ja mootorpaadid. Klaasfiiber materjalist.\" \/>\n<meta property=\"article:publisher\" content=\"https:\/\/www.facebook.com\/nordlineboats\" \/>\n<meta property=\"og:image\" content=\"https:\/\/nordlinepaadid.ee\/wp-content\/uploads\/2025\/03\/12254_AM-BT24GL-1.jpg\" \/>\n\t<meta property=\"og:image:width\" content=\"555\" \/>\n\t<meta property=\"og:image:height\" content=\"555\" \/>\n\t<meta property=\"og:image:type\" content=\"image\/webp\" \/>\n<meta name=\"twitter:card\" content=\"summary_large_image\" \/>\n<meta name=\"twitter:label1\" content=\"Est. reading time\" \/>\n\t<meta name=\"twitter:data1\" content=\"1 minut\" \/>\n<script type=\"application\/ld+json\" class=\"yoast-schema-graph\">{\"@context\":\"https:\\\/\\\/schema.org\",\"@graph\":[{\"@type\":\"WebPage\",\"@id\":\"https:\\\/\\\/nordlinepaadid.ee\\\/et\\\/pood\\\/veespordivahendid\\\/sup\\\/sup-komplekt-aqua-marina-glow-helendav-104\\\/\",\"url\":\"https:\\\/\\\/nordlinepaadid.ee\\\/et\\\/pood\\\/veespordivahendid\\\/sup\\\/sup-komplekt-aqua-marina-glow-helendav-104\\\/\",\"name\":\"SUP KOMPLEKT - AQUA MARINA GLOW, HELENDAV, 10'4\\\" - NORDLINE s\u00f5udepaadid ja mootorpaadid. Klaasfiiber materjalist.\",\"isPartOf\":{\"@id\":\"https:\\\/\\\/nordlinepaadid.ee\\\/et\\\/#website\"},\"primaryImageOfPage\":{\"@id\":\"https:\\\/\\\/nordlinepaadid.ee\\\/et\\\/pood\\\/veespordivahendid\\\/sup\\\/sup-komplekt-aqua-marina-glow-helendav-104\\\/#primaryimage\"},\"image\":{\"@id\":\"https:\\\/\\\/nordlinepaadid.ee\\\/et\\\/pood\\\/veespordivahendid\\\/sup\\\/sup-komplekt-aqua-marina-glow-helendav-104\\\/#primaryimage\"},\"thumbnailUrl\":\"https:\\\/\\\/nordlinepaadid.ee\\\/wp-content\\\/uploads\\\/2025\\\/03\\\/12254_AM-BT24GL-1.jpg\",\"datePublished\":\"2026-04-07T00:28:30+00:00\",\"breadcrumb\":{\"@id\":\"https:\\\/\\\/nordlinepaadid.ee\\\/et\\\/pood\\\/veespordivahendid\\\/sup\\\/sup-komplekt-aqua-marina-glow-helendav-104\\\/#breadcrumb\"},\"inLanguage\":\"et\",\"potentialAction\":[{\"@type\":\"ReadAction\",\"target\":[\"https:\\\/\\\/nordlinepaadid.ee\\\/et\\\/pood\\\/veespordivahendid\\\/sup\\\/sup-komplekt-aqua-marina-glow-helendav-104\\\/\"]}]},{\"@type\":\"ImageObject\",\"inLanguage\":\"et\",\"@id\":\"https:\\\/\\\/nordlinepaadid.ee\\\/et\\\/pood\\\/veespordivahendid\\\/sup\\\/sup-komplekt-aqua-marina-glow-helendav-104\\\/#primaryimage\",\"url\":\"https:\\\/\\\/nordlinepaadid.ee\\\/wp-content\\\/uploads\\\/2025\\\/03\\\/12254_AM-BT24GL-1.jpg\",\"contentUrl\":\"https:\\\/\\\/nordlinepaadid.ee\\\/wp-content\\\/uploads\\\/2025\\\/03\\\/12254_AM-BT24GL-1.jpg\",\"width\":555,\"height\":555},{\"@type\":\"BreadcrumbList\",\"@id\":\"https:\\\/\\\/nordlinepaadid.ee\\\/et\\\/pood\\\/veespordivahendid\\\/sup\\\/sup-komplekt-aqua-marina-glow-helendav-104\\\/#breadcrumb\",\"itemListElement\":[{\"@type\":\"ListItem\",\"position\":1,\"name\":\"Home\",\"item\":\"https:\\\/\\\/nordlinepaadid.ee\\\/et\\\/\"},{\"@type\":\"ListItem\",\"position\":2,\"name\":\"Pood\",\"item\":\"https:\\\/\\\/nordlinepaadid.ee\\\/et\\\/pood\\\/\"},{\"@type\":\"ListItem\",\"position\":3,\"name\":\"SUP KOMPLEKT &#8211; AQUA MARINA GLOW, HELENDAV, 10&#8217;4&#8243;\"}]},{\"@type\":\"WebSite\",\"@id\":\"https:\\\/\\\/nordlinepaadid.ee\\\/et\\\/#website\",\"url\":\"https:\\\/\\\/nordlinepaadid.ee\\\/et\\\/\",\"name\":\"NORDLINE s\u00f5udepaadid ja mootorpaadid. Klaasfiiber materjalist.\",\"description\":\"\",\"publisher\":{\"@id\":\"https:\\\/\\\/nordlinepaadid.ee\\\/et\\\/#organization\"},\"potentialAction\":[{\"@type\":\"SearchAction\",\"target\":{\"@type\":\"EntryPoint\",\"urlTemplate\":\"https:\\\/\\\/nordlinepaadid.ee\\\/et\\\/?s={search_term_string}\"},\"query-input\":{\"@type\":\"PropertyValueSpecification\",\"valueRequired\":true,\"valueName\":\"search_term_string\"}}],\"inLanguage\":\"et\"},{\"@type\":\"Organization\",\"@id\":\"https:\\\/\\\/nordlinepaadid.ee\\\/et\\\/#organization\",\"name\":\"Nordlineboats\",\"url\":\"https:\\\/\\\/nordlinepaadid.ee\\\/et\\\/\",\"logo\":{\"@type\":\"ImageObject\",\"inLanguage\":\"et\",\"@id\":\"https:\\\/\\\/nordlinepaadid.ee\\\/et\\\/#\\\/schema\\\/logo\\\/image\\\/\",\"url\":\"https:\\\/\\\/nordlinepaadid.ee\\\/wp-content\\\/uploads\\\/2023\\\/01\\\/fulllogo_transparent_nobuffer-e1672750475494.png\",\"contentUrl\":\"https:\\\/\\\/nordlinepaadid.ee\\\/wp-content\\\/uploads\\\/2023\\\/01\\\/fulllogo_transparent_nobuffer-e1672750475494.png\",\"width\":150,\"height\":119,\"caption\":\"Nordlineboats\"},\"image\":{\"@id\":\"https:\\\/\\\/nordlinepaadid.ee\\\/et\\\/#\\\/schema\\\/logo\\\/image\\\/\"},\"sameAs\":[\"https:\\\/\\\/www.facebook.com\\\/nordlineboats\",\"https:\\\/\\\/www.youtube.com\\\/channel\\\/UCbgF0fy02y3QkFnujaLTaCA\"]}]}<\/script>\n<!-- \/ Yoast SEO plugin. -->","yoast_head_json":{"title":"SUP KOMPLEKT - AQUA MARINA GLOW, HELENDAV, 10'4\" - NORDLINE s\u00f5udepaadid ja mootorpaadid. Klaasfiiber materjalist.","robots":{"index":"index","follow":"follow","max-snippet":"max-snippet:-1","max-image-preview":"max-image-preview:large","max-video-preview":"max-video-preview:-1"},"canonical":"https:\/\/nordlinepaadid.ee\/et\/pood\/veespordivahendid\/sup\/sup-komplekt-aqua-marina-glow-helendav-104\/","og_locale":"et_EE","og_type":"article","og_title":"SUP KOMPLEKT - AQUA MARINA GLOW, HELENDAV, 10'4\" - NORDLINE s\u00f5udepaadid ja mootorpaadid. Klaasfiiber materjalist.","og_description":"Maailma esimene, innovaatiline helendav LED tehnoloogiaga varustatud GLOW SUP laud on kohal. N\u00fc\u00fcd on v\u00f5imalik nautida lisaks p\u00e4evastele retkedele ka \u00f6iseid efektseid seiklusi veekogudel. Iga veepeal veedetud hetk v\u00f5ib-olla maagiline. Aqua Marina uuenduslik disain tagab maksimaalse s\u00f5idunaudingu erinevates oludes ja ilmastikutingimustes. Stabiilne ja d\u00fcnaamiline laua kere muudab s\u00f5udmise eriti kergeks. Drop-stich, ECO-PRINT\u2122 ja spetsiaalse kuumsulatustehnoloogial...","og_url":"https:\/\/nordlinepaadid.ee\/et\/pood\/veespordivahendid\/sup\/sup-komplekt-aqua-marina-glow-helendav-104\/","og_site_name":"NORDLINE s\u00f5udepaadid ja mootorpaadid. Klaasfiiber materjalist.","article_publisher":"https:\/\/www.facebook.com\/nordlineboats","og_image":[{"width":555,"height":555,"url":"https:\/\/nordlinepaadid.ee\/wp-content\/uploads\/2025\/03\/12254_AM-BT24GL-1.jpg","type":"image\/webp"}],"twitter_card":"summary_large_image","twitter_misc":{"Est. reading time":"1 minut"},"schema":{"@context":"https:\/\/schema.org","@graph":[{"@type":"WebPage","@id":"https:\/\/nordlinepaadid.ee\/et\/pood\/veespordivahendid\/sup\/sup-komplekt-aqua-marina-glow-helendav-104\/","url":"https:\/\/nordlinepaadid.ee\/et\/pood\/veespordivahendid\/sup\/sup-komplekt-aqua-marina-glow-helendav-104\/","name":"SUP KOMPLEKT - AQUA MARINA GLOW, HELENDAV, 10'4\" - NORDLINE s\u00f5udepaadid ja mootorpaadid. Klaasfiiber materjalist.","isPartOf":{"@id":"https:\/\/nordlinepaadid.ee\/et\/#website"},"primaryImageOfPage":{"@id":"https:\/\/nordlinepaadid.ee\/et\/pood\/veespordivahendid\/sup\/sup-komplekt-aqua-marina-glow-helendav-104\/#primaryimage"},"image":{"@id":"https:\/\/nordlinepaadid.ee\/et\/pood\/veespordivahendid\/sup\/sup-komplekt-aqua-marina-glow-helendav-104\/#primaryimage"},"thumbnailUrl":"https:\/\/nordlinepaadid.ee\/wp-content\/uploads\/2025\/03\/12254_AM-BT24GL-1.jpg","datePublished":"2026-04-07T00:28:30+00:00","breadcrumb":{"@id":"https:\/\/nordlinepaadid.ee\/et\/pood\/veespordivahendid\/sup\/sup-komplekt-aqua-marina-glow-helendav-104\/#breadcrumb"},"inLanguage":"et","potentialAction":[{"@type":"ReadAction","target":["https:\/\/nordlinepaadid.ee\/et\/pood\/veespordivahendid\/sup\/sup-komplekt-aqua-marina-glow-helendav-104\/"]}]},{"@type":"ImageObject","inLanguage":"et","@id":"https:\/\/nordlinepaadid.ee\/et\/pood\/veespordivahendid\/sup\/sup-komplekt-aqua-marina-glow-helendav-104\/#primaryimage","url":"https:\/\/nordlinepaadid.ee\/wp-content\/uploads\/2025\/03\/12254_AM-BT24GL-1.jpg","contentUrl":"https:\/\/nordlinepaadid.ee\/wp-content\/uploads\/2025\/03\/12254_AM-BT24GL-1.jpg","width":555,"height":555},{"@type":"BreadcrumbList","@id":"https:\/\/nordlinepaadid.ee\/et\/pood\/veespordivahendid\/sup\/sup-komplekt-aqua-marina-glow-helendav-104\/#breadcrumb","itemListElement":[{"@type":"ListItem","position":1,"name":"Home","item":"https:\/\/nordlinepaadid.ee\/et\/"},{"@type":"ListItem","position":2,"name":"Pood","item":"https:\/\/nordlinepaadid.ee\/et\/pood\/"},{"@type":"ListItem","position":3,"name":"SUP KOMPLEKT &#8211; AQUA MARINA GLOW, HELENDAV, 10&#8217;4&#8243;"}]},{"@type":"WebSite","@id":"https:\/\/nordlinepaadid.ee\/et\/#website","url":"https:\/\/nordlinepaadid.ee\/et\/","name":"NORDLINE s\u00f5udepaadid ja mootorpaadid. Klaasfiiber materjalist.","description":"","publisher":{"@id":"https:\/\/nordlinepaadid.ee\/et\/#organization"},"potentialAction":[{"@type":"SearchAction","target":{"@type":"EntryPoint","urlTemplate":"https:\/\/nordlinepaadid.ee\/et\/?s={search_term_string}"},"query-input":{"@type":"PropertyValueSpecification","valueRequired":true,"valueName":"search_term_string"}}],"inLanguage":"et"},{"@type":"Organization","@id":"https:\/\/nordlinepaadid.ee\/et\/#organization","name":"Nordlineboats","url":"https:\/\/nordlinepaadid.ee\/et\/","logo":{"@type":"ImageObject","inLanguage":"et","@id":"https:\/\/nordlinepaadid.ee\/et\/#\/schema\/logo\/image\/","url":"https:\/\/nordlinepaadid.ee\/wp-content\/uploads\/2023\/01\/fulllogo_transparent_nobuffer-e1672750475494.png","contentUrl":"https:\/\/nordlinepaadid.ee\/wp-content\/uploads\/2023\/01\/fulllogo_transparent_nobuffer-e1672750475494.png","width":150,"height":119,"caption":"Nordlineboats"},"image":{"@id":"https:\/\/nordlinepaadid.ee\/et\/#\/schema\/logo\/image\/"},"sameAs":["https:\/\/www.facebook.com\/nordlineboats","https:\/\/www.youtube.com\/channel\/UCbgF0fy02y3QkFnujaLTaCA"]}]}},"taxonomy_info":{"product_cat":[{"value":1613,"label":"SUP lauad"},{"value":262,"label":"VEESPORDIVAHENDID, VABA AEG"}],"pa_color":[{"value":1545,"label":"Helendav"}],"pa_unit":[{"value":441,"label":"kit"}]},"featured_image_src_large":["https:\/\/nordlinepaadid.ee\/wp-content\/uploads\/2025\/03\/12254_AM-BT24GL-1.jpg",555,555,false],"author_info":[],"comment_info":"","_links":{"self":[{"href":"https:\/\/nordlinepaadid.ee\/et\/wp-json\/wp\/v2\/product\/47476","targetHints":{"allow":["GET"]}}],"collection":[{"href":"https:\/\/nordlinepaadid.ee\/et\/wp-json\/wp\/v2\/product"}],"about":[{"href":"https:\/\/nordlinepaadid.ee\/et\/wp-json\/wp\/v2\/types\/product"}],"wp:featuredmedia":[{"embeddable":true,"href":"https:\/\/nordlinepaadid.ee\/et\/wp-json\/wp\/v2\/media\/50780"}],"wp:attachment":[{"href":"https:\/\/nordlinepaadid.ee\/et\/wp-json\/wp\/v2\/media?parent=47476"}],"wp:term":[{"taxonomy":"product_brand","embeddable":true,"href":"https:\/\/nordlinepaadid.ee\/et\/wp-json\/wp\/v2\/product_brand?post=47476"},{"taxonomy":"product_cat","embeddable":true,"href":"https:\/\/nordlinepaadid.ee\/et\/wp-json\/wp\/v2\/product_cat?post=47476"},{"taxonomy":"product_tag","embeddable":true,"href":"https:\/\/nordlinepaadid.ee\/et\/wp-json\/wp\/v2\/product_tag?post=47476"}],"curies":[{"name":"wp","href":"https:\/\/api.w.org\/{rel}","templated":true}]}}