{"id":47491,"date":"2026-04-07T03:23:37","date_gmt":"2026-04-07T00:23:37","guid":{"rendered":"https:\/\/nordlinepaadid.ee\/toode\/maaratlemata\/merebinokkel-steiner-commander-7-x-50-kompass-3\/"},"modified":"2026-04-07T03:23:37","modified_gmt":"2026-04-07T00:23:37","slug":"merebinokkel-steiner-commander-7-x-50-kompass","status":"publish","type":"product","link":"https:\/\/nordlinepaadid.ee\/et\/pood\/navigation-ru\/binoculars-ru\/merebinokkel-steiner-commander-7-x-50-kompass\/","title":{"rendered":"MEREBINOKKEL- STEINER COMMANDER 7 x 50, KOMPASS"},"content":{"rendered":"<p style=\"text-align:justify\">Kompaktne ja stabiilne Steineri binokkel kompassiga. 50 mm objektiivi l\u00e4bim\u00f5\u00f5du ja 7-kordse suurendusega Commander pakub rahulikku vaadet ka karmil merel. T\u00e4nu Steineri ainulaadsele Diamond Marine kattele, mis kasutab haruldaste fluoriidide ja muude mineraalide segu, annavad l\u00e4\u00e4tsed ereda pildi, millel on v\u00f5rratu valguse l\u00e4bilaskvus, selgus ja kontrastsus isegi v\u00e4hese valguse tingimustes. H\u00fcdrofoobne eesmise l\u00e4\u00e4tse kate loob l\u00e4\u00e4tse pinna, mis kaitseb mustuse ja vee eest. Isegi vihma ja lume piisad kaovad kiiresti vaatev\u00e4ljast. Kompass on kiire, t\u00e4pne ja usaldusv\u00e4\u00e4rne. Sisse\/v\u00e4lja l\u00fcliti optimeeritud asend t\u00e4hendab, et te ei pea valgustuse sisse- ja v\u00e4ljal\u00fclitamiseks k\u00e4tt liigutama, j\u00e4ttes teile kiire ja lihtsa k\u00e4sitsemise, ilma et peaksite binoklit lahti laskma. Suurep\u00e4rane vaatev\u00e4li 140 m &#8211; 1000 m kaugusel, kahesuunalise ventiili tehnoloogia, mis takistab binokli sees kondenseerumist, NBR kummist soomus. Suurendus: 7 x, prisma t\u00fc\u00fcp: Porro. Toote m\u00f5\u00f5dud: 206 x 157 x 96 mm, kaal: 1190 grammi. Garantii: 30 aastat.<\/p>\n<p>&#13;<\/p>\n<p><iframe loading=\"lazy\" allowfullscreen=\"\" frameborder=\"0\" height=\"360\" src=\"\/\/www.youtube.com\/embed\/ff0Z5T5jWJQ\" width=\"640\"><\/iframe><\/p>\n<p>&#13;<\/p>\n","protected":false},"excerpt":{"rendered":"<p>Kompaktne ja stabiilne Steineri binokkel kompassiga. 50 mm objektiivi l\u00e4bim\u00f5\u00f5du ja 7-kordse suurendusega Commander pakub rahulikku vaadet ka karmil merel. T\u00e4nu Steineri ainulaadsele Diamond Marine kattele, mis kasutab haruldaste fluoriidide ja muude mineraalide segu, annavad l\u00e4\u00e4tsed ereda pildi, millel on v\u00f5rratu valguse l\u00e4bilaskvus, selgus ja kontrastsus isegi v\u00e4hese valguse tingimustes. H\u00fcdrofoobne eesmise l\u00e4\u00e4tse kate loob&#8230;<\/p>\n","protected":false},"featured_media":47499,"template":"","meta":{"_kad_blocks_custom_css":"","_kad_blocks_head_custom_js":"","_kad_blocks_body_custom_js":"","_kad_blocks_footer_custom_js":"","_kad_post_transparent":"","_kad_post_title":"","_kad_post_layout":"","_kad_post_sidebar_id":"","_kad_post_content_style":"","_kad_post_vertical_padding":"","_kad_post_feature":"","_kad_post_feature_position":"","_kad_post_header":false,"_kad_post_footer":false,"_kad_post_classname":""},"product_brand":[],"product_cat":[271,247,820],"product_tag":[],"class_list":{"0":"post-47491","1":"product","2":"type-product","3":"status-publish","4":"has-post-thumbnail","6":"product_cat-binoklid","7":"product_cat-navigatsiooni-vahendid","8":"product_cat-binoculars-ru","9":"pa_color-sinine","10":"pa_producer-steiner","11":"pa_unit-pcs","12":"tm-no-options","14":"first","15":"onbackorder","16":"taxable","17":"shipping-taxable","18":"purchasable","19":"product-type-simple","20":"entry","21":"content-bg","22":"loop-entry"},"yoast_head":"<!-- This site is optimized with the Yoast SEO plugin v27.3 - https:\/\/yoast.com\/product\/yoast-seo-wordpress\/ -->\n<title>MEREBINOKKEL- STEINER COMMANDER 7 x 50, KOMPASS - NORDLINE s\u00f5udepaadid ja mootorpaadid. Klaasfiiber materjalist.<\/title>\n<meta name=\"robots\" content=\"index, follow, max-snippet:-1, max-image-preview:large, max-video-preview:-1\" \/>\n<link rel=\"canonical\" href=\"https:\/\/nordlinepaadid.ee\/et\/pood\/navigation-ru\/binoculars-ru\/merebinokkel-steiner-commander-7-x-50-kompass\/\" \/>\n<meta property=\"og:locale\" content=\"et_EE\" \/>\n<meta property=\"og:type\" content=\"article\" \/>\n<meta property=\"og:title\" content=\"MEREBINOKKEL- STEINER COMMANDER 7 x 50, KOMPASS - NORDLINE s\u00f5udepaadid ja mootorpaadid. Klaasfiiber materjalist.\" \/>\n<meta property=\"og:description\" content=\"Kompaktne ja stabiilne Steineri binokkel kompassiga. 50 mm objektiivi l\u00e4bim\u00f5\u00f5du ja 7-kordse suurendusega Commander pakub rahulikku vaadet ka karmil merel. T\u00e4nu Steineri ainulaadsele Diamond Marine kattele, mis kasutab haruldaste fluoriidide ja muude mineraalide segu, annavad l\u00e4\u00e4tsed ereda pildi, millel on v\u00f5rratu valguse l\u00e4bilaskvus, selgus ja kontrastsus isegi v\u00e4hese valguse tingimustes. H\u00fcdrofoobne eesmise l\u00e4\u00e4tse kate loob...\" \/>\n<meta property=\"og:url\" content=\"https:\/\/nordlinepaadid.ee\/et\/pood\/navigation-ru\/binoculars-ru\/merebinokkel-steiner-commander-7-x-50-kompass\/\" \/>\n<meta property=\"og:site_name\" content=\"NORDLINE s\u00f5udepaadid ja mootorpaadid. Klaasfiiber materjalist.\" \/>\n<meta property=\"article:publisher\" content=\"https:\/\/www.facebook.com\/nordlineboats\" \/>\n<meta property=\"og:image\" content=\"https:\/\/nordlinepaadid.ee\/wp-content\/uploads\/2025\/03\/9675_FN12215-1.png\" \/>\n\t<meta property=\"og:image:width\" content=\"800\" \/>\n\t<meta property=\"og:image:height\" content=\"633\" \/>\n\t<meta property=\"og:image:type\" content=\"image\/png\" \/>\n<meta name=\"twitter:card\" content=\"summary_large_image\" \/>\n<meta name=\"twitter:label1\" content=\"Est. reading time\" \/>\n\t<meta name=\"twitter:data1\" content=\"1 minut\" \/>\n<script type=\"application\/ld+json\" class=\"yoast-schema-graph\">{\"@context\":\"https:\\\/\\\/schema.org\",\"@graph\":[{\"@type\":\"WebPage\",\"@id\":\"https:\\\/\\\/nordlinepaadid.ee\\\/et\\\/pood\\\/navigation-ru\\\/binoculars-ru\\\/merebinokkel-steiner-commander-7-x-50-kompass\\\/\",\"url\":\"https:\\\/\\\/nordlinepaadid.ee\\\/et\\\/pood\\\/navigation-ru\\\/binoculars-ru\\\/merebinokkel-steiner-commander-7-x-50-kompass\\\/\",\"name\":\"MEREBINOKKEL- STEINER COMMANDER 7 x 50, KOMPASS - NORDLINE s\u00f5udepaadid ja mootorpaadid. Klaasfiiber materjalist.\",\"isPartOf\":{\"@id\":\"https:\\\/\\\/nordlinepaadid.ee\\\/et\\\/#website\"},\"primaryImageOfPage\":{\"@id\":\"https:\\\/\\\/nordlinepaadid.ee\\\/et\\\/pood\\\/navigation-ru\\\/binoculars-ru\\\/merebinokkel-steiner-commander-7-x-50-kompass\\\/#primaryimage\"},\"image\":{\"@id\":\"https:\\\/\\\/nordlinepaadid.ee\\\/et\\\/pood\\\/navigation-ru\\\/binoculars-ru\\\/merebinokkel-steiner-commander-7-x-50-kompass\\\/#primaryimage\"},\"thumbnailUrl\":\"https:\\\/\\\/nordlinepaadid.ee\\\/wp-content\\\/uploads\\\/2025\\\/03\\\/9675_FN12215-1.png\",\"datePublished\":\"2026-04-07T00:23:37+00:00\",\"breadcrumb\":{\"@id\":\"https:\\\/\\\/nordlinepaadid.ee\\\/et\\\/pood\\\/navigation-ru\\\/binoculars-ru\\\/merebinokkel-steiner-commander-7-x-50-kompass\\\/#breadcrumb\"},\"inLanguage\":\"et\",\"potentialAction\":[{\"@type\":\"ReadAction\",\"target\":[\"https:\\\/\\\/nordlinepaadid.ee\\\/et\\\/pood\\\/navigation-ru\\\/binoculars-ru\\\/merebinokkel-steiner-commander-7-x-50-kompass\\\/\"]}]},{\"@type\":\"ImageObject\",\"inLanguage\":\"et\",\"@id\":\"https:\\\/\\\/nordlinepaadid.ee\\\/et\\\/pood\\\/navigation-ru\\\/binoculars-ru\\\/merebinokkel-steiner-commander-7-x-50-kompass\\\/#primaryimage\",\"url\":\"https:\\\/\\\/nordlinepaadid.ee\\\/wp-content\\\/uploads\\\/2025\\\/03\\\/9675_FN12215-1.png\",\"contentUrl\":\"https:\\\/\\\/nordlinepaadid.ee\\\/wp-content\\\/uploads\\\/2025\\\/03\\\/9675_FN12215-1.png\",\"width\":800,\"height\":633},{\"@type\":\"BreadcrumbList\",\"@id\":\"https:\\\/\\\/nordlinepaadid.ee\\\/et\\\/pood\\\/navigation-ru\\\/binoculars-ru\\\/merebinokkel-steiner-commander-7-x-50-kompass\\\/#breadcrumb\",\"itemListElement\":[{\"@type\":\"ListItem\",\"position\":1,\"name\":\"Home\",\"item\":\"https:\\\/\\\/nordlinepaadid.ee\\\/et\\\/\"},{\"@type\":\"ListItem\",\"position\":2,\"name\":\"Pood\",\"item\":\"https:\\\/\\\/nordlinepaadid.ee\\\/et\\\/pood\\\/\"},{\"@type\":\"ListItem\",\"position\":3,\"name\":\"MEREBINOKKEL- STEINER COMMANDER 7 x 50, KOMPASS\"}]},{\"@type\":\"WebSite\",\"@id\":\"https:\\\/\\\/nordlinepaadid.ee\\\/et\\\/#website\",\"url\":\"https:\\\/\\\/nordlinepaadid.ee\\\/et\\\/\",\"name\":\"NORDLINE s\u00f5udepaadid ja mootorpaadid. Klaasfiiber materjalist.\",\"description\":\"\",\"publisher\":{\"@id\":\"https:\\\/\\\/nordlinepaadid.ee\\\/et\\\/#organization\"},\"potentialAction\":[{\"@type\":\"SearchAction\",\"target\":{\"@type\":\"EntryPoint\",\"urlTemplate\":\"https:\\\/\\\/nordlinepaadid.ee\\\/et\\\/?s={search_term_string}\"},\"query-input\":{\"@type\":\"PropertyValueSpecification\",\"valueRequired\":true,\"valueName\":\"search_term_string\"}}],\"inLanguage\":\"et\"},{\"@type\":\"Organization\",\"@id\":\"https:\\\/\\\/nordlinepaadid.ee\\\/et\\\/#organization\",\"name\":\"Nordlineboats\",\"url\":\"https:\\\/\\\/nordlinepaadid.ee\\\/et\\\/\",\"logo\":{\"@type\":\"ImageObject\",\"inLanguage\":\"et\",\"@id\":\"https:\\\/\\\/nordlinepaadid.ee\\\/et\\\/#\\\/schema\\\/logo\\\/image\\\/\",\"url\":\"https:\\\/\\\/nordlinepaadid.ee\\\/wp-content\\\/uploads\\\/2023\\\/01\\\/fulllogo_transparent_nobuffer-e1672750475494.png\",\"contentUrl\":\"https:\\\/\\\/nordlinepaadid.ee\\\/wp-content\\\/uploads\\\/2023\\\/01\\\/fulllogo_transparent_nobuffer-e1672750475494.png\",\"width\":150,\"height\":119,\"caption\":\"Nordlineboats\"},\"image\":{\"@id\":\"https:\\\/\\\/nordlinepaadid.ee\\\/et\\\/#\\\/schema\\\/logo\\\/image\\\/\"},\"sameAs\":[\"https:\\\/\\\/www.facebook.com\\\/nordlineboats\",\"https:\\\/\\\/www.youtube.com\\\/channel\\\/UCbgF0fy02y3QkFnujaLTaCA\"]}]}<\/script>\n<!-- \/ Yoast SEO plugin. -->","yoast_head_json":{"title":"MEREBINOKKEL- STEINER COMMANDER 7 x 50, KOMPASS - NORDLINE s\u00f5udepaadid ja mootorpaadid. Klaasfiiber materjalist.","robots":{"index":"index","follow":"follow","max-snippet":"max-snippet:-1","max-image-preview":"max-image-preview:large","max-video-preview":"max-video-preview:-1"},"canonical":"https:\/\/nordlinepaadid.ee\/et\/pood\/navigation-ru\/binoculars-ru\/merebinokkel-steiner-commander-7-x-50-kompass\/","og_locale":"et_EE","og_type":"article","og_title":"MEREBINOKKEL- STEINER COMMANDER 7 x 50, KOMPASS - NORDLINE s\u00f5udepaadid ja mootorpaadid. Klaasfiiber materjalist.","og_description":"Kompaktne ja stabiilne Steineri binokkel kompassiga. 50 mm objektiivi l\u00e4bim\u00f5\u00f5du ja 7-kordse suurendusega Commander pakub rahulikku vaadet ka karmil merel. T\u00e4nu Steineri ainulaadsele Diamond Marine kattele, mis kasutab haruldaste fluoriidide ja muude mineraalide segu, annavad l\u00e4\u00e4tsed ereda pildi, millel on v\u00f5rratu valguse l\u00e4bilaskvus, selgus ja kontrastsus isegi v\u00e4hese valguse tingimustes. H\u00fcdrofoobne eesmise l\u00e4\u00e4tse kate loob...","og_url":"https:\/\/nordlinepaadid.ee\/et\/pood\/navigation-ru\/binoculars-ru\/merebinokkel-steiner-commander-7-x-50-kompass\/","og_site_name":"NORDLINE s\u00f5udepaadid ja mootorpaadid. Klaasfiiber materjalist.","article_publisher":"https:\/\/www.facebook.com\/nordlineboats","og_image":[{"width":800,"height":633,"url":"https:\/\/nordlinepaadid.ee\/wp-content\/uploads\/2025\/03\/9675_FN12215-1.png","type":"image\/png"}],"twitter_card":"summary_large_image","twitter_misc":{"Est. reading time":"1 minut"},"schema":{"@context":"https:\/\/schema.org","@graph":[{"@type":"WebPage","@id":"https:\/\/nordlinepaadid.ee\/et\/pood\/navigation-ru\/binoculars-ru\/merebinokkel-steiner-commander-7-x-50-kompass\/","url":"https:\/\/nordlinepaadid.ee\/et\/pood\/navigation-ru\/binoculars-ru\/merebinokkel-steiner-commander-7-x-50-kompass\/","name":"MEREBINOKKEL- STEINER COMMANDER 7 x 50, KOMPASS - NORDLINE s\u00f5udepaadid ja mootorpaadid. Klaasfiiber materjalist.","isPartOf":{"@id":"https:\/\/nordlinepaadid.ee\/et\/#website"},"primaryImageOfPage":{"@id":"https:\/\/nordlinepaadid.ee\/et\/pood\/navigation-ru\/binoculars-ru\/merebinokkel-steiner-commander-7-x-50-kompass\/#primaryimage"},"image":{"@id":"https:\/\/nordlinepaadid.ee\/et\/pood\/navigation-ru\/binoculars-ru\/merebinokkel-steiner-commander-7-x-50-kompass\/#primaryimage"},"thumbnailUrl":"https:\/\/nordlinepaadid.ee\/wp-content\/uploads\/2025\/03\/9675_FN12215-1.png","datePublished":"2026-04-07T00:23:37+00:00","breadcrumb":{"@id":"https:\/\/nordlinepaadid.ee\/et\/pood\/navigation-ru\/binoculars-ru\/merebinokkel-steiner-commander-7-x-50-kompass\/#breadcrumb"},"inLanguage":"et","potentialAction":[{"@type":"ReadAction","target":["https:\/\/nordlinepaadid.ee\/et\/pood\/navigation-ru\/binoculars-ru\/merebinokkel-steiner-commander-7-x-50-kompass\/"]}]},{"@type":"ImageObject","inLanguage":"et","@id":"https:\/\/nordlinepaadid.ee\/et\/pood\/navigation-ru\/binoculars-ru\/merebinokkel-steiner-commander-7-x-50-kompass\/#primaryimage","url":"https:\/\/nordlinepaadid.ee\/wp-content\/uploads\/2025\/03\/9675_FN12215-1.png","contentUrl":"https:\/\/nordlinepaadid.ee\/wp-content\/uploads\/2025\/03\/9675_FN12215-1.png","width":800,"height":633},{"@type":"BreadcrumbList","@id":"https:\/\/nordlinepaadid.ee\/et\/pood\/navigation-ru\/binoculars-ru\/merebinokkel-steiner-commander-7-x-50-kompass\/#breadcrumb","itemListElement":[{"@type":"ListItem","position":1,"name":"Home","item":"https:\/\/nordlinepaadid.ee\/et\/"},{"@type":"ListItem","position":2,"name":"Pood","item":"https:\/\/nordlinepaadid.ee\/et\/pood\/"},{"@type":"ListItem","position":3,"name":"MEREBINOKKEL- STEINER COMMANDER 7 x 50, KOMPASS"}]},{"@type":"WebSite","@id":"https:\/\/nordlinepaadid.ee\/et\/#website","url":"https:\/\/nordlinepaadid.ee\/et\/","name":"NORDLINE s\u00f5udepaadid ja mootorpaadid. Klaasfiiber materjalist.","description":"","publisher":{"@id":"https:\/\/nordlinepaadid.ee\/et\/#organization"},"potentialAction":[{"@type":"SearchAction","target":{"@type":"EntryPoint","urlTemplate":"https:\/\/nordlinepaadid.ee\/et\/?s={search_term_string}"},"query-input":{"@type":"PropertyValueSpecification","valueRequired":true,"valueName":"search_term_string"}}],"inLanguage":"et"},{"@type":"Organization","@id":"https:\/\/nordlinepaadid.ee\/et\/#organization","name":"Nordlineboats","url":"https:\/\/nordlinepaadid.ee\/et\/","logo":{"@type":"ImageObject","inLanguage":"et","@id":"https:\/\/nordlinepaadid.ee\/et\/#\/schema\/logo\/image\/","url":"https:\/\/nordlinepaadid.ee\/wp-content\/uploads\/2023\/01\/fulllogo_transparent_nobuffer-e1672750475494.png","contentUrl":"https:\/\/nordlinepaadid.ee\/wp-content\/uploads\/2023\/01\/fulllogo_transparent_nobuffer-e1672750475494.png","width":150,"height":119,"caption":"Nordlineboats"},"image":{"@id":"https:\/\/nordlinepaadid.ee\/et\/#\/schema\/logo\/image\/"},"sameAs":["https:\/\/www.facebook.com\/nordlineboats","https:\/\/www.youtube.com\/channel\/UCbgF0fy02y3QkFnujaLTaCA"]}]}},"taxonomy_info":{"product_cat":[{"value":271,"label":"Binoklid, Vaatlusseadmed"},{"value":247,"label":"NAVIGATSIOONIVAHENDID"},{"value":820,"label":"\u0411\u0438\u043d\u043e\u043a\u043b\u0438"}],"pa_color":[{"value":683,"label":"Sinine"}],"pa_producer":[{"value":534,"label":"Steiner"}],"pa_unit":[{"value":416,"label":"pcs"}]},"featured_image_src_large":["https:\/\/nordlinepaadid.ee\/wp-content\/uploads\/2025\/03\/9675_FN12215-1.png",800,633,false],"author_info":[],"comment_info":"","_links":{"self":[{"href":"https:\/\/nordlinepaadid.ee\/et\/wp-json\/wp\/v2\/product\/47491","targetHints":{"allow":["GET"]}}],"collection":[{"href":"https:\/\/nordlinepaadid.ee\/et\/wp-json\/wp\/v2\/product"}],"about":[{"href":"https:\/\/nordlinepaadid.ee\/et\/wp-json\/wp\/v2\/types\/product"}],"wp:featuredmedia":[{"embeddable":true,"href":"https:\/\/nordlinepaadid.ee\/et\/wp-json\/wp\/v2\/media\/47499"}],"wp:attachment":[{"href":"https:\/\/nordlinepaadid.ee\/et\/wp-json\/wp\/v2\/media?parent=47491"}],"wp:term":[{"taxonomy":"product_brand","embeddable":true,"href":"https:\/\/nordlinepaadid.ee\/et\/wp-json\/wp\/v2\/product_brand?post=47491"},{"taxonomy":"product_cat","embeddable":true,"href":"https:\/\/nordlinepaadid.ee\/et\/wp-json\/wp\/v2\/product_cat?post=47491"},{"taxonomy":"product_tag","embeddable":true,"href":"https:\/\/nordlinepaadid.ee\/et\/wp-json\/wp\/v2\/product_tag?post=47491"}],"curies":[{"name":"wp","href":"https:\/\/api.w.org\/{rel}","templated":true}]}}