{"id":47533,"date":"2026-04-07T03:28:39","date_gmt":"2026-04-07T00:28:39","guid":{"rendered":"https:\/\/nordlinepaadid.ee\/toode\/maaratlemata\/kasipumbaga-wc-pott-lt-0-420-mm\/"},"modified":"2026-04-07T03:28:39","modified_gmt":"2026-04-07T00:28:39","slug":"kasipumbaga-wc-pott-lt-0-420-mm","status":"publish","type":"product","link":"https:\/\/nordlinepaadid.ee\/et\/pood\/pumbad-ja-sanitaartarvikud\/sinks-toilets-sanitary-fittings\/kasipumbaga-wc-pott-lt-0-420-mm\/","title":{"rendered":"K\u00c4SIPUMBAGA WC POTT, LT-0, 420 mm"},"content":{"rendered":"<p style=\"text-align:justify\">WC LT-0 on spetsiaalselt loodud pikaajaliseks kasutamiseks. Saab h\u00f5lpsasti paigaldada veepiirist k\u00f5rgemale v\u00f5i allapoole. Kui paigaldatakse veepiirist allapoole, on vaja kasutada sifoonivastast silmust, et v\u00e4ltida vee sissevoolu sisemusse. Selle tualeti saab paigaldada pumbaga kas portselankausi paremale v\u00f5i vasakule k\u00fcljele. Klapid on m\u00f5eldud pikemaks kasutuseaks. T\u00fchjenduskork on kiirkinnitusega lukustusmehhanismiga, mis h\u00f5lbustab ja t\u00f5hustab tualettide \u00e4ravoolu. K\u00f5ik osad on valmistatud korrosioonikindlatest materjalidest. M\u00f5\u00f5dud: K\u00f5rgus 420 mm, Laius 450 mm, S\u00fcgavus 340 mm.<\/p>\n<p>&#13;<\/p>\n","protected":false},"excerpt":{"rendered":"<p>WC LT-0 on spetsiaalselt loodud pikaajaliseks kasutamiseks. Saab h\u00f5lpsasti paigaldada veepiirist k\u00f5rgemale v\u00f5i allapoole. Kui paigaldatakse veepiirist allapoole, on vaja kasutada sifoonivastast silmust, et v\u00e4ltida vee sissevoolu sisemusse. Selle tualeti saab paigaldada pumbaga kas portselankausi paremale v\u00f5i vasakule k\u00fcljele. Klapid on m\u00f5eldud pikemaks kasutuseaks. T\u00fchjenduskork on kiirkinnitusega lukustusmehhanismiga, mis h\u00f5lbustab ja t\u00f5hustab tualettide \u00e4ravoolu. K\u00f5ik&#8230;<\/p>\n","protected":false},"featured_media":50946,"template":"","meta":{"_kad_blocks_custom_css":"","_kad_blocks_head_custom_js":"","_kad_blocks_body_custom_js":"","_kad_blocks_footer_custom_js":"","_kad_post_transparent":"","_kad_post_title":"","_kad_post_layout":"","_kad_post_sidebar_id":"","_kad_post_content_style":"","_kad_post_vertical_padding":"","_kad_post_feature":"","_kad_post_feature_position":"","_kad_post_header":false,"_kad_post_footer":false,"_kad_post_classname":""},"product_brand":[],"product_cat":[273,269],"product_tag":[],"class_list":{"0":"post-47533","1":"product","2":"type-product","3":"status-publish","4":"has-post-thumbnail","6":"product_cat-sinks-toilets-sanitary-fittings","7":"product_cat-pumbad-ja-sanitaartarvikud","8":"pa_producer-lalizas","9":"pa_unit-pcs","10":"tm-no-options","12":"first","13":"instock","14":"sale","15":"taxable","16":"shipping-taxable","17":"purchasable","18":"product-type-simple","19":"entry","20":"content-bg","21":"loop-entry"},"yoast_head":"<!-- This site is optimized with the Yoast SEO plugin v27.3 - https:\/\/yoast.com\/product\/yoast-seo-wordpress\/ -->\n<title>K\u00c4SIPUMBAGA WC POTT, LT-0, 420 mm - NORDLINE s\u00f5udepaadid ja mootorpaadid. Klaasfiiber materjalist.<\/title>\n<meta name=\"robots\" content=\"index, follow, max-snippet:-1, max-image-preview:large, max-video-preview:-1\" \/>\n<link rel=\"canonical\" href=\"https:\/\/nordlinepaadid.ee\/et\/pood\/pumbad-ja-sanitaartarvikud\/sinks-toilets-sanitary-fittings\/kasipumbaga-wc-pott-lt-0-420-mm\/\" \/>\n<meta property=\"og:locale\" content=\"et_EE\" \/>\n<meta property=\"og:type\" content=\"article\" \/>\n<meta property=\"og:title\" content=\"K\u00c4SIPUMBAGA WC POTT, LT-0, 420 mm - NORDLINE s\u00f5udepaadid ja mootorpaadid. Klaasfiiber materjalist.\" \/>\n<meta property=\"og:description\" content=\"WC LT-0 on spetsiaalselt loodud pikaajaliseks kasutamiseks. Saab h\u00f5lpsasti paigaldada veepiirist k\u00f5rgemale v\u00f5i allapoole. Kui paigaldatakse veepiirist allapoole, on vaja kasutada sifoonivastast silmust, et v\u00e4ltida vee sissevoolu sisemusse. Selle tualeti saab paigaldada pumbaga kas portselankausi paremale v\u00f5i vasakule k\u00fcljele. Klapid on m\u00f5eldud pikemaks kasutuseaks. T\u00fchjenduskork on kiirkinnitusega lukustusmehhanismiga, mis h\u00f5lbustab ja t\u00f5hustab tualettide \u00e4ravoolu. K\u00f5ik...\" \/>\n<meta property=\"og:url\" content=\"https:\/\/nordlinepaadid.ee\/et\/pood\/pumbad-ja-sanitaartarvikud\/sinks-toilets-sanitary-fittings\/kasipumbaga-wc-pott-lt-0-420-mm\/\" \/>\n<meta property=\"og:site_name\" content=\"NORDLINE s\u00f5udepaadid ja mootorpaadid. Klaasfiiber materjalist.\" \/>\n<meta property=\"article:publisher\" content=\"https:\/\/www.facebook.com\/nordlineboats\" \/>\n<meta property=\"og:image\" content=\"https:\/\/nordlinepaadid.ee\/wp-content\/uploads\/2025\/03\/12350_L11510-1.jpg\" \/>\n\t<meta property=\"og:image:width\" content=\"800\" \/>\n\t<meta property=\"og:image:height\" content=\"800\" \/>\n\t<meta property=\"og:image:type\" content=\"image\/jpeg\" \/>\n<meta name=\"twitter:card\" content=\"summary_large_image\" \/>\n<script type=\"application\/ld+json\" class=\"yoast-schema-graph\">{\"@context\":\"https:\\\/\\\/schema.org\",\"@graph\":[{\"@type\":\"WebPage\",\"@id\":\"https:\\\/\\\/nordlinepaadid.ee\\\/et\\\/pood\\\/pumbad-ja-sanitaartarvikud\\\/sinks-toilets-sanitary-fittings\\\/kasipumbaga-wc-pott-lt-0-420-mm\\\/\",\"url\":\"https:\\\/\\\/nordlinepaadid.ee\\\/et\\\/pood\\\/pumbad-ja-sanitaartarvikud\\\/sinks-toilets-sanitary-fittings\\\/kasipumbaga-wc-pott-lt-0-420-mm\\\/\",\"name\":\"K\u00c4SIPUMBAGA WC POTT, LT-0, 420 mm - NORDLINE s\u00f5udepaadid ja mootorpaadid. Klaasfiiber materjalist.\",\"isPartOf\":{\"@id\":\"https:\\\/\\\/nordlinepaadid.ee\\\/et\\\/#website\"},\"primaryImageOfPage\":{\"@id\":\"https:\\\/\\\/nordlinepaadid.ee\\\/et\\\/pood\\\/pumbad-ja-sanitaartarvikud\\\/sinks-toilets-sanitary-fittings\\\/kasipumbaga-wc-pott-lt-0-420-mm\\\/#primaryimage\"},\"image\":{\"@id\":\"https:\\\/\\\/nordlinepaadid.ee\\\/et\\\/pood\\\/pumbad-ja-sanitaartarvikud\\\/sinks-toilets-sanitary-fittings\\\/kasipumbaga-wc-pott-lt-0-420-mm\\\/#primaryimage\"},\"thumbnailUrl\":\"https:\\\/\\\/nordlinepaadid.ee\\\/wp-content\\\/uploads\\\/2025\\\/03\\\/12350_L11510-1.jpg\",\"datePublished\":\"2026-04-07T00:28:39+00:00\",\"breadcrumb\":{\"@id\":\"https:\\\/\\\/nordlinepaadid.ee\\\/et\\\/pood\\\/pumbad-ja-sanitaartarvikud\\\/sinks-toilets-sanitary-fittings\\\/kasipumbaga-wc-pott-lt-0-420-mm\\\/#breadcrumb\"},\"inLanguage\":\"et\",\"potentialAction\":[{\"@type\":\"ReadAction\",\"target\":[\"https:\\\/\\\/nordlinepaadid.ee\\\/et\\\/pood\\\/pumbad-ja-sanitaartarvikud\\\/sinks-toilets-sanitary-fittings\\\/kasipumbaga-wc-pott-lt-0-420-mm\\\/\"]}]},{\"@type\":\"ImageObject\",\"inLanguage\":\"et\",\"@id\":\"https:\\\/\\\/nordlinepaadid.ee\\\/et\\\/pood\\\/pumbad-ja-sanitaartarvikud\\\/sinks-toilets-sanitary-fittings\\\/kasipumbaga-wc-pott-lt-0-420-mm\\\/#primaryimage\",\"url\":\"https:\\\/\\\/nordlinepaadid.ee\\\/wp-content\\\/uploads\\\/2025\\\/03\\\/12350_L11510-1.jpg\",\"contentUrl\":\"https:\\\/\\\/nordlinepaadid.ee\\\/wp-content\\\/uploads\\\/2025\\\/03\\\/12350_L11510-1.jpg\",\"width\":800,\"height\":800},{\"@type\":\"BreadcrumbList\",\"@id\":\"https:\\\/\\\/nordlinepaadid.ee\\\/et\\\/pood\\\/pumbad-ja-sanitaartarvikud\\\/sinks-toilets-sanitary-fittings\\\/kasipumbaga-wc-pott-lt-0-420-mm\\\/#breadcrumb\",\"itemListElement\":[{\"@type\":\"ListItem\",\"position\":1,\"name\":\"Home\",\"item\":\"https:\\\/\\\/nordlinepaadid.ee\\\/et\\\/\"},{\"@type\":\"ListItem\",\"position\":2,\"name\":\"Pood\",\"item\":\"https:\\\/\\\/nordlinepaadid.ee\\\/et\\\/pood\\\/\"},{\"@type\":\"ListItem\",\"position\":3,\"name\":\"K\u00c4SIPUMBAGA WC POTT, LT-0, 420 mm\"}]},{\"@type\":\"WebSite\",\"@id\":\"https:\\\/\\\/nordlinepaadid.ee\\\/et\\\/#website\",\"url\":\"https:\\\/\\\/nordlinepaadid.ee\\\/et\\\/\",\"name\":\"NORDLINE s\u00f5udepaadid ja mootorpaadid. Klaasfiiber materjalist.\",\"description\":\"\",\"publisher\":{\"@id\":\"https:\\\/\\\/nordlinepaadid.ee\\\/et\\\/#organization\"},\"potentialAction\":[{\"@type\":\"SearchAction\",\"target\":{\"@type\":\"EntryPoint\",\"urlTemplate\":\"https:\\\/\\\/nordlinepaadid.ee\\\/et\\\/?s={search_term_string}\"},\"query-input\":{\"@type\":\"PropertyValueSpecification\",\"valueRequired\":true,\"valueName\":\"search_term_string\"}}],\"inLanguage\":\"et\"},{\"@type\":\"Organization\",\"@id\":\"https:\\\/\\\/nordlinepaadid.ee\\\/et\\\/#organization\",\"name\":\"Nordlineboats\",\"url\":\"https:\\\/\\\/nordlinepaadid.ee\\\/et\\\/\",\"logo\":{\"@type\":\"ImageObject\",\"inLanguage\":\"et\",\"@id\":\"https:\\\/\\\/nordlinepaadid.ee\\\/et\\\/#\\\/schema\\\/logo\\\/image\\\/\",\"url\":\"https:\\\/\\\/nordlinepaadid.ee\\\/wp-content\\\/uploads\\\/2023\\\/01\\\/fulllogo_transparent_nobuffer-e1672750475494.png\",\"contentUrl\":\"https:\\\/\\\/nordlinepaadid.ee\\\/wp-content\\\/uploads\\\/2023\\\/01\\\/fulllogo_transparent_nobuffer-e1672750475494.png\",\"width\":150,\"height\":119,\"caption\":\"Nordlineboats\"},\"image\":{\"@id\":\"https:\\\/\\\/nordlinepaadid.ee\\\/et\\\/#\\\/schema\\\/logo\\\/image\\\/\"},\"sameAs\":[\"https:\\\/\\\/www.facebook.com\\\/nordlineboats\",\"https:\\\/\\\/www.youtube.com\\\/channel\\\/UCbgF0fy02y3QkFnujaLTaCA\"]}]}<\/script>\n<!-- \/ Yoast SEO plugin. -->","yoast_head_json":{"title":"K\u00c4SIPUMBAGA WC POTT, LT-0, 420 mm - NORDLINE s\u00f5udepaadid ja mootorpaadid. Klaasfiiber materjalist.","robots":{"index":"index","follow":"follow","max-snippet":"max-snippet:-1","max-image-preview":"max-image-preview:large","max-video-preview":"max-video-preview:-1"},"canonical":"https:\/\/nordlinepaadid.ee\/et\/pood\/pumbad-ja-sanitaartarvikud\/sinks-toilets-sanitary-fittings\/kasipumbaga-wc-pott-lt-0-420-mm\/","og_locale":"et_EE","og_type":"article","og_title":"K\u00c4SIPUMBAGA WC POTT, LT-0, 420 mm - NORDLINE s\u00f5udepaadid ja mootorpaadid. Klaasfiiber materjalist.","og_description":"WC LT-0 on spetsiaalselt loodud pikaajaliseks kasutamiseks. Saab h\u00f5lpsasti paigaldada veepiirist k\u00f5rgemale v\u00f5i allapoole. Kui paigaldatakse veepiirist allapoole, on vaja kasutada sifoonivastast silmust, et v\u00e4ltida vee sissevoolu sisemusse. Selle tualeti saab paigaldada pumbaga kas portselankausi paremale v\u00f5i vasakule k\u00fcljele. Klapid on m\u00f5eldud pikemaks kasutuseaks. T\u00fchjenduskork on kiirkinnitusega lukustusmehhanismiga, mis h\u00f5lbustab ja t\u00f5hustab tualettide \u00e4ravoolu. K\u00f5ik...","og_url":"https:\/\/nordlinepaadid.ee\/et\/pood\/pumbad-ja-sanitaartarvikud\/sinks-toilets-sanitary-fittings\/kasipumbaga-wc-pott-lt-0-420-mm\/","og_site_name":"NORDLINE s\u00f5udepaadid ja mootorpaadid. Klaasfiiber materjalist.","article_publisher":"https:\/\/www.facebook.com\/nordlineboats","og_image":[{"width":800,"height":800,"url":"https:\/\/nordlinepaadid.ee\/wp-content\/uploads\/2025\/03\/12350_L11510-1.jpg","type":"image\/jpeg"}],"twitter_card":"summary_large_image","schema":{"@context":"https:\/\/schema.org","@graph":[{"@type":"WebPage","@id":"https:\/\/nordlinepaadid.ee\/et\/pood\/pumbad-ja-sanitaartarvikud\/sinks-toilets-sanitary-fittings\/kasipumbaga-wc-pott-lt-0-420-mm\/","url":"https:\/\/nordlinepaadid.ee\/et\/pood\/pumbad-ja-sanitaartarvikud\/sinks-toilets-sanitary-fittings\/kasipumbaga-wc-pott-lt-0-420-mm\/","name":"K\u00c4SIPUMBAGA WC POTT, LT-0, 420 mm - NORDLINE s\u00f5udepaadid ja mootorpaadid. Klaasfiiber materjalist.","isPartOf":{"@id":"https:\/\/nordlinepaadid.ee\/et\/#website"},"primaryImageOfPage":{"@id":"https:\/\/nordlinepaadid.ee\/et\/pood\/pumbad-ja-sanitaartarvikud\/sinks-toilets-sanitary-fittings\/kasipumbaga-wc-pott-lt-0-420-mm\/#primaryimage"},"image":{"@id":"https:\/\/nordlinepaadid.ee\/et\/pood\/pumbad-ja-sanitaartarvikud\/sinks-toilets-sanitary-fittings\/kasipumbaga-wc-pott-lt-0-420-mm\/#primaryimage"},"thumbnailUrl":"https:\/\/nordlinepaadid.ee\/wp-content\/uploads\/2025\/03\/12350_L11510-1.jpg","datePublished":"2026-04-07T00:28:39+00:00","breadcrumb":{"@id":"https:\/\/nordlinepaadid.ee\/et\/pood\/pumbad-ja-sanitaartarvikud\/sinks-toilets-sanitary-fittings\/kasipumbaga-wc-pott-lt-0-420-mm\/#breadcrumb"},"inLanguage":"et","potentialAction":[{"@type":"ReadAction","target":["https:\/\/nordlinepaadid.ee\/et\/pood\/pumbad-ja-sanitaartarvikud\/sinks-toilets-sanitary-fittings\/kasipumbaga-wc-pott-lt-0-420-mm\/"]}]},{"@type":"ImageObject","inLanguage":"et","@id":"https:\/\/nordlinepaadid.ee\/et\/pood\/pumbad-ja-sanitaartarvikud\/sinks-toilets-sanitary-fittings\/kasipumbaga-wc-pott-lt-0-420-mm\/#primaryimage","url":"https:\/\/nordlinepaadid.ee\/wp-content\/uploads\/2025\/03\/12350_L11510-1.jpg","contentUrl":"https:\/\/nordlinepaadid.ee\/wp-content\/uploads\/2025\/03\/12350_L11510-1.jpg","width":800,"height":800},{"@type":"BreadcrumbList","@id":"https:\/\/nordlinepaadid.ee\/et\/pood\/pumbad-ja-sanitaartarvikud\/sinks-toilets-sanitary-fittings\/kasipumbaga-wc-pott-lt-0-420-mm\/#breadcrumb","itemListElement":[{"@type":"ListItem","position":1,"name":"Home","item":"https:\/\/nordlinepaadid.ee\/et\/"},{"@type":"ListItem","position":2,"name":"Pood","item":"https:\/\/nordlinepaadid.ee\/et\/pood\/"},{"@type":"ListItem","position":3,"name":"K\u00c4SIPUMBAGA WC POTT, LT-0, 420 mm"}]},{"@type":"WebSite","@id":"https:\/\/nordlinepaadid.ee\/et\/#website","url":"https:\/\/nordlinepaadid.ee\/et\/","name":"NORDLINE s\u00f5udepaadid ja mootorpaadid. Klaasfiiber materjalist.","description":"","publisher":{"@id":"https:\/\/nordlinepaadid.ee\/et\/#organization"},"potentialAction":[{"@type":"SearchAction","target":{"@type":"EntryPoint","urlTemplate":"https:\/\/nordlinepaadid.ee\/et\/?s={search_term_string}"},"query-input":{"@type":"PropertyValueSpecification","valueRequired":true,"valueName":"search_term_string"}}],"inLanguage":"et"},{"@type":"Organization","@id":"https:\/\/nordlinepaadid.ee\/et\/#organization","name":"Nordlineboats","url":"https:\/\/nordlinepaadid.ee\/et\/","logo":{"@type":"ImageObject","inLanguage":"et","@id":"https:\/\/nordlinepaadid.ee\/et\/#\/schema\/logo\/image\/","url":"https:\/\/nordlinepaadid.ee\/wp-content\/uploads\/2023\/01\/fulllogo_transparent_nobuffer-e1672750475494.png","contentUrl":"https:\/\/nordlinepaadid.ee\/wp-content\/uploads\/2023\/01\/fulllogo_transparent_nobuffer-e1672750475494.png","width":150,"height":119,"caption":"Nordlineboats"},"image":{"@id":"https:\/\/nordlinepaadid.ee\/et\/#\/schema\/logo\/image\/"},"sameAs":["https:\/\/www.facebook.com\/nordlineboats","https:\/\/www.youtube.com\/channel\/UCbgF0fy02y3QkFnujaLTaCA"]}]}},"taxonomy_info":{"product_cat":[{"value":273,"label":"Kraanikausid, WC potid, Sanitaartarvikud"},{"value":269,"label":"PUMBAD JA SANITAARTARVIKUD"}],"pa_producer":[{"value":444,"label":"Lalizas"}],"pa_unit":[{"value":416,"label":"pcs"}]},"featured_image_src_large":["https:\/\/nordlinepaadid.ee\/wp-content\/uploads\/2025\/03\/12350_L11510-1.jpg",800,800,false],"author_info":[],"comment_info":"","_links":{"self":[{"href":"https:\/\/nordlinepaadid.ee\/et\/wp-json\/wp\/v2\/product\/47533","targetHints":{"allow":["GET"]}}],"collection":[{"href":"https:\/\/nordlinepaadid.ee\/et\/wp-json\/wp\/v2\/product"}],"about":[{"href":"https:\/\/nordlinepaadid.ee\/et\/wp-json\/wp\/v2\/types\/product"}],"wp:featuredmedia":[{"embeddable":true,"href":"https:\/\/nordlinepaadid.ee\/et\/wp-json\/wp\/v2\/media\/50946"}],"wp:attachment":[{"href":"https:\/\/nordlinepaadid.ee\/et\/wp-json\/wp\/v2\/media?parent=47533"}],"wp:term":[{"taxonomy":"product_brand","embeddable":true,"href":"https:\/\/nordlinepaadid.ee\/et\/wp-json\/wp\/v2\/product_brand?post=47533"},{"taxonomy":"product_cat","embeddable":true,"href":"https:\/\/nordlinepaadid.ee\/et\/wp-json\/wp\/v2\/product_cat?post=47533"},{"taxonomy":"product_tag","embeddable":true,"href":"https:\/\/nordlinepaadid.ee\/et\/wp-json\/wp\/v2\/product_tag?post=47533"}],"curies":[{"name":"wp","href":"https:\/\/api.w.org\/{rel}","templated":true}]}}