{"id":47609,"date":"2026-04-14T03:28:32","date_gmt":"2026-04-14T00:28:32","guid":{"rendered":"https:\/\/nordlinepaadid.ee\/toode\/maaratlemata\/binokkel-marine-optisan-britec-pm-7-x-50-kompass\/"},"modified":"2026-04-14T12:05:53","modified_gmt":"2026-04-14T09:05:53","slug":"binokkel-marine-optisan-britec-pm-7-x-50-kompass","status":"publish","type":"product","link":"https:\/\/nordlinepaadid.ee\/et\/pood\/navigation-ru\/binoculars-ru\/binokkel-marine-optisan-britec-pm-7-x-50-kompass\/","title":{"rendered":"BINOKKEL-  MARINE OPTISAN BRITEC PM, 7 x 50, KOMPASS"},"content":{"rendered":"<p style=\"text-align:justify\">Varustatud mitmekordse kattega, suurte l\u00e4\u00e4tsede ja Bak4 Porroprismiga, mis tagab suurep\u00e4rase valguse kogumise. Spetsiaalne prismade kattekiht annab terava ja ereda pildi alates 7 m. Kummist silmaklapid tagavad prillide\/p\u00e4ikeseprillide kasutajatele laia vaatev\u00e4lja. Varustatud k\u00fclje silmaklapiga, et v\u00e4ltida pimestamist ja parandada vaadet. Libisemiskindel ja l\u00f6\u00f6ke neelav kumm, mis on t\u00e4ielikult soomustatud turvalise ja mugava haarde tagamiseks. Veekindel IPx7. Integreeritud valgustatud magnetkompassi ja sihikuga versioon. Suurendus: 7 x; Objektiivi diameeter: 50 mm; Vaatenurk: 6,6\u00b0 ; Vaatev\u00e4li &#8211; 115 m; M\u00f5\u00f5dud: 200 x 176 x 64 m; Diopterv\u00e4\u00e4rtus: -2 \/ +2; L\u00e4him vaatekaugus: 7 m; Kaal: 730 g.<\/p>\n<p>&#13;<\/p>\n","protected":false},"excerpt":{"rendered":"<p>Varustatud mitmekordse kattega, suurte l\u00e4\u00e4tsede ja Bak4 Porroprismiga, mis tagab suurep\u00e4rase valguse kogumise. Spetsiaalne prismade kattekiht annab terava ja ereda pildi alates 7 m. Kummist silmaklapid tagavad prillide\/p\u00e4ikeseprillide kasutajatele laia vaatev\u00e4lja. Varustatud k\u00fclje silmaklapiga, et v\u00e4ltida pimestamist ja parandada vaadet. Libisemiskindel ja l\u00f6\u00f6ke neelav kumm, mis on t\u00e4ielikult soomustatud turvalise ja mugava haarde tagamiseks. Veekindel&#8230;<\/p>\n","protected":false},"featured_media":51006,"template":"","meta":{"_kad_blocks_custom_css":"","_kad_blocks_head_custom_js":"","_kad_blocks_body_custom_js":"","_kad_blocks_footer_custom_js":"","_kad_post_transparent":"","_kad_post_title":"","_kad_post_layout":"","_kad_post_sidebar_id":"","_kad_post_content_style":"","_kad_post_vertical_padding":"","_kad_post_feature":"","_kad_post_feature_position":"","_kad_post_header":false,"_kad_post_footer":false,"_kad_post_classname":""},"product_brand":[],"product_cat":[271,247,820],"product_tag":[],"class_list":{"0":"post-47609","1":"product","2":"type-product","3":"status-publish","4":"has-post-thumbnail","6":"product_cat-binoklid","7":"product_cat-navigatsiooni-vahendid","8":"product_cat-binoculars-ru","9":"pa_color-kollane","10":"pa_producer-lindemann","11":"pa_unit-pcs","12":"tm-no-options","14":"first","15":"onbackorder","16":"taxable","17":"shipping-taxable","18":"purchasable","19":"product-type-simple","20":"entry","21":"content-bg","22":"loop-entry"},"yoast_head":"<!-- This site is optimized with the Yoast SEO plugin v27.3 - https:\/\/yoast.com\/product\/yoast-seo-wordpress\/ -->\n<title>BINOKKEL- MARINE OPTISAN BRITEC PM, 7 x 50, KOMPASS - NORDLINE s\u00f5udepaadid ja mootorpaadid. Klaasfiiber materjalist.<\/title>\n<meta name=\"robots\" content=\"index, follow, max-snippet:-1, max-image-preview:large, max-video-preview:-1\" \/>\n<link rel=\"canonical\" href=\"https:\/\/nordlinepaadid.ee\/et\/pood\/navigation-ru\/binoculars-ru\/binokkel-marine-optisan-britec-pm-7-x-50-kompass\/\" \/>\n<meta property=\"og:locale\" content=\"et_EE\" \/>\n<meta property=\"og:type\" content=\"article\" \/>\n<meta property=\"og:title\" content=\"BINOKKEL- MARINE OPTISAN BRITEC PM, 7 x 50, KOMPASS - NORDLINE s\u00f5udepaadid ja mootorpaadid. Klaasfiiber materjalist.\" \/>\n<meta property=\"og:description\" content=\"Varustatud mitmekordse kattega, suurte l\u00e4\u00e4tsede ja Bak4 Porroprismiga, mis tagab suurep\u00e4rase valguse kogumise. Spetsiaalne prismade kattekiht annab terava ja ereda pildi alates 7 m. Kummist silmaklapid tagavad prillide\/p\u00e4ikeseprillide kasutajatele laia vaatev\u00e4lja. Varustatud k\u00fclje silmaklapiga, et v\u00e4ltida pimestamist ja parandada vaadet. Libisemiskindel ja l\u00f6\u00f6ke neelav kumm, mis on t\u00e4ielikult soomustatud turvalise ja mugava haarde tagamiseks. Veekindel...\" \/>\n<meta property=\"og:url\" content=\"https:\/\/nordlinepaadid.ee\/et\/pood\/navigation-ru\/binoculars-ru\/binokkel-marine-optisan-britec-pm-7-x-50-kompass\/\" \/>\n<meta property=\"og:site_name\" content=\"NORDLINE s\u00f5udepaadid ja mootorpaadid. Klaasfiiber materjalist.\" \/>\n<meta property=\"article:publisher\" content=\"https:\/\/www.facebook.com\/nordlineboats\" \/>\n<meta property=\"article:modified_time\" content=\"2026-04-14T09:05:53+00:00\" \/>\n<meta property=\"og:image\" content=\"https:\/\/nordlinepaadid.ee\/wp-content\/uploads\/2025\/03\/12384_LMXP3750-1.jpg\" \/>\n\t<meta property=\"og:image:width\" content=\"450\" \/>\n\t<meta property=\"og:image:height\" content=\"450\" \/>\n\t<meta property=\"og:image:type\" content=\"image\/jpeg\" \/>\n<meta name=\"twitter:card\" content=\"summary_large_image\" \/>\n<script type=\"application\/ld+json\" class=\"yoast-schema-graph\">{\"@context\":\"https:\\\/\\\/schema.org\",\"@graph\":[{\"@type\":\"WebPage\",\"@id\":\"https:\\\/\\\/nordlinepaadid.ee\\\/et\\\/pood\\\/navigation-ru\\\/binoculars-ru\\\/binokkel-marine-optisan-britec-pm-7-x-50-kompass\\\/\",\"url\":\"https:\\\/\\\/nordlinepaadid.ee\\\/et\\\/pood\\\/navigation-ru\\\/binoculars-ru\\\/binokkel-marine-optisan-britec-pm-7-x-50-kompass\\\/\",\"name\":\"BINOKKEL- MARINE OPTISAN BRITEC PM, 7 x 50, KOMPASS - NORDLINE s\u00f5udepaadid ja mootorpaadid. Klaasfiiber materjalist.\",\"isPartOf\":{\"@id\":\"https:\\\/\\\/nordlinepaadid.ee\\\/et\\\/#website\"},\"primaryImageOfPage\":{\"@id\":\"https:\\\/\\\/nordlinepaadid.ee\\\/et\\\/pood\\\/navigation-ru\\\/binoculars-ru\\\/binokkel-marine-optisan-britec-pm-7-x-50-kompass\\\/#primaryimage\"},\"image\":{\"@id\":\"https:\\\/\\\/nordlinepaadid.ee\\\/et\\\/pood\\\/navigation-ru\\\/binoculars-ru\\\/binokkel-marine-optisan-britec-pm-7-x-50-kompass\\\/#primaryimage\"},\"thumbnailUrl\":\"https:\\\/\\\/nordlinepaadid.ee\\\/wp-content\\\/uploads\\\/2025\\\/03\\\/12384_LMXP3750-1.jpg\",\"datePublished\":\"2026-04-14T00:28:32+00:00\",\"dateModified\":\"2026-04-14T09:05:53+00:00\",\"breadcrumb\":{\"@id\":\"https:\\\/\\\/nordlinepaadid.ee\\\/et\\\/pood\\\/navigation-ru\\\/binoculars-ru\\\/binokkel-marine-optisan-britec-pm-7-x-50-kompass\\\/#breadcrumb\"},\"inLanguage\":\"et\",\"potentialAction\":[{\"@type\":\"ReadAction\",\"target\":[\"https:\\\/\\\/nordlinepaadid.ee\\\/et\\\/pood\\\/navigation-ru\\\/binoculars-ru\\\/binokkel-marine-optisan-britec-pm-7-x-50-kompass\\\/\"]}]},{\"@type\":\"ImageObject\",\"inLanguage\":\"et\",\"@id\":\"https:\\\/\\\/nordlinepaadid.ee\\\/et\\\/pood\\\/navigation-ru\\\/binoculars-ru\\\/binokkel-marine-optisan-britec-pm-7-x-50-kompass\\\/#primaryimage\",\"url\":\"https:\\\/\\\/nordlinepaadid.ee\\\/wp-content\\\/uploads\\\/2025\\\/03\\\/12384_LMXP3750-1.jpg\",\"contentUrl\":\"https:\\\/\\\/nordlinepaadid.ee\\\/wp-content\\\/uploads\\\/2025\\\/03\\\/12384_LMXP3750-1.jpg\",\"width\":450,\"height\":450},{\"@type\":\"BreadcrumbList\",\"@id\":\"https:\\\/\\\/nordlinepaadid.ee\\\/et\\\/pood\\\/navigation-ru\\\/binoculars-ru\\\/binokkel-marine-optisan-britec-pm-7-x-50-kompass\\\/#breadcrumb\",\"itemListElement\":[{\"@type\":\"ListItem\",\"position\":1,\"name\":\"Home\",\"item\":\"https:\\\/\\\/nordlinepaadid.ee\\\/et\\\/\"},{\"@type\":\"ListItem\",\"position\":2,\"name\":\"Pood\",\"item\":\"https:\\\/\\\/nordlinepaadid.ee\\\/et\\\/pood\\\/\"},{\"@type\":\"ListItem\",\"position\":3,\"name\":\"BINOKKEL- MARINE OPTISAN BRITEC PM, 7 x 50, KOMPASS\"}]},{\"@type\":\"WebSite\",\"@id\":\"https:\\\/\\\/nordlinepaadid.ee\\\/et\\\/#website\",\"url\":\"https:\\\/\\\/nordlinepaadid.ee\\\/et\\\/\",\"name\":\"NORDLINE s\u00f5udepaadid ja mootorpaadid. Klaasfiiber materjalist.\",\"description\":\"\",\"publisher\":{\"@id\":\"https:\\\/\\\/nordlinepaadid.ee\\\/et\\\/#organization\"},\"potentialAction\":[{\"@type\":\"SearchAction\",\"target\":{\"@type\":\"EntryPoint\",\"urlTemplate\":\"https:\\\/\\\/nordlinepaadid.ee\\\/et\\\/?s={search_term_string}\"},\"query-input\":{\"@type\":\"PropertyValueSpecification\",\"valueRequired\":true,\"valueName\":\"search_term_string\"}}],\"inLanguage\":\"et\"},{\"@type\":\"Organization\",\"@id\":\"https:\\\/\\\/nordlinepaadid.ee\\\/et\\\/#organization\",\"name\":\"Nordlineboats\",\"url\":\"https:\\\/\\\/nordlinepaadid.ee\\\/et\\\/\",\"logo\":{\"@type\":\"ImageObject\",\"inLanguage\":\"et\",\"@id\":\"https:\\\/\\\/nordlinepaadid.ee\\\/et\\\/#\\\/schema\\\/logo\\\/image\\\/\",\"url\":\"https:\\\/\\\/nordlinepaadid.ee\\\/wp-content\\\/uploads\\\/2023\\\/01\\\/fulllogo_transparent_nobuffer-e1672750475494.png\",\"contentUrl\":\"https:\\\/\\\/nordlinepaadid.ee\\\/wp-content\\\/uploads\\\/2023\\\/01\\\/fulllogo_transparent_nobuffer-e1672750475494.png\",\"width\":150,\"height\":119,\"caption\":\"Nordlineboats\"},\"image\":{\"@id\":\"https:\\\/\\\/nordlinepaadid.ee\\\/et\\\/#\\\/schema\\\/logo\\\/image\\\/\"},\"sameAs\":[\"https:\\\/\\\/www.facebook.com\\\/nordlineboats\",\"https:\\\/\\\/www.youtube.com\\\/channel\\\/UCbgF0fy02y3QkFnujaLTaCA\"]}]}<\/script>\n<!-- \/ Yoast SEO plugin. -->","yoast_head_json":{"title":"BINOKKEL- MARINE OPTISAN BRITEC PM, 7 x 50, KOMPASS - NORDLINE s\u00f5udepaadid ja mootorpaadid. Klaasfiiber materjalist.","robots":{"index":"index","follow":"follow","max-snippet":"max-snippet:-1","max-image-preview":"max-image-preview:large","max-video-preview":"max-video-preview:-1"},"canonical":"https:\/\/nordlinepaadid.ee\/et\/pood\/navigation-ru\/binoculars-ru\/binokkel-marine-optisan-britec-pm-7-x-50-kompass\/","og_locale":"et_EE","og_type":"article","og_title":"BINOKKEL- MARINE OPTISAN BRITEC PM, 7 x 50, KOMPASS - NORDLINE s\u00f5udepaadid ja mootorpaadid. Klaasfiiber materjalist.","og_description":"Varustatud mitmekordse kattega, suurte l\u00e4\u00e4tsede ja Bak4 Porroprismiga, mis tagab suurep\u00e4rase valguse kogumise. Spetsiaalne prismade kattekiht annab terava ja ereda pildi alates 7 m. Kummist silmaklapid tagavad prillide\/p\u00e4ikeseprillide kasutajatele laia vaatev\u00e4lja. Varustatud k\u00fclje silmaklapiga, et v\u00e4ltida pimestamist ja parandada vaadet. Libisemiskindel ja l\u00f6\u00f6ke neelav kumm, mis on t\u00e4ielikult soomustatud turvalise ja mugava haarde tagamiseks. Veekindel...","og_url":"https:\/\/nordlinepaadid.ee\/et\/pood\/navigation-ru\/binoculars-ru\/binokkel-marine-optisan-britec-pm-7-x-50-kompass\/","og_site_name":"NORDLINE s\u00f5udepaadid ja mootorpaadid. Klaasfiiber materjalist.","article_publisher":"https:\/\/www.facebook.com\/nordlineboats","article_modified_time":"2026-04-14T09:05:53+00:00","og_image":[{"width":450,"height":450,"url":"https:\/\/nordlinepaadid.ee\/wp-content\/uploads\/2025\/03\/12384_LMXP3750-1.jpg","type":"image\/jpeg"}],"twitter_card":"summary_large_image","schema":{"@context":"https:\/\/schema.org","@graph":[{"@type":"WebPage","@id":"https:\/\/nordlinepaadid.ee\/et\/pood\/navigation-ru\/binoculars-ru\/binokkel-marine-optisan-britec-pm-7-x-50-kompass\/","url":"https:\/\/nordlinepaadid.ee\/et\/pood\/navigation-ru\/binoculars-ru\/binokkel-marine-optisan-britec-pm-7-x-50-kompass\/","name":"BINOKKEL- MARINE OPTISAN BRITEC PM, 7 x 50, KOMPASS - NORDLINE s\u00f5udepaadid ja mootorpaadid. Klaasfiiber materjalist.","isPartOf":{"@id":"https:\/\/nordlinepaadid.ee\/et\/#website"},"primaryImageOfPage":{"@id":"https:\/\/nordlinepaadid.ee\/et\/pood\/navigation-ru\/binoculars-ru\/binokkel-marine-optisan-britec-pm-7-x-50-kompass\/#primaryimage"},"image":{"@id":"https:\/\/nordlinepaadid.ee\/et\/pood\/navigation-ru\/binoculars-ru\/binokkel-marine-optisan-britec-pm-7-x-50-kompass\/#primaryimage"},"thumbnailUrl":"https:\/\/nordlinepaadid.ee\/wp-content\/uploads\/2025\/03\/12384_LMXP3750-1.jpg","datePublished":"2026-04-14T00:28:32+00:00","dateModified":"2026-04-14T09:05:53+00:00","breadcrumb":{"@id":"https:\/\/nordlinepaadid.ee\/et\/pood\/navigation-ru\/binoculars-ru\/binokkel-marine-optisan-britec-pm-7-x-50-kompass\/#breadcrumb"},"inLanguage":"et","potentialAction":[{"@type":"ReadAction","target":["https:\/\/nordlinepaadid.ee\/et\/pood\/navigation-ru\/binoculars-ru\/binokkel-marine-optisan-britec-pm-7-x-50-kompass\/"]}]},{"@type":"ImageObject","inLanguage":"et","@id":"https:\/\/nordlinepaadid.ee\/et\/pood\/navigation-ru\/binoculars-ru\/binokkel-marine-optisan-britec-pm-7-x-50-kompass\/#primaryimage","url":"https:\/\/nordlinepaadid.ee\/wp-content\/uploads\/2025\/03\/12384_LMXP3750-1.jpg","contentUrl":"https:\/\/nordlinepaadid.ee\/wp-content\/uploads\/2025\/03\/12384_LMXP3750-1.jpg","width":450,"height":450},{"@type":"BreadcrumbList","@id":"https:\/\/nordlinepaadid.ee\/et\/pood\/navigation-ru\/binoculars-ru\/binokkel-marine-optisan-britec-pm-7-x-50-kompass\/#breadcrumb","itemListElement":[{"@type":"ListItem","position":1,"name":"Home","item":"https:\/\/nordlinepaadid.ee\/et\/"},{"@type":"ListItem","position":2,"name":"Pood","item":"https:\/\/nordlinepaadid.ee\/et\/pood\/"},{"@type":"ListItem","position":3,"name":"BINOKKEL- MARINE OPTISAN BRITEC PM, 7 x 50, KOMPASS"}]},{"@type":"WebSite","@id":"https:\/\/nordlinepaadid.ee\/et\/#website","url":"https:\/\/nordlinepaadid.ee\/et\/","name":"NORDLINE s\u00f5udepaadid ja mootorpaadid. Klaasfiiber materjalist.","description":"","publisher":{"@id":"https:\/\/nordlinepaadid.ee\/et\/#organization"},"potentialAction":[{"@type":"SearchAction","target":{"@type":"EntryPoint","urlTemplate":"https:\/\/nordlinepaadid.ee\/et\/?s={search_term_string}"},"query-input":{"@type":"PropertyValueSpecification","valueRequired":true,"valueName":"search_term_string"}}],"inLanguage":"et"},{"@type":"Organization","@id":"https:\/\/nordlinepaadid.ee\/et\/#organization","name":"Nordlineboats","url":"https:\/\/nordlinepaadid.ee\/et\/","logo":{"@type":"ImageObject","inLanguage":"et","@id":"https:\/\/nordlinepaadid.ee\/et\/#\/schema\/logo\/image\/","url":"https:\/\/nordlinepaadid.ee\/wp-content\/uploads\/2023\/01\/fulllogo_transparent_nobuffer-e1672750475494.png","contentUrl":"https:\/\/nordlinepaadid.ee\/wp-content\/uploads\/2023\/01\/fulllogo_transparent_nobuffer-e1672750475494.png","width":150,"height":119,"caption":"Nordlineboats"},"image":{"@id":"https:\/\/nordlinepaadid.ee\/et\/#\/schema\/logo\/image\/"},"sameAs":["https:\/\/www.facebook.com\/nordlineboats","https:\/\/www.youtube.com\/channel\/UCbgF0fy02y3QkFnujaLTaCA"]}]}},"taxonomy_info":{"product_cat":[{"value":271,"label":"Binoklid, Vaatlusseadmed"},{"value":247,"label":"NAVIGATSIOONIVAHENDID"},{"value":820,"label":"\u0411\u0438\u043d\u043e\u043a\u043b\u0438"}],"pa_color":[{"value":680,"label":"Kollane"}],"pa_producer":[{"value":1557,"label":"Lindemann"}],"pa_unit":[{"value":416,"label":"pcs"}]},"featured_image_src_large":["https:\/\/nordlinepaadid.ee\/wp-content\/uploads\/2025\/03\/12384_LMXP3750-1.jpg",450,450,false],"author_info":[],"comment_info":"","_links":{"self":[{"href":"https:\/\/nordlinepaadid.ee\/et\/wp-json\/wp\/v2\/product\/47609","targetHints":{"allow":["GET"]}}],"collection":[{"href":"https:\/\/nordlinepaadid.ee\/et\/wp-json\/wp\/v2\/product"}],"about":[{"href":"https:\/\/nordlinepaadid.ee\/et\/wp-json\/wp\/v2\/types\/product"}],"wp:featuredmedia":[{"embeddable":true,"href":"https:\/\/nordlinepaadid.ee\/et\/wp-json\/wp\/v2\/media\/51006"}],"wp:attachment":[{"href":"https:\/\/nordlinepaadid.ee\/et\/wp-json\/wp\/v2\/media?parent=47609"}],"wp:term":[{"taxonomy":"product_brand","embeddable":true,"href":"https:\/\/nordlinepaadid.ee\/et\/wp-json\/wp\/v2\/product_brand?post=47609"},{"taxonomy":"product_cat","embeddable":true,"href":"https:\/\/nordlinepaadid.ee\/et\/wp-json\/wp\/v2\/product_cat?post=47609"},{"taxonomy":"product_tag","embeddable":true,"href":"https:\/\/nordlinepaadid.ee\/et\/wp-json\/wp\/v2\/product_tag?post=47609"}],"curies":[{"name":"wp","href":"https:\/\/api.w.org\/{rel}","templated":true}]}}