{"id":4974,"date":"2021-03-03T21:27:00","date_gmt":"2021-03-03T19:27:00","guid":{"rendered":"https:\/\/nordlinepaadid.ee\/pood\/paadihaagis-575x209\/"},"modified":"2026-04-08T06:05:27","modified_gmt":"2026-04-08T03:05:27","slug":"paadihaagis-575x209","status":"publish","type":"product","link":"https:\/\/nordlinepaadid.ee\/et\/pood\/haagised\/paadihaagised\/paadihaagis-575x209\/","title":{"rendered":"Paadihaagis 5,75&#215;2,09"},"content":{"rendered":"<div class=\"row description\">\n<div class=\"col-md-9\">Uuenduslik isereguleerivate 16 rulliga multirulli s\u00fcsteemiga haagis, mis kindlustab palju sujuvama ja ohutuma paadi maha- ja pealelaadimise. \u00dclitugev ja vastupidav tsingitud keevisraam. Spetsiaalsed peal seismist taluvad astmelaudadega metallist poritiivad, mis tagavad suurema funktsionaalsuse ja mugavuse.<\/div>\n<\/div>\n<div class=\"row\">\n<div class=\"col-md-3 \"><b>Detailid:<\/b><\/div>\n<div class=\"col-md-9\">\n<div class=\"row\">\n<ul class=\"coloredRows details_left list-unstyled col-lg-7\">\n<li class=\"\">Max paadi kogupikkus:<span class=\"navi_attr_data_field\" data-display=\"detail\" data-code=\"corner_supports\" data-decimals=\"2\" data-valueformat=\"|value| m\">5.3 m<\/span><\/li>\n<li class=\"\">Haagise v\u00e4lism\u00f5\u00f5dud:<span class=\"navi_attr_data_field\" data-display=\"detail\" data-code=\"trailer_external_dimensions\" data-decimals=\"2\" data-valueformat=\"|value| m\">5.70&#215;2.07 m<\/span><\/li>\n<li class=\"\">Sillat\u00fc\u00fcp:<span class=\"navi_attr_data_field\" data-display=\"detail\" data-code=\"axle_type\" data-decimals=\"2\" data-valueformat=\"|value|\">Lehtvedru<\/span><\/li>\n<li class=\"\">Raam:<span class=\"navi_attr_data_field\" data-display=\"detail\" data-code=\"frame\" data-decimals=\"2\" data-valueformat=\"|value|\">Kuumtsink<\/span><\/li>\n<li class=\"\">Reguleeritav silla asukoht:<span class=\"navi_attr_data_field\" data-display=\"detail\" data-code=\"axle_location_is_adjustable\" data-decimals=\"2\" data-valueformat=\"|value|\">Jah<\/span><\/li>\n<\/ul>\n<ul class=\"coloredRows list-unstyled col-lg-5\">\n<li class=\"\">T\u00e4ismass:<span class=\"navi_attr_data_field\" data-display=\"detail\" data-code=\"lodaded_weight\" data-decimals=\"0\" data-valueformat=\"|value| kg\">750 kg<\/span><\/li>\n<li class=\"\">T\u00fchimass:<span class=\"navi_attr_data_field\" data-display=\"detail\" data-code=\"weight\" data-decimals=\"0\" data-valueformat=\"|value| kg\">290 kg<\/span><\/li>\n<li class=\"\">Kandev\u00f5ime:<span class=\"navi_attr_data_field\" data-display=\"detail\" data-code=\"load_capacity\" data-decimals=\"0\" data-valueformat=\"|value| kg\">460 kg<\/span><\/li>\n<li class=\"\">Pistiku t\u00fc\u00fcp:<span class=\"navi_attr_data_field\" data-display=\"detail\" data-code=\"extra_6\" data-decimals=\"0\" data-valueformat=\"|value| klemmi\">7 klemmi<\/span><\/li>\n<li class=\"\">Rehvid:<span class=\"navi_attr_data_field\" data-display=\"detail\" data-code=\"wheels\" data-decimals=\"2\" data-valueformat=\"|value|\">155R13<\/span><\/li>\n<\/ul>\n<\/div>\n<\/div>\n<\/div>\n<div class=\"row\">\n<div class=\"col-md-3 \"><b>Standardvarustus:<\/b><\/div>\n<div class=\"col-md-9\">\n<div class=\"row col-xs-12\">\n<ul class=\"check_list\">\n<li><span class=\"navi_attr_data_field\" data-code=\"drawbar_support_wheel\" data-decimals=\"2\" data-valueformat=\"|value|\">Tiisli tugiratas, t\u00e4iskumm rehviga<\/span><\/li>\n<li><span class=\"navi_attr_data_field\" data-fixed_value=\"1\" data-code=\"led_headlights\" data-decimals=\"2\" data-valueformat=\"Veekindlad LED esituled |value|\">Veekindlad LED esituled<\/span><\/li>\n<li><span class=\"navi_attr_data_field\" data-fixed_value=\"1\" data-code=\"led_rear_lights\" data-decimals=\"2\" data-valueformat=\"Veekindlad LED tagatuled |value|\">Veekindlad LED tagatuled<\/span><\/li>\n<li><span class=\"navi_attr_data_field\" data-fixed_value=\"1\" data-code=\"easyfold_lights\" data-decimals=\"2\" data-valueformat=\"EasyFold tulelahendus |value|\">EasyFold tulelahendus<\/span><\/li>\n<li><span class=\"navi_attr_data_field\" data-code=\"eyelets\" data-decimals=\"2\" data-valueformat=\"|value|\">Tugevad sidumisaasad<\/span><\/li>\n<li><span class=\"navi_attr_data_field\" data-fixed_value=\"1\" data-code=\"axle_location_is_adjustable\" data-decimals=\"2\" data-valueformat=\"|value|\">Reguleeritav silla asukoht<\/span><\/li>\n<li><span class=\"navi_attr_data_field\" data-fixed_value=\"1\" data-code=\"adjustable_winch_stand\" data-decimals=\"2\" data-valueformat=\"Kaugus- ja k\u00f5rgusreguleeritav vintsipukk |value|\">Kaugus- ja k\u00f5rgusreguleeritav vintsipukk<\/span><\/li>\n<li><span class=\"navi_attr_data_field\" data-code=\"winch\" data-decimals=\"2\" data-valueformat=\"|value|\">Rihmaga vints 800 kg<\/span><\/li>\n<li><span class=\"navi_attr_data_field\" data-fixed_value=\"1\" data-code=\"gangway\" data-decimals=\"2\" data-valueformat=\"K\u00e4iguteed |value|\">K\u00e4iguteed<\/span><\/li>\n<li><span class=\"navi_attr_data_field\" data-code=\"multirull_system\" data-decimals=\"2\" data-valueformat=\"|value|\">Multirull s\u00fcsteem 16 rullikuga<\/span><\/li>\n<li><span class=\"navi_attr_data_field\" data-code=\"tiltable_frame\" data-decimals=\"2\" data-valueformat=\"|value|\">Tagumine multirull kallutusraamiga &#8211; mugavaks paadi teisaldamiseks<\/span><\/li>\n<li><span class=\"navi_attr_data_field\" data-code=\"front_fenders\" data-decimals=\"2\" data-valueformat=\"|value|\">Metallist pealseismist taluvad poritiivad<\/span><\/li>\n<li><span class=\"navi_attr_data_field\" data-code=\"extra_1\" data-decimals=\"2\" data-valueformat=\"|value|\">Rattad M+S rehvidega<\/span><\/li>\n<li><span class=\"navi_attr_data_field\" data-fixed_value=\"1\" data-code=\"watertight_hubs\" data-decimals=\"2\" data-valueformat=\"Veekindlad rummud |value|\">Veekindlad rummud<\/span><\/li>\n<li><span class=\"navi_attr_data_field\" data-code=\"extra_2\" data-decimals=\"2\" data-valueformat=\"|value|\">Lehtvedrusild 1000 kg<\/span><\/li>\n<\/ul>\n<\/div>\n<\/div>\n<\/div>\n","protected":false},"excerpt":{"rendered":"<p>Paadihaagis 5.75&#215;2.09 on sobilik paatidele pikkusega kuni 5.4m. Kuumtsingitud terasraam, spetsiaalsed pealseismist taluvad poritiivad ja veekindlad rummud. Multirull s\u00fcsteemtagab paadi \u00fchtlase toestuse.<\/p>\n","protected":false},"featured_media":56748,"template":"","meta":{"_kad_blocks_custom_css":"","_kad_blocks_head_custom_js":"","_kad_blocks_body_custom_js":"","_kad_blocks_footer_custom_js":"","_kad_post_transparent":"default","_kad_post_title":"","_kad_post_layout":"default","_kad_post_sidebar_id":"","_kad_post_content_style":"default","_kad_post_vertical_padding":"default","_kad_post_feature":"","_kad_post_feature_position":"","_kad_post_header":false,"_kad_post_footer":false,"_kad_post_classname":""},"product_brand":[],"product_cat":[162],"product_tag":[],"class_list":{"0":"post-4974","1":"product","2":"type-product","3":"status-publish","4":"has-post-thumbnail","6":"product_cat-paadihaagised","7":"product_shipping_class-kaup-mis-ei-mahu-euroalusele","8":"tm-no-options","10":"first","11":"outofstock","12":"sale","13":"taxable","14":"shipping-taxable","15":"purchasable","16":"product-type-simple","17":"entry","18":"content-bg","19":"loop-entry"},"yoast_head":"<!-- This site is optimized with the Yoast SEO plugin v27.3 - https:\/\/yoast.com\/product\/yoast-seo-wordpress\/ -->\n<title>PAADIHAAGIS 5.75x2.09 - Multirull haagis - NORDLINEBOATS<\/title>\n<meta name=\"description\" content=\"Paadihaagis 5.75x2.09 on sobilik paatidele kuni 5.4m. Multirull s\u00fcsteem suuremate paatide lihtsamaks transpordiks.\" \/>\n<meta name=\"robots\" content=\"index, follow, max-snippet:-1, max-image-preview:large, max-video-preview:-1\" \/>\n<link rel=\"canonical\" href=\"https:\/\/nordlinepaadid.ee\/et\/pood\/haagised\/paadihaagised\/paadihaagis-575x209\/\" \/>\n<meta property=\"og:locale\" content=\"et_EE\" \/>\n<meta property=\"og:type\" content=\"article\" \/>\n<meta property=\"og:title\" content=\"PAADIHAAGIS 5.75x2.09 - Multirull haagis - NORDLINEBOATS\" \/>\n<meta property=\"og:description\" content=\"Paadihaagis 5.75x2.09 on sobilik paatidele kuni 5.4m. Multirull s\u00fcsteem suuremate paatide lihtsamaks transpordiks.\" \/>\n<meta property=\"og:url\" content=\"https:\/\/nordlinepaadid.ee\/et\/pood\/haagised\/paadihaagised\/paadihaagis-575x209\/\" \/>\n<meta property=\"og:site_name\" content=\"NORDLINE s\u00f5udepaadid ja mootorpaadid. Klaasfiiber materjalist.\" \/>\n<meta property=\"article:publisher\" content=\"https:\/\/www.facebook.com\/nordlineboats\" \/>\n<meta property=\"article:modified_time\" content=\"2026-04-08T03:05:27+00:00\" \/>\n<meta property=\"og:image\" content=\"https:\/\/nordlinepaadid.ee\/wp-content\/uploads\/2021\/03\/Paadtreiler-Respo-750V571-Multirull.jpg\" \/>\n\t<meta property=\"og:image:width\" content=\"1920\" \/>\n\t<meta property=\"og:image:height\" content=\"1080\" \/>\n\t<meta property=\"og:image:type\" content=\"image\/jpeg\" \/>\n<meta name=\"twitter:card\" content=\"summary_large_image\" \/>\n<meta name=\"twitter:label1\" content=\"Est. reading time\" \/>\n\t<meta name=\"twitter:data1\" content=\"1 minut\" \/>\n<script type=\"application\/ld+json\" class=\"yoast-schema-graph\">{\"@context\":\"https:\\\/\\\/schema.org\",\"@graph\":[{\"@type\":\"WebPage\",\"@id\":\"https:\\\/\\\/nordlinepaadid.ee\\\/et\\\/pood\\\/haagised\\\/paadihaagised\\\/paadihaagis-575x209\\\/\",\"url\":\"https:\\\/\\\/nordlinepaadid.ee\\\/et\\\/pood\\\/haagised\\\/paadihaagised\\\/paadihaagis-575x209\\\/\",\"name\":\"PAADIHAAGIS 5.75x2.09 - Multirull haagis - NORDLINEBOATS\",\"isPartOf\":{\"@id\":\"https:\\\/\\\/nordlinepaadid.ee\\\/et\\\/#website\"},\"primaryImageOfPage\":{\"@id\":\"https:\\\/\\\/nordlinepaadid.ee\\\/et\\\/pood\\\/haagised\\\/paadihaagised\\\/paadihaagis-575x209\\\/#primaryimage\"},\"image\":{\"@id\":\"https:\\\/\\\/nordlinepaadid.ee\\\/et\\\/pood\\\/haagised\\\/paadihaagised\\\/paadihaagis-575x209\\\/#primaryimage\"},\"thumbnailUrl\":\"https:\\\/\\\/nordlinepaadid.ee\\\/wp-content\\\/uploads\\\/2021\\\/03\\\/Paadtreiler-Respo-750V571-Multirull.jpg\",\"datePublished\":\"2021-03-03T19:27:00+00:00\",\"dateModified\":\"2026-04-08T03:05:27+00:00\",\"description\":\"Paadihaagis 5.75x2.09 on sobilik paatidele kuni 5.4m. Multirull s\u00fcsteem suuremate paatide lihtsamaks transpordiks.\",\"breadcrumb\":{\"@id\":\"https:\\\/\\\/nordlinepaadid.ee\\\/et\\\/pood\\\/haagised\\\/paadihaagised\\\/paadihaagis-575x209\\\/#breadcrumb\"},\"inLanguage\":\"et\",\"potentialAction\":[{\"@type\":\"ReadAction\",\"target\":[\"https:\\\/\\\/nordlinepaadid.ee\\\/et\\\/pood\\\/haagised\\\/paadihaagised\\\/paadihaagis-575x209\\\/\"]}]},{\"@type\":\"ImageObject\",\"inLanguage\":\"et\",\"@id\":\"https:\\\/\\\/nordlinepaadid.ee\\\/et\\\/pood\\\/haagised\\\/paadihaagised\\\/paadihaagis-575x209\\\/#primaryimage\",\"url\":\"https:\\\/\\\/nordlinepaadid.ee\\\/wp-content\\\/uploads\\\/2021\\\/03\\\/Paadtreiler-Respo-750V571-Multirull.jpg\",\"contentUrl\":\"https:\\\/\\\/nordlinepaadid.ee\\\/wp-content\\\/uploads\\\/2021\\\/03\\\/Paadtreiler-Respo-750V571-Multirull.jpg\",\"width\":1920,\"height\":1080,\"caption\":\"Paadtreiler Respo 750V571 Multirull\"},{\"@type\":\"BreadcrumbList\",\"@id\":\"https:\\\/\\\/nordlinepaadid.ee\\\/et\\\/pood\\\/haagised\\\/paadihaagised\\\/paadihaagis-575x209\\\/#breadcrumb\",\"itemListElement\":[{\"@type\":\"ListItem\",\"position\":1,\"name\":\"Home\",\"item\":\"https:\\\/\\\/nordlinepaadid.ee\\\/et\\\/\"},{\"@type\":\"ListItem\",\"position\":2,\"name\":\"Pood\",\"item\":\"https:\\\/\\\/nordlinepaadid.ee\\\/et\\\/pood\\\/\"},{\"@type\":\"ListItem\",\"position\":3,\"name\":\"Paadihaagis 5,75&#215;2,09\"}]},{\"@type\":\"WebSite\",\"@id\":\"https:\\\/\\\/nordlinepaadid.ee\\\/et\\\/#website\",\"url\":\"https:\\\/\\\/nordlinepaadid.ee\\\/et\\\/\",\"name\":\"NORDLINE s\u00f5udepaadid ja mootorpaadid. Klaasfiiber materjalist.\",\"description\":\"\",\"publisher\":{\"@id\":\"https:\\\/\\\/nordlinepaadid.ee\\\/et\\\/#organization\"},\"potentialAction\":[{\"@type\":\"SearchAction\",\"target\":{\"@type\":\"EntryPoint\",\"urlTemplate\":\"https:\\\/\\\/nordlinepaadid.ee\\\/et\\\/?s={search_term_string}\"},\"query-input\":{\"@type\":\"PropertyValueSpecification\",\"valueRequired\":true,\"valueName\":\"search_term_string\"}}],\"inLanguage\":\"et\"},{\"@type\":\"Organization\",\"@id\":\"https:\\\/\\\/nordlinepaadid.ee\\\/et\\\/#organization\",\"name\":\"Nordlineboats\",\"url\":\"https:\\\/\\\/nordlinepaadid.ee\\\/et\\\/\",\"logo\":{\"@type\":\"ImageObject\",\"inLanguage\":\"et\",\"@id\":\"https:\\\/\\\/nordlinepaadid.ee\\\/et\\\/#\\\/schema\\\/logo\\\/image\\\/\",\"url\":\"https:\\\/\\\/nordlinepaadid.ee\\\/wp-content\\\/uploads\\\/2023\\\/01\\\/fulllogo_transparent_nobuffer-e1672750475494.png\",\"contentUrl\":\"https:\\\/\\\/nordlinepaadid.ee\\\/wp-content\\\/uploads\\\/2023\\\/01\\\/fulllogo_transparent_nobuffer-e1672750475494.png\",\"width\":150,\"height\":119,\"caption\":\"Nordlineboats\"},\"image\":{\"@id\":\"https:\\\/\\\/nordlinepaadid.ee\\\/et\\\/#\\\/schema\\\/logo\\\/image\\\/\"},\"sameAs\":[\"https:\\\/\\\/www.facebook.com\\\/nordlineboats\",\"https:\\\/\\\/www.youtube.com\\\/channel\\\/UCbgF0fy02y3QkFnujaLTaCA\"]}]}<\/script>\n<!-- \/ Yoast SEO plugin. -->","yoast_head_json":{"title":"PAADIHAAGIS 5.75x2.09 - Multirull haagis - NORDLINEBOATS","description":"Paadihaagis 5.75x2.09 on sobilik paatidele kuni 5.4m. Multirull s\u00fcsteem suuremate paatide lihtsamaks transpordiks.","robots":{"index":"index","follow":"follow","max-snippet":"max-snippet:-1","max-image-preview":"max-image-preview:large","max-video-preview":"max-video-preview:-1"},"canonical":"https:\/\/nordlinepaadid.ee\/et\/pood\/haagised\/paadihaagised\/paadihaagis-575x209\/","og_locale":"et_EE","og_type":"article","og_title":"PAADIHAAGIS 5.75x2.09 - Multirull haagis - NORDLINEBOATS","og_description":"Paadihaagis 5.75x2.09 on sobilik paatidele kuni 5.4m. Multirull s\u00fcsteem suuremate paatide lihtsamaks transpordiks.","og_url":"https:\/\/nordlinepaadid.ee\/et\/pood\/haagised\/paadihaagised\/paadihaagis-575x209\/","og_site_name":"NORDLINE s\u00f5udepaadid ja mootorpaadid. Klaasfiiber materjalist.","article_publisher":"https:\/\/www.facebook.com\/nordlineboats","article_modified_time":"2026-04-08T03:05:27+00:00","og_image":[{"width":1920,"height":1080,"url":"https:\/\/nordlinepaadid.ee\/wp-content\/uploads\/2021\/03\/Paadtreiler-Respo-750V571-Multirull.jpg","type":"image\/jpeg"}],"twitter_card":"summary_large_image","twitter_misc":{"Est. reading time":"1 minut"},"schema":{"@context":"https:\/\/schema.org","@graph":[{"@type":"WebPage","@id":"https:\/\/nordlinepaadid.ee\/et\/pood\/haagised\/paadihaagised\/paadihaagis-575x209\/","url":"https:\/\/nordlinepaadid.ee\/et\/pood\/haagised\/paadihaagised\/paadihaagis-575x209\/","name":"PAADIHAAGIS 5.75x2.09 - Multirull haagis - NORDLINEBOATS","isPartOf":{"@id":"https:\/\/nordlinepaadid.ee\/et\/#website"},"primaryImageOfPage":{"@id":"https:\/\/nordlinepaadid.ee\/et\/pood\/haagised\/paadihaagised\/paadihaagis-575x209\/#primaryimage"},"image":{"@id":"https:\/\/nordlinepaadid.ee\/et\/pood\/haagised\/paadihaagised\/paadihaagis-575x209\/#primaryimage"},"thumbnailUrl":"https:\/\/nordlinepaadid.ee\/wp-content\/uploads\/2021\/03\/Paadtreiler-Respo-750V571-Multirull.jpg","datePublished":"2021-03-03T19:27:00+00:00","dateModified":"2026-04-08T03:05:27+00:00","description":"Paadihaagis 5.75x2.09 on sobilik paatidele kuni 5.4m. Multirull s\u00fcsteem suuremate paatide lihtsamaks transpordiks.","breadcrumb":{"@id":"https:\/\/nordlinepaadid.ee\/et\/pood\/haagised\/paadihaagised\/paadihaagis-575x209\/#breadcrumb"},"inLanguage":"et","potentialAction":[{"@type":"ReadAction","target":["https:\/\/nordlinepaadid.ee\/et\/pood\/haagised\/paadihaagised\/paadihaagis-575x209\/"]}]},{"@type":"ImageObject","inLanguage":"et","@id":"https:\/\/nordlinepaadid.ee\/et\/pood\/haagised\/paadihaagised\/paadihaagis-575x209\/#primaryimage","url":"https:\/\/nordlinepaadid.ee\/wp-content\/uploads\/2021\/03\/Paadtreiler-Respo-750V571-Multirull.jpg","contentUrl":"https:\/\/nordlinepaadid.ee\/wp-content\/uploads\/2021\/03\/Paadtreiler-Respo-750V571-Multirull.jpg","width":1920,"height":1080,"caption":"Paadtreiler Respo 750V571 Multirull"},{"@type":"BreadcrumbList","@id":"https:\/\/nordlinepaadid.ee\/et\/pood\/haagised\/paadihaagised\/paadihaagis-575x209\/#breadcrumb","itemListElement":[{"@type":"ListItem","position":1,"name":"Home","item":"https:\/\/nordlinepaadid.ee\/et\/"},{"@type":"ListItem","position":2,"name":"Pood","item":"https:\/\/nordlinepaadid.ee\/et\/pood\/"},{"@type":"ListItem","position":3,"name":"Paadihaagis 5,75&#215;2,09"}]},{"@type":"WebSite","@id":"https:\/\/nordlinepaadid.ee\/et\/#website","url":"https:\/\/nordlinepaadid.ee\/et\/","name":"NORDLINE s\u00f5udepaadid ja mootorpaadid. Klaasfiiber materjalist.","description":"","publisher":{"@id":"https:\/\/nordlinepaadid.ee\/et\/#organization"},"potentialAction":[{"@type":"SearchAction","target":{"@type":"EntryPoint","urlTemplate":"https:\/\/nordlinepaadid.ee\/et\/?s={search_term_string}"},"query-input":{"@type":"PropertyValueSpecification","valueRequired":true,"valueName":"search_term_string"}}],"inLanguage":"et"},{"@type":"Organization","@id":"https:\/\/nordlinepaadid.ee\/et\/#organization","name":"Nordlineboats","url":"https:\/\/nordlinepaadid.ee\/et\/","logo":{"@type":"ImageObject","inLanguage":"et","@id":"https:\/\/nordlinepaadid.ee\/et\/#\/schema\/logo\/image\/","url":"https:\/\/nordlinepaadid.ee\/wp-content\/uploads\/2023\/01\/fulllogo_transparent_nobuffer-e1672750475494.png","contentUrl":"https:\/\/nordlinepaadid.ee\/wp-content\/uploads\/2023\/01\/fulllogo_transparent_nobuffer-e1672750475494.png","width":150,"height":119,"caption":"Nordlineboats"},"image":{"@id":"https:\/\/nordlinepaadid.ee\/et\/#\/schema\/logo\/image\/"},"sameAs":["https:\/\/www.facebook.com\/nordlineboats","https:\/\/www.youtube.com\/channel\/UCbgF0fy02y3QkFnujaLTaCA"]}]}},"taxonomy_info":{"product_cat":[{"value":162,"label":"Paadihaagised"}]},"featured_image_src_large":["https:\/\/nordlinepaadid.ee\/wp-content\/uploads\/2021\/03\/Paadtreiler-Respo-750V571-Multirull-1024x576.jpg",1024,576,true],"author_info":[],"comment_info":"","_links":{"self":[{"href":"https:\/\/nordlinepaadid.ee\/et\/wp-json\/wp\/v2\/product\/4974","targetHints":{"allow":["GET"]}}],"collection":[{"href":"https:\/\/nordlinepaadid.ee\/et\/wp-json\/wp\/v2\/product"}],"about":[{"href":"https:\/\/nordlinepaadid.ee\/et\/wp-json\/wp\/v2\/types\/product"}],"wp:featuredmedia":[{"embeddable":true,"href":"https:\/\/nordlinepaadid.ee\/et\/wp-json\/wp\/v2\/media\/56748"}],"wp:attachment":[{"href":"https:\/\/nordlinepaadid.ee\/et\/wp-json\/wp\/v2\/media?parent=4974"}],"wp:term":[{"taxonomy":"product_brand","embeddable":true,"href":"https:\/\/nordlinepaadid.ee\/et\/wp-json\/wp\/v2\/product_brand?post=4974"},{"taxonomy":"product_cat","embeddable":true,"href":"https:\/\/nordlinepaadid.ee\/et\/wp-json\/wp\/v2\/product_cat?post=4974"},{"taxonomy":"product_tag","embeddable":true,"href":"https:\/\/nordlinepaadid.ee\/et\/wp-json\/wp\/v2\/product_tag?post=4974"}],"curies":[{"name":"wp","href":"https:\/\/api.w.org\/{rel}","templated":true}]}}