{"id":51848,"date":"2026-04-07T03:28:51","date_gmt":"2026-04-07T00:28:51","guid":{"rendered":"https:\/\/nordlinepaadid.ee\/toode\/maaratlemata\/redel-vender-kolme-astmeline-sinine\/"},"modified":"2026-04-07T03:28:52","modified_gmt":"2026-04-07T00:28:52","slug":"redel-vender-kolme-astmeline-sinine","status":"publish","type":"product","link":"https:\/\/nordlinepaadid.ee\/et\/pood\/ropes-fenders-buoys\/vendrid-vendrikatted\/redel-vender-kolme-astmeline-sinine\/","title":{"rendered":"REDEL VENDER- KOLME ASTMELINE, SININE"},"content":{"rendered":"<p>Redel vender on praktiline ja mitmek\u00fclgne lahendus laevakere kaitsmiseks ja h\u00f5lpsaks pardale minekuks. See redel on elegantse sinise v\u00e4rvi ja kolme astmega, mis on vastupidav, mugav ja stiilne lisa teie laevale. M\u00f5\u00f5dud: 25 x 12 x 75 cm. Kaal: 4 kg.<\/p>\n<p>&#13;<\/p>\n","protected":false},"excerpt":{"rendered":"<p>Redel vender on praktiline ja mitmek\u00fclgne lahendus laevakere kaitsmiseks ja h\u00f5lpsaks pardale minekuks. See redel on elegantse sinise v\u00e4rvi ja kolme astmega, mis on vastupidav, mugav ja stiilne lisa teie laevale. M\u00f5\u00f5dud: 25 x 12 x 75 cm. Kaal: 4 kg. &#13;<\/p>\n","protected":false},"featured_media":54785,"template":"","meta":{"_kad_blocks_custom_css":"","_kad_blocks_head_custom_js":"","_kad_blocks_body_custom_js":"","_kad_blocks_footer_custom_js":"","_kad_post_transparent":"","_kad_post_title":"","_kad_post_layout":"","_kad_post_sidebar_id":"","_kad_post_content_style":"","_kad_post_vertical_padding":"","_kad_post_feature":"","_kad_post_feature_position":"","_kad_post_header":false,"_kad_post_footer":false,"_kad_post_classname":""},"product_brand":[],"product_cat":[243,283],"product_tag":[],"class_list":{"0":"post-51848","1":"product","2":"type-product","3":"status-publish","4":"has-post-thumbnail","6":"product_cat-ropes-fenders-buoys","7":"product_cat-vendrid-vendrikatted","8":"pa_color-sinine","9":"pa_unit-pcs","10":"tm-no-options","12":"first","13":"instock","14":"taxable","15":"shipping-taxable","16":"purchasable","17":"product-type-simple","18":"entry","19":"content-bg","20":"loop-entry"},"yoast_head":"<!-- This site is optimized with the Yoast SEO plugin v27.3 - https:\/\/yoast.com\/product\/yoast-seo-wordpress\/ -->\n<title>REDEL VENDER- KOLME ASTMELINE, SININE - NORDLINE s\u00f5udepaadid ja mootorpaadid. Klaasfiiber materjalist.<\/title>\n<meta name=\"robots\" content=\"index, follow, max-snippet:-1, max-image-preview:large, max-video-preview:-1\" \/>\n<link rel=\"canonical\" href=\"https:\/\/nordlinepaadid.ee\/et\/pood\/ropes-fenders-buoys\/vendrid-vendrikatted\/redel-vender-kolme-astmeline-sinine\/\" \/>\n<meta property=\"og:locale\" content=\"et_EE\" \/>\n<meta property=\"og:type\" content=\"article\" \/>\n<meta property=\"og:title\" content=\"REDEL VENDER- KOLME ASTMELINE, SININE - NORDLINE s\u00f5udepaadid ja mootorpaadid. Klaasfiiber materjalist.\" \/>\n<meta property=\"og:description\" content=\"Redel vender on praktiline ja mitmek\u00fclgne lahendus laevakere kaitsmiseks ja h\u00f5lpsaks pardale minekuks. See redel on elegantse sinise v\u00e4rvi ja kolme astmega, mis on vastupidav, mugav ja stiilne lisa teie laevale. M\u00f5\u00f5dud: 25 x 12 x 75 cm. Kaal: 4 kg. &#013;\" \/>\n<meta property=\"og:url\" content=\"https:\/\/nordlinepaadid.ee\/et\/pood\/ropes-fenders-buoys\/vendrid-vendrikatted\/redel-vender-kolme-astmeline-sinine\/\" \/>\n<meta property=\"og:site_name\" content=\"NORDLINE s\u00f5udepaadid ja mootorpaadid. Klaasfiiber materjalist.\" \/>\n<meta property=\"article:publisher\" content=\"https:\/\/www.facebook.com\/nordlineboats\" \/>\n<meta property=\"article:modified_time\" content=\"2026-04-07T00:28:52+00:00\" \/>\n<meta property=\"og:image\" content=\"https:\/\/nordlinepaadid.ee\/wp-content\/uploads\/2026\/02\/12487_P186365-1.jpg\" \/>\n\t<meta property=\"og:image:width\" content=\"500\" \/>\n\t<meta property=\"og:image:height\" content=\"500\" \/>\n\t<meta property=\"og:image:type\" content=\"image\/jpeg\" \/>\n<meta name=\"twitter:card\" content=\"summary_large_image\" \/>\n<script type=\"application\/ld+json\" class=\"yoast-schema-graph\">{\"@context\":\"https:\\\/\\\/schema.org\",\"@graph\":[{\"@type\":\"WebPage\",\"@id\":\"https:\\\/\\\/nordlinepaadid.ee\\\/et\\\/pood\\\/ropes-fenders-buoys\\\/vendrid-vendrikatted\\\/redel-vender-kolme-astmeline-sinine\\\/\",\"url\":\"https:\\\/\\\/nordlinepaadid.ee\\\/et\\\/pood\\\/ropes-fenders-buoys\\\/vendrid-vendrikatted\\\/redel-vender-kolme-astmeline-sinine\\\/\",\"name\":\"REDEL VENDER- KOLME ASTMELINE, SININE - NORDLINE s\u00f5udepaadid ja mootorpaadid. Klaasfiiber materjalist.\",\"isPartOf\":{\"@id\":\"https:\\\/\\\/nordlinepaadid.ee\\\/et\\\/#website\"},\"primaryImageOfPage\":{\"@id\":\"https:\\\/\\\/nordlinepaadid.ee\\\/et\\\/pood\\\/ropes-fenders-buoys\\\/vendrid-vendrikatted\\\/redel-vender-kolme-astmeline-sinine\\\/#primaryimage\"},\"image\":{\"@id\":\"https:\\\/\\\/nordlinepaadid.ee\\\/et\\\/pood\\\/ropes-fenders-buoys\\\/vendrid-vendrikatted\\\/redel-vender-kolme-astmeline-sinine\\\/#primaryimage\"},\"thumbnailUrl\":\"https:\\\/\\\/nordlinepaadid.ee\\\/wp-content\\\/uploads\\\/2026\\\/02\\\/12487_P186365-1.jpg\",\"datePublished\":\"2026-04-07T00:28:51+00:00\",\"dateModified\":\"2026-04-07T00:28:52+00:00\",\"breadcrumb\":{\"@id\":\"https:\\\/\\\/nordlinepaadid.ee\\\/et\\\/pood\\\/ropes-fenders-buoys\\\/vendrid-vendrikatted\\\/redel-vender-kolme-astmeline-sinine\\\/#breadcrumb\"},\"inLanguage\":\"et\",\"potentialAction\":[{\"@type\":\"ReadAction\",\"target\":[\"https:\\\/\\\/nordlinepaadid.ee\\\/et\\\/pood\\\/ropes-fenders-buoys\\\/vendrid-vendrikatted\\\/redel-vender-kolme-astmeline-sinine\\\/\"]}]},{\"@type\":\"ImageObject\",\"inLanguage\":\"et\",\"@id\":\"https:\\\/\\\/nordlinepaadid.ee\\\/et\\\/pood\\\/ropes-fenders-buoys\\\/vendrid-vendrikatted\\\/redel-vender-kolme-astmeline-sinine\\\/#primaryimage\",\"url\":\"https:\\\/\\\/nordlinepaadid.ee\\\/wp-content\\\/uploads\\\/2026\\\/02\\\/12487_P186365-1.jpg\",\"contentUrl\":\"https:\\\/\\\/nordlinepaadid.ee\\\/wp-content\\\/uploads\\\/2026\\\/02\\\/12487_P186365-1.jpg\",\"width\":500,\"height\":500},{\"@type\":\"BreadcrumbList\",\"@id\":\"https:\\\/\\\/nordlinepaadid.ee\\\/et\\\/pood\\\/ropes-fenders-buoys\\\/vendrid-vendrikatted\\\/redel-vender-kolme-astmeline-sinine\\\/#breadcrumb\",\"itemListElement\":[{\"@type\":\"ListItem\",\"position\":1,\"name\":\"Home\",\"item\":\"https:\\\/\\\/nordlinepaadid.ee\\\/et\\\/\"},{\"@type\":\"ListItem\",\"position\":2,\"name\":\"Pood\",\"item\":\"https:\\\/\\\/nordlinepaadid.ee\\\/et\\\/pood\\\/\"},{\"@type\":\"ListItem\",\"position\":3,\"name\":\"REDEL VENDER- KOLME ASTMELINE, SININE\"}]},{\"@type\":\"WebSite\",\"@id\":\"https:\\\/\\\/nordlinepaadid.ee\\\/et\\\/#website\",\"url\":\"https:\\\/\\\/nordlinepaadid.ee\\\/et\\\/\",\"name\":\"NORDLINE s\u00f5udepaadid ja mootorpaadid. Klaasfiiber materjalist.\",\"description\":\"\",\"publisher\":{\"@id\":\"https:\\\/\\\/nordlinepaadid.ee\\\/et\\\/#organization\"},\"potentialAction\":[{\"@type\":\"SearchAction\",\"target\":{\"@type\":\"EntryPoint\",\"urlTemplate\":\"https:\\\/\\\/nordlinepaadid.ee\\\/et\\\/?s={search_term_string}\"},\"query-input\":{\"@type\":\"PropertyValueSpecification\",\"valueRequired\":true,\"valueName\":\"search_term_string\"}}],\"inLanguage\":\"et\"},{\"@type\":\"Organization\",\"@id\":\"https:\\\/\\\/nordlinepaadid.ee\\\/et\\\/#organization\",\"name\":\"Nordlineboats\",\"url\":\"https:\\\/\\\/nordlinepaadid.ee\\\/et\\\/\",\"logo\":{\"@type\":\"ImageObject\",\"inLanguage\":\"et\",\"@id\":\"https:\\\/\\\/nordlinepaadid.ee\\\/et\\\/#\\\/schema\\\/logo\\\/image\\\/\",\"url\":\"https:\\\/\\\/nordlinepaadid.ee\\\/wp-content\\\/uploads\\\/2023\\\/01\\\/fulllogo_transparent_nobuffer-e1672750475494.png\",\"contentUrl\":\"https:\\\/\\\/nordlinepaadid.ee\\\/wp-content\\\/uploads\\\/2023\\\/01\\\/fulllogo_transparent_nobuffer-e1672750475494.png\",\"width\":150,\"height\":119,\"caption\":\"Nordlineboats\"},\"image\":{\"@id\":\"https:\\\/\\\/nordlinepaadid.ee\\\/et\\\/#\\\/schema\\\/logo\\\/image\\\/\"},\"sameAs\":[\"https:\\\/\\\/www.facebook.com\\\/nordlineboats\",\"https:\\\/\\\/www.youtube.com\\\/channel\\\/UCbgF0fy02y3QkFnujaLTaCA\"]}]}<\/script>\n<!-- \/ Yoast SEO plugin. -->","yoast_head_json":{"title":"REDEL VENDER- KOLME ASTMELINE, SININE - NORDLINE s\u00f5udepaadid ja mootorpaadid. Klaasfiiber materjalist.","robots":{"index":"index","follow":"follow","max-snippet":"max-snippet:-1","max-image-preview":"max-image-preview:large","max-video-preview":"max-video-preview:-1"},"canonical":"https:\/\/nordlinepaadid.ee\/et\/pood\/ropes-fenders-buoys\/vendrid-vendrikatted\/redel-vender-kolme-astmeline-sinine\/","og_locale":"et_EE","og_type":"article","og_title":"REDEL VENDER- KOLME ASTMELINE, SININE - NORDLINE s\u00f5udepaadid ja mootorpaadid. Klaasfiiber materjalist.","og_description":"Redel vender on praktiline ja mitmek\u00fclgne lahendus laevakere kaitsmiseks ja h\u00f5lpsaks pardale minekuks. See redel on elegantse sinise v\u00e4rvi ja kolme astmega, mis on vastupidav, mugav ja stiilne lisa teie laevale. M\u00f5\u00f5dud: 25 x 12 x 75 cm. Kaal: 4 kg. &#13;","og_url":"https:\/\/nordlinepaadid.ee\/et\/pood\/ropes-fenders-buoys\/vendrid-vendrikatted\/redel-vender-kolme-astmeline-sinine\/","og_site_name":"NORDLINE s\u00f5udepaadid ja mootorpaadid. Klaasfiiber materjalist.","article_publisher":"https:\/\/www.facebook.com\/nordlineboats","article_modified_time":"2026-04-07T00:28:52+00:00","og_image":[{"width":500,"height":500,"url":"https:\/\/nordlinepaadid.ee\/wp-content\/uploads\/2026\/02\/12487_P186365-1.jpg","type":"image\/jpeg"}],"twitter_card":"summary_large_image","schema":{"@context":"https:\/\/schema.org","@graph":[{"@type":"WebPage","@id":"https:\/\/nordlinepaadid.ee\/et\/pood\/ropes-fenders-buoys\/vendrid-vendrikatted\/redel-vender-kolme-astmeline-sinine\/","url":"https:\/\/nordlinepaadid.ee\/et\/pood\/ropes-fenders-buoys\/vendrid-vendrikatted\/redel-vender-kolme-astmeline-sinine\/","name":"REDEL VENDER- KOLME ASTMELINE, SININE - NORDLINE s\u00f5udepaadid ja mootorpaadid. Klaasfiiber materjalist.","isPartOf":{"@id":"https:\/\/nordlinepaadid.ee\/et\/#website"},"primaryImageOfPage":{"@id":"https:\/\/nordlinepaadid.ee\/et\/pood\/ropes-fenders-buoys\/vendrid-vendrikatted\/redel-vender-kolme-astmeline-sinine\/#primaryimage"},"image":{"@id":"https:\/\/nordlinepaadid.ee\/et\/pood\/ropes-fenders-buoys\/vendrid-vendrikatted\/redel-vender-kolme-astmeline-sinine\/#primaryimage"},"thumbnailUrl":"https:\/\/nordlinepaadid.ee\/wp-content\/uploads\/2026\/02\/12487_P186365-1.jpg","datePublished":"2026-04-07T00:28:51+00:00","dateModified":"2026-04-07T00:28:52+00:00","breadcrumb":{"@id":"https:\/\/nordlinepaadid.ee\/et\/pood\/ropes-fenders-buoys\/vendrid-vendrikatted\/redel-vender-kolme-astmeline-sinine\/#breadcrumb"},"inLanguage":"et","potentialAction":[{"@type":"ReadAction","target":["https:\/\/nordlinepaadid.ee\/et\/pood\/ropes-fenders-buoys\/vendrid-vendrikatted\/redel-vender-kolme-astmeline-sinine\/"]}]},{"@type":"ImageObject","inLanguage":"et","@id":"https:\/\/nordlinepaadid.ee\/et\/pood\/ropes-fenders-buoys\/vendrid-vendrikatted\/redel-vender-kolme-astmeline-sinine\/#primaryimage","url":"https:\/\/nordlinepaadid.ee\/wp-content\/uploads\/2026\/02\/12487_P186365-1.jpg","contentUrl":"https:\/\/nordlinepaadid.ee\/wp-content\/uploads\/2026\/02\/12487_P186365-1.jpg","width":500,"height":500},{"@type":"BreadcrumbList","@id":"https:\/\/nordlinepaadid.ee\/et\/pood\/ropes-fenders-buoys\/vendrid-vendrikatted\/redel-vender-kolme-astmeline-sinine\/#breadcrumb","itemListElement":[{"@type":"ListItem","position":1,"name":"Home","item":"https:\/\/nordlinepaadid.ee\/et\/"},{"@type":"ListItem","position":2,"name":"Pood","item":"https:\/\/nordlinepaadid.ee\/et\/pood\/"},{"@type":"ListItem","position":3,"name":"REDEL VENDER- KOLME ASTMELINE, SININE"}]},{"@type":"WebSite","@id":"https:\/\/nordlinepaadid.ee\/et\/#website","url":"https:\/\/nordlinepaadid.ee\/et\/","name":"NORDLINE s\u00f5udepaadid ja mootorpaadid. Klaasfiiber materjalist.","description":"","publisher":{"@id":"https:\/\/nordlinepaadid.ee\/et\/#organization"},"potentialAction":[{"@type":"SearchAction","target":{"@type":"EntryPoint","urlTemplate":"https:\/\/nordlinepaadid.ee\/et\/?s={search_term_string}"},"query-input":{"@type":"PropertyValueSpecification","valueRequired":true,"valueName":"search_term_string"}}],"inLanguage":"et"},{"@type":"Organization","@id":"https:\/\/nordlinepaadid.ee\/et\/#organization","name":"Nordlineboats","url":"https:\/\/nordlinepaadid.ee\/et\/","logo":{"@type":"ImageObject","inLanguage":"et","@id":"https:\/\/nordlinepaadid.ee\/et\/#\/schema\/logo\/image\/","url":"https:\/\/nordlinepaadid.ee\/wp-content\/uploads\/2023\/01\/fulllogo_transparent_nobuffer-e1672750475494.png","contentUrl":"https:\/\/nordlinepaadid.ee\/wp-content\/uploads\/2023\/01\/fulllogo_transparent_nobuffer-e1672750475494.png","width":150,"height":119,"caption":"Nordlineboats"},"image":{"@id":"https:\/\/nordlinepaadid.ee\/et\/#\/schema\/logo\/image\/"},"sameAs":["https:\/\/www.facebook.com\/nordlineboats","https:\/\/www.youtube.com\/channel\/UCbgF0fy02y3QkFnujaLTaCA"]}]}},"taxonomy_info":{"product_cat":[{"value":243,"label":"OTSAD, LIINID, VENDRID, POID"},{"value":283,"label":"Vendrid, Vendrikatted, Vendrikorvid"}],"pa_color":[{"value":683,"label":"Sinine"}],"pa_unit":[{"value":416,"label":"pcs"}]},"featured_image_src_large":["https:\/\/nordlinepaadid.ee\/wp-content\/uploads\/2026\/02\/12487_P186365-1.jpg",500,500,false],"author_info":[],"comment_info":"","_links":{"self":[{"href":"https:\/\/nordlinepaadid.ee\/et\/wp-json\/wp\/v2\/product\/51848","targetHints":{"allow":["GET"]}}],"collection":[{"href":"https:\/\/nordlinepaadid.ee\/et\/wp-json\/wp\/v2\/product"}],"about":[{"href":"https:\/\/nordlinepaadid.ee\/et\/wp-json\/wp\/v2\/types\/product"}],"wp:featuredmedia":[{"embeddable":true,"href":"https:\/\/nordlinepaadid.ee\/et\/wp-json\/wp\/v2\/media\/54785"}],"wp:attachment":[{"href":"https:\/\/nordlinepaadid.ee\/et\/wp-json\/wp\/v2\/media?parent=51848"}],"wp:term":[{"taxonomy":"product_brand","embeddable":true,"href":"https:\/\/nordlinepaadid.ee\/et\/wp-json\/wp\/v2\/product_brand?post=51848"},{"taxonomy":"product_cat","embeddable":true,"href":"https:\/\/nordlinepaadid.ee\/et\/wp-json\/wp\/v2\/product_cat?post=51848"},{"taxonomy":"product_tag","embeddable":true,"href":"https:\/\/nordlinepaadid.ee\/et\/wp-json\/wp\/v2\/product_tag?post=51848"}],"curies":[{"name":"wp","href":"https:\/\/api.w.org\/{rel}","templated":true}]}}