{"id":51860,"date":"2026-04-07T03:28:54","date_gmt":"2026-04-07T00:28:54","guid":{"rendered":"https:\/\/nordlinepaadid.ee\/toode\/maaratlemata\/paramootor-suzuki-df2-5\/"},"modified":"2026-04-07T03:28:54","modified_gmt":"2026-04-07T00:28:54","slug":"paramootor-suzuki-df2-5","status":"publish","type":"product","link":"https:\/\/nordlinepaadid.ee\/et\/pood\/paadimootorid\/paramootor-suzuki-df2-5\/","title":{"rendered":"P\u00c4RAMOOTOR- SUZUKI DF2.5"},"content":{"rendered":"<p style=\"text-align:justify\">Suzuki DF 2.5S paadimootor on v\u00e4ikseim neljataktiline kaasaskantav p\u00e4ramootor Suzuki valikus. Kaaludes vaid 13,5 kg, on see k\u00f5ige kergem neljataktiline paadimootor, mida Suzuki on t\u00e4naseks ehitanud. Suzuki v\u00f5ib ka uhkusega \u00f6elda, et DF 2.5 vastab karmidele EPA 2010 ja CARB 3 \u2013 Star Ultra Low heitmete standarditele. 2.5 hobuj\u00f5uline, \u00fche silindriga OHV paadimootor on piisavalt v\u00f5imekas, et vedada v\u00e4ikseid paate kui ka t\u00e4ispuhutavaid kummipaate. Paadimootorit on kerge k\u00e4ivitada t\u00e4nu \u201ceasy-to-pull\u201d ehk kergelt t\u00f5mmatavale starterile. Vesijahutus hoiab paadimootori temperatuuri kontrolli all ja v\u00f5rreldes \u00f5hkjahutusega on \u00fcldine m\u00fcratase madalam.<\/p>\n<p>&#13;<br \/>\n&#13;<\/p>\n<p>&nbsp;<\/p>\n<p>&#13;<br \/>\n&#13;<\/p>\n<p><strong>Tehnilised andmed:<\/strong><\/p>\n<p>&#13;<br \/>\n&#13;<\/p>\n<p>Mootori t\u00fc\u00fcp: 4 takti OHV<\/p>\n<p>&#13;<br \/>\n&#13;<\/p>\n<p>Kubatuur: 68 cm3<\/p>\n<p>&#13;<br \/>\n&#13;<\/p>\n<p>V\u00f5imsus: 2,5 hj \/ 1,8 kW<\/p>\n<p>&#13;<br \/>\n&#13;<\/p>\n<p>Maksimaalne p\u00f6\u00f6rete arv\/min: 5250-5750 p\/min<\/p>\n<p>&#13;<br \/>\n&#13;<\/p>\n<p>Silindrite arv: 1<\/p>\n<p>&#13;<br \/>\n&#13;<\/p>\n<p>Toites\u00fcsteem: Karburaator<\/p>\n<p>&#13;<br \/>\n&#13;<\/p>\n<p>K\u00fctusepaagi maht: 1 l<\/p>\n<p>&#13;<br \/>\n&#13;<\/p>\n<p>K\u00e4igud: N \u2013 F<\/p>\n<p>&#13;<br \/>\n&#13;<\/p>\n<p>\u00dclekandearv: 2,15:1<\/p>\n<p>&#13;<br \/>\n&#13;<\/p>\n<p>Veojala pikkus: 381 mm (15\u201d)<\/p>\n<p>&#13;<br \/>\n&#13;<\/p>\n<p>Kaal: 13,5 kg<\/p>\n<p>&#13;<br \/>\n&#13;<\/p>\n<p>Juhtimine: Rumpel<\/p>\n<p>&#13;<br \/>\n&#13;<\/p>\n<p>Starter: K\u00e4si<\/p>\n<p>&#13;<br \/>\n&#13;<\/p>\n<p>&nbsp;<\/p>\n<p>&#13;<\/p>\n","protected":false},"excerpt":{"rendered":"<p>Suzuki DF 2.5S paadimootor on v\u00e4ikseim neljataktiline kaasaskantav p\u00e4ramootor Suzuki valikus. Kaaludes vaid 13,5 kg, on see k\u00f5ige kergem neljataktiline paadimootor, mida Suzuki on t\u00e4naseks ehitanud. Suzuki v\u00f5ib ka uhkusega \u00f6elda, et DF 2.5 vastab karmidele EPA 2010 ja CARB 3 \u2013 Star Ultra Low heitmete standarditele. 2.5 hobuj\u00f5uline, \u00fche silindriga OHV paadimootor on piisavalt&#8230;<\/p>\n","protected":false},"featured_media":54823,"template":"","meta":{"_kad_blocks_custom_css":"","_kad_blocks_head_custom_js":"","_kad_blocks_body_custom_js":"","_kad_blocks_footer_custom_js":"","_kad_post_transparent":"","_kad_post_title":"","_kad_post_layout":"","_kad_post_sidebar_id":"","_kad_post_content_style":"","_kad_post_vertical_padding":"","_kad_post_feature":"","_kad_post_feature_position":"","_kad_post_header":false,"_kad_post_footer":false,"_kad_post_classname":""},"product_brand":[],"product_cat":[342],"product_tag":[],"class_list":{"0":"post-51860","1":"product","2":"type-product","3":"status-publish","4":"has-post-thumbnail","6":"product_cat-paadimootorid","7":"pa_color-must","8":"pa_producer-suzuki","9":"pa_unit-pcs","10":"tm-no-options","12":"first","13":"onbackorder","14":"taxable","15":"shipping-taxable","16":"purchasable","17":"product-type-simple","18":"entry","19":"content-bg","20":"loop-entry"},"yoast_head":"<!-- This site is optimized with the Yoast SEO plugin v27.3 - https:\/\/yoast.com\/product\/yoast-seo-wordpress\/ -->\n<title>P\u00c4RAMOOTOR- SUZUKI DF2.5 - NORDLINE s\u00f5udepaadid ja mootorpaadid. Klaasfiiber materjalist.<\/title>\n<meta name=\"robots\" content=\"index, follow, max-snippet:-1, max-image-preview:large, max-video-preview:-1\" \/>\n<link rel=\"canonical\" href=\"https:\/\/nordlinepaadid.ee\/et\/pood\/paadimootorid\/paramootor-suzuki-df2-5\/\" \/>\n<meta property=\"og:locale\" content=\"et_EE\" \/>\n<meta property=\"og:type\" content=\"article\" \/>\n<meta property=\"og:title\" content=\"P\u00c4RAMOOTOR- SUZUKI DF2.5 - NORDLINE s\u00f5udepaadid ja mootorpaadid. Klaasfiiber materjalist.\" \/>\n<meta property=\"og:description\" content=\"Suzuki DF 2.5S paadimootor on v\u00e4ikseim neljataktiline kaasaskantav p\u00e4ramootor Suzuki valikus. Kaaludes vaid 13,5 kg, on see k\u00f5ige kergem neljataktiline paadimootor, mida Suzuki on t\u00e4naseks ehitanud. Suzuki v\u00f5ib ka uhkusega \u00f6elda, et DF 2.5 vastab karmidele EPA 2010 ja CARB 3 \u2013 Star Ultra Low heitmete standarditele. 2.5 hobuj\u00f5uline, \u00fche silindriga OHV paadimootor on piisavalt...\" \/>\n<meta property=\"og:url\" content=\"https:\/\/nordlinepaadid.ee\/et\/pood\/paadimootorid\/paramootor-suzuki-df2-5\/\" \/>\n<meta property=\"og:site_name\" content=\"NORDLINE s\u00f5udepaadid ja mootorpaadid. Klaasfiiber materjalist.\" \/>\n<meta property=\"article:publisher\" content=\"https:\/\/www.facebook.com\/nordlineboats\" \/>\n<meta property=\"og:image\" content=\"https:\/\/nordlinepaadid.ee\/wp-content\/uploads\/2026\/02\/12502_SUZUKI-DF2.5S-1.png\" \/>\n\t<meta property=\"og:image:width\" content=\"435\" \/>\n\t<meta property=\"og:image:height\" content=\"588\" \/>\n\t<meta property=\"og:image:type\" content=\"image\/png\" \/>\n<meta name=\"twitter:card\" content=\"summary_large_image\" \/>\n<meta name=\"twitter:label1\" content=\"Est. reading time\" \/>\n\t<meta name=\"twitter:data1\" content=\"1 minut\" \/>\n<script type=\"application\/ld+json\" class=\"yoast-schema-graph\">{\"@context\":\"https:\\\/\\\/schema.org\",\"@graph\":[{\"@type\":\"WebPage\",\"@id\":\"https:\\\/\\\/nordlinepaadid.ee\\\/et\\\/pood\\\/paadimootorid\\\/paramootor-suzuki-df2-5\\\/\",\"url\":\"https:\\\/\\\/nordlinepaadid.ee\\\/et\\\/pood\\\/paadimootorid\\\/paramootor-suzuki-df2-5\\\/\",\"name\":\"P\u00c4RAMOOTOR- SUZUKI DF2.5 - NORDLINE s\u00f5udepaadid ja mootorpaadid. Klaasfiiber materjalist.\",\"isPartOf\":{\"@id\":\"https:\\\/\\\/nordlinepaadid.ee\\\/et\\\/#website\"},\"primaryImageOfPage\":{\"@id\":\"https:\\\/\\\/nordlinepaadid.ee\\\/et\\\/pood\\\/paadimootorid\\\/paramootor-suzuki-df2-5\\\/#primaryimage\"},\"image\":{\"@id\":\"https:\\\/\\\/nordlinepaadid.ee\\\/et\\\/pood\\\/paadimootorid\\\/paramootor-suzuki-df2-5\\\/#primaryimage\"},\"thumbnailUrl\":\"https:\\\/\\\/nordlinepaadid.ee\\\/wp-content\\\/uploads\\\/2026\\\/02\\\/12502_SUZUKI-DF2.5S-1.png\",\"datePublished\":\"2026-04-07T00:28:54+00:00\",\"breadcrumb\":{\"@id\":\"https:\\\/\\\/nordlinepaadid.ee\\\/et\\\/pood\\\/paadimootorid\\\/paramootor-suzuki-df2-5\\\/#breadcrumb\"},\"inLanguage\":\"et\",\"potentialAction\":[{\"@type\":\"ReadAction\",\"target\":[\"https:\\\/\\\/nordlinepaadid.ee\\\/et\\\/pood\\\/paadimootorid\\\/paramootor-suzuki-df2-5\\\/\"]}]},{\"@type\":\"ImageObject\",\"inLanguage\":\"et\",\"@id\":\"https:\\\/\\\/nordlinepaadid.ee\\\/et\\\/pood\\\/paadimootorid\\\/paramootor-suzuki-df2-5\\\/#primaryimage\",\"url\":\"https:\\\/\\\/nordlinepaadid.ee\\\/wp-content\\\/uploads\\\/2026\\\/02\\\/12502_SUZUKI-DF2.5S-1.png\",\"contentUrl\":\"https:\\\/\\\/nordlinepaadid.ee\\\/wp-content\\\/uploads\\\/2026\\\/02\\\/12502_SUZUKI-DF2.5S-1.png\",\"width\":435,\"height\":588},{\"@type\":\"BreadcrumbList\",\"@id\":\"https:\\\/\\\/nordlinepaadid.ee\\\/et\\\/pood\\\/paadimootorid\\\/paramootor-suzuki-df2-5\\\/#breadcrumb\",\"itemListElement\":[{\"@type\":\"ListItem\",\"position\":1,\"name\":\"Home\",\"item\":\"https:\\\/\\\/nordlinepaadid.ee\\\/et\\\/\"},{\"@type\":\"ListItem\",\"position\":2,\"name\":\"Pood\",\"item\":\"https:\\\/\\\/nordlinepaadid.ee\\\/et\\\/pood\\\/\"},{\"@type\":\"ListItem\",\"position\":3,\"name\":\"P\u00c4RAMOOTOR- SUZUKI DF2.5\"}]},{\"@type\":\"WebSite\",\"@id\":\"https:\\\/\\\/nordlinepaadid.ee\\\/et\\\/#website\",\"url\":\"https:\\\/\\\/nordlinepaadid.ee\\\/et\\\/\",\"name\":\"NORDLINE s\u00f5udepaadid ja mootorpaadid. Klaasfiiber materjalist.\",\"description\":\"\",\"publisher\":{\"@id\":\"https:\\\/\\\/nordlinepaadid.ee\\\/et\\\/#organization\"},\"potentialAction\":[{\"@type\":\"SearchAction\",\"target\":{\"@type\":\"EntryPoint\",\"urlTemplate\":\"https:\\\/\\\/nordlinepaadid.ee\\\/et\\\/?s={search_term_string}\"},\"query-input\":{\"@type\":\"PropertyValueSpecification\",\"valueRequired\":true,\"valueName\":\"search_term_string\"}}],\"inLanguage\":\"et\"},{\"@type\":\"Organization\",\"@id\":\"https:\\\/\\\/nordlinepaadid.ee\\\/et\\\/#organization\",\"name\":\"Nordlineboats\",\"url\":\"https:\\\/\\\/nordlinepaadid.ee\\\/et\\\/\",\"logo\":{\"@type\":\"ImageObject\",\"inLanguage\":\"et\",\"@id\":\"https:\\\/\\\/nordlinepaadid.ee\\\/et\\\/#\\\/schema\\\/logo\\\/image\\\/\",\"url\":\"https:\\\/\\\/nordlinepaadid.ee\\\/wp-content\\\/uploads\\\/2023\\\/01\\\/fulllogo_transparent_nobuffer-e1672750475494.png\",\"contentUrl\":\"https:\\\/\\\/nordlinepaadid.ee\\\/wp-content\\\/uploads\\\/2023\\\/01\\\/fulllogo_transparent_nobuffer-e1672750475494.png\",\"width\":150,\"height\":119,\"caption\":\"Nordlineboats\"},\"image\":{\"@id\":\"https:\\\/\\\/nordlinepaadid.ee\\\/et\\\/#\\\/schema\\\/logo\\\/image\\\/\"},\"sameAs\":[\"https:\\\/\\\/www.facebook.com\\\/nordlineboats\",\"https:\\\/\\\/www.youtube.com\\\/channel\\\/UCbgF0fy02y3QkFnujaLTaCA\"]}]}<\/script>\n<!-- \/ Yoast SEO plugin. -->","yoast_head_json":{"title":"P\u00c4RAMOOTOR- SUZUKI DF2.5 - NORDLINE s\u00f5udepaadid ja mootorpaadid. Klaasfiiber materjalist.","robots":{"index":"index","follow":"follow","max-snippet":"max-snippet:-1","max-image-preview":"max-image-preview:large","max-video-preview":"max-video-preview:-1"},"canonical":"https:\/\/nordlinepaadid.ee\/et\/pood\/paadimootorid\/paramootor-suzuki-df2-5\/","og_locale":"et_EE","og_type":"article","og_title":"P\u00c4RAMOOTOR- SUZUKI DF2.5 - NORDLINE s\u00f5udepaadid ja mootorpaadid. Klaasfiiber materjalist.","og_description":"Suzuki DF 2.5S paadimootor on v\u00e4ikseim neljataktiline kaasaskantav p\u00e4ramootor Suzuki valikus. Kaaludes vaid 13,5 kg, on see k\u00f5ige kergem neljataktiline paadimootor, mida Suzuki on t\u00e4naseks ehitanud. Suzuki v\u00f5ib ka uhkusega \u00f6elda, et DF 2.5 vastab karmidele EPA 2010 ja CARB 3 \u2013 Star Ultra Low heitmete standarditele. 2.5 hobuj\u00f5uline, \u00fche silindriga OHV paadimootor on piisavalt...","og_url":"https:\/\/nordlinepaadid.ee\/et\/pood\/paadimootorid\/paramootor-suzuki-df2-5\/","og_site_name":"NORDLINE s\u00f5udepaadid ja mootorpaadid. Klaasfiiber materjalist.","article_publisher":"https:\/\/www.facebook.com\/nordlineboats","og_image":[{"width":435,"height":588,"url":"https:\/\/nordlinepaadid.ee\/wp-content\/uploads\/2026\/02\/12502_SUZUKI-DF2.5S-1.png","type":"image\/png"}],"twitter_card":"summary_large_image","twitter_misc":{"Est. reading time":"1 minut"},"schema":{"@context":"https:\/\/schema.org","@graph":[{"@type":"WebPage","@id":"https:\/\/nordlinepaadid.ee\/et\/pood\/paadimootorid\/paramootor-suzuki-df2-5\/","url":"https:\/\/nordlinepaadid.ee\/et\/pood\/paadimootorid\/paramootor-suzuki-df2-5\/","name":"P\u00c4RAMOOTOR- SUZUKI DF2.5 - NORDLINE s\u00f5udepaadid ja mootorpaadid. Klaasfiiber materjalist.","isPartOf":{"@id":"https:\/\/nordlinepaadid.ee\/et\/#website"},"primaryImageOfPage":{"@id":"https:\/\/nordlinepaadid.ee\/et\/pood\/paadimootorid\/paramootor-suzuki-df2-5\/#primaryimage"},"image":{"@id":"https:\/\/nordlinepaadid.ee\/et\/pood\/paadimootorid\/paramootor-suzuki-df2-5\/#primaryimage"},"thumbnailUrl":"https:\/\/nordlinepaadid.ee\/wp-content\/uploads\/2026\/02\/12502_SUZUKI-DF2.5S-1.png","datePublished":"2026-04-07T00:28:54+00:00","breadcrumb":{"@id":"https:\/\/nordlinepaadid.ee\/et\/pood\/paadimootorid\/paramootor-suzuki-df2-5\/#breadcrumb"},"inLanguage":"et","potentialAction":[{"@type":"ReadAction","target":["https:\/\/nordlinepaadid.ee\/et\/pood\/paadimootorid\/paramootor-suzuki-df2-5\/"]}]},{"@type":"ImageObject","inLanguage":"et","@id":"https:\/\/nordlinepaadid.ee\/et\/pood\/paadimootorid\/paramootor-suzuki-df2-5\/#primaryimage","url":"https:\/\/nordlinepaadid.ee\/wp-content\/uploads\/2026\/02\/12502_SUZUKI-DF2.5S-1.png","contentUrl":"https:\/\/nordlinepaadid.ee\/wp-content\/uploads\/2026\/02\/12502_SUZUKI-DF2.5S-1.png","width":435,"height":588},{"@type":"BreadcrumbList","@id":"https:\/\/nordlinepaadid.ee\/et\/pood\/paadimootorid\/paramootor-suzuki-df2-5\/#breadcrumb","itemListElement":[{"@type":"ListItem","position":1,"name":"Home","item":"https:\/\/nordlinepaadid.ee\/et\/"},{"@type":"ListItem","position":2,"name":"Pood","item":"https:\/\/nordlinepaadid.ee\/et\/pood\/"},{"@type":"ListItem","position":3,"name":"P\u00c4RAMOOTOR- SUZUKI DF2.5"}]},{"@type":"WebSite","@id":"https:\/\/nordlinepaadid.ee\/et\/#website","url":"https:\/\/nordlinepaadid.ee\/et\/","name":"NORDLINE s\u00f5udepaadid ja mootorpaadid. Klaasfiiber materjalist.","description":"","publisher":{"@id":"https:\/\/nordlinepaadid.ee\/et\/#organization"},"potentialAction":[{"@type":"SearchAction","target":{"@type":"EntryPoint","urlTemplate":"https:\/\/nordlinepaadid.ee\/et\/?s={search_term_string}"},"query-input":{"@type":"PropertyValueSpecification","valueRequired":true,"valueName":"search_term_string"}}],"inLanguage":"et"},{"@type":"Organization","@id":"https:\/\/nordlinepaadid.ee\/et\/#organization","name":"Nordlineboats","url":"https:\/\/nordlinepaadid.ee\/et\/","logo":{"@type":"ImageObject","inLanguage":"et","@id":"https:\/\/nordlinepaadid.ee\/et\/#\/schema\/logo\/image\/","url":"https:\/\/nordlinepaadid.ee\/wp-content\/uploads\/2023\/01\/fulllogo_transparent_nobuffer-e1672750475494.png","contentUrl":"https:\/\/nordlinepaadid.ee\/wp-content\/uploads\/2023\/01\/fulllogo_transparent_nobuffer-e1672750475494.png","width":150,"height":119,"caption":"Nordlineboats"},"image":{"@id":"https:\/\/nordlinepaadid.ee\/et\/#\/schema\/logo\/image\/"},"sameAs":["https:\/\/www.facebook.com\/nordlineboats","https:\/\/www.youtube.com\/channel\/UCbgF0fy02y3QkFnujaLTaCA"]}]}},"taxonomy_info":{"product_cat":[{"value":342,"label":"PAADIMOOTORID"}],"pa_color":[{"value":684,"label":"Must"}],"pa_producer":[{"value":1732,"label":"Suzuki"}],"pa_unit":[{"value":416,"label":"pcs"}]},"featured_image_src_large":["https:\/\/nordlinepaadid.ee\/wp-content\/uploads\/2026\/02\/12502_SUZUKI-DF2.5S-1.png",435,588,false],"author_info":[],"comment_info":"","_links":{"self":[{"href":"https:\/\/nordlinepaadid.ee\/et\/wp-json\/wp\/v2\/product\/51860","targetHints":{"allow":["GET"]}}],"collection":[{"href":"https:\/\/nordlinepaadid.ee\/et\/wp-json\/wp\/v2\/product"}],"about":[{"href":"https:\/\/nordlinepaadid.ee\/et\/wp-json\/wp\/v2\/types\/product"}],"wp:featuredmedia":[{"embeddable":true,"href":"https:\/\/nordlinepaadid.ee\/et\/wp-json\/wp\/v2\/media\/54823"}],"wp:attachment":[{"href":"https:\/\/nordlinepaadid.ee\/et\/wp-json\/wp\/v2\/media?parent=51860"}],"wp:term":[{"taxonomy":"product_brand","embeddable":true,"href":"https:\/\/nordlinepaadid.ee\/et\/wp-json\/wp\/v2\/product_brand?post=51860"},{"taxonomy":"product_cat","embeddable":true,"href":"https:\/\/nordlinepaadid.ee\/et\/wp-json\/wp\/v2\/product_cat?post=51860"},{"taxonomy":"product_tag","embeddable":true,"href":"https:\/\/nordlinepaadid.ee\/et\/wp-json\/wp\/v2\/product_tag?post=51860"}],"curies":[{"name":"wp","href":"https:\/\/api.w.org\/{rel}","templated":true}]}}