{"id":51863,"date":"2026-04-07T03:28:54","date_gmt":"2026-04-07T00:28:54","guid":{"rendered":"https:\/\/nordlinepaadid.ee\/toode\/maaratlemata\/paramootor-suzuki-df20as\/"},"modified":"2026-04-07T03:28:54","modified_gmt":"2026-04-07T00:28:54","slug":"paramootor-suzuki-df20as","status":"publish","type":"product","link":"https:\/\/nordlinepaadid.ee\/et\/pood\/paadimootorid\/paramootor-suzuki-df20as\/","title":{"rendered":"P\u00c4RAMOOTOR- SUZUKI DF20AS"},"content":{"rendered":"<p style=\"text-align:justify\">Suzuki paadimootor DF20 AS esindab uut generatsiooni portatiivsete neljataktiliste p\u00e4ramootorite tootmises. DF20 AS on varustatud elektroonilise mitmikpunkt sissepritsega, mis annab m\u00e4rgatava eelise karburaatoriga varustatud paadimootorite ees. Lean Burn tehnoloogia tagab vaieldamatult madalaima v\u00f5imaliku k\u00fctusekulu. Automaatselt t\u00f6\u00f6tav dekompressiooni s\u00fcsteem v\u00e4hendab oluliselt paadimootori k\u00e4ivitamiseks vajaliku j\u00f5u hulka. Elektrooniline sissepritse s\u00fcsteem v\u00f5imaldab vajadusel kiiret diagnostikat ning teavitab kasutajat hoolduse vajadusest. DF20 AS standardvarustusse kuulub s\u00f5ukruvi, 12 liitrine k\u00fctusepaak ja k\u00fctusevoolik.<\/p>\n<p>&#13;<br \/>\n&#13;<\/p>\n<p style=\"text-align:justify\">&nbsp;<\/p>\n<p>&#13;<br \/>\n&#13;<\/p>\n<p style=\"text-align:justify\"><strong>Tehnilised andmed:<\/strong><\/p>\n<p>&#13;<br \/>\n&#13;<\/p>\n<p style=\"text-align:justify\">Mootori t\u00fc\u00fcp: 4 takti OHV<\/p>\n<p>&#13;<br \/>\n&#13;<\/p>\n<p style=\"text-align:justify\">Kubatuur: 327 cm3<\/p>\n<p>&#13;<br \/>\n&#13;<\/p>\n<p style=\"text-align:justify\">V\u00f5imsus: 20 hj \/ 14,7 kW<\/p>\n<p>&#13;<br \/>\n&#13;<\/p>\n<p style=\"text-align:justify\">Maksimaalne p\u00f6\u00f6rete arv: 5300 \u2013 6300 p\/min<\/p>\n<p>&#13;<br \/>\n&#13;<\/p>\n<p style=\"text-align:justify\">Silindrite arv: 2<\/p>\n<p>&#13;<br \/>\n&#13;<\/p>\n<p style=\"text-align:justify\">Toites\u00fcsteem: Sissepritse<\/p>\n<p>&#13;<br \/>\n&#13;<\/p>\n<p style=\"text-align:justify\">K\u00e4igud: F \u2013 N \u2013 R<\/p>\n<p>&#13;<br \/>\n&#13;<\/p>\n<p style=\"text-align:justify\">\u00dclekandearv: 2,08:1<\/p>\n<p>&#13;<br \/>\n&#13;<\/p>\n<p style=\"text-align:justify\">Veojala pikkus: 381 mm (15\u2033)<\/p>\n<p>&#13;<br \/>\n&#13;<\/p>\n<p style=\"text-align:justify\">Kaal: 44 kg<\/p>\n<p>&#13;<br \/>\n&#13;<\/p>\n<p style=\"text-align:justify\">Juhtimine: Rumpel<\/p>\n<p>&#13;<br \/>\n&#13;<\/p>\n<p style=\"text-align:justify\">Starter: K\u00e4si<\/p>\n<p>&#13;<br \/>\n&#13;<\/p>\n<p style=\"text-align:justify\">Mootori kallutamine: K\u00e4si<\/p>\n<p>&#13;<br \/>\n&#13;<\/p>\n<p style=\"text-align:justify\">&nbsp;<\/p>\n<p>&#13;<br \/>\n&#13;<\/p>\n<p style=\"text-align:justify\"><strong>Lisavarustus:<\/strong><\/p>\n<p>&#13;<br \/>\n&#13;<\/p>\n<p style=\"text-align:justify\">Generaatori komplekt 12V \/ 6A<\/p>\n<p>&#13;<br \/>\n&#13;<\/p>\n<p style=\"text-align:justify\">Analoog n\u00e4idikud<\/p>\n<p>&#13;<br \/>\n&#13;<\/p>\n<p style=\"text-align:justify\">Digitaalne multifunktsionaalne n\u00e4idik<\/p>\n<p>&#13;<br \/>\n&#13;<\/p>\n<p style=\"text-align:justify\">&nbsp;<\/p>\n<p>&#13;<\/p>\n","protected":false},"excerpt":{"rendered":"<p>Suzuki paadimootor DF20 AS esindab uut generatsiooni portatiivsete neljataktiliste p\u00e4ramootorite tootmises. DF20 AS on varustatud elektroonilise mitmikpunkt sissepritsega, mis annab m\u00e4rgatava eelise karburaatoriga varustatud paadimootorite ees. Lean Burn tehnoloogia tagab vaieldamatult madalaima v\u00f5imaliku k\u00fctusekulu. Automaatselt t\u00f6\u00f6tav dekompressiooni s\u00fcsteem v\u00e4hendab oluliselt paadimootori k\u00e4ivitamiseks vajaliku j\u00f5u hulka. Elektrooniline sissepritse s\u00fcsteem v\u00f5imaldab vajadusel kiiret diagnostikat ning teavitab kasutajat&#8230;<\/p>\n","protected":false},"featured_media":54829,"template":"","meta":{"_kad_blocks_custom_css":"","_kad_blocks_head_custom_js":"","_kad_blocks_body_custom_js":"","_kad_blocks_footer_custom_js":"","_kad_post_transparent":"","_kad_post_title":"","_kad_post_layout":"","_kad_post_sidebar_id":"","_kad_post_content_style":"","_kad_post_vertical_padding":"","_kad_post_feature":"","_kad_post_feature_position":"","_kad_post_header":false,"_kad_post_footer":false,"_kad_post_classname":""},"product_brand":[],"product_cat":[342],"product_tag":[],"class_list":{"0":"post-51863","1":"product","2":"type-product","3":"status-publish","4":"has-post-thumbnail","6":"product_cat-paadimootorid","7":"pa_color-must","8":"pa_producer-suzuki","9":"pa_unit-pcs","10":"tm-no-options","12":"first","13":"onbackorder","14":"taxable","15":"shipping-taxable","16":"purchasable","17":"product-type-simple","18":"entry","19":"content-bg","20":"loop-entry"},"yoast_head":"<!-- This site is optimized with the Yoast SEO plugin v27.3 - https:\/\/yoast.com\/product\/yoast-seo-wordpress\/ -->\n<title>P\u00c4RAMOOTOR- SUZUKI DF20AS - NORDLINE s\u00f5udepaadid ja mootorpaadid. Klaasfiiber materjalist.<\/title>\n<meta name=\"robots\" content=\"index, follow, max-snippet:-1, max-image-preview:large, max-video-preview:-1\" \/>\n<link rel=\"canonical\" href=\"https:\/\/nordlinepaadid.ee\/et\/pood\/paadimootorid\/paramootor-suzuki-df20as\/\" \/>\n<meta property=\"og:locale\" content=\"et_EE\" \/>\n<meta property=\"og:type\" content=\"article\" \/>\n<meta property=\"og:title\" content=\"P\u00c4RAMOOTOR- SUZUKI DF20AS - NORDLINE s\u00f5udepaadid ja mootorpaadid. Klaasfiiber materjalist.\" \/>\n<meta property=\"og:description\" content=\"Suzuki paadimootor DF20 AS esindab uut generatsiooni portatiivsete neljataktiliste p\u00e4ramootorite tootmises. DF20 AS on varustatud elektroonilise mitmikpunkt sissepritsega, mis annab m\u00e4rgatava eelise karburaatoriga varustatud paadimootorite ees. Lean Burn tehnoloogia tagab vaieldamatult madalaima v\u00f5imaliku k\u00fctusekulu. Automaatselt t\u00f6\u00f6tav dekompressiooni s\u00fcsteem v\u00e4hendab oluliselt paadimootori k\u00e4ivitamiseks vajaliku j\u00f5u hulka. Elektrooniline sissepritse s\u00fcsteem v\u00f5imaldab vajadusel kiiret diagnostikat ning teavitab kasutajat...\" \/>\n<meta property=\"og:url\" content=\"https:\/\/nordlinepaadid.ee\/et\/pood\/paadimootorid\/paramootor-suzuki-df20as\/\" \/>\n<meta property=\"og:site_name\" content=\"NORDLINE s\u00f5udepaadid ja mootorpaadid. Klaasfiiber materjalist.\" \/>\n<meta property=\"article:publisher\" content=\"https:\/\/www.facebook.com\/nordlineboats\" \/>\n<meta property=\"og:image\" content=\"https:\/\/nordlinepaadid.ee\/wp-content\/uploads\/2026\/02\/12506_SUZUKI-DF20AS-1.png\" \/>\n\t<meta property=\"og:image:width\" content=\"443\" \/>\n\t<meta property=\"og:image:height\" content=\"557\" \/>\n\t<meta property=\"og:image:type\" content=\"image\/png\" \/>\n<meta name=\"twitter:card\" content=\"summary_large_image\" \/>\n<meta name=\"twitter:label1\" content=\"Est. reading time\" \/>\n\t<meta name=\"twitter:data1\" content=\"1 minut\" \/>\n<script type=\"application\/ld+json\" class=\"yoast-schema-graph\">{\"@context\":\"https:\\\/\\\/schema.org\",\"@graph\":[{\"@type\":\"WebPage\",\"@id\":\"https:\\\/\\\/nordlinepaadid.ee\\\/et\\\/pood\\\/paadimootorid\\\/paramootor-suzuki-df20as\\\/\",\"url\":\"https:\\\/\\\/nordlinepaadid.ee\\\/et\\\/pood\\\/paadimootorid\\\/paramootor-suzuki-df20as\\\/\",\"name\":\"P\u00c4RAMOOTOR- SUZUKI DF20AS - NORDLINE s\u00f5udepaadid ja mootorpaadid. Klaasfiiber materjalist.\",\"isPartOf\":{\"@id\":\"https:\\\/\\\/nordlinepaadid.ee\\\/et\\\/#website\"},\"primaryImageOfPage\":{\"@id\":\"https:\\\/\\\/nordlinepaadid.ee\\\/et\\\/pood\\\/paadimootorid\\\/paramootor-suzuki-df20as\\\/#primaryimage\"},\"image\":{\"@id\":\"https:\\\/\\\/nordlinepaadid.ee\\\/et\\\/pood\\\/paadimootorid\\\/paramootor-suzuki-df20as\\\/#primaryimage\"},\"thumbnailUrl\":\"https:\\\/\\\/nordlinepaadid.ee\\\/wp-content\\\/uploads\\\/2026\\\/02\\\/12506_SUZUKI-DF20AS-1.png\",\"datePublished\":\"2026-04-07T00:28:54+00:00\",\"breadcrumb\":{\"@id\":\"https:\\\/\\\/nordlinepaadid.ee\\\/et\\\/pood\\\/paadimootorid\\\/paramootor-suzuki-df20as\\\/#breadcrumb\"},\"inLanguage\":\"et\",\"potentialAction\":[{\"@type\":\"ReadAction\",\"target\":[\"https:\\\/\\\/nordlinepaadid.ee\\\/et\\\/pood\\\/paadimootorid\\\/paramootor-suzuki-df20as\\\/\"]}]},{\"@type\":\"ImageObject\",\"inLanguage\":\"et\",\"@id\":\"https:\\\/\\\/nordlinepaadid.ee\\\/et\\\/pood\\\/paadimootorid\\\/paramootor-suzuki-df20as\\\/#primaryimage\",\"url\":\"https:\\\/\\\/nordlinepaadid.ee\\\/wp-content\\\/uploads\\\/2026\\\/02\\\/12506_SUZUKI-DF20AS-1.png\",\"contentUrl\":\"https:\\\/\\\/nordlinepaadid.ee\\\/wp-content\\\/uploads\\\/2026\\\/02\\\/12506_SUZUKI-DF20AS-1.png\",\"width\":443,\"height\":557},{\"@type\":\"BreadcrumbList\",\"@id\":\"https:\\\/\\\/nordlinepaadid.ee\\\/et\\\/pood\\\/paadimootorid\\\/paramootor-suzuki-df20as\\\/#breadcrumb\",\"itemListElement\":[{\"@type\":\"ListItem\",\"position\":1,\"name\":\"Home\",\"item\":\"https:\\\/\\\/nordlinepaadid.ee\\\/et\\\/\"},{\"@type\":\"ListItem\",\"position\":2,\"name\":\"Pood\",\"item\":\"https:\\\/\\\/nordlinepaadid.ee\\\/et\\\/pood\\\/\"},{\"@type\":\"ListItem\",\"position\":3,\"name\":\"P\u00c4RAMOOTOR- SUZUKI DF20AS\"}]},{\"@type\":\"WebSite\",\"@id\":\"https:\\\/\\\/nordlinepaadid.ee\\\/et\\\/#website\",\"url\":\"https:\\\/\\\/nordlinepaadid.ee\\\/et\\\/\",\"name\":\"NORDLINE s\u00f5udepaadid ja mootorpaadid. Klaasfiiber materjalist.\",\"description\":\"\",\"publisher\":{\"@id\":\"https:\\\/\\\/nordlinepaadid.ee\\\/et\\\/#organization\"},\"potentialAction\":[{\"@type\":\"SearchAction\",\"target\":{\"@type\":\"EntryPoint\",\"urlTemplate\":\"https:\\\/\\\/nordlinepaadid.ee\\\/et\\\/?s={search_term_string}\"},\"query-input\":{\"@type\":\"PropertyValueSpecification\",\"valueRequired\":true,\"valueName\":\"search_term_string\"}}],\"inLanguage\":\"et\"},{\"@type\":\"Organization\",\"@id\":\"https:\\\/\\\/nordlinepaadid.ee\\\/et\\\/#organization\",\"name\":\"Nordlineboats\",\"url\":\"https:\\\/\\\/nordlinepaadid.ee\\\/et\\\/\",\"logo\":{\"@type\":\"ImageObject\",\"inLanguage\":\"et\",\"@id\":\"https:\\\/\\\/nordlinepaadid.ee\\\/et\\\/#\\\/schema\\\/logo\\\/image\\\/\",\"url\":\"https:\\\/\\\/nordlinepaadid.ee\\\/wp-content\\\/uploads\\\/2023\\\/01\\\/fulllogo_transparent_nobuffer-e1672750475494.png\",\"contentUrl\":\"https:\\\/\\\/nordlinepaadid.ee\\\/wp-content\\\/uploads\\\/2023\\\/01\\\/fulllogo_transparent_nobuffer-e1672750475494.png\",\"width\":150,\"height\":119,\"caption\":\"Nordlineboats\"},\"image\":{\"@id\":\"https:\\\/\\\/nordlinepaadid.ee\\\/et\\\/#\\\/schema\\\/logo\\\/image\\\/\"},\"sameAs\":[\"https:\\\/\\\/www.facebook.com\\\/nordlineboats\",\"https:\\\/\\\/www.youtube.com\\\/channel\\\/UCbgF0fy02y3QkFnujaLTaCA\"]}]}<\/script>\n<!-- \/ Yoast SEO plugin. -->","yoast_head_json":{"title":"P\u00c4RAMOOTOR- SUZUKI DF20AS - NORDLINE s\u00f5udepaadid ja mootorpaadid. Klaasfiiber materjalist.","robots":{"index":"index","follow":"follow","max-snippet":"max-snippet:-1","max-image-preview":"max-image-preview:large","max-video-preview":"max-video-preview:-1"},"canonical":"https:\/\/nordlinepaadid.ee\/et\/pood\/paadimootorid\/paramootor-suzuki-df20as\/","og_locale":"et_EE","og_type":"article","og_title":"P\u00c4RAMOOTOR- SUZUKI DF20AS - NORDLINE s\u00f5udepaadid ja mootorpaadid. Klaasfiiber materjalist.","og_description":"Suzuki paadimootor DF20 AS esindab uut generatsiooni portatiivsete neljataktiliste p\u00e4ramootorite tootmises. DF20 AS on varustatud elektroonilise mitmikpunkt sissepritsega, mis annab m\u00e4rgatava eelise karburaatoriga varustatud paadimootorite ees. Lean Burn tehnoloogia tagab vaieldamatult madalaima v\u00f5imaliku k\u00fctusekulu. Automaatselt t\u00f6\u00f6tav dekompressiooni s\u00fcsteem v\u00e4hendab oluliselt paadimootori k\u00e4ivitamiseks vajaliku j\u00f5u hulka. Elektrooniline sissepritse s\u00fcsteem v\u00f5imaldab vajadusel kiiret diagnostikat ning teavitab kasutajat...","og_url":"https:\/\/nordlinepaadid.ee\/et\/pood\/paadimootorid\/paramootor-suzuki-df20as\/","og_site_name":"NORDLINE s\u00f5udepaadid ja mootorpaadid. Klaasfiiber materjalist.","article_publisher":"https:\/\/www.facebook.com\/nordlineboats","og_image":[{"width":443,"height":557,"url":"https:\/\/nordlinepaadid.ee\/wp-content\/uploads\/2026\/02\/12506_SUZUKI-DF20AS-1.png","type":"image\/png"}],"twitter_card":"summary_large_image","twitter_misc":{"Est. reading time":"1 minut"},"schema":{"@context":"https:\/\/schema.org","@graph":[{"@type":"WebPage","@id":"https:\/\/nordlinepaadid.ee\/et\/pood\/paadimootorid\/paramootor-suzuki-df20as\/","url":"https:\/\/nordlinepaadid.ee\/et\/pood\/paadimootorid\/paramootor-suzuki-df20as\/","name":"P\u00c4RAMOOTOR- SUZUKI DF20AS - NORDLINE s\u00f5udepaadid ja mootorpaadid. Klaasfiiber materjalist.","isPartOf":{"@id":"https:\/\/nordlinepaadid.ee\/et\/#website"},"primaryImageOfPage":{"@id":"https:\/\/nordlinepaadid.ee\/et\/pood\/paadimootorid\/paramootor-suzuki-df20as\/#primaryimage"},"image":{"@id":"https:\/\/nordlinepaadid.ee\/et\/pood\/paadimootorid\/paramootor-suzuki-df20as\/#primaryimage"},"thumbnailUrl":"https:\/\/nordlinepaadid.ee\/wp-content\/uploads\/2026\/02\/12506_SUZUKI-DF20AS-1.png","datePublished":"2026-04-07T00:28:54+00:00","breadcrumb":{"@id":"https:\/\/nordlinepaadid.ee\/et\/pood\/paadimootorid\/paramootor-suzuki-df20as\/#breadcrumb"},"inLanguage":"et","potentialAction":[{"@type":"ReadAction","target":["https:\/\/nordlinepaadid.ee\/et\/pood\/paadimootorid\/paramootor-suzuki-df20as\/"]}]},{"@type":"ImageObject","inLanguage":"et","@id":"https:\/\/nordlinepaadid.ee\/et\/pood\/paadimootorid\/paramootor-suzuki-df20as\/#primaryimage","url":"https:\/\/nordlinepaadid.ee\/wp-content\/uploads\/2026\/02\/12506_SUZUKI-DF20AS-1.png","contentUrl":"https:\/\/nordlinepaadid.ee\/wp-content\/uploads\/2026\/02\/12506_SUZUKI-DF20AS-1.png","width":443,"height":557},{"@type":"BreadcrumbList","@id":"https:\/\/nordlinepaadid.ee\/et\/pood\/paadimootorid\/paramootor-suzuki-df20as\/#breadcrumb","itemListElement":[{"@type":"ListItem","position":1,"name":"Home","item":"https:\/\/nordlinepaadid.ee\/et\/"},{"@type":"ListItem","position":2,"name":"Pood","item":"https:\/\/nordlinepaadid.ee\/et\/pood\/"},{"@type":"ListItem","position":3,"name":"P\u00c4RAMOOTOR- SUZUKI DF20AS"}]},{"@type":"WebSite","@id":"https:\/\/nordlinepaadid.ee\/et\/#website","url":"https:\/\/nordlinepaadid.ee\/et\/","name":"NORDLINE s\u00f5udepaadid ja mootorpaadid. Klaasfiiber materjalist.","description":"","publisher":{"@id":"https:\/\/nordlinepaadid.ee\/et\/#organization"},"potentialAction":[{"@type":"SearchAction","target":{"@type":"EntryPoint","urlTemplate":"https:\/\/nordlinepaadid.ee\/et\/?s={search_term_string}"},"query-input":{"@type":"PropertyValueSpecification","valueRequired":true,"valueName":"search_term_string"}}],"inLanguage":"et"},{"@type":"Organization","@id":"https:\/\/nordlinepaadid.ee\/et\/#organization","name":"Nordlineboats","url":"https:\/\/nordlinepaadid.ee\/et\/","logo":{"@type":"ImageObject","inLanguage":"et","@id":"https:\/\/nordlinepaadid.ee\/et\/#\/schema\/logo\/image\/","url":"https:\/\/nordlinepaadid.ee\/wp-content\/uploads\/2023\/01\/fulllogo_transparent_nobuffer-e1672750475494.png","contentUrl":"https:\/\/nordlinepaadid.ee\/wp-content\/uploads\/2023\/01\/fulllogo_transparent_nobuffer-e1672750475494.png","width":150,"height":119,"caption":"Nordlineboats"},"image":{"@id":"https:\/\/nordlinepaadid.ee\/et\/#\/schema\/logo\/image\/"},"sameAs":["https:\/\/www.facebook.com\/nordlineboats","https:\/\/www.youtube.com\/channel\/UCbgF0fy02y3QkFnujaLTaCA"]}]}},"taxonomy_info":{"product_cat":[{"value":342,"label":"PAADIMOOTORID"}],"pa_color":[{"value":684,"label":"Must"}],"pa_producer":[{"value":1732,"label":"Suzuki"}],"pa_unit":[{"value":416,"label":"pcs"}]},"featured_image_src_large":["https:\/\/nordlinepaadid.ee\/wp-content\/uploads\/2026\/02\/12506_SUZUKI-DF20AS-1.png",443,557,false],"author_info":[],"comment_info":"","_links":{"self":[{"href":"https:\/\/nordlinepaadid.ee\/et\/wp-json\/wp\/v2\/product\/51863","targetHints":{"allow":["GET"]}}],"collection":[{"href":"https:\/\/nordlinepaadid.ee\/et\/wp-json\/wp\/v2\/product"}],"about":[{"href":"https:\/\/nordlinepaadid.ee\/et\/wp-json\/wp\/v2\/types\/product"}],"wp:featuredmedia":[{"embeddable":true,"href":"https:\/\/nordlinepaadid.ee\/et\/wp-json\/wp\/v2\/media\/54829"}],"wp:attachment":[{"href":"https:\/\/nordlinepaadid.ee\/et\/wp-json\/wp\/v2\/media?parent=51863"}],"wp:term":[{"taxonomy":"product_brand","embeddable":true,"href":"https:\/\/nordlinepaadid.ee\/et\/wp-json\/wp\/v2\/product_brand?post=51863"},{"taxonomy":"product_cat","embeddable":true,"href":"https:\/\/nordlinepaadid.ee\/et\/wp-json\/wp\/v2\/product_cat?post=51863"},{"taxonomy":"product_tag","embeddable":true,"href":"https:\/\/nordlinepaadid.ee\/et\/wp-json\/wp\/v2\/product_tag?post=51863"}],"curies":[{"name":"wp","href":"https:\/\/api.w.org\/{rel}","templated":true}]}}