{"id":51867,"date":"2025-04-22T09:17:01","date_gmt":"2025-04-22T06:17:01","guid":{"rendered":"https:\/\/nordlinepaadid.ee\/?post_type=product&#038;p=51867"},"modified":"2025-05-27T16:18:40","modified_gmt":"2025-05-27T13:18:40","slug":"paadimootor-tohatsu-mfs-9-9-cyl","status":"publish","type":"product","link":"https:\/\/nordlinepaadid.ee\/et\/pood\/tohatsu-paadimootorid\/paadimootor-tohatsu-mfs-9-9-cyl\/","title":{"rendered":"Paadimootor Tohatsu MFS 9.9 CYL"},"content":{"rendered":"<h1>Paadimootor Tohatsu MFS 9.9 CYL<\/h1>\n<p>Uuendused v\u00f5imaldasid Tohatsul oma valikusse tuua uue neljataktilise elektroonilise k\u00fctuse sissepritsega (EFI) paadimootorid 9,9 hj EFI Sport.<\/p>\n<p>MFS 9.9 akudeta EFI-s\u00fcsteem pakub v\u00f5rreldes varasemate karburaatoriga mudelitega suurep\u00e4rase k\u00e4ivitamise. Samuti ei vaja EFI rippmootorid k\u00e4ivitamisel \u00f5huklappi ja m\u00e4rgata on ka sujuvamat kiirendust k\u00f5igis RPM-vahemikes.<\/p>\n<table id=\"motors\">\n<tbody>\n<tr>\n<th>Mudel<\/th>\n<th>Ahtripeeglile k\u00f5rgusega<\/th>\n<th>Silindreid<\/th>\n<th>Elektriline start<\/th>\n<th>K\u00e4si- juhtimine<\/th>\n<th>distants- juhtimine<\/th>\n<th>12V laadimine<\/th>\n<th>El. trimm<\/th>\n<th>K\u00fctusepaak<\/th>\n<th>S\u00f5ukruvi<\/th>\n<\/tr>\n<tr>\n<td><a href=\"https:\/\/nordlinepaadid.ee\/et\/toode\/outboard-motors\/tohatsu\/paadimootor-tohatsu-mfs9-9eepl\/\">Tohatsu MFS 9,9 CYS<\/a><\/td>\n<td>15&#8243;<\/td>\n<td>2<\/td>\n<td><\/td>\n<td>S<\/td>\n<td><\/td>\n<td><\/td>\n<td><\/td>\n<td>S<\/td>\n<td>S<\/td>\n<\/tr>\n<tr>\n<td><strong><a href=\"https:\/\/nordlinepaadid.ee\/et\/toode\/outboard-motors\/tohatsu\/paadimootor-tohatsu-mfs-9-9-cyl\/\">Tohatsu MFS 9,9 CYL<\/a><\/strong><\/td>\n<td>20&#8243;<\/td>\n<td>2<\/td>\n<td><\/td>\n<td>S<\/td>\n<td><\/td>\n<td><\/td>\n<td><\/td>\n<td>S<\/td>\n<td>S<\/td>\n<\/tr>\n<tr>\n<td><a href=\"https:\/\/nordlinepaadid.ee\/et\/toode\/outboard-motors\/tohatsu\/paadimootor-tohatsu-mfs-9-9-cyefs\/\">Tohatsu MFS 9,9 CYEFS<\/a><\/td>\n<td>15&#8243;<\/td>\n<td>2<\/td>\n<td>S<\/td>\n<td>S<\/td>\n<td><\/td>\n<td>S<\/td>\n<td><\/td>\n<td>S<\/td>\n<td>S<\/td>\n<\/tr>\n<tr>\n<td><a href=\"https:\/\/nordlinepaadid.ee\/et\/toode\/outboard-motors\/tohatsu\/paadimootor-tohatsu-mfs-9-9-cyefl\/\">Tohatsu MFS9.9 CYEFL<\/a><\/td>\n<td>20&#8243;<\/td>\n<td>2<\/td>\n<td>S<\/td>\n<td>S<\/td>\n<td><\/td>\n<td>S<\/td>\n<td><\/td>\n<td>S<\/td>\n<td>S<\/td>\n<\/tr>\n<tr>\n<td><a href=\"https:\/\/nordlinepaadid.ee\/et\/toode\/outboard-motors\/tohatsu\/paadimootor-tohatsu-mfs-9-9-cyeps\/\">Tohatsu MFS9.9 CYEPS<\/a><\/td>\n<td>15&#8243;<\/td>\n<td>2<\/td>\n<td>S<\/td>\n<td><\/td>\n<td>S<\/td>\n<td>S<\/td>\n<td><\/td>\n<td>S<\/td>\n<td>S<\/td>\n<\/tr>\n<tr>\n<td><a href=\"https:\/\/nordlinepaadid.ee\/et\/toode\/outboard-motors\/tohatsu\/paadimootor-tohatsu-mfs-9-9-cyepl\/\">Tohatsu MFS9.9 CYEPL<\/a><\/td>\n<td>20&#8243;<\/td>\n<td>2<\/td>\n<td>S<\/td>\n<td><\/td>\n<td>S<\/td>\n<td>S<\/td>\n<td><\/td>\n<td>S<\/td>\n<td>S<\/td>\n<\/tr>\n<tr>\n<td><a href=\"https:\/\/nordlinepaadid.ee\/et\/toode\/outboard-motors\/tohatsu\/paadimootor-tohatsu-mfs-9-9-cyefts\/\">Tohatsu MFS9.9 CYEFTS<\/a><\/td>\n<td>15&#8243;<\/td>\n<td>2<\/td>\n<td>S<\/td>\n<td>S<\/td>\n<td><\/td>\n<td>S<\/td>\n<td>S<\/td>\n<td>S<\/td>\n<td>S<\/td>\n<\/tr>\n<tr>\n<td><a href=\"https:\/\/nordlinepaadid.ee\/et\/toode\/outboard-motors\/tohatsu\/paadimootor-tohatsu-mfs-9-9-cyeftl\/\">Tohatsu MFS9.9 CYEFTL<\/a><\/td>\n<td>20&#8243;<\/td>\n<td>2<\/td>\n<td>S<\/td>\n<td>S<\/td>\n<td><\/td>\n<td>S<\/td>\n<td>S<\/td>\n<td>S<\/td>\n<td>S<\/td>\n<\/tr>\n<tr>\n<td><a href=\"https:\/\/nordlinepaadid.ee\/et\/toode\/outboard-motors\/tohatsu\/paadimootor-tohatsu-mfs-9-9-cyepts\/\">Tohatsu MFS9.9 CYEPTS<\/a><\/td>\n<td>15&#8243;<\/td>\n<td>2<\/td>\n<td>S<\/td>\n<td><\/td>\n<td>S<\/td>\n<td>S<\/td>\n<td>S<\/td>\n<td>S<\/td>\n<td>S<\/td>\n<\/tr>\n<tr>\n<td><a href=\"https:\/\/nordlinepaadid.ee\/et\/toode\/outboard-motors\/tohatsu\/paadimootor-tohatsu-mfs-9-9-cyeptl\/\">Tohatsu MFS9.9 CYEPTL<\/a><\/td>\n<td>20&#8243;<\/td>\n<td>2<\/td>\n<td>S<\/td>\n<td><\/td>\n<td>S<\/td>\n<td>S<\/td>\n<td>S<\/td>\n<td>S<\/td>\n<td>S<\/td>\n<\/tr>\n<tr>\n<td><a href=\"https:\/\/nordlinepaadid.ee\/et\/toode\/outboard-motors\/tohatsu\/paadimootor-tohatsu-mfs-9-9-cyws\/\">Tohatsu MFS 9,9 CYWS<\/a><\/td>\n<td>15&#8243;<\/td>\n<td>2<\/td>\n<td><\/td>\n<td>S<\/td>\n<td><\/td>\n<td><\/td>\n<td><\/td>\n<td>S<\/td>\n<td>S<\/td>\n<\/tr>\n<tr>\n<td><a href=\"https:\/\/nordlinepaadid.ee\/et\/toode\/outboard-motors\/tohatsu\/paadimootor-tohatsu-mfs-9-9-cywl\/\">Tohatsu MFS 9,9 CYWL<\/a><\/td>\n<td>20&#8243;<\/td>\n<td>2<\/td>\n<td><\/td>\n<td>S<\/td>\n<td><\/td>\n<td><\/td>\n<td><\/td>\n<td>S<\/td>\n<td>S<\/td>\n<\/tr>\n<tr>\n<td><a href=\"https:\/\/nordlinepaadid.ee\/et\/toode\/outboard-motors\/tohatsu\/paadimootor-tohatsu-mfs-9-9-cywepl\/\">Tohatsu MFS 9,9 CYWEPL<\/a><\/td>\n<td>20&#8243;<\/td>\n<td>2<\/td>\n<td>S<\/td>\n<td><\/td>\n<td>S<\/td>\n<td>S<\/td>\n<td><\/td>\n<td>S<\/td>\n<td>S<\/td>\n<\/tr>\n<\/tbody>\n<\/table>\n<h2>Tohatsu 9,9HJ mootori p\u00f5hiomadusi:<\/h2>\n<ul>\n<li>Digitaalne elektrooniline juhtseade (ECU) on m\u00f5eldud mootori t\u00f5rgedeta k\u00e4ivitamiseks k\u00f5ikides tingimustes, kiiremaks gaasireaktsiooniks ja sujuvama trollimise jaoks<\/li>\n<li>Rippmootorit on madalas vees kergem \u00fcles t\u00f5sta<\/li>\n<li>Suur generaator ja alaldi on m\u00f5eldud aku paremaks laadimiseks<\/li>\n<li>Saadaval on kaugjuhtimispuldiga mudel<\/li>\n<li>Power Tilt mudelil on standardvarustuses suure t\u00f5ukej\u00f5uga nelja labaga propeller<\/li>\n<li>Madala vee re\u0161iim<\/li>\n<li>90-kraadine p\u00f6\u00f6rderaadius<\/li>\n<li>Reguleeritav roolihoob roolimisj\u00f5u v\u00e4hendamiseks *<\/li>\n<li>Termostaadiga juhitav jahutuss\u00fcsteem, mootori p\u00fcsiva temperatuuri tagamisek<\/li>\n<li>Roostevabast terasest veepumba korpuse \u00fcmbris, suurep\u00e4rase vastupidavuse tagamiseks<\/li>\n<li>Kvaliteetne mere alumiiniumisulam, mis pakub \u00fclimat kaitset korrosiooni eest<\/li>\n<li>Sisemine veekanalite tsinkkate tagab korrosioonikindluse<\/li>\n<li>12 liitrit k\u00fctusepaak sisaldab k\u00fctusetarvikuid ja k\u00fctusetoru koos k\u00fctusem\u00f5\u00f5dukoriga<\/li>\n<li>Alumiiniumist propeller<\/li>\n<li>Madala \u00f5lir\u00f5hu hoiatus (visuaalne ja kuuldav **)<\/li>\n<li class=\"list-cmn__item\">Turvapael (oluline kaitsefunktsioonide standard, mis on k\u00f5igil Tohatsu rippmootoritel)<\/li>\n<li class=\"list-cmn__item\">K\u00e4igukasti kaitse, mootori turvalisemaks k\u00e4ivitamiseks<\/li>\n<\/ul>\n<p>Paadimootor Tohatsu 9,9HJ kohta loe t\u00e4psemalt <a href=\"https:\/\/www.tohatsu.com\/marine\/na\/outboards\/9_8_4st.html\" target=\"_blank\" rel=\"noopener\">www.tohatsu.com<\/a><\/p>\n<h2>Paadimootor Tohatsu 9,9HJ tehnilised andmed<\/h2>\n<table id=\"motors\">\n<tbody>\n<tr>\n<td>Tooteinfo:<\/td>\n<td>TOHATSU MFS 9.9 CYL<\/td>\n<\/tr>\n<tr>\n<td>Silindrite arv<\/td>\n<td>2<\/td>\n<\/tr>\n<tr>\n<td>V\u014dimsus:<\/td>\n<td>9,9 hj (7,3kW)<\/td>\n<\/tr>\n<tr>\n<td>Kubatuur:<\/td>\n<td>333 cm3<\/td>\n<\/tr>\n<tr>\n<td>S\u00f5ukruvi vahemik<\/td>\n<td>6&#8243; &#8211; 11,5&#8243;<\/td>\n<\/tr>\n<tr>\n<td>K\u00fctus<\/td>\n<td>Pliivaba, min. 95 okt<\/td>\n<\/tr>\n<tr>\n<td>\u00d5li<\/td>\n<td>Sertifitseeritud 4-taktiline \u00f5li SAE 10W-30\/40 (SF, SG, SH, SJ)<\/td>\n<\/tr>\n<tr>\n<td>\u00d5li kogus<\/td>\n<td>1 L<\/td>\n<\/tr>\n<tr>\n<td>K\u00fctuse paak<\/td>\n<td>12L v\u00e4line<\/td>\n<\/tr>\n<tr>\n<td>Kaal<\/td>\n<td>43kg<\/td>\n<\/tr>\n<tr>\n<td>Max p\u00f6\u00f6rete vahemik<\/td>\n<td>5400 &#8211; 6100<\/td>\n<\/tr>\n<tr>\n<td>Garantii:<\/td>\n<td>5-7 aastat<\/td>\n<\/tr>\n<\/tbody>\n<\/table>\n<p>&nbsp;<\/p>\n<h2>Transport<\/h2>\n<p>Toimetame mootori sulle sobival ajal sinu soovitud kohta. Transpordi saate valida, kui vormistate ostu ostukorvis.<\/p>\n<h3>Paigaldus<\/h3>\n<p>V\u00e4iksemad mootorid ei vaja paigalduseks eraldi spetsialisti. Kaugjuhtimisega mootorite puhul oleme valmis paigaldama mootori Teie paadile. Vaata selle teenuse kohta t\u00e4psemalt <a href=\"\/et?page_id=3975\" target=\"_blank\" rel=\"noopener\">&#8220;mootori paigaldus&#8221;<\/a>.<\/p>\n<p><strong>Helista 50 55 152 v\u00f5i kirjuta meile. Pakume sulle parimaid mootoreid, parimate hindadega.<\/strong><\/p>\n<div class=\"pooleks\">\n<h3>V\u00f5ta \u00fchendust<\/h3>\n\n<div class=\"wpcf7 no-js\" id=\"wpcf7-f3217-o1\" lang=\"et\" dir=\"ltr\" data-wpcf7-id=\"3217\">\n<div class=\"screen-reader-response\"><p role=\"status\" aria-live=\"polite\" aria-atomic=\"true\"><\/p> <ul><\/ul><\/div>\n<form action=\"\/et\/wp-json\/wp\/v2\/product\/51867#wpcf7-f3217-o1\" method=\"post\" class=\"wpcf7-form init\" aria-label=\"Contact form\" novalidate=\"novalidate\" data-status=\"init\">\n<fieldset class=\"hidden-fields-container\"><input type=\"hidden\" name=\"_wpcf7\" value=\"3217\" \/><input type=\"hidden\" name=\"_wpcf7_version\" value=\"6.1.5\" \/><input type=\"hidden\" name=\"_wpcf7_locale\" value=\"et\" \/><input type=\"hidden\" name=\"_wpcf7_unit_tag\" value=\"wpcf7-f3217-o1\" \/><input type=\"hidden\" name=\"_wpcf7_container_post\" value=\"0\" \/><input type=\"hidden\" name=\"_wpcf7_posted_data_hash\" value=\"\" \/>\n<\/fieldset>\n<p><label> Nimi (n\u00f5utav)<br \/>\n<span class=\"wpcf7-form-control-wrap\" data-name=\"your-name\"><input size=\"40\" maxlength=\"400\" class=\"wpcf7-form-control wpcf7-text wpcf7-validates-as-required\" aria-required=\"true\" aria-invalid=\"false\" value=\"\" type=\"text\" name=\"your-name\" \/><\/span> <\/label><br \/>\n<label> Email (n\u00f5utav)<br \/>\n<span class=\"wpcf7-form-control-wrap\" data-name=\"your-email\"><input size=\"40\" maxlength=\"400\" class=\"wpcf7-form-control wpcf7-email wpcf7-validates-as-required wpcf7-text wpcf7-validates-as-email\" aria-required=\"true\" aria-invalid=\"false\" value=\"\" type=\"email\" name=\"your-email\" \/><\/span> <\/label><br \/>\n<label> Telefon<br \/>\n<span class=\"wpcf7-form-control-wrap\" data-name=\"Telefon\"><input size=\"40\" maxlength=\"400\" class=\"wpcf7-form-control wpcf7-tel wpcf7-text wpcf7-validates-as-tel\" aria-invalid=\"false\" value=\"\" type=\"tel\" name=\"Telefon\" \/><\/span><\/label><br \/>\n<label> Teade<br \/>\n<span class=\"wpcf7-form-control-wrap\" data-name=\"your-message\"><textarea cols=\"40\" rows=\"10\" maxlength=\"2000\" class=\"wpcf7-form-control wpcf7-textarea\" aria-invalid=\"false\" name=\"your-message\"><\/textarea><\/span> <\/label>\n<\/p>\n<p><input class=\"wpcf7-form-control wpcf7-submit has-spinner\" type=\"submit\" value=\"Saada\" \/>\n<\/p><div class=\"wpcf7-response-output\" aria-hidden=\"true\"><\/div>\n<\/form>\n<\/div>\n\n<\/div>\n<div class=\"pooleks\">\n<p>&nbsp;<\/p>\n<\/div>\n","protected":false},"excerpt":{"rendered":"<p>Paadimootor Tohatsu MFS 9.9 CYL Uuendused v\u00f5imaldasid Tohatsul oma valikusse tuua uue neljataktilise elektroonilise k\u00fctuse sissepritsega (EFI) paadimootorid 9,9 hj EFI Sport. MFS 9.9 akudeta EFI-s\u00fcsteem pakub v\u00f5rreldes varasemate karburaatoriga mudelitega suurep\u00e4rase k\u00e4ivitamise. Samuti ei vaja EFI rippmootorid k\u00e4ivitamisel \u00f5huklappi ja m\u00e4rgata on ka sujuvamat kiirendust k\u00f5igis RPM-vahemikes. Mudel Ahtripeeglile k\u00f5rgusega Silindreid Elektriline start K\u00e4si-&#8230;<\/p>\n","protected":false},"featured_media":6790,"template":"","meta":{"_kad_blocks_custom_css":"","_kad_blocks_head_custom_js":"","_kad_blocks_body_custom_js":"","_kad_blocks_footer_custom_js":"","_kad_post_transparent":"default","_kad_post_title":"","_kad_post_layout":"default","_kad_post_sidebar_id":"","_kad_post_content_style":"default","_kad_post_vertical_padding":"default","_kad_post_feature":"","_kad_post_feature_position":"","_kad_post_header":false,"_kad_post_footer":false,"_kad_post_classname":""},"product_brand":[],"product_cat":[155],"product_tag":[],"class_list":{"0":"post-51867","1":"product","2":"type-product","3":"status-publish","4":"has-post-thumbnail","6":"product_cat-tohatsu-paadimootorid","7":"product_shipping_class-euroalusele-mahtuv-kaup","8":"tm-no-options","10":"first","11":"onbackorder","12":"taxable","13":"shipping-taxable","14":"purchasable","15":"product-type-simple","16":"entry","17":"content-bg","18":"loop-entry"},"yoast_head":"<!-- This site is optimized with the Yoast SEO plugin v27.3 - https:\/\/yoast.com\/product\/yoast-seo-wordpress\/ -->\n<title>Paadimootor TOHATSU 9,9HJ - garantii 7a. NORDLINEBOATS<\/title>\n<meta name=\"description\" content=\"Paadimootor Tohatsu on kahe silindriline, k\u00e4sijuhtimisega 43kg kaaluv p\u00e4ramootor. Saadaval elektri k\u00e4ivitus ja elektriline trimm.\" \/>\n<meta name=\"robots\" content=\"index, follow, max-snippet:-1, max-image-preview:large, max-video-preview:-1\" \/>\n<link rel=\"canonical\" href=\"https:\/\/nordlinepaadid.ee\/et\/pood\/tohatsu-paadimootorid\/paadimootor-tohatsu-mfs-9-9-cyl\/\" \/>\n<meta property=\"og:locale\" content=\"et_EE\" \/>\n<meta property=\"og:type\" content=\"article\" \/>\n<meta property=\"og:title\" content=\"Paadimootor TOHATSU 9,9HJ - garantii 7a. NORDLINEBOATS\" \/>\n<meta property=\"og:description\" content=\"Paadimootor Tohatsu on kahe silindriline, k\u00e4sijuhtimisega 43kg kaaluv p\u00e4ramootor. Saadaval elektri k\u00e4ivitus ja elektriline trimm.\" \/>\n<meta property=\"og:url\" content=\"https:\/\/nordlinepaadid.ee\/et\/pood\/tohatsu-paadimootorid\/paadimootor-tohatsu-mfs-9-9-cyl\/\" \/>\n<meta property=\"og:site_name\" content=\"NORDLINE s\u00f5udepaadid ja mootorpaadid. Klaasfiiber materjalist.\" \/>\n<meta property=\"article:publisher\" content=\"https:\/\/www.facebook.com\/nordlineboats\" \/>\n<meta property=\"article:modified_time\" content=\"2025-05-27T13:18:40+00:00\" \/>\n<meta property=\"og:image\" content=\"https:\/\/nordlinepaadid.ee\/wp-content\/uploads\/2023\/01\/Paadimootor-rippmootor-Tohatsu-99HJ.jpg\" \/>\n\t<meta property=\"og:image:width\" content=\"303\" \/>\n\t<meta property=\"og:image:height\" content=\"400\" \/>\n\t<meta property=\"og:image:type\" content=\"image\/jpeg\" \/>\n<meta name=\"twitter:card\" content=\"summary_large_image\" \/>\n<meta name=\"twitter:label1\" content=\"Est. reading time\" \/>\n\t<meta name=\"twitter:data1\" content=\"3 minutit\" \/>\n<script type=\"application\/ld+json\" class=\"yoast-schema-graph\">{\"@context\":\"https:\\\/\\\/schema.org\",\"@graph\":[{\"@type\":\"WebPage\",\"@id\":\"https:\\\/\\\/nordlinepaadid.ee\\\/et\\\/pood\\\/tohatsu-paadimootorid\\\/paadimootor-tohatsu-mfs-9-9-cyl\\\/\",\"url\":\"https:\\\/\\\/nordlinepaadid.ee\\\/et\\\/pood\\\/tohatsu-paadimootorid\\\/paadimootor-tohatsu-mfs-9-9-cyl\\\/\",\"name\":\"Paadimootor TOHATSU 9,9HJ - garantii 7a. NORDLINEBOATS\",\"isPartOf\":{\"@id\":\"https:\\\/\\\/nordlinepaadid.ee\\\/et\\\/#website\"},\"primaryImageOfPage\":{\"@id\":\"https:\\\/\\\/nordlinepaadid.ee\\\/et\\\/pood\\\/tohatsu-paadimootorid\\\/paadimootor-tohatsu-mfs-9-9-cyl\\\/#primaryimage\"},\"image\":{\"@id\":\"https:\\\/\\\/nordlinepaadid.ee\\\/et\\\/pood\\\/tohatsu-paadimootorid\\\/paadimootor-tohatsu-mfs-9-9-cyl\\\/#primaryimage\"},\"thumbnailUrl\":\"https:\\\/\\\/nordlinepaadid.ee\\\/wp-content\\\/uploads\\\/2023\\\/01\\\/Paadimootor-rippmootor-Tohatsu-99HJ.jpg\",\"datePublished\":\"2025-04-22T06:17:01+00:00\",\"dateModified\":\"2025-05-27T13:18:40+00:00\",\"description\":\"Paadimootor Tohatsu on kahe silindriline, k\u00e4sijuhtimisega 43kg kaaluv p\u00e4ramootor. Saadaval elektri k\u00e4ivitus ja elektriline trimm.\",\"breadcrumb\":{\"@id\":\"https:\\\/\\\/nordlinepaadid.ee\\\/et\\\/pood\\\/tohatsu-paadimootorid\\\/paadimootor-tohatsu-mfs-9-9-cyl\\\/#breadcrumb\"},\"inLanguage\":\"et\",\"potentialAction\":[{\"@type\":\"ReadAction\",\"target\":[\"https:\\\/\\\/nordlinepaadid.ee\\\/et\\\/pood\\\/tohatsu-paadimootorid\\\/paadimootor-tohatsu-mfs-9-9-cyl\\\/\"]}]},{\"@type\":\"ImageObject\",\"inLanguage\":\"et\",\"@id\":\"https:\\\/\\\/nordlinepaadid.ee\\\/et\\\/pood\\\/tohatsu-paadimootorid\\\/paadimootor-tohatsu-mfs-9-9-cyl\\\/#primaryimage\",\"url\":\"https:\\\/\\\/nordlinepaadid.ee\\\/wp-content\\\/uploads\\\/2023\\\/01\\\/Paadimootor-rippmootor-Tohatsu-99HJ.jpg\",\"contentUrl\":\"https:\\\/\\\/nordlinepaadid.ee\\\/wp-content\\\/uploads\\\/2023\\\/01\\\/Paadimootor-rippmootor-Tohatsu-99HJ.jpg\",\"width\":303,\"height\":400,\"caption\":\"Paadimootor, rippmootor Tohatsu 9,9HJ\"},{\"@type\":\"BreadcrumbList\",\"@id\":\"https:\\\/\\\/nordlinepaadid.ee\\\/et\\\/pood\\\/tohatsu-paadimootorid\\\/paadimootor-tohatsu-mfs-9-9-cyl\\\/#breadcrumb\",\"itemListElement\":[{\"@type\":\"ListItem\",\"position\":1,\"name\":\"Home\",\"item\":\"https:\\\/\\\/nordlinepaadid.ee\\\/et\\\/\"},{\"@type\":\"ListItem\",\"position\":2,\"name\":\"Pood\",\"item\":\"https:\\\/\\\/nordlinepaadid.ee\\\/et\\\/pood\\\/\"},{\"@type\":\"ListItem\",\"position\":3,\"name\":\"Paadimootor Tohatsu MFS 9.9 CYL\"}]},{\"@type\":\"WebSite\",\"@id\":\"https:\\\/\\\/nordlinepaadid.ee\\\/et\\\/#website\",\"url\":\"https:\\\/\\\/nordlinepaadid.ee\\\/et\\\/\",\"name\":\"NORDLINE s\u00f5udepaadid ja mootorpaadid. Klaasfiiber materjalist.\",\"description\":\"\",\"publisher\":{\"@id\":\"https:\\\/\\\/nordlinepaadid.ee\\\/et\\\/#organization\"},\"potentialAction\":[{\"@type\":\"SearchAction\",\"target\":{\"@type\":\"EntryPoint\",\"urlTemplate\":\"https:\\\/\\\/nordlinepaadid.ee\\\/et\\\/?s={search_term_string}\"},\"query-input\":{\"@type\":\"PropertyValueSpecification\",\"valueRequired\":true,\"valueName\":\"search_term_string\"}}],\"inLanguage\":\"et\"},{\"@type\":\"Organization\",\"@id\":\"https:\\\/\\\/nordlinepaadid.ee\\\/et\\\/#organization\",\"name\":\"Nordlineboats\",\"url\":\"https:\\\/\\\/nordlinepaadid.ee\\\/et\\\/\",\"logo\":{\"@type\":\"ImageObject\",\"inLanguage\":\"et\",\"@id\":\"https:\\\/\\\/nordlinepaadid.ee\\\/et\\\/#\\\/schema\\\/logo\\\/image\\\/\",\"url\":\"https:\\\/\\\/nordlinepaadid.ee\\\/wp-content\\\/uploads\\\/2023\\\/01\\\/fulllogo_transparent_nobuffer-e1672750475494.png\",\"contentUrl\":\"https:\\\/\\\/nordlinepaadid.ee\\\/wp-content\\\/uploads\\\/2023\\\/01\\\/fulllogo_transparent_nobuffer-e1672750475494.png\",\"width\":150,\"height\":119,\"caption\":\"Nordlineboats\"},\"image\":{\"@id\":\"https:\\\/\\\/nordlinepaadid.ee\\\/et\\\/#\\\/schema\\\/logo\\\/image\\\/\"},\"sameAs\":[\"https:\\\/\\\/www.facebook.com\\\/nordlineboats\",\"https:\\\/\\\/www.youtube.com\\\/channel\\\/UCbgF0fy02y3QkFnujaLTaCA\"]}]}<\/script>\n<!-- \/ Yoast SEO plugin. -->","yoast_head_json":{"title":"Paadimootor TOHATSU 9,9HJ - garantii 7a. NORDLINEBOATS","description":"Paadimootor Tohatsu on kahe silindriline, k\u00e4sijuhtimisega 43kg kaaluv p\u00e4ramootor. Saadaval elektri k\u00e4ivitus ja elektriline trimm.","robots":{"index":"index","follow":"follow","max-snippet":"max-snippet:-1","max-image-preview":"max-image-preview:large","max-video-preview":"max-video-preview:-1"},"canonical":"https:\/\/nordlinepaadid.ee\/et\/pood\/tohatsu-paadimootorid\/paadimootor-tohatsu-mfs-9-9-cyl\/","og_locale":"et_EE","og_type":"article","og_title":"Paadimootor TOHATSU 9,9HJ - garantii 7a. NORDLINEBOATS","og_description":"Paadimootor Tohatsu on kahe silindriline, k\u00e4sijuhtimisega 43kg kaaluv p\u00e4ramootor. Saadaval elektri k\u00e4ivitus ja elektriline trimm.","og_url":"https:\/\/nordlinepaadid.ee\/et\/pood\/tohatsu-paadimootorid\/paadimootor-tohatsu-mfs-9-9-cyl\/","og_site_name":"NORDLINE s\u00f5udepaadid ja mootorpaadid. Klaasfiiber materjalist.","article_publisher":"https:\/\/www.facebook.com\/nordlineboats","article_modified_time":"2025-05-27T13:18:40+00:00","og_image":[{"width":303,"height":400,"url":"https:\/\/nordlinepaadid.ee\/wp-content\/uploads\/2023\/01\/Paadimootor-rippmootor-Tohatsu-99HJ.jpg","type":"image\/jpeg"}],"twitter_card":"summary_large_image","twitter_misc":{"Est. reading time":"3 minutit"},"schema":{"@context":"https:\/\/schema.org","@graph":[{"@type":"WebPage","@id":"https:\/\/nordlinepaadid.ee\/et\/pood\/tohatsu-paadimootorid\/paadimootor-tohatsu-mfs-9-9-cyl\/","url":"https:\/\/nordlinepaadid.ee\/et\/pood\/tohatsu-paadimootorid\/paadimootor-tohatsu-mfs-9-9-cyl\/","name":"Paadimootor TOHATSU 9,9HJ - garantii 7a. NORDLINEBOATS","isPartOf":{"@id":"https:\/\/nordlinepaadid.ee\/et\/#website"},"primaryImageOfPage":{"@id":"https:\/\/nordlinepaadid.ee\/et\/pood\/tohatsu-paadimootorid\/paadimootor-tohatsu-mfs-9-9-cyl\/#primaryimage"},"image":{"@id":"https:\/\/nordlinepaadid.ee\/et\/pood\/tohatsu-paadimootorid\/paadimootor-tohatsu-mfs-9-9-cyl\/#primaryimage"},"thumbnailUrl":"https:\/\/nordlinepaadid.ee\/wp-content\/uploads\/2023\/01\/Paadimootor-rippmootor-Tohatsu-99HJ.jpg","datePublished":"2025-04-22T06:17:01+00:00","dateModified":"2025-05-27T13:18:40+00:00","description":"Paadimootor Tohatsu on kahe silindriline, k\u00e4sijuhtimisega 43kg kaaluv p\u00e4ramootor. Saadaval elektri k\u00e4ivitus ja elektriline trimm.","breadcrumb":{"@id":"https:\/\/nordlinepaadid.ee\/et\/pood\/tohatsu-paadimootorid\/paadimootor-tohatsu-mfs-9-9-cyl\/#breadcrumb"},"inLanguage":"et","potentialAction":[{"@type":"ReadAction","target":["https:\/\/nordlinepaadid.ee\/et\/pood\/tohatsu-paadimootorid\/paadimootor-tohatsu-mfs-9-9-cyl\/"]}]},{"@type":"ImageObject","inLanguage":"et","@id":"https:\/\/nordlinepaadid.ee\/et\/pood\/tohatsu-paadimootorid\/paadimootor-tohatsu-mfs-9-9-cyl\/#primaryimage","url":"https:\/\/nordlinepaadid.ee\/wp-content\/uploads\/2023\/01\/Paadimootor-rippmootor-Tohatsu-99HJ.jpg","contentUrl":"https:\/\/nordlinepaadid.ee\/wp-content\/uploads\/2023\/01\/Paadimootor-rippmootor-Tohatsu-99HJ.jpg","width":303,"height":400,"caption":"Paadimootor, rippmootor Tohatsu 9,9HJ"},{"@type":"BreadcrumbList","@id":"https:\/\/nordlinepaadid.ee\/et\/pood\/tohatsu-paadimootorid\/paadimootor-tohatsu-mfs-9-9-cyl\/#breadcrumb","itemListElement":[{"@type":"ListItem","position":1,"name":"Home","item":"https:\/\/nordlinepaadid.ee\/et\/"},{"@type":"ListItem","position":2,"name":"Pood","item":"https:\/\/nordlinepaadid.ee\/et\/pood\/"},{"@type":"ListItem","position":3,"name":"Paadimootor Tohatsu MFS 9.9 CYL"}]},{"@type":"WebSite","@id":"https:\/\/nordlinepaadid.ee\/et\/#website","url":"https:\/\/nordlinepaadid.ee\/et\/","name":"NORDLINE s\u00f5udepaadid ja mootorpaadid. Klaasfiiber materjalist.","description":"","publisher":{"@id":"https:\/\/nordlinepaadid.ee\/et\/#organization"},"potentialAction":[{"@type":"SearchAction","target":{"@type":"EntryPoint","urlTemplate":"https:\/\/nordlinepaadid.ee\/et\/?s={search_term_string}"},"query-input":{"@type":"PropertyValueSpecification","valueRequired":true,"valueName":"search_term_string"}}],"inLanguage":"et"},{"@type":"Organization","@id":"https:\/\/nordlinepaadid.ee\/et\/#organization","name":"Nordlineboats","url":"https:\/\/nordlinepaadid.ee\/et\/","logo":{"@type":"ImageObject","inLanguage":"et","@id":"https:\/\/nordlinepaadid.ee\/et\/#\/schema\/logo\/image\/","url":"https:\/\/nordlinepaadid.ee\/wp-content\/uploads\/2023\/01\/fulllogo_transparent_nobuffer-e1672750475494.png","contentUrl":"https:\/\/nordlinepaadid.ee\/wp-content\/uploads\/2023\/01\/fulllogo_transparent_nobuffer-e1672750475494.png","width":150,"height":119,"caption":"Nordlineboats"},"image":{"@id":"https:\/\/nordlinepaadid.ee\/et\/#\/schema\/logo\/image\/"},"sameAs":["https:\/\/www.facebook.com\/nordlineboats","https:\/\/www.youtube.com\/channel\/UCbgF0fy02y3QkFnujaLTaCA"]}]}},"taxonomy_info":{"product_cat":[{"value":155,"label":"TOHATSU PAADIMOOTORID"}]},"featured_image_src_large":["https:\/\/nordlinepaadid.ee\/wp-content\/uploads\/2023\/01\/Paadimootor-rippmootor-Tohatsu-99HJ.jpg",303,400,false],"author_info":[],"comment_info":"","_links":{"self":[{"href":"https:\/\/nordlinepaadid.ee\/et\/wp-json\/wp\/v2\/product\/51867","targetHints":{"allow":["GET"]}}],"collection":[{"href":"https:\/\/nordlinepaadid.ee\/et\/wp-json\/wp\/v2\/product"}],"about":[{"href":"https:\/\/nordlinepaadid.ee\/et\/wp-json\/wp\/v2\/types\/product"}],"wp:featuredmedia":[{"embeddable":true,"href":"https:\/\/nordlinepaadid.ee\/et\/wp-json\/wp\/v2\/media\/6790"}],"wp:attachment":[{"href":"https:\/\/nordlinepaadid.ee\/et\/wp-json\/wp\/v2\/media?parent=51867"}],"wp:term":[{"taxonomy":"product_brand","embeddable":true,"href":"https:\/\/nordlinepaadid.ee\/et\/wp-json\/wp\/v2\/product_brand?post=51867"},{"taxonomy":"product_cat","embeddable":true,"href":"https:\/\/nordlinepaadid.ee\/et\/wp-json\/wp\/v2\/product_cat?post=51867"},{"taxonomy":"product_tag","embeddable":true,"href":"https:\/\/nordlinepaadid.ee\/et\/wp-json\/wp\/v2\/product_tag?post=51867"}],"curies":[{"name":"wp","href":"https:\/\/api.w.org\/{rel}","templated":true}]}}