{"id":51924,"date":"2026-04-07T03:26:50","date_gmt":"2026-04-07T00:26:50","guid":{"rendered":"https:\/\/nordlinepaadid.ee\/toode\/maaratlemata\/sukeldumismask-mares-x-vision-mid-2-0-must-2\/"},"modified":"2026-04-07T03:26:50","modified_gmt":"2026-04-07T00:26:50","slug":"sukeldumismask-mares-x-vision-mid-2-0-must","status":"publish","type":"product","link":"https:\/\/nordlinepaadid.ee\/et\/pood\/sukeldumine\/sukeldumismask-mares-x-vision-mid-2-0-must\/","title":{"rendered":"SUKELDUMISMASK &#8211; MARES X VISION MID 2.0, MUST"},"content":{"rendered":"<p style=\"text-align:justify\">X-Vision Mid 2.0 sukeldumismaskil on v\u00e4iksem n\u00e4oosa, et pakkuda X-Visioni eeliseid enamatele sukeldujatele. Sellel sukeldumismaskil on h\u00f5lpsasti reguleeritavad pandlad, mis h\u00f5lbustavad kasutamist isegi kindaid kandes. T\u00e4nu oma disainile pakub see \u00fcllatavalt laia vaatev\u00e4lja. Selle mudeli jaoks on saadaval optilised l\u00e4\u00e4tsed. X-Vision Mid 2.0 sukeldumismask on v\u00e4ga kompaktne mask, mis sobib ideaalselt v\u00e4iksematele n\u00e4gudele. Raam on valmistatud kahest materjalist tehnopol\u00fcmeerist. T\u00e4nu oma disainile pakub see m\u00e4rkimisv\u00e4\u00e4rselt laia vaatev\u00e4lja. X-Vision Mid 2.0 sukeldumismaski rihm on maksimaalse mugavuse ja kindlama haarde tagamiseks X-kujuline. Selle mudeli jaoks on saadaval optilised l\u00e4\u00e4tsed negatiivsete dioptritega -1,0 kuni -7,0 ja positiivsete dioptritega +1,5 kuni +3,0.<\/p>\n<p>&#13;<\/p>\n<p><iframe loading=\"lazy\" allowfullscreen=\"\" frameborder=\"0\" height=\"360\" src=\"\/\/www.youtube.com\/embed\/27cEvBoEaWo\" width=\"640\"><\/iframe><\/p>\n<p>&#13;<\/p>\n","protected":false},"excerpt":{"rendered":"<p>X-Vision Mid 2.0 sukeldumismaskil on v\u00e4iksem n\u00e4oosa, et pakkuda X-Visioni eeliseid enamatele sukeldujatele. Sellel sukeldumismaskil on h\u00f5lpsasti reguleeritavad pandlad, mis h\u00f5lbustavad kasutamist isegi kindaid kandes. T\u00e4nu oma disainile pakub see \u00fcllatavalt laia vaatev\u00e4lja. Selle mudeli jaoks on saadaval optilised l\u00e4\u00e4tsed. X-Vision Mid 2.0 sukeldumismask on v\u00e4ga kompaktne mask, mis sobib ideaalselt v\u00e4iksematele n\u00e4gudele. Raam on&#8230;<\/p>\n","protected":false},"featured_media":49105,"template":"","meta":{"_kad_blocks_custom_css":"","_kad_blocks_head_custom_js":"","_kad_blocks_body_custom_js":"","_kad_blocks_footer_custom_js":"","_kad_post_transparent":"","_kad_post_title":"","_kad_post_layout":"","_kad_post_sidebar_id":"","_kad_post_content_style":"","_kad_post_vertical_padding":"","_kad_post_feature":"","_kad_post_feature_position":"","_kad_post_header":false,"_kad_post_footer":false,"_kad_post_classname":""},"product_brand":[],"product_cat":[1620],"product_tag":[],"class_list":{"0":"post-51924","1":"product","2":"type-product","3":"status-publish","4":"has-post-thumbnail","6":"product_cat-sukeldumine","7":"pa_color-must-valge","8":"tm-no-options","10":"first","11":"instock","12":"taxable","13":"shipping-taxable","14":"purchasable","15":"product-type-simple","16":"entry","17":"content-bg","18":"loop-entry"},"yoast_head":"<!-- This site is optimized with the Yoast SEO plugin v27.3 - https:\/\/yoast.com\/product\/yoast-seo-wordpress\/ -->\n<title>SUKELDUMISMASK - MARES X VISION MID 2.0, MUST - NORDLINE s\u00f5udepaadid ja mootorpaadid. Klaasfiiber materjalist.<\/title>\n<meta name=\"robots\" content=\"index, follow, max-snippet:-1, max-image-preview:large, max-video-preview:-1\" \/>\n<link rel=\"canonical\" href=\"https:\/\/nordlinepaadid.ee\/et\/pood\/sukeldumine\/sukeldumismask-mares-x-vision-mid-2-0-must\/\" \/>\n<meta property=\"og:locale\" content=\"et_EE\" \/>\n<meta property=\"og:type\" content=\"article\" \/>\n<meta property=\"og:title\" content=\"SUKELDUMISMASK - MARES X VISION MID 2.0, MUST - NORDLINE s\u00f5udepaadid ja mootorpaadid. Klaasfiiber materjalist.\" \/>\n<meta property=\"og:description\" content=\"X-Vision Mid 2.0 sukeldumismaskil on v\u00e4iksem n\u00e4oosa, et pakkuda X-Visioni eeliseid enamatele sukeldujatele. Sellel sukeldumismaskil on h\u00f5lpsasti reguleeritavad pandlad, mis h\u00f5lbustavad kasutamist isegi kindaid kandes. T\u00e4nu oma disainile pakub see \u00fcllatavalt laia vaatev\u00e4lja. Selle mudeli jaoks on saadaval optilised l\u00e4\u00e4tsed. X-Vision Mid 2.0 sukeldumismask on v\u00e4ga kompaktne mask, mis sobib ideaalselt v\u00e4iksematele n\u00e4gudele. Raam on...\" \/>\n<meta property=\"og:url\" content=\"https:\/\/nordlinepaadid.ee\/et\/pood\/sukeldumine\/sukeldumismask-mares-x-vision-mid-2-0-must\/\" \/>\n<meta property=\"og:site_name\" content=\"NORDLINE s\u00f5udepaadid ja mootorpaadid. Klaasfiiber materjalist.\" \/>\n<meta property=\"article:publisher\" content=\"https:\/\/www.facebook.com\/nordlineboats\" \/>\n<meta property=\"og:image\" content=\"https:\/\/nordlinepaadid.ee\/wp-content\/uploads\/2025\/03\/11026_MMRK-41106067-BXBKWBK-11BG-2.png\" \/>\n\t<meta property=\"og:image:width\" content=\"668\" \/>\n\t<meta property=\"og:image:height\" content=\"531\" \/>\n\t<meta property=\"og:image:type\" content=\"image\/png\" \/>\n<meta name=\"twitter:card\" content=\"summary_large_image\" \/>\n<meta name=\"twitter:label1\" content=\"Est. reading time\" \/>\n\t<meta name=\"twitter:data1\" content=\"1 minut\" \/>\n<script type=\"application\/ld+json\" class=\"yoast-schema-graph\">{\"@context\":\"https:\\\/\\\/schema.org\",\"@graph\":[{\"@type\":\"WebPage\",\"@id\":\"https:\\\/\\\/nordlinepaadid.ee\\\/et\\\/pood\\\/sukeldumine\\\/sukeldumismask-mares-x-vision-mid-2-0-must\\\/\",\"url\":\"https:\\\/\\\/nordlinepaadid.ee\\\/et\\\/pood\\\/sukeldumine\\\/sukeldumismask-mares-x-vision-mid-2-0-must\\\/\",\"name\":\"SUKELDUMISMASK - MARES X VISION MID 2.0, MUST - NORDLINE s\u00f5udepaadid ja mootorpaadid. Klaasfiiber materjalist.\",\"isPartOf\":{\"@id\":\"https:\\\/\\\/nordlinepaadid.ee\\\/et\\\/#website\"},\"primaryImageOfPage\":{\"@id\":\"https:\\\/\\\/nordlinepaadid.ee\\\/et\\\/pood\\\/sukeldumine\\\/sukeldumismask-mares-x-vision-mid-2-0-must\\\/#primaryimage\"},\"image\":{\"@id\":\"https:\\\/\\\/nordlinepaadid.ee\\\/et\\\/pood\\\/sukeldumine\\\/sukeldumismask-mares-x-vision-mid-2-0-must\\\/#primaryimage\"},\"thumbnailUrl\":\"https:\\\/\\\/nordlinepaadid.ee\\\/wp-content\\\/uploads\\\/2025\\\/03\\\/11026_MMRK-41106067-BXBKWBK-11BG-2.png\",\"datePublished\":\"2026-04-07T00:26:50+00:00\",\"breadcrumb\":{\"@id\":\"https:\\\/\\\/nordlinepaadid.ee\\\/et\\\/pood\\\/sukeldumine\\\/sukeldumismask-mares-x-vision-mid-2-0-must\\\/#breadcrumb\"},\"inLanguage\":\"et\",\"potentialAction\":[{\"@type\":\"ReadAction\",\"target\":[\"https:\\\/\\\/nordlinepaadid.ee\\\/et\\\/pood\\\/sukeldumine\\\/sukeldumismask-mares-x-vision-mid-2-0-must\\\/\"]}]},{\"@type\":\"ImageObject\",\"inLanguage\":\"et\",\"@id\":\"https:\\\/\\\/nordlinepaadid.ee\\\/et\\\/pood\\\/sukeldumine\\\/sukeldumismask-mares-x-vision-mid-2-0-must\\\/#primaryimage\",\"url\":\"https:\\\/\\\/nordlinepaadid.ee\\\/wp-content\\\/uploads\\\/2025\\\/03\\\/11026_MMRK-41106067-BXBKWBK-11BG-2.png\",\"contentUrl\":\"https:\\\/\\\/nordlinepaadid.ee\\\/wp-content\\\/uploads\\\/2025\\\/03\\\/11026_MMRK-41106067-BXBKWBK-11BG-2.png\",\"width\":668,\"height\":531},{\"@type\":\"BreadcrumbList\",\"@id\":\"https:\\\/\\\/nordlinepaadid.ee\\\/et\\\/pood\\\/sukeldumine\\\/sukeldumismask-mares-x-vision-mid-2-0-must\\\/#breadcrumb\",\"itemListElement\":[{\"@type\":\"ListItem\",\"position\":1,\"name\":\"Home\",\"item\":\"https:\\\/\\\/nordlinepaadid.ee\\\/et\\\/\"},{\"@type\":\"ListItem\",\"position\":2,\"name\":\"Pood\",\"item\":\"https:\\\/\\\/nordlinepaadid.ee\\\/et\\\/pood\\\/\"},{\"@type\":\"ListItem\",\"position\":3,\"name\":\"SUKELDUMISMASK &#8211; MARES X VISION MID 2.0, MUST\"}]},{\"@type\":\"WebSite\",\"@id\":\"https:\\\/\\\/nordlinepaadid.ee\\\/et\\\/#website\",\"url\":\"https:\\\/\\\/nordlinepaadid.ee\\\/et\\\/\",\"name\":\"NORDLINE s\u00f5udepaadid ja mootorpaadid. Klaasfiiber materjalist.\",\"description\":\"\",\"publisher\":{\"@id\":\"https:\\\/\\\/nordlinepaadid.ee\\\/et\\\/#organization\"},\"potentialAction\":[{\"@type\":\"SearchAction\",\"target\":{\"@type\":\"EntryPoint\",\"urlTemplate\":\"https:\\\/\\\/nordlinepaadid.ee\\\/et\\\/?s={search_term_string}\"},\"query-input\":{\"@type\":\"PropertyValueSpecification\",\"valueRequired\":true,\"valueName\":\"search_term_string\"}}],\"inLanguage\":\"et\"},{\"@type\":\"Organization\",\"@id\":\"https:\\\/\\\/nordlinepaadid.ee\\\/et\\\/#organization\",\"name\":\"Nordlineboats\",\"url\":\"https:\\\/\\\/nordlinepaadid.ee\\\/et\\\/\",\"logo\":{\"@type\":\"ImageObject\",\"inLanguage\":\"et\",\"@id\":\"https:\\\/\\\/nordlinepaadid.ee\\\/et\\\/#\\\/schema\\\/logo\\\/image\\\/\",\"url\":\"https:\\\/\\\/nordlinepaadid.ee\\\/wp-content\\\/uploads\\\/2023\\\/01\\\/fulllogo_transparent_nobuffer-e1672750475494.png\",\"contentUrl\":\"https:\\\/\\\/nordlinepaadid.ee\\\/wp-content\\\/uploads\\\/2023\\\/01\\\/fulllogo_transparent_nobuffer-e1672750475494.png\",\"width\":150,\"height\":119,\"caption\":\"Nordlineboats\"},\"image\":{\"@id\":\"https:\\\/\\\/nordlinepaadid.ee\\\/et\\\/#\\\/schema\\\/logo\\\/image\\\/\"},\"sameAs\":[\"https:\\\/\\\/www.facebook.com\\\/nordlineboats\",\"https:\\\/\\\/www.youtube.com\\\/channel\\\/UCbgF0fy02y3QkFnujaLTaCA\"]}]}<\/script>\n<!-- \/ Yoast SEO plugin. -->","yoast_head_json":{"title":"SUKELDUMISMASK - MARES X VISION MID 2.0, MUST - NORDLINE s\u00f5udepaadid ja mootorpaadid. Klaasfiiber materjalist.","robots":{"index":"index","follow":"follow","max-snippet":"max-snippet:-1","max-image-preview":"max-image-preview:large","max-video-preview":"max-video-preview:-1"},"canonical":"https:\/\/nordlinepaadid.ee\/et\/pood\/sukeldumine\/sukeldumismask-mares-x-vision-mid-2-0-must\/","og_locale":"et_EE","og_type":"article","og_title":"SUKELDUMISMASK - MARES X VISION MID 2.0, MUST - NORDLINE s\u00f5udepaadid ja mootorpaadid. Klaasfiiber materjalist.","og_description":"X-Vision Mid 2.0 sukeldumismaskil on v\u00e4iksem n\u00e4oosa, et pakkuda X-Visioni eeliseid enamatele sukeldujatele. Sellel sukeldumismaskil on h\u00f5lpsasti reguleeritavad pandlad, mis h\u00f5lbustavad kasutamist isegi kindaid kandes. T\u00e4nu oma disainile pakub see \u00fcllatavalt laia vaatev\u00e4lja. Selle mudeli jaoks on saadaval optilised l\u00e4\u00e4tsed. X-Vision Mid 2.0 sukeldumismask on v\u00e4ga kompaktne mask, mis sobib ideaalselt v\u00e4iksematele n\u00e4gudele. Raam on...","og_url":"https:\/\/nordlinepaadid.ee\/et\/pood\/sukeldumine\/sukeldumismask-mares-x-vision-mid-2-0-must\/","og_site_name":"NORDLINE s\u00f5udepaadid ja mootorpaadid. Klaasfiiber materjalist.","article_publisher":"https:\/\/www.facebook.com\/nordlineboats","og_image":[{"width":668,"height":531,"url":"https:\/\/nordlinepaadid.ee\/wp-content\/uploads\/2025\/03\/11026_MMRK-41106067-BXBKWBK-11BG-2.png","type":"image\/png"}],"twitter_card":"summary_large_image","twitter_misc":{"Est. reading time":"1 minut"},"schema":{"@context":"https:\/\/schema.org","@graph":[{"@type":"WebPage","@id":"https:\/\/nordlinepaadid.ee\/et\/pood\/sukeldumine\/sukeldumismask-mares-x-vision-mid-2-0-must\/","url":"https:\/\/nordlinepaadid.ee\/et\/pood\/sukeldumine\/sukeldumismask-mares-x-vision-mid-2-0-must\/","name":"SUKELDUMISMASK - MARES X VISION MID 2.0, MUST - NORDLINE s\u00f5udepaadid ja mootorpaadid. Klaasfiiber materjalist.","isPartOf":{"@id":"https:\/\/nordlinepaadid.ee\/et\/#website"},"primaryImageOfPage":{"@id":"https:\/\/nordlinepaadid.ee\/et\/pood\/sukeldumine\/sukeldumismask-mares-x-vision-mid-2-0-must\/#primaryimage"},"image":{"@id":"https:\/\/nordlinepaadid.ee\/et\/pood\/sukeldumine\/sukeldumismask-mares-x-vision-mid-2-0-must\/#primaryimage"},"thumbnailUrl":"https:\/\/nordlinepaadid.ee\/wp-content\/uploads\/2025\/03\/11026_MMRK-41106067-BXBKWBK-11BG-2.png","datePublished":"2026-04-07T00:26:50+00:00","breadcrumb":{"@id":"https:\/\/nordlinepaadid.ee\/et\/pood\/sukeldumine\/sukeldumismask-mares-x-vision-mid-2-0-must\/#breadcrumb"},"inLanguage":"et","potentialAction":[{"@type":"ReadAction","target":["https:\/\/nordlinepaadid.ee\/et\/pood\/sukeldumine\/sukeldumismask-mares-x-vision-mid-2-0-must\/"]}]},{"@type":"ImageObject","inLanguage":"et","@id":"https:\/\/nordlinepaadid.ee\/et\/pood\/sukeldumine\/sukeldumismask-mares-x-vision-mid-2-0-must\/#primaryimage","url":"https:\/\/nordlinepaadid.ee\/wp-content\/uploads\/2025\/03\/11026_MMRK-41106067-BXBKWBK-11BG-2.png","contentUrl":"https:\/\/nordlinepaadid.ee\/wp-content\/uploads\/2025\/03\/11026_MMRK-41106067-BXBKWBK-11BG-2.png","width":668,"height":531},{"@type":"BreadcrumbList","@id":"https:\/\/nordlinepaadid.ee\/et\/pood\/sukeldumine\/sukeldumismask-mares-x-vision-mid-2-0-must\/#breadcrumb","itemListElement":[{"@type":"ListItem","position":1,"name":"Home","item":"https:\/\/nordlinepaadid.ee\/et\/"},{"@type":"ListItem","position":2,"name":"Pood","item":"https:\/\/nordlinepaadid.ee\/et\/pood\/"},{"@type":"ListItem","position":3,"name":"SUKELDUMISMASK &#8211; MARES X VISION MID 2.0, MUST"}]},{"@type":"WebSite","@id":"https:\/\/nordlinepaadid.ee\/et\/#website","url":"https:\/\/nordlinepaadid.ee\/et\/","name":"NORDLINE s\u00f5udepaadid ja mootorpaadid. Klaasfiiber materjalist.","description":"","publisher":{"@id":"https:\/\/nordlinepaadid.ee\/et\/#organization"},"potentialAction":[{"@type":"SearchAction","target":{"@type":"EntryPoint","urlTemplate":"https:\/\/nordlinepaadid.ee\/et\/?s={search_term_string}"},"query-input":{"@type":"PropertyValueSpecification","valueRequired":true,"valueName":"search_term_string"}}],"inLanguage":"et"},{"@type":"Organization","@id":"https:\/\/nordlinepaadid.ee\/et\/#organization","name":"Nordlineboats","url":"https:\/\/nordlinepaadid.ee\/et\/","logo":{"@type":"ImageObject","inLanguage":"et","@id":"https:\/\/nordlinepaadid.ee\/et\/#\/schema\/logo\/image\/","url":"https:\/\/nordlinepaadid.ee\/wp-content\/uploads\/2023\/01\/fulllogo_transparent_nobuffer-e1672750475494.png","contentUrl":"https:\/\/nordlinepaadid.ee\/wp-content\/uploads\/2023\/01\/fulllogo_transparent_nobuffer-e1672750475494.png","width":150,"height":119,"caption":"Nordlineboats"},"image":{"@id":"https:\/\/nordlinepaadid.ee\/et\/#\/schema\/logo\/image\/"},"sameAs":["https:\/\/www.facebook.com\/nordlineboats","https:\/\/www.youtube.com\/channel\/UCbgF0fy02y3QkFnujaLTaCA"]}]}},"taxonomy_info":{"product_cat":[{"value":1620,"label":"SUKELDUMISVARUSTUS"}],"pa_color":[{"value":1381,"label":"Must\/Valge"}]},"featured_image_src_large":["https:\/\/nordlinepaadid.ee\/wp-content\/uploads\/2025\/03\/11026_MMRK-41106067-BXBKWBK-11BG-2.png",668,531,false],"author_info":[],"comment_info":"","_links":{"self":[{"href":"https:\/\/nordlinepaadid.ee\/et\/wp-json\/wp\/v2\/product\/51924","targetHints":{"allow":["GET"]}}],"collection":[{"href":"https:\/\/nordlinepaadid.ee\/et\/wp-json\/wp\/v2\/product"}],"about":[{"href":"https:\/\/nordlinepaadid.ee\/et\/wp-json\/wp\/v2\/types\/product"}],"wp:featuredmedia":[{"embeddable":true,"href":"https:\/\/nordlinepaadid.ee\/et\/wp-json\/wp\/v2\/media\/49105"}],"wp:attachment":[{"href":"https:\/\/nordlinepaadid.ee\/et\/wp-json\/wp\/v2\/media?parent=51924"}],"wp:term":[{"taxonomy":"product_brand","embeddable":true,"href":"https:\/\/nordlinepaadid.ee\/et\/wp-json\/wp\/v2\/product_brand?post=51924"},{"taxonomy":"product_cat","embeddable":true,"href":"https:\/\/nordlinepaadid.ee\/et\/wp-json\/wp\/v2\/product_cat?post=51924"},{"taxonomy":"product_tag","embeddable":true,"href":"https:\/\/nordlinepaadid.ee\/et\/wp-json\/wp\/v2\/product_tag?post=51924"}],"curies":[{"name":"wp","href":"https:\/\/api.w.org\/{rel}","templated":true}]}}