{"id":51940,"date":"2026-04-07T03:28:58","date_gmt":"2026-04-07T00:28:58","guid":{"rendered":"https:\/\/nordlinepaadid.ee\/toode\/maaratlemata\/snorgeldamismask-beauchat-oceo-junior-sinine\/"},"modified":"2026-04-07T03:28:59","modified_gmt":"2026-04-07T00:28:59","slug":"snorgeldamismask-beauchat-oceo-junior-sinine","status":"publish","type":"product","link":"https:\/\/nordlinepaadid.ee\/et\/pood\/sukeldumine\/snorgeldamismask-beauchat-oceo-junior-sinine\/","title":{"rendered":"SNORGELDAMISMASK- BEAUCHAT OCEO JUNIOR, SININE"},"content":{"rendered":"<p style=\"text-align: justify;\">Snorgeldamismask, mis pakub mugavust, panoraamvaadet ja t\u00e4iuslikku tihendust, ideaalne kogu pere veealuste seikluste jaoks. \u00dche l\u00e4\u00e4tsega mask on valmistatud karastatud klaasist, mis on kriimustus- ja l\u00f6\u00f6gikindel, ideaalne noortele seiklejatele. Panoraamvaade tagab parema veealuse selguse ja heleduse, mis v\u00f5imaldab lastel h\u00f5lpsasti mereelu j\u00e4lgida. Elastne rihm, p\u00f6\u00f6ratavad ja eemaldatavad pandlad, integreeritud snorkelihoidja, \u00fclipehme h\u00fcpoallergeenne silikoon\u00e4\u00e4ris, mis sobib k\u00f5ikidele n\u00e4okujudele.<\/p>\n<p>&#13;<\/p>\n","protected":false},"excerpt":{"rendered":"<p>Snorgeldamismask, mis pakub mugavust, panoraamvaadet ja t\u00e4iuslikku tihendust, ideaalne kogu pere veealuste seikluste jaoks. \u00dche l\u00e4\u00e4tsega mask on valmistatud karastatud klaasist, mis on kriimustus- ja l\u00f6\u00f6gikindel, ideaalne noortele seiklejatele. Panoraamvaade tagab parema veealuse selguse ja heleduse, mis v\u00f5imaldab lastel h\u00f5lpsasti mereelu j\u00e4lgida. Elastne rihm, p\u00f6\u00f6ratavad ja eemaldatavad pandlad, integreeritud snorkelihoidja, \u00fclipehme h\u00fcpoallergeenne silikoon\u00e4\u00e4ris, mis sobib&#8230;<\/p>\n","protected":false},"featured_media":54925,"template":"","meta":{"_kad_blocks_custom_css":"","_kad_blocks_head_custom_js":"","_kad_blocks_body_custom_js":"","_kad_blocks_footer_custom_js":"","_kad_post_transparent":"","_kad_post_title":"","_kad_post_layout":"","_kad_post_sidebar_id":"","_kad_post_content_style":"","_kad_post_vertical_padding":"","_kad_post_feature":"","_kad_post_feature_position":"","_kad_post_header":false,"_kad_post_footer":false,"_kad_post_classname":""},"product_brand":[],"product_cat":[1620],"product_tag":[],"class_list":{"0":"post-51940","1":"product","2":"type-product","3":"status-publish","4":"has-post-thumbnail","6":"product_cat-sukeldumine","7":"pa_color-sinine-oranz","8":"pa_producer-beauchat","9":"pa_unit-pcs","10":"tm-no-options","12":"first","13":"instock","14":"taxable","15":"shipping-taxable","16":"purchasable","17":"product-type-simple","18":"entry","19":"content-bg","20":"loop-entry"},"yoast_head":"<!-- This site is optimized with the Yoast SEO plugin v27.3 - https:\/\/yoast.com\/product\/yoast-seo-wordpress\/ -->\n<title>SNORGELDAMISMASK- BEAUCHAT OCEO JUNIOR, SININE - NORDLINE s\u00f5udepaadid ja mootorpaadid. Klaasfiiber materjalist.<\/title>\n<meta name=\"robots\" content=\"index, follow, max-snippet:-1, max-image-preview:large, max-video-preview:-1\" \/>\n<link rel=\"canonical\" href=\"https:\/\/nordlinepaadid.ee\/et\/pood\/sukeldumine\/snorgeldamismask-beauchat-oceo-junior-sinine\/\" \/>\n<meta property=\"og:locale\" content=\"et_EE\" \/>\n<meta property=\"og:type\" content=\"article\" \/>\n<meta property=\"og:title\" content=\"SNORGELDAMISMASK- BEAUCHAT OCEO JUNIOR, SININE - NORDLINE s\u00f5udepaadid ja mootorpaadid. Klaasfiiber materjalist.\" \/>\n<meta property=\"og:description\" content=\"Snorgeldamismask, mis pakub mugavust, panoraamvaadet ja t\u00e4iuslikku tihendust, ideaalne kogu pere veealuste seikluste jaoks. \u00dche l\u00e4\u00e4tsega mask on valmistatud karastatud klaasist, mis on kriimustus- ja l\u00f6\u00f6gikindel, ideaalne noortele seiklejatele. Panoraamvaade tagab parema veealuse selguse ja heleduse, mis v\u00f5imaldab lastel h\u00f5lpsasti mereelu j\u00e4lgida. Elastne rihm, p\u00f6\u00f6ratavad ja eemaldatavad pandlad, integreeritud snorkelihoidja, \u00fclipehme h\u00fcpoallergeenne silikoon\u00e4\u00e4ris, mis sobib...\" \/>\n<meta property=\"og:url\" content=\"https:\/\/nordlinepaadid.ee\/et\/pood\/sukeldumine\/snorgeldamismask-beauchat-oceo-junior-sinine\/\" \/>\n<meta property=\"og:site_name\" content=\"NORDLINE s\u00f5udepaadid ja mootorpaadid. Klaasfiiber materjalist.\" \/>\n<meta property=\"article:publisher\" content=\"https:\/\/www.facebook.com\/nordlineboats\" \/>\n<meta property=\"article:modified_time\" content=\"2026-04-07T00:28:59+00:00\" \/>\n<meta property=\"og:image\" content=\"https:\/\/nordlinepaadid.ee\/wp-content\/uploads\/2026\/02\/12568_MMRK-151412-2.jpg\" \/>\n\t<meta property=\"og:image:width\" content=\"536\" \/>\n\t<meta property=\"og:image:height\" content=\"353\" \/>\n\t<meta property=\"og:image:type\" content=\"image\/jpeg\" \/>\n<meta name=\"twitter:card\" content=\"summary_large_image\" \/>\n<script type=\"application\/ld+json\" class=\"yoast-schema-graph\">{\"@context\":\"https:\\\/\\\/schema.org\",\"@graph\":[{\"@type\":\"WebPage\",\"@id\":\"https:\\\/\\\/nordlinepaadid.ee\\\/et\\\/pood\\\/sukeldumine\\\/snorgeldamismask-beauchat-oceo-junior-sinine\\\/\",\"url\":\"https:\\\/\\\/nordlinepaadid.ee\\\/et\\\/pood\\\/sukeldumine\\\/snorgeldamismask-beauchat-oceo-junior-sinine\\\/\",\"name\":\"SNORGELDAMISMASK- BEAUCHAT OCEO JUNIOR, SININE - NORDLINE s\u00f5udepaadid ja mootorpaadid. Klaasfiiber materjalist.\",\"isPartOf\":{\"@id\":\"https:\\\/\\\/nordlinepaadid.ee\\\/et\\\/#website\"},\"primaryImageOfPage\":{\"@id\":\"https:\\\/\\\/nordlinepaadid.ee\\\/et\\\/pood\\\/sukeldumine\\\/snorgeldamismask-beauchat-oceo-junior-sinine\\\/#primaryimage\"},\"image\":{\"@id\":\"https:\\\/\\\/nordlinepaadid.ee\\\/et\\\/pood\\\/sukeldumine\\\/snorgeldamismask-beauchat-oceo-junior-sinine\\\/#primaryimage\"},\"thumbnailUrl\":\"https:\\\/\\\/nordlinepaadid.ee\\\/wp-content\\\/uploads\\\/2026\\\/02\\\/12568_MMRK-151412-2.jpg\",\"datePublished\":\"2026-04-07T00:28:58+00:00\",\"dateModified\":\"2026-04-07T00:28:59+00:00\",\"breadcrumb\":{\"@id\":\"https:\\\/\\\/nordlinepaadid.ee\\\/et\\\/pood\\\/sukeldumine\\\/snorgeldamismask-beauchat-oceo-junior-sinine\\\/#breadcrumb\"},\"inLanguage\":\"et\",\"potentialAction\":[{\"@type\":\"ReadAction\",\"target\":[\"https:\\\/\\\/nordlinepaadid.ee\\\/et\\\/pood\\\/sukeldumine\\\/snorgeldamismask-beauchat-oceo-junior-sinine\\\/\"]}]},{\"@type\":\"ImageObject\",\"inLanguage\":\"et\",\"@id\":\"https:\\\/\\\/nordlinepaadid.ee\\\/et\\\/pood\\\/sukeldumine\\\/snorgeldamismask-beauchat-oceo-junior-sinine\\\/#primaryimage\",\"url\":\"https:\\\/\\\/nordlinepaadid.ee\\\/wp-content\\\/uploads\\\/2026\\\/02\\\/12568_MMRK-151412-2.jpg\",\"contentUrl\":\"https:\\\/\\\/nordlinepaadid.ee\\\/wp-content\\\/uploads\\\/2026\\\/02\\\/12568_MMRK-151412-2.jpg\",\"width\":536,\"height\":353},{\"@type\":\"BreadcrumbList\",\"@id\":\"https:\\\/\\\/nordlinepaadid.ee\\\/et\\\/pood\\\/sukeldumine\\\/snorgeldamismask-beauchat-oceo-junior-sinine\\\/#breadcrumb\",\"itemListElement\":[{\"@type\":\"ListItem\",\"position\":1,\"name\":\"Home\",\"item\":\"https:\\\/\\\/nordlinepaadid.ee\\\/et\\\/\"},{\"@type\":\"ListItem\",\"position\":2,\"name\":\"Pood\",\"item\":\"https:\\\/\\\/nordlinepaadid.ee\\\/et\\\/pood\\\/\"},{\"@type\":\"ListItem\",\"position\":3,\"name\":\"SNORGELDAMISMASK- BEAUCHAT OCEO JUNIOR, SININE\"}]},{\"@type\":\"WebSite\",\"@id\":\"https:\\\/\\\/nordlinepaadid.ee\\\/et\\\/#website\",\"url\":\"https:\\\/\\\/nordlinepaadid.ee\\\/et\\\/\",\"name\":\"NORDLINE s\u00f5udepaadid ja mootorpaadid. Klaasfiiber materjalist.\",\"description\":\"\",\"publisher\":{\"@id\":\"https:\\\/\\\/nordlinepaadid.ee\\\/et\\\/#organization\"},\"potentialAction\":[{\"@type\":\"SearchAction\",\"target\":{\"@type\":\"EntryPoint\",\"urlTemplate\":\"https:\\\/\\\/nordlinepaadid.ee\\\/et\\\/?s={search_term_string}\"},\"query-input\":{\"@type\":\"PropertyValueSpecification\",\"valueRequired\":true,\"valueName\":\"search_term_string\"}}],\"inLanguage\":\"et\"},{\"@type\":\"Organization\",\"@id\":\"https:\\\/\\\/nordlinepaadid.ee\\\/et\\\/#organization\",\"name\":\"Nordlineboats\",\"url\":\"https:\\\/\\\/nordlinepaadid.ee\\\/et\\\/\",\"logo\":{\"@type\":\"ImageObject\",\"inLanguage\":\"et\",\"@id\":\"https:\\\/\\\/nordlinepaadid.ee\\\/et\\\/#\\\/schema\\\/logo\\\/image\\\/\",\"url\":\"https:\\\/\\\/nordlinepaadid.ee\\\/wp-content\\\/uploads\\\/2023\\\/01\\\/fulllogo_transparent_nobuffer-e1672750475494.png\",\"contentUrl\":\"https:\\\/\\\/nordlinepaadid.ee\\\/wp-content\\\/uploads\\\/2023\\\/01\\\/fulllogo_transparent_nobuffer-e1672750475494.png\",\"width\":150,\"height\":119,\"caption\":\"Nordlineboats\"},\"image\":{\"@id\":\"https:\\\/\\\/nordlinepaadid.ee\\\/et\\\/#\\\/schema\\\/logo\\\/image\\\/\"},\"sameAs\":[\"https:\\\/\\\/www.facebook.com\\\/nordlineboats\",\"https:\\\/\\\/www.youtube.com\\\/channel\\\/UCbgF0fy02y3QkFnujaLTaCA\"]}]}<\/script>\n<!-- \/ Yoast SEO plugin. -->","yoast_head_json":{"title":"SNORGELDAMISMASK- BEAUCHAT OCEO JUNIOR, SININE - NORDLINE s\u00f5udepaadid ja mootorpaadid. Klaasfiiber materjalist.","robots":{"index":"index","follow":"follow","max-snippet":"max-snippet:-1","max-image-preview":"max-image-preview:large","max-video-preview":"max-video-preview:-1"},"canonical":"https:\/\/nordlinepaadid.ee\/et\/pood\/sukeldumine\/snorgeldamismask-beauchat-oceo-junior-sinine\/","og_locale":"et_EE","og_type":"article","og_title":"SNORGELDAMISMASK- BEAUCHAT OCEO JUNIOR, SININE - NORDLINE s\u00f5udepaadid ja mootorpaadid. Klaasfiiber materjalist.","og_description":"Snorgeldamismask, mis pakub mugavust, panoraamvaadet ja t\u00e4iuslikku tihendust, ideaalne kogu pere veealuste seikluste jaoks. \u00dche l\u00e4\u00e4tsega mask on valmistatud karastatud klaasist, mis on kriimustus- ja l\u00f6\u00f6gikindel, ideaalne noortele seiklejatele. Panoraamvaade tagab parema veealuse selguse ja heleduse, mis v\u00f5imaldab lastel h\u00f5lpsasti mereelu j\u00e4lgida. Elastne rihm, p\u00f6\u00f6ratavad ja eemaldatavad pandlad, integreeritud snorkelihoidja, \u00fclipehme h\u00fcpoallergeenne silikoon\u00e4\u00e4ris, mis sobib...","og_url":"https:\/\/nordlinepaadid.ee\/et\/pood\/sukeldumine\/snorgeldamismask-beauchat-oceo-junior-sinine\/","og_site_name":"NORDLINE s\u00f5udepaadid ja mootorpaadid. Klaasfiiber materjalist.","article_publisher":"https:\/\/www.facebook.com\/nordlineboats","article_modified_time":"2026-04-07T00:28:59+00:00","og_image":[{"width":536,"height":353,"url":"https:\/\/nordlinepaadid.ee\/wp-content\/uploads\/2026\/02\/12568_MMRK-151412-2.jpg","type":"image\/jpeg"}],"twitter_card":"summary_large_image","schema":{"@context":"https:\/\/schema.org","@graph":[{"@type":"WebPage","@id":"https:\/\/nordlinepaadid.ee\/et\/pood\/sukeldumine\/snorgeldamismask-beauchat-oceo-junior-sinine\/","url":"https:\/\/nordlinepaadid.ee\/et\/pood\/sukeldumine\/snorgeldamismask-beauchat-oceo-junior-sinine\/","name":"SNORGELDAMISMASK- BEAUCHAT OCEO JUNIOR, SININE - NORDLINE s\u00f5udepaadid ja mootorpaadid. Klaasfiiber materjalist.","isPartOf":{"@id":"https:\/\/nordlinepaadid.ee\/et\/#website"},"primaryImageOfPage":{"@id":"https:\/\/nordlinepaadid.ee\/et\/pood\/sukeldumine\/snorgeldamismask-beauchat-oceo-junior-sinine\/#primaryimage"},"image":{"@id":"https:\/\/nordlinepaadid.ee\/et\/pood\/sukeldumine\/snorgeldamismask-beauchat-oceo-junior-sinine\/#primaryimage"},"thumbnailUrl":"https:\/\/nordlinepaadid.ee\/wp-content\/uploads\/2026\/02\/12568_MMRK-151412-2.jpg","datePublished":"2026-04-07T00:28:58+00:00","dateModified":"2026-04-07T00:28:59+00:00","breadcrumb":{"@id":"https:\/\/nordlinepaadid.ee\/et\/pood\/sukeldumine\/snorgeldamismask-beauchat-oceo-junior-sinine\/#breadcrumb"},"inLanguage":"et","potentialAction":[{"@type":"ReadAction","target":["https:\/\/nordlinepaadid.ee\/et\/pood\/sukeldumine\/snorgeldamismask-beauchat-oceo-junior-sinine\/"]}]},{"@type":"ImageObject","inLanguage":"et","@id":"https:\/\/nordlinepaadid.ee\/et\/pood\/sukeldumine\/snorgeldamismask-beauchat-oceo-junior-sinine\/#primaryimage","url":"https:\/\/nordlinepaadid.ee\/wp-content\/uploads\/2026\/02\/12568_MMRK-151412-2.jpg","contentUrl":"https:\/\/nordlinepaadid.ee\/wp-content\/uploads\/2026\/02\/12568_MMRK-151412-2.jpg","width":536,"height":353},{"@type":"BreadcrumbList","@id":"https:\/\/nordlinepaadid.ee\/et\/pood\/sukeldumine\/snorgeldamismask-beauchat-oceo-junior-sinine\/#breadcrumb","itemListElement":[{"@type":"ListItem","position":1,"name":"Home","item":"https:\/\/nordlinepaadid.ee\/et\/"},{"@type":"ListItem","position":2,"name":"Pood","item":"https:\/\/nordlinepaadid.ee\/et\/pood\/"},{"@type":"ListItem","position":3,"name":"SNORGELDAMISMASK- BEAUCHAT OCEO JUNIOR, SININE"}]},{"@type":"WebSite","@id":"https:\/\/nordlinepaadid.ee\/et\/#website","url":"https:\/\/nordlinepaadid.ee\/et\/","name":"NORDLINE s\u00f5udepaadid ja mootorpaadid. Klaasfiiber materjalist.","description":"","publisher":{"@id":"https:\/\/nordlinepaadid.ee\/et\/#organization"},"potentialAction":[{"@type":"SearchAction","target":{"@type":"EntryPoint","urlTemplate":"https:\/\/nordlinepaadid.ee\/et\/?s={search_term_string}"},"query-input":{"@type":"PropertyValueSpecification","valueRequired":true,"valueName":"search_term_string"}}],"inLanguage":"et"},{"@type":"Organization","@id":"https:\/\/nordlinepaadid.ee\/et\/#organization","name":"Nordlineboats","url":"https:\/\/nordlinepaadid.ee\/et\/","logo":{"@type":"ImageObject","inLanguage":"et","@id":"https:\/\/nordlinepaadid.ee\/et\/#\/schema\/logo\/image\/","url":"https:\/\/nordlinepaadid.ee\/wp-content\/uploads\/2023\/01\/fulllogo_transparent_nobuffer-e1672750475494.png","contentUrl":"https:\/\/nordlinepaadid.ee\/wp-content\/uploads\/2023\/01\/fulllogo_transparent_nobuffer-e1672750475494.png","width":150,"height":119,"caption":"Nordlineboats"},"image":{"@id":"https:\/\/nordlinepaadid.ee\/et\/#\/schema\/logo\/image\/"},"sameAs":["https:\/\/www.facebook.com\/nordlineboats","https:\/\/www.youtube.com\/channel\/UCbgF0fy02y3QkFnujaLTaCA"]}]}},"taxonomy_info":{"product_cat":[{"value":1620,"label":"SUKELDUMISVARUSTUS"}],"pa_color":[{"value":759,"label":"Sinine\/Oran\u017e"}],"pa_producer":[{"value":1733,"label":"Beauchat"}],"pa_unit":[{"value":416,"label":"pcs"}]},"featured_image_src_large":["https:\/\/nordlinepaadid.ee\/wp-content\/uploads\/2026\/02\/12568_MMRK-151412-2.jpg",536,353,false],"author_info":[],"comment_info":"","_links":{"self":[{"href":"https:\/\/nordlinepaadid.ee\/et\/wp-json\/wp\/v2\/product\/51940","targetHints":{"allow":["GET"]}}],"collection":[{"href":"https:\/\/nordlinepaadid.ee\/et\/wp-json\/wp\/v2\/product"}],"about":[{"href":"https:\/\/nordlinepaadid.ee\/et\/wp-json\/wp\/v2\/types\/product"}],"wp:featuredmedia":[{"embeddable":true,"href":"https:\/\/nordlinepaadid.ee\/et\/wp-json\/wp\/v2\/media\/54925"}],"wp:attachment":[{"href":"https:\/\/nordlinepaadid.ee\/et\/wp-json\/wp\/v2\/media?parent=51940"}],"wp:term":[{"taxonomy":"product_brand","embeddable":true,"href":"https:\/\/nordlinepaadid.ee\/et\/wp-json\/wp\/v2\/product_brand?post=51940"},{"taxonomy":"product_cat","embeddable":true,"href":"https:\/\/nordlinepaadid.ee\/et\/wp-json\/wp\/v2\/product_cat?post=51940"},{"taxonomy":"product_tag","embeddable":true,"href":"https:\/\/nordlinepaadid.ee\/et\/wp-json\/wp\/v2\/product_tag?post=51940"}],"curies":[{"name":"wp","href":"https:\/\/api.w.org\/{rel}","templated":true}]}}