{"id":52009,"date":"2026-04-07T03:30:02","date_gmt":"2026-04-07T00:30:02","guid":{"rendered":"https:\/\/nordlinepaadid.ee\/toode\/maaratlemata\/snorgeldamislestad-seac-ita-38-39-valge\/"},"modified":"2026-04-07T03:30:02","modified_gmt":"2026-04-07T00:30:02","slug":"snorgeldamislestad-seac-ita-38-39-valge","status":"publish","type":"product","link":"https:\/\/nordlinepaadid.ee\/et\/pood\/sukeldumine\/snorgeldamislestad-seac-ita-38-39-valge\/","title":{"rendered":"SNORGELDAMISLESTAD- SEAC ITA, 38\/39, VALGE"},"content":{"rendered":"<p>V\u00e4ga mugavad ja praktilised l\u00fchikesed lestad, mis sobivad ujumiseks, snorgeldamiseks ja ujumistreeninguks basseinis. SEAC ITA lesta suletud jalatasku on disainitud nii, et lest oleks kindlalt paigas, tagades maksimaalse mugavuse. Need on valmistatud erinevatest plastmassidest, mis tagavad suurep\u00e4rase painduvuse, j\u00f5udluse ja t\u00f5ukej\u00f5u. Servad ja ots on kummist, et kaitsta kulumise eest.<\/p>\n","protected":false},"excerpt":{"rendered":"<p>V\u00e4ga mugavad ja praktilised l\u00fchikesed lestad, mis sobivad ujumiseks, snorgeldamiseks ja ujumistreeninguks basseinis. SEAC ITA lesta suletud jalatasku on disainitud nii, et lest oleks kindlalt paigas, tagades maksimaalse mugavuse. Need on valmistatud erinevatest plastmassidest, mis tagavad suurep\u00e4rase painduvuse, j\u00f5udluse ja t\u00f5ukej\u00f5u. Servad ja ots on kummist, et kaitsta kulumise eest.<\/p>\n","protected":false},"featured_media":55061,"template":"","meta":{"_kad_blocks_custom_css":"","_kad_blocks_head_custom_js":"","_kad_blocks_body_custom_js":"","_kad_blocks_footer_custom_js":"","_kad_post_transparent":"","_kad_post_title":"","_kad_post_layout":"","_kad_post_sidebar_id":"","_kad_post_content_style":"","_kad_post_vertical_padding":"","_kad_post_feature":"","_kad_post_feature_position":"","_kad_post_header":false,"_kad_post_footer":false,"_kad_post_classname":""},"product_brand":[],"product_cat":[1620],"product_tag":[],"class_list":{"0":"post-52009","1":"product","2":"type-product","3":"status-publish","4":"has-post-thumbnail","6":"product_cat-sukeldumine","7":"pa_color-valge","8":"pa_producer-seac","9":"pa_unit-pair","10":"tm-no-options","12":"first","13":"onbackorder","14":"taxable","15":"shipping-taxable","16":"purchasable","17":"product-type-simple","18":"entry","19":"content-bg","20":"loop-entry"},"yoast_head":"<!-- This site is optimized with the Yoast SEO plugin v27.3 - https:\/\/yoast.com\/product\/yoast-seo-wordpress\/ -->\n<title>SNORGELDAMISLESTAD- SEAC ITA, 38\/39, VALGE - NORDLINE s\u00f5udepaadid ja mootorpaadid. Klaasfiiber materjalist.<\/title>\n<meta name=\"robots\" content=\"index, follow, max-snippet:-1, max-image-preview:large, max-video-preview:-1\" \/>\n<link rel=\"canonical\" href=\"https:\/\/nordlinepaadid.ee\/et\/pood\/sukeldumine\/snorgeldamislestad-seac-ita-38-39-valge\/\" \/>\n<meta property=\"og:locale\" content=\"et_EE\" \/>\n<meta property=\"og:type\" content=\"article\" \/>\n<meta property=\"og:title\" content=\"SNORGELDAMISLESTAD- SEAC ITA, 38\/39, VALGE - NORDLINE s\u00f5udepaadid ja mootorpaadid. Klaasfiiber materjalist.\" \/>\n<meta property=\"og:description\" content=\"V\u00e4ga mugavad ja praktilised l\u00fchikesed lestad, mis sobivad ujumiseks, snorgeldamiseks ja ujumistreeninguks basseinis. SEAC ITA lesta suletud jalatasku on disainitud nii, et lest oleks kindlalt paigas, tagades maksimaalse mugavuse. Need on valmistatud erinevatest plastmassidest, mis tagavad suurep\u00e4rase painduvuse, j\u00f5udluse ja t\u00f5ukej\u00f5u. Servad ja ots on kummist, et kaitsta kulumise eest.\" \/>\n<meta property=\"og:url\" content=\"https:\/\/nordlinepaadid.ee\/et\/pood\/sukeldumine\/snorgeldamislestad-seac-ita-38-39-valge\/\" \/>\n<meta property=\"og:site_name\" content=\"NORDLINE s\u00f5udepaadid ja mootorpaadid. Klaasfiiber materjalist.\" \/>\n<meta property=\"article:publisher\" content=\"https:\/\/www.facebook.com\/nordlineboats\" \/>\n<meta property=\"og:image\" content=\"https:\/\/nordlinepaadid.ee\/wp-content\/uploads\/2026\/02\/12647_MMRK-0710058120461A-1.jpg\" \/>\n\t<meta property=\"og:image:width\" content=\"1398\" \/>\n\t<meta property=\"og:image:height\" content=\"1500\" \/>\n\t<meta property=\"og:image:type\" content=\"image\/jpeg\" \/>\n<meta name=\"twitter:card\" content=\"summary_large_image\" \/>\n<script type=\"application\/ld+json\" class=\"yoast-schema-graph\">{\"@context\":\"https:\\\/\\\/schema.org\",\"@graph\":[{\"@type\":\"WebPage\",\"@id\":\"https:\\\/\\\/nordlinepaadid.ee\\\/et\\\/pood\\\/sukeldumine\\\/snorgeldamislestad-seac-ita-38-39-valge\\\/\",\"url\":\"https:\\\/\\\/nordlinepaadid.ee\\\/et\\\/pood\\\/sukeldumine\\\/snorgeldamislestad-seac-ita-38-39-valge\\\/\",\"name\":\"SNORGELDAMISLESTAD- SEAC ITA, 38\\\/39, VALGE - NORDLINE s\u00f5udepaadid ja mootorpaadid. Klaasfiiber materjalist.\",\"isPartOf\":{\"@id\":\"https:\\\/\\\/nordlinepaadid.ee\\\/et\\\/#website\"},\"primaryImageOfPage\":{\"@id\":\"https:\\\/\\\/nordlinepaadid.ee\\\/et\\\/pood\\\/sukeldumine\\\/snorgeldamislestad-seac-ita-38-39-valge\\\/#primaryimage\"},\"image\":{\"@id\":\"https:\\\/\\\/nordlinepaadid.ee\\\/et\\\/pood\\\/sukeldumine\\\/snorgeldamislestad-seac-ita-38-39-valge\\\/#primaryimage\"},\"thumbnailUrl\":\"https:\\\/\\\/nordlinepaadid.ee\\\/wp-content\\\/uploads\\\/2026\\\/02\\\/12647_MMRK-0710058120461A-1.jpg\",\"datePublished\":\"2026-04-07T00:30:02+00:00\",\"breadcrumb\":{\"@id\":\"https:\\\/\\\/nordlinepaadid.ee\\\/et\\\/pood\\\/sukeldumine\\\/snorgeldamislestad-seac-ita-38-39-valge\\\/#breadcrumb\"},\"inLanguage\":\"et\",\"potentialAction\":[{\"@type\":\"ReadAction\",\"target\":[\"https:\\\/\\\/nordlinepaadid.ee\\\/et\\\/pood\\\/sukeldumine\\\/snorgeldamislestad-seac-ita-38-39-valge\\\/\"]}]},{\"@type\":\"ImageObject\",\"inLanguage\":\"et\",\"@id\":\"https:\\\/\\\/nordlinepaadid.ee\\\/et\\\/pood\\\/sukeldumine\\\/snorgeldamislestad-seac-ita-38-39-valge\\\/#primaryimage\",\"url\":\"https:\\\/\\\/nordlinepaadid.ee\\\/wp-content\\\/uploads\\\/2026\\\/02\\\/12647_MMRK-0710058120461A-1.jpg\",\"contentUrl\":\"https:\\\/\\\/nordlinepaadid.ee\\\/wp-content\\\/uploads\\\/2026\\\/02\\\/12647_MMRK-0710058120461A-1.jpg\",\"width\":1398,\"height\":1500},{\"@type\":\"BreadcrumbList\",\"@id\":\"https:\\\/\\\/nordlinepaadid.ee\\\/et\\\/pood\\\/sukeldumine\\\/snorgeldamislestad-seac-ita-38-39-valge\\\/#breadcrumb\",\"itemListElement\":[{\"@type\":\"ListItem\",\"position\":1,\"name\":\"Home\",\"item\":\"https:\\\/\\\/nordlinepaadid.ee\\\/et\\\/\"},{\"@type\":\"ListItem\",\"position\":2,\"name\":\"Pood\",\"item\":\"https:\\\/\\\/nordlinepaadid.ee\\\/et\\\/pood\\\/\"},{\"@type\":\"ListItem\",\"position\":3,\"name\":\"SNORGELDAMISLESTAD- SEAC ITA, 38\\\/39, VALGE\"}]},{\"@type\":\"WebSite\",\"@id\":\"https:\\\/\\\/nordlinepaadid.ee\\\/et\\\/#website\",\"url\":\"https:\\\/\\\/nordlinepaadid.ee\\\/et\\\/\",\"name\":\"NORDLINE s\u00f5udepaadid ja mootorpaadid. Klaasfiiber materjalist.\",\"description\":\"\",\"publisher\":{\"@id\":\"https:\\\/\\\/nordlinepaadid.ee\\\/et\\\/#organization\"},\"potentialAction\":[{\"@type\":\"SearchAction\",\"target\":{\"@type\":\"EntryPoint\",\"urlTemplate\":\"https:\\\/\\\/nordlinepaadid.ee\\\/et\\\/?s={search_term_string}\"},\"query-input\":{\"@type\":\"PropertyValueSpecification\",\"valueRequired\":true,\"valueName\":\"search_term_string\"}}],\"inLanguage\":\"et\"},{\"@type\":\"Organization\",\"@id\":\"https:\\\/\\\/nordlinepaadid.ee\\\/et\\\/#organization\",\"name\":\"Nordlineboats\",\"url\":\"https:\\\/\\\/nordlinepaadid.ee\\\/et\\\/\",\"logo\":{\"@type\":\"ImageObject\",\"inLanguage\":\"et\",\"@id\":\"https:\\\/\\\/nordlinepaadid.ee\\\/et\\\/#\\\/schema\\\/logo\\\/image\\\/\",\"url\":\"https:\\\/\\\/nordlinepaadid.ee\\\/wp-content\\\/uploads\\\/2023\\\/01\\\/fulllogo_transparent_nobuffer-e1672750475494.png\",\"contentUrl\":\"https:\\\/\\\/nordlinepaadid.ee\\\/wp-content\\\/uploads\\\/2023\\\/01\\\/fulllogo_transparent_nobuffer-e1672750475494.png\",\"width\":150,\"height\":119,\"caption\":\"Nordlineboats\"},\"image\":{\"@id\":\"https:\\\/\\\/nordlinepaadid.ee\\\/et\\\/#\\\/schema\\\/logo\\\/image\\\/\"},\"sameAs\":[\"https:\\\/\\\/www.facebook.com\\\/nordlineboats\",\"https:\\\/\\\/www.youtube.com\\\/channel\\\/UCbgF0fy02y3QkFnujaLTaCA\"]}]}<\/script>\n<!-- \/ Yoast SEO plugin. -->","yoast_head_json":{"title":"SNORGELDAMISLESTAD- SEAC ITA, 38\/39, VALGE - NORDLINE s\u00f5udepaadid ja mootorpaadid. Klaasfiiber materjalist.","robots":{"index":"index","follow":"follow","max-snippet":"max-snippet:-1","max-image-preview":"max-image-preview:large","max-video-preview":"max-video-preview:-1"},"canonical":"https:\/\/nordlinepaadid.ee\/et\/pood\/sukeldumine\/snorgeldamislestad-seac-ita-38-39-valge\/","og_locale":"et_EE","og_type":"article","og_title":"SNORGELDAMISLESTAD- SEAC ITA, 38\/39, VALGE - NORDLINE s\u00f5udepaadid ja mootorpaadid. Klaasfiiber materjalist.","og_description":"V\u00e4ga mugavad ja praktilised l\u00fchikesed lestad, mis sobivad ujumiseks, snorgeldamiseks ja ujumistreeninguks basseinis. SEAC ITA lesta suletud jalatasku on disainitud nii, et lest oleks kindlalt paigas, tagades maksimaalse mugavuse. Need on valmistatud erinevatest plastmassidest, mis tagavad suurep\u00e4rase painduvuse, j\u00f5udluse ja t\u00f5ukej\u00f5u. Servad ja ots on kummist, et kaitsta kulumise eest.","og_url":"https:\/\/nordlinepaadid.ee\/et\/pood\/sukeldumine\/snorgeldamislestad-seac-ita-38-39-valge\/","og_site_name":"NORDLINE s\u00f5udepaadid ja mootorpaadid. Klaasfiiber materjalist.","article_publisher":"https:\/\/www.facebook.com\/nordlineboats","og_image":[{"width":1398,"height":1500,"url":"https:\/\/nordlinepaadid.ee\/wp-content\/uploads\/2026\/02\/12647_MMRK-0710058120461A-1.jpg","type":"image\/jpeg"}],"twitter_card":"summary_large_image","schema":{"@context":"https:\/\/schema.org","@graph":[{"@type":"WebPage","@id":"https:\/\/nordlinepaadid.ee\/et\/pood\/sukeldumine\/snorgeldamislestad-seac-ita-38-39-valge\/","url":"https:\/\/nordlinepaadid.ee\/et\/pood\/sukeldumine\/snorgeldamislestad-seac-ita-38-39-valge\/","name":"SNORGELDAMISLESTAD- SEAC ITA, 38\/39, VALGE - NORDLINE s\u00f5udepaadid ja mootorpaadid. Klaasfiiber materjalist.","isPartOf":{"@id":"https:\/\/nordlinepaadid.ee\/et\/#website"},"primaryImageOfPage":{"@id":"https:\/\/nordlinepaadid.ee\/et\/pood\/sukeldumine\/snorgeldamislestad-seac-ita-38-39-valge\/#primaryimage"},"image":{"@id":"https:\/\/nordlinepaadid.ee\/et\/pood\/sukeldumine\/snorgeldamislestad-seac-ita-38-39-valge\/#primaryimage"},"thumbnailUrl":"https:\/\/nordlinepaadid.ee\/wp-content\/uploads\/2026\/02\/12647_MMRK-0710058120461A-1.jpg","datePublished":"2026-04-07T00:30:02+00:00","breadcrumb":{"@id":"https:\/\/nordlinepaadid.ee\/et\/pood\/sukeldumine\/snorgeldamislestad-seac-ita-38-39-valge\/#breadcrumb"},"inLanguage":"et","potentialAction":[{"@type":"ReadAction","target":["https:\/\/nordlinepaadid.ee\/et\/pood\/sukeldumine\/snorgeldamislestad-seac-ita-38-39-valge\/"]}]},{"@type":"ImageObject","inLanguage":"et","@id":"https:\/\/nordlinepaadid.ee\/et\/pood\/sukeldumine\/snorgeldamislestad-seac-ita-38-39-valge\/#primaryimage","url":"https:\/\/nordlinepaadid.ee\/wp-content\/uploads\/2026\/02\/12647_MMRK-0710058120461A-1.jpg","contentUrl":"https:\/\/nordlinepaadid.ee\/wp-content\/uploads\/2026\/02\/12647_MMRK-0710058120461A-1.jpg","width":1398,"height":1500},{"@type":"BreadcrumbList","@id":"https:\/\/nordlinepaadid.ee\/et\/pood\/sukeldumine\/snorgeldamislestad-seac-ita-38-39-valge\/#breadcrumb","itemListElement":[{"@type":"ListItem","position":1,"name":"Home","item":"https:\/\/nordlinepaadid.ee\/et\/"},{"@type":"ListItem","position":2,"name":"Pood","item":"https:\/\/nordlinepaadid.ee\/et\/pood\/"},{"@type":"ListItem","position":3,"name":"SNORGELDAMISLESTAD- SEAC ITA, 38\/39, VALGE"}]},{"@type":"WebSite","@id":"https:\/\/nordlinepaadid.ee\/et\/#website","url":"https:\/\/nordlinepaadid.ee\/et\/","name":"NORDLINE s\u00f5udepaadid ja mootorpaadid. Klaasfiiber materjalist.","description":"","publisher":{"@id":"https:\/\/nordlinepaadid.ee\/et\/#organization"},"potentialAction":[{"@type":"SearchAction","target":{"@type":"EntryPoint","urlTemplate":"https:\/\/nordlinepaadid.ee\/et\/?s={search_term_string}"},"query-input":{"@type":"PropertyValueSpecification","valueRequired":true,"valueName":"search_term_string"}}],"inLanguage":"et"},{"@type":"Organization","@id":"https:\/\/nordlinepaadid.ee\/et\/#organization","name":"Nordlineboats","url":"https:\/\/nordlinepaadid.ee\/et\/","logo":{"@type":"ImageObject","inLanguage":"et","@id":"https:\/\/nordlinepaadid.ee\/et\/#\/schema\/logo\/image\/","url":"https:\/\/nordlinepaadid.ee\/wp-content\/uploads\/2023\/01\/fulllogo_transparent_nobuffer-e1672750475494.png","contentUrl":"https:\/\/nordlinepaadid.ee\/wp-content\/uploads\/2023\/01\/fulllogo_transparent_nobuffer-e1672750475494.png","width":150,"height":119,"caption":"Nordlineboats"},"image":{"@id":"https:\/\/nordlinepaadid.ee\/et\/#\/schema\/logo\/image\/"},"sameAs":["https:\/\/www.facebook.com\/nordlineboats","https:\/\/www.youtube.com\/channel\/UCbgF0fy02y3QkFnujaLTaCA"]}]}},"taxonomy_info":{"product_cat":[{"value":1620,"label":"SUKELDUMISVARUSTUS"}],"pa_color":[{"value":677,"label":"Valge"}],"pa_producer":[{"value":1824,"label":"Seac"}],"pa_unit":[{"value":423,"label":"pair"}]},"featured_image_src_large":["https:\/\/nordlinepaadid.ee\/wp-content\/uploads\/2026\/02\/12647_MMRK-0710058120461A-1-954x1024.jpg",954,1024,true],"author_info":[],"comment_info":"","_links":{"self":[{"href":"https:\/\/nordlinepaadid.ee\/et\/wp-json\/wp\/v2\/product\/52009","targetHints":{"allow":["GET"]}}],"collection":[{"href":"https:\/\/nordlinepaadid.ee\/et\/wp-json\/wp\/v2\/product"}],"about":[{"href":"https:\/\/nordlinepaadid.ee\/et\/wp-json\/wp\/v2\/types\/product"}],"wp:featuredmedia":[{"embeddable":true,"href":"https:\/\/nordlinepaadid.ee\/et\/wp-json\/wp\/v2\/media\/55061"}],"wp:attachment":[{"href":"https:\/\/nordlinepaadid.ee\/et\/wp-json\/wp\/v2\/media?parent=52009"}],"wp:term":[{"taxonomy":"product_brand","embeddable":true,"href":"https:\/\/nordlinepaadid.ee\/et\/wp-json\/wp\/v2\/product_brand?post=52009"},{"taxonomy":"product_cat","embeddable":true,"href":"https:\/\/nordlinepaadid.ee\/et\/wp-json\/wp\/v2\/product_cat?post=52009"},{"taxonomy":"product_tag","embeddable":true,"href":"https:\/\/nordlinepaadid.ee\/et\/wp-json\/wp\/v2\/product_tag?post=52009"}],"curies":[{"name":"wp","href":"https:\/\/api.w.org\/{rel}","templated":true}]}}