{"id":52113,"date":"2026-04-07T03:30:17","date_gmt":"2026-04-07T00:30:17","guid":{"rendered":"https:\/\/nordlinepaadid.ee\/pood\/maaratlemata\/pihustatav-liim-fixgrip-40-600-ml\/"},"modified":"2026-04-07T03:30:18","modified_gmt":"2026-04-07T00:30:18","slug":"pihustatav-liim-fixgrip-40-600-ml","status":"publish","type":"product","link":"https:\/\/nordlinepaadid.ee\/et\/pood\/paadihooldusvahendid\/liimid-silikoonid-teibid-isolatsioon\/pihustatav-liim-fixgrip-40-600-ml\/","title":{"rendered":"PIHUSTATAV LIIM- FIXGRIP 40, 600 ml"},"content":{"rendered":"<p style=\"text-align:justify\">FIXGRIP 40 on erakordse kvaliteediga k\u00f5rgj\u00f5udlusega multifunktsionaalne pihustatav liim. See spetsiaalselt loodud toode on mittes\u00fcttiv, r\u00f5hutundlik, lahustip\u00f5hine PVC-liim. FIXGRIP 40 on v\u00e4lja t\u00f6\u00f6tatud laia valiku n\u00f5udlike rakenduste jaoks, n\u00e4iteks HPL-laminaatide, alumiiniumlehtede, kangaste, vahtplastide, naha ja plaatide paksendamiseks. Kuivab vaid 1-2 minutiga, mis asetab selle t\u00e4iesti erinevasse liigasse v\u00f5rreldes traditsiooniliste liimidega. Minimaalse materjalikaduga ja v\u00f5imega moodustada tugevaimad sidemed kiiremini kui kunagi varem, FIXGRIP 40-ga on iga tilk ja iga sekund arvel.<\/p>\n<p>&#13;<br \/>\n&#13;<\/p>\n<p style=\"text-align:justify\">&nbsp;<\/p>\n<p>&#13;<br \/>\n&#13;<\/p>\n<p><strong>Eelised:<\/strong><\/p>\n<p>&#13;<br \/>\n&#13;<\/p>\n<p>Universaalne<\/p>\n<p>&#13;<br \/>\n&#13;<\/p>\n<p>\u00d6konoomne<\/p>\n<p>&#13;<br \/>\n&#13;<\/p>\n<p>Kiirelt kuivav<\/p>\n<p>&#13;<br \/>\n&#13;<\/p>\n<p>Hea kuumakindlus<\/p>\n<p>&#13;<br \/>\n&#13;<\/p>\n<p>K\u00f5rge tahkete ainete sisaldus<\/p>\n<p>&#13;<br \/>\n&#13;<\/p>\n<p>Lihtne pealekandmise kontroll<\/p>\n<p>&#13;<br \/>\n&#13;<\/p>\n<p>&nbsp;<\/p>\n<p>&#13;<br \/>\n&#13;<\/p>\n<p><strong>Sobilik kasutamiseks:<\/strong><\/p>\n<p>&#13;<br \/>\n&#13;<\/p>\n<p>Merevaibad (Cavroline)<\/p>\n<p>&#13;<br \/>\n&#13;<\/p>\n<p>Merevin\u00fc\u00fcl<\/p>\n<p>&#13;<br \/>\n&#13;<\/p>\n<p>Vaibad<\/p>\n<p>&#13;<br \/>\n&#13;<\/p>\n<p>Vaht<\/p>\n<p>&#13;<br \/>\n&#13;<\/p>\n<p>HPL-laminaadid<\/p>\n<p>&#13;<br \/>\n&#13;<\/p>\n<p>Plaadi paksendamine<\/p>\n<p>&#13;<br \/>\n&#13;<\/p>\n<p>Teras- ja alumiiniumlehed<\/p>\n<p>&#13;<br \/>\n&#13;<\/p>\n<p>Nahk<\/p>\n<p>&#13;<br \/>\n&#13;<\/p>\n<p>&nbsp;<\/p>\n<p>&#13;<br \/>\n&#13;<\/p>\n<p>** See liim ei sobi kasutamiseks v\u00e4ga plastifitseeritud PVC-ga<\/p>\n<p>&#13;<br \/>\n&#13;<\/p>\n<p>&nbsp;<\/p>\n<p>&#13;<\/p>\n","protected":false},"excerpt":{"rendered":"<p>FIXGRIP 40 on erakordse kvaliteediga k\u00f5rgj\u00f5udlusega multifunktsionaalne pihustatav liim. See spetsiaalselt loodud toode on mittes\u00fcttiv, r\u00f5hutundlik, lahustip\u00f5hine PVC-liim. FIXGRIP 40 on v\u00e4lja t\u00f6\u00f6tatud laia valiku n\u00f5udlike rakenduste jaoks, n\u00e4iteks HPL-laminaatide, alumiiniumlehtede, kangaste, vahtplastide, naha ja plaatide paksendamiseks. Kuivab vaid 1-2 minutiga, mis asetab selle t\u00e4iesti erinevasse liigasse v\u00f5rreldes traditsiooniliste liimidega. Minimaalse materjalikaduga ja v\u00f5imega moodustada&#8230;<\/p>\n","protected":false},"featured_media":55359,"template":"","meta":{"_kad_blocks_custom_css":"","_kad_blocks_head_custom_js":"","_kad_blocks_body_custom_js":"","_kad_blocks_footer_custom_js":"","_kad_post_transparent":"","_kad_post_title":"","_kad_post_layout":"","_kad_post_sidebar_id":"","_kad_post_content_style":"","_kad_post_vertical_padding":"","_kad_post_feature":"","_kad_post_feature_position":"","_kad_post_header":false,"_kad_post_footer":false,"_kad_post_classname":""},"product_brand":[],"product_cat":[287,284],"product_tag":[],"class_list":{"0":"post-52113","1":"product","2":"type-product","3":"status-publish","4":"has-post-thumbnail","6":"product_cat-liimid-silikoonid-teibid-isolatsioon","7":"product_cat-paadihooldusvahendid","8":"pa_unit-ml","9":"tm-no-options","11":"first","12":"instock","13":"taxable","14":"shipping-taxable","15":"purchasable","16":"product-type-simple","17":"entry","18":"content-bg","19":"loop-entry"},"yoast_head":"<!-- This site is optimized with the Yoast SEO plugin v27.3 - https:\/\/yoast.com\/product\/yoast-seo-wordpress\/ -->\n<title>PIHUSTATAV LIIM- FIXGRIP 40, 600 ml - NORDLINE s\u00f5udepaadid ja mootorpaadid. Klaasfiiber materjalist.<\/title>\n<meta name=\"robots\" content=\"index, follow, max-snippet:-1, max-image-preview:large, max-video-preview:-1\" \/>\n<link rel=\"canonical\" href=\"https:\/\/nordlinepaadid.ee\/et\/pood\/paadihooldusvahendid\/liimid-silikoonid-teibid-isolatsioon\/pihustatav-liim-fixgrip-40-600-ml\/\" \/>\n<meta property=\"og:locale\" content=\"et_EE\" \/>\n<meta property=\"og:type\" content=\"article\" \/>\n<meta property=\"og:title\" content=\"PIHUSTATAV LIIM- FIXGRIP 40, 600 ml - NORDLINE s\u00f5udepaadid ja mootorpaadid. Klaasfiiber materjalist.\" \/>\n<meta property=\"og:description\" content=\"FIXGRIP 40 on erakordse kvaliteediga k\u00f5rgj\u00f5udlusega multifunktsionaalne pihustatav liim. See spetsiaalselt loodud toode on mittes\u00fcttiv, r\u00f5hutundlik, lahustip\u00f5hine PVC-liim. FIXGRIP 40 on v\u00e4lja t\u00f6\u00f6tatud laia valiku n\u00f5udlike rakenduste jaoks, n\u00e4iteks HPL-laminaatide, alumiiniumlehtede, kangaste, vahtplastide, naha ja plaatide paksendamiseks. Kuivab vaid 1-2 minutiga, mis asetab selle t\u00e4iesti erinevasse liigasse v\u00f5rreldes traditsiooniliste liimidega. Minimaalse materjalikaduga ja v\u00f5imega moodustada...\" \/>\n<meta property=\"og:url\" content=\"https:\/\/nordlinepaadid.ee\/et\/pood\/paadihooldusvahendid\/liimid-silikoonid-teibid-isolatsioon\/pihustatav-liim-fixgrip-40-600-ml\/\" \/>\n<meta property=\"og:site_name\" content=\"NORDLINE s\u00f5udepaadid ja mootorpaadid. Klaasfiiber materjalist.\" \/>\n<meta property=\"article:publisher\" content=\"https:\/\/www.facebook.com\/nordlineboats\" \/>\n<meta property=\"article:modified_time\" content=\"2026-04-07T00:30:18+00:00\" \/>\n<meta property=\"og:image\" content=\"https:\/\/nordlinepaadid.ee\/wp-content\/uploads\/2026\/02\/12820_PM-35061000-1.jpg\" \/>\n\t<meta property=\"og:image:width\" content=\"489\" \/>\n\t<meta property=\"og:image:height\" content=\"489\" \/>\n\t<meta property=\"og:image:type\" content=\"image\/jpeg\" \/>\n<meta name=\"twitter:card\" content=\"summary_large_image\" \/>\n<meta name=\"twitter:label1\" content=\"Est. reading time\" \/>\n\t<meta name=\"twitter:data1\" content=\"1 minut\" \/>\n<script type=\"application\/ld+json\" class=\"yoast-schema-graph\">{\"@context\":\"https:\\\/\\\/schema.org\",\"@graph\":[{\"@type\":\"WebPage\",\"@id\":\"https:\\\/\\\/nordlinepaadid.ee\\\/et\\\/pood\\\/paadihooldusvahendid\\\/liimid-silikoonid-teibid-isolatsioon\\\/pihustatav-liim-fixgrip-40-600-ml\\\/\",\"url\":\"https:\\\/\\\/nordlinepaadid.ee\\\/et\\\/pood\\\/paadihooldusvahendid\\\/liimid-silikoonid-teibid-isolatsioon\\\/pihustatav-liim-fixgrip-40-600-ml\\\/\",\"name\":\"PIHUSTATAV LIIM- FIXGRIP 40, 600 ml - NORDLINE s\u00f5udepaadid ja mootorpaadid. Klaasfiiber materjalist.\",\"isPartOf\":{\"@id\":\"https:\\\/\\\/nordlinepaadid.ee\\\/et\\\/#website\"},\"primaryImageOfPage\":{\"@id\":\"https:\\\/\\\/nordlinepaadid.ee\\\/et\\\/pood\\\/paadihooldusvahendid\\\/liimid-silikoonid-teibid-isolatsioon\\\/pihustatav-liim-fixgrip-40-600-ml\\\/#primaryimage\"},\"image\":{\"@id\":\"https:\\\/\\\/nordlinepaadid.ee\\\/et\\\/pood\\\/paadihooldusvahendid\\\/liimid-silikoonid-teibid-isolatsioon\\\/pihustatav-liim-fixgrip-40-600-ml\\\/#primaryimage\"},\"thumbnailUrl\":\"https:\\\/\\\/nordlinepaadid.ee\\\/wp-content\\\/uploads\\\/2026\\\/02\\\/12820_PM-35061000-1.jpg\",\"datePublished\":\"2026-04-07T00:30:17+00:00\",\"dateModified\":\"2026-04-07T00:30:18+00:00\",\"breadcrumb\":{\"@id\":\"https:\\\/\\\/nordlinepaadid.ee\\\/et\\\/pood\\\/paadihooldusvahendid\\\/liimid-silikoonid-teibid-isolatsioon\\\/pihustatav-liim-fixgrip-40-600-ml\\\/#breadcrumb\"},\"inLanguage\":\"et\",\"potentialAction\":[{\"@type\":\"ReadAction\",\"target\":[\"https:\\\/\\\/nordlinepaadid.ee\\\/et\\\/pood\\\/paadihooldusvahendid\\\/liimid-silikoonid-teibid-isolatsioon\\\/pihustatav-liim-fixgrip-40-600-ml\\\/\"]}]},{\"@type\":\"ImageObject\",\"inLanguage\":\"et\",\"@id\":\"https:\\\/\\\/nordlinepaadid.ee\\\/et\\\/pood\\\/paadihooldusvahendid\\\/liimid-silikoonid-teibid-isolatsioon\\\/pihustatav-liim-fixgrip-40-600-ml\\\/#primaryimage\",\"url\":\"https:\\\/\\\/nordlinepaadid.ee\\\/wp-content\\\/uploads\\\/2026\\\/02\\\/12820_PM-35061000-1.jpg\",\"contentUrl\":\"https:\\\/\\\/nordlinepaadid.ee\\\/wp-content\\\/uploads\\\/2026\\\/02\\\/12820_PM-35061000-1.jpg\",\"width\":489,\"height\":489},{\"@type\":\"BreadcrumbList\",\"@id\":\"https:\\\/\\\/nordlinepaadid.ee\\\/et\\\/pood\\\/paadihooldusvahendid\\\/liimid-silikoonid-teibid-isolatsioon\\\/pihustatav-liim-fixgrip-40-600-ml\\\/#breadcrumb\",\"itemListElement\":[{\"@type\":\"ListItem\",\"position\":1,\"name\":\"Home\",\"item\":\"https:\\\/\\\/nordlinepaadid.ee\\\/et\\\/\"},{\"@type\":\"ListItem\",\"position\":2,\"name\":\"Pood\",\"item\":\"https:\\\/\\\/nordlinepaadid.ee\\\/et\\\/pood\\\/\"},{\"@type\":\"ListItem\",\"position\":3,\"name\":\"PIHUSTATAV LIIM- FIXGRIP 40, 600 ml\"}]},{\"@type\":\"WebSite\",\"@id\":\"https:\\\/\\\/nordlinepaadid.ee\\\/et\\\/#website\",\"url\":\"https:\\\/\\\/nordlinepaadid.ee\\\/et\\\/\",\"name\":\"NORDLINE s\u00f5udepaadid ja mootorpaadid. Klaasfiiber materjalist.\",\"description\":\"\",\"publisher\":{\"@id\":\"https:\\\/\\\/nordlinepaadid.ee\\\/et\\\/#organization\"},\"potentialAction\":[{\"@type\":\"SearchAction\",\"target\":{\"@type\":\"EntryPoint\",\"urlTemplate\":\"https:\\\/\\\/nordlinepaadid.ee\\\/et\\\/?s={search_term_string}\"},\"query-input\":{\"@type\":\"PropertyValueSpecification\",\"valueRequired\":true,\"valueName\":\"search_term_string\"}}],\"inLanguage\":\"et\"},{\"@type\":\"Organization\",\"@id\":\"https:\\\/\\\/nordlinepaadid.ee\\\/et\\\/#organization\",\"name\":\"Nordlineboats\",\"url\":\"https:\\\/\\\/nordlinepaadid.ee\\\/et\\\/\",\"logo\":{\"@type\":\"ImageObject\",\"inLanguage\":\"et\",\"@id\":\"https:\\\/\\\/nordlinepaadid.ee\\\/et\\\/#\\\/schema\\\/logo\\\/image\\\/\",\"url\":\"https:\\\/\\\/nordlinepaadid.ee\\\/wp-content\\\/uploads\\\/2023\\\/01\\\/fulllogo_transparent_nobuffer-e1672750475494.png\",\"contentUrl\":\"https:\\\/\\\/nordlinepaadid.ee\\\/wp-content\\\/uploads\\\/2023\\\/01\\\/fulllogo_transparent_nobuffer-e1672750475494.png\",\"width\":150,\"height\":119,\"caption\":\"Nordlineboats\"},\"image\":{\"@id\":\"https:\\\/\\\/nordlinepaadid.ee\\\/et\\\/#\\\/schema\\\/logo\\\/image\\\/\"},\"sameAs\":[\"https:\\\/\\\/www.facebook.com\\\/nordlineboats\",\"https:\\\/\\\/www.youtube.com\\\/channel\\\/UCbgF0fy02y3QkFnujaLTaCA\"]}]}<\/script>\n<!-- \/ Yoast SEO plugin. -->","yoast_head_json":{"title":"PIHUSTATAV LIIM- FIXGRIP 40, 600 ml - NORDLINE s\u00f5udepaadid ja mootorpaadid. Klaasfiiber materjalist.","robots":{"index":"index","follow":"follow","max-snippet":"max-snippet:-1","max-image-preview":"max-image-preview:large","max-video-preview":"max-video-preview:-1"},"canonical":"https:\/\/nordlinepaadid.ee\/et\/pood\/paadihooldusvahendid\/liimid-silikoonid-teibid-isolatsioon\/pihustatav-liim-fixgrip-40-600-ml\/","og_locale":"et_EE","og_type":"article","og_title":"PIHUSTATAV LIIM- FIXGRIP 40, 600 ml - NORDLINE s\u00f5udepaadid ja mootorpaadid. Klaasfiiber materjalist.","og_description":"FIXGRIP 40 on erakordse kvaliteediga k\u00f5rgj\u00f5udlusega multifunktsionaalne pihustatav liim. See spetsiaalselt loodud toode on mittes\u00fcttiv, r\u00f5hutundlik, lahustip\u00f5hine PVC-liim. FIXGRIP 40 on v\u00e4lja t\u00f6\u00f6tatud laia valiku n\u00f5udlike rakenduste jaoks, n\u00e4iteks HPL-laminaatide, alumiiniumlehtede, kangaste, vahtplastide, naha ja plaatide paksendamiseks. Kuivab vaid 1-2 minutiga, mis asetab selle t\u00e4iesti erinevasse liigasse v\u00f5rreldes traditsiooniliste liimidega. Minimaalse materjalikaduga ja v\u00f5imega moodustada...","og_url":"https:\/\/nordlinepaadid.ee\/et\/pood\/paadihooldusvahendid\/liimid-silikoonid-teibid-isolatsioon\/pihustatav-liim-fixgrip-40-600-ml\/","og_site_name":"NORDLINE s\u00f5udepaadid ja mootorpaadid. Klaasfiiber materjalist.","article_publisher":"https:\/\/www.facebook.com\/nordlineboats","article_modified_time":"2026-04-07T00:30:18+00:00","og_image":[{"width":489,"height":489,"url":"https:\/\/nordlinepaadid.ee\/wp-content\/uploads\/2026\/02\/12820_PM-35061000-1.jpg","type":"image\/jpeg"}],"twitter_card":"summary_large_image","twitter_misc":{"Est. reading time":"1 minut"},"schema":{"@context":"https:\/\/schema.org","@graph":[{"@type":"WebPage","@id":"https:\/\/nordlinepaadid.ee\/et\/pood\/paadihooldusvahendid\/liimid-silikoonid-teibid-isolatsioon\/pihustatav-liim-fixgrip-40-600-ml\/","url":"https:\/\/nordlinepaadid.ee\/et\/pood\/paadihooldusvahendid\/liimid-silikoonid-teibid-isolatsioon\/pihustatav-liim-fixgrip-40-600-ml\/","name":"PIHUSTATAV LIIM- FIXGRIP 40, 600 ml - NORDLINE s\u00f5udepaadid ja mootorpaadid. Klaasfiiber materjalist.","isPartOf":{"@id":"https:\/\/nordlinepaadid.ee\/et\/#website"},"primaryImageOfPage":{"@id":"https:\/\/nordlinepaadid.ee\/et\/pood\/paadihooldusvahendid\/liimid-silikoonid-teibid-isolatsioon\/pihustatav-liim-fixgrip-40-600-ml\/#primaryimage"},"image":{"@id":"https:\/\/nordlinepaadid.ee\/et\/pood\/paadihooldusvahendid\/liimid-silikoonid-teibid-isolatsioon\/pihustatav-liim-fixgrip-40-600-ml\/#primaryimage"},"thumbnailUrl":"https:\/\/nordlinepaadid.ee\/wp-content\/uploads\/2026\/02\/12820_PM-35061000-1.jpg","datePublished":"2026-04-07T00:30:17+00:00","dateModified":"2026-04-07T00:30:18+00:00","breadcrumb":{"@id":"https:\/\/nordlinepaadid.ee\/et\/pood\/paadihooldusvahendid\/liimid-silikoonid-teibid-isolatsioon\/pihustatav-liim-fixgrip-40-600-ml\/#breadcrumb"},"inLanguage":"et","potentialAction":[{"@type":"ReadAction","target":["https:\/\/nordlinepaadid.ee\/et\/pood\/paadihooldusvahendid\/liimid-silikoonid-teibid-isolatsioon\/pihustatav-liim-fixgrip-40-600-ml\/"]}]},{"@type":"ImageObject","inLanguage":"et","@id":"https:\/\/nordlinepaadid.ee\/et\/pood\/paadihooldusvahendid\/liimid-silikoonid-teibid-isolatsioon\/pihustatav-liim-fixgrip-40-600-ml\/#primaryimage","url":"https:\/\/nordlinepaadid.ee\/wp-content\/uploads\/2026\/02\/12820_PM-35061000-1.jpg","contentUrl":"https:\/\/nordlinepaadid.ee\/wp-content\/uploads\/2026\/02\/12820_PM-35061000-1.jpg","width":489,"height":489},{"@type":"BreadcrumbList","@id":"https:\/\/nordlinepaadid.ee\/et\/pood\/paadihooldusvahendid\/liimid-silikoonid-teibid-isolatsioon\/pihustatav-liim-fixgrip-40-600-ml\/#breadcrumb","itemListElement":[{"@type":"ListItem","position":1,"name":"Home","item":"https:\/\/nordlinepaadid.ee\/et\/"},{"@type":"ListItem","position":2,"name":"Pood","item":"https:\/\/nordlinepaadid.ee\/et\/pood\/"},{"@type":"ListItem","position":3,"name":"PIHUSTATAV LIIM- FIXGRIP 40, 600 ml"}]},{"@type":"WebSite","@id":"https:\/\/nordlinepaadid.ee\/et\/#website","url":"https:\/\/nordlinepaadid.ee\/et\/","name":"NORDLINE s\u00f5udepaadid ja mootorpaadid. Klaasfiiber materjalist.","description":"","publisher":{"@id":"https:\/\/nordlinepaadid.ee\/et\/#organization"},"potentialAction":[{"@type":"SearchAction","target":{"@type":"EntryPoint","urlTemplate":"https:\/\/nordlinepaadid.ee\/et\/?s={search_term_string}"},"query-input":{"@type":"PropertyValueSpecification","valueRequired":true,"valueName":"search_term_string"}}],"inLanguage":"et"},{"@type":"Organization","@id":"https:\/\/nordlinepaadid.ee\/et\/#organization","name":"Nordlineboats","url":"https:\/\/nordlinepaadid.ee\/et\/","logo":{"@type":"ImageObject","inLanguage":"et","@id":"https:\/\/nordlinepaadid.ee\/et\/#\/schema\/logo\/image\/","url":"https:\/\/nordlinepaadid.ee\/wp-content\/uploads\/2023\/01\/fulllogo_transparent_nobuffer-e1672750475494.png","contentUrl":"https:\/\/nordlinepaadid.ee\/wp-content\/uploads\/2023\/01\/fulllogo_transparent_nobuffer-e1672750475494.png","width":150,"height":119,"caption":"Nordlineboats"},"image":{"@id":"https:\/\/nordlinepaadid.ee\/et\/#\/schema\/logo\/image\/"},"sameAs":["https:\/\/www.facebook.com\/nordlineboats","https:\/\/www.youtube.com\/channel\/UCbgF0fy02y3QkFnujaLTaCA"]}]}},"taxonomy_info":{"product_cat":[{"value":287,"label":"Liimid, Silikoonid, Teibid, Isolatsioon"},{"value":284,"label":"PAADIHOOLDUSVAHENDID"}],"pa_unit":[{"value":433,"label":"ml"}]},"featured_image_src_large":["https:\/\/nordlinepaadid.ee\/wp-content\/uploads\/2026\/02\/12820_PM-35061000-1.jpg",489,489,false],"author_info":[],"comment_info":"","_links":{"self":[{"href":"https:\/\/nordlinepaadid.ee\/et\/wp-json\/wp\/v2\/product\/52113","targetHints":{"allow":["GET"]}}],"collection":[{"href":"https:\/\/nordlinepaadid.ee\/et\/wp-json\/wp\/v2\/product"}],"about":[{"href":"https:\/\/nordlinepaadid.ee\/et\/wp-json\/wp\/v2\/types\/product"}],"wp:featuredmedia":[{"embeddable":true,"href":"https:\/\/nordlinepaadid.ee\/et\/wp-json\/wp\/v2\/media\/55359"}],"wp:attachment":[{"href":"https:\/\/nordlinepaadid.ee\/et\/wp-json\/wp\/v2\/media?parent=52113"}],"wp:term":[{"taxonomy":"product_brand","embeddable":true,"href":"https:\/\/nordlinepaadid.ee\/et\/wp-json\/wp\/v2\/product_brand?post=52113"},{"taxonomy":"product_cat","embeddable":true,"href":"https:\/\/nordlinepaadid.ee\/et\/wp-json\/wp\/v2\/product_cat?post=52113"},{"taxonomy":"product_tag","embeddable":true,"href":"https:\/\/nordlinepaadid.ee\/et\/wp-json\/wp\/v2\/product_tag?post=52113"}],"curies":[{"name":"wp","href":"https:\/\/api.w.org\/{rel}","templated":true}]}}